{"id":33809,"date":"2024-02-13T22:46:36","date_gmt":"2024-02-13T21:46:36","guid":{"rendered":"https:\/\/truusk.store\/product\/honshus-utomhusinhagnad-xxl-utomhusfjaderfahus-med-skuggtak-slottsgards-utomhusinhagnad-for-12-18-kycklingar-anka-kanin-stal-3-x-6-x-2-m\/"},"modified":"2026-03-12T09:11:11","modified_gmt":"2026-03-12T08:11:11","slug":"truusk-xxl-utomhusinhagnad-for-fjaderfa-skuggtak-for-12-18-djur-stal-3x6x2-m","status":"publish","type":"product","link":"https:\/\/truusk.store\/sv\/produkt\/truusk-xxl-utomhusinhagnad-for-fjaderfa-skuggtak-for-12-18-djur-stal-3x6x2-m\/","title":{"rendered":"TRUUSK XXL Utomhusinh\u00e4gnad f\u00f6r Fj\u00e4derf\u00e4 &#8211; Skuggtak &#8211; F\u00f6r 12-18 Djur &#8211; St\u00e5l &#8211; 3x6x2 m"},"content":{"rendered":"<p>Kycklinghuset \u00e4r perfekt f\u00f6r att ge dina kycklingar ett skyddat lopp. De robusta galvaniserade metallramarna, sexkantiga tr\u00e5dn\u00e4tv\u00e4ggarna och h\u00e5llbara, v\u00e4derbest\u00e4ndiga \u00f6verdrag ger dina kycklingar en s\u00e4ker plats att repa, springa och vila.<\/p>\n<h3>Beskrivning:<\/h3>\n<ul>\n<li>L\u00e4mplig f\u00f6r kycklingar, kaniner, ankor med mera<\/li>\n<li>Tillverkad av massivt galvaniserat st\u00e5l f\u00f6r h\u00f6g stabilitet<\/li>\n<li>Det sexkantiga st\u00e5ln\u00e4tet skyddar dina husdjur v\u00e4l<\/li>\n<li>Anv\u00e4nd kycklingmetallskyddet f\u00f6r att skydda dina kycklingar fr\u00e5n sol och regn<\/li>\n<li>L\u00e4mplig f\u00f6r utomhusbruk p\u00e5 soliga eller regniga dagar<\/li>\n<li>L\u00e5sbar, galvaniserad d\u00f6rr<\/li>\n<li>Kan anv\u00e4ndas med tr\u00e4burar<\/li>\n<li>Montering kr\u00e4vs<\/li>\n<\/ul>\n<h3>Teknisk data:<\/h3>\n<ul>\n<li>F\u00e4rg: Silver+Gr\u00e5<\/li>\n<li>Material: Galvaniserade st\u00e5lr\u00f6r, pulverlackerat st\u00e5ln\u00e4t, PE-mantel<\/li>\n<li>Totala m\u00e5tt: 3L x 6W x 2H m<\/li>\n<li>Takfotsh\u00f6jd: 1,15 m<\/li>\n<li>PE-jacka: 3,47L x 2B m<\/li>\n<li>D\u00f6rrm\u00e5tt: 65W x 165H cm<\/li>\n<li>Passar 12-18 kycklingar<\/li>\n<\/ul>\n<h3>Leveransens omfattning:<\/h3>\n<ul>\n<li>1 x h\u00f6nshus<\/li>\n<li>1 x Instruktioner<\/li>\n<li>VIKTIGT: Vi levererar varan till trottoarkanten utan kostnad. Se till att du anger r\u00e4tt adress och telefonnummer.<\/li>\n<\/ul>\n","protected":false},"excerpt":{"rendered":"<p>Kycklinghuset \u00e4r perfekt f\u00f6r att ge dina kycklingar ett skyddat lopp. De robusta galvaniserade metallramarna, sexkantiga tr\u00e5dn\u00e4tv\u00e4ggarna och h\u00e5llbara, v\u00e4derbest\u00e4ndiga&#8230;<\/p>\n","protected":false},"featured_media":33810,"template":"","meta":[],"product_brand":[],"product_cat":[601,602,573],"product_tag":[],"class_list":{"0":"post-33809","1":"product","2":"type-product","3":"status-publish","4":"has-post-thumbnail","6":"product_cat-fageltillbehor","7":"product_cat-honshus","8":"product_cat-husdjursmaterial","10":"first","11":"instock","12":"sale","13":"taxable","14":"shipping-taxable","15":"purchasable","16":"product-type-simple"},"yoast_head":"<!-- This site is optimized with the Yoast SEO plugin v25.4 - https:\/\/yoast.com\/wordpress\/plugins\/seo\/ -->\n<title>TRUUSK XXL Utomhusinh\u00e4gnad f\u00f6r Fj\u00e4derf\u00e4 - Skuggtak - F\u00f6r 12-18 Djur - St\u00e5l - 3x6x2 m - TRUUSK - Hem, Tr\u00e4dg\u00e5rd &amp; Fritid<\/title>\n<meta name=\"robots\" content=\"index, follow, max-snippet:-1, max-image-preview:large, max-video-preview:-1\" \/>\n<link rel=\"canonical\" href=\"https:\/\/truusk.store\/sv\/produkt\/truusk-xxl-utomhusinhagnad-for-fjaderfa-skuggtak-for-12-18-djur-stal-3x6x2-m\/\" \/>\n<meta property=\"og:locale\" content=\"sv_SE\" \/>\n<meta property=\"og:type\" content=\"article\" \/>\n<meta property=\"og:title\" content=\"TRUUSK XXL Utomhusinh\u00e4gnad f\u00f6r Fj\u00e4derf\u00e4 - Skuggtak - F\u00f6r 12-18 Djur - St\u00e5l - 3x6x2 m - TRUUSK - Hem, Tr\u00e4dg\u00e5rd &amp; Fritid\" \/>\n<meta property=\"og:description\" content=\"Kycklinghuset \u00e4r perfekt f\u00f6r att ge dina kycklingar ett skyddat lopp. De robusta galvaniserade metallramarna, sexkantiga tr\u00e5dn\u00e4tv\u00e4ggarna och h\u00e5llbara, v\u00e4derbest\u00e4ndiga...\" \/>\n<meta property=\"og:url\" content=\"https:\/\/truusk.store\/sv\/produkt\/truusk-xxl-utomhusinhagnad-for-fjaderfa-skuggtak-for-12-18-djur-stal-3x6x2-m\/\" \/>\n<meta property=\"og:site_name\" content=\"TRUUSK - Hem, Tr\u00e4dg\u00e5rd &amp; Fritid\" \/>\n<meta property=\"article:modified_time\" content=\"2026-03-12T08:11:11+00:00\" \/>\n<meta property=\"og:image\" content=\"https:\/\/i0.wp.com\/truusk.se\/wp-content\/uploads\/2024\/02\/honshus-utomhusinhagnad-xxl-utomhusfjaderfahus-med-skuggtak-slottsgards-utomhusinhagnad-for-12-18-kycklingar-anka-kanin-stal-3-x-6-x-2-m.webp?fit=800%2C800&ssl=1\" \/>\n\t<meta property=\"og:image:width\" content=\"800\" \/>\n\t<meta property=\"og:image:height\" content=\"800\" \/>\n\t<meta property=\"og:image:type\" content=\"image\/webp\" \/>\n<meta name=\"twitter:card\" content=\"summary_large_image\" \/>\n<meta name=\"twitter:label1\" content=\"Ber\u00e4knad l\u00e4stid\" \/>\n\t<meta name=\"twitter:data1\" content=\"1 minut\" \/>\n<!-- \/ Yoast SEO plugin. -->","yoast_head_json":{"title":"TRUUSK XXL Utomhusinh\u00e4gnad f\u00f6r Fj\u00e4derf\u00e4 - Skuggtak - F\u00f6r 12-18 Djur - St\u00e5l - 3x6x2 m - TRUUSK - Hem, Tr\u00e4dg\u00e5rd &amp; Fritid","robots":{"index":"index","follow":"follow","max-snippet":"max-snippet:-1","max-image-preview":"max-image-preview:large","max-video-preview":"max-video-preview:-1"},"canonical":"https:\/\/truusk.store\/sv\/produkt\/truusk-xxl-utomhusinhagnad-for-fjaderfa-skuggtak-for-12-18-djur-stal-3x6x2-m\/","og_locale":"sv_SE","og_type":"article","og_title":"TRUUSK XXL Utomhusinh\u00e4gnad f\u00f6r Fj\u00e4derf\u00e4 - Skuggtak - F\u00f6r 12-18 Djur - St\u00e5l - 3x6x2 m - TRUUSK - Hem, Tr\u00e4dg\u00e5rd &amp; Fritid","og_description":"Kycklinghuset \u00e4r perfekt f\u00f6r att ge dina kycklingar ett skyddat lopp. De robusta galvaniserade metallramarna, sexkantiga tr\u00e5dn\u00e4tv\u00e4ggarna och h\u00e5llbara, v\u00e4derbest\u00e4ndiga...","og_url":"https:\/\/truusk.store\/sv\/produkt\/truusk-xxl-utomhusinhagnad-for-fjaderfa-skuggtak-for-12-18-djur-stal-3x6x2-m\/","og_site_name":"TRUUSK - Hem, Tr\u00e4dg\u00e5rd &amp; Fritid","article_modified_time":"2026-03-12T08:11:11+00:00","og_image":[{"width":800,"height":800,"url":"https:\/\/i0.wp.com\/truusk.se\/wp-content\/uploads\/2024\/02\/honshus-utomhusinhagnad-xxl-utomhusfjaderfahus-med-skuggtak-slottsgards-utomhusinhagnad-for-12-18-kycklingar-anka-kanin-stal-3-x-6-x-2-m.webp?fit=800%2C800&ssl=1","type":"image\/webp"}],"twitter_card":"summary_large_image","twitter_misc":{"Ber\u00e4knad l\u00e4stid":"1 minut"},"schema":{"@context":"https:\/\/schema.org","@graph":[{"@type":"WebPage","@id":"https:\/\/truusk.store\/sv\/produkt\/truusk-xxl-utomhusinhagnad-for-fjaderfa-skuggtak-for-12-18-djur-stal-3x6x2-m\/","url":"https:\/\/truusk.store\/sv\/produkt\/truusk-xxl-utomhusinhagnad-for-fjaderfa-skuggtak-for-12-18-djur-stal-3x6x2-m\/","name":"TRUUSK XXL Utomhusinh\u00e4gnad f\u00f6r Fj\u00e4derf\u00e4 - Skuggtak - F\u00f6r 12-18 Djur - St\u00e5l - 3x6x2 m - TRUUSK - Hem, Tr\u00e4dg\u00e5rd &amp; Fritid","isPartOf":{"@id":"https:\/\/truusk.store\/sv\/#website"},"primaryImageOfPage":{"@id":"https:\/\/truusk.store\/sv\/produkt\/truusk-xxl-utomhusinhagnad-for-fjaderfa-skuggtak-for-12-18-djur-stal-3x6x2-m\/#primaryimage"},"image":{"@id":"https:\/\/truusk.store\/sv\/produkt\/truusk-xxl-utomhusinhagnad-for-fjaderfa-skuggtak-for-12-18-djur-stal-3x6x2-m\/#primaryimage"},"thumbnailUrl":"https:\/\/i0.wp.com\/truusk.store\/wp-content\/uploads\/2024\/02\/honshus-utomhusinhagnad-xxl-utomhusfjaderfahus-med-skuggtak-slottsgards-utomhusinhagnad-for-12-18-kycklingar-anka-kanin-stal-3-x-6-x-2-m.webp?fit=800%2C800&ssl=1","datePublished":"2024-02-13T21:46:36+00:00","dateModified":"2026-03-12T08:11:11+00:00","breadcrumb":{"@id":"https:\/\/truusk.store\/sv\/produkt\/truusk-xxl-utomhusinhagnad-for-fjaderfa-skuggtak-for-12-18-djur-stal-3x6x2-m\/#breadcrumb"},"inLanguage":"sv-SE","potentialAction":[{"@type":"ReadAction","target":["https:\/\/truusk.store\/sv\/produkt\/truusk-xxl-utomhusinhagnad-for-fjaderfa-skuggtak-for-12-18-djur-stal-3x6x2-m\/"]}]},{"@type":"ImageObject","inLanguage":"sv-SE","@id":"https:\/\/truusk.store\/sv\/produkt\/truusk-xxl-utomhusinhagnad-for-fjaderfa-skuggtak-for-12-18-djur-stal-3x6x2-m\/#primaryimage","url":"https:\/\/i0.wp.com\/truusk.store\/wp-content\/uploads\/2024\/02\/honshus-utomhusinhagnad-xxl-utomhusfjaderfahus-med-skuggtak-slottsgards-utomhusinhagnad-for-12-18-kycklingar-anka-kanin-stal-3-x-6-x-2-m.webp?fit=800%2C800&ssl=1","contentUrl":"https:\/\/i0.wp.com\/truusk.store\/wp-content\/uploads\/2024\/02\/honshus-utomhusinhagnad-xxl-utomhusfjaderfahus-med-skuggtak-slottsgards-utomhusinhagnad-for-12-18-kycklingar-anka-kanin-stal-3-x-6-x-2-m.webp?fit=800%2C800&ssl=1","width":800,"height":800,"caption":"H\u00f6nshus Utomhusinh\u00e4gnad XXL Utomhusfj\u00e4derf\u00e4hus Med Skuggtak Slottsg\u00e5rds Utomhusinh\u00e4gnad F\u00f6r 12-18 Kycklingar Anka Kanin St\u00e5l 3 X 6 X 2 M 1"},{"@type":"BreadcrumbList","@id":"https:\/\/truusk.store\/sv\/produkt\/truusk-xxl-utomhusinhagnad-for-fjaderfa-skuggtak-for-12-18-djur-stal-3x6x2-m\/#breadcrumb","itemListElement":[{"@type":"ListItem","position":1,"name":"Home","item":"https:\/\/truusk.store\/sv\/"},{"@type":"ListItem","position":2,"name":"Shop","item":"https:\/\/truusk.store\/shop\/"},{"@type":"ListItem","position":3,"name":"TRUUSK XXL Utomhusinh\u00e4gnad f\u00f6r Fj\u00e4derf\u00e4 &#8211; Skuggtak &#8211; F\u00f6r 12-18 Djur &#8211; St\u00e5l &#8211; 3x6x2 m"}]},{"@type":"WebSite","@id":"https:\/\/truusk.store\/sv\/#website","url":"https:\/\/truusk.store\/sv\/","name":"TRUUSK - Hem, Tr\u00e4dg\u00e5rd & Fritid","description":"","publisher":{"@id":"https:\/\/truusk.store\/sv\/#organization"},"potentialAction":[{"@type":"SearchAction","target":{"@type":"EntryPoint","urlTemplate":"https:\/\/truusk.store\/sv\/?s={search_term_string}"},"query-input":{"@type":"PropertyValueSpecification","valueRequired":true,"valueName":"search_term_string"}}],"inLanguage":"sv-SE"},{"@type":"Organization","@id":"https:\/\/truusk.store\/sv\/#organization","name":"TRUUSK - Hem, Tr\u00e4dg\u00e5rd & Fritid","url":"https:\/\/truusk.store\/sv\/","logo":{"@type":"ImageObject","inLanguage":"sv-SE","@id":"https:\/\/truusk.store\/sv\/#\/schema\/logo\/image\/","url":"https:\/\/i0.wp.com\/truusk.store\/wp-content\/uploads\/2026\/03\/cropped-TRUUSK.png?fit=2032%2C917&ssl=1","contentUrl":"https:\/\/i0.wp.com\/truusk.store\/wp-content\/uploads\/2026\/03\/cropped-TRUUSK.png?fit=2032%2C917&ssl=1","width":2032,"height":917,"caption":"TRUUSK - Hem, Tr\u00e4dg\u00e5rd & Fritid"},"image":{"@id":"https:\/\/truusk.store\/sv\/#\/schema\/logo\/image\/"}}]}},"jetpack_sharing_enabled":true,"_links":{"self":[{"href":"https:\/\/truusk.store\/sv\/wp-json\/wp\/v2\/product\/33809","targetHints":{"allow":["GET"]}}],"collection":[{"href":"https:\/\/truusk.store\/sv\/wp-json\/wp\/v2\/product"}],"about":[{"href":"https:\/\/truusk.store\/sv\/wp-json\/wp\/v2\/types\/product"}],"wp:featuredmedia":[{"embeddable":true,"href":"https:\/\/truusk.store\/sv\/wp-json\/wp\/v2\/media\/33810"}],"wp:attachment":[{"href":"https:\/\/truusk.store\/sv\/wp-json\/wp\/v2\/media?parent=33809"}],"wp:term":[{"taxonomy":"product_brand","embeddable":true,"href":"https:\/\/truusk.store\/sv\/wp-json\/wp\/v2\/product_brand?post=33809"},{"taxonomy":"product_cat","embeddable":true,"href":"https:\/\/truusk.store\/sv\/wp-json\/wp\/v2\/product_cat?post=33809"},{"taxonomy":"product_tag","embeddable":true,"href":"https:\/\/truusk.store\/sv\/wp-json\/wp\/v2\/product_tag?post=33809"}],"curies":[{"name":"wp","href":"https:\/\/api.w.org\/{rel}","templated":true}]}}