{"id":33934,"date":"2024-02-13T22:50:57","date_gmt":"2024-02-13T21:50:57","guid":{"rendered":"https:\/\/truusk.store\/product\/4-st-lyxiga-tradgardsmobler-i-polyrotting-tradgardsset-sittgrupp-loungeset-loungemobler-inklusive-hyllor-och-sidobord-sittdyna-svart\/"},"modified":"2026-03-12T09:11:13","modified_gmt":"2026-03-12T08:11:13","slug":"truusk-4-delars-lyxigt-tradgardsmobelset-i-polyrotting-loungeset-med-hyllor-och-sidobord-svart-sittdyna-for-tradgarden","status":"publish","type":"product","link":"https:\/\/truusk.store\/sv\/produkt\/truusk-4-delars-lyxigt-tradgardsmobelset-i-polyrotting-loungeset-med-hyllor-och-sidobord-svart-sittdyna-for-tradgarden\/","title":{"rendered":"TRUUSK 4-delars lyxigt tr\u00e4dg\u00e5rdsm\u00f6belset i polyrotting &#8211; Loungeset med hyllor och sidobord &#8211; Svart sittdyna &#8211; F\u00f6r tr\u00e4dg\u00e5rden"},"content":{"rendered":"<p>Njut av sommaren till fullo med detta soffset! Setet i fyra delar \u00e4r tillverkat av modern, h\u00f6gkvalitativ plastrotting, vars v\u00e4derbest\u00e4ndiga v\u00e4v \u00e4r tillverkad f\u00f6r hand och imponerar med sin robusthet och ok\u00e4nslighet f\u00f6r fukt och UV-str\u00e5lar. Den rostfria ramen s\u00e4kerst\u00e4ller h\u00f6g stabilitet och den breda, gener\u00f6sa stoppningen ger en unikt bekv\u00e4m sittupplevelse. S\u00e5 h\u00e4r kan sommaren b\u00f6rja!<\/p>\n<h3>Beskrivning:<\/h3>\n<ul>\n<li>Handv\u00e4vd, UV- och v\u00e4derbest\u00e4ndig polyrotting<\/li>\n<li>Stomme av l\u00e4tt, stabilt, f\u00f6rkromat st\u00e5l<\/li>\n<li>Idealisk f\u00f6r utomhus- och inomhusbruk<\/li>\n<li>10 cm tjocka sitt- och ryggdynor f\u00f6r f\u00f6rstklassig sittkomfort<\/li>\n<li>Avtagbara rygg- och sittdynor med tv\u00e4ttbara, vattenavvisande \u00f6verdrag med dragkedja<\/li>\n<li>L\u00e4ttsk\u00f6tt: torka helt enkelt av m\u00f6blerna med en ren, torr trasa<\/li>\n<li>Enkel konstruktion<\/li>\n<\/ul>\n<h3>Teknisk data:<\/h3>\n<ul>\n<li>Material: polyrotting, st\u00e5l, polyester<\/li>\n<li>Svart f\u00e4rg<\/li>\n<li>M\u00e5tt dubbelsoffa: B165 x D84 x H73 cm<\/li>\n<li>M\u00e5tt hylla: L40 x B84 cm<\/li>\n<li>M\u00e5tt h\u00f6rnsoffa: B84 x D84 x H73 cm<\/li>\n<li>M\u00e5tt soffbord: B84 x D84 x H30 cm<\/li>\n<li>Tjocklek kudde: 10 cm<\/li>\n<\/ul>\n<h3>Leveransens omfattning:<\/h3>\n<ul>\n<li>1 x Soffbord<\/li>\n<li>1 x h\u00f6rnstol<\/li>\n<li>2 x dubbelsoffa<\/li>\n<li>Inkl kudde<\/li>\n<li>VIKTIGT: Vi levererar varan till trottoarkanten utan kostnad. Se till att du anger r\u00e4tt adress och telefonnummer.<\/li>\n<\/ul>\n","protected":false},"excerpt":{"rendered":"<p>Njut av sommaren till fullo med detta soffset! Setet i fyra delar \u00e4r tillverkat av modern, h\u00f6gkvalitativ plastrotting, vars v\u00e4derbest\u00e4ndiga&#8230;<\/p>\n","protected":false},"featured_media":33935,"template":"","meta":[],"product_brand":[],"product_cat":[435,450,456],"product_tag":[],"class_list":{"0":"post-33934","1":"product","2":"type-product","3":"status-publish","4":"has-post-thumbnail","6":"product_cat-tradgard-och-terrass","7":"product_cat-tradgardsmobler","8":"product_cat-tradgardsmobler-set","10":"first","11":"instock","12":"sale","13":"taxable","14":"shipping-taxable","15":"purchasable","16":"product-type-simple"},"yoast_head":"<!-- This site is optimized with the Yoast SEO plugin v25.4 - https:\/\/yoast.com\/wordpress\/plugins\/seo\/ -->\n<title>TRUUSK 4-delars lyxigt tr\u00e4dg\u00e5rdsm\u00f6belset i polyrotting - Loungeset med hyllor och sidobord - Svart sittdyna - F\u00f6r tr\u00e4dg\u00e5rden - TRUUSK - Hem, Tr\u00e4dg\u00e5rd &amp; Fritid<\/title>\n<meta name=\"robots\" content=\"index, follow, max-snippet:-1, max-image-preview:large, max-video-preview:-1\" \/>\n<link rel=\"canonical\" href=\"https:\/\/truusk.store\/sv\/produkt\/truusk-4-delars-lyxigt-tradgardsmobelset-i-polyrotting-loungeset-med-hyllor-och-sidobord-svart-sittdyna-for-tradgarden\/\" \/>\n<meta property=\"og:locale\" content=\"sv_SE\" \/>\n<meta property=\"og:type\" content=\"article\" \/>\n<meta property=\"og:title\" content=\"TRUUSK 4-delars lyxigt tr\u00e4dg\u00e5rdsm\u00f6belset i polyrotting - Loungeset med hyllor och sidobord - Svart sittdyna - F\u00f6r tr\u00e4dg\u00e5rden - TRUUSK - Hem, Tr\u00e4dg\u00e5rd &amp; Fritid\" \/>\n<meta property=\"og:description\" content=\"Njut av sommaren till fullo med detta soffset! Setet i fyra delar \u00e4r tillverkat av modern, h\u00f6gkvalitativ plastrotting, vars v\u00e4derbest\u00e4ndiga...\" \/>\n<meta property=\"og:url\" content=\"https:\/\/truusk.store\/sv\/produkt\/truusk-4-delars-lyxigt-tradgardsmobelset-i-polyrotting-loungeset-med-hyllor-och-sidobord-svart-sittdyna-for-tradgarden\/\" \/>\n<meta property=\"og:site_name\" content=\"TRUUSK - Hem, Tr\u00e4dg\u00e5rd &amp; Fritid\" \/>\n<meta property=\"article:modified_time\" content=\"2026-03-12T08:11:13+00:00\" \/>\n<meta property=\"og:image\" content=\"https:\/\/i0.wp.com\/truusk.se\/wp-content\/uploads\/2024\/02\/4-st-lyxiga-tradgardsmobler-i-polyrotting-tradgardsset-sittgrupp-loungeset-loungemobler-inklusive-hyllor-och-sidobord-sittdyna-svart.webp?fit=800%2C800&ssl=1\" \/>\n\t<meta property=\"og:image:width\" content=\"800\" \/>\n\t<meta property=\"og:image:height\" content=\"800\" \/>\n\t<meta property=\"og:image:type\" content=\"image\/webp\" \/>\n<meta name=\"twitter:card\" content=\"summary_large_image\" \/>\n<meta name=\"twitter:label1\" content=\"Ber\u00e4knad l\u00e4stid\" \/>\n\t<meta name=\"twitter:data1\" content=\"1 minut\" \/>\n<!-- \/ Yoast SEO plugin. -->","yoast_head_json":{"title":"TRUUSK 4-delars lyxigt tr\u00e4dg\u00e5rdsm\u00f6belset i polyrotting - Loungeset med hyllor och sidobord - Svart sittdyna - F\u00f6r tr\u00e4dg\u00e5rden - TRUUSK - Hem, Tr\u00e4dg\u00e5rd &amp; Fritid","robots":{"index":"index","follow":"follow","max-snippet":"max-snippet:-1","max-image-preview":"max-image-preview:large","max-video-preview":"max-video-preview:-1"},"canonical":"https:\/\/truusk.store\/sv\/produkt\/truusk-4-delars-lyxigt-tradgardsmobelset-i-polyrotting-loungeset-med-hyllor-och-sidobord-svart-sittdyna-for-tradgarden\/","og_locale":"sv_SE","og_type":"article","og_title":"TRUUSK 4-delars lyxigt tr\u00e4dg\u00e5rdsm\u00f6belset i polyrotting - Loungeset med hyllor och sidobord - Svart sittdyna - F\u00f6r tr\u00e4dg\u00e5rden - TRUUSK - Hem, Tr\u00e4dg\u00e5rd &amp; Fritid","og_description":"Njut av sommaren till fullo med detta soffset! Setet i fyra delar \u00e4r tillverkat av modern, h\u00f6gkvalitativ plastrotting, vars v\u00e4derbest\u00e4ndiga...","og_url":"https:\/\/truusk.store\/sv\/produkt\/truusk-4-delars-lyxigt-tradgardsmobelset-i-polyrotting-loungeset-med-hyllor-och-sidobord-svart-sittdyna-for-tradgarden\/","og_site_name":"TRUUSK - Hem, Tr\u00e4dg\u00e5rd &amp; Fritid","article_modified_time":"2026-03-12T08:11:13+00:00","og_image":[{"width":800,"height":800,"url":"https:\/\/i0.wp.com\/truusk.se\/wp-content\/uploads\/2024\/02\/4-st-lyxiga-tradgardsmobler-i-polyrotting-tradgardsset-sittgrupp-loungeset-loungemobler-inklusive-hyllor-och-sidobord-sittdyna-svart.webp?fit=800%2C800&ssl=1","type":"image\/webp"}],"twitter_card":"summary_large_image","twitter_misc":{"Ber\u00e4knad l\u00e4stid":"1 minut"},"schema":{"@context":"https:\/\/schema.org","@graph":[{"@type":"WebPage","@id":"https:\/\/truusk.store\/sv\/produkt\/truusk-4-delars-lyxigt-tradgardsmobelset-i-polyrotting-loungeset-med-hyllor-och-sidobord-svart-sittdyna-for-tradgarden\/","url":"https:\/\/truusk.store\/sv\/produkt\/truusk-4-delars-lyxigt-tradgardsmobelset-i-polyrotting-loungeset-med-hyllor-och-sidobord-svart-sittdyna-for-tradgarden\/","name":"TRUUSK 4-delars lyxigt tr\u00e4dg\u00e5rdsm\u00f6belset i polyrotting - Loungeset med hyllor och sidobord - Svart sittdyna - F\u00f6r tr\u00e4dg\u00e5rden - TRUUSK - Hem, Tr\u00e4dg\u00e5rd &amp; Fritid","isPartOf":{"@id":"https:\/\/truusk.store\/sv\/#website"},"primaryImageOfPage":{"@id":"https:\/\/truusk.store\/sv\/produkt\/truusk-4-delars-lyxigt-tradgardsmobelset-i-polyrotting-loungeset-med-hyllor-och-sidobord-svart-sittdyna-for-tradgarden\/#primaryimage"},"image":{"@id":"https:\/\/truusk.store\/sv\/produkt\/truusk-4-delars-lyxigt-tradgardsmobelset-i-polyrotting-loungeset-med-hyllor-och-sidobord-svart-sittdyna-for-tradgarden\/#primaryimage"},"thumbnailUrl":"https:\/\/i0.wp.com\/truusk.store\/wp-content\/uploads\/2024\/02\/4-st-lyxiga-tradgardsmobler-i-polyrotting-tradgardsset-sittgrupp-loungeset-loungemobler-inklusive-hyllor-och-sidobord-sittdyna-svart.webp?fit=800%2C800&ssl=1","datePublished":"2024-02-13T21:50:57+00:00","dateModified":"2026-03-12T08:11:13+00:00","breadcrumb":{"@id":"https:\/\/truusk.store\/sv\/produkt\/truusk-4-delars-lyxigt-tradgardsmobelset-i-polyrotting-loungeset-med-hyllor-och-sidobord-svart-sittdyna-for-tradgarden\/#breadcrumb"},"inLanguage":"sv-SE","potentialAction":[{"@type":"ReadAction","target":["https:\/\/truusk.store\/sv\/produkt\/truusk-4-delars-lyxigt-tradgardsmobelset-i-polyrotting-loungeset-med-hyllor-och-sidobord-svart-sittdyna-for-tradgarden\/"]}]},{"@type":"ImageObject","inLanguage":"sv-SE","@id":"https:\/\/truusk.store\/sv\/produkt\/truusk-4-delars-lyxigt-tradgardsmobelset-i-polyrotting-loungeset-med-hyllor-och-sidobord-svart-sittdyna-for-tradgarden\/#primaryimage","url":"https:\/\/i0.wp.com\/truusk.store\/wp-content\/uploads\/2024\/02\/4-st-lyxiga-tradgardsmobler-i-polyrotting-tradgardsset-sittgrupp-loungeset-loungemobler-inklusive-hyllor-och-sidobord-sittdyna-svart.webp?fit=800%2C800&ssl=1","contentUrl":"https:\/\/i0.wp.com\/truusk.store\/wp-content\/uploads\/2024\/02\/4-st-lyxiga-tradgardsmobler-i-polyrotting-tradgardsset-sittgrupp-loungeset-loungemobler-inklusive-hyllor-och-sidobord-sittdyna-svart.webp?fit=800%2C800&ssl=1","width":800,"height":800,"caption":"4 St. Lyxiga Tr\u00e4dg\u00e5rdsm\u00f6bler I Polyrotting Tr\u00e4dg\u00e5rdsset Sittgrupp Loungeset Loungem\u00f6bler Inklusive Hyllor Och Sidobord Sittdyna Svart 1"},{"@type":"BreadcrumbList","@id":"https:\/\/truusk.store\/sv\/produkt\/truusk-4-delars-lyxigt-tradgardsmobelset-i-polyrotting-loungeset-med-hyllor-och-sidobord-svart-sittdyna-for-tradgarden\/#breadcrumb","itemListElement":[{"@type":"ListItem","position":1,"name":"Home","item":"https:\/\/truusk.store\/sv\/"},{"@type":"ListItem","position":2,"name":"Shop","item":"https:\/\/truusk.store\/shop\/"},{"@type":"ListItem","position":3,"name":"TRUUSK 4-delars lyxigt tr\u00e4dg\u00e5rdsm\u00f6belset i polyrotting &#8211; Loungeset med hyllor och sidobord &#8211; Svart sittdyna &#8211; F\u00f6r tr\u00e4dg\u00e5rden"}]},{"@type":"WebSite","@id":"https:\/\/truusk.store\/sv\/#website","url":"https:\/\/truusk.store\/sv\/","name":"TRUUSK - Hem, Tr\u00e4dg\u00e5rd & Fritid","description":"","publisher":{"@id":"https:\/\/truusk.store\/sv\/#organization"},"potentialAction":[{"@type":"SearchAction","target":{"@type":"EntryPoint","urlTemplate":"https:\/\/truusk.store\/sv\/?s={search_term_string}"},"query-input":{"@type":"PropertyValueSpecification","valueRequired":true,"valueName":"search_term_string"}}],"inLanguage":"sv-SE"},{"@type":"Organization","@id":"https:\/\/truusk.store\/sv\/#organization","name":"TRUUSK - Hem, Tr\u00e4dg\u00e5rd & Fritid","url":"https:\/\/truusk.store\/sv\/","logo":{"@type":"ImageObject","inLanguage":"sv-SE","@id":"https:\/\/truusk.store\/sv\/#\/schema\/logo\/image\/","url":"https:\/\/i0.wp.com\/truusk.store\/wp-content\/uploads\/2026\/03\/cropped-TRUUSK.png?fit=2032%2C917&ssl=1","contentUrl":"https:\/\/i0.wp.com\/truusk.store\/wp-content\/uploads\/2026\/03\/cropped-TRUUSK.png?fit=2032%2C917&ssl=1","width":2032,"height":917,"caption":"TRUUSK - Hem, Tr\u00e4dg\u00e5rd & Fritid"},"image":{"@id":"https:\/\/truusk.store\/sv\/#\/schema\/logo\/image\/"}}]}},"jetpack_sharing_enabled":true,"_links":{"self":[{"href":"https:\/\/truusk.store\/sv\/wp-json\/wp\/v2\/product\/33934","targetHints":{"allow":["GET"]}}],"collection":[{"href":"https:\/\/truusk.store\/sv\/wp-json\/wp\/v2\/product"}],"about":[{"href":"https:\/\/truusk.store\/sv\/wp-json\/wp\/v2\/types\/product"}],"wp:featuredmedia":[{"embeddable":true,"href":"https:\/\/truusk.store\/sv\/wp-json\/wp\/v2\/media\/33935"}],"wp:attachment":[{"href":"https:\/\/truusk.store\/sv\/wp-json\/wp\/v2\/media?parent=33934"}],"wp:term":[{"taxonomy":"product_brand","embeddable":true,"href":"https:\/\/truusk.store\/sv\/wp-json\/wp\/v2\/product_brand?post=33934"},{"taxonomy":"product_cat","embeddable":true,"href":"https:\/\/truusk.store\/sv\/wp-json\/wp\/v2\/product_cat?post=33934"},{"taxonomy":"product_tag","embeddable":true,"href":"https:\/\/truusk.store\/sv\/wp-json\/wp\/v2\/product_tag?post=33934"}],"curies":[{"name":"wp","href":"https:\/\/api.w.org\/{rel}","templated":true}]}}