{"id":33946,"date":"2024-02-13T22:51:17","date_gmt":"2024-02-13T21:51:17","guid":{"rendered":"https:\/\/truusk.store\/product\/tornflaktpelarflakt-med-fjarrkontrollstativ-flakt-aromadiffusor-timerfunktion-3-ventilationsnivaer-45w-70-oscillation-svart-315-x-315-x-117-cm\/"},"modified":"2026-03-12T09:11:13","modified_gmt":"2026-03-12T08:11:13","slug":"truusk-tornflaktpelarflakt-med-fjarrkontroll-aromadiffusor-timer-3-ventilationsnivaer-45w-70-oscillation-svart-315","status":"publish","type":"product","link":"https:\/\/truusk.store\/sv\/produkt\/truusk-tornflaktpelarflakt-med-fjarrkontroll-aromadiffusor-timer-3-ventilationsnivaer-45w-70-oscillation-svart-315\/","title":{"rendered":"TRUUSK Tornfl\u00e4ktpelarfl\u00e4kt Med Fj\u00e4rrkontroll &#8211; Aromadiffusor &#8211; Timer &#8211; 3 Ventilationsniv\u00e5er &#8211; 45W &#8211; 70 Oscillation &#8211; Svart &#8211; 31,5"},"content":{"rendered":"<p>Med denna tysta fl\u00e4kt \u00e4r kvav, varm rumsluft ett minne blott! Bordsfl\u00e4kten \u00e4r l\u00e4tt att anv\u00e4nda och \u00e4r det perfekta tillskottet till ditt hem och kontor. Den har m\u00e5nga inst\u00e4llningar s\u00e5 att du kan anpassa rumsventilationen efter dina behov. Timerfunktionen hj\u00e4lper dig att periodvis kyla rum och samtidigt spara energi. Styrningen kan g\u00f6ras manuellt eller, s\u00e4rskilt bekv\u00e4mt, via fj\u00e4rrkontroll.<\/p>\n<h3>Beskrivning:<\/h3>\n<ul>\n<li>Har 3 l\u00e4gen (Normal, Natural, Sleep) och 3 hastigheter (H\u00f6g, Medium, L\u00e5g)<\/li>\n<li>Aroma diffuser p\u00e5 baksidan s\u00e4kerst\u00e4ller en behaglig rumsdoft<\/li>\n<li>70\u00b0 vridningsomr\u00e5de riktar luftfl\u00f6det precis dit du beh\u00f6ver det<\/li>\n<li>12-timmarstimern l\u00e5ter dig planera kylcykeln samtidigt som du sparar energi<\/li>\n<li>LED-sensorkontrollpanel med p\u00e5\/av, hastighet, l\u00e4gen, panorering, timeralternativ<\/li>\n<li>2 kontrollalternativ: manuell eller fj\u00e4rrstyrd<\/li>\n<li>Med handtag f\u00f6r enkel f\u00f6rflyttning<\/li>\n<li>Frist\u00e5ende tornfl\u00e4kt f\u00f6r vardagsrum, sovrum och kontor<\/li>\n<li>Montering kr\u00e4vs<\/li>\n<\/ul>\n<h3>Teknisk data:<\/h3>\n<ul>\n<li>Svart f\u00e4rg<\/li>\n<li>Material: ABS<\/li>\n<li>\u00d6vergripande m\u00e5tt: 31,5L x 31,5W x 117H cm<\/li>\n<li>N\u00e4tsladdl\u00e4ngd: 1,5 m<\/li>\n<li>Fj\u00e4rrkontroll: 5 m<\/li>\n<li>Ljudniv\u00e5: 57,4dB<\/li>\n<li>Sp\u00e4nning: 220-240V\/50Hz<\/li>\n<li>Effekt: 45W<\/li>\n<li>Batteri: (fj\u00e4rrkontroll) CR2025 knappbatteri, ett medf\u00f6ljer<\/li>\n<li>Certifiering: CE (EMC, LVD, ERP, ROHS)<\/li>\n<\/ul>\n<h3>Leveransens omfattning:<\/h3>\n<ul>\n<li>1 x tornfl\u00e4kt<\/li>\n<li>1 x Fj\u00e4rrkontroll<\/li>\n<li>1 x Instruktioner<\/li>\n<\/ul>\n","protected":false},"excerpt":{"rendered":"<p>Med denna tysta fl\u00e4kt \u00e4r kvav, varm rumsluft ett minne blott! Bordsfl\u00e4kten \u00e4r l\u00e4tt att anv\u00e4nda och \u00e4r det perfekta&#8230;<\/p>\n","protected":false},"featured_media":33947,"template":"","meta":[],"product_brand":[],"product_cat":[697,671,696],"product_tag":[],"class_list":{"0":"post-33946","1":"product","2":"type-product","3":"status-publish","4":"has-post-thumbnail","6":"product_cat-flaktar-och-luftkonditioneringsapparater","7":"product_cat-jarnaffar","8":"product_cat-luftkonditionering-och-flaktar","10":"first","11":"instock","12":"sale","13":"taxable","14":"shipping-taxable","15":"purchasable","16":"product-type-simple"},"yoast_head":"<!-- This site is optimized with the Yoast SEO plugin v25.4 - https:\/\/yoast.com\/wordpress\/plugins\/seo\/ -->\n<title>TRUUSK Tornfl\u00e4ktpelarfl\u00e4kt Med Fj\u00e4rrkontroll - Aromadiffusor - Timer - 3 Ventilationsniv\u00e5er - 45W - 70 Oscillation - Svart - 31,5 - TRUUSK - Hem, Tr\u00e4dg\u00e5rd &amp; Fritid<\/title>\n<meta name=\"robots\" content=\"index, follow, max-snippet:-1, max-image-preview:large, max-video-preview:-1\" \/>\n<link rel=\"canonical\" href=\"https:\/\/truusk.store\/sv\/produkt\/truusk-tornflaktpelarflakt-med-fjarrkontroll-aromadiffusor-timer-3-ventilationsnivaer-45w-70-oscillation-svart-315\/\" \/>\n<meta property=\"og:locale\" content=\"sv_SE\" \/>\n<meta property=\"og:type\" content=\"article\" \/>\n<meta property=\"og:title\" content=\"TRUUSK Tornfl\u00e4ktpelarfl\u00e4kt Med Fj\u00e4rrkontroll - Aromadiffusor - Timer - 3 Ventilationsniv\u00e5er - 45W - 70 Oscillation - Svart - 31,5 - TRUUSK - Hem, Tr\u00e4dg\u00e5rd &amp; Fritid\" \/>\n<meta property=\"og:description\" content=\"Med denna tysta fl\u00e4kt \u00e4r kvav, varm rumsluft ett minne blott! Bordsfl\u00e4kten \u00e4r l\u00e4tt att anv\u00e4nda och \u00e4r det perfekta...\" \/>\n<meta property=\"og:url\" content=\"https:\/\/truusk.store\/sv\/produkt\/truusk-tornflaktpelarflakt-med-fjarrkontroll-aromadiffusor-timer-3-ventilationsnivaer-45w-70-oscillation-svart-315\/\" \/>\n<meta property=\"og:site_name\" content=\"TRUUSK - Hem, Tr\u00e4dg\u00e5rd &amp; Fritid\" \/>\n<meta property=\"article:modified_time\" content=\"2026-03-12T08:11:13+00:00\" \/>\n<meta property=\"og:image\" content=\"https:\/\/i0.wp.com\/truusk.se\/wp-content\/uploads\/2024\/02\/tornflaktpelarflakt-med-fjarrkontrollstativ-flakt-aromadiffusor-timerfunktion-3-ventilationsnivaer-45w-70-oscillation-svart-315-x-315-x-117-cm.webp?fit=800%2C800&ssl=1\" \/>\n\t<meta property=\"og:image:width\" content=\"800\" \/>\n\t<meta property=\"og:image:height\" content=\"800\" \/>\n\t<meta property=\"og:image:type\" content=\"image\/webp\" \/>\n<meta name=\"twitter:card\" content=\"summary_large_image\" \/>\n<meta name=\"twitter:label1\" content=\"Ber\u00e4knad l\u00e4stid\" \/>\n\t<meta name=\"twitter:data1\" content=\"1 minut\" \/>\n<!-- \/ Yoast SEO plugin. -->","yoast_head_json":{"title":"TRUUSK Tornfl\u00e4ktpelarfl\u00e4kt Med Fj\u00e4rrkontroll - Aromadiffusor - Timer - 3 Ventilationsniv\u00e5er - 45W - 70 Oscillation - Svart - 31,5 - TRUUSK - Hem, Tr\u00e4dg\u00e5rd &amp; Fritid","robots":{"index":"index","follow":"follow","max-snippet":"max-snippet:-1","max-image-preview":"max-image-preview:large","max-video-preview":"max-video-preview:-1"},"canonical":"https:\/\/truusk.store\/sv\/produkt\/truusk-tornflaktpelarflakt-med-fjarrkontroll-aromadiffusor-timer-3-ventilationsnivaer-45w-70-oscillation-svart-315\/","og_locale":"sv_SE","og_type":"article","og_title":"TRUUSK Tornfl\u00e4ktpelarfl\u00e4kt Med Fj\u00e4rrkontroll - Aromadiffusor - Timer - 3 Ventilationsniv\u00e5er - 45W - 70 Oscillation - Svart - 31,5 - TRUUSK - Hem, Tr\u00e4dg\u00e5rd &amp; Fritid","og_description":"Med denna tysta fl\u00e4kt \u00e4r kvav, varm rumsluft ett minne blott! Bordsfl\u00e4kten \u00e4r l\u00e4tt att anv\u00e4nda och \u00e4r det perfekta...","og_url":"https:\/\/truusk.store\/sv\/produkt\/truusk-tornflaktpelarflakt-med-fjarrkontroll-aromadiffusor-timer-3-ventilationsnivaer-45w-70-oscillation-svart-315\/","og_site_name":"TRUUSK - Hem, Tr\u00e4dg\u00e5rd &amp; Fritid","article_modified_time":"2026-03-12T08:11:13+00:00","og_image":[{"width":800,"height":800,"url":"https:\/\/i0.wp.com\/truusk.se\/wp-content\/uploads\/2024\/02\/tornflaktpelarflakt-med-fjarrkontrollstativ-flakt-aromadiffusor-timerfunktion-3-ventilationsnivaer-45w-70-oscillation-svart-315-x-315-x-117-cm.webp?fit=800%2C800&ssl=1","type":"image\/webp"}],"twitter_card":"summary_large_image","twitter_misc":{"Ber\u00e4knad l\u00e4stid":"1 minut"},"schema":{"@context":"https:\/\/schema.org","@graph":[{"@type":"WebPage","@id":"https:\/\/truusk.store\/sv\/produkt\/truusk-tornflaktpelarflakt-med-fjarrkontroll-aromadiffusor-timer-3-ventilationsnivaer-45w-70-oscillation-svart-315\/","url":"https:\/\/truusk.store\/sv\/produkt\/truusk-tornflaktpelarflakt-med-fjarrkontroll-aromadiffusor-timer-3-ventilationsnivaer-45w-70-oscillation-svart-315\/","name":"TRUUSK Tornfl\u00e4ktpelarfl\u00e4kt Med Fj\u00e4rrkontroll - Aromadiffusor - Timer - 3 Ventilationsniv\u00e5er - 45W - 70 Oscillation - Svart - 31,5 - TRUUSK - Hem, Tr\u00e4dg\u00e5rd &amp; Fritid","isPartOf":{"@id":"https:\/\/truusk.store\/sv\/#website"},"primaryImageOfPage":{"@id":"https:\/\/truusk.store\/sv\/produkt\/truusk-tornflaktpelarflakt-med-fjarrkontroll-aromadiffusor-timer-3-ventilationsnivaer-45w-70-oscillation-svart-315\/#primaryimage"},"image":{"@id":"https:\/\/truusk.store\/sv\/produkt\/truusk-tornflaktpelarflakt-med-fjarrkontroll-aromadiffusor-timer-3-ventilationsnivaer-45w-70-oscillation-svart-315\/#primaryimage"},"thumbnailUrl":"https:\/\/i0.wp.com\/truusk.store\/wp-content\/uploads\/2024\/02\/tornflaktpelarflakt-med-fjarrkontrollstativ-flakt-aromadiffusor-timerfunktion-3-ventilationsnivaer-45w-70-oscillation-svart-315-x-315-x-117-cm.webp?fit=800%2C800&ssl=1","datePublished":"2024-02-13T21:51:17+00:00","dateModified":"2026-03-12T08:11:13+00:00","breadcrumb":{"@id":"https:\/\/truusk.store\/sv\/produkt\/truusk-tornflaktpelarflakt-med-fjarrkontroll-aromadiffusor-timer-3-ventilationsnivaer-45w-70-oscillation-svart-315\/#breadcrumb"},"inLanguage":"sv-SE","potentialAction":[{"@type":"ReadAction","target":["https:\/\/truusk.store\/sv\/produkt\/truusk-tornflaktpelarflakt-med-fjarrkontroll-aromadiffusor-timer-3-ventilationsnivaer-45w-70-oscillation-svart-315\/"]}]},{"@type":"ImageObject","inLanguage":"sv-SE","@id":"https:\/\/truusk.store\/sv\/produkt\/truusk-tornflaktpelarflakt-med-fjarrkontroll-aromadiffusor-timer-3-ventilationsnivaer-45w-70-oscillation-svart-315\/#primaryimage","url":"https:\/\/i0.wp.com\/truusk.store\/wp-content\/uploads\/2024\/02\/tornflaktpelarflakt-med-fjarrkontrollstativ-flakt-aromadiffusor-timerfunktion-3-ventilationsnivaer-45w-70-oscillation-svart-315-x-315-x-117-cm.webp?fit=800%2C800&ssl=1","contentUrl":"https:\/\/i0.wp.com\/truusk.store\/wp-content\/uploads\/2024\/02\/tornflaktpelarflakt-med-fjarrkontrollstativ-flakt-aromadiffusor-timerfunktion-3-ventilationsnivaer-45w-70-oscillation-svart-315-x-315-x-117-cm.webp?fit=800%2C800&ssl=1","width":800,"height":800,"caption":"Tornfl\u00e4ktpelarfl\u00e4kt Med Fj\u00e4rrkontrollstativ Fl\u00e4kt Aromadiffusor Timerfunktion 3 Ventilationsniv\u00e5er 45W 70 Oscillation Svart 31,5 X 31,5 X 117 Cm 1"},{"@type":"BreadcrumbList","@id":"https:\/\/truusk.store\/sv\/produkt\/truusk-tornflaktpelarflakt-med-fjarrkontroll-aromadiffusor-timer-3-ventilationsnivaer-45w-70-oscillation-svart-315\/#breadcrumb","itemListElement":[{"@type":"ListItem","position":1,"name":"Home","item":"https:\/\/truusk.store\/sv\/"},{"@type":"ListItem","position":2,"name":"Shop","item":"https:\/\/truusk.store\/shop\/"},{"@type":"ListItem","position":3,"name":"TRUUSK Tornfl\u00e4ktpelarfl\u00e4kt Med Fj\u00e4rrkontroll &#8211; Aromadiffusor &#8211; Timer &#8211; 3 Ventilationsniv\u00e5er &#8211; 45W &#8211; 70 Oscillation &#8211; Svart &#8211; 31,5"}]},{"@type":"WebSite","@id":"https:\/\/truusk.store\/sv\/#website","url":"https:\/\/truusk.store\/sv\/","name":"TRUUSK - Hem, Tr\u00e4dg\u00e5rd & Fritid","description":"","publisher":{"@id":"https:\/\/truusk.store\/sv\/#organization"},"potentialAction":[{"@type":"SearchAction","target":{"@type":"EntryPoint","urlTemplate":"https:\/\/truusk.store\/sv\/?s={search_term_string}"},"query-input":{"@type":"PropertyValueSpecification","valueRequired":true,"valueName":"search_term_string"}}],"inLanguage":"sv-SE"},{"@type":"Organization","@id":"https:\/\/truusk.store\/sv\/#organization","name":"TRUUSK - Hem, Tr\u00e4dg\u00e5rd & Fritid","url":"https:\/\/truusk.store\/sv\/","logo":{"@type":"ImageObject","inLanguage":"sv-SE","@id":"https:\/\/truusk.store\/sv\/#\/schema\/logo\/image\/","url":"https:\/\/i0.wp.com\/truusk.store\/wp-content\/uploads\/2026\/03\/cropped-TRUUSK.png?fit=2032%2C917&ssl=1","contentUrl":"https:\/\/i0.wp.com\/truusk.store\/wp-content\/uploads\/2026\/03\/cropped-TRUUSK.png?fit=2032%2C917&ssl=1","width":2032,"height":917,"caption":"TRUUSK - Hem, Tr\u00e4dg\u00e5rd & Fritid"},"image":{"@id":"https:\/\/truusk.store\/sv\/#\/schema\/logo\/image\/"}}]}},"jetpack_sharing_enabled":true,"_links":{"self":[{"href":"https:\/\/truusk.store\/sv\/wp-json\/wp\/v2\/product\/33946","targetHints":{"allow":["GET"]}}],"collection":[{"href":"https:\/\/truusk.store\/sv\/wp-json\/wp\/v2\/product"}],"about":[{"href":"https:\/\/truusk.store\/sv\/wp-json\/wp\/v2\/types\/product"}],"wp:featuredmedia":[{"embeddable":true,"href":"https:\/\/truusk.store\/sv\/wp-json\/wp\/v2\/media\/33947"}],"wp:attachment":[{"href":"https:\/\/truusk.store\/sv\/wp-json\/wp\/v2\/media?parent=33946"}],"wp:term":[{"taxonomy":"product_brand","embeddable":true,"href":"https:\/\/truusk.store\/sv\/wp-json\/wp\/v2\/product_brand?post=33946"},{"taxonomy":"product_cat","embeddable":true,"href":"https:\/\/truusk.store\/sv\/wp-json\/wp\/v2\/product_cat?post=33946"},{"taxonomy":"product_tag","embeddable":true,"href":"https:\/\/truusk.store\/sv\/wp-json\/wp\/v2\/product_tag?post=33946"}],"curies":[{"name":"wp","href":"https:\/\/api.w.org\/{rel}","templated":true}]}}