{"id":33978,"date":"2024-02-13T22:52:35","date_gmt":"2024-02-13T21:52:35","guid":{"rendered":"https:\/\/truusk.store\/product\/sallskapstrappa-med-skrapstolpe-boll-3-stegs-katttrappa-hundtrappa-djurtrappa-spanskiva-plysch-jute-vit-45-x-40-x-48-cm\/"},"modified":"2026-03-12T09:11:13","modified_gmt":"2026-03-12T08:11:13","slug":"truusk-sallskapstrappa-med-skrapstolpe-3-stegs-katttrappa-hundtrappa-djurtrappa-spanskiva-plysch-jute-vit-45-x-40-x-48","status":"publish","type":"product","link":"https:\/\/truusk.store\/sv\/produkt\/truusk-sallskapstrappa-med-skrapstolpe-3-stegs-katttrappa-hundtrappa-djurtrappa-spanskiva-plysch-jute-vit-45-x-40-x-48\/","title":{"rendered":"TRUUSK S\u00e4llskapstrappa Med Skrapstolpe &#8211; 3-stegs Katttrappa Hundtrappa &#8211; Djurtrappa &#8211; Sp\u00e5nskiva Plysch Jute &#8211; Vit &#8211; 45 X 40 X 48"},"content":{"rendered":"<p>V\u00e5r s\u00e4llskapsdjursstege har en design i fyra niv\u00e5er med kattbollar och skrapstolpar som drar till sig din katts uppm\u00e4rksamhet, hj\u00e4lper dem att str\u00e4cka ut sig och ger en bekv\u00e4m lekmilj\u00f6. Materialet \u00e4r mjukt och bekv\u00e4mt, robust och h\u00e5llbart. Vi hoppas att din v\u00e4n kommer att trivas.<\/p>\n<h3>Beskrivning:<\/h3>\n<ul>\n<li>Trappan kan placeras p\u00e5 olika st\u00e4llen beroende p\u00e5 dina behov<\/li>\n<li>Det kan hj\u00e4lpa dina husdjur att hoppa utan skador och skydda deras h\u00e4lsa<\/li>\n<li>Med en liten plattform f\u00f6r att hoppa och en kattboll f\u00f6r att leka och en skrapstolpe f\u00f6r att slipa dina tassar<\/li>\n<li>Plattformarna \u00e4r fodrade med mjuk plysch<\/li>\n<li>L\u00e4tt och kompakt, du kan flytta den som du vill<\/li>\n<\/ul>\n<h3>Teknisk data:<\/h3>\n<ul>\n<li>F\u00e4rg vit<\/li>\n<li>Material: sp\u00e5nskiva, jute, plysch<\/li>\n<li>\u00d6vergripande m\u00e5tt: 45L x 40W x 48H cm<\/li>\n<li>Enstegsyta: 40L x 15W cm<\/li>\n<li>Basstorlek: 45L x 40W cm<\/li>\n<li>L\u00e4mplig f\u00f6r 5 kg husdjur<\/li>\n<\/ul>\n<h3>Leveransens omfattning:<\/h3>\n<ul>\n<li>1 x Pet Trappa<\/li>\n<li>1 x Instruktioner<\/li>\n<\/ul>\n","protected":false},"excerpt":{"rendered":"<p>V\u00e5r s\u00e4llskapsdjursstege har en design i fyra niv\u00e5er med kattbollar och skrapstolpar som drar till sig din katts uppm\u00e4rksamhet, hj\u00e4lper&#8230;<\/p>\n","protected":false},"featured_media":33979,"template":"","meta":[],"product_brand":[],"product_cat":[573,588,592],"product_tag":[],"class_list":{"0":"post-33978","1":"product","2":"type-product","3":"status-publish","4":"has-post-thumbnail","6":"product_cat-husdjursmaterial","7":"product_cat-katttillbehor","8":"product_cat-katttrappa","10":"first","11":"instock","12":"sale","13":"taxable","14":"shipping-taxable","15":"purchasable","16":"product-type-simple"},"yoast_head":"<!-- This site is optimized with the Yoast SEO plugin v25.4 - https:\/\/yoast.com\/wordpress\/plugins\/seo\/ -->\n<title>TRUUSK S\u00e4llskapstrappa Med Skrapstolpe - 3-stegs Katttrappa Hundtrappa - Djurtrappa - Sp\u00e5nskiva Plysch Jute - Vit - 45 X 40 X 48 - TRUUSK - Hem, Tr\u00e4dg\u00e5rd &amp; Fritid<\/title>\n<meta name=\"robots\" content=\"index, follow, max-snippet:-1, max-image-preview:large, max-video-preview:-1\" \/>\n<link rel=\"canonical\" href=\"https:\/\/truusk.store\/sv\/produkt\/truusk-sallskapstrappa-med-skrapstolpe-3-stegs-katttrappa-hundtrappa-djurtrappa-spanskiva-plysch-jute-vit-45-x-40-x-48\/\" \/>\n<meta property=\"og:locale\" content=\"sv_SE\" \/>\n<meta property=\"og:type\" content=\"article\" \/>\n<meta property=\"og:title\" content=\"TRUUSK S\u00e4llskapstrappa Med Skrapstolpe - 3-stegs Katttrappa Hundtrappa - Djurtrappa - Sp\u00e5nskiva Plysch Jute - Vit - 45 X 40 X 48 - TRUUSK - Hem, Tr\u00e4dg\u00e5rd &amp; Fritid\" \/>\n<meta property=\"og:description\" content=\"V\u00e5r s\u00e4llskapsdjursstege har en design i fyra niv\u00e5er med kattbollar och skrapstolpar som drar till sig din katts uppm\u00e4rksamhet, hj\u00e4lper...\" \/>\n<meta property=\"og:url\" content=\"https:\/\/truusk.store\/sv\/produkt\/truusk-sallskapstrappa-med-skrapstolpe-3-stegs-katttrappa-hundtrappa-djurtrappa-spanskiva-plysch-jute-vit-45-x-40-x-48\/\" \/>\n<meta property=\"og:site_name\" content=\"TRUUSK - Hem, Tr\u00e4dg\u00e5rd &amp; Fritid\" \/>\n<meta property=\"article:modified_time\" content=\"2026-03-12T08:11:13+00:00\" \/>\n<meta property=\"og:image\" content=\"https:\/\/i0.wp.com\/truusk.se\/wp-content\/uploads\/2024\/02\/sallskapstrappa-med-skrapstolpe-boll-3-stegs-katttrappa-hundtrappa-djurtrappa-spanskiva-plysch-jute-vit-45-x-40-x-48-cm.webp?fit=800%2C800&ssl=1\" \/>\n\t<meta property=\"og:image:width\" content=\"800\" \/>\n\t<meta property=\"og:image:height\" content=\"800\" \/>\n\t<meta property=\"og:image:type\" content=\"image\/webp\" \/>\n<meta name=\"twitter:card\" content=\"summary_large_image\" \/>\n<meta name=\"twitter:label1\" content=\"Ber\u00e4knad l\u00e4stid\" \/>\n\t<meta name=\"twitter:data1\" content=\"1 minut\" \/>\n<!-- \/ Yoast SEO plugin. -->","yoast_head_json":{"title":"TRUUSK S\u00e4llskapstrappa Med Skrapstolpe - 3-stegs Katttrappa Hundtrappa - Djurtrappa - Sp\u00e5nskiva Plysch Jute - Vit - 45 X 40 X 48 - TRUUSK - Hem, Tr\u00e4dg\u00e5rd &amp; Fritid","robots":{"index":"index","follow":"follow","max-snippet":"max-snippet:-1","max-image-preview":"max-image-preview:large","max-video-preview":"max-video-preview:-1"},"canonical":"https:\/\/truusk.store\/sv\/produkt\/truusk-sallskapstrappa-med-skrapstolpe-3-stegs-katttrappa-hundtrappa-djurtrappa-spanskiva-plysch-jute-vit-45-x-40-x-48\/","og_locale":"sv_SE","og_type":"article","og_title":"TRUUSK S\u00e4llskapstrappa Med Skrapstolpe - 3-stegs Katttrappa Hundtrappa - Djurtrappa - Sp\u00e5nskiva Plysch Jute - Vit - 45 X 40 X 48 - TRUUSK - Hem, Tr\u00e4dg\u00e5rd &amp; Fritid","og_description":"V\u00e5r s\u00e4llskapsdjursstege har en design i fyra niv\u00e5er med kattbollar och skrapstolpar som drar till sig din katts uppm\u00e4rksamhet, hj\u00e4lper...","og_url":"https:\/\/truusk.store\/sv\/produkt\/truusk-sallskapstrappa-med-skrapstolpe-3-stegs-katttrappa-hundtrappa-djurtrappa-spanskiva-plysch-jute-vit-45-x-40-x-48\/","og_site_name":"TRUUSK - Hem, Tr\u00e4dg\u00e5rd &amp; Fritid","article_modified_time":"2026-03-12T08:11:13+00:00","og_image":[{"width":800,"height":800,"url":"https:\/\/i0.wp.com\/truusk.se\/wp-content\/uploads\/2024\/02\/sallskapstrappa-med-skrapstolpe-boll-3-stegs-katttrappa-hundtrappa-djurtrappa-spanskiva-plysch-jute-vit-45-x-40-x-48-cm.webp?fit=800%2C800&ssl=1","type":"image\/webp"}],"twitter_card":"summary_large_image","twitter_misc":{"Ber\u00e4knad l\u00e4stid":"1 minut"},"schema":{"@context":"https:\/\/schema.org","@graph":[{"@type":"WebPage","@id":"https:\/\/truusk.store\/sv\/produkt\/truusk-sallskapstrappa-med-skrapstolpe-3-stegs-katttrappa-hundtrappa-djurtrappa-spanskiva-plysch-jute-vit-45-x-40-x-48\/","url":"https:\/\/truusk.store\/sv\/produkt\/truusk-sallskapstrappa-med-skrapstolpe-3-stegs-katttrappa-hundtrappa-djurtrappa-spanskiva-plysch-jute-vit-45-x-40-x-48\/","name":"TRUUSK S\u00e4llskapstrappa Med Skrapstolpe - 3-stegs Katttrappa Hundtrappa - Djurtrappa - Sp\u00e5nskiva Plysch Jute - Vit - 45 X 40 X 48 - TRUUSK - Hem, Tr\u00e4dg\u00e5rd &amp; Fritid","isPartOf":{"@id":"https:\/\/truusk.store\/sv\/#website"},"primaryImageOfPage":{"@id":"https:\/\/truusk.store\/sv\/produkt\/truusk-sallskapstrappa-med-skrapstolpe-3-stegs-katttrappa-hundtrappa-djurtrappa-spanskiva-plysch-jute-vit-45-x-40-x-48\/#primaryimage"},"image":{"@id":"https:\/\/truusk.store\/sv\/produkt\/truusk-sallskapstrappa-med-skrapstolpe-3-stegs-katttrappa-hundtrappa-djurtrappa-spanskiva-plysch-jute-vit-45-x-40-x-48\/#primaryimage"},"thumbnailUrl":"https:\/\/i0.wp.com\/truusk.store\/wp-content\/uploads\/2024\/02\/sallskapstrappa-med-skrapstolpe-boll-3-stegs-katttrappa-hundtrappa-djurtrappa-spanskiva-plysch-jute-vit-45-x-40-x-48-cm.webp?fit=800%2C800&ssl=1","datePublished":"2024-02-13T21:52:35+00:00","dateModified":"2026-03-12T08:11:13+00:00","breadcrumb":{"@id":"https:\/\/truusk.store\/sv\/produkt\/truusk-sallskapstrappa-med-skrapstolpe-3-stegs-katttrappa-hundtrappa-djurtrappa-spanskiva-plysch-jute-vit-45-x-40-x-48\/#breadcrumb"},"inLanguage":"sv-SE","potentialAction":[{"@type":"ReadAction","target":["https:\/\/truusk.store\/sv\/produkt\/truusk-sallskapstrappa-med-skrapstolpe-3-stegs-katttrappa-hundtrappa-djurtrappa-spanskiva-plysch-jute-vit-45-x-40-x-48\/"]}]},{"@type":"ImageObject","inLanguage":"sv-SE","@id":"https:\/\/truusk.store\/sv\/produkt\/truusk-sallskapstrappa-med-skrapstolpe-3-stegs-katttrappa-hundtrappa-djurtrappa-spanskiva-plysch-jute-vit-45-x-40-x-48\/#primaryimage","url":"https:\/\/i0.wp.com\/truusk.store\/wp-content\/uploads\/2024\/02\/sallskapstrappa-med-skrapstolpe-boll-3-stegs-katttrappa-hundtrappa-djurtrappa-spanskiva-plysch-jute-vit-45-x-40-x-48-cm.webp?fit=800%2C800&ssl=1","contentUrl":"https:\/\/i0.wp.com\/truusk.store\/wp-content\/uploads\/2024\/02\/sallskapstrappa-med-skrapstolpe-boll-3-stegs-katttrappa-hundtrappa-djurtrappa-spanskiva-plysch-jute-vit-45-x-40-x-48-cm.webp?fit=800%2C800&ssl=1","width":800,"height":800,"caption":"S\u00e4llskapstrappa Med Skrapstolpe Boll 3-stegs Katttrappa Hundtrappa Djurtrappa Sp\u00e5nskiva Plysch Jute Vit 45 X 40 X 48 Cm 1"},{"@type":"BreadcrumbList","@id":"https:\/\/truusk.store\/sv\/produkt\/truusk-sallskapstrappa-med-skrapstolpe-3-stegs-katttrappa-hundtrappa-djurtrappa-spanskiva-plysch-jute-vit-45-x-40-x-48\/#breadcrumb","itemListElement":[{"@type":"ListItem","position":1,"name":"Home","item":"https:\/\/truusk.store\/sv\/"},{"@type":"ListItem","position":2,"name":"Shop","item":"https:\/\/truusk.store\/shop\/"},{"@type":"ListItem","position":3,"name":"TRUUSK S\u00e4llskapstrappa Med Skrapstolpe &#8211; 3-stegs Katttrappa Hundtrappa &#8211; Djurtrappa &#8211; Sp\u00e5nskiva Plysch Jute &#8211; Vit &#8211; 45 X 40 X 48"}]},{"@type":"WebSite","@id":"https:\/\/truusk.store\/sv\/#website","url":"https:\/\/truusk.store\/sv\/","name":"TRUUSK - Hem, Tr\u00e4dg\u00e5rd & Fritid","description":"","publisher":{"@id":"https:\/\/truusk.store\/sv\/#organization"},"potentialAction":[{"@type":"SearchAction","target":{"@type":"EntryPoint","urlTemplate":"https:\/\/truusk.store\/sv\/?s={search_term_string}"},"query-input":{"@type":"PropertyValueSpecification","valueRequired":true,"valueName":"search_term_string"}}],"inLanguage":"sv-SE"},{"@type":"Organization","@id":"https:\/\/truusk.store\/sv\/#organization","name":"TRUUSK - Hem, Tr\u00e4dg\u00e5rd & Fritid","url":"https:\/\/truusk.store\/sv\/","logo":{"@type":"ImageObject","inLanguage":"sv-SE","@id":"https:\/\/truusk.store\/sv\/#\/schema\/logo\/image\/","url":"https:\/\/i0.wp.com\/truusk.store\/wp-content\/uploads\/2026\/03\/cropped-TRUUSK.png?fit=2032%2C917&ssl=1","contentUrl":"https:\/\/i0.wp.com\/truusk.store\/wp-content\/uploads\/2026\/03\/cropped-TRUUSK.png?fit=2032%2C917&ssl=1","width":2032,"height":917,"caption":"TRUUSK - Hem, Tr\u00e4dg\u00e5rd & Fritid"},"image":{"@id":"https:\/\/truusk.store\/sv\/#\/schema\/logo\/image\/"}}]}},"jetpack_sharing_enabled":true,"_links":{"self":[{"href":"https:\/\/truusk.store\/sv\/wp-json\/wp\/v2\/product\/33978","targetHints":{"allow":["GET"]}}],"collection":[{"href":"https:\/\/truusk.store\/sv\/wp-json\/wp\/v2\/product"}],"about":[{"href":"https:\/\/truusk.store\/sv\/wp-json\/wp\/v2\/types\/product"}],"wp:featuredmedia":[{"embeddable":true,"href":"https:\/\/truusk.store\/sv\/wp-json\/wp\/v2\/media\/33979"}],"wp:attachment":[{"href":"https:\/\/truusk.store\/sv\/wp-json\/wp\/v2\/media?parent=33978"}],"wp:term":[{"taxonomy":"product_brand","embeddable":true,"href":"https:\/\/truusk.store\/sv\/wp-json\/wp\/v2\/product_brand?post=33978"},{"taxonomy":"product_cat","embeddable":true,"href":"https:\/\/truusk.store\/sv\/wp-json\/wp\/v2\/product_cat?post=33978"},{"taxonomy":"product_tag","embeddable":true,"href":"https:\/\/truusk.store\/sv\/wp-json\/wp\/v2\/product_tag?post=33978"}],"curies":[{"name":"wp","href":"https:\/\/api.w.org\/{rel}","templated":true}]}}