{"id":33990,"date":"2024-02-13T22:53:05","date_gmt":"2024-02-13T21:53:05","guid":{"rendered":"https:\/\/truusk.store\/product\/husdjurstrappa-katttrappa-med-skrapstolpeboll-4-stegs-hundtrappa-djurtrappa-spanskiva-plysch-jute-gra-60-x-40-x-64-cm\/"},"modified":"2026-03-12T09:11:17","modified_gmt":"2026-03-12T08:11:17","slug":"truusk-husdjurstrappa-4-stegs-skrapstolpeboll-plysch-och-jute-gra-60-x-40-x-64-cm","status":"publish","type":"product","link":"https:\/\/truusk.store\/sv\/produkt\/truusk-husdjurstrappa-4-stegs-skrapstolpeboll-plysch-och-jute-gra-60-x-40-x-64-cm\/","title":{"rendered":"TRUUSK Husdjurstrappa &#8211; 4-stegs &#8211; Skrapstolpeboll &#8211; Plysch och Jute &#8211; Gr\u00e5 &#8211; 60 x 40 x 64 cm"},"content":{"rendered":"<p>V\u00e5rt kl\u00e4ttertr\u00e4d har en design i fyra v\u00e5ningar med kattbollar och skrapstolpar som drar till sig din katts uppm\u00e4rksamhet, hj\u00e4lper dem att str\u00e4cka ut sig och ger en bekv\u00e4m lekmilj\u00f6. Materialet \u00e4r mjukt och bekv\u00e4mt, robust och h\u00e5llbart. Vi hoppas att din v\u00e4n kommer att trivas.<\/p>\n<h3>Beskrivning:<\/h3>\n<ul>\n<li>Trappan kan placeras p\u00e5 olika st\u00e4llen beroende p\u00e5 dina behov<\/li>\n<li>Det kan hj\u00e4lpa dina husdjur att kl\u00e4ttra h\u00f6gre omr\u00e5den utan att riskera att skadas av att hoppa<\/li>\n<li>En liten mellanplattform hj\u00e4lper till med kl\u00e4ttring och erbjuder ditt djur fler anv\u00e4ndningsm\u00f6jligheter<\/li>\n<li>En mjuk lekboll hj\u00e4lper din katt att leva ut sin instinkt att leka och jaga<\/li>\n<li>Stegen \u00e4r fodrad med mjuk plysch<\/li>\n<li>L\u00e5g vikt och kompakt storlek m\u00f6jligg\u00f6r s\u00e4rskilt enkel hantering<\/li>\n<\/ul>\n<h3>Teknisk data:<\/h3>\n<ul>\n<li>F\u00e4rg gr\u00e5<\/li>\n<li>Material: sp\u00e5nskiva, plysch<\/li>\n<li>Totala m\u00e5tt: 60L x 40W x 64H cm<\/li>\n<li>Enkel grenstorlek: 40L x 15W cm<\/li>\n<li>Basstorlek: 60L x 40W cm<\/li>\n<li>L\u00e4mplig f\u00f6r 5 kg husdjur<\/li>\n<\/ul>\n<h3>Leveransens omfattning:<\/h3>\n<ul>\n<li>1 x Djurtrappa<\/li>\n<li>1 x Instruktioner<\/li>\n<\/ul>\n","protected":false},"excerpt":{"rendered":"<p>V\u00e5rt kl\u00e4ttertr\u00e4d har en design i fyra v\u00e5ningar med kattbollar och skrapstolpar som drar till sig din katts uppm\u00e4rksamhet, hj\u00e4lper&#8230;<\/p>\n","protected":false},"featured_media":33991,"template":"","meta":[],"product_brand":[],"product_cat":[573,588,592],"product_tag":[],"class_list":{"0":"post-33990","1":"product","2":"type-product","3":"status-publish","4":"has-post-thumbnail","6":"product_cat-husdjursmaterial","7":"product_cat-katttillbehor","8":"product_cat-katttrappa","10":"first","11":"instock","12":"sale","13":"taxable","14":"shipping-taxable","15":"purchasable","16":"product-type-simple"},"yoast_head":"<!-- This site is optimized with the Yoast SEO plugin v25.4 - https:\/\/yoast.com\/wordpress\/plugins\/seo\/ -->\n<title>TRUUSK Husdjurstrappa - 4-stegs - Skrapstolpeboll - Plysch och Jute - Gr\u00e5 - 60 x 40 x 64 cm - TRUUSK - Hem, Tr\u00e4dg\u00e5rd &amp; Fritid<\/title>\n<meta name=\"robots\" content=\"index, follow, max-snippet:-1, max-image-preview:large, max-video-preview:-1\" \/>\n<link rel=\"canonical\" href=\"https:\/\/truusk.store\/sv\/produkt\/truusk-husdjurstrappa-4-stegs-skrapstolpeboll-plysch-och-jute-gra-60-x-40-x-64-cm\/\" \/>\n<meta property=\"og:locale\" content=\"sv_SE\" \/>\n<meta property=\"og:type\" content=\"article\" \/>\n<meta property=\"og:title\" content=\"TRUUSK Husdjurstrappa - 4-stegs - Skrapstolpeboll - Plysch och Jute - Gr\u00e5 - 60 x 40 x 64 cm - TRUUSK - Hem, Tr\u00e4dg\u00e5rd &amp; Fritid\" \/>\n<meta property=\"og:description\" content=\"V\u00e5rt kl\u00e4ttertr\u00e4d har en design i fyra v\u00e5ningar med kattbollar och skrapstolpar som drar till sig din katts uppm\u00e4rksamhet, hj\u00e4lper...\" \/>\n<meta property=\"og:url\" content=\"https:\/\/truusk.store\/sv\/produkt\/truusk-husdjurstrappa-4-stegs-skrapstolpeboll-plysch-och-jute-gra-60-x-40-x-64-cm\/\" \/>\n<meta property=\"og:site_name\" content=\"TRUUSK - Hem, Tr\u00e4dg\u00e5rd &amp; Fritid\" \/>\n<meta property=\"article:modified_time\" content=\"2026-03-12T08:11:17+00:00\" \/>\n<meta property=\"og:image\" content=\"https:\/\/i0.wp.com\/truusk.se\/wp-content\/uploads\/2024\/02\/husdjurstrappa-katttrappa-med-skrapstolpeboll-4-stegs-hundtrappa-djurtrappa-spanskiva-plysch-jute-gra-60-x-40-x-64-cm.webp?fit=800%2C800&ssl=1\" \/>\n\t<meta property=\"og:image:width\" content=\"800\" \/>\n\t<meta property=\"og:image:height\" content=\"800\" \/>\n\t<meta property=\"og:image:type\" content=\"image\/webp\" \/>\n<meta name=\"twitter:card\" content=\"summary_large_image\" \/>\n<meta name=\"twitter:label1\" content=\"Ber\u00e4knad l\u00e4stid\" \/>\n\t<meta name=\"twitter:data1\" content=\"1 minut\" \/>\n<!-- \/ Yoast SEO plugin. -->","yoast_head_json":{"title":"TRUUSK Husdjurstrappa - 4-stegs - Skrapstolpeboll - Plysch och Jute - Gr\u00e5 - 60 x 40 x 64 cm - TRUUSK - Hem, Tr\u00e4dg\u00e5rd &amp; Fritid","robots":{"index":"index","follow":"follow","max-snippet":"max-snippet:-1","max-image-preview":"max-image-preview:large","max-video-preview":"max-video-preview:-1"},"canonical":"https:\/\/truusk.store\/sv\/produkt\/truusk-husdjurstrappa-4-stegs-skrapstolpeboll-plysch-och-jute-gra-60-x-40-x-64-cm\/","og_locale":"sv_SE","og_type":"article","og_title":"TRUUSK Husdjurstrappa - 4-stegs - Skrapstolpeboll - Plysch och Jute - Gr\u00e5 - 60 x 40 x 64 cm - TRUUSK - Hem, Tr\u00e4dg\u00e5rd &amp; Fritid","og_description":"V\u00e5rt kl\u00e4ttertr\u00e4d har en design i fyra v\u00e5ningar med kattbollar och skrapstolpar som drar till sig din katts uppm\u00e4rksamhet, hj\u00e4lper...","og_url":"https:\/\/truusk.store\/sv\/produkt\/truusk-husdjurstrappa-4-stegs-skrapstolpeboll-plysch-och-jute-gra-60-x-40-x-64-cm\/","og_site_name":"TRUUSK - Hem, Tr\u00e4dg\u00e5rd &amp; Fritid","article_modified_time":"2026-03-12T08:11:17+00:00","og_image":[{"width":800,"height":800,"url":"https:\/\/i0.wp.com\/truusk.se\/wp-content\/uploads\/2024\/02\/husdjurstrappa-katttrappa-med-skrapstolpeboll-4-stegs-hundtrappa-djurtrappa-spanskiva-plysch-jute-gra-60-x-40-x-64-cm.webp?fit=800%2C800&ssl=1","type":"image\/webp"}],"twitter_card":"summary_large_image","twitter_misc":{"Ber\u00e4knad l\u00e4stid":"1 minut"},"schema":{"@context":"https:\/\/schema.org","@graph":[{"@type":"WebPage","@id":"https:\/\/truusk.store\/sv\/produkt\/truusk-husdjurstrappa-4-stegs-skrapstolpeboll-plysch-och-jute-gra-60-x-40-x-64-cm\/","url":"https:\/\/truusk.store\/sv\/produkt\/truusk-husdjurstrappa-4-stegs-skrapstolpeboll-plysch-och-jute-gra-60-x-40-x-64-cm\/","name":"TRUUSK Husdjurstrappa - 4-stegs - Skrapstolpeboll - Plysch och Jute - Gr\u00e5 - 60 x 40 x 64 cm - TRUUSK - Hem, Tr\u00e4dg\u00e5rd &amp; Fritid","isPartOf":{"@id":"https:\/\/truusk.store\/sv\/#website"},"primaryImageOfPage":{"@id":"https:\/\/truusk.store\/sv\/produkt\/truusk-husdjurstrappa-4-stegs-skrapstolpeboll-plysch-och-jute-gra-60-x-40-x-64-cm\/#primaryimage"},"image":{"@id":"https:\/\/truusk.store\/sv\/produkt\/truusk-husdjurstrappa-4-stegs-skrapstolpeboll-plysch-och-jute-gra-60-x-40-x-64-cm\/#primaryimage"},"thumbnailUrl":"https:\/\/i0.wp.com\/truusk.store\/wp-content\/uploads\/2024\/02\/husdjurstrappa-katttrappa-med-skrapstolpeboll-4-stegs-hundtrappa-djurtrappa-spanskiva-plysch-jute-gra-60-x-40-x-64-cm.webp?fit=800%2C800&ssl=1","datePublished":"2024-02-13T21:53:05+00:00","dateModified":"2026-03-12T08:11:17+00:00","breadcrumb":{"@id":"https:\/\/truusk.store\/sv\/produkt\/truusk-husdjurstrappa-4-stegs-skrapstolpeboll-plysch-och-jute-gra-60-x-40-x-64-cm\/#breadcrumb"},"inLanguage":"sv-SE","potentialAction":[{"@type":"ReadAction","target":["https:\/\/truusk.store\/sv\/produkt\/truusk-husdjurstrappa-4-stegs-skrapstolpeboll-plysch-och-jute-gra-60-x-40-x-64-cm\/"]}]},{"@type":"ImageObject","inLanguage":"sv-SE","@id":"https:\/\/truusk.store\/sv\/produkt\/truusk-husdjurstrappa-4-stegs-skrapstolpeboll-plysch-och-jute-gra-60-x-40-x-64-cm\/#primaryimage","url":"https:\/\/i0.wp.com\/truusk.store\/wp-content\/uploads\/2024\/02\/husdjurstrappa-katttrappa-med-skrapstolpeboll-4-stegs-hundtrappa-djurtrappa-spanskiva-plysch-jute-gra-60-x-40-x-64-cm.webp?fit=800%2C800&ssl=1","contentUrl":"https:\/\/i0.wp.com\/truusk.store\/wp-content\/uploads\/2024\/02\/husdjurstrappa-katttrappa-med-skrapstolpeboll-4-stegs-hundtrappa-djurtrappa-spanskiva-plysch-jute-gra-60-x-40-x-64-cm.webp?fit=800%2C800&ssl=1","width":800,"height":800,"caption":"Husdjurstrappa Katttrappa Med Skrapstolpeboll 4-stegs Hundtrappa Djurtrappa Sp\u00e5nskiva Plysch Jute Gr\u00e5 60 X 40 X 64 Cm 1"},{"@type":"BreadcrumbList","@id":"https:\/\/truusk.store\/sv\/produkt\/truusk-husdjurstrappa-4-stegs-skrapstolpeboll-plysch-och-jute-gra-60-x-40-x-64-cm\/#breadcrumb","itemListElement":[{"@type":"ListItem","position":1,"name":"Home","item":"https:\/\/truusk.store\/sv\/"},{"@type":"ListItem","position":2,"name":"Shop","item":"https:\/\/truusk.store\/shop\/"},{"@type":"ListItem","position":3,"name":"TRUUSK Husdjurstrappa &#8211; 4-stegs &#8211; Skrapstolpeboll &#8211; Plysch och Jute &#8211; Gr\u00e5 &#8211; 60 x 40 x 64 cm"}]},{"@type":"WebSite","@id":"https:\/\/truusk.store\/sv\/#website","url":"https:\/\/truusk.store\/sv\/","name":"TRUUSK - Hem, Tr\u00e4dg\u00e5rd & Fritid","description":"","publisher":{"@id":"https:\/\/truusk.store\/sv\/#organization"},"potentialAction":[{"@type":"SearchAction","target":{"@type":"EntryPoint","urlTemplate":"https:\/\/truusk.store\/sv\/?s={search_term_string}"},"query-input":{"@type":"PropertyValueSpecification","valueRequired":true,"valueName":"search_term_string"}}],"inLanguage":"sv-SE"},{"@type":"Organization","@id":"https:\/\/truusk.store\/sv\/#organization","name":"TRUUSK - Hem, Tr\u00e4dg\u00e5rd & Fritid","url":"https:\/\/truusk.store\/sv\/","logo":{"@type":"ImageObject","inLanguage":"sv-SE","@id":"https:\/\/truusk.store\/sv\/#\/schema\/logo\/image\/","url":"https:\/\/i0.wp.com\/truusk.store\/wp-content\/uploads\/2026\/03\/cropped-TRUUSK.png?fit=2032%2C917&ssl=1","contentUrl":"https:\/\/i0.wp.com\/truusk.store\/wp-content\/uploads\/2026\/03\/cropped-TRUUSK.png?fit=2032%2C917&ssl=1","width":2032,"height":917,"caption":"TRUUSK - Hem, Tr\u00e4dg\u00e5rd & Fritid"},"image":{"@id":"https:\/\/truusk.store\/sv\/#\/schema\/logo\/image\/"}}]}},"jetpack_sharing_enabled":true,"_links":{"self":[{"href":"https:\/\/truusk.store\/sv\/wp-json\/wp\/v2\/product\/33990","targetHints":{"allow":["GET"]}}],"collection":[{"href":"https:\/\/truusk.store\/sv\/wp-json\/wp\/v2\/product"}],"about":[{"href":"https:\/\/truusk.store\/sv\/wp-json\/wp\/v2\/types\/product"}],"wp:featuredmedia":[{"embeddable":true,"href":"https:\/\/truusk.store\/sv\/wp-json\/wp\/v2\/media\/33991"}],"wp:attachment":[{"href":"https:\/\/truusk.store\/sv\/wp-json\/wp\/v2\/media?parent=33990"}],"wp:term":[{"taxonomy":"product_brand","embeddable":true,"href":"https:\/\/truusk.store\/sv\/wp-json\/wp\/v2\/product_brand?post=33990"},{"taxonomy":"product_cat","embeddable":true,"href":"https:\/\/truusk.store\/sv\/wp-json\/wp\/v2\/product_cat?post=33990"},{"taxonomy":"product_tag","embeddable":true,"href":"https:\/\/truusk.store\/sv\/wp-json\/wp\/v2\/product_tag?post=33990"}],"curies":[{"name":"wp","href":"https:\/\/api.w.org\/{rel}","templated":true}]}}