{"id":34014,"date":"2024-02-13T22:53:47","date_gmt":"2024-02-13T21:53:47","guid":{"rendered":"https:\/\/truusk.store\/product\/vaxthus-vaxthus-med-dorr-frukostbadd-vaxthus-vaxtodling-stal-pvc-200-x-100-x-80-cm\/"},"modified":"2026-03-12T09:11:18","modified_gmt":"2026-03-12T08:11:18","slug":"truusk-vaxthus-med-dorr-frukostbadd-stal-pvc-200x100x80-cm","status":"publish","type":"product","link":"https:\/\/truusk.store\/sv\/produkt\/truusk-vaxthus-med-dorr-frukostbadd-stal-pvc-200x100x80-cm\/","title":{"rendered":"TRUUSK V\u00e4xthus Med D\u00f6rr &#8211; Frukostb\u00e4dd &#8211; St\u00e5l PVC &#8211; 200x100x80 cm"},"content":{"rendered":"<p>Njut av din tr\u00e4dg\u00e5rd \u00e5ret runt! Tack vare rulld\u00f6rrarna s\u00e4kerst\u00e4ller foliet\u00e4ltet dina v\u00e4xter en behaglig temperatur, ljus och tillr\u00e4cklig fukt. Detta stabila foliev\u00e4xthus kan vid behov snabbt och enkelt s\u00e4ttas upp och demonteras igen efter odling. Dina v\u00e4xter \u00e4r skyddade fr\u00e5n kyla, regn, hagel, vind och intensivt solljus. Tack vare den genomskinliga filmen kan du alltid h\u00e5lla ett \u00f6ga p\u00e5 dina v\u00e4xter.<\/p>\n<h3>Beskrivning:<\/h3>\n<ul>\n<li>Mycket stabil ram av pulverlackerade st\u00e5lr\u00f6r<\/li>\n<li>Optimal h\u00f6jd f\u00f6r n\u00e4stan alla vanliga gr\u00f6nsaker och frukter<\/li>\n<li>Idealisk f\u00f6r s\u00e5dd, odling och odling<\/li>\n<li>Best\u00e4ndig, h\u00e5llbar och frosts\u00e4ker, f\u00f6rhindrar att dina v\u00e4xter fryser<\/li>\n<li>Bred ing\u00e5ng: rulld\u00f6rr med dragkedja<\/li>\n<li>Reng\u00f6r snabbt och utan anstr\u00e4ngning<\/li>\n<li>Tips: Folien \u00e4r 10 cm l\u00e4ngre p\u00e5 varje sida \u00e4n metallr\u00f6ren, den nedre kanten kan gr\u00e4vas ner i marken eller tyngs ner med stenar. Detta g\u00f6r v\u00e4xthuset mer stabilt.<\/li>\n<\/ul>\n<h3>Teknisk data:<\/h3>\n<ul>\n<li>Material: PVC (film), st\u00e5l (ram)<\/li>\n<li>Totala m\u00e5tt: 200L x 100W x 80H cm<\/li>\n<li>Diameter p\u00e5 r\u00f6rram: 16 mm<\/li>\n<li>F\u00e4rg: Transparent+Gr\u00f6n<\/li>\n<\/ul>\n<h3>Leveransens omfattning:<\/h3>\n<ul>\n<li>1 x foliev\u00e4xthus<br \/>1 x Monteringsanvisning\n<p><\/li>\n<\/ul>\n","protected":false},"excerpt":{"rendered":"<p>Njut av din tr\u00e4dg\u00e5rd \u00e5ret runt! Tack vare rulld\u00f6rrarna s\u00e4kerst\u00e4ller foliet\u00e4ltet dina v\u00e4xter en behaglig temperatur, ljus och tillr\u00e4cklig fukt&#8230;.<\/p>\n","protected":false},"featured_media":34015,"template":"","meta":[],"product_brand":[],"product_cat":[444,435,443],"product_tag":[],"class_list":{"0":"post-34014","1":"product","2":"type-product","3":"status-publish","4":"has-post-thumbnail","6":"product_cat-filma-vaxthus","7":"product_cat-tradgard-och-terrass","8":"product_cat-vaxthus-tradgardsskotsel","10":"first","11":"instock","12":"sale","13":"taxable","14":"shipping-taxable","15":"purchasable","16":"product-type-simple"},"yoast_head":"<!-- This site is optimized with the Yoast SEO plugin v25.4 - https:\/\/yoast.com\/wordpress\/plugins\/seo\/ -->\n<title>TRUUSK V\u00e4xthus Med D\u00f6rr - Frukostb\u00e4dd - St\u00e5l PVC - 200x100x80 cm - TRUUSK - Hem, Tr\u00e4dg\u00e5rd &amp; Fritid<\/title>\n<meta name=\"robots\" content=\"index, follow, max-snippet:-1, max-image-preview:large, max-video-preview:-1\" \/>\n<link rel=\"canonical\" href=\"https:\/\/truusk.store\/sv\/produkt\/truusk-vaxthus-med-dorr-frukostbadd-stal-pvc-200x100x80-cm\/\" \/>\n<meta property=\"og:locale\" content=\"sv_SE\" \/>\n<meta property=\"og:type\" content=\"article\" \/>\n<meta property=\"og:title\" content=\"TRUUSK V\u00e4xthus Med D\u00f6rr - Frukostb\u00e4dd - St\u00e5l PVC - 200x100x80 cm - TRUUSK - Hem, Tr\u00e4dg\u00e5rd &amp; Fritid\" \/>\n<meta property=\"og:description\" content=\"Njut av din tr\u00e4dg\u00e5rd \u00e5ret runt! Tack vare rulld\u00f6rrarna s\u00e4kerst\u00e4ller foliet\u00e4ltet dina v\u00e4xter en behaglig temperatur, ljus och tillr\u00e4cklig fukt....\" \/>\n<meta property=\"og:url\" content=\"https:\/\/truusk.store\/sv\/produkt\/truusk-vaxthus-med-dorr-frukostbadd-stal-pvc-200x100x80-cm\/\" \/>\n<meta property=\"og:site_name\" content=\"TRUUSK - Hem, Tr\u00e4dg\u00e5rd &amp; Fritid\" \/>\n<meta property=\"article:modified_time\" content=\"2026-03-12T08:11:18+00:00\" \/>\n<meta property=\"og:image\" content=\"https:\/\/i0.wp.com\/truusk.se\/wp-content\/uploads\/2024\/02\/vaxthus-vaxthus-med-dorr-frukostbadd-vaxthus-vaxtodling-stal-pvc-200-x-100-x-80-cm.webp?fit=800%2C800&ssl=1\" \/>\n\t<meta property=\"og:image:width\" content=\"800\" \/>\n\t<meta property=\"og:image:height\" content=\"800\" \/>\n\t<meta property=\"og:image:type\" content=\"image\/webp\" \/>\n<meta name=\"twitter:card\" content=\"summary_large_image\" \/>\n<meta name=\"twitter:label1\" content=\"Ber\u00e4knad l\u00e4stid\" \/>\n\t<meta name=\"twitter:data1\" content=\"1 minut\" \/>\n<!-- \/ Yoast SEO plugin. -->","yoast_head_json":{"title":"TRUUSK V\u00e4xthus Med D\u00f6rr - Frukostb\u00e4dd - St\u00e5l PVC - 200x100x80 cm - TRUUSK - Hem, Tr\u00e4dg\u00e5rd &amp; Fritid","robots":{"index":"index","follow":"follow","max-snippet":"max-snippet:-1","max-image-preview":"max-image-preview:large","max-video-preview":"max-video-preview:-1"},"canonical":"https:\/\/truusk.store\/sv\/produkt\/truusk-vaxthus-med-dorr-frukostbadd-stal-pvc-200x100x80-cm\/","og_locale":"sv_SE","og_type":"article","og_title":"TRUUSK V\u00e4xthus Med D\u00f6rr - Frukostb\u00e4dd - St\u00e5l PVC - 200x100x80 cm - TRUUSK - Hem, Tr\u00e4dg\u00e5rd &amp; Fritid","og_description":"Njut av din tr\u00e4dg\u00e5rd \u00e5ret runt! Tack vare rulld\u00f6rrarna s\u00e4kerst\u00e4ller foliet\u00e4ltet dina v\u00e4xter en behaglig temperatur, ljus och tillr\u00e4cklig fukt....","og_url":"https:\/\/truusk.store\/sv\/produkt\/truusk-vaxthus-med-dorr-frukostbadd-stal-pvc-200x100x80-cm\/","og_site_name":"TRUUSK - Hem, Tr\u00e4dg\u00e5rd &amp; Fritid","article_modified_time":"2026-03-12T08:11:18+00:00","og_image":[{"width":800,"height":800,"url":"https:\/\/i0.wp.com\/truusk.se\/wp-content\/uploads\/2024\/02\/vaxthus-vaxthus-med-dorr-frukostbadd-vaxthus-vaxtodling-stal-pvc-200-x-100-x-80-cm.webp?fit=800%2C800&ssl=1","type":"image\/webp"}],"twitter_card":"summary_large_image","twitter_misc":{"Ber\u00e4knad l\u00e4stid":"1 minut"},"schema":{"@context":"https:\/\/schema.org","@graph":[{"@type":"WebPage","@id":"https:\/\/truusk.store\/sv\/produkt\/truusk-vaxthus-med-dorr-frukostbadd-stal-pvc-200x100x80-cm\/","url":"https:\/\/truusk.store\/sv\/produkt\/truusk-vaxthus-med-dorr-frukostbadd-stal-pvc-200x100x80-cm\/","name":"TRUUSK V\u00e4xthus Med D\u00f6rr - Frukostb\u00e4dd - St\u00e5l PVC - 200x100x80 cm - TRUUSK - Hem, Tr\u00e4dg\u00e5rd &amp; Fritid","isPartOf":{"@id":"https:\/\/truusk.store\/sv\/#website"},"primaryImageOfPage":{"@id":"https:\/\/truusk.store\/sv\/produkt\/truusk-vaxthus-med-dorr-frukostbadd-stal-pvc-200x100x80-cm\/#primaryimage"},"image":{"@id":"https:\/\/truusk.store\/sv\/produkt\/truusk-vaxthus-med-dorr-frukostbadd-stal-pvc-200x100x80-cm\/#primaryimage"},"thumbnailUrl":"https:\/\/i0.wp.com\/truusk.store\/wp-content\/uploads\/2024\/02\/vaxthus-vaxthus-med-dorr-frukostbadd-vaxthus-vaxtodling-stal-pvc-200-x-100-x-80-cm.webp?fit=800%2C800&ssl=1","datePublished":"2024-02-13T21:53:47+00:00","dateModified":"2026-03-12T08:11:18+00:00","breadcrumb":{"@id":"https:\/\/truusk.store\/sv\/produkt\/truusk-vaxthus-med-dorr-frukostbadd-stal-pvc-200x100x80-cm\/#breadcrumb"},"inLanguage":"sv-SE","potentialAction":[{"@type":"ReadAction","target":["https:\/\/truusk.store\/sv\/produkt\/truusk-vaxthus-med-dorr-frukostbadd-stal-pvc-200x100x80-cm\/"]}]},{"@type":"ImageObject","inLanguage":"sv-SE","@id":"https:\/\/truusk.store\/sv\/produkt\/truusk-vaxthus-med-dorr-frukostbadd-stal-pvc-200x100x80-cm\/#primaryimage","url":"https:\/\/i0.wp.com\/truusk.store\/wp-content\/uploads\/2024\/02\/vaxthus-vaxthus-med-dorr-frukostbadd-vaxthus-vaxtodling-stal-pvc-200-x-100-x-80-cm.webp?fit=800%2C800&ssl=1","contentUrl":"https:\/\/i0.wp.com\/truusk.store\/wp-content\/uploads\/2024\/02\/vaxthus-vaxthus-med-dorr-frukostbadd-vaxthus-vaxtodling-stal-pvc-200-x-100-x-80-cm.webp?fit=800%2C800&ssl=1","width":800,"height":800,"caption":"V\u00e4xthus, V\u00e4xthus Med D\u00f6rr, Frukostb\u00e4dd, V\u00e4xthus, V\u00e4xtodling, St\u00e5l PVC, 200 X 100 X 80 Cm 1"},{"@type":"BreadcrumbList","@id":"https:\/\/truusk.store\/sv\/produkt\/truusk-vaxthus-med-dorr-frukostbadd-stal-pvc-200x100x80-cm\/#breadcrumb","itemListElement":[{"@type":"ListItem","position":1,"name":"Home","item":"https:\/\/truusk.store\/sv\/"},{"@type":"ListItem","position":2,"name":"Shop","item":"https:\/\/truusk.store\/shop\/"},{"@type":"ListItem","position":3,"name":"TRUUSK V\u00e4xthus Med D\u00f6rr &#8211; Frukostb\u00e4dd &#8211; St\u00e5l PVC &#8211; 200x100x80 cm"}]},{"@type":"WebSite","@id":"https:\/\/truusk.store\/sv\/#website","url":"https:\/\/truusk.store\/sv\/","name":"TRUUSK - Hem, Tr\u00e4dg\u00e5rd & Fritid","description":"","publisher":{"@id":"https:\/\/truusk.store\/sv\/#organization"},"potentialAction":[{"@type":"SearchAction","target":{"@type":"EntryPoint","urlTemplate":"https:\/\/truusk.store\/sv\/?s={search_term_string}"},"query-input":{"@type":"PropertyValueSpecification","valueRequired":true,"valueName":"search_term_string"}}],"inLanguage":"sv-SE"},{"@type":"Organization","@id":"https:\/\/truusk.store\/sv\/#organization","name":"TRUUSK - Hem, Tr\u00e4dg\u00e5rd & Fritid","url":"https:\/\/truusk.store\/sv\/","logo":{"@type":"ImageObject","inLanguage":"sv-SE","@id":"https:\/\/truusk.store\/sv\/#\/schema\/logo\/image\/","url":"https:\/\/i0.wp.com\/truusk.store\/wp-content\/uploads\/2026\/03\/cropped-TRUUSK.png?fit=2032%2C917&ssl=1","contentUrl":"https:\/\/i0.wp.com\/truusk.store\/wp-content\/uploads\/2026\/03\/cropped-TRUUSK.png?fit=2032%2C917&ssl=1","width":2032,"height":917,"caption":"TRUUSK - Hem, Tr\u00e4dg\u00e5rd & Fritid"},"image":{"@id":"https:\/\/truusk.store\/sv\/#\/schema\/logo\/image\/"}}]}},"jetpack_sharing_enabled":true,"_links":{"self":[{"href":"https:\/\/truusk.store\/sv\/wp-json\/wp\/v2\/product\/34014","targetHints":{"allow":["GET"]}}],"collection":[{"href":"https:\/\/truusk.store\/sv\/wp-json\/wp\/v2\/product"}],"about":[{"href":"https:\/\/truusk.store\/sv\/wp-json\/wp\/v2\/types\/product"}],"wp:featuredmedia":[{"embeddable":true,"href":"https:\/\/truusk.store\/sv\/wp-json\/wp\/v2\/media\/34015"}],"wp:attachment":[{"href":"https:\/\/truusk.store\/sv\/wp-json\/wp\/v2\/media?parent=34014"}],"wp:term":[{"taxonomy":"product_brand","embeddable":true,"href":"https:\/\/truusk.store\/sv\/wp-json\/wp\/v2\/product_brand?post=34014"},{"taxonomy":"product_cat","embeddable":true,"href":"https:\/\/truusk.store\/sv\/wp-json\/wp\/v2\/product_cat?post=34014"},{"taxonomy":"product_tag","embeddable":true,"href":"https:\/\/truusk.store\/sv\/wp-json\/wp\/v2\/product_tag?post=34014"}],"curies":[{"name":"wp","href":"https:\/\/api.w.org\/{rel}","templated":true}]}}