{"id":34034,"date":"2024-02-13T22:54:24","date_gmt":"2024-02-13T21:54:24","guid":{"rendered":"https:\/\/truusk.store\/product\/folievaxthus-tomatvaxthus-med-natfonster-vaxthus-med-rulldorrar-forokningshus-med-uv-skydd-vit-200-x-100-x-215-cm\/"},"modified":"2026-03-12T09:11:18","modified_gmt":"2026-03-12T08:11:18","slug":"truusk-folievaxthus-med-natfonster-rulldorrar-uv-skydd-vit-200-x-100-x-215-cm","status":"publish","type":"product","link":"https:\/\/truusk.store\/sv\/produkt\/truusk-folievaxthus-med-natfonster-rulldorrar-uv-skydd-vit-200-x-100-x-215-cm\/","title":{"rendered":"TRUUSK Foliev\u00e4xthus med N\u00e4tf\u00f6nster &#8211; Rulld\u00f6rrar &#8211; UV-skydd &#8211; Vit &#8211; 200 x 100 x 215 cm"},"content":{"rendered":"<p>F\u00f6rl\u00e4ng din v\u00e4xts\u00e4song och skydda dina v\u00e4xter fr\u00e5n kyla och frost med v\u00e4xthuset. Detta l\u00e4tta v\u00e4xthus f\u00e4ster vid sidan av ditt tomathus, garage, lada eller skjul, vilket ger s\u00e4kert fotf\u00e4ste och extra stabilitet. Tack vare de uppf\u00e4llbara d\u00f6rrarna och f\u00f6nstren kan du reglera temperatur, luftfuktighet och solljus. Plastskyddet p\u00e5 den kalla ramen skyddar dina v\u00e4xter fr\u00e5n UV-str\u00e5lar, men sl\u00e4pper in tillr\u00e4ckligt med solljus. Njut av f\u00e4rska gr\u00f6nsaker, \u00f6rter och egenodlade tomater \u00e5ret runt.<\/p>\n<h3>Beskrivning:<\/h3>\n<ul>\n<li>L\u00e4tt\u00e5tkomlig d\u00f6rr med n\u00e4tgaller<\/li>\n<li>Anv\u00e4nd rullf\u00f6nstren f\u00f6r att se inuti och kontrollera luftfuktigheten inuti<\/li>\n<li>V\u00e4derbest\u00e4ndig, formstabil st\u00e5lram<\/li>\n<li>140 g\/m polyetenpresenning f\u00f6r att skydda mot UV-skador fr\u00e5n solen<\/li>\n<li>Ett rundat tak l\u00e5ter regnet rinna av l\u00e4tt<\/li>\n<\/ul>\n<h3>Teknisk data:<\/h3>\n<ul>\n<li>F\u00e4rg vit<\/li>\n<li>Material: PE, st\u00e5l<\/li>\n<li>Totala m\u00e5tt: 200L x 100W x 215H cm<\/li>\n<li>D\u00f6rrproduktdata: 70W x 200H cm<\/li>\n<li>F\u00f6nster produktspecifikationer: 35W x 35H cm<\/li>\n<li>R\u00f6rdiameter: 16mm<\/li>\n<li>Vindt\u00e4t: niv\u00e5 4<\/li>\n<\/ul>\n<h3>Leveransens omfattning:<\/h3>\n<ul>\n<li>1 x V\u00e4xthus<\/li>\n<li>4 x pinnar<\/li>\n<li>4 x Guy Ropes<\/li>\n<li>1 x Monteringsanvisning<\/li>\n<\/ul>\n","protected":false},"excerpt":{"rendered":"<p>F\u00f6rl\u00e4ng din v\u00e4xts\u00e4song och skydda dina v\u00e4xter fr\u00e5n kyla och frost med v\u00e4xthuset. Detta l\u00e4tta v\u00e4xthus f\u00e4ster vid sidan av&#8230;<\/p>\n","protected":false},"featured_media":34035,"template":"","meta":[],"product_brand":[],"product_cat":[444,435,443],"product_tag":[],"class_list":{"0":"post-34034","1":"product","2":"type-product","3":"status-publish","4":"has-post-thumbnail","6":"product_cat-filma-vaxthus","7":"product_cat-tradgard-och-terrass","8":"product_cat-vaxthus-tradgardsskotsel","10":"first","11":"instock","12":"sale","13":"taxable","14":"shipping-taxable","15":"purchasable","16":"product-type-simple"},"yoast_head":"<!-- This site is optimized with the Yoast SEO plugin v25.4 - https:\/\/yoast.com\/wordpress\/plugins\/seo\/ -->\n<title>TRUUSK Foliev\u00e4xthus med N\u00e4tf\u00f6nster - Rulld\u00f6rrar - UV-skydd - Vit - 200 x 100 x 215 cm - TRUUSK - Hem, Tr\u00e4dg\u00e5rd &amp; Fritid<\/title>\n<meta name=\"robots\" content=\"index, follow, max-snippet:-1, max-image-preview:large, max-video-preview:-1\" \/>\n<link rel=\"canonical\" href=\"https:\/\/truusk.store\/sv\/produkt\/truusk-folievaxthus-med-natfonster-rulldorrar-uv-skydd-vit-200-x-100-x-215-cm\/\" \/>\n<meta property=\"og:locale\" content=\"sv_SE\" \/>\n<meta property=\"og:type\" content=\"article\" \/>\n<meta property=\"og:title\" content=\"TRUUSK Foliev\u00e4xthus med N\u00e4tf\u00f6nster - Rulld\u00f6rrar - UV-skydd - Vit - 200 x 100 x 215 cm - TRUUSK - Hem, Tr\u00e4dg\u00e5rd &amp; Fritid\" \/>\n<meta property=\"og:description\" content=\"F\u00f6rl\u00e4ng din v\u00e4xts\u00e4song och skydda dina v\u00e4xter fr\u00e5n kyla och frost med v\u00e4xthuset. Detta l\u00e4tta v\u00e4xthus f\u00e4ster vid sidan av...\" \/>\n<meta property=\"og:url\" content=\"https:\/\/truusk.store\/sv\/produkt\/truusk-folievaxthus-med-natfonster-rulldorrar-uv-skydd-vit-200-x-100-x-215-cm\/\" \/>\n<meta property=\"og:site_name\" content=\"TRUUSK - Hem, Tr\u00e4dg\u00e5rd &amp; Fritid\" \/>\n<meta property=\"article:modified_time\" content=\"2026-03-12T08:11:18+00:00\" \/>\n<meta property=\"og:image\" content=\"https:\/\/i0.wp.com\/truusk.se\/wp-content\/uploads\/2024\/02\/folievaxthus-tomatvaxthus-med-natfonster-vaxthus-med-rulldorrar-forokningshus-med-uv-skydd-vit-200-x-100-x-215-cm.webp?fit=800%2C800&ssl=1\" \/>\n\t<meta property=\"og:image:width\" content=\"800\" \/>\n\t<meta property=\"og:image:height\" content=\"800\" \/>\n\t<meta property=\"og:image:type\" content=\"image\/webp\" \/>\n<meta name=\"twitter:card\" content=\"summary_large_image\" \/>\n<meta name=\"twitter:label1\" content=\"Ber\u00e4knad l\u00e4stid\" \/>\n\t<meta name=\"twitter:data1\" content=\"1 minut\" \/>\n<!-- \/ Yoast SEO plugin. -->","yoast_head_json":{"title":"TRUUSK Foliev\u00e4xthus med N\u00e4tf\u00f6nster - Rulld\u00f6rrar - UV-skydd - Vit - 200 x 100 x 215 cm - TRUUSK - Hem, Tr\u00e4dg\u00e5rd &amp; Fritid","robots":{"index":"index","follow":"follow","max-snippet":"max-snippet:-1","max-image-preview":"max-image-preview:large","max-video-preview":"max-video-preview:-1"},"canonical":"https:\/\/truusk.store\/sv\/produkt\/truusk-folievaxthus-med-natfonster-rulldorrar-uv-skydd-vit-200-x-100-x-215-cm\/","og_locale":"sv_SE","og_type":"article","og_title":"TRUUSK Foliev\u00e4xthus med N\u00e4tf\u00f6nster - Rulld\u00f6rrar - UV-skydd - Vit - 200 x 100 x 215 cm - TRUUSK - Hem, Tr\u00e4dg\u00e5rd &amp; Fritid","og_description":"F\u00f6rl\u00e4ng din v\u00e4xts\u00e4song och skydda dina v\u00e4xter fr\u00e5n kyla och frost med v\u00e4xthuset. Detta l\u00e4tta v\u00e4xthus f\u00e4ster vid sidan av...","og_url":"https:\/\/truusk.store\/sv\/produkt\/truusk-folievaxthus-med-natfonster-rulldorrar-uv-skydd-vit-200-x-100-x-215-cm\/","og_site_name":"TRUUSK - Hem, Tr\u00e4dg\u00e5rd &amp; Fritid","article_modified_time":"2026-03-12T08:11:18+00:00","og_image":[{"width":800,"height":800,"url":"https:\/\/i0.wp.com\/truusk.se\/wp-content\/uploads\/2024\/02\/folievaxthus-tomatvaxthus-med-natfonster-vaxthus-med-rulldorrar-forokningshus-med-uv-skydd-vit-200-x-100-x-215-cm.webp?fit=800%2C800&ssl=1","type":"image\/webp"}],"twitter_card":"summary_large_image","twitter_misc":{"Ber\u00e4knad l\u00e4stid":"1 minut"},"schema":{"@context":"https:\/\/schema.org","@graph":[{"@type":"WebPage","@id":"https:\/\/truusk.store\/sv\/produkt\/truusk-folievaxthus-med-natfonster-rulldorrar-uv-skydd-vit-200-x-100-x-215-cm\/","url":"https:\/\/truusk.store\/sv\/produkt\/truusk-folievaxthus-med-natfonster-rulldorrar-uv-skydd-vit-200-x-100-x-215-cm\/","name":"TRUUSK Foliev\u00e4xthus med N\u00e4tf\u00f6nster - Rulld\u00f6rrar - UV-skydd - Vit - 200 x 100 x 215 cm - TRUUSK - Hem, Tr\u00e4dg\u00e5rd &amp; Fritid","isPartOf":{"@id":"https:\/\/truusk.store\/sv\/#website"},"primaryImageOfPage":{"@id":"https:\/\/truusk.store\/sv\/produkt\/truusk-folievaxthus-med-natfonster-rulldorrar-uv-skydd-vit-200-x-100-x-215-cm\/#primaryimage"},"image":{"@id":"https:\/\/truusk.store\/sv\/produkt\/truusk-folievaxthus-med-natfonster-rulldorrar-uv-skydd-vit-200-x-100-x-215-cm\/#primaryimage"},"thumbnailUrl":"https:\/\/i0.wp.com\/truusk.store\/wp-content\/uploads\/2024\/02\/folievaxthus-tomatvaxthus-med-natfonster-vaxthus-med-rulldorrar-forokningshus-med-uv-skydd-vit-200-x-100-x-215-cm.webp?fit=800%2C800&ssl=1","datePublished":"2024-02-13T21:54:24+00:00","dateModified":"2026-03-12T08:11:18+00:00","breadcrumb":{"@id":"https:\/\/truusk.store\/sv\/produkt\/truusk-folievaxthus-med-natfonster-rulldorrar-uv-skydd-vit-200-x-100-x-215-cm\/#breadcrumb"},"inLanguage":"sv-SE","potentialAction":[{"@type":"ReadAction","target":["https:\/\/truusk.store\/sv\/produkt\/truusk-folievaxthus-med-natfonster-rulldorrar-uv-skydd-vit-200-x-100-x-215-cm\/"]}]},{"@type":"ImageObject","inLanguage":"sv-SE","@id":"https:\/\/truusk.store\/sv\/produkt\/truusk-folievaxthus-med-natfonster-rulldorrar-uv-skydd-vit-200-x-100-x-215-cm\/#primaryimage","url":"https:\/\/i0.wp.com\/truusk.store\/wp-content\/uploads\/2024\/02\/folievaxthus-tomatvaxthus-med-natfonster-vaxthus-med-rulldorrar-forokningshus-med-uv-skydd-vit-200-x-100-x-215-cm.webp?fit=800%2C800&ssl=1","contentUrl":"https:\/\/i0.wp.com\/truusk.store\/wp-content\/uploads\/2024\/02\/folievaxthus-tomatvaxthus-med-natfonster-vaxthus-med-rulldorrar-forokningshus-med-uv-skydd-vit-200-x-100-x-215-cm.webp?fit=800%2C800&ssl=1","width":800,"height":800,"caption":"Foliev\u00e4xthus Tomatv\u00e4xthus Med N\u00e4tf\u00f6nster, V\u00e4xthus Med Rulld\u00f6rrar, F\u00f6r\u00f6kningshus Med UV-skydd, Vit, 200 X 100 X 215 Cm 1"},{"@type":"BreadcrumbList","@id":"https:\/\/truusk.store\/sv\/produkt\/truusk-folievaxthus-med-natfonster-rulldorrar-uv-skydd-vit-200-x-100-x-215-cm\/#breadcrumb","itemListElement":[{"@type":"ListItem","position":1,"name":"Home","item":"https:\/\/truusk.store\/sv\/"},{"@type":"ListItem","position":2,"name":"Shop","item":"https:\/\/truusk.store\/shop\/"},{"@type":"ListItem","position":3,"name":"TRUUSK Foliev\u00e4xthus med N\u00e4tf\u00f6nster &#8211; Rulld\u00f6rrar &#8211; UV-skydd &#8211; Vit &#8211; 200 x 100 x 215 cm"}]},{"@type":"WebSite","@id":"https:\/\/truusk.store\/sv\/#website","url":"https:\/\/truusk.store\/sv\/","name":"TRUUSK - Hem, Tr\u00e4dg\u00e5rd & Fritid","description":"","publisher":{"@id":"https:\/\/truusk.store\/sv\/#organization"},"potentialAction":[{"@type":"SearchAction","target":{"@type":"EntryPoint","urlTemplate":"https:\/\/truusk.store\/sv\/?s={search_term_string}"},"query-input":{"@type":"PropertyValueSpecification","valueRequired":true,"valueName":"search_term_string"}}],"inLanguage":"sv-SE"},{"@type":"Organization","@id":"https:\/\/truusk.store\/sv\/#organization","name":"TRUUSK - Hem, Tr\u00e4dg\u00e5rd & Fritid","url":"https:\/\/truusk.store\/sv\/","logo":{"@type":"ImageObject","inLanguage":"sv-SE","@id":"https:\/\/truusk.store\/sv\/#\/schema\/logo\/image\/","url":"https:\/\/i0.wp.com\/truusk.store\/wp-content\/uploads\/2026\/03\/cropped-TRUUSK.png?fit=2032%2C917&ssl=1","contentUrl":"https:\/\/i0.wp.com\/truusk.store\/wp-content\/uploads\/2026\/03\/cropped-TRUUSK.png?fit=2032%2C917&ssl=1","width":2032,"height":917,"caption":"TRUUSK - Hem, Tr\u00e4dg\u00e5rd & Fritid"},"image":{"@id":"https:\/\/truusk.store\/sv\/#\/schema\/logo\/image\/"}}]}},"jetpack_sharing_enabled":true,"_links":{"self":[{"href":"https:\/\/truusk.store\/sv\/wp-json\/wp\/v2\/product\/34034","targetHints":{"allow":["GET"]}}],"collection":[{"href":"https:\/\/truusk.store\/sv\/wp-json\/wp\/v2\/product"}],"about":[{"href":"https:\/\/truusk.store\/sv\/wp-json\/wp\/v2\/types\/product"}],"wp:featuredmedia":[{"embeddable":true,"href":"https:\/\/truusk.store\/sv\/wp-json\/wp\/v2\/media\/34035"}],"wp:attachment":[{"href":"https:\/\/truusk.store\/sv\/wp-json\/wp\/v2\/media?parent=34034"}],"wp:term":[{"taxonomy":"product_brand","embeddable":true,"href":"https:\/\/truusk.store\/sv\/wp-json\/wp\/v2\/product_brand?post=34034"},{"taxonomy":"product_cat","embeddable":true,"href":"https:\/\/truusk.store\/sv\/wp-json\/wp\/v2\/product_cat?post=34034"},{"taxonomy":"product_tag","embeddable":true,"href":"https:\/\/truusk.store\/sv\/wp-json\/wp\/v2\/product_tag?post=34034"}],"curies":[{"name":"wp","href":"https:\/\/api.w.org\/{rel}","templated":true}]}}