{"id":34044,"date":"2024-02-13T22:54:42","date_gmt":"2024-02-13T21:54:42","guid":{"rendered":"https:\/\/truusk.store\/product\/pergola-paviljong-altantak-med-skjuttak-tradgard-aluminium-kolgra-morkgra-3x3x223-m\/"},"modified":"2026-03-12T09:11:19","modified_gmt":"2026-03-12T08:11:19","slug":"truusk-pergola-paviljong-altantak-aluminium-skjuttak-tradgard-kolgra-morkgra-3x3x223-m","status":"publish","type":"product","link":"https:\/\/truusk.store\/sv\/produkt\/truusk-pergola-paviljong-altantak-aluminium-skjuttak-tradgard-kolgra-morkgra-3x3x223-m\/","title":{"rendered":"TRUUSK Pergola Paviljong Altantak &#8211; Aluminium &#8211; Skjuttak &#8211; Tr\u00e4dg\u00e5rd &#8211; Kolgr\u00e5 + M\u00f6rkgr\u00e5 &#8211; 3x3x2,23 M"},"content":{"rendered":"<p>Om du vill sitta bekv\u00e4mt i skuggan soliga dagar \u00e4r v\u00e5r pergola det r\u00e4tta valet. Tack vare sin \u00f6ppna konstruktion kan v\u00e5r pergola anv\u00e4ndas som tr\u00e4dg\u00e5rdspaviljong, altanskydd eller baldakin och ger tillr\u00e4ckligt skydd mot direkt solljus och l\u00e4tt regn. Den h\u00f6gkvalitativa ramen av pulverlackerad aluminium s\u00e4kerst\u00e4ller stabilitet. M\u00e5ngsidig, v\u00e4lgjord och genomt\u00e4nkt. Sommaren kan komma med v\u00e5r pergola!<\/p>\n<h3>Beskrivning:<\/h3>\n<ul>\n<li>Pergola som solskydd f\u00f6r tr\u00e4dg\u00e5rden, terrassen eller balkongen<\/li>\n<li>Stark pulverlackerad aluminiumkonstruktion<\/li>\n<li>Taket kan \u00f6ppnas och st\u00e4ngas med hj\u00e4lp av r\u00e4lssystemet<\/li>\n<li>Polyester\u00f6verdrag med vattenavvisande PA-bel\u00e4ggning<\/li>\n<li>Enkel konstruktion<\/li>\n<\/ul>\n<h3>Teknisk data:<\/h3>\n<ul>\n<li>Material: aluminium, polyester<\/li>\n<li>F\u00e4rg: Kolgr\u00e5+M\u00f6rkgr\u00e5<\/li>\n<li>M\u00e5tt: 300L x 300W x 223H cm<\/li>\n<li>Pelarsidor: 257L x 250W cm<\/li>\n<li>\u00d6vre tygstorlek: 244L x 252W cm<\/li>\n<\/ul>\n<h3>Leveransens omfattning:<\/h3>\n<ul>\n<li>1 x pergola;<\/li>\n<\/ul>\n","protected":false},"excerpt":{"rendered":"<p>Om du vill sitta bekv\u00e4mt i skuggan soliga dagar \u00e4r v\u00e5r pergola det r\u00e4tta valet. Tack vare sin \u00f6ppna konstruktion&#8230;<\/p>\n","protected":false},"featured_media":34045,"template":"","meta":[],"product_brand":[],"product_cat":[478,435,476],"product_tag":[],"class_list":{"0":"post-34044","1":"product","2":"type-product","3":"status-publish","4":"has-post-thumbnail","6":"product_cat-pergola","7":"product_cat-tradgard-och-terrass","8":"product_cat-tradgardspaviljonger","10":"first","11":"instock","12":"sale","13":"taxable","14":"shipping-taxable","15":"purchasable","16":"product-type-simple"},"yoast_head":"<!-- This site is optimized with the Yoast SEO plugin v25.4 - https:\/\/yoast.com\/wordpress\/plugins\/seo\/ -->\n<title>TRUUSK Pergola Paviljong Altantak - Aluminium - Skjuttak - Tr\u00e4dg\u00e5rd - Kolgr\u00e5 + M\u00f6rkgr\u00e5 - 3x3x2,23 M - TRUUSK - Hem, Tr\u00e4dg\u00e5rd &amp; Fritid<\/title>\n<meta name=\"robots\" content=\"index, follow, max-snippet:-1, max-image-preview:large, max-video-preview:-1\" \/>\n<link rel=\"canonical\" href=\"https:\/\/truusk.store\/sv\/produkt\/truusk-pergola-paviljong-altantak-aluminium-skjuttak-tradgard-kolgra-morkgra-3x3x223-m\/\" \/>\n<meta property=\"og:locale\" content=\"sv_SE\" \/>\n<meta property=\"og:type\" content=\"article\" \/>\n<meta property=\"og:title\" content=\"TRUUSK Pergola Paviljong Altantak - Aluminium - Skjuttak - Tr\u00e4dg\u00e5rd - Kolgr\u00e5 + M\u00f6rkgr\u00e5 - 3x3x2,23 M - TRUUSK - Hem, Tr\u00e4dg\u00e5rd &amp; Fritid\" \/>\n<meta property=\"og:description\" content=\"Om du vill sitta bekv\u00e4mt i skuggan soliga dagar \u00e4r v\u00e5r pergola det r\u00e4tta valet. Tack vare sin \u00f6ppna konstruktion...\" \/>\n<meta property=\"og:url\" content=\"https:\/\/truusk.store\/sv\/produkt\/truusk-pergola-paviljong-altantak-aluminium-skjuttak-tradgard-kolgra-morkgra-3x3x223-m\/\" \/>\n<meta property=\"og:site_name\" content=\"TRUUSK - Hem, Tr\u00e4dg\u00e5rd &amp; Fritid\" \/>\n<meta property=\"article:modified_time\" content=\"2026-03-12T08:11:19+00:00\" \/>\n<meta property=\"og:image\" content=\"https:\/\/i0.wp.com\/truusk.se\/wp-content\/uploads\/2024\/02\/pergola-paviljong-altantak-med-skjuttak-tradgard-aluminium-kolgra-morkgra-3x3x223-m.webp?fit=800%2C800&ssl=1\" \/>\n\t<meta property=\"og:image:width\" content=\"800\" \/>\n\t<meta property=\"og:image:height\" content=\"800\" \/>\n\t<meta property=\"og:image:type\" content=\"image\/webp\" \/>\n<meta name=\"twitter:card\" content=\"summary_large_image\" \/>\n<meta name=\"twitter:label1\" content=\"Ber\u00e4knad l\u00e4stid\" \/>\n\t<meta name=\"twitter:data1\" content=\"1 minut\" \/>\n<!-- \/ Yoast SEO plugin. -->","yoast_head_json":{"title":"TRUUSK Pergola Paviljong Altantak - Aluminium - Skjuttak - Tr\u00e4dg\u00e5rd - Kolgr\u00e5 + M\u00f6rkgr\u00e5 - 3x3x2,23 M - TRUUSK - Hem, Tr\u00e4dg\u00e5rd &amp; Fritid","robots":{"index":"index","follow":"follow","max-snippet":"max-snippet:-1","max-image-preview":"max-image-preview:large","max-video-preview":"max-video-preview:-1"},"canonical":"https:\/\/truusk.store\/sv\/produkt\/truusk-pergola-paviljong-altantak-aluminium-skjuttak-tradgard-kolgra-morkgra-3x3x223-m\/","og_locale":"sv_SE","og_type":"article","og_title":"TRUUSK Pergola Paviljong Altantak - Aluminium - Skjuttak - Tr\u00e4dg\u00e5rd - Kolgr\u00e5 + M\u00f6rkgr\u00e5 - 3x3x2,23 M - TRUUSK - Hem, Tr\u00e4dg\u00e5rd &amp; Fritid","og_description":"Om du vill sitta bekv\u00e4mt i skuggan soliga dagar \u00e4r v\u00e5r pergola det r\u00e4tta valet. Tack vare sin \u00f6ppna konstruktion...","og_url":"https:\/\/truusk.store\/sv\/produkt\/truusk-pergola-paviljong-altantak-aluminium-skjuttak-tradgard-kolgra-morkgra-3x3x223-m\/","og_site_name":"TRUUSK - Hem, Tr\u00e4dg\u00e5rd &amp; Fritid","article_modified_time":"2026-03-12T08:11:19+00:00","og_image":[{"width":800,"height":800,"url":"https:\/\/i0.wp.com\/truusk.se\/wp-content\/uploads\/2024\/02\/pergola-paviljong-altantak-med-skjuttak-tradgard-aluminium-kolgra-morkgra-3x3x223-m.webp?fit=800%2C800&ssl=1","type":"image\/webp"}],"twitter_card":"summary_large_image","twitter_misc":{"Ber\u00e4knad l\u00e4stid":"1 minut"},"schema":{"@context":"https:\/\/schema.org","@graph":[{"@type":"WebPage","@id":"https:\/\/truusk.store\/sv\/produkt\/truusk-pergola-paviljong-altantak-aluminium-skjuttak-tradgard-kolgra-morkgra-3x3x223-m\/","url":"https:\/\/truusk.store\/sv\/produkt\/truusk-pergola-paviljong-altantak-aluminium-skjuttak-tradgard-kolgra-morkgra-3x3x223-m\/","name":"TRUUSK Pergola Paviljong Altantak - Aluminium - Skjuttak - Tr\u00e4dg\u00e5rd - Kolgr\u00e5 + M\u00f6rkgr\u00e5 - 3x3x2,23 M - TRUUSK - Hem, Tr\u00e4dg\u00e5rd &amp; Fritid","isPartOf":{"@id":"https:\/\/truusk.store\/sv\/#website"},"primaryImageOfPage":{"@id":"https:\/\/truusk.store\/sv\/produkt\/truusk-pergola-paviljong-altantak-aluminium-skjuttak-tradgard-kolgra-morkgra-3x3x223-m\/#primaryimage"},"image":{"@id":"https:\/\/truusk.store\/sv\/produkt\/truusk-pergola-paviljong-altantak-aluminium-skjuttak-tradgard-kolgra-morkgra-3x3x223-m\/#primaryimage"},"thumbnailUrl":"https:\/\/i0.wp.com\/truusk.store\/wp-content\/uploads\/2024\/02\/pergola-paviljong-altantak-med-skjuttak-tradgard-aluminium-kolgra-morkgra-3x3x223-m.webp?fit=800%2C800&ssl=1","datePublished":"2024-02-13T21:54:42+00:00","dateModified":"2026-03-12T08:11:19+00:00","breadcrumb":{"@id":"https:\/\/truusk.store\/sv\/produkt\/truusk-pergola-paviljong-altantak-aluminium-skjuttak-tradgard-kolgra-morkgra-3x3x223-m\/#breadcrumb"},"inLanguage":"sv-SE","potentialAction":[{"@type":"ReadAction","target":["https:\/\/truusk.store\/sv\/produkt\/truusk-pergola-paviljong-altantak-aluminium-skjuttak-tradgard-kolgra-morkgra-3x3x223-m\/"]}]},{"@type":"ImageObject","inLanguage":"sv-SE","@id":"https:\/\/truusk.store\/sv\/produkt\/truusk-pergola-paviljong-altantak-aluminium-skjuttak-tradgard-kolgra-morkgra-3x3x223-m\/#primaryimage","url":"https:\/\/i0.wp.com\/truusk.store\/wp-content\/uploads\/2024\/02\/pergola-paviljong-altantak-med-skjuttak-tradgard-aluminium-kolgra-morkgra-3x3x223-m.webp?fit=800%2C800&ssl=1","contentUrl":"https:\/\/i0.wp.com\/truusk.store\/wp-content\/uploads\/2024\/02\/pergola-paviljong-altantak-med-skjuttak-tradgard-aluminium-kolgra-morkgra-3x3x223-m.webp?fit=800%2C800&ssl=1","width":800,"height":800,"caption":"Pergola Paviljong Altantak Med Skjuttak Tr\u00e4dg\u00e5rd Aluminium Kolgr\u00e5 + M\u00f6rkgr\u00e5 3x3x2,23 M 1"},{"@type":"BreadcrumbList","@id":"https:\/\/truusk.store\/sv\/produkt\/truusk-pergola-paviljong-altantak-aluminium-skjuttak-tradgard-kolgra-morkgra-3x3x223-m\/#breadcrumb","itemListElement":[{"@type":"ListItem","position":1,"name":"Home","item":"https:\/\/truusk.store\/sv\/"},{"@type":"ListItem","position":2,"name":"Shop","item":"https:\/\/truusk.store\/shop\/"},{"@type":"ListItem","position":3,"name":"TRUUSK Pergola Paviljong Altantak &#8211; Aluminium &#8211; Skjuttak &#8211; Tr\u00e4dg\u00e5rd &#8211; Kolgr\u00e5 + M\u00f6rkgr\u00e5 &#8211; 3x3x2,23 M"}]},{"@type":"WebSite","@id":"https:\/\/truusk.store\/sv\/#website","url":"https:\/\/truusk.store\/sv\/","name":"TRUUSK - Hem, Tr\u00e4dg\u00e5rd & Fritid","description":"","publisher":{"@id":"https:\/\/truusk.store\/sv\/#organization"},"potentialAction":[{"@type":"SearchAction","target":{"@type":"EntryPoint","urlTemplate":"https:\/\/truusk.store\/sv\/?s={search_term_string}"},"query-input":{"@type":"PropertyValueSpecification","valueRequired":true,"valueName":"search_term_string"}}],"inLanguage":"sv-SE"},{"@type":"Organization","@id":"https:\/\/truusk.store\/sv\/#organization","name":"TRUUSK - Hem, Tr\u00e4dg\u00e5rd & Fritid","url":"https:\/\/truusk.store\/sv\/","logo":{"@type":"ImageObject","inLanguage":"sv-SE","@id":"https:\/\/truusk.store\/sv\/#\/schema\/logo\/image\/","url":"https:\/\/i0.wp.com\/truusk.store\/wp-content\/uploads\/2026\/03\/cropped-TRUUSK.png?fit=2032%2C917&ssl=1","contentUrl":"https:\/\/i0.wp.com\/truusk.store\/wp-content\/uploads\/2026\/03\/cropped-TRUUSK.png?fit=2032%2C917&ssl=1","width":2032,"height":917,"caption":"TRUUSK - Hem, Tr\u00e4dg\u00e5rd & Fritid"},"image":{"@id":"https:\/\/truusk.store\/sv\/#\/schema\/logo\/image\/"}}]}},"jetpack_sharing_enabled":true,"_links":{"self":[{"href":"https:\/\/truusk.store\/sv\/wp-json\/wp\/v2\/product\/34044","targetHints":{"allow":["GET"]}}],"collection":[{"href":"https:\/\/truusk.store\/sv\/wp-json\/wp\/v2\/product"}],"about":[{"href":"https:\/\/truusk.store\/sv\/wp-json\/wp\/v2\/types\/product"}],"wp:featuredmedia":[{"embeddable":true,"href":"https:\/\/truusk.store\/sv\/wp-json\/wp\/v2\/media\/34045"}],"wp:attachment":[{"href":"https:\/\/truusk.store\/sv\/wp-json\/wp\/v2\/media?parent=34044"}],"wp:term":[{"taxonomy":"product_brand","embeddable":true,"href":"https:\/\/truusk.store\/sv\/wp-json\/wp\/v2\/product_brand?post=34044"},{"taxonomy":"product_cat","embeddable":true,"href":"https:\/\/truusk.store\/sv\/wp-json\/wp\/v2\/product_cat?post=34044"},{"taxonomy":"product_tag","embeddable":true,"href":"https:\/\/truusk.store\/sv\/wp-json\/wp\/v2\/product_tag?post=34044"}],"curies":[{"name":"wp","href":"https:\/\/api.w.org\/{rel}","templated":true}]}}