{"id":34149,"date":"2024-02-13T22:57:55","date_gmt":"2024-02-13T21:57:55","guid":{"rendered":"https:\/\/truusk.store\/product\/folievaxthus-ingangsskjul-tomatvaxthus-grodd-med-6-hyllor-transparent-stal-pvc-plast-142-x-73-x-195-cm\/"},"modified":"2026-03-12T09:11:19","modified_gmt":"2026-03-12T08:11:19","slug":"truusk-transparent-folievaxthus-ingangsskjul-tomatvaxthus-6-hyllor-pvc-plast-142-x-73-x-195-cm","status":"publish","type":"product","link":"https:\/\/truusk.store\/sv\/produkt\/truusk-transparent-folievaxthus-ingangsskjul-tomatvaxthus-6-hyllor-pvc-plast-142-x-73-x-195-cm\/","title":{"rendered":"TRUUSK Transparent Foliev\u00e4xthus &#8211; Ing\u00e5ngsskjul &#8211; Tomatv\u00e4xthus &#8211; 6 Hyllor &#8211; PVC-plast &#8211; 142 x 73 x 195 cm"},"content":{"rendered":"<p>V\u00e5rt v\u00e4xthus best\u00e5r av ett l\u00e4tt men robust PE-skydd och en pulverlackerad st\u00e5lram. V\u00e4xthusets lucka med dragkedja m\u00f6jligg\u00f6r enkel \u00e5tkomst och ventilation och kan l\u00e5sas vid behov f\u00f6r att bibeh\u00e5lla inomhusklimatet. Detta g\u00f6r v\u00e4xthuset idealiskt f\u00f6r att reglera temperaturen och skydda dina plantor fr\u00e5n v\u00e4der och vind under hela \u00e5ret.<\/p>\n<h3>Beskrivning:<\/h3>\n<ul>\n<li>Idealisk f\u00f6r att f\u00f6rl\u00e4nga v\u00e4xts\u00e4songen och skydda v\u00e4xter fr\u00e5n extrema utomhustemperaturer &#8211; Med foder f\u00f6r dina v\u00e4xtkrukor &#8211; Roll-up d\u00f6rr med dragkedja f\u00f6r \u00e5tkomst<\/li>\n<li>Slitstarkt, genomskinligt PE-plastskydd skyddar v\u00e4xter samtidigt som det l\u00e5ter viktigt solljus passera igenom<\/li>\n<li>Den pulverlackerade st\u00e5lramen skyddar mot flisning och flagning<\/li>\n<li>Montering kr\u00e4vs<\/li>\n<\/ul>\n<h3>Teknisk data:<\/h3>\n<ul>\n<li>F\u00e4rg: Transparent<\/li>\n<li>Material: st\u00e5l, PVC<\/li>\n<li>\u00d6vergripande m\u00e5tt: 142L x 73W x 195H cm<\/li>\n<li>M\u00e5tt p\u00e5 hyllan: 73L x 32W cm &#8211; Hyllh\u00f6jd: 40 cm<\/li>\n<li>Vindt\u00e4t: niv\u00e5 4<\/li>\n<li>Inkluderar: 4 snurrrep och 4 pinnar<\/li>\n<\/ul>\n<h3>Leveransens omfattning:<\/h3>\n<ul>\n<li>1 x foliev\u00e4xthus<\/li>\n<li>4 x Sp\u00e4nnlina<\/li>\n<li>4 x sill<\/li>\n<\/ul>\n","protected":false},"excerpt":{"rendered":"<p>V\u00e5rt v\u00e4xthus best\u00e5r av ett l\u00e4tt men robust PE-skydd och en pulverlackerad st\u00e5lram. V\u00e4xthusets lucka med dragkedja m\u00f6jligg\u00f6r enkel \u00e5tkomst&#8230;<\/p>\n","protected":false},"featured_media":34150,"template":"","meta":[],"product_brand":[],"product_cat":[444,435,443],"product_tag":[],"class_list":{"0":"post-34149","1":"product","2":"type-product","3":"status-publish","4":"has-post-thumbnail","6":"product_cat-filma-vaxthus","7":"product_cat-tradgard-och-terrass","8":"product_cat-vaxthus-tradgardsskotsel","10":"first","11":"instock","12":"sale","13":"taxable","14":"shipping-taxable","15":"purchasable","16":"product-type-simple"},"yoast_head":"<!-- This site is optimized with the Yoast SEO plugin v25.4 - https:\/\/yoast.com\/wordpress\/plugins\/seo\/ -->\n<title>TRUUSK Transparent Foliev\u00e4xthus - Ing\u00e5ngsskjul - Tomatv\u00e4xthus - 6 Hyllor - PVC-plast - 142 x 73 x 195 cm - TRUUSK - Hem, Tr\u00e4dg\u00e5rd &amp; Fritid<\/title>\n<meta name=\"robots\" content=\"index, follow, max-snippet:-1, max-image-preview:large, max-video-preview:-1\" \/>\n<link rel=\"canonical\" href=\"https:\/\/truusk.store\/sv\/produkt\/truusk-transparent-folievaxthus-ingangsskjul-tomatvaxthus-6-hyllor-pvc-plast-142-x-73-x-195-cm\/\" \/>\n<meta property=\"og:locale\" content=\"sv_SE\" \/>\n<meta property=\"og:type\" content=\"article\" \/>\n<meta property=\"og:title\" content=\"TRUUSK Transparent Foliev\u00e4xthus - Ing\u00e5ngsskjul - Tomatv\u00e4xthus - 6 Hyllor - PVC-plast - 142 x 73 x 195 cm - TRUUSK - Hem, Tr\u00e4dg\u00e5rd &amp; Fritid\" \/>\n<meta property=\"og:description\" content=\"V\u00e5rt v\u00e4xthus best\u00e5r av ett l\u00e4tt men robust PE-skydd och en pulverlackerad st\u00e5lram. V\u00e4xthusets lucka med dragkedja m\u00f6jligg\u00f6r enkel \u00e5tkomst...\" \/>\n<meta property=\"og:url\" content=\"https:\/\/truusk.store\/sv\/produkt\/truusk-transparent-folievaxthus-ingangsskjul-tomatvaxthus-6-hyllor-pvc-plast-142-x-73-x-195-cm\/\" \/>\n<meta property=\"og:site_name\" content=\"TRUUSK - Hem, Tr\u00e4dg\u00e5rd &amp; Fritid\" \/>\n<meta property=\"article:modified_time\" content=\"2026-03-12T08:11:19+00:00\" \/>\n<meta property=\"og:image\" content=\"https:\/\/i0.wp.com\/truusk.se\/wp-content\/uploads\/2024\/02\/folievaxthus-ingangsskjul-tomatvaxthus-grodd-med-6-hyllor-transparent-stal-pvc-plast-142-x-73-x-195-cm.webp?fit=800%2C800&ssl=1\" \/>\n\t<meta property=\"og:image:width\" content=\"800\" \/>\n\t<meta property=\"og:image:height\" content=\"800\" \/>\n\t<meta property=\"og:image:type\" content=\"image\/webp\" \/>\n<meta name=\"twitter:card\" content=\"summary_large_image\" \/>\n<meta name=\"twitter:label1\" content=\"Ber\u00e4knad l\u00e4stid\" \/>\n\t<meta name=\"twitter:data1\" content=\"1 minut\" \/>\n<!-- \/ Yoast SEO plugin. -->","yoast_head_json":{"title":"TRUUSK Transparent Foliev\u00e4xthus - Ing\u00e5ngsskjul - Tomatv\u00e4xthus - 6 Hyllor - PVC-plast - 142 x 73 x 195 cm - TRUUSK - Hem, Tr\u00e4dg\u00e5rd &amp; Fritid","robots":{"index":"index","follow":"follow","max-snippet":"max-snippet:-1","max-image-preview":"max-image-preview:large","max-video-preview":"max-video-preview:-1"},"canonical":"https:\/\/truusk.store\/sv\/produkt\/truusk-transparent-folievaxthus-ingangsskjul-tomatvaxthus-6-hyllor-pvc-plast-142-x-73-x-195-cm\/","og_locale":"sv_SE","og_type":"article","og_title":"TRUUSK Transparent Foliev\u00e4xthus - Ing\u00e5ngsskjul - Tomatv\u00e4xthus - 6 Hyllor - PVC-plast - 142 x 73 x 195 cm - TRUUSK - Hem, Tr\u00e4dg\u00e5rd &amp; Fritid","og_description":"V\u00e5rt v\u00e4xthus best\u00e5r av ett l\u00e4tt men robust PE-skydd och en pulverlackerad st\u00e5lram. V\u00e4xthusets lucka med dragkedja m\u00f6jligg\u00f6r enkel \u00e5tkomst...","og_url":"https:\/\/truusk.store\/sv\/produkt\/truusk-transparent-folievaxthus-ingangsskjul-tomatvaxthus-6-hyllor-pvc-plast-142-x-73-x-195-cm\/","og_site_name":"TRUUSK - Hem, Tr\u00e4dg\u00e5rd &amp; Fritid","article_modified_time":"2026-03-12T08:11:19+00:00","og_image":[{"width":800,"height":800,"url":"https:\/\/i0.wp.com\/truusk.se\/wp-content\/uploads\/2024\/02\/folievaxthus-ingangsskjul-tomatvaxthus-grodd-med-6-hyllor-transparent-stal-pvc-plast-142-x-73-x-195-cm.webp?fit=800%2C800&ssl=1","type":"image\/webp"}],"twitter_card":"summary_large_image","twitter_misc":{"Ber\u00e4knad l\u00e4stid":"1 minut"},"schema":{"@context":"https:\/\/schema.org","@graph":[{"@type":"WebPage","@id":"https:\/\/truusk.store\/sv\/produkt\/truusk-transparent-folievaxthus-ingangsskjul-tomatvaxthus-6-hyllor-pvc-plast-142-x-73-x-195-cm\/","url":"https:\/\/truusk.store\/sv\/produkt\/truusk-transparent-folievaxthus-ingangsskjul-tomatvaxthus-6-hyllor-pvc-plast-142-x-73-x-195-cm\/","name":"TRUUSK Transparent Foliev\u00e4xthus - Ing\u00e5ngsskjul - Tomatv\u00e4xthus - 6 Hyllor - PVC-plast - 142 x 73 x 195 cm - TRUUSK - Hem, Tr\u00e4dg\u00e5rd &amp; Fritid","isPartOf":{"@id":"https:\/\/truusk.store\/sv\/#website"},"primaryImageOfPage":{"@id":"https:\/\/truusk.store\/sv\/produkt\/truusk-transparent-folievaxthus-ingangsskjul-tomatvaxthus-6-hyllor-pvc-plast-142-x-73-x-195-cm\/#primaryimage"},"image":{"@id":"https:\/\/truusk.store\/sv\/produkt\/truusk-transparent-folievaxthus-ingangsskjul-tomatvaxthus-6-hyllor-pvc-plast-142-x-73-x-195-cm\/#primaryimage"},"thumbnailUrl":"https:\/\/i0.wp.com\/truusk.store\/wp-content\/uploads\/2024\/02\/folievaxthus-ingangsskjul-tomatvaxthus-grodd-med-6-hyllor-transparent-stal-pvc-plast-142-x-73-x-195-cm.webp?fit=800%2C800&ssl=1","datePublished":"2024-02-13T21:57:55+00:00","dateModified":"2026-03-12T08:11:19+00:00","breadcrumb":{"@id":"https:\/\/truusk.store\/sv\/produkt\/truusk-transparent-folievaxthus-ingangsskjul-tomatvaxthus-6-hyllor-pvc-plast-142-x-73-x-195-cm\/#breadcrumb"},"inLanguage":"sv-SE","potentialAction":[{"@type":"ReadAction","target":["https:\/\/truusk.store\/sv\/produkt\/truusk-transparent-folievaxthus-ingangsskjul-tomatvaxthus-6-hyllor-pvc-plast-142-x-73-x-195-cm\/"]}]},{"@type":"ImageObject","inLanguage":"sv-SE","@id":"https:\/\/truusk.store\/sv\/produkt\/truusk-transparent-folievaxthus-ingangsskjul-tomatvaxthus-6-hyllor-pvc-plast-142-x-73-x-195-cm\/#primaryimage","url":"https:\/\/i0.wp.com\/truusk.store\/wp-content\/uploads\/2024\/02\/folievaxthus-ingangsskjul-tomatvaxthus-grodd-med-6-hyllor-transparent-stal-pvc-plast-142-x-73-x-195-cm.webp?fit=800%2C800&ssl=1","contentUrl":"https:\/\/i0.wp.com\/truusk.store\/wp-content\/uploads\/2024\/02\/folievaxthus-ingangsskjul-tomatvaxthus-grodd-med-6-hyllor-transparent-stal-pvc-plast-142-x-73-x-195-cm.webp?fit=800%2C800&ssl=1","width":800,"height":800,"caption":"Foliev\u00e4xthus, Ing\u00e5ngsskjul, Tomatv\u00e4xthus, Grodd Med 6 Hyllor, Transparent St\u00e5l, PVC-plast, 142 X 73 X 195 Cm 1"},{"@type":"BreadcrumbList","@id":"https:\/\/truusk.store\/sv\/produkt\/truusk-transparent-folievaxthus-ingangsskjul-tomatvaxthus-6-hyllor-pvc-plast-142-x-73-x-195-cm\/#breadcrumb","itemListElement":[{"@type":"ListItem","position":1,"name":"Home","item":"https:\/\/truusk.store\/sv\/"},{"@type":"ListItem","position":2,"name":"Shop","item":"https:\/\/truusk.store\/shop\/"},{"@type":"ListItem","position":3,"name":"TRUUSK Transparent Foliev\u00e4xthus &#8211; Ing\u00e5ngsskjul &#8211; Tomatv\u00e4xthus &#8211; 6 Hyllor &#8211; PVC-plast &#8211; 142 x 73 x 195 cm"}]},{"@type":"WebSite","@id":"https:\/\/truusk.store\/sv\/#website","url":"https:\/\/truusk.store\/sv\/","name":"TRUUSK - Hem, Tr\u00e4dg\u00e5rd & Fritid","description":"","publisher":{"@id":"https:\/\/truusk.store\/sv\/#organization"},"potentialAction":[{"@type":"SearchAction","target":{"@type":"EntryPoint","urlTemplate":"https:\/\/truusk.store\/sv\/?s={search_term_string}"},"query-input":{"@type":"PropertyValueSpecification","valueRequired":true,"valueName":"search_term_string"}}],"inLanguage":"sv-SE"},{"@type":"Organization","@id":"https:\/\/truusk.store\/sv\/#organization","name":"TRUUSK - Hem, Tr\u00e4dg\u00e5rd & Fritid","url":"https:\/\/truusk.store\/sv\/","logo":{"@type":"ImageObject","inLanguage":"sv-SE","@id":"https:\/\/truusk.store\/sv\/#\/schema\/logo\/image\/","url":"https:\/\/i0.wp.com\/truusk.store\/wp-content\/uploads\/2026\/03\/cropped-TRUUSK.png?fit=2032%2C917&ssl=1","contentUrl":"https:\/\/i0.wp.com\/truusk.store\/wp-content\/uploads\/2026\/03\/cropped-TRUUSK.png?fit=2032%2C917&ssl=1","width":2032,"height":917,"caption":"TRUUSK - Hem, Tr\u00e4dg\u00e5rd & Fritid"},"image":{"@id":"https:\/\/truusk.store\/sv\/#\/schema\/logo\/image\/"}}]}},"jetpack_sharing_enabled":true,"_links":{"self":[{"href":"https:\/\/truusk.store\/sv\/wp-json\/wp\/v2\/product\/34149","targetHints":{"allow":["GET"]}}],"collection":[{"href":"https:\/\/truusk.store\/sv\/wp-json\/wp\/v2\/product"}],"about":[{"href":"https:\/\/truusk.store\/sv\/wp-json\/wp\/v2\/types\/product"}],"wp:featuredmedia":[{"embeddable":true,"href":"https:\/\/truusk.store\/sv\/wp-json\/wp\/v2\/media\/34150"}],"wp:attachment":[{"href":"https:\/\/truusk.store\/sv\/wp-json\/wp\/v2\/media?parent=34149"}],"wp:term":[{"taxonomy":"product_brand","embeddable":true,"href":"https:\/\/truusk.store\/sv\/wp-json\/wp\/v2\/product_brand?post=34149"},{"taxonomy":"product_cat","embeddable":true,"href":"https:\/\/truusk.store\/sv\/wp-json\/wp\/v2\/product_cat?post=34149"},{"taxonomy":"product_tag","embeddable":true,"href":"https:\/\/truusk.store\/sv\/wp-json\/wp\/v2\/product_tag?post=34149"}],"curies":[{"name":"wp","href":"https:\/\/api.w.org\/{rel}","templated":true}]}}