{"id":34236,"date":"2024-02-13T23:00:41","date_gmt":"2024-02-13T22:00:41","guid":{"rendered":"https:\/\/truusk.store\/product\/skrapstolpe-takhogt-228-260-cm-hoj-och-sankbart-katttrad-klattertrad-for-katter-med-3-nivaer-kattskrapstolpe-lektrad-fran-golv-till-tak-khaki\/"},"modified":"2026-03-12T09:11:21","modified_gmt":"2026-03-12T08:11:21","slug":"truusk-skrapstolpe-takhogt-228-260-cm-hoj-och-sankbart-klattertrad-for-katter-3-nivaer-kattskrapstolpe-lektrad-khaki","status":"publish","type":"product","link":"https:\/\/truusk.store\/sv\/produkt\/truusk-skrapstolpe-takhogt-228-260-cm-hoj-och-sankbart-klattertrad-for-katter-3-nivaer-kattskrapstolpe-lektrad-khaki\/","title":{"rendered":"TRUUSK Skrapstolpe Takh\u00f6gt &#8211; 228-260 Cm H\u00f6j- Och S\u00e4nkbart &#8211; Kl\u00e4ttertr\u00e4d F\u00f6r Katter &#8211; 3 Niv\u00e5er &#8211; Kattskrapstolpe &#8211; Lektr\u00e4d &#8211; Khaki"},"content":{"rendered":"<p>Underh\u00e5ll dina katter med detta katttr\u00e4d! Denna speciella lekplats f\u00f6r husdjur erbjuder m\u00e5nga superroliga och intressanta aktiviteter f\u00f6r dina fyrbenta v\u00e4nner. Med 4 plattformar f\u00f6r att sova och sola \u00e4r detta multifunktionella katttr\u00e4d den perfekta l\u00f6sningen f\u00f6r hem med mer \u00e4n en lekfull katt! Kattskrapor \u00e4r f\u00f6rdelaktiga f\u00f6r b\u00e5de husdjur och \u00e4gare eftersom de ger katter en plats att sk\u00e4mma bort sin \u00f6nskan att klia.<\/p>\n<h3>Beskrivning:<\/h3>\n<ul>\n<li>4 plattformar f\u00f6r att ge dina livliga katter gott om plats att lounge och leka<\/li>\n<li>Dragst\u00e5ngen kan justeras till en h\u00f6jd av 32 cm och kan placeras i taket<\/li>\n<li>Den varierade strukturen g\u00f6r att flera katter kan hoppa och vila p\u00e5 den samtidigt<\/li>\n<li>Med en fluffig plysch ovandel f\u00f6r att mysa och vila<\/li>\n<li>Enkel montering kr\u00e4vs<\/li>\n<\/ul>\n<h3>Teknisk data:<\/h3>\n<ul>\n<li>F\u00e4rg: Khaki<\/li>\n<li>Material: E1 kvalitetssp\u00e5nskiva, plysch polyester<\/li>\n<li>\u00d6vergripande m\u00e5tt: 43L x 27W x 228-260H cm<\/li>\n<li>Den justerbara h\u00f6jden p\u00e5 toppr\u00f6ret: 32 cm<\/li>\n<li>R\u00f6rstorlek: 2 cm<\/li>\n<li>Toppblocksstorlek: 10 cm<\/li>\n<li>M\u00e5tt p\u00e5 pelaren: 9,5 cm<\/li>\n<\/ul>\n<h3>Leveransens omfattning:<\/h3>\n<ul>\n<li>1 x skrapstolpe<\/li>\n<li>1 x Instruktioner<\/li>\n<\/ul>\n","protected":false},"excerpt":{"rendered":"<p>Underh\u00e5ll dina katter med detta katttr\u00e4d! Denna speciella lekplats f\u00f6r husdjur erbjuder m\u00e5nga superroliga och intressanta aktiviteter f\u00f6r dina fyrbenta&#8230;<\/p>\n","protected":false},"featured_media":34237,"template":"","meta":[],"product_brand":[],"product_cat":[573,588,589],"product_tag":[],"class_list":{"0":"post-34236","1":"product","2":"type-product","3":"status-publish","4":"has-post-thumbnail","6":"product_cat-husdjursmaterial","7":"product_cat-katttillbehor","8":"product_cat-skrapande-inlagg","10":"first","11":"instock","12":"sale","13":"taxable","14":"shipping-taxable","15":"purchasable","16":"product-type-simple"},"yoast_head":"<!-- This site is optimized with the Yoast SEO plugin v25.4 - https:\/\/yoast.com\/wordpress\/plugins\/seo\/ -->\n<title>TRUUSK Skrapstolpe Takh\u00f6gt - 228-260 Cm H\u00f6j- Och S\u00e4nkbart - Kl\u00e4ttertr\u00e4d F\u00f6r Katter - 3 Niv\u00e5er - Kattskrapstolpe - Lektr\u00e4d - Khaki - TRUUSK - Hem, Tr\u00e4dg\u00e5rd &amp; Fritid<\/title>\n<meta name=\"robots\" content=\"index, follow, max-snippet:-1, max-image-preview:large, max-video-preview:-1\" \/>\n<link rel=\"canonical\" href=\"https:\/\/truusk.store\/sv\/produkt\/truusk-skrapstolpe-takhogt-228-260-cm-hoj-och-sankbart-klattertrad-for-katter-3-nivaer-kattskrapstolpe-lektrad-khaki\/\" \/>\n<meta property=\"og:locale\" content=\"sv_SE\" \/>\n<meta property=\"og:type\" content=\"article\" \/>\n<meta property=\"og:title\" content=\"TRUUSK Skrapstolpe Takh\u00f6gt - 228-260 Cm H\u00f6j- Och S\u00e4nkbart - Kl\u00e4ttertr\u00e4d F\u00f6r Katter - 3 Niv\u00e5er - Kattskrapstolpe - Lektr\u00e4d - Khaki - TRUUSK - Hem, Tr\u00e4dg\u00e5rd &amp; Fritid\" \/>\n<meta property=\"og:description\" content=\"Underh\u00e5ll dina katter med detta katttr\u00e4d! Denna speciella lekplats f\u00f6r husdjur erbjuder m\u00e5nga superroliga och intressanta aktiviteter f\u00f6r dina fyrbenta...\" \/>\n<meta property=\"og:url\" content=\"https:\/\/truusk.store\/sv\/produkt\/truusk-skrapstolpe-takhogt-228-260-cm-hoj-och-sankbart-klattertrad-for-katter-3-nivaer-kattskrapstolpe-lektrad-khaki\/\" \/>\n<meta property=\"og:site_name\" content=\"TRUUSK - Hem, Tr\u00e4dg\u00e5rd &amp; Fritid\" \/>\n<meta property=\"article:modified_time\" content=\"2026-03-12T08:11:21+00:00\" \/>\n<meta property=\"og:image\" content=\"https:\/\/i0.wp.com\/truusk.se\/wp-content\/uploads\/2024\/02\/skrapstolpe-takhogt-228-260-cm-hoj-och-sankbart-katttrad-klattertrad-for-katter-med-3-nivaer-kattskrapstolpe-lektrad-fran-golv-till-tak-khaki.webp?fit=800%2C800&ssl=1\" \/>\n\t<meta property=\"og:image:width\" content=\"800\" \/>\n\t<meta property=\"og:image:height\" content=\"800\" \/>\n\t<meta property=\"og:image:type\" content=\"image\/webp\" \/>\n<meta name=\"twitter:card\" content=\"summary_large_image\" \/>\n<meta name=\"twitter:label1\" content=\"Ber\u00e4knad l\u00e4stid\" \/>\n\t<meta name=\"twitter:data1\" content=\"1 minut\" \/>\n<!-- \/ Yoast SEO plugin. -->","yoast_head_json":{"title":"TRUUSK Skrapstolpe Takh\u00f6gt - 228-260 Cm H\u00f6j- Och S\u00e4nkbart - Kl\u00e4ttertr\u00e4d F\u00f6r Katter - 3 Niv\u00e5er - Kattskrapstolpe - Lektr\u00e4d - Khaki - TRUUSK - Hem, Tr\u00e4dg\u00e5rd &amp; Fritid","robots":{"index":"index","follow":"follow","max-snippet":"max-snippet:-1","max-image-preview":"max-image-preview:large","max-video-preview":"max-video-preview:-1"},"canonical":"https:\/\/truusk.store\/sv\/produkt\/truusk-skrapstolpe-takhogt-228-260-cm-hoj-och-sankbart-klattertrad-for-katter-3-nivaer-kattskrapstolpe-lektrad-khaki\/","og_locale":"sv_SE","og_type":"article","og_title":"TRUUSK Skrapstolpe Takh\u00f6gt - 228-260 Cm H\u00f6j- Och S\u00e4nkbart - Kl\u00e4ttertr\u00e4d F\u00f6r Katter - 3 Niv\u00e5er - Kattskrapstolpe - Lektr\u00e4d - Khaki - TRUUSK - Hem, Tr\u00e4dg\u00e5rd &amp; Fritid","og_description":"Underh\u00e5ll dina katter med detta katttr\u00e4d! Denna speciella lekplats f\u00f6r husdjur erbjuder m\u00e5nga superroliga och intressanta aktiviteter f\u00f6r dina fyrbenta...","og_url":"https:\/\/truusk.store\/sv\/produkt\/truusk-skrapstolpe-takhogt-228-260-cm-hoj-och-sankbart-klattertrad-for-katter-3-nivaer-kattskrapstolpe-lektrad-khaki\/","og_site_name":"TRUUSK - Hem, Tr\u00e4dg\u00e5rd &amp; Fritid","article_modified_time":"2026-03-12T08:11:21+00:00","og_image":[{"width":800,"height":800,"url":"https:\/\/i0.wp.com\/truusk.se\/wp-content\/uploads\/2024\/02\/skrapstolpe-takhogt-228-260-cm-hoj-och-sankbart-katttrad-klattertrad-for-katter-med-3-nivaer-kattskrapstolpe-lektrad-fran-golv-till-tak-khaki.webp?fit=800%2C800&ssl=1","type":"image\/webp"}],"twitter_card":"summary_large_image","twitter_misc":{"Ber\u00e4knad l\u00e4stid":"1 minut"},"schema":{"@context":"https:\/\/schema.org","@graph":[{"@type":"WebPage","@id":"https:\/\/truusk.store\/sv\/produkt\/truusk-skrapstolpe-takhogt-228-260-cm-hoj-och-sankbart-klattertrad-for-katter-3-nivaer-kattskrapstolpe-lektrad-khaki\/","url":"https:\/\/truusk.store\/sv\/produkt\/truusk-skrapstolpe-takhogt-228-260-cm-hoj-och-sankbart-klattertrad-for-katter-3-nivaer-kattskrapstolpe-lektrad-khaki\/","name":"TRUUSK Skrapstolpe Takh\u00f6gt - 228-260 Cm H\u00f6j- Och S\u00e4nkbart - Kl\u00e4ttertr\u00e4d F\u00f6r Katter - 3 Niv\u00e5er - Kattskrapstolpe - Lektr\u00e4d - Khaki - TRUUSK - Hem, Tr\u00e4dg\u00e5rd &amp; Fritid","isPartOf":{"@id":"https:\/\/truusk.store\/sv\/#website"},"primaryImageOfPage":{"@id":"https:\/\/truusk.store\/sv\/produkt\/truusk-skrapstolpe-takhogt-228-260-cm-hoj-och-sankbart-klattertrad-for-katter-3-nivaer-kattskrapstolpe-lektrad-khaki\/#primaryimage"},"image":{"@id":"https:\/\/truusk.store\/sv\/produkt\/truusk-skrapstolpe-takhogt-228-260-cm-hoj-och-sankbart-klattertrad-for-katter-3-nivaer-kattskrapstolpe-lektrad-khaki\/#primaryimage"},"thumbnailUrl":"https:\/\/i0.wp.com\/truusk.store\/wp-content\/uploads\/2024\/02\/skrapstolpe-takhogt-228-260-cm-hoj-och-sankbart-katttrad-klattertrad-for-katter-med-3-nivaer-kattskrapstolpe-lektrad-fran-golv-till-tak-khaki.webp?fit=800%2C800&ssl=1","datePublished":"2024-02-13T22:00:41+00:00","dateModified":"2026-03-12T08:11:21+00:00","breadcrumb":{"@id":"https:\/\/truusk.store\/sv\/produkt\/truusk-skrapstolpe-takhogt-228-260-cm-hoj-och-sankbart-klattertrad-for-katter-3-nivaer-kattskrapstolpe-lektrad-khaki\/#breadcrumb"},"inLanguage":"sv-SE","potentialAction":[{"@type":"ReadAction","target":["https:\/\/truusk.store\/sv\/produkt\/truusk-skrapstolpe-takhogt-228-260-cm-hoj-och-sankbart-klattertrad-for-katter-3-nivaer-kattskrapstolpe-lektrad-khaki\/"]}]},{"@type":"ImageObject","inLanguage":"sv-SE","@id":"https:\/\/truusk.store\/sv\/produkt\/truusk-skrapstolpe-takhogt-228-260-cm-hoj-och-sankbart-klattertrad-for-katter-3-nivaer-kattskrapstolpe-lektrad-khaki\/#primaryimage","url":"https:\/\/i0.wp.com\/truusk.store\/wp-content\/uploads\/2024\/02\/skrapstolpe-takhogt-228-260-cm-hoj-och-sankbart-katttrad-klattertrad-for-katter-med-3-nivaer-kattskrapstolpe-lektrad-fran-golv-till-tak-khaki.webp?fit=800%2C800&ssl=1","contentUrl":"https:\/\/i0.wp.com\/truusk.store\/wp-content\/uploads\/2024\/02\/skrapstolpe-takhogt-228-260-cm-hoj-och-sankbart-katttrad-klattertrad-for-katter-med-3-nivaer-kattskrapstolpe-lektrad-fran-golv-till-tak-khaki.webp?fit=800%2C800&ssl=1","width":800,"height":800,"caption":"Skrapstolpe Takh\u00f6gt, 228-260 Cm H\u00f6j- Och S\u00e4nkbart Katttr\u00e4d Kl\u00e4ttertr\u00e4d F\u00f6r Katter Med 3 Niv\u00e5er, Kattskrapstolpe, Lektr\u00e4d Fr\u00e5n Golv Till Tak Khaki 1"},{"@type":"BreadcrumbList","@id":"https:\/\/truusk.store\/sv\/produkt\/truusk-skrapstolpe-takhogt-228-260-cm-hoj-och-sankbart-klattertrad-for-katter-3-nivaer-kattskrapstolpe-lektrad-khaki\/#breadcrumb","itemListElement":[{"@type":"ListItem","position":1,"name":"Home","item":"https:\/\/truusk.store\/sv\/"},{"@type":"ListItem","position":2,"name":"Shop","item":"https:\/\/truusk.store\/shop\/"},{"@type":"ListItem","position":3,"name":"TRUUSK Skrapstolpe Takh\u00f6gt &#8211; 228-260 Cm H\u00f6j- Och S\u00e4nkbart &#8211; Kl\u00e4ttertr\u00e4d F\u00f6r Katter &#8211; 3 Niv\u00e5er &#8211; Kattskrapstolpe &#8211; Lektr\u00e4d &#8211; Khaki"}]},{"@type":"WebSite","@id":"https:\/\/truusk.store\/sv\/#website","url":"https:\/\/truusk.store\/sv\/","name":"TRUUSK - Hem, Tr\u00e4dg\u00e5rd & Fritid","description":"","publisher":{"@id":"https:\/\/truusk.store\/sv\/#organization"},"potentialAction":[{"@type":"SearchAction","target":{"@type":"EntryPoint","urlTemplate":"https:\/\/truusk.store\/sv\/?s={search_term_string}"},"query-input":{"@type":"PropertyValueSpecification","valueRequired":true,"valueName":"search_term_string"}}],"inLanguage":"sv-SE"},{"@type":"Organization","@id":"https:\/\/truusk.store\/sv\/#organization","name":"TRUUSK - Hem, Tr\u00e4dg\u00e5rd & Fritid","url":"https:\/\/truusk.store\/sv\/","logo":{"@type":"ImageObject","inLanguage":"sv-SE","@id":"https:\/\/truusk.store\/sv\/#\/schema\/logo\/image\/","url":"https:\/\/i0.wp.com\/truusk.store\/wp-content\/uploads\/2026\/03\/cropped-TRUUSK.png?fit=2032%2C917&ssl=1","contentUrl":"https:\/\/i0.wp.com\/truusk.store\/wp-content\/uploads\/2026\/03\/cropped-TRUUSK.png?fit=2032%2C917&ssl=1","width":2032,"height":917,"caption":"TRUUSK - Hem, Tr\u00e4dg\u00e5rd & Fritid"},"image":{"@id":"https:\/\/truusk.store\/sv\/#\/schema\/logo\/image\/"}}]}},"jetpack_sharing_enabled":true,"_links":{"self":[{"href":"https:\/\/truusk.store\/sv\/wp-json\/wp\/v2\/product\/34236","targetHints":{"allow":["GET"]}}],"collection":[{"href":"https:\/\/truusk.store\/sv\/wp-json\/wp\/v2\/product"}],"about":[{"href":"https:\/\/truusk.store\/sv\/wp-json\/wp\/v2\/types\/product"}],"wp:featuredmedia":[{"embeddable":true,"href":"https:\/\/truusk.store\/sv\/wp-json\/wp\/v2\/media\/34237"}],"wp:attachment":[{"href":"https:\/\/truusk.store\/sv\/wp-json\/wp\/v2\/media?parent=34236"}],"wp:term":[{"taxonomy":"product_brand","embeddable":true,"href":"https:\/\/truusk.store\/sv\/wp-json\/wp\/v2\/product_brand?post=34236"},{"taxonomy":"product_cat","embeddable":true,"href":"https:\/\/truusk.store\/sv\/wp-json\/wp\/v2\/product_cat?post=34236"},{"taxonomy":"product_tag","embeddable":true,"href":"https:\/\/truusk.store\/sv\/wp-json\/wp\/v2\/product_tag?post=34236"}],"curies":[{"name":"wp","href":"https:\/\/api.w.org\/{rel}","templated":true}]}}