{"id":34254,"date":"2024-02-13T23:01:17","date_gmt":"2024-02-13T22:01:17","guid":{"rendered":"https:\/\/truusk.store\/product\/set-med-2-barstolar-roterande-barstolar-med-fotstod-barstol-hoj-och-sankbar-koksstolar-snurrstolar-konstlader-tra-svart-kaffe-48-x-495-x-76-96-cm\/"},"modified":"2026-03-12T09:11:22","modified_gmt":"2026-03-12T08:11:22","slug":"truusk-set-med-2-roterande-barstolar-justerbar-hojd-konstlader-svart-kaffe-48-x-495-x-76-96-cm","status":"publish","type":"product","link":"https:\/\/truusk.store\/sv\/produkt\/truusk-set-med-2-roterande-barstolar-justerbar-hojd-konstlader-svart-kaffe-48-x-495-x-76-96-cm\/","title":{"rendered":"TRUUSK Set med 2 roterande barstolar &#8211; Justerbar h\u00f6jd &#8211; Konstl\u00e4der &#8211; Svart + Kaffe &#8211; 48 x 49,5 x 76-96 cm"},"content":{"rendered":"<p>Dessa eleganta barstolar ger en touch av glamour till alla hembarer. Det mjuka konstl\u00e4dret \u00e4r av h\u00f6g kvalitet och har ett unikt utseende. B\u00e5da s\u00e4tena \u00e4r fyllda med mjukt skum och har en rygg i massivt tr\u00e4. Ramen \u00e4r gjord av metall och har en stor rund bas f\u00f6r ett s\u00e4kert stativ. Ett fotst\u00f6d ger extra komfort.<\/p>\n<h3>Beskrivning:<\/h3>\n<ul>\n<li>Setet best\u00e5r av tv\u00e5 delar och \u00e4r idealiskt f\u00f6r hembarer, k\u00f6k och h\u00f6ga matplatser<\/li>\n<li>Sitth\u00f6jden \u00e4r justerbar<\/li>\n<li>Det 360-sv\u00e4ngbara s\u00e4tet r\u00f6r sig med din kropp<\/li>\n<li>Konstl\u00e4der och mjukt skum ger maximal komfort<\/li>\n<li>St\u00e5lkonstruktion f\u00f6r fullt st\u00f6d, med rund bas f\u00f6r att st\u00e5 stabilt<\/li>\n<li>Fotst\u00f6det hj\u00e4lper till att bibeh\u00e5lla en avslappnad h\u00e5llning<\/li>\n<li>Montering kr\u00e4vs<\/li>\n<\/ul>\n<h3>Teknisk data:<\/h3>\n<ul>\n<li>F\u00e4rg: Svart+kaffe<\/li>\n<li>Material: konstl\u00e4der, skum, st\u00e5l, massivt tr\u00e4<\/li>\n<li>\u00d6vergripande m\u00e5tt: 48W x 49,5D x 76-96H cm<\/li>\n<li>Sitsm\u00e5tt: 44W x 39D x 63-83H cm<\/li>\n<li>Kuddens tjocklek: 4,8 cm<\/li>\n<li>M\u00e5tt p\u00e5 baksidan: 46,5W x 15H cm<\/li>\n<li>M\u00e5tt p\u00e5 basen: 45 cm<\/li>\n<li>Lastkapacitet: 120 kg<\/li>\n<\/ul>\n<h3>Leveransens omfattning:<\/h3>\n<ul>\n<li>2 x barstolar<\/li>\n<li>1 x Instruktioner<\/li>\n<\/ul>\n","protected":false},"excerpt":{"rendered":"<p>Dessa eleganta barstolar ger en touch av glamour till alla hembarer. Det mjuka konstl\u00e4dret \u00e4r av h\u00f6g kvalitet och har&#8230;<\/p>\n","protected":false},"featured_media":34255,"template":"","meta":[],"product_brand":[],"product_cat":[544,485,542],"product_tag":[],"class_list":{"0":"post-34254","1":"product","2":"type-product","3":"status-publish","4":"has-post-thumbnail","6":"product_cat-barstol","7":"product_cat-hus-bo","8":"product_cat-pall","10":"first","11":"instock","12":"sale","13":"taxable","14":"shipping-taxable","15":"purchasable","16":"product-type-simple"},"yoast_head":"<!-- This site is optimized with the Yoast SEO plugin v25.4 - https:\/\/yoast.com\/wordpress\/plugins\/seo\/ -->\n<title>TRUUSK Set med 2 roterande barstolar - Justerbar h\u00f6jd - Konstl\u00e4der - Svart + Kaffe - 48 x 49,5 x 76-96 cm - TRUUSK - Hem, Tr\u00e4dg\u00e5rd &amp; Fritid<\/title>\n<meta name=\"robots\" content=\"index, follow, max-snippet:-1, max-image-preview:large, max-video-preview:-1\" \/>\n<link rel=\"canonical\" href=\"https:\/\/truusk.store\/sv\/produkt\/truusk-set-med-2-roterande-barstolar-justerbar-hojd-konstlader-svart-kaffe-48-x-495-x-76-96-cm\/\" \/>\n<meta property=\"og:locale\" content=\"sv_SE\" \/>\n<meta property=\"og:type\" content=\"article\" \/>\n<meta property=\"og:title\" content=\"TRUUSK Set med 2 roterande barstolar - Justerbar h\u00f6jd - Konstl\u00e4der - Svart + Kaffe - 48 x 49,5 x 76-96 cm - TRUUSK - Hem, Tr\u00e4dg\u00e5rd &amp; Fritid\" \/>\n<meta property=\"og:description\" content=\"Dessa eleganta barstolar ger en touch av glamour till alla hembarer. Det mjuka konstl\u00e4dret \u00e4r av h\u00f6g kvalitet och har...\" \/>\n<meta property=\"og:url\" content=\"https:\/\/truusk.store\/sv\/produkt\/truusk-set-med-2-roterande-barstolar-justerbar-hojd-konstlader-svart-kaffe-48-x-495-x-76-96-cm\/\" \/>\n<meta property=\"og:site_name\" content=\"TRUUSK - Hem, Tr\u00e4dg\u00e5rd &amp; Fritid\" \/>\n<meta property=\"article:modified_time\" content=\"2026-03-12T08:11:22+00:00\" \/>\n<meta property=\"og:image\" content=\"https:\/\/i0.wp.com\/truusk.se\/wp-content\/uploads\/2024\/02\/set-med-2-barstolar-roterande-barstolar-med-fotstod-barstol-hoj-och-sankbar-koksstolar-snurrstolar-konstlader-tra-svart-kaffe-48-x-495-x-76-96-cm.webp?fit=800%2C800&ssl=1\" \/>\n\t<meta property=\"og:image:width\" content=\"800\" \/>\n\t<meta property=\"og:image:height\" content=\"800\" \/>\n\t<meta property=\"og:image:type\" content=\"image\/webp\" \/>\n<meta name=\"twitter:card\" content=\"summary_large_image\" \/>\n<meta name=\"twitter:label1\" content=\"Ber\u00e4knad l\u00e4stid\" \/>\n\t<meta name=\"twitter:data1\" content=\"1 minut\" \/>\n<!-- \/ Yoast SEO plugin. -->","yoast_head_json":{"title":"TRUUSK Set med 2 roterande barstolar - Justerbar h\u00f6jd - Konstl\u00e4der - Svart + Kaffe - 48 x 49,5 x 76-96 cm - TRUUSK - Hem, Tr\u00e4dg\u00e5rd &amp; Fritid","robots":{"index":"index","follow":"follow","max-snippet":"max-snippet:-1","max-image-preview":"max-image-preview:large","max-video-preview":"max-video-preview:-1"},"canonical":"https:\/\/truusk.store\/sv\/produkt\/truusk-set-med-2-roterande-barstolar-justerbar-hojd-konstlader-svart-kaffe-48-x-495-x-76-96-cm\/","og_locale":"sv_SE","og_type":"article","og_title":"TRUUSK Set med 2 roterande barstolar - Justerbar h\u00f6jd - Konstl\u00e4der - Svart + Kaffe - 48 x 49,5 x 76-96 cm - TRUUSK - Hem, Tr\u00e4dg\u00e5rd &amp; Fritid","og_description":"Dessa eleganta barstolar ger en touch av glamour till alla hembarer. Det mjuka konstl\u00e4dret \u00e4r av h\u00f6g kvalitet och har...","og_url":"https:\/\/truusk.store\/sv\/produkt\/truusk-set-med-2-roterande-barstolar-justerbar-hojd-konstlader-svart-kaffe-48-x-495-x-76-96-cm\/","og_site_name":"TRUUSK - Hem, Tr\u00e4dg\u00e5rd &amp; Fritid","article_modified_time":"2026-03-12T08:11:22+00:00","og_image":[{"width":800,"height":800,"url":"https:\/\/i0.wp.com\/truusk.se\/wp-content\/uploads\/2024\/02\/set-med-2-barstolar-roterande-barstolar-med-fotstod-barstol-hoj-och-sankbar-koksstolar-snurrstolar-konstlader-tra-svart-kaffe-48-x-495-x-76-96-cm.webp?fit=800%2C800&ssl=1","type":"image\/webp"}],"twitter_card":"summary_large_image","twitter_misc":{"Ber\u00e4knad l\u00e4stid":"1 minut"},"schema":{"@context":"https:\/\/schema.org","@graph":[{"@type":"WebPage","@id":"https:\/\/truusk.store\/sv\/produkt\/truusk-set-med-2-roterande-barstolar-justerbar-hojd-konstlader-svart-kaffe-48-x-495-x-76-96-cm\/","url":"https:\/\/truusk.store\/sv\/produkt\/truusk-set-med-2-roterande-barstolar-justerbar-hojd-konstlader-svart-kaffe-48-x-495-x-76-96-cm\/","name":"TRUUSK Set med 2 roterande barstolar - Justerbar h\u00f6jd - Konstl\u00e4der - Svart + Kaffe - 48 x 49,5 x 76-96 cm - TRUUSK - Hem, Tr\u00e4dg\u00e5rd &amp; Fritid","isPartOf":{"@id":"https:\/\/truusk.store\/sv\/#website"},"primaryImageOfPage":{"@id":"https:\/\/truusk.store\/sv\/produkt\/truusk-set-med-2-roterande-barstolar-justerbar-hojd-konstlader-svart-kaffe-48-x-495-x-76-96-cm\/#primaryimage"},"image":{"@id":"https:\/\/truusk.store\/sv\/produkt\/truusk-set-med-2-roterande-barstolar-justerbar-hojd-konstlader-svart-kaffe-48-x-495-x-76-96-cm\/#primaryimage"},"thumbnailUrl":"https:\/\/i0.wp.com\/truusk.store\/wp-content\/uploads\/2024\/02\/set-med-2-barstolar-roterande-barstolar-med-fotstod-barstol-hoj-och-sankbar-koksstolar-snurrstolar-konstlader-tra-svart-kaffe-48-x-495-x-76-96-cm.webp?fit=800%2C800&ssl=1","datePublished":"2024-02-13T22:01:17+00:00","dateModified":"2026-03-12T08:11:22+00:00","breadcrumb":{"@id":"https:\/\/truusk.store\/sv\/produkt\/truusk-set-med-2-roterande-barstolar-justerbar-hojd-konstlader-svart-kaffe-48-x-495-x-76-96-cm\/#breadcrumb"},"inLanguage":"sv-SE","potentialAction":[{"@type":"ReadAction","target":["https:\/\/truusk.store\/sv\/produkt\/truusk-set-med-2-roterande-barstolar-justerbar-hojd-konstlader-svart-kaffe-48-x-495-x-76-96-cm\/"]}]},{"@type":"ImageObject","inLanguage":"sv-SE","@id":"https:\/\/truusk.store\/sv\/produkt\/truusk-set-med-2-roterande-barstolar-justerbar-hojd-konstlader-svart-kaffe-48-x-495-x-76-96-cm\/#primaryimage","url":"https:\/\/i0.wp.com\/truusk.store\/wp-content\/uploads\/2024\/02\/set-med-2-barstolar-roterande-barstolar-med-fotstod-barstol-hoj-och-sankbar-koksstolar-snurrstolar-konstlader-tra-svart-kaffe-48-x-495-x-76-96-cm.webp?fit=800%2C800&ssl=1","contentUrl":"https:\/\/i0.wp.com\/truusk.store\/wp-content\/uploads\/2024\/02\/set-med-2-barstolar-roterande-barstolar-med-fotstod-barstol-hoj-och-sankbar-koksstolar-snurrstolar-konstlader-tra-svart-kaffe-48-x-495-x-76-96-cm.webp?fit=800%2C800&ssl=1","width":800,"height":800,"caption":"Set Med 2 Barstolar, Roterande Barstolar Med Fotst\u00f6d, Barstol, H\u00f6j- Och S\u00e4nkbar, K\u00f6ksstolar, Snurrstolar, Konstl\u00e4der, Tr\u00e4, Svart + Kaffe, 48 X 49,5 X 76-96 Cm 1"},{"@type":"BreadcrumbList","@id":"https:\/\/truusk.store\/sv\/produkt\/truusk-set-med-2-roterande-barstolar-justerbar-hojd-konstlader-svart-kaffe-48-x-495-x-76-96-cm\/#breadcrumb","itemListElement":[{"@type":"ListItem","position":1,"name":"Home","item":"https:\/\/truusk.store\/sv\/"},{"@type":"ListItem","position":2,"name":"Shop","item":"https:\/\/truusk.store\/shop\/"},{"@type":"ListItem","position":3,"name":"TRUUSK Set med 2 roterande barstolar &#8211; Justerbar h\u00f6jd &#8211; Konstl\u00e4der &#8211; Svart + Kaffe &#8211; 48 x 49,5 x 76-96 cm"}]},{"@type":"WebSite","@id":"https:\/\/truusk.store\/sv\/#website","url":"https:\/\/truusk.store\/sv\/","name":"TRUUSK - Hem, Tr\u00e4dg\u00e5rd & Fritid","description":"","publisher":{"@id":"https:\/\/truusk.store\/sv\/#organization"},"potentialAction":[{"@type":"SearchAction","target":{"@type":"EntryPoint","urlTemplate":"https:\/\/truusk.store\/sv\/?s={search_term_string}"},"query-input":{"@type":"PropertyValueSpecification","valueRequired":true,"valueName":"search_term_string"}}],"inLanguage":"sv-SE"},{"@type":"Organization","@id":"https:\/\/truusk.store\/sv\/#organization","name":"TRUUSK - Hem, Tr\u00e4dg\u00e5rd & Fritid","url":"https:\/\/truusk.store\/sv\/","logo":{"@type":"ImageObject","inLanguage":"sv-SE","@id":"https:\/\/truusk.store\/sv\/#\/schema\/logo\/image\/","url":"https:\/\/i0.wp.com\/truusk.store\/wp-content\/uploads\/2026\/03\/cropped-TRUUSK.png?fit=2032%2C917&ssl=1","contentUrl":"https:\/\/i0.wp.com\/truusk.store\/wp-content\/uploads\/2026\/03\/cropped-TRUUSK.png?fit=2032%2C917&ssl=1","width":2032,"height":917,"caption":"TRUUSK - Hem, Tr\u00e4dg\u00e5rd & Fritid"},"image":{"@id":"https:\/\/truusk.store\/sv\/#\/schema\/logo\/image\/"}}]}},"jetpack_sharing_enabled":true,"_links":{"self":[{"href":"https:\/\/truusk.store\/sv\/wp-json\/wp\/v2\/product\/34254","targetHints":{"allow":["GET"]}}],"collection":[{"href":"https:\/\/truusk.store\/sv\/wp-json\/wp\/v2\/product"}],"about":[{"href":"https:\/\/truusk.store\/sv\/wp-json\/wp\/v2\/types\/product"}],"wp:featuredmedia":[{"embeddable":true,"href":"https:\/\/truusk.store\/sv\/wp-json\/wp\/v2\/media\/34255"}],"wp:attachment":[{"href":"https:\/\/truusk.store\/sv\/wp-json\/wp\/v2\/media?parent=34254"}],"wp:term":[{"taxonomy":"product_brand","embeddable":true,"href":"https:\/\/truusk.store\/sv\/wp-json\/wp\/v2\/product_brand?post=34254"},{"taxonomy":"product_cat","embeddable":true,"href":"https:\/\/truusk.store\/sv\/wp-json\/wp\/v2\/product_cat?post=34254"},{"taxonomy":"product_tag","embeddable":true,"href":"https:\/\/truusk.store\/sv\/wp-json\/wp\/v2\/product_tag?post=34254"}],"curies":[{"name":"wp","href":"https:\/\/api.w.org\/{rel}","templated":true}]}}