{"id":34332,"date":"2024-02-13T23:03:55","date_gmt":"2024-02-13T22:03:55","guid":{"rendered":"https:\/\/truusk.store\/product\/scandi-designfatolj-accentstol-massivt-tra-linnelook-64-cm-x-70-cm-x-72-cm-gra-natur\/"},"modified":"2026-03-12T09:11:25","modified_gmt":"2026-03-12T08:11:25","slug":"truusk-skandinavisk-designtol-accentstol-massivt-tra-linnelook-gra-natur-64-cm-x-70-cm-x-72-cm","status":"publish","type":"product","link":"https:\/\/truusk.store\/sv\/produkt\/truusk-skandinavisk-designtol-accentstol-massivt-tra-linnelook-gra-natur-64-cm-x-70-cm-x-72-cm\/","title":{"rendered":"TRUUSK Skandinavisk Designtol &#8211; Accentstol &#8211; Massivt Tr\u00e4 &#8211; Linnelook &#8211; Gr\u00e5 + Natur &#8211; 64 cm x 70 cm x 72 cm"},"content":{"rendered":"<p>Oavsett om den \u00e4r en accentstol eller tillsammans med andra f\u00e5t\u00f6ljer, g\u00f6r den h\u00e4r f\u00e5t\u00f6ljen ett stilstatement. Den massiva fururamen \u00e4r gjord med en bred sits som ger gott om plats att sitta p\u00e5. De 4 benen \u00e4r tillverkade i en linjeform f\u00f6r att s\u00e4kerst\u00e4lla kontinuerlig balans och stabilitet. Den moderna accentstolen kommer med 2 tjockt vadderade kuddar med \u00f6verdrag i linnelook. Materialet \u00e4r l\u00e4ttsk\u00f6tt och h\u00e5llbart.<\/p>\n<h3>Beskrivning:<\/h3>\n<ul>\n<li>Massiv tr\u00e4ram, stabil och h\u00e5llbar, l\u00e4mplig f\u00f6r dagligt bruk<\/li>\n<li>Med tjock rygg och sittstopp som du bekv\u00e4mt kan sjunka ner i<\/li>\n<li>Kuddfodralen i linnelook \u00e4r resistenta mot l\u00e4tta fl\u00e4ckar<\/li>\n<li>De halva A-formade benen s\u00e4kerst\u00e4ller bra balans och stabilitet<\/li>\n<li>Montering kr\u00e4vs<\/li>\n<\/ul>\n<h3>Teknisk data:<\/h3>\n<ul>\n<li>F\u00e4rg: Gr\u00e5+Naturlig<\/li>\n<li>Material: linne (100% linne), furuben, skum<\/li>\n<li>\u00d6vergripande m\u00e5tt: 64W x 70D x 72H cm<\/li>\n<li>Sitsstorlek: 51,5W x 48D x 38H cm<\/li>\n<li>Kuddens tjocklek: 12 cm<\/li>\n<li>Viktkapacitet: 120 kg<\/li>\n<\/ul>\n<h3>Leveransens omfattning:<\/h3>\n<ul>\n<li>1 x stol<\/li>\n<li>1 x manuell<\/li>\n<\/ul>\n","protected":false},"excerpt":{"rendered":"<p>Oavsett om den \u00e4r en accentstol eller tillsammans med andra f\u00e5t\u00f6ljer, g\u00f6r den h\u00e4r f\u00e5t\u00f6ljen ett stilstatement. Den massiva fururamen&#8230;<\/p>\n","protected":false},"featured_media":34333,"template":"","meta":[],"product_brand":[],"product_cat":[485,515,519],"product_tag":[],"class_list":{"0":"post-34332","1":"product","2":"type-product","3":"status-publish","4":"has-post-thumbnail","6":"product_cat-hus-bo","7":"product_cat-stolar","8":"product_cat-stoppade-stolar","10":"first","11":"instock","12":"sale","13":"taxable","14":"shipping-taxable","15":"purchasable","16":"product-type-simple"},"yoast_head":"<!-- This site is optimized with the Yoast SEO plugin v25.4 - https:\/\/yoast.com\/wordpress\/plugins\/seo\/ -->\n<title>TRUUSK Skandinavisk Designtol - Accentstol - Massivt Tr\u00e4 - Linnelook - Gr\u00e5 + Natur - 64 cm x 70 cm x 72 cm - TRUUSK - Hem, Tr\u00e4dg\u00e5rd &amp; Fritid<\/title>\n<meta name=\"robots\" content=\"index, follow, max-snippet:-1, max-image-preview:large, max-video-preview:-1\" \/>\n<link rel=\"canonical\" href=\"https:\/\/truusk.store\/sv\/produkt\/truusk-skandinavisk-designtol-accentstol-massivt-tra-linnelook-gra-natur-64-cm-x-70-cm-x-72-cm\/\" \/>\n<meta property=\"og:locale\" content=\"sv_SE\" \/>\n<meta property=\"og:type\" content=\"article\" \/>\n<meta property=\"og:title\" content=\"TRUUSK Skandinavisk Designtol - Accentstol - Massivt Tr\u00e4 - Linnelook - Gr\u00e5 + Natur - 64 cm x 70 cm x 72 cm - TRUUSK - Hem, Tr\u00e4dg\u00e5rd &amp; Fritid\" \/>\n<meta property=\"og:description\" content=\"Oavsett om den \u00e4r en accentstol eller tillsammans med andra f\u00e5t\u00f6ljer, g\u00f6r den h\u00e4r f\u00e5t\u00f6ljen ett stilstatement. Den massiva fururamen...\" \/>\n<meta property=\"og:url\" content=\"https:\/\/truusk.store\/sv\/produkt\/truusk-skandinavisk-designtol-accentstol-massivt-tra-linnelook-gra-natur-64-cm-x-70-cm-x-72-cm\/\" \/>\n<meta property=\"og:site_name\" content=\"TRUUSK - Hem, Tr\u00e4dg\u00e5rd &amp; Fritid\" \/>\n<meta property=\"article:modified_time\" content=\"2026-03-12T08:11:25+00:00\" \/>\n<meta property=\"og:image\" content=\"https:\/\/i0.wp.com\/truusk.se\/wp-content\/uploads\/2024\/02\/scandi-designfatolj-accentstol-massivt-tra-linnelook-64-cm-x-70-cm-x-72-cm-gra-natur.webp?fit=800%2C800&ssl=1\" \/>\n\t<meta property=\"og:image:width\" content=\"800\" \/>\n\t<meta property=\"og:image:height\" content=\"800\" \/>\n\t<meta property=\"og:image:type\" content=\"image\/webp\" \/>\n<meta name=\"twitter:card\" content=\"summary_large_image\" \/>\n<meta name=\"twitter:label1\" content=\"Ber\u00e4knad l\u00e4stid\" \/>\n\t<meta name=\"twitter:data1\" content=\"1 minut\" \/>\n<!-- \/ Yoast SEO plugin. -->","yoast_head_json":{"title":"TRUUSK Skandinavisk Designtol - Accentstol - Massivt Tr\u00e4 - Linnelook - Gr\u00e5 + Natur - 64 cm x 70 cm x 72 cm - TRUUSK - Hem, Tr\u00e4dg\u00e5rd &amp; Fritid","robots":{"index":"index","follow":"follow","max-snippet":"max-snippet:-1","max-image-preview":"max-image-preview:large","max-video-preview":"max-video-preview:-1"},"canonical":"https:\/\/truusk.store\/sv\/produkt\/truusk-skandinavisk-designtol-accentstol-massivt-tra-linnelook-gra-natur-64-cm-x-70-cm-x-72-cm\/","og_locale":"sv_SE","og_type":"article","og_title":"TRUUSK Skandinavisk Designtol - Accentstol - Massivt Tr\u00e4 - Linnelook - Gr\u00e5 + Natur - 64 cm x 70 cm x 72 cm - TRUUSK - Hem, Tr\u00e4dg\u00e5rd &amp; Fritid","og_description":"Oavsett om den \u00e4r en accentstol eller tillsammans med andra f\u00e5t\u00f6ljer, g\u00f6r den h\u00e4r f\u00e5t\u00f6ljen ett stilstatement. Den massiva fururamen...","og_url":"https:\/\/truusk.store\/sv\/produkt\/truusk-skandinavisk-designtol-accentstol-massivt-tra-linnelook-gra-natur-64-cm-x-70-cm-x-72-cm\/","og_site_name":"TRUUSK - Hem, Tr\u00e4dg\u00e5rd &amp; Fritid","article_modified_time":"2026-03-12T08:11:25+00:00","og_image":[{"width":800,"height":800,"url":"https:\/\/i0.wp.com\/truusk.se\/wp-content\/uploads\/2024\/02\/scandi-designfatolj-accentstol-massivt-tra-linnelook-64-cm-x-70-cm-x-72-cm-gra-natur.webp?fit=800%2C800&ssl=1","type":"image\/webp"}],"twitter_card":"summary_large_image","twitter_misc":{"Ber\u00e4knad l\u00e4stid":"1 minut"},"schema":{"@context":"https:\/\/schema.org","@graph":[{"@type":"WebPage","@id":"https:\/\/truusk.store\/sv\/produkt\/truusk-skandinavisk-designtol-accentstol-massivt-tra-linnelook-gra-natur-64-cm-x-70-cm-x-72-cm\/","url":"https:\/\/truusk.store\/sv\/produkt\/truusk-skandinavisk-designtol-accentstol-massivt-tra-linnelook-gra-natur-64-cm-x-70-cm-x-72-cm\/","name":"TRUUSK Skandinavisk Designtol - Accentstol - Massivt Tr\u00e4 - Linnelook - Gr\u00e5 + Natur - 64 cm x 70 cm x 72 cm - TRUUSK - Hem, Tr\u00e4dg\u00e5rd &amp; Fritid","isPartOf":{"@id":"https:\/\/truusk.store\/sv\/#website"},"primaryImageOfPage":{"@id":"https:\/\/truusk.store\/sv\/produkt\/truusk-skandinavisk-designtol-accentstol-massivt-tra-linnelook-gra-natur-64-cm-x-70-cm-x-72-cm\/#primaryimage"},"image":{"@id":"https:\/\/truusk.store\/sv\/produkt\/truusk-skandinavisk-designtol-accentstol-massivt-tra-linnelook-gra-natur-64-cm-x-70-cm-x-72-cm\/#primaryimage"},"thumbnailUrl":"https:\/\/i0.wp.com\/truusk.store\/wp-content\/uploads\/2024\/02\/scandi-designfatolj-accentstol-massivt-tra-linnelook-64-cm-x-70-cm-x-72-cm-gra-natur.webp?fit=800%2C800&ssl=1","datePublished":"2024-02-13T22:03:55+00:00","dateModified":"2026-03-12T08:11:25+00:00","breadcrumb":{"@id":"https:\/\/truusk.store\/sv\/produkt\/truusk-skandinavisk-designtol-accentstol-massivt-tra-linnelook-gra-natur-64-cm-x-70-cm-x-72-cm\/#breadcrumb"},"inLanguage":"sv-SE","potentialAction":[{"@type":"ReadAction","target":["https:\/\/truusk.store\/sv\/produkt\/truusk-skandinavisk-designtol-accentstol-massivt-tra-linnelook-gra-natur-64-cm-x-70-cm-x-72-cm\/"]}]},{"@type":"ImageObject","inLanguage":"sv-SE","@id":"https:\/\/truusk.store\/sv\/produkt\/truusk-skandinavisk-designtol-accentstol-massivt-tra-linnelook-gra-natur-64-cm-x-70-cm-x-72-cm\/#primaryimage","url":"https:\/\/i0.wp.com\/truusk.store\/wp-content\/uploads\/2024\/02\/scandi-designfatolj-accentstol-massivt-tra-linnelook-64-cm-x-70-cm-x-72-cm-gra-natur.webp?fit=800%2C800&ssl=1","contentUrl":"https:\/\/i0.wp.com\/truusk.store\/wp-content\/uploads\/2024\/02\/scandi-designfatolj-accentstol-massivt-tra-linnelook-64-cm-x-70-cm-x-72-cm-gra-natur.webp?fit=800%2C800&ssl=1","width":800,"height":800,"caption":"Scandi Designf\u00e5t\u00f6lj, Accentstol, Massivt Tr\u00e4, Linnelook, 64 Cm X 70 Cm X 72 Cm, Gr\u00e5 + Natur 1"},{"@type":"BreadcrumbList","@id":"https:\/\/truusk.store\/sv\/produkt\/truusk-skandinavisk-designtol-accentstol-massivt-tra-linnelook-gra-natur-64-cm-x-70-cm-x-72-cm\/#breadcrumb","itemListElement":[{"@type":"ListItem","position":1,"name":"Home","item":"https:\/\/truusk.store\/sv\/"},{"@type":"ListItem","position":2,"name":"Shop","item":"https:\/\/truusk.store\/shop\/"},{"@type":"ListItem","position":3,"name":"TRUUSK Skandinavisk Designtol &#8211; Accentstol &#8211; Massivt Tr\u00e4 &#8211; Linnelook &#8211; Gr\u00e5 + Natur &#8211; 64 cm x 70 cm x 72 cm"}]},{"@type":"WebSite","@id":"https:\/\/truusk.store\/sv\/#website","url":"https:\/\/truusk.store\/sv\/","name":"TRUUSK - Hem, Tr\u00e4dg\u00e5rd & Fritid","description":"","publisher":{"@id":"https:\/\/truusk.store\/sv\/#organization"},"potentialAction":[{"@type":"SearchAction","target":{"@type":"EntryPoint","urlTemplate":"https:\/\/truusk.store\/sv\/?s={search_term_string}"},"query-input":{"@type":"PropertyValueSpecification","valueRequired":true,"valueName":"search_term_string"}}],"inLanguage":"sv-SE"},{"@type":"Organization","@id":"https:\/\/truusk.store\/sv\/#organization","name":"TRUUSK - Hem, Tr\u00e4dg\u00e5rd & Fritid","url":"https:\/\/truusk.store\/sv\/","logo":{"@type":"ImageObject","inLanguage":"sv-SE","@id":"https:\/\/truusk.store\/sv\/#\/schema\/logo\/image\/","url":"https:\/\/i0.wp.com\/truusk.store\/wp-content\/uploads\/2026\/03\/cropped-TRUUSK.png?fit=2032%2C917&ssl=1","contentUrl":"https:\/\/i0.wp.com\/truusk.store\/wp-content\/uploads\/2026\/03\/cropped-TRUUSK.png?fit=2032%2C917&ssl=1","width":2032,"height":917,"caption":"TRUUSK - Hem, Tr\u00e4dg\u00e5rd & Fritid"},"image":{"@id":"https:\/\/truusk.store\/sv\/#\/schema\/logo\/image\/"}}]}},"jetpack_sharing_enabled":true,"_links":{"self":[{"href":"https:\/\/truusk.store\/sv\/wp-json\/wp\/v2\/product\/34332","targetHints":{"allow":["GET"]}}],"collection":[{"href":"https:\/\/truusk.store\/sv\/wp-json\/wp\/v2\/product"}],"about":[{"href":"https:\/\/truusk.store\/sv\/wp-json\/wp\/v2\/types\/product"}],"wp:featuredmedia":[{"embeddable":true,"href":"https:\/\/truusk.store\/sv\/wp-json\/wp\/v2\/media\/34333"}],"wp:attachment":[{"href":"https:\/\/truusk.store\/sv\/wp-json\/wp\/v2\/media?parent=34332"}],"wp:term":[{"taxonomy":"product_brand","embeddable":true,"href":"https:\/\/truusk.store\/sv\/wp-json\/wp\/v2\/product_brand?post=34332"},{"taxonomy":"product_cat","embeddable":true,"href":"https:\/\/truusk.store\/sv\/wp-json\/wp\/v2\/product_cat?post=34332"},{"taxonomy":"product_tag","embeddable":true,"href":"https:\/\/truusk.store\/sv\/wp-json\/wp\/v2\/product_tag?post=34332"}],"curies":[{"name":"wp","href":"https:\/\/api.w.org\/{rel}","templated":true}]}}