{"id":34500,"date":"2024-02-13T23:09:06","date_gmt":"2024-02-13T22:09:06","guid":{"rendered":"https:\/\/truusk.store\/product\/balansstenar-trampstenar-11-stycken-staplingsbara-halkfria-robusta-for-inom-och-utomhusbruk-rymmer-upp-till-80-kg\/"},"modified":"2026-03-12T09:11:27","modified_gmt":"2026-03-12T08:11:27","slug":"truusk-balansstenar-staplingsbara-och-halkfria-for-inom-och-utomhusbruk-upp-till-80-kg-11-stycken","status":"publish","type":"product","link":"https:\/\/truusk.store\/sv\/produkt\/truusk-balansstenar-staplingsbara-och-halkfria-for-inom-och-utomhusbruk-upp-till-80-kg-11-stycken\/","title":{"rendered":"TRUUSK Balansstenar &#8211; Staplingsbara och Halkfria &#8211; F\u00f6r Inom- och Utomhusbruk &#8211; Upp till 80 kg &#8211; 11 Stycken"},"content":{"rendered":"<p>Letar du efter en s\u00e4ker leksak f\u00f6r ditt barn som b\u00e5de \u00e4r rolig och utvecklas? Dessa smarta stegstenar erbjuder inte bara ett varierat spel, utan tr\u00e4nar ocks\u00e5 dina barns k\u00e4nsla f\u00f6r balans och koordination. Halkfria och robusta, balansstenarna \u00e4r s\u00e4rskilt s\u00e4kra och l\u00e4tta att sk\u00f6ta. Stenarna kan \u00e4ven ut\u00f6kas med andra upps\u00e4ttningar, staplas enkelt inuti varandra och f\u00f6rvaras f\u00f6r att spara utrymme.<\/p>\n<h3>Beskrivning:<\/h3>\n<ul>\n<li>Fantastisk leksak som st\u00e4rker balans och koordination<\/li>\n<li>H\u00f6gkvalitativt, robust och s\u00e4kert plastmaterial<\/li>\n<li>Halkfri botten f\u00f6r att f\u00f6rhindra skador<\/li>\n<li>Kan enkelt staplas inuti varandra och kan ut\u00f6kas f\u00f6r att inkludera ytterligare set<\/li>\n<li>L\u00e4mplig f\u00f6r inomhus- och utomhusomr\u00e5den<\/li>\n<li>Perfekt present f\u00f6r alla tillf\u00e4llen<\/li>\n<li>Montering kr\u00e4vs<\/li>\n<\/ul>\n<h3>Teknisk data:<\/h3>\n<ul>\n<li>F\u00e4rg: Flerf\u00e4rgad<\/li>\n<li>Material: PP<\/li>\n<li>\u00d6vergripande m\u00e5tt: 23L x 23W x 4H cm (liten), 33L x 33W x 7,5H cm (medium), 36,5L x 36,5W x 16H cm (stor), 40,5L x 40,5W x 20H cm (mycket stor)<\/li>\n<li>Lastkapacitet: 80 kg<\/li>\n<li>L\u00e4mplig f\u00f6r barn i \u00e5ldrarna 3 till 8 \u00e5r<\/li>\n<\/ul>\n<h3>Leveransens omfattning:<\/h3>\n<ul>\n<li>11 x Balansstenar<\/li>\n<li>1 x manuell<\/li>\n<\/ul>\n","protected":false},"excerpt":{"rendered":"<p>Letar du efter en s\u00e4ker leksak f\u00f6r ditt barn som b\u00e5de \u00e4r rolig och utvecklas? Dessa smarta stegstenar erbjuder inte&#8230;<\/p>\n","protected":false},"featured_media":34501,"template":"","meta":[],"product_brand":[],"product_cat":[609,617,616],"product_tag":[],"class_list":{"0":"post-34500","1":"product","2":"type-product","3":"status-publish","4":"has-post-thumbnail","6":"product_cat-baby-barn","7":"product_cat-barnidrott","8":"product_cat-utomhusleksaker","10":"first","11":"instock","12":"sale","13":"taxable","14":"shipping-taxable","15":"purchasable","16":"product-type-simple"},"yoast_head":"<!-- This site is optimized with the Yoast SEO plugin v25.4 - https:\/\/yoast.com\/wordpress\/plugins\/seo\/ -->\n<title>TRUUSK Balansstenar - Staplingsbara och Halkfria - F\u00f6r Inom- och Utomhusbruk - Upp till 80 kg - 11 Stycken - TRUUSK - Hem, Tr\u00e4dg\u00e5rd &amp; Fritid<\/title>\n<meta name=\"robots\" content=\"index, follow, max-snippet:-1, max-image-preview:large, max-video-preview:-1\" \/>\n<link rel=\"canonical\" href=\"https:\/\/truusk.store\/sv\/produkt\/truusk-balansstenar-staplingsbara-och-halkfria-for-inom-och-utomhusbruk-upp-till-80-kg-11-stycken\/\" \/>\n<meta property=\"og:locale\" content=\"sv_SE\" \/>\n<meta property=\"og:type\" content=\"article\" \/>\n<meta property=\"og:title\" content=\"TRUUSK Balansstenar - Staplingsbara och Halkfria - F\u00f6r Inom- och Utomhusbruk - Upp till 80 kg - 11 Stycken - TRUUSK - Hem, Tr\u00e4dg\u00e5rd &amp; Fritid\" \/>\n<meta property=\"og:description\" content=\"Letar du efter en s\u00e4ker leksak f\u00f6r ditt barn som b\u00e5de \u00e4r rolig och utvecklas? Dessa smarta stegstenar erbjuder inte...\" \/>\n<meta property=\"og:url\" content=\"https:\/\/truusk.store\/sv\/produkt\/truusk-balansstenar-staplingsbara-och-halkfria-for-inom-och-utomhusbruk-upp-till-80-kg-11-stycken\/\" \/>\n<meta property=\"og:site_name\" content=\"TRUUSK - Hem, Tr\u00e4dg\u00e5rd &amp; Fritid\" \/>\n<meta property=\"article:modified_time\" content=\"2026-03-12T08:11:27+00:00\" \/>\n<meta property=\"og:image\" content=\"https:\/\/i0.wp.com\/truusk.se\/wp-content\/uploads\/2024\/02\/balansstenar-trampstenar-11-stycken-staplingsbara-halkfria-robusta-for-inom-och-utomhusbruk-rymmer-upp-till-80-kg.webp?fit=800%2C800&ssl=1\" \/>\n\t<meta property=\"og:image:width\" content=\"800\" \/>\n\t<meta property=\"og:image:height\" content=\"800\" \/>\n\t<meta property=\"og:image:type\" content=\"image\/webp\" \/>\n<meta name=\"twitter:card\" content=\"summary_large_image\" \/>\n<meta name=\"twitter:label1\" content=\"Ber\u00e4knad l\u00e4stid\" \/>\n\t<meta name=\"twitter:data1\" content=\"1 minut\" \/>\n<!-- \/ Yoast SEO plugin. -->","yoast_head_json":{"title":"TRUUSK Balansstenar - Staplingsbara och Halkfria - F\u00f6r Inom- och Utomhusbruk - Upp till 80 kg - 11 Stycken - TRUUSK - Hem, Tr\u00e4dg\u00e5rd &amp; Fritid","robots":{"index":"index","follow":"follow","max-snippet":"max-snippet:-1","max-image-preview":"max-image-preview:large","max-video-preview":"max-video-preview:-1"},"canonical":"https:\/\/truusk.store\/sv\/produkt\/truusk-balansstenar-staplingsbara-och-halkfria-for-inom-och-utomhusbruk-upp-till-80-kg-11-stycken\/","og_locale":"sv_SE","og_type":"article","og_title":"TRUUSK Balansstenar - Staplingsbara och Halkfria - F\u00f6r Inom- och Utomhusbruk - Upp till 80 kg - 11 Stycken - TRUUSK - Hem, Tr\u00e4dg\u00e5rd &amp; Fritid","og_description":"Letar du efter en s\u00e4ker leksak f\u00f6r ditt barn som b\u00e5de \u00e4r rolig och utvecklas? Dessa smarta stegstenar erbjuder inte...","og_url":"https:\/\/truusk.store\/sv\/produkt\/truusk-balansstenar-staplingsbara-och-halkfria-for-inom-och-utomhusbruk-upp-till-80-kg-11-stycken\/","og_site_name":"TRUUSK - Hem, Tr\u00e4dg\u00e5rd &amp; Fritid","article_modified_time":"2026-03-12T08:11:27+00:00","og_image":[{"width":800,"height":800,"url":"https:\/\/i0.wp.com\/truusk.se\/wp-content\/uploads\/2024\/02\/balansstenar-trampstenar-11-stycken-staplingsbara-halkfria-robusta-for-inom-och-utomhusbruk-rymmer-upp-till-80-kg.webp?fit=800%2C800&ssl=1","type":"image\/webp"}],"twitter_card":"summary_large_image","twitter_misc":{"Ber\u00e4knad l\u00e4stid":"1 minut"},"schema":{"@context":"https:\/\/schema.org","@graph":[{"@type":"WebPage","@id":"https:\/\/truusk.store\/sv\/produkt\/truusk-balansstenar-staplingsbara-och-halkfria-for-inom-och-utomhusbruk-upp-till-80-kg-11-stycken\/","url":"https:\/\/truusk.store\/sv\/produkt\/truusk-balansstenar-staplingsbara-och-halkfria-for-inom-och-utomhusbruk-upp-till-80-kg-11-stycken\/","name":"TRUUSK Balansstenar - Staplingsbara och Halkfria - F\u00f6r Inom- och Utomhusbruk - Upp till 80 kg - 11 Stycken - TRUUSK - Hem, Tr\u00e4dg\u00e5rd &amp; Fritid","isPartOf":{"@id":"https:\/\/truusk.store\/sv\/#website"},"primaryImageOfPage":{"@id":"https:\/\/truusk.store\/sv\/produkt\/truusk-balansstenar-staplingsbara-och-halkfria-for-inom-och-utomhusbruk-upp-till-80-kg-11-stycken\/#primaryimage"},"image":{"@id":"https:\/\/truusk.store\/sv\/produkt\/truusk-balansstenar-staplingsbara-och-halkfria-for-inom-och-utomhusbruk-upp-till-80-kg-11-stycken\/#primaryimage"},"thumbnailUrl":"https:\/\/i0.wp.com\/truusk.store\/wp-content\/uploads\/2024\/02\/balansstenar-trampstenar-11-stycken-staplingsbara-halkfria-robusta-for-inom-och-utomhusbruk-rymmer-upp-till-80-kg.webp?fit=800%2C800&ssl=1","datePublished":"2024-02-13T22:09:06+00:00","dateModified":"2026-03-12T08:11:27+00:00","breadcrumb":{"@id":"https:\/\/truusk.store\/sv\/produkt\/truusk-balansstenar-staplingsbara-och-halkfria-for-inom-och-utomhusbruk-upp-till-80-kg-11-stycken\/#breadcrumb"},"inLanguage":"sv-SE","potentialAction":[{"@type":"ReadAction","target":["https:\/\/truusk.store\/sv\/produkt\/truusk-balansstenar-staplingsbara-och-halkfria-for-inom-och-utomhusbruk-upp-till-80-kg-11-stycken\/"]}]},{"@type":"ImageObject","inLanguage":"sv-SE","@id":"https:\/\/truusk.store\/sv\/produkt\/truusk-balansstenar-staplingsbara-och-halkfria-for-inom-och-utomhusbruk-upp-till-80-kg-11-stycken\/#primaryimage","url":"https:\/\/i0.wp.com\/truusk.store\/wp-content\/uploads\/2024\/02\/balansstenar-trampstenar-11-stycken-staplingsbara-halkfria-robusta-for-inom-och-utomhusbruk-rymmer-upp-till-80-kg.webp?fit=800%2C800&ssl=1","contentUrl":"https:\/\/i0.wp.com\/truusk.store\/wp-content\/uploads\/2024\/02\/balansstenar-trampstenar-11-stycken-staplingsbara-halkfria-robusta-for-inom-och-utomhusbruk-rymmer-upp-till-80-kg.webp?fit=800%2C800&ssl=1","width":800,"height":800,"caption":"Balansstenar, Trampstenar, 11 Stycken, Staplingsbara, Halkfria, Robusta, F\u00f6r Inom- Och Utomhusbruk, Rymmer Upp Till 80 Kg 1"},{"@type":"BreadcrumbList","@id":"https:\/\/truusk.store\/sv\/produkt\/truusk-balansstenar-staplingsbara-och-halkfria-for-inom-och-utomhusbruk-upp-till-80-kg-11-stycken\/#breadcrumb","itemListElement":[{"@type":"ListItem","position":1,"name":"Home","item":"https:\/\/truusk.store\/sv\/"},{"@type":"ListItem","position":2,"name":"Shop","item":"https:\/\/truusk.store\/shop\/"},{"@type":"ListItem","position":3,"name":"TRUUSK Balansstenar &#8211; Staplingsbara och Halkfria &#8211; F\u00f6r Inom- och Utomhusbruk &#8211; Upp till 80 kg &#8211; 11 Stycken"}]},{"@type":"WebSite","@id":"https:\/\/truusk.store\/sv\/#website","url":"https:\/\/truusk.store\/sv\/","name":"TRUUSK - Hem, Tr\u00e4dg\u00e5rd & Fritid","description":"","publisher":{"@id":"https:\/\/truusk.store\/sv\/#organization"},"potentialAction":[{"@type":"SearchAction","target":{"@type":"EntryPoint","urlTemplate":"https:\/\/truusk.store\/sv\/?s={search_term_string}"},"query-input":{"@type":"PropertyValueSpecification","valueRequired":true,"valueName":"search_term_string"}}],"inLanguage":"sv-SE"},{"@type":"Organization","@id":"https:\/\/truusk.store\/sv\/#organization","name":"TRUUSK - Hem, Tr\u00e4dg\u00e5rd & Fritid","url":"https:\/\/truusk.store\/sv\/","logo":{"@type":"ImageObject","inLanguage":"sv-SE","@id":"https:\/\/truusk.store\/sv\/#\/schema\/logo\/image\/","url":"https:\/\/i0.wp.com\/truusk.store\/wp-content\/uploads\/2026\/03\/cropped-TRUUSK.png?fit=2032%2C917&ssl=1","contentUrl":"https:\/\/i0.wp.com\/truusk.store\/wp-content\/uploads\/2026\/03\/cropped-TRUUSK.png?fit=2032%2C917&ssl=1","width":2032,"height":917,"caption":"TRUUSK - Hem, Tr\u00e4dg\u00e5rd & Fritid"},"image":{"@id":"https:\/\/truusk.store\/sv\/#\/schema\/logo\/image\/"}}]}},"jetpack_sharing_enabled":true,"_links":{"self":[{"href":"https:\/\/truusk.store\/sv\/wp-json\/wp\/v2\/product\/34500","targetHints":{"allow":["GET"]}}],"collection":[{"href":"https:\/\/truusk.store\/sv\/wp-json\/wp\/v2\/product"}],"about":[{"href":"https:\/\/truusk.store\/sv\/wp-json\/wp\/v2\/types\/product"}],"wp:featuredmedia":[{"embeddable":true,"href":"https:\/\/truusk.store\/sv\/wp-json\/wp\/v2\/media\/34501"}],"wp:attachment":[{"href":"https:\/\/truusk.store\/sv\/wp-json\/wp\/v2\/media?parent=34500"}],"wp:term":[{"taxonomy":"product_brand","embeddable":true,"href":"https:\/\/truusk.store\/sv\/wp-json\/wp\/v2\/product_brand?post=34500"},{"taxonomy":"product_cat","embeddable":true,"href":"https:\/\/truusk.store\/sv\/wp-json\/wp\/v2\/product_cat?post=34500"},{"taxonomy":"product_tag","embeddable":true,"href":"https:\/\/truusk.store\/sv\/wp-json\/wp\/v2\/product_tag?post=34500"}],"curies":[{"name":"wp","href":"https:\/\/api.w.org\/{rel}","templated":true}]}}