{"id":34617,"date":"2024-02-13T23:12:51","date_gmt":"2024-02-13T22:12:51","guid":{"rendered":"https:\/\/truusk.store\/product\/campingstol-barbar-hopfallbar-tradgardsstol-regissorsstol-hopfallbar-stol-modern-design-for-utomhuspicknick-max-belastning-120-kg-ljusgra-88-x-74-x-84-cm\/"},"modified":"2026-03-12T09:11:27","modified_gmt":"2026-03-12T08:11:27","slug":"truusk-hopfallbar-campingstol-modern-design-latt-och-barbar-for-utomhusbruk-max-belastning-120-kg-ljusgra-88-x-74-x","status":"publish","type":"product","link":"https:\/\/truusk.store\/sv\/produkt\/truusk-hopfallbar-campingstol-modern-design-latt-och-barbar-for-utomhusbruk-max-belastning-120-kg-ljusgra-88-x-74-x\/","title":{"rendered":"TRUUSK Hopf\u00e4llbar Campingstol &#8211; Modern Design &#8211; L\u00e4tt och b\u00e4rbar &#8211; F\u00f6r Utomhusbruk &#8211; Max Belastning 120 kg &#8211; Ljusgr\u00e5 &#8211; 88 x 74 x"},"content":{"rendered":"<p>Slappna av och luta dig tillbaka med denna bekv\u00e4ma och hopf\u00e4llbara campingstol! Denna vadderade hopf\u00e4llbara stol \u00e4r s\u00e4rskilt l\u00e4tt och kan f\u00e4llas ihop och transporteras var som helst med en hand, s\u00e5 att den kan anv\u00e4ndas runt huset eller ta med till en picknick, camping, ryggs\u00e4ckstur eller tr\u00e4dg\u00e5rdsfest. Den robusta st\u00e5lramen och den bekv\u00e4ma stoppningen erbjuder en enast\u00e5ende balans mellan komfort och funktionalitet.<\/p>\n<h3>Beskrivning:<\/h3>\n<ul>\n<li>Vikbar f\u00f6r enkel transport och platsbesparande f\u00f6rvaring<\/li>\n<li>St\u00e5lramen s\u00e4kerst\u00e4ller p\u00e5litlig styrka<\/li>\n<li>Sittstoppningen ger en bekv\u00e4m sittupplevelse<\/li>\n<li>Fotkuddar garanterar s\u00e4kerhet och halks\u00e4kerhet<\/li>\n<li>Perfekt f\u00f6r camping, sportevenemang, filmer och fiske<\/li>\n<\/ul>\n<h3>Teknisk data:<\/h3>\n<ul>\n<li>F\u00e4rg: ljusgr\u00e5<\/li>\n<li>Material: st\u00e5l, polyester<\/li>\n<li>\u00d6vergripande m\u00e5tt: 88L x 74W x 84H cm<\/li>\n<li>Vikstorlek: 110L x 15W x 15H cm<\/li>\n<li>Sitsm\u00e5tt: 68L x 41W x 43H cm<\/li>\n<li>Ryggst\u00f6dsm\u00e5tt: 68W x 47H cm<\/li>\n<li>Max lastkapacitet: 120 kg<\/li>\n<\/ul>\n<h3>Leveransens omfattning:<\/h3>\n<ul>\n<li>1 x campingstol;<\/li>\n<\/ul>\n","protected":false},"excerpt":{"rendered":"<p>Slappna av och luta dig tillbaka med denna bekv\u00e4ma och hopf\u00e4llbara campingstol! Denna vadderade hopf\u00e4llbara stol \u00e4r s\u00e4rskilt l\u00e4tt och&#8230;<\/p>\n","protected":false},"featured_media":34618,"template":"","meta":[],"product_brand":[],"product_cat":[1117],"product_tag":[],"class_list":{"0":"post-34617","1":"product","2":"type-product","3":"status-publish","4":"has-post-thumbnail","6":"product_cat-okategoriserad","8":"first","9":"instock","10":"sale","11":"taxable","12":"shipping-taxable","13":"purchasable","14":"product-type-simple"},"yoast_head":"<!-- This site is optimized with the Yoast SEO plugin v25.4 - https:\/\/yoast.com\/wordpress\/plugins\/seo\/ -->\n<title>TRUUSK Hopf\u00e4llbar Campingstol - Modern Design - L\u00e4tt och b\u00e4rbar - F\u00f6r Utomhusbruk - Max Belastning 120 kg - Ljusgr\u00e5 - 88 x 74 x - TRUUSK - Hem, Tr\u00e4dg\u00e5rd &amp; Fritid<\/title>\n<meta name=\"robots\" content=\"index, follow, max-snippet:-1, max-image-preview:large, max-video-preview:-1\" \/>\n<link rel=\"canonical\" href=\"https:\/\/truusk.store\/sv\/produkt\/truusk-hopfallbar-campingstol-modern-design-latt-och-barbar-for-utomhusbruk-max-belastning-120-kg-ljusgra-88-x-74-x\/\" \/>\n<meta property=\"og:locale\" content=\"sv_SE\" \/>\n<meta property=\"og:type\" content=\"article\" \/>\n<meta property=\"og:title\" content=\"TRUUSK Hopf\u00e4llbar Campingstol - Modern Design - L\u00e4tt och b\u00e4rbar - F\u00f6r Utomhusbruk - Max Belastning 120 kg - Ljusgr\u00e5 - 88 x 74 x - TRUUSK - Hem, Tr\u00e4dg\u00e5rd &amp; Fritid\" \/>\n<meta property=\"og:description\" content=\"Slappna av och luta dig tillbaka med denna bekv\u00e4ma och hopf\u00e4llbara campingstol! Denna vadderade hopf\u00e4llbara stol \u00e4r s\u00e4rskilt l\u00e4tt och...\" \/>\n<meta property=\"og:url\" content=\"https:\/\/truusk.store\/sv\/produkt\/truusk-hopfallbar-campingstol-modern-design-latt-och-barbar-for-utomhusbruk-max-belastning-120-kg-ljusgra-88-x-74-x\/\" \/>\n<meta property=\"og:site_name\" content=\"TRUUSK - Hem, Tr\u00e4dg\u00e5rd &amp; Fritid\" \/>\n<meta property=\"article:modified_time\" content=\"2026-03-12T08:11:27+00:00\" \/>\n<meta property=\"og:image\" content=\"https:\/\/i0.wp.com\/truusk.se\/wp-content\/uploads\/2024\/02\/campingstol-barbar-hopfallbar-tradgardsstol-regissorsstol-hopfallbar-stol-modern-design-for-utomhuspicknick-max-belastning-120-kg-ljusgra-88-x-74-x-84-cm.webp?fit=800%2C800&ssl=1\" \/>\n\t<meta property=\"og:image:width\" content=\"800\" \/>\n\t<meta property=\"og:image:height\" content=\"800\" \/>\n\t<meta property=\"og:image:type\" content=\"image\/webp\" \/>\n<meta name=\"twitter:card\" content=\"summary_large_image\" \/>\n<meta name=\"twitter:label1\" content=\"Ber\u00e4knad l\u00e4stid\" \/>\n\t<meta name=\"twitter:data1\" content=\"1 minut\" \/>\n<!-- \/ Yoast SEO plugin. -->","yoast_head_json":{"title":"TRUUSK Hopf\u00e4llbar Campingstol - Modern Design - L\u00e4tt och b\u00e4rbar - F\u00f6r Utomhusbruk - Max Belastning 120 kg - Ljusgr\u00e5 - 88 x 74 x - TRUUSK - Hem, Tr\u00e4dg\u00e5rd &amp; Fritid","robots":{"index":"index","follow":"follow","max-snippet":"max-snippet:-1","max-image-preview":"max-image-preview:large","max-video-preview":"max-video-preview:-1"},"canonical":"https:\/\/truusk.store\/sv\/produkt\/truusk-hopfallbar-campingstol-modern-design-latt-och-barbar-for-utomhusbruk-max-belastning-120-kg-ljusgra-88-x-74-x\/","og_locale":"sv_SE","og_type":"article","og_title":"TRUUSK Hopf\u00e4llbar Campingstol - Modern Design - L\u00e4tt och b\u00e4rbar - F\u00f6r Utomhusbruk - Max Belastning 120 kg - Ljusgr\u00e5 - 88 x 74 x - TRUUSK - Hem, Tr\u00e4dg\u00e5rd &amp; Fritid","og_description":"Slappna av och luta dig tillbaka med denna bekv\u00e4ma och hopf\u00e4llbara campingstol! Denna vadderade hopf\u00e4llbara stol \u00e4r s\u00e4rskilt l\u00e4tt och...","og_url":"https:\/\/truusk.store\/sv\/produkt\/truusk-hopfallbar-campingstol-modern-design-latt-och-barbar-for-utomhusbruk-max-belastning-120-kg-ljusgra-88-x-74-x\/","og_site_name":"TRUUSK - Hem, Tr\u00e4dg\u00e5rd &amp; Fritid","article_modified_time":"2026-03-12T08:11:27+00:00","og_image":[{"width":800,"height":800,"url":"https:\/\/i0.wp.com\/truusk.se\/wp-content\/uploads\/2024\/02\/campingstol-barbar-hopfallbar-tradgardsstol-regissorsstol-hopfallbar-stol-modern-design-for-utomhuspicknick-max-belastning-120-kg-ljusgra-88-x-74-x-84-cm.webp?fit=800%2C800&ssl=1","type":"image\/webp"}],"twitter_card":"summary_large_image","twitter_misc":{"Ber\u00e4knad l\u00e4stid":"1 minut"},"schema":{"@context":"https:\/\/schema.org","@graph":[{"@type":"WebPage","@id":"https:\/\/truusk.store\/sv\/produkt\/truusk-hopfallbar-campingstol-modern-design-latt-och-barbar-for-utomhusbruk-max-belastning-120-kg-ljusgra-88-x-74-x\/","url":"https:\/\/truusk.store\/sv\/produkt\/truusk-hopfallbar-campingstol-modern-design-latt-och-barbar-for-utomhusbruk-max-belastning-120-kg-ljusgra-88-x-74-x\/","name":"TRUUSK Hopf\u00e4llbar Campingstol - Modern Design - L\u00e4tt och b\u00e4rbar - F\u00f6r Utomhusbruk - Max Belastning 120 kg - Ljusgr\u00e5 - 88 x 74 x - TRUUSK - Hem, Tr\u00e4dg\u00e5rd &amp; Fritid","isPartOf":{"@id":"https:\/\/truusk.store\/sv\/#website"},"primaryImageOfPage":{"@id":"https:\/\/truusk.store\/sv\/produkt\/truusk-hopfallbar-campingstol-modern-design-latt-och-barbar-for-utomhusbruk-max-belastning-120-kg-ljusgra-88-x-74-x\/#primaryimage"},"image":{"@id":"https:\/\/truusk.store\/sv\/produkt\/truusk-hopfallbar-campingstol-modern-design-latt-och-barbar-for-utomhusbruk-max-belastning-120-kg-ljusgra-88-x-74-x\/#primaryimage"},"thumbnailUrl":"https:\/\/i0.wp.com\/truusk.store\/wp-content\/uploads\/2024\/02\/campingstol-barbar-hopfallbar-tradgardsstol-regissorsstol-hopfallbar-stol-modern-design-for-utomhuspicknick-max-belastning-120-kg-ljusgra-88-x-74-x-84-cm.webp?fit=800%2C800&ssl=1","datePublished":"2024-02-13T22:12:51+00:00","dateModified":"2026-03-12T08:11:27+00:00","breadcrumb":{"@id":"https:\/\/truusk.store\/sv\/produkt\/truusk-hopfallbar-campingstol-modern-design-latt-och-barbar-for-utomhusbruk-max-belastning-120-kg-ljusgra-88-x-74-x\/#breadcrumb"},"inLanguage":"sv-SE","potentialAction":[{"@type":"ReadAction","target":["https:\/\/truusk.store\/sv\/produkt\/truusk-hopfallbar-campingstol-modern-design-latt-och-barbar-for-utomhusbruk-max-belastning-120-kg-ljusgra-88-x-74-x\/"]}]},{"@type":"ImageObject","inLanguage":"sv-SE","@id":"https:\/\/truusk.store\/sv\/produkt\/truusk-hopfallbar-campingstol-modern-design-latt-och-barbar-for-utomhusbruk-max-belastning-120-kg-ljusgra-88-x-74-x\/#primaryimage","url":"https:\/\/i0.wp.com\/truusk.store\/wp-content\/uploads\/2024\/02\/campingstol-barbar-hopfallbar-tradgardsstol-regissorsstol-hopfallbar-stol-modern-design-for-utomhuspicknick-max-belastning-120-kg-ljusgra-88-x-74-x-84-cm.webp?fit=800%2C800&ssl=1","contentUrl":"https:\/\/i0.wp.com\/truusk.store\/wp-content\/uploads\/2024\/02\/campingstol-barbar-hopfallbar-tradgardsstol-regissorsstol-hopfallbar-stol-modern-design-for-utomhuspicknick-max-belastning-120-kg-ljusgra-88-x-74-x-84-cm.webp?fit=800%2C800&ssl=1","width":800,"height":800,"caption":"Campingstol B\u00e4rbar Hopf\u00e4llbar Tr\u00e4dg\u00e5rdsstol Regiss\u00f6rsstol Hopf\u00e4llbar Stol Modern Design F\u00f6r Utomhuspicknick Max Belastning 120 Kg Ljusgr\u00e5 88 X 74 X 84 Cm 1"},{"@type":"BreadcrumbList","@id":"https:\/\/truusk.store\/sv\/produkt\/truusk-hopfallbar-campingstol-modern-design-latt-och-barbar-for-utomhusbruk-max-belastning-120-kg-ljusgra-88-x-74-x\/#breadcrumb","itemListElement":[{"@type":"ListItem","position":1,"name":"Home","item":"https:\/\/truusk.store\/sv\/"},{"@type":"ListItem","position":2,"name":"Shop","item":"https:\/\/truusk.store\/shop\/"},{"@type":"ListItem","position":3,"name":"TRUUSK Hopf\u00e4llbar Campingstol &#8211; Modern Design &#8211; L\u00e4tt och b\u00e4rbar &#8211; F\u00f6r Utomhusbruk &#8211; Max Belastning 120 kg &#8211; Ljusgr\u00e5 &#8211; 88 x 74 x"}]},{"@type":"WebSite","@id":"https:\/\/truusk.store\/sv\/#website","url":"https:\/\/truusk.store\/sv\/","name":"TRUUSK - Hem, Tr\u00e4dg\u00e5rd & Fritid","description":"","publisher":{"@id":"https:\/\/truusk.store\/sv\/#organization"},"potentialAction":[{"@type":"SearchAction","target":{"@type":"EntryPoint","urlTemplate":"https:\/\/truusk.store\/sv\/?s={search_term_string}"},"query-input":{"@type":"PropertyValueSpecification","valueRequired":true,"valueName":"search_term_string"}}],"inLanguage":"sv-SE"},{"@type":"Organization","@id":"https:\/\/truusk.store\/sv\/#organization","name":"TRUUSK - Hem, Tr\u00e4dg\u00e5rd & Fritid","url":"https:\/\/truusk.store\/sv\/","logo":{"@type":"ImageObject","inLanguage":"sv-SE","@id":"https:\/\/truusk.store\/sv\/#\/schema\/logo\/image\/","url":"https:\/\/i0.wp.com\/truusk.store\/wp-content\/uploads\/2026\/03\/cropped-TRUUSK.png?fit=2032%2C917&ssl=1","contentUrl":"https:\/\/i0.wp.com\/truusk.store\/wp-content\/uploads\/2026\/03\/cropped-TRUUSK.png?fit=2032%2C917&ssl=1","width":2032,"height":917,"caption":"TRUUSK - Hem, Tr\u00e4dg\u00e5rd & Fritid"},"image":{"@id":"https:\/\/truusk.store\/sv\/#\/schema\/logo\/image\/"}}]}},"jetpack_sharing_enabled":true,"_links":{"self":[{"href":"https:\/\/truusk.store\/sv\/wp-json\/wp\/v2\/product\/34617","targetHints":{"allow":["GET"]}}],"collection":[{"href":"https:\/\/truusk.store\/sv\/wp-json\/wp\/v2\/product"}],"about":[{"href":"https:\/\/truusk.store\/sv\/wp-json\/wp\/v2\/types\/product"}],"wp:featuredmedia":[{"embeddable":true,"href":"https:\/\/truusk.store\/sv\/wp-json\/wp\/v2\/media\/34618"}],"wp:attachment":[{"href":"https:\/\/truusk.store\/sv\/wp-json\/wp\/v2\/media?parent=34617"}],"wp:term":[{"taxonomy":"product_brand","embeddable":true,"href":"https:\/\/truusk.store\/sv\/wp-json\/wp\/v2\/product_brand?post=34617"},{"taxonomy":"product_cat","embeddable":true,"href":"https:\/\/truusk.store\/sv\/wp-json\/wp\/v2\/product_cat?post=34617"},{"taxonomy":"product_tag","embeddable":true,"href":"https:\/\/truusk.store\/sv\/wp-json\/wp\/v2\/product_tag?post=34617"}],"curies":[{"name":"wp","href":"https:\/\/api.w.org\/{rel}","templated":true}]}}