{"id":34686,"date":"2024-02-13T23:14:48","date_gmt":"2024-02-13T22:14:48","guid":{"rendered":"https:\/\/truusk.store\/product\/barstol-set-om-tva-hojdjusterbar-vridbar-40-x-42-x-82-104-cm-konstlader-vit\/"},"modified":"2026-03-12T09:11:27","modified_gmt":"2026-03-12T08:11:27","slug":"truusk-barstol-set-hojdjusterbar-och-vridbar-konstlader-vit-40-x-42-x-82-104-cm-perfekt-for-hemmet","status":"publish","type":"product","link":"https:\/\/truusk.store\/sv\/produkt\/truusk-barstol-set-hojdjusterbar-och-vridbar-konstlader-vit-40-x-42-x-82-104-cm-perfekt-for-hemmet\/","title":{"rendered":"TRUUSK Barstol Set &#8211; H\u00f6jdjusterbar och Vridbar &#8211; Konstl\u00e4der &#8211; Vit &#8211; 40 x 42 x 82-104 cm &#8211; Perfekt f\u00f6r Hemmet"},"content":{"rendered":"<p>Ge modern fr\u00e4sch\u00f6r till ditt k\u00f6k eller hembar med denna fantastiska barstolsset. Oavsett om du vill njuta av en rej\u00e4l frukost eller avsluta kv\u00e4llen med drinkar: dessa eleganta pallar erbjuder dig en enast\u00e5ende sittupplevelse n\u00e4r som helst p\u00e5 dygnet. Barstolarna \u00e4r justerbara i h\u00f6jdled, s\u00e4rskilt bekv\u00e4ma och extremt l\u00e4ttsk\u00f6tta. F\u00f6r att avrunda sittgl\u00e4djen \u00e4r ett fotst\u00f6d p\u00e5 den mycket stabila st\u00e5lramen s\u00e5klart ett m\u00e5ste!<\/p>\n<h3>Beskrivning:<\/h3>\n<ul>\n<li>Set med 2 moderna barstolar<\/li>\n<li>H\u00f6jden kan enkelt justeras med en hand<\/li>\n<li>Vridbart s\u00e4te ger mycket r\u00f6relsefrihet<\/li>\n<li>Praktiska nedre fotst\u00f6d f\u00f6r att vila benen<\/li>\n<li>Vadderat s\u00e4te med mjukt format ryggst\u00f6d \u00e4r extra bekv\u00e4mt<\/li>\n<li>Tung st\u00e5lbas \u00e4r stabil och utrustad med halkfria gummibuffertar<\/li>\n<li>Montering kr\u00e4vs<\/li>\n<\/ul>\n<h3>Teknisk data:<\/h3>\n<ul>\n<li>F\u00e4rg vit<\/li>\n<li>Material: konstl\u00e4der, PP, st\u00e5l<\/li>\n<li>\u00d6vergripande m\u00e5tt: 40L x 42W x 82-104H cm<\/li>\n<li>Sitsm\u00e5tt: 40L x 36W x 61-83H cm<\/li>\n<li>Basm\u00e5tt: 38,5 cm<\/li>\n<li>Lastkapacitet: 120 kg<\/li>\n<\/ul>\n<h3>Leveransens omfattning:<\/h3>\n<ul>\n<li>2 x barstolar<\/li>\n<li>1 x Instruktioner<\/li>\n<\/ul>\n","protected":false},"excerpt":{"rendered":"<p>Ge modern fr\u00e4sch\u00f6r till ditt k\u00f6k eller hembar med denna fantastiska barstolsset. Oavsett om du vill njuta av en rej\u00e4l&#8230;<\/p>\n","protected":false},"featured_media":34687,"template":"","meta":[],"product_brand":[],"product_cat":[544,485,542],"product_tag":[],"class_list":{"0":"post-34686","1":"product","2":"type-product","3":"status-publish","4":"has-post-thumbnail","6":"product_cat-barstol","7":"product_cat-hus-bo","8":"product_cat-pall","10":"first","11":"instock","12":"sale","13":"taxable","14":"shipping-taxable","15":"purchasable","16":"product-type-simple"},"yoast_head":"<!-- This site is optimized with the Yoast SEO plugin v25.4 - https:\/\/yoast.com\/wordpress\/plugins\/seo\/ -->\n<title>TRUUSK Barstol Set - H\u00f6jdjusterbar och Vridbar - Konstl\u00e4der - Vit - 40 x 42 x 82-104 cm - Perfekt f\u00f6r Hemmet - TRUUSK - Hem, Tr\u00e4dg\u00e5rd &amp; Fritid<\/title>\n<meta name=\"robots\" content=\"index, follow, max-snippet:-1, max-image-preview:large, max-video-preview:-1\" \/>\n<link rel=\"canonical\" href=\"https:\/\/truusk.store\/sv\/produkt\/truusk-barstol-set-hojdjusterbar-och-vridbar-konstlader-vit-40-x-42-x-82-104-cm-perfekt-for-hemmet\/\" \/>\n<meta property=\"og:locale\" content=\"sv_SE\" \/>\n<meta property=\"og:type\" content=\"article\" \/>\n<meta property=\"og:title\" content=\"TRUUSK Barstol Set - H\u00f6jdjusterbar och Vridbar - Konstl\u00e4der - Vit - 40 x 42 x 82-104 cm - Perfekt f\u00f6r Hemmet - TRUUSK - Hem, Tr\u00e4dg\u00e5rd &amp; Fritid\" \/>\n<meta property=\"og:description\" content=\"Ge modern fr\u00e4sch\u00f6r till ditt k\u00f6k eller hembar med denna fantastiska barstolsset. Oavsett om du vill njuta av en rej\u00e4l...\" \/>\n<meta property=\"og:url\" content=\"https:\/\/truusk.store\/sv\/produkt\/truusk-barstol-set-hojdjusterbar-och-vridbar-konstlader-vit-40-x-42-x-82-104-cm-perfekt-for-hemmet\/\" \/>\n<meta property=\"og:site_name\" content=\"TRUUSK - Hem, Tr\u00e4dg\u00e5rd &amp; Fritid\" \/>\n<meta property=\"article:modified_time\" content=\"2026-03-12T08:11:27+00:00\" \/>\n<meta property=\"og:image\" content=\"https:\/\/i0.wp.com\/truusk.se\/wp-content\/uploads\/2024\/02\/barstol-set-om-tva-hojdjusterbar-vridbar-40-x-42-x-82-104-cm-konstlader-vit.webp?fit=800%2C800&ssl=1\" \/>\n\t<meta property=\"og:image:width\" content=\"800\" \/>\n\t<meta property=\"og:image:height\" content=\"800\" \/>\n\t<meta property=\"og:image:type\" content=\"image\/webp\" \/>\n<meta name=\"twitter:card\" content=\"summary_large_image\" \/>\n<meta name=\"twitter:label1\" content=\"Ber\u00e4knad l\u00e4stid\" \/>\n\t<meta name=\"twitter:data1\" content=\"1 minut\" \/>\n<!-- \/ Yoast SEO plugin. -->","yoast_head_json":{"title":"TRUUSK Barstol Set - H\u00f6jdjusterbar och Vridbar - Konstl\u00e4der - Vit - 40 x 42 x 82-104 cm - Perfekt f\u00f6r Hemmet - TRUUSK - Hem, Tr\u00e4dg\u00e5rd &amp; Fritid","robots":{"index":"index","follow":"follow","max-snippet":"max-snippet:-1","max-image-preview":"max-image-preview:large","max-video-preview":"max-video-preview:-1"},"canonical":"https:\/\/truusk.store\/sv\/produkt\/truusk-barstol-set-hojdjusterbar-och-vridbar-konstlader-vit-40-x-42-x-82-104-cm-perfekt-for-hemmet\/","og_locale":"sv_SE","og_type":"article","og_title":"TRUUSK Barstol Set - H\u00f6jdjusterbar och Vridbar - Konstl\u00e4der - Vit - 40 x 42 x 82-104 cm - Perfekt f\u00f6r Hemmet - TRUUSK - Hem, Tr\u00e4dg\u00e5rd &amp; Fritid","og_description":"Ge modern fr\u00e4sch\u00f6r till ditt k\u00f6k eller hembar med denna fantastiska barstolsset. Oavsett om du vill njuta av en rej\u00e4l...","og_url":"https:\/\/truusk.store\/sv\/produkt\/truusk-barstol-set-hojdjusterbar-och-vridbar-konstlader-vit-40-x-42-x-82-104-cm-perfekt-for-hemmet\/","og_site_name":"TRUUSK - Hem, Tr\u00e4dg\u00e5rd &amp; Fritid","article_modified_time":"2026-03-12T08:11:27+00:00","og_image":[{"width":800,"height":800,"url":"https:\/\/i0.wp.com\/truusk.se\/wp-content\/uploads\/2024\/02\/barstol-set-om-tva-hojdjusterbar-vridbar-40-x-42-x-82-104-cm-konstlader-vit.webp?fit=800%2C800&ssl=1","type":"image\/webp"}],"twitter_card":"summary_large_image","twitter_misc":{"Ber\u00e4knad l\u00e4stid":"1 minut"},"schema":{"@context":"https:\/\/schema.org","@graph":[{"@type":"WebPage","@id":"https:\/\/truusk.store\/sv\/produkt\/truusk-barstol-set-hojdjusterbar-och-vridbar-konstlader-vit-40-x-42-x-82-104-cm-perfekt-for-hemmet\/","url":"https:\/\/truusk.store\/sv\/produkt\/truusk-barstol-set-hojdjusterbar-och-vridbar-konstlader-vit-40-x-42-x-82-104-cm-perfekt-for-hemmet\/","name":"TRUUSK Barstol Set - H\u00f6jdjusterbar och Vridbar - Konstl\u00e4der - Vit - 40 x 42 x 82-104 cm - Perfekt f\u00f6r Hemmet - TRUUSK - Hem, Tr\u00e4dg\u00e5rd &amp; Fritid","isPartOf":{"@id":"https:\/\/truusk.store\/sv\/#website"},"primaryImageOfPage":{"@id":"https:\/\/truusk.store\/sv\/produkt\/truusk-barstol-set-hojdjusterbar-och-vridbar-konstlader-vit-40-x-42-x-82-104-cm-perfekt-for-hemmet\/#primaryimage"},"image":{"@id":"https:\/\/truusk.store\/sv\/produkt\/truusk-barstol-set-hojdjusterbar-och-vridbar-konstlader-vit-40-x-42-x-82-104-cm-perfekt-for-hemmet\/#primaryimage"},"thumbnailUrl":"https:\/\/i0.wp.com\/truusk.store\/wp-content\/uploads\/2024\/02\/barstol-set-om-tva-hojdjusterbar-vridbar-40-x-42-x-82-104-cm-konstlader-vit.webp?fit=800%2C800&ssl=1","datePublished":"2024-02-13T22:14:48+00:00","dateModified":"2026-03-12T08:11:27+00:00","breadcrumb":{"@id":"https:\/\/truusk.store\/sv\/produkt\/truusk-barstol-set-hojdjusterbar-och-vridbar-konstlader-vit-40-x-42-x-82-104-cm-perfekt-for-hemmet\/#breadcrumb"},"inLanguage":"sv-SE","potentialAction":[{"@type":"ReadAction","target":["https:\/\/truusk.store\/sv\/produkt\/truusk-barstol-set-hojdjusterbar-och-vridbar-konstlader-vit-40-x-42-x-82-104-cm-perfekt-for-hemmet\/"]}]},{"@type":"ImageObject","inLanguage":"sv-SE","@id":"https:\/\/truusk.store\/sv\/produkt\/truusk-barstol-set-hojdjusterbar-och-vridbar-konstlader-vit-40-x-42-x-82-104-cm-perfekt-for-hemmet\/#primaryimage","url":"https:\/\/i0.wp.com\/truusk.store\/wp-content\/uploads\/2024\/02\/barstol-set-om-tva-hojdjusterbar-vridbar-40-x-42-x-82-104-cm-konstlader-vit.webp?fit=800%2C800&ssl=1","contentUrl":"https:\/\/i0.wp.com\/truusk.store\/wp-content\/uploads\/2024\/02\/barstol-set-om-tva-hojdjusterbar-vridbar-40-x-42-x-82-104-cm-konstlader-vit.webp?fit=800%2C800&ssl=1","width":800,"height":800,"caption":"Barstol Set Om Tv\u00e5, H\u00f6jdjusterbar, Vridbar, 40 X 42 X 82-104 Cm, Konstl\u00e4der, Vit 1"},{"@type":"BreadcrumbList","@id":"https:\/\/truusk.store\/sv\/produkt\/truusk-barstol-set-hojdjusterbar-och-vridbar-konstlader-vit-40-x-42-x-82-104-cm-perfekt-for-hemmet\/#breadcrumb","itemListElement":[{"@type":"ListItem","position":1,"name":"Home","item":"https:\/\/truusk.store\/sv\/"},{"@type":"ListItem","position":2,"name":"Shop","item":"https:\/\/truusk.store\/shop\/"},{"@type":"ListItem","position":3,"name":"TRUUSK Barstol Set &#8211; H\u00f6jdjusterbar och Vridbar &#8211; Konstl\u00e4der &#8211; Vit &#8211; 40 x 42 x 82-104 cm &#8211; Perfekt f\u00f6r Hemmet"}]},{"@type":"WebSite","@id":"https:\/\/truusk.store\/sv\/#website","url":"https:\/\/truusk.store\/sv\/","name":"TRUUSK - Hem, Tr\u00e4dg\u00e5rd & Fritid","description":"","publisher":{"@id":"https:\/\/truusk.store\/sv\/#organization"},"potentialAction":[{"@type":"SearchAction","target":{"@type":"EntryPoint","urlTemplate":"https:\/\/truusk.store\/sv\/?s={search_term_string}"},"query-input":{"@type":"PropertyValueSpecification","valueRequired":true,"valueName":"search_term_string"}}],"inLanguage":"sv-SE"},{"@type":"Organization","@id":"https:\/\/truusk.store\/sv\/#organization","name":"TRUUSK - Hem, Tr\u00e4dg\u00e5rd & Fritid","url":"https:\/\/truusk.store\/sv\/","logo":{"@type":"ImageObject","inLanguage":"sv-SE","@id":"https:\/\/truusk.store\/sv\/#\/schema\/logo\/image\/","url":"https:\/\/i0.wp.com\/truusk.store\/wp-content\/uploads\/2026\/03\/cropped-TRUUSK.png?fit=2032%2C917&ssl=1","contentUrl":"https:\/\/i0.wp.com\/truusk.store\/wp-content\/uploads\/2026\/03\/cropped-TRUUSK.png?fit=2032%2C917&ssl=1","width":2032,"height":917,"caption":"TRUUSK - Hem, Tr\u00e4dg\u00e5rd & Fritid"},"image":{"@id":"https:\/\/truusk.store\/sv\/#\/schema\/logo\/image\/"}}]}},"jetpack_sharing_enabled":true,"_links":{"self":[{"href":"https:\/\/truusk.store\/sv\/wp-json\/wp\/v2\/product\/34686","targetHints":{"allow":["GET"]}}],"collection":[{"href":"https:\/\/truusk.store\/sv\/wp-json\/wp\/v2\/product"}],"about":[{"href":"https:\/\/truusk.store\/sv\/wp-json\/wp\/v2\/types\/product"}],"wp:featuredmedia":[{"embeddable":true,"href":"https:\/\/truusk.store\/sv\/wp-json\/wp\/v2\/media\/34687"}],"wp:attachment":[{"href":"https:\/\/truusk.store\/sv\/wp-json\/wp\/v2\/media?parent=34686"}],"wp:term":[{"taxonomy":"product_brand","embeddable":true,"href":"https:\/\/truusk.store\/sv\/wp-json\/wp\/v2\/product_brand?post=34686"},{"taxonomy":"product_cat","embeddable":true,"href":"https:\/\/truusk.store\/sv\/wp-json\/wp\/v2\/product_cat?post=34686"},{"taxonomy":"product_tag","embeddable":true,"href":"https:\/\/truusk.store\/sv\/wp-json\/wp\/v2\/product_tag?post=34686"}],"curies":[{"name":"wp","href":"https:\/\/api.w.org\/{rel}","templated":true}]}}