{"id":34706,"date":"2024-02-13T23:15:29","date_gmt":"2024-02-13T22:15:29","guid":{"rendered":"https:\/\/truusk.store\/product\/tradgardspaviljong-295-x-295-m-paviljong-tradgardstalt-talt-partytalt-stal-polyester-gra\/"},"modified":"2026-03-12T09:11:28","modified_gmt":"2026-03-12T08:11:28","slug":"truusk-tradgardspaviljong-295-x-295-m-stalkonstruktion-polyesterduk-gra-perfekt-for-tradgardsfester","status":"publish","type":"product","link":"https:\/\/truusk.store\/sv\/produkt\/truusk-tradgardspaviljong-295-x-295-m-stalkonstruktion-polyesterduk-gra-perfekt-for-tradgardsfester\/","title":{"rendered":"TRUUSK Tr\u00e4dg\u00e5rdspaviljong 2,95 X 2,95 M &#8211; St\u00e5lkonstruktion &#8211; Polyesterduk &#8211; Gr\u00e5 &#8211; Perfekt f\u00f6r Tr\u00e4dg\u00e5rdsfester"},"content":{"rendered":"<p>Detta 3 m x 3 m lusthus \u00e4r ett utm\u00e4rkt s\u00e4tt att f\u00f6rst\u00e4rka ditt utomhusutrymme med elegans och skapa ett avkopplande tillflyktsomr\u00e5de. Tr\u00e4dg\u00e5rdspaviljongen erbjuder ett s\u00e4kert solskydd f\u00f6r varma sommardagar och den robusta st\u00e5lramen ger h\u00f6g stabilitet och stabilitet. Taket \u00e4r av belagd polyester och har en ventilations\u00f6ppning och \u00e5tta dr\u00e4nerings\u00f6ppningar f\u00f6r att dr\u00e4nera ut regnvatten. Nu st\u00e5r ingenting i v\u00e4gen f\u00f6r din tr\u00e4dg\u00e5rdsfest!<\/p>\n<h3>Beskrivning:<\/h3>\n<ul>\n<li>Rymligt tr\u00e4dg\u00e5rdst\u00e4lt, enkelt och elegant<\/li>\n<li>Baldakin med 8 dr\u00e4nerings\u00f6ppningar f\u00f6r att f\u00f6rhindra vattenansamling<\/li>\n<li>Polyestertyg med PA-bel\u00e4ggning ger ett s\u00e4kert solskydd<\/li>\n<li>Solid st\u00e5lram f\u00f6r styrka och stabilitet<\/li>\n<li>8 markspetsar ing\u00e5r s\u00e5 att din paviljong \u00e4r extra s\u00e4ker<\/li>\n<li>Montering kr\u00e4vs<\/li>\n<\/ul>\n<h3>Teknisk data:<\/h3>\n<ul>\n<li>F\u00e4rg gr\u00e5<\/li>\n<li>Material: st\u00e5l, polyester<\/li>\n<li>\u00d6vergripande m\u00e5tt: 2,95L x 2,95W x 2,55H m<\/li>\n<li>Takfotsh\u00f6jd: 2 m<\/li>\n<li>Kolumnavst\u00e5nd: 2,21L x 2,21B m<\/li>\n<li>OBS: Rekommenderas inte f\u00f6r anv\u00e4ndning i extrema v\u00e4derf\u00f6rh\u00e5llanden<\/li>\n<\/ul>\n<h3>Leveransens omfattning:<\/h3>\n<ul>\n<li>1 x Gazebo<\/li>\n<li>8 x markspikar &#8211; 1 x instruktioner<\/li>\n<li>VIKTIGT: Vi levererar varan till trottoarkanten utan kostnad. Se till att du anger r\u00e4tt adress och telefonnummer.<\/li>\n<\/ul>\n","protected":false},"excerpt":{"rendered":"<p>Detta 3 m x 3 m lusthus \u00e4r ett utm\u00e4rkt s\u00e4tt att f\u00f6rst\u00e4rka ditt utomhusutrymme med elegans och skapa ett&#8230;<\/p>\n","protected":false},"featured_media":34707,"template":"","meta":[],"product_brand":[],"product_cat":[477,435,476],"product_tag":[],"class_list":{"0":"post-34706","1":"product","2":"type-product","3":"status-publish","4":"has-post-thumbnail","6":"product_cat-paviljonger-partytalt","7":"product_cat-tradgard-och-terrass","8":"product_cat-tradgardspaviljonger","10":"first","11":"instock","12":"sale","13":"taxable","14":"shipping-taxable","15":"purchasable","16":"product-type-simple"},"yoast_head":"<!-- This site is optimized with the Yoast SEO plugin v25.4 - https:\/\/yoast.com\/wordpress\/plugins\/seo\/ -->\n<title>TRUUSK Tr\u00e4dg\u00e5rdspaviljong 2,95 X 2,95 M - St\u00e5lkonstruktion - Polyesterduk - Gr\u00e5 - Perfekt f\u00f6r Tr\u00e4dg\u00e5rdsfester - TRUUSK - Hem, Tr\u00e4dg\u00e5rd &amp; Fritid<\/title>\n<meta name=\"robots\" content=\"index, follow, max-snippet:-1, max-image-preview:large, max-video-preview:-1\" \/>\n<link rel=\"canonical\" href=\"https:\/\/truusk.store\/sv\/produkt\/truusk-tradgardspaviljong-295-x-295-m-stalkonstruktion-polyesterduk-gra-perfekt-for-tradgardsfester\/\" \/>\n<meta property=\"og:locale\" content=\"sv_SE\" \/>\n<meta property=\"og:type\" content=\"article\" \/>\n<meta property=\"og:title\" content=\"TRUUSK Tr\u00e4dg\u00e5rdspaviljong 2,95 X 2,95 M - St\u00e5lkonstruktion - Polyesterduk - Gr\u00e5 - Perfekt f\u00f6r Tr\u00e4dg\u00e5rdsfester - TRUUSK - Hem, Tr\u00e4dg\u00e5rd &amp; Fritid\" \/>\n<meta property=\"og:description\" content=\"Detta 3 m x 3 m lusthus \u00e4r ett utm\u00e4rkt s\u00e4tt att f\u00f6rst\u00e4rka ditt utomhusutrymme med elegans och skapa ett...\" \/>\n<meta property=\"og:url\" content=\"https:\/\/truusk.store\/sv\/produkt\/truusk-tradgardspaviljong-295-x-295-m-stalkonstruktion-polyesterduk-gra-perfekt-for-tradgardsfester\/\" \/>\n<meta property=\"og:site_name\" content=\"TRUUSK - Hem, Tr\u00e4dg\u00e5rd &amp; Fritid\" \/>\n<meta property=\"article:modified_time\" content=\"2026-03-12T08:11:28+00:00\" \/>\n<meta property=\"og:image\" content=\"https:\/\/i0.wp.com\/truusk.se\/wp-content\/uploads\/2024\/02\/tradgardspaviljong-295-x-295-m-paviljong-tradgardstalt-talt-partytalt-stal-polyester-gra.webp?fit=800%2C800&ssl=1\" \/>\n\t<meta property=\"og:image:width\" content=\"800\" \/>\n\t<meta property=\"og:image:height\" content=\"800\" \/>\n\t<meta property=\"og:image:type\" content=\"image\/webp\" \/>\n<meta name=\"twitter:card\" content=\"summary_large_image\" \/>\n<meta name=\"twitter:label1\" content=\"Ber\u00e4knad l\u00e4stid\" \/>\n\t<meta name=\"twitter:data1\" content=\"1 minut\" \/>\n<!-- \/ Yoast SEO plugin. -->","yoast_head_json":{"title":"TRUUSK Tr\u00e4dg\u00e5rdspaviljong 2,95 X 2,95 M - St\u00e5lkonstruktion - Polyesterduk - Gr\u00e5 - Perfekt f\u00f6r Tr\u00e4dg\u00e5rdsfester - TRUUSK - Hem, Tr\u00e4dg\u00e5rd &amp; Fritid","robots":{"index":"index","follow":"follow","max-snippet":"max-snippet:-1","max-image-preview":"max-image-preview:large","max-video-preview":"max-video-preview:-1"},"canonical":"https:\/\/truusk.store\/sv\/produkt\/truusk-tradgardspaviljong-295-x-295-m-stalkonstruktion-polyesterduk-gra-perfekt-for-tradgardsfester\/","og_locale":"sv_SE","og_type":"article","og_title":"TRUUSK Tr\u00e4dg\u00e5rdspaviljong 2,95 X 2,95 M - St\u00e5lkonstruktion - Polyesterduk - Gr\u00e5 - Perfekt f\u00f6r Tr\u00e4dg\u00e5rdsfester - TRUUSK - Hem, Tr\u00e4dg\u00e5rd &amp; Fritid","og_description":"Detta 3 m x 3 m lusthus \u00e4r ett utm\u00e4rkt s\u00e4tt att f\u00f6rst\u00e4rka ditt utomhusutrymme med elegans och skapa ett...","og_url":"https:\/\/truusk.store\/sv\/produkt\/truusk-tradgardspaviljong-295-x-295-m-stalkonstruktion-polyesterduk-gra-perfekt-for-tradgardsfester\/","og_site_name":"TRUUSK - Hem, Tr\u00e4dg\u00e5rd &amp; Fritid","article_modified_time":"2026-03-12T08:11:28+00:00","og_image":[{"width":800,"height":800,"url":"https:\/\/i0.wp.com\/truusk.se\/wp-content\/uploads\/2024\/02\/tradgardspaviljong-295-x-295-m-paviljong-tradgardstalt-talt-partytalt-stal-polyester-gra.webp?fit=800%2C800&ssl=1","type":"image\/webp"}],"twitter_card":"summary_large_image","twitter_misc":{"Ber\u00e4knad l\u00e4stid":"1 minut"},"schema":{"@context":"https:\/\/schema.org","@graph":[{"@type":"WebPage","@id":"https:\/\/truusk.store\/sv\/produkt\/truusk-tradgardspaviljong-295-x-295-m-stalkonstruktion-polyesterduk-gra-perfekt-for-tradgardsfester\/","url":"https:\/\/truusk.store\/sv\/produkt\/truusk-tradgardspaviljong-295-x-295-m-stalkonstruktion-polyesterduk-gra-perfekt-for-tradgardsfester\/","name":"TRUUSK Tr\u00e4dg\u00e5rdspaviljong 2,95 X 2,95 M - St\u00e5lkonstruktion - Polyesterduk - Gr\u00e5 - Perfekt f\u00f6r Tr\u00e4dg\u00e5rdsfester - TRUUSK - Hem, Tr\u00e4dg\u00e5rd &amp; Fritid","isPartOf":{"@id":"https:\/\/truusk.store\/sv\/#website"},"primaryImageOfPage":{"@id":"https:\/\/truusk.store\/sv\/produkt\/truusk-tradgardspaviljong-295-x-295-m-stalkonstruktion-polyesterduk-gra-perfekt-for-tradgardsfester\/#primaryimage"},"image":{"@id":"https:\/\/truusk.store\/sv\/produkt\/truusk-tradgardspaviljong-295-x-295-m-stalkonstruktion-polyesterduk-gra-perfekt-for-tradgardsfester\/#primaryimage"},"thumbnailUrl":"https:\/\/i0.wp.com\/truusk.store\/wp-content\/uploads\/2024\/02\/tradgardspaviljong-295-x-295-m-paviljong-tradgardstalt-talt-partytalt-stal-polyester-gra.webp?fit=800%2C800&ssl=1","datePublished":"2024-02-13T22:15:29+00:00","dateModified":"2026-03-12T08:11:28+00:00","breadcrumb":{"@id":"https:\/\/truusk.store\/sv\/produkt\/truusk-tradgardspaviljong-295-x-295-m-stalkonstruktion-polyesterduk-gra-perfekt-for-tradgardsfester\/#breadcrumb"},"inLanguage":"sv-SE","potentialAction":[{"@type":"ReadAction","target":["https:\/\/truusk.store\/sv\/produkt\/truusk-tradgardspaviljong-295-x-295-m-stalkonstruktion-polyesterduk-gra-perfekt-for-tradgardsfester\/"]}]},{"@type":"ImageObject","inLanguage":"sv-SE","@id":"https:\/\/truusk.store\/sv\/produkt\/truusk-tradgardspaviljong-295-x-295-m-stalkonstruktion-polyesterduk-gra-perfekt-for-tradgardsfester\/#primaryimage","url":"https:\/\/i0.wp.com\/truusk.store\/wp-content\/uploads\/2024\/02\/tradgardspaviljong-295-x-295-m-paviljong-tradgardstalt-talt-partytalt-stal-polyester-gra.webp?fit=800%2C800&ssl=1","contentUrl":"https:\/\/i0.wp.com\/truusk.store\/wp-content\/uploads\/2024\/02\/tradgardspaviljong-295-x-295-m-paviljong-tradgardstalt-talt-partytalt-stal-polyester-gra.webp?fit=800%2C800&ssl=1","width":800,"height":800,"caption":"Tr\u00e4dg\u00e5rdspaviljong 2,95 X 2,95 M Paviljong Tr\u00e4dg\u00e5rdst\u00e4lt T\u00e4lt Partyt\u00e4lt St\u00e5l Polyester Gr\u00e5 1"},{"@type":"BreadcrumbList","@id":"https:\/\/truusk.store\/sv\/produkt\/truusk-tradgardspaviljong-295-x-295-m-stalkonstruktion-polyesterduk-gra-perfekt-for-tradgardsfester\/#breadcrumb","itemListElement":[{"@type":"ListItem","position":1,"name":"Home","item":"https:\/\/truusk.store\/sv\/"},{"@type":"ListItem","position":2,"name":"Shop","item":"https:\/\/truusk.store\/shop\/"},{"@type":"ListItem","position":3,"name":"TRUUSK Tr\u00e4dg\u00e5rdspaviljong 2,95 X 2,95 M &#8211; St\u00e5lkonstruktion &#8211; Polyesterduk &#8211; Gr\u00e5 &#8211; Perfekt f\u00f6r Tr\u00e4dg\u00e5rdsfester"}]},{"@type":"WebSite","@id":"https:\/\/truusk.store\/sv\/#website","url":"https:\/\/truusk.store\/sv\/","name":"TRUUSK - Hem, Tr\u00e4dg\u00e5rd & Fritid","description":"","publisher":{"@id":"https:\/\/truusk.store\/sv\/#organization"},"potentialAction":[{"@type":"SearchAction","target":{"@type":"EntryPoint","urlTemplate":"https:\/\/truusk.store\/sv\/?s={search_term_string}"},"query-input":{"@type":"PropertyValueSpecification","valueRequired":true,"valueName":"search_term_string"}}],"inLanguage":"sv-SE"},{"@type":"Organization","@id":"https:\/\/truusk.store\/sv\/#organization","name":"TRUUSK - Hem, Tr\u00e4dg\u00e5rd & Fritid","url":"https:\/\/truusk.store\/sv\/","logo":{"@type":"ImageObject","inLanguage":"sv-SE","@id":"https:\/\/truusk.store\/sv\/#\/schema\/logo\/image\/","url":"https:\/\/i0.wp.com\/truusk.store\/wp-content\/uploads\/2026\/03\/cropped-TRUUSK.png?fit=2032%2C917&ssl=1","contentUrl":"https:\/\/i0.wp.com\/truusk.store\/wp-content\/uploads\/2026\/03\/cropped-TRUUSK.png?fit=2032%2C917&ssl=1","width":2032,"height":917,"caption":"TRUUSK - Hem, Tr\u00e4dg\u00e5rd & Fritid"},"image":{"@id":"https:\/\/truusk.store\/sv\/#\/schema\/logo\/image\/"}}]}},"jetpack_sharing_enabled":true,"_links":{"self":[{"href":"https:\/\/truusk.store\/sv\/wp-json\/wp\/v2\/product\/34706","targetHints":{"allow":["GET"]}}],"collection":[{"href":"https:\/\/truusk.store\/sv\/wp-json\/wp\/v2\/product"}],"about":[{"href":"https:\/\/truusk.store\/sv\/wp-json\/wp\/v2\/types\/product"}],"wp:featuredmedia":[{"embeddable":true,"href":"https:\/\/truusk.store\/sv\/wp-json\/wp\/v2\/media\/34707"}],"wp:attachment":[{"href":"https:\/\/truusk.store\/sv\/wp-json\/wp\/v2\/media?parent=34706"}],"wp:term":[{"taxonomy":"product_brand","embeddable":true,"href":"https:\/\/truusk.store\/sv\/wp-json\/wp\/v2\/product_brand?post=34706"},{"taxonomy":"product_cat","embeddable":true,"href":"https:\/\/truusk.store\/sv\/wp-json\/wp\/v2\/product_cat?post=34706"},{"taxonomy":"product_tag","embeddable":true,"href":"https:\/\/truusk.store\/sv\/wp-json\/wp\/v2\/product_tag?post=34706"}],"curies":[{"name":"wp","href":"https:\/\/api.w.org\/{rel}","templated":true}]}}