{"id":34799,"date":"2024-02-13T23:19:05","date_gmt":"2024-02-13T22:19:05","guid":{"rendered":"https:\/\/truusk.store\/product\/set-med-2-barstolar-barsthle-skandi-design-fotstod-385-cm-x-425-cm-x-91-cm-natur-vit\/"},"modified":"2026-03-12T09:11:28","modified_gmt":"2026-03-12T08:11:28","slug":"truusk-2-pack-barstolar-i-skandi-design-fotstod-inkluderat-natur-och-vit-385-cm-x-425-cm-x-91-cm","status":"publish","type":"product","link":"https:\/\/truusk.store\/sv\/produkt\/truusk-2-pack-barstolar-i-skandi-design-fotstod-inkluderat-natur-och-vit-385-cm-x-425-cm-x-91-cm\/","title":{"rendered":"TRUUSK 2-pack Barstolar i Skandi Design &#8211; Fotst\u00f6d inkluderat &#8211; Natur och Vit &#8211; 38,5 cm x 42,5 cm x 91 cm"},"content":{"rendered":"<p>Skandinavisk design och h\u00f6g funktionalitet k\u00e4nnetecknar denna upps\u00e4ttning med 2 barstolar f\u00f6r ditt k\u00f6k eller matsal. Barstolarna \u00e4r mycket stabila d\u00e5 de har en massiv tr\u00e4ram med halkfri bas, vilket ger st\u00f6rre stabilitet och s\u00e4kerhet och f\u00f6rhindrar att de v\u00e4lter. St\u00e5lfotst\u00f6d ser till att dina ben kan vila.<\/p>\n<h3>Beskrivning:<\/h3>\n<ul>\n<li>Set med 2 skandinaviska designbarstolar idealiska f\u00f6r att l\u00e4gga till en touch av elegans till ditt hem<\/li>\n<li>H\u00f6g barpall med massiv tr\u00e4ram, st\u00e5lf\u00f6tter, sits av vit polypropen: vacker blandning av material och f\u00e4rger<\/li>\n<li>Barstol med kompakta m\u00e5tt, idealisk f\u00f6r barer, k\u00f6k, kaf\u00e9er etc<\/li>\n<li>Mycket bekv\u00e4m barstol: sits av h\u00f6gdensitetsskum och b\u00f6jt ryggst\u00f6d<\/li>\n<li>Halkfri stoppning: optimal stabilitet, ingen risk f\u00f6r repor p\u00e5 golvet<\/li>\n<li>Enkel att montera tack vare den medf\u00f6ljande monteringsanvisningen<\/li>\n<\/ul>\n<h3>Teknisk data:<\/h3>\n<ul>\n<li>F\u00e4rg vit<\/li>\n<li>Material: konstl\u00e4der, plast, bok, st\u00e5l<\/li>\n<li>\u00d6vergripande m\u00e5tt: 38,5L x 42,5W x 91H cm<\/li>\n<li>Sitsm\u00e5tt: 38,5L x 33W cm<\/li>\n<li>Sitth\u00f6jd: 69 cm<\/li>\n<li>Ryggst\u00f6dsm\u00e5tt: 23L x 36W cm<\/li>\n<li>H\u00f6jd p\u00e5 fotst\u00f6den: 30 cm<\/li>\n<li>Lastkapacitet: 120 kg<\/li>\n<\/ul>\n<h3>Leveransens omfattning:<\/h3>\n<ul>\n<li>2 x barstolar<\/li>\n<li>1 x Monteringsanvisning<\/li>\n<\/ul>\n","protected":false},"excerpt":{"rendered":"<p>Skandinavisk design och h\u00f6g funktionalitet k\u00e4nnetecknar denna upps\u00e4ttning med 2 barstolar f\u00f6r ditt k\u00f6k eller matsal. Barstolarna \u00e4r mycket stabila&#8230;<\/p>\n","protected":false},"featured_media":34800,"template":"","meta":[],"product_brand":[],"product_cat":[544,485,542],"product_tag":[],"class_list":{"0":"post-34799","1":"product","2":"type-product","3":"status-publish","4":"has-post-thumbnail","6":"product_cat-barstol","7":"product_cat-hus-bo","8":"product_cat-pall","10":"first","11":"instock","12":"sale","13":"taxable","14":"shipping-taxable","15":"purchasable","16":"product-type-simple"},"yoast_head":"<!-- This site is optimized with the Yoast SEO plugin v25.4 - https:\/\/yoast.com\/wordpress\/plugins\/seo\/ -->\n<title>TRUUSK 2-pack Barstolar i Skandi Design - Fotst\u00f6d inkluderat - Natur och Vit - 38,5 cm x 42,5 cm x 91 cm - TRUUSK - Hem, Tr\u00e4dg\u00e5rd &amp; Fritid<\/title>\n<meta name=\"robots\" content=\"index, follow, max-snippet:-1, max-image-preview:large, max-video-preview:-1\" \/>\n<link rel=\"canonical\" href=\"https:\/\/truusk.store\/sv\/produkt\/truusk-2-pack-barstolar-i-skandi-design-fotstod-inkluderat-natur-och-vit-385-cm-x-425-cm-x-91-cm\/\" \/>\n<meta property=\"og:locale\" content=\"sv_SE\" \/>\n<meta property=\"og:type\" content=\"article\" \/>\n<meta property=\"og:title\" content=\"TRUUSK 2-pack Barstolar i Skandi Design - Fotst\u00f6d inkluderat - Natur och Vit - 38,5 cm x 42,5 cm x 91 cm - TRUUSK - Hem, Tr\u00e4dg\u00e5rd &amp; Fritid\" \/>\n<meta property=\"og:description\" content=\"Skandinavisk design och h\u00f6g funktionalitet k\u00e4nnetecknar denna upps\u00e4ttning med 2 barstolar f\u00f6r ditt k\u00f6k eller matsal. Barstolarna \u00e4r mycket stabila...\" \/>\n<meta property=\"og:url\" content=\"https:\/\/truusk.store\/sv\/produkt\/truusk-2-pack-barstolar-i-skandi-design-fotstod-inkluderat-natur-och-vit-385-cm-x-425-cm-x-91-cm\/\" \/>\n<meta property=\"og:site_name\" content=\"TRUUSK - Hem, Tr\u00e4dg\u00e5rd &amp; Fritid\" \/>\n<meta property=\"article:modified_time\" content=\"2026-03-12T08:11:28+00:00\" \/>\n<meta property=\"og:image\" content=\"https:\/\/i0.wp.com\/truusk.se\/wp-content\/uploads\/2024\/02\/set-med-2-barstolar-barsthle-skandi-design-fotstod-385-cm-x-425-cm-x-91-cm-natur-vit.webp?fit=800%2C800&ssl=1\" \/>\n\t<meta property=\"og:image:width\" content=\"800\" \/>\n\t<meta property=\"og:image:height\" content=\"800\" \/>\n\t<meta property=\"og:image:type\" content=\"image\/webp\" \/>\n<meta name=\"twitter:card\" content=\"summary_large_image\" \/>\n<meta name=\"twitter:label1\" content=\"Ber\u00e4knad l\u00e4stid\" \/>\n\t<meta name=\"twitter:data1\" content=\"1 minut\" \/>\n<!-- \/ Yoast SEO plugin. -->","yoast_head_json":{"title":"TRUUSK 2-pack Barstolar i Skandi Design - Fotst\u00f6d inkluderat - Natur och Vit - 38,5 cm x 42,5 cm x 91 cm - TRUUSK - Hem, Tr\u00e4dg\u00e5rd &amp; Fritid","robots":{"index":"index","follow":"follow","max-snippet":"max-snippet:-1","max-image-preview":"max-image-preview:large","max-video-preview":"max-video-preview:-1"},"canonical":"https:\/\/truusk.store\/sv\/produkt\/truusk-2-pack-barstolar-i-skandi-design-fotstod-inkluderat-natur-och-vit-385-cm-x-425-cm-x-91-cm\/","og_locale":"sv_SE","og_type":"article","og_title":"TRUUSK 2-pack Barstolar i Skandi Design - Fotst\u00f6d inkluderat - Natur och Vit - 38,5 cm x 42,5 cm x 91 cm - TRUUSK - Hem, Tr\u00e4dg\u00e5rd &amp; Fritid","og_description":"Skandinavisk design och h\u00f6g funktionalitet k\u00e4nnetecknar denna upps\u00e4ttning med 2 barstolar f\u00f6r ditt k\u00f6k eller matsal. Barstolarna \u00e4r mycket stabila...","og_url":"https:\/\/truusk.store\/sv\/produkt\/truusk-2-pack-barstolar-i-skandi-design-fotstod-inkluderat-natur-och-vit-385-cm-x-425-cm-x-91-cm\/","og_site_name":"TRUUSK - Hem, Tr\u00e4dg\u00e5rd &amp; Fritid","article_modified_time":"2026-03-12T08:11:28+00:00","og_image":[{"width":800,"height":800,"url":"https:\/\/i0.wp.com\/truusk.se\/wp-content\/uploads\/2024\/02\/set-med-2-barstolar-barsthle-skandi-design-fotstod-385-cm-x-425-cm-x-91-cm-natur-vit.webp?fit=800%2C800&ssl=1","type":"image\/webp"}],"twitter_card":"summary_large_image","twitter_misc":{"Ber\u00e4knad l\u00e4stid":"1 minut"},"schema":{"@context":"https:\/\/schema.org","@graph":[{"@type":"WebPage","@id":"https:\/\/truusk.store\/sv\/produkt\/truusk-2-pack-barstolar-i-skandi-design-fotstod-inkluderat-natur-och-vit-385-cm-x-425-cm-x-91-cm\/","url":"https:\/\/truusk.store\/sv\/produkt\/truusk-2-pack-barstolar-i-skandi-design-fotstod-inkluderat-natur-och-vit-385-cm-x-425-cm-x-91-cm\/","name":"TRUUSK 2-pack Barstolar i Skandi Design - Fotst\u00f6d inkluderat - Natur och Vit - 38,5 cm x 42,5 cm x 91 cm - TRUUSK - Hem, Tr\u00e4dg\u00e5rd &amp; Fritid","isPartOf":{"@id":"https:\/\/truusk.store\/sv\/#website"},"primaryImageOfPage":{"@id":"https:\/\/truusk.store\/sv\/produkt\/truusk-2-pack-barstolar-i-skandi-design-fotstod-inkluderat-natur-och-vit-385-cm-x-425-cm-x-91-cm\/#primaryimage"},"image":{"@id":"https:\/\/truusk.store\/sv\/produkt\/truusk-2-pack-barstolar-i-skandi-design-fotstod-inkluderat-natur-och-vit-385-cm-x-425-cm-x-91-cm\/#primaryimage"},"thumbnailUrl":"https:\/\/i0.wp.com\/truusk.store\/wp-content\/uploads\/2024\/02\/set-med-2-barstolar-barsthle-skandi-design-fotstod-385-cm-x-425-cm-x-91-cm-natur-vit.webp?fit=800%2C800&ssl=1","datePublished":"2024-02-13T22:19:05+00:00","dateModified":"2026-03-12T08:11:28+00:00","breadcrumb":{"@id":"https:\/\/truusk.store\/sv\/produkt\/truusk-2-pack-barstolar-i-skandi-design-fotstod-inkluderat-natur-och-vit-385-cm-x-425-cm-x-91-cm\/#breadcrumb"},"inLanguage":"sv-SE","potentialAction":[{"@type":"ReadAction","target":["https:\/\/truusk.store\/sv\/produkt\/truusk-2-pack-barstolar-i-skandi-design-fotstod-inkluderat-natur-och-vit-385-cm-x-425-cm-x-91-cm\/"]}]},{"@type":"ImageObject","inLanguage":"sv-SE","@id":"https:\/\/truusk.store\/sv\/produkt\/truusk-2-pack-barstolar-i-skandi-design-fotstod-inkluderat-natur-och-vit-385-cm-x-425-cm-x-91-cm\/#primaryimage","url":"https:\/\/i0.wp.com\/truusk.store\/wp-content\/uploads\/2024\/02\/set-med-2-barstolar-barsthle-skandi-design-fotstod-385-cm-x-425-cm-x-91-cm-natur-vit.webp?fit=800%2C800&ssl=1","contentUrl":"https:\/\/i0.wp.com\/truusk.store\/wp-content\/uploads\/2024\/02\/set-med-2-barstolar-barsthle-skandi-design-fotstod-385-cm-x-425-cm-x-91-cm-natur-vit.webp?fit=800%2C800&ssl=1","width":800,"height":800,"caption":"Set Med 2 Barstolar Barsthle Skandi Design, Fotst\u00f6d, 38,5 Cm X 42,5 Cm X 91 Cm, Natur + Vit 1"},{"@type":"BreadcrumbList","@id":"https:\/\/truusk.store\/sv\/produkt\/truusk-2-pack-barstolar-i-skandi-design-fotstod-inkluderat-natur-och-vit-385-cm-x-425-cm-x-91-cm\/#breadcrumb","itemListElement":[{"@type":"ListItem","position":1,"name":"Home","item":"https:\/\/truusk.store\/sv\/"},{"@type":"ListItem","position":2,"name":"Shop","item":"https:\/\/truusk.store\/shop\/"},{"@type":"ListItem","position":3,"name":"TRUUSK 2-pack Barstolar i Skandi Design &#8211; Fotst\u00f6d inkluderat &#8211; Natur och Vit &#8211; 38,5 cm x 42,5 cm x 91 cm"}]},{"@type":"WebSite","@id":"https:\/\/truusk.store\/sv\/#website","url":"https:\/\/truusk.store\/sv\/","name":"TRUUSK - Hem, Tr\u00e4dg\u00e5rd & Fritid","description":"","publisher":{"@id":"https:\/\/truusk.store\/sv\/#organization"},"potentialAction":[{"@type":"SearchAction","target":{"@type":"EntryPoint","urlTemplate":"https:\/\/truusk.store\/sv\/?s={search_term_string}"},"query-input":{"@type":"PropertyValueSpecification","valueRequired":true,"valueName":"search_term_string"}}],"inLanguage":"sv-SE"},{"@type":"Organization","@id":"https:\/\/truusk.store\/sv\/#organization","name":"TRUUSK - Hem, Tr\u00e4dg\u00e5rd & Fritid","url":"https:\/\/truusk.store\/sv\/","logo":{"@type":"ImageObject","inLanguage":"sv-SE","@id":"https:\/\/truusk.store\/sv\/#\/schema\/logo\/image\/","url":"https:\/\/i0.wp.com\/truusk.store\/wp-content\/uploads\/2026\/03\/cropped-TRUUSK.png?fit=2032%2C917&ssl=1","contentUrl":"https:\/\/i0.wp.com\/truusk.store\/wp-content\/uploads\/2026\/03\/cropped-TRUUSK.png?fit=2032%2C917&ssl=1","width":2032,"height":917,"caption":"TRUUSK - Hem, Tr\u00e4dg\u00e5rd & Fritid"},"image":{"@id":"https:\/\/truusk.store\/sv\/#\/schema\/logo\/image\/"}}]}},"jetpack_sharing_enabled":true,"_links":{"self":[{"href":"https:\/\/truusk.store\/sv\/wp-json\/wp\/v2\/product\/34799","targetHints":{"allow":["GET"]}}],"collection":[{"href":"https:\/\/truusk.store\/sv\/wp-json\/wp\/v2\/product"}],"about":[{"href":"https:\/\/truusk.store\/sv\/wp-json\/wp\/v2\/types\/product"}],"wp:featuredmedia":[{"embeddable":true,"href":"https:\/\/truusk.store\/sv\/wp-json\/wp\/v2\/media\/34800"}],"wp:attachment":[{"href":"https:\/\/truusk.store\/sv\/wp-json\/wp\/v2\/media?parent=34799"}],"wp:term":[{"taxonomy":"product_brand","embeddable":true,"href":"https:\/\/truusk.store\/sv\/wp-json\/wp\/v2\/product_brand?post=34799"},{"taxonomy":"product_cat","embeddable":true,"href":"https:\/\/truusk.store\/sv\/wp-json\/wp\/v2\/product_cat?post=34799"},{"taxonomy":"product_tag","embeddable":true,"href":"https:\/\/truusk.store\/sv\/wp-json\/wp\/v2\/product_tag?post=34799"}],"curies":[{"name":"wp","href":"https:\/\/api.w.org\/{rel}","templated":true}]}}