{"id":34806,"date":"2024-02-13T23:19:20","date_gmt":"2024-02-13T22:19:20","guid":{"rendered":"https:\/\/truusk.store\/product\/fallstol-med-dyna-stalgra-66-x-94-x-79-cm\/"},"modified":"2026-03-12T09:11:29","modified_gmt":"2026-03-12T08:11:29","slug":"truusk-fallstol-med-dyna-stalgra-inklappbar-mjukt-kudde-praktisk-for-uteservering-66-x-94-x-79-cm","status":"publish","type":"product","link":"https:\/\/truusk.store\/sv\/produkt\/truusk-fallstol-med-dyna-stalgra-inklappbar-mjukt-kudde-praktisk-for-uteservering-66-x-94-x-79-cm\/","title":{"rendered":"TRUUSK F\u00e4llstol Med Dyna &#8211; St\u00e5lgr\u00e5 &#8211; Inklappbar &#8211; Mjukt Kudde &#8211; Praktisk F\u00f6r Uteservering &#8211; 66 x 94 x 79 cm"},"content":{"rendered":"<p>L\u00e4gg till mer bekv\u00e4mlighet och komfort till dina avkopplingstimmar utomhus med denna solstol! Tillverkad av andningsbart och bekv\u00e4mt meshtyg och utrustad med en avtagbar kudde, denna solstol erbjuder en s\u00e4rskilt bekv\u00e4m liggupplevelse under alla \u00e5rstider. Vid behov kan den enkelt f\u00e4llas ihop och f\u00f6rvaras f\u00f6r att spara utrymme eller enkelt tas med till en annan plats. Denna moderna solstol \u00e4r det perfekta tillskottet till din tr\u00e4dg\u00e5rd eller terrass!<\/p>\n<p><strong>Beskrivning:<\/strong><\/p>\n<ul>\n<li>&#8211; 4 cm tjock, avtagbar kudde f\u00f6r h\u00f6g liggkomfort<\/li>\n<li>&#8211; Vadderade armst\u00f6d f\u00f6r en bekv\u00e4m sitt- eller liggst\u00e4llning<\/li>\n<li>&#8211; Fint, h\u00f6gh\u00e5llfast polyestertyg \u00e4r mjukare \u00e4n traditionellt meshtyg<\/li>\n<li>&#8211; Robust, belagd st\u00e5lram \u00e4r v\u00e4derbest\u00e4ndig och s\u00e4rskilt t\u00e5lig<\/li>\n<li>&#8211; Ett bra komplement till din uteplats, tr\u00e4dg\u00e5rd, pool eller andra utomhusomr\u00e5den<\/li>\n<li>&#8211; Bekv\u00e4m hopf\u00e4llbar f\u00f6r enkel f\u00f6rvaring eller att ta med dig p\u00e5 campingen<\/li>\n<li>&#8211; Ingen montering kr\u00e4vs<\/li>\n<\/ul>\n<p><strong>Teknisk data:<\/strong><\/p>\n<ul>\n<li>&#8211; F\u00e4rg gr\u00e5<\/li>\n<li>&#8211; Material: St\u00e5l, Textilen tyg (70% PVC, 30% Polyester)<\/li>\n<li>&#8211; Totala m\u00e5tt: 66W x 94D x 79H cm<\/li>\n<li>&#8211; Sitsstorlek: 63W x 39D cm<\/li>\n<li>&#8211; Sitsh\u00f6jd till golv: 40 cm<\/li>\n<li>&#8211; Ryggst\u00f6dsstorlek: 58W x 76H cm<\/li>\n<li>&#8211; Vikbar storlek: 118L x 66W x 12H cm<\/li>\n<li>&#8211; Lastkapacitet: 120 kg<\/li>\n<li><\/ul>\n<p><strong>Leveransens omfattning:<\/strong><\/p>\n<ul>\n<li>&#8211; 1 x hopf\u00e4llbar stol<\/li>\n<\/ul>\n","protected":false},"excerpt":{"rendered":"<p>L\u00e4gg till mer bekv\u00e4mlighet och komfort till dina avkopplingstimmar utomhus med denna solstol! Tillverkad av andningsbart och bekv\u00e4mt meshtyg och&#8230;<\/p>\n","protected":false},"featured_media":34807,"template":"","meta":[],"product_brand":[],"product_cat":[435,450,452],"product_tag":[],"class_list":{"0":"post-34806","1":"product","2":"type-product","3":"status-publish","4":"has-post-thumbnail","6":"product_cat-tradgard-och-terrass","7":"product_cat-tradgardsmobler","8":"product_cat-tradgardsstolar","10":"first","11":"instock","12":"sale","13":"taxable","14":"shipping-taxable","15":"purchasable","16":"product-type-simple"},"yoast_head":"<!-- This site is optimized with the Yoast SEO plugin v25.4 - https:\/\/yoast.com\/wordpress\/plugins\/seo\/ -->\n<title>TRUUSK F\u00e4llstol Med Dyna - St\u00e5lgr\u00e5 - Inklappbar - Mjukt Kudde - Praktisk F\u00f6r Uteservering - 66 x 94 x 79 cm - TRUUSK - Hem, Tr\u00e4dg\u00e5rd &amp; Fritid<\/title>\n<meta name=\"robots\" content=\"index, follow, max-snippet:-1, max-image-preview:large, max-video-preview:-1\" \/>\n<link rel=\"canonical\" href=\"https:\/\/truusk.store\/sv\/produkt\/truusk-fallstol-med-dyna-stalgra-inklappbar-mjukt-kudde-praktisk-for-uteservering-66-x-94-x-79-cm\/\" \/>\n<meta property=\"og:locale\" content=\"sv_SE\" \/>\n<meta property=\"og:type\" content=\"article\" \/>\n<meta property=\"og:title\" content=\"TRUUSK F\u00e4llstol Med Dyna - St\u00e5lgr\u00e5 - Inklappbar - Mjukt Kudde - Praktisk F\u00f6r Uteservering - 66 x 94 x 79 cm - TRUUSK - Hem, Tr\u00e4dg\u00e5rd &amp; Fritid\" \/>\n<meta property=\"og:description\" content=\"L\u00e4gg till mer bekv\u00e4mlighet och komfort till dina avkopplingstimmar utomhus med denna solstol! Tillverkad av andningsbart och bekv\u00e4mt meshtyg och...\" \/>\n<meta property=\"og:url\" content=\"https:\/\/truusk.store\/sv\/produkt\/truusk-fallstol-med-dyna-stalgra-inklappbar-mjukt-kudde-praktisk-for-uteservering-66-x-94-x-79-cm\/\" \/>\n<meta property=\"og:site_name\" content=\"TRUUSK - Hem, Tr\u00e4dg\u00e5rd &amp; Fritid\" \/>\n<meta property=\"article:modified_time\" content=\"2026-03-12T08:11:29+00:00\" \/>\n<meta property=\"og:image\" content=\"https:\/\/i0.wp.com\/truusk.se\/wp-content\/uploads\/2024\/02\/fallstol-med-dyna-stalgra-66-x-94-x-79-cm.webp?fit=800%2C800&ssl=1\" \/>\n\t<meta property=\"og:image:width\" content=\"800\" \/>\n\t<meta property=\"og:image:height\" content=\"800\" \/>\n\t<meta property=\"og:image:type\" content=\"image\/webp\" \/>\n<meta name=\"twitter:card\" content=\"summary_large_image\" \/>\n<meta name=\"twitter:label1\" content=\"Ber\u00e4knad l\u00e4stid\" \/>\n\t<meta name=\"twitter:data1\" content=\"1 minut\" \/>\n<!-- \/ Yoast SEO plugin. -->","yoast_head_json":{"title":"TRUUSK F\u00e4llstol Med Dyna - St\u00e5lgr\u00e5 - Inklappbar - Mjukt Kudde - Praktisk F\u00f6r Uteservering - 66 x 94 x 79 cm - TRUUSK - Hem, Tr\u00e4dg\u00e5rd &amp; Fritid","robots":{"index":"index","follow":"follow","max-snippet":"max-snippet:-1","max-image-preview":"max-image-preview:large","max-video-preview":"max-video-preview:-1"},"canonical":"https:\/\/truusk.store\/sv\/produkt\/truusk-fallstol-med-dyna-stalgra-inklappbar-mjukt-kudde-praktisk-for-uteservering-66-x-94-x-79-cm\/","og_locale":"sv_SE","og_type":"article","og_title":"TRUUSK F\u00e4llstol Med Dyna - St\u00e5lgr\u00e5 - Inklappbar - Mjukt Kudde - Praktisk F\u00f6r Uteservering - 66 x 94 x 79 cm - TRUUSK - Hem, Tr\u00e4dg\u00e5rd &amp; Fritid","og_description":"L\u00e4gg till mer bekv\u00e4mlighet och komfort till dina avkopplingstimmar utomhus med denna solstol! Tillverkad av andningsbart och bekv\u00e4mt meshtyg och...","og_url":"https:\/\/truusk.store\/sv\/produkt\/truusk-fallstol-med-dyna-stalgra-inklappbar-mjukt-kudde-praktisk-for-uteservering-66-x-94-x-79-cm\/","og_site_name":"TRUUSK - Hem, Tr\u00e4dg\u00e5rd &amp; Fritid","article_modified_time":"2026-03-12T08:11:29+00:00","og_image":[{"width":800,"height":800,"url":"https:\/\/i0.wp.com\/truusk.se\/wp-content\/uploads\/2024\/02\/fallstol-med-dyna-stalgra-66-x-94-x-79-cm.webp?fit=800%2C800&ssl=1","type":"image\/webp"}],"twitter_card":"summary_large_image","twitter_misc":{"Ber\u00e4knad l\u00e4stid":"1 minut"},"schema":{"@context":"https:\/\/schema.org","@graph":[{"@type":"WebPage","@id":"https:\/\/truusk.store\/sv\/produkt\/truusk-fallstol-med-dyna-stalgra-inklappbar-mjukt-kudde-praktisk-for-uteservering-66-x-94-x-79-cm\/","url":"https:\/\/truusk.store\/sv\/produkt\/truusk-fallstol-med-dyna-stalgra-inklappbar-mjukt-kudde-praktisk-for-uteservering-66-x-94-x-79-cm\/","name":"TRUUSK F\u00e4llstol Med Dyna - St\u00e5lgr\u00e5 - Inklappbar - Mjukt Kudde - Praktisk F\u00f6r Uteservering - 66 x 94 x 79 cm - TRUUSK - Hem, Tr\u00e4dg\u00e5rd &amp; Fritid","isPartOf":{"@id":"https:\/\/truusk.store\/sv\/#website"},"primaryImageOfPage":{"@id":"https:\/\/truusk.store\/sv\/produkt\/truusk-fallstol-med-dyna-stalgra-inklappbar-mjukt-kudde-praktisk-for-uteservering-66-x-94-x-79-cm\/#primaryimage"},"image":{"@id":"https:\/\/truusk.store\/sv\/produkt\/truusk-fallstol-med-dyna-stalgra-inklappbar-mjukt-kudde-praktisk-for-uteservering-66-x-94-x-79-cm\/#primaryimage"},"thumbnailUrl":"https:\/\/i0.wp.com\/truusk.store\/wp-content\/uploads\/2024\/02\/fallstol-med-dyna-stalgra-66-x-94-x-79-cm.webp?fit=800%2C800&ssl=1","datePublished":"2024-02-13T22:19:20+00:00","dateModified":"2026-03-12T08:11:29+00:00","breadcrumb":{"@id":"https:\/\/truusk.store\/sv\/produkt\/truusk-fallstol-med-dyna-stalgra-inklappbar-mjukt-kudde-praktisk-for-uteservering-66-x-94-x-79-cm\/#breadcrumb"},"inLanguage":"sv-SE","potentialAction":[{"@type":"ReadAction","target":["https:\/\/truusk.store\/sv\/produkt\/truusk-fallstol-med-dyna-stalgra-inklappbar-mjukt-kudde-praktisk-for-uteservering-66-x-94-x-79-cm\/"]}]},{"@type":"ImageObject","inLanguage":"sv-SE","@id":"https:\/\/truusk.store\/sv\/produkt\/truusk-fallstol-med-dyna-stalgra-inklappbar-mjukt-kudde-praktisk-for-uteservering-66-x-94-x-79-cm\/#primaryimage","url":"https:\/\/i0.wp.com\/truusk.store\/wp-content\/uploads\/2024\/02\/fallstol-med-dyna-stalgra-66-x-94-x-79-cm.webp?fit=800%2C800&ssl=1","contentUrl":"https:\/\/i0.wp.com\/truusk.store\/wp-content\/uploads\/2024\/02\/fallstol-med-dyna-stalgra-66-x-94-x-79-cm.webp?fit=800%2C800&ssl=1","width":800,"height":800,"caption":"F\u00e4llstol Med Dyna St\u00e5lgr\u00e5 66 X 94 X 79 Cm 1"},{"@type":"BreadcrumbList","@id":"https:\/\/truusk.store\/sv\/produkt\/truusk-fallstol-med-dyna-stalgra-inklappbar-mjukt-kudde-praktisk-for-uteservering-66-x-94-x-79-cm\/#breadcrumb","itemListElement":[{"@type":"ListItem","position":1,"name":"Home","item":"https:\/\/truusk.store\/sv\/"},{"@type":"ListItem","position":2,"name":"Shop","item":"https:\/\/truusk.store\/shop\/"},{"@type":"ListItem","position":3,"name":"TRUUSK F\u00e4llstol Med Dyna &#8211; St\u00e5lgr\u00e5 &#8211; Inklappbar &#8211; Mjukt Kudde &#8211; Praktisk F\u00f6r Uteservering &#8211; 66 x 94 x 79 cm"}]},{"@type":"WebSite","@id":"https:\/\/truusk.store\/sv\/#website","url":"https:\/\/truusk.store\/sv\/","name":"TRUUSK - Hem, Tr\u00e4dg\u00e5rd & Fritid","description":"","publisher":{"@id":"https:\/\/truusk.store\/sv\/#organization"},"potentialAction":[{"@type":"SearchAction","target":{"@type":"EntryPoint","urlTemplate":"https:\/\/truusk.store\/sv\/?s={search_term_string}"},"query-input":{"@type":"PropertyValueSpecification","valueRequired":true,"valueName":"search_term_string"}}],"inLanguage":"sv-SE"},{"@type":"Organization","@id":"https:\/\/truusk.store\/sv\/#organization","name":"TRUUSK - Hem, Tr\u00e4dg\u00e5rd & Fritid","url":"https:\/\/truusk.store\/sv\/","logo":{"@type":"ImageObject","inLanguage":"sv-SE","@id":"https:\/\/truusk.store\/sv\/#\/schema\/logo\/image\/","url":"https:\/\/i0.wp.com\/truusk.store\/wp-content\/uploads\/2026\/03\/cropped-TRUUSK.png?fit=2032%2C917&ssl=1","contentUrl":"https:\/\/i0.wp.com\/truusk.store\/wp-content\/uploads\/2026\/03\/cropped-TRUUSK.png?fit=2032%2C917&ssl=1","width":2032,"height":917,"caption":"TRUUSK - Hem, Tr\u00e4dg\u00e5rd & Fritid"},"image":{"@id":"https:\/\/truusk.store\/sv\/#\/schema\/logo\/image\/"}}]}},"jetpack_sharing_enabled":true,"_links":{"self":[{"href":"https:\/\/truusk.store\/sv\/wp-json\/wp\/v2\/product\/34806","targetHints":{"allow":["GET"]}}],"collection":[{"href":"https:\/\/truusk.store\/sv\/wp-json\/wp\/v2\/product"}],"about":[{"href":"https:\/\/truusk.store\/sv\/wp-json\/wp\/v2\/types\/product"}],"wp:featuredmedia":[{"embeddable":true,"href":"https:\/\/truusk.store\/sv\/wp-json\/wp\/v2\/media\/34807"}],"wp:attachment":[{"href":"https:\/\/truusk.store\/sv\/wp-json\/wp\/v2\/media?parent=34806"}],"wp:term":[{"taxonomy":"product_brand","embeddable":true,"href":"https:\/\/truusk.store\/sv\/wp-json\/wp\/v2\/product_brand?post=34806"},{"taxonomy":"product_cat","embeddable":true,"href":"https:\/\/truusk.store\/sv\/wp-json\/wp\/v2\/product_cat?post=34806"},{"taxonomy":"product_tag","embeddable":true,"href":"https:\/\/truusk.store\/sv\/wp-json\/wp\/v2\/product_tag?post=34806"}],"curies":[{"name":"wp","href":"https:\/\/api.w.org\/{rel}","templated":true}]}}