{"id":34815,"date":"2024-02-13T23:19:38","date_gmt":"2024-02-13T22:19:38","guid":{"rendered":"https:\/\/truusk.store\/product\/puppy-run-utomhusinhagnad-16-segment-60-cm-hog-lekhage-for-husdjur-valpstaket-lekhage-hundhagn-utomhusgaller-valp-designbar-med-2-dorrar-stalgra\/"},"modified":"2026-03-12T09:11:29","modified_gmt":"2026-03-12T08:11:29","slug":"truusk-hundgard-for-valpar-16-segment-60-cm-hojd-designbar-2-dorrar-stalgra","status":"publish","type":"product","link":"https:\/\/truusk.store\/sv\/produkt\/truusk-hundgard-for-valpar-16-segment-60-cm-hojd-designbar-2-dorrar-stalgra\/","title":{"rendered":"TRUUSK Hundg\u00e5rd f\u00f6r Valpar &#8211; 16 Segment &#8211; 60 cm H\u00f6jd &#8211; Designbar &#8211; 2 D\u00f6rrar &#8211; St\u00e5lgr\u00e5"},"content":{"rendered":"<p>Denna praktiska lekhage ger dina barn gott om s\u00e4kert utrymme att leka och vila utan att uts\u00e4tta dem f\u00f6r fara. Kapslingen best\u00e5r av 16 segment som fritt kan s\u00e4ttas ihop och anpassas efter din milj\u00f6. Tv\u00e5 l\u00e5sbara d\u00f6rrar ger enkel \u00e5tkomst och s\u00e4kerst\u00e4ller s\u00e4kerheten f\u00f6r dina djur. Best\u00e5ende av en robust metallram och galler, kan h\u00f6ljet anv\u00e4ndas inomhus och utomhus.<\/p>\n<h3>Beskrivning:<\/h3>\n<ul>\n<li>S\u00e4ker plats att leka och r\u00f6ra p\u00e5 &#8211; kan \u00e4ven anv\u00e4ndas som avdelare<\/li>\n<li>H\u00e5ller ditt husdjur s\u00e4kert borta fr\u00e5n farliga situationer och ger gott om utrymme f\u00f6r tr\u00e4ning och vila<\/li>\n<li>Tillverkad av st\u00e5lram och st\u00e5ltr\u00e5dsn\u00e4t f\u00f6r h\u00f6g stabilitet<\/li>\n<li>16 rutn\u00e4tssegment kan s\u00e4ttas upp i en rektangel, kvadrat, oktagon eller andra former<\/li>\n<li>Konverterbar till 2 separata kapslingar<\/li>\n<li>2 franska d\u00f6rrar f\u00f6r enkel in- och utstigning<\/li>\n<li>Sp\u00e4rr h\u00e5ller d\u00f6rren s\u00e4kert st\u00e4ngd<\/li>\n<li>L\u00e4mplig f\u00f6r inomhus- och utomhusbruk<\/li>\n<li>L\u00e4mplig f\u00f6r sm\u00e5 hundar upp till en axelh\u00f6jd p\u00e5 40 cm<\/li>\n<li>L\u00e4tt att s\u00e4tta upp och f\u00e4lla ihop, inga verktyg beh\u00f6vs<\/li>\n<\/ul>\n<h3>Teknisk data:<\/h3>\n<ul>\n<li>F\u00e4rg gr\u00e5<\/li>\n<li>Material: st\u00e5l<\/li>\n<li>M\u00e5tt p\u00e5 individuellt rutsegment: 80W x 60H x 1,5D cm<\/li>\n<li>M\u00e5tt: 39W x 44,5H cm<\/li>\n<\/ul>\n<h3>Leveransens omfattning:<\/h3>\n<ul>\n<li>1 x Lekhage f\u00f6r husdjur<\/li>\n<li>16 x vevstakar<\/li>\n<li>1 x bruksanvisning<\/li>\n<\/ul>\n","protected":false},"excerpt":{"rendered":"<p>Denna praktiska lekhage ger dina barn gott om s\u00e4kert utrymme att leka och vila utan att uts\u00e4tta dem f\u00f6r fara&#8230;.<\/p>\n","protected":false},"featured_media":34816,"template":"","meta":[],"product_brand":[],"product_cat":[583,574,573],"product_tag":[],"class_list":{"0":"post-34815","1":"product","2":"type-product","3":"status-publish","4":"has-post-thumbnail","6":"product_cat-hundburar","7":"product_cat-hundtillbehor","8":"product_cat-husdjursmaterial","10":"first","11":"instock","12":"sale","13":"taxable","14":"shipping-taxable","15":"purchasable","16":"product-type-simple"},"yoast_head":"<!-- This site is optimized with the Yoast SEO plugin v25.4 - https:\/\/yoast.com\/wordpress\/plugins\/seo\/ -->\n<title>TRUUSK Hundg\u00e5rd f\u00f6r Valpar - 16 Segment - 60 cm H\u00f6jd - Designbar - 2 D\u00f6rrar - St\u00e5lgr\u00e5 - TRUUSK - Hem, Tr\u00e4dg\u00e5rd &amp; Fritid<\/title>\n<meta name=\"robots\" content=\"index, follow, max-snippet:-1, max-image-preview:large, max-video-preview:-1\" \/>\n<link rel=\"canonical\" href=\"https:\/\/truusk.store\/sv\/produkt\/truusk-hundgard-for-valpar-16-segment-60-cm-hojd-designbar-2-dorrar-stalgra\/\" \/>\n<meta property=\"og:locale\" content=\"sv_SE\" \/>\n<meta property=\"og:type\" content=\"article\" \/>\n<meta property=\"og:title\" content=\"TRUUSK Hundg\u00e5rd f\u00f6r Valpar - 16 Segment - 60 cm H\u00f6jd - Designbar - 2 D\u00f6rrar - St\u00e5lgr\u00e5 - TRUUSK - Hem, Tr\u00e4dg\u00e5rd &amp; Fritid\" \/>\n<meta property=\"og:description\" content=\"Denna praktiska lekhage ger dina barn gott om s\u00e4kert utrymme att leka och vila utan att uts\u00e4tta dem f\u00f6r fara....\" \/>\n<meta property=\"og:url\" content=\"https:\/\/truusk.store\/sv\/produkt\/truusk-hundgard-for-valpar-16-segment-60-cm-hojd-designbar-2-dorrar-stalgra\/\" \/>\n<meta property=\"og:site_name\" content=\"TRUUSK - Hem, Tr\u00e4dg\u00e5rd &amp; Fritid\" \/>\n<meta property=\"article:modified_time\" content=\"2026-03-12T08:11:29+00:00\" \/>\n<meta property=\"og:image\" content=\"https:\/\/i0.wp.com\/truusk.se\/wp-content\/uploads\/2024\/02\/puppy-run-utomhusinhagnad-16-segment-60-cm-hog-lekhage-for-husdjur-valpstaket-lekhage-hundhagn-utomhusgaller-valp-designbar-med-2-dorrar-stalgra.webp?fit=800%2C800&ssl=1\" \/>\n\t<meta property=\"og:image:width\" content=\"800\" \/>\n\t<meta property=\"og:image:height\" content=\"800\" \/>\n\t<meta property=\"og:image:type\" content=\"image\/webp\" \/>\n<meta name=\"twitter:card\" content=\"summary_large_image\" \/>\n<meta name=\"twitter:label1\" content=\"Ber\u00e4knad l\u00e4stid\" \/>\n\t<meta name=\"twitter:data1\" content=\"1 minut\" \/>\n<!-- \/ Yoast SEO plugin. -->","yoast_head_json":{"title":"TRUUSK Hundg\u00e5rd f\u00f6r Valpar - 16 Segment - 60 cm H\u00f6jd - Designbar - 2 D\u00f6rrar - St\u00e5lgr\u00e5 - TRUUSK - Hem, Tr\u00e4dg\u00e5rd &amp; Fritid","robots":{"index":"index","follow":"follow","max-snippet":"max-snippet:-1","max-image-preview":"max-image-preview:large","max-video-preview":"max-video-preview:-1"},"canonical":"https:\/\/truusk.store\/sv\/produkt\/truusk-hundgard-for-valpar-16-segment-60-cm-hojd-designbar-2-dorrar-stalgra\/","og_locale":"sv_SE","og_type":"article","og_title":"TRUUSK Hundg\u00e5rd f\u00f6r Valpar - 16 Segment - 60 cm H\u00f6jd - Designbar - 2 D\u00f6rrar - St\u00e5lgr\u00e5 - TRUUSK - Hem, Tr\u00e4dg\u00e5rd &amp; Fritid","og_description":"Denna praktiska lekhage ger dina barn gott om s\u00e4kert utrymme att leka och vila utan att uts\u00e4tta dem f\u00f6r fara....","og_url":"https:\/\/truusk.store\/sv\/produkt\/truusk-hundgard-for-valpar-16-segment-60-cm-hojd-designbar-2-dorrar-stalgra\/","og_site_name":"TRUUSK - Hem, Tr\u00e4dg\u00e5rd &amp; Fritid","article_modified_time":"2026-03-12T08:11:29+00:00","og_image":[{"width":800,"height":800,"url":"https:\/\/i0.wp.com\/truusk.se\/wp-content\/uploads\/2024\/02\/puppy-run-utomhusinhagnad-16-segment-60-cm-hog-lekhage-for-husdjur-valpstaket-lekhage-hundhagn-utomhusgaller-valp-designbar-med-2-dorrar-stalgra.webp?fit=800%2C800&ssl=1","type":"image\/webp"}],"twitter_card":"summary_large_image","twitter_misc":{"Ber\u00e4knad l\u00e4stid":"1 minut"},"schema":{"@context":"https:\/\/schema.org","@graph":[{"@type":"WebPage","@id":"https:\/\/truusk.store\/sv\/produkt\/truusk-hundgard-for-valpar-16-segment-60-cm-hojd-designbar-2-dorrar-stalgra\/","url":"https:\/\/truusk.store\/sv\/produkt\/truusk-hundgard-for-valpar-16-segment-60-cm-hojd-designbar-2-dorrar-stalgra\/","name":"TRUUSK Hundg\u00e5rd f\u00f6r Valpar - 16 Segment - 60 cm H\u00f6jd - Designbar - 2 D\u00f6rrar - St\u00e5lgr\u00e5 - TRUUSK - Hem, Tr\u00e4dg\u00e5rd &amp; Fritid","isPartOf":{"@id":"https:\/\/truusk.store\/sv\/#website"},"primaryImageOfPage":{"@id":"https:\/\/truusk.store\/sv\/produkt\/truusk-hundgard-for-valpar-16-segment-60-cm-hojd-designbar-2-dorrar-stalgra\/#primaryimage"},"image":{"@id":"https:\/\/truusk.store\/sv\/produkt\/truusk-hundgard-for-valpar-16-segment-60-cm-hojd-designbar-2-dorrar-stalgra\/#primaryimage"},"thumbnailUrl":"https:\/\/i0.wp.com\/truusk.store\/wp-content\/uploads\/2024\/02\/puppy-run-utomhusinhagnad-16-segment-60-cm-hog-lekhage-for-husdjur-valpstaket-lekhage-hundhagn-utomhusgaller-valp-designbar-med-2-dorrar-stalgra.webp?fit=800%2C800&ssl=1","datePublished":"2024-02-13T22:19:38+00:00","dateModified":"2026-03-12T08:11:29+00:00","breadcrumb":{"@id":"https:\/\/truusk.store\/sv\/produkt\/truusk-hundgard-for-valpar-16-segment-60-cm-hojd-designbar-2-dorrar-stalgra\/#breadcrumb"},"inLanguage":"sv-SE","potentialAction":[{"@type":"ReadAction","target":["https:\/\/truusk.store\/sv\/produkt\/truusk-hundgard-for-valpar-16-segment-60-cm-hojd-designbar-2-dorrar-stalgra\/"]}]},{"@type":"ImageObject","inLanguage":"sv-SE","@id":"https:\/\/truusk.store\/sv\/produkt\/truusk-hundgard-for-valpar-16-segment-60-cm-hojd-designbar-2-dorrar-stalgra\/#primaryimage","url":"https:\/\/i0.wp.com\/truusk.store\/wp-content\/uploads\/2024\/02\/puppy-run-utomhusinhagnad-16-segment-60-cm-hog-lekhage-for-husdjur-valpstaket-lekhage-hundhagn-utomhusgaller-valp-designbar-med-2-dorrar-stalgra.webp?fit=800%2C800&ssl=1","contentUrl":"https:\/\/i0.wp.com\/truusk.store\/wp-content\/uploads\/2024\/02\/puppy-run-utomhusinhagnad-16-segment-60-cm-hog-lekhage-for-husdjur-valpstaket-lekhage-hundhagn-utomhusgaller-valp-designbar-med-2-dorrar-stalgra.webp?fit=800%2C800&ssl=1","width":800,"height":800,"caption":"Puppy Run Utomhusinh\u00e4gnad 16 Segment 60 Cm H\u00f6g Lekhage F\u00f6r Husdjur Valpstaket Lekhage Hundh\u00e4gn Utomhusgaller Valp Designbar Med 2 D\u00f6rrar St\u00e5lgr\u00e5 1"},{"@type":"BreadcrumbList","@id":"https:\/\/truusk.store\/sv\/produkt\/truusk-hundgard-for-valpar-16-segment-60-cm-hojd-designbar-2-dorrar-stalgra\/#breadcrumb","itemListElement":[{"@type":"ListItem","position":1,"name":"Home","item":"https:\/\/truusk.store\/sv\/"},{"@type":"ListItem","position":2,"name":"Shop","item":"https:\/\/truusk.store\/shop\/"},{"@type":"ListItem","position":3,"name":"TRUUSK Hundg\u00e5rd f\u00f6r Valpar &#8211; 16 Segment &#8211; 60 cm H\u00f6jd &#8211; Designbar &#8211; 2 D\u00f6rrar &#8211; St\u00e5lgr\u00e5"}]},{"@type":"WebSite","@id":"https:\/\/truusk.store\/sv\/#website","url":"https:\/\/truusk.store\/sv\/","name":"TRUUSK - Hem, Tr\u00e4dg\u00e5rd & Fritid","description":"","publisher":{"@id":"https:\/\/truusk.store\/sv\/#organization"},"potentialAction":[{"@type":"SearchAction","target":{"@type":"EntryPoint","urlTemplate":"https:\/\/truusk.store\/sv\/?s={search_term_string}"},"query-input":{"@type":"PropertyValueSpecification","valueRequired":true,"valueName":"search_term_string"}}],"inLanguage":"sv-SE"},{"@type":"Organization","@id":"https:\/\/truusk.store\/sv\/#organization","name":"TRUUSK - Hem, Tr\u00e4dg\u00e5rd & Fritid","url":"https:\/\/truusk.store\/sv\/","logo":{"@type":"ImageObject","inLanguage":"sv-SE","@id":"https:\/\/truusk.store\/sv\/#\/schema\/logo\/image\/","url":"https:\/\/i0.wp.com\/truusk.store\/wp-content\/uploads\/2026\/03\/cropped-TRUUSK.png?fit=2032%2C917&ssl=1","contentUrl":"https:\/\/i0.wp.com\/truusk.store\/wp-content\/uploads\/2026\/03\/cropped-TRUUSK.png?fit=2032%2C917&ssl=1","width":2032,"height":917,"caption":"TRUUSK - Hem, Tr\u00e4dg\u00e5rd & Fritid"},"image":{"@id":"https:\/\/truusk.store\/sv\/#\/schema\/logo\/image\/"}}]}},"jetpack_sharing_enabled":true,"_links":{"self":[{"href":"https:\/\/truusk.store\/sv\/wp-json\/wp\/v2\/product\/34815","targetHints":{"allow":["GET"]}}],"collection":[{"href":"https:\/\/truusk.store\/sv\/wp-json\/wp\/v2\/product"}],"about":[{"href":"https:\/\/truusk.store\/sv\/wp-json\/wp\/v2\/types\/product"}],"wp:featuredmedia":[{"embeddable":true,"href":"https:\/\/truusk.store\/sv\/wp-json\/wp\/v2\/media\/34816"}],"wp:attachment":[{"href":"https:\/\/truusk.store\/sv\/wp-json\/wp\/v2\/media?parent=34815"}],"wp:term":[{"taxonomy":"product_brand","embeddable":true,"href":"https:\/\/truusk.store\/sv\/wp-json\/wp\/v2\/product_brand?post=34815"},{"taxonomy":"product_cat","embeddable":true,"href":"https:\/\/truusk.store\/sv\/wp-json\/wp\/v2\/product_cat?post=34815"},{"taxonomy":"product_tag","embeddable":true,"href":"https:\/\/truusk.store\/sv\/wp-json\/wp\/v2\/product_tag?post=34815"}],"curies":[{"name":"wp","href":"https:\/\/api.w.org\/{rel}","templated":true}]}}