{"id":34848,"date":"2024-02-13T23:20:38","date_gmt":"2024-02-13T22:20:38","guid":{"rendered":"https:\/\/truusk.store\/product\/hundsang-hundsang-utomhus-kattsang-husdjurssang-sovplats-stal-600d-oxford-tyg-brun-76-x-61-x-18-cm\/"},"modified":"2026-03-12T09:11:30","modified_gmt":"2026-03-12T08:11:30","slug":"truusk-hundbadd-utomhus-mjuk-sovplats-for-hundar-och-katter-starkt-600d-oxford-tyg-brun-76-x-61-x-18-cm","status":"publish","type":"product","link":"https:\/\/truusk.store\/sv\/produkt\/truusk-hundbadd-utomhus-mjuk-sovplats-for-hundar-och-katter-starkt-600d-oxford-tyg-brun-76-x-61-x-18-cm\/","title":{"rendered":"TRUUSK Hundb\u00e4dd Utomhus &#8211; Mjuk Sovplats f\u00f6r Hundar och Katter &#8211; Starkt 600D Oxford-tyg &#8211; Brun &#8211; 76 x 61 x 18 cm"},"content":{"rendered":"<p>Denna upph\u00f6jda hunds\u00e4ng \u00e4r en utm\u00e4rkt l\u00f6sning f\u00f6r resor eller en campingtur. Den har en robust silvermetallram med ett tyg\u00f6verdrag. Den kan enkelt monteras och demonteras f\u00f6r att transporteras med all din andra campingutrustning. Ett bra st\u00e4lle f\u00f6r ditt husdjur att vila och sova n\u00e4r du \u00e4r ute och g\u00e5r. Kan enkelt reng\u00f6ras med tv\u00e5l och vatten f\u00f6r att s\u00e4kerst\u00e4lla l\u00e5ng livsl\u00e4ngd.<\/p>\n<h3>Beskrivning:<\/h3>\n<ul>\n<li>H\u00f6gkvalitativ metallram f\u00f6r ett stabilt grepp<\/li>\n<li>Starkt 600D Oxford-tyg g\u00e5r inte<\/li>\n<li>L\u00e4tt, avtagbar och l\u00e4tt att f\u00f6rvara och transportera<\/li>\n<li>Enkel montering utan verktyg<\/li>\n<li>Med halkskyddsmatta i plast<\/li>\n<li>L\u00e4mplig f\u00f6r medelstora hundar upp till 20 kg och en kroppsl\u00e4ngd p\u00e5 mindre \u00e4n 50 cm<\/li>\n<\/ul>\n<h3>Teknisk data:<\/h3>\n<ul>\n<li>Material: st\u00e5lram, 600D Oxford-tyg<\/li>\n<li>F\u00e4rg: Brun+svart<\/li>\n<li>Lastkapacitet: 30 kg<\/li>\n<li>\u00d6vergripande m\u00e5tt: 76L x 61W x 18H cm<\/li>\n<li>N\u00e4tinsatsstorlek: 47L x 35W cm<\/li>\n<\/ul>\n<h3>Leveransens omfattning:<\/h3>\n<ul>\n<li>1 x hunds\u00e4ng<\/li>\n<\/ul>\n","protected":false},"excerpt":{"rendered":"<p>Denna upph\u00f6jda hunds\u00e4ng \u00e4r en utm\u00e4rkt l\u00f6sning f\u00f6r resor eller en campingtur. Den har en robust silvermetallram med ett tyg\u00f6verdrag&#8230;.<\/p>\n","protected":false},"featured_media":34849,"template":"","meta":[],"product_brand":[],"product_cat":[576,574,573],"product_tag":[],"class_list":{"0":"post-34848","1":"product","2":"type-product","3":"status-publish","4":"has-post-thumbnail","6":"product_cat-hundsangar-hundsoffor","7":"product_cat-hundtillbehor","8":"product_cat-husdjursmaterial","10":"first","11":"instock","12":"sale","13":"taxable","14":"shipping-taxable","15":"purchasable","16":"product-type-simple"},"yoast_head":"<!-- This site is optimized with the Yoast SEO plugin v25.4 - https:\/\/yoast.com\/wordpress\/plugins\/seo\/ -->\n<title>TRUUSK Hundb\u00e4dd Utomhus - Mjuk Sovplats f\u00f6r Hundar och Katter - Starkt 600D Oxford-tyg - Brun - 76 x 61 x 18 cm - TRUUSK - Hem, Tr\u00e4dg\u00e5rd &amp; Fritid<\/title>\n<meta name=\"robots\" content=\"index, follow, max-snippet:-1, max-image-preview:large, max-video-preview:-1\" \/>\n<link rel=\"canonical\" href=\"https:\/\/truusk.store\/sv\/produkt\/truusk-hundbadd-utomhus-mjuk-sovplats-for-hundar-och-katter-starkt-600d-oxford-tyg-brun-76-x-61-x-18-cm\/\" \/>\n<meta property=\"og:locale\" content=\"sv_SE\" \/>\n<meta property=\"og:type\" content=\"article\" \/>\n<meta property=\"og:title\" content=\"TRUUSK Hundb\u00e4dd Utomhus - Mjuk Sovplats f\u00f6r Hundar och Katter - Starkt 600D Oxford-tyg - Brun - 76 x 61 x 18 cm - TRUUSK - Hem, Tr\u00e4dg\u00e5rd &amp; Fritid\" \/>\n<meta property=\"og:description\" content=\"Denna upph\u00f6jda hunds\u00e4ng \u00e4r en utm\u00e4rkt l\u00f6sning f\u00f6r resor eller en campingtur. Den har en robust silvermetallram med ett tyg\u00f6verdrag....\" \/>\n<meta property=\"og:url\" content=\"https:\/\/truusk.store\/sv\/produkt\/truusk-hundbadd-utomhus-mjuk-sovplats-for-hundar-och-katter-starkt-600d-oxford-tyg-brun-76-x-61-x-18-cm\/\" \/>\n<meta property=\"og:site_name\" content=\"TRUUSK - Hem, Tr\u00e4dg\u00e5rd &amp; Fritid\" \/>\n<meta property=\"article:modified_time\" content=\"2026-03-12T08:11:30+00:00\" \/>\n<meta property=\"og:image\" content=\"https:\/\/i0.wp.com\/truusk.se\/wp-content\/uploads\/2024\/02\/hundsang-hundsang-utomhus-kattsang-husdjurssang-sovplats-stal-600d-oxford-tyg-brun-76-x-61-x-18-cm.webp?fit=800%2C800&ssl=1\" \/>\n\t<meta property=\"og:image:width\" content=\"800\" \/>\n\t<meta property=\"og:image:height\" content=\"800\" \/>\n\t<meta property=\"og:image:type\" content=\"image\/webp\" \/>\n<meta name=\"twitter:card\" content=\"summary_large_image\" \/>\n<meta name=\"twitter:label1\" content=\"Ber\u00e4knad l\u00e4stid\" \/>\n\t<meta name=\"twitter:data1\" content=\"1 minut\" \/>\n<!-- \/ Yoast SEO plugin. -->","yoast_head_json":{"title":"TRUUSK Hundb\u00e4dd Utomhus - Mjuk Sovplats f\u00f6r Hundar och Katter - Starkt 600D Oxford-tyg - Brun - 76 x 61 x 18 cm - TRUUSK - Hem, Tr\u00e4dg\u00e5rd &amp; Fritid","robots":{"index":"index","follow":"follow","max-snippet":"max-snippet:-1","max-image-preview":"max-image-preview:large","max-video-preview":"max-video-preview:-1"},"canonical":"https:\/\/truusk.store\/sv\/produkt\/truusk-hundbadd-utomhus-mjuk-sovplats-for-hundar-och-katter-starkt-600d-oxford-tyg-brun-76-x-61-x-18-cm\/","og_locale":"sv_SE","og_type":"article","og_title":"TRUUSK Hundb\u00e4dd Utomhus - Mjuk Sovplats f\u00f6r Hundar och Katter - Starkt 600D Oxford-tyg - Brun - 76 x 61 x 18 cm - TRUUSK - Hem, Tr\u00e4dg\u00e5rd &amp; Fritid","og_description":"Denna upph\u00f6jda hunds\u00e4ng \u00e4r en utm\u00e4rkt l\u00f6sning f\u00f6r resor eller en campingtur. Den har en robust silvermetallram med ett tyg\u00f6verdrag....","og_url":"https:\/\/truusk.store\/sv\/produkt\/truusk-hundbadd-utomhus-mjuk-sovplats-for-hundar-och-katter-starkt-600d-oxford-tyg-brun-76-x-61-x-18-cm\/","og_site_name":"TRUUSK - Hem, Tr\u00e4dg\u00e5rd &amp; Fritid","article_modified_time":"2026-03-12T08:11:30+00:00","og_image":[{"width":800,"height":800,"url":"https:\/\/i0.wp.com\/truusk.se\/wp-content\/uploads\/2024\/02\/hundsang-hundsang-utomhus-kattsang-husdjurssang-sovplats-stal-600d-oxford-tyg-brun-76-x-61-x-18-cm.webp?fit=800%2C800&ssl=1","type":"image\/webp"}],"twitter_card":"summary_large_image","twitter_misc":{"Ber\u00e4knad l\u00e4stid":"1 minut"},"schema":{"@context":"https:\/\/schema.org","@graph":[{"@type":"WebPage","@id":"https:\/\/truusk.store\/sv\/produkt\/truusk-hundbadd-utomhus-mjuk-sovplats-for-hundar-och-katter-starkt-600d-oxford-tyg-brun-76-x-61-x-18-cm\/","url":"https:\/\/truusk.store\/sv\/produkt\/truusk-hundbadd-utomhus-mjuk-sovplats-for-hundar-och-katter-starkt-600d-oxford-tyg-brun-76-x-61-x-18-cm\/","name":"TRUUSK Hundb\u00e4dd Utomhus - Mjuk Sovplats f\u00f6r Hundar och Katter - Starkt 600D Oxford-tyg - Brun - 76 x 61 x 18 cm - TRUUSK - Hem, Tr\u00e4dg\u00e5rd &amp; Fritid","isPartOf":{"@id":"https:\/\/truusk.store\/sv\/#website"},"primaryImageOfPage":{"@id":"https:\/\/truusk.store\/sv\/produkt\/truusk-hundbadd-utomhus-mjuk-sovplats-for-hundar-och-katter-starkt-600d-oxford-tyg-brun-76-x-61-x-18-cm\/#primaryimage"},"image":{"@id":"https:\/\/truusk.store\/sv\/produkt\/truusk-hundbadd-utomhus-mjuk-sovplats-for-hundar-och-katter-starkt-600d-oxford-tyg-brun-76-x-61-x-18-cm\/#primaryimage"},"thumbnailUrl":"https:\/\/i0.wp.com\/truusk.store\/wp-content\/uploads\/2024\/02\/hundsang-hundsang-utomhus-kattsang-husdjurssang-sovplats-stal-600d-oxford-tyg-brun-76-x-61-x-18-cm.webp?fit=800%2C800&ssl=1","datePublished":"2024-02-13T22:20:38+00:00","dateModified":"2026-03-12T08:11:30+00:00","breadcrumb":{"@id":"https:\/\/truusk.store\/sv\/produkt\/truusk-hundbadd-utomhus-mjuk-sovplats-for-hundar-och-katter-starkt-600d-oxford-tyg-brun-76-x-61-x-18-cm\/#breadcrumb"},"inLanguage":"sv-SE","potentialAction":[{"@type":"ReadAction","target":["https:\/\/truusk.store\/sv\/produkt\/truusk-hundbadd-utomhus-mjuk-sovplats-for-hundar-och-katter-starkt-600d-oxford-tyg-brun-76-x-61-x-18-cm\/"]}]},{"@type":"ImageObject","inLanguage":"sv-SE","@id":"https:\/\/truusk.store\/sv\/produkt\/truusk-hundbadd-utomhus-mjuk-sovplats-for-hundar-och-katter-starkt-600d-oxford-tyg-brun-76-x-61-x-18-cm\/#primaryimage","url":"https:\/\/i0.wp.com\/truusk.store\/wp-content\/uploads\/2024\/02\/hundsang-hundsang-utomhus-kattsang-husdjurssang-sovplats-stal-600d-oxford-tyg-brun-76-x-61-x-18-cm.webp?fit=800%2C800&ssl=1","contentUrl":"https:\/\/i0.wp.com\/truusk.store\/wp-content\/uploads\/2024\/02\/hundsang-hundsang-utomhus-kattsang-husdjurssang-sovplats-stal-600d-oxford-tyg-brun-76-x-61-x-18-cm.webp?fit=800%2C800&ssl=1","width":800,"height":800,"caption":"Hunds\u00e4ng Hunds\u00e4ng Utomhus Katts\u00e4ng Husdjurss\u00e4ng Sovplats St\u00e5l 600D Oxford Tyg Brun 76 X 61 X 18 Cm 1"},{"@type":"BreadcrumbList","@id":"https:\/\/truusk.store\/sv\/produkt\/truusk-hundbadd-utomhus-mjuk-sovplats-for-hundar-och-katter-starkt-600d-oxford-tyg-brun-76-x-61-x-18-cm\/#breadcrumb","itemListElement":[{"@type":"ListItem","position":1,"name":"Home","item":"https:\/\/truusk.store\/sv\/"},{"@type":"ListItem","position":2,"name":"Shop","item":"https:\/\/truusk.store\/shop\/"},{"@type":"ListItem","position":3,"name":"TRUUSK Hundb\u00e4dd Utomhus &#8211; Mjuk Sovplats f\u00f6r Hundar och Katter &#8211; Starkt 600D Oxford-tyg &#8211; Brun &#8211; 76 x 61 x 18 cm"}]},{"@type":"WebSite","@id":"https:\/\/truusk.store\/sv\/#website","url":"https:\/\/truusk.store\/sv\/","name":"TRUUSK - Hem, Tr\u00e4dg\u00e5rd & Fritid","description":"","publisher":{"@id":"https:\/\/truusk.store\/sv\/#organization"},"potentialAction":[{"@type":"SearchAction","target":{"@type":"EntryPoint","urlTemplate":"https:\/\/truusk.store\/sv\/?s={search_term_string}"},"query-input":{"@type":"PropertyValueSpecification","valueRequired":true,"valueName":"search_term_string"}}],"inLanguage":"sv-SE"},{"@type":"Organization","@id":"https:\/\/truusk.store\/sv\/#organization","name":"TRUUSK - Hem, Tr\u00e4dg\u00e5rd & Fritid","url":"https:\/\/truusk.store\/sv\/","logo":{"@type":"ImageObject","inLanguage":"sv-SE","@id":"https:\/\/truusk.store\/sv\/#\/schema\/logo\/image\/","url":"https:\/\/i0.wp.com\/truusk.store\/wp-content\/uploads\/2026\/03\/cropped-TRUUSK.png?fit=2032%2C917&ssl=1","contentUrl":"https:\/\/i0.wp.com\/truusk.store\/wp-content\/uploads\/2026\/03\/cropped-TRUUSK.png?fit=2032%2C917&ssl=1","width":2032,"height":917,"caption":"TRUUSK - Hem, Tr\u00e4dg\u00e5rd & Fritid"},"image":{"@id":"https:\/\/truusk.store\/sv\/#\/schema\/logo\/image\/"}}]}},"jetpack_sharing_enabled":true,"_links":{"self":[{"href":"https:\/\/truusk.store\/sv\/wp-json\/wp\/v2\/product\/34848","targetHints":{"allow":["GET"]}}],"collection":[{"href":"https:\/\/truusk.store\/sv\/wp-json\/wp\/v2\/product"}],"about":[{"href":"https:\/\/truusk.store\/sv\/wp-json\/wp\/v2\/types\/product"}],"wp:featuredmedia":[{"embeddable":true,"href":"https:\/\/truusk.store\/sv\/wp-json\/wp\/v2\/media\/34849"}],"wp:attachment":[{"href":"https:\/\/truusk.store\/sv\/wp-json\/wp\/v2\/media?parent=34848"}],"wp:term":[{"taxonomy":"product_brand","embeddable":true,"href":"https:\/\/truusk.store\/sv\/wp-json\/wp\/v2\/product_brand?post=34848"},{"taxonomy":"product_cat","embeddable":true,"href":"https:\/\/truusk.store\/sv\/wp-json\/wp\/v2\/product_cat?post=34848"},{"taxonomy":"product_tag","embeddable":true,"href":"https:\/\/truusk.store\/sv\/wp-json\/wp\/v2\/product_tag?post=34848"}],"curies":[{"name":"wp","href":"https:\/\/api.w.org\/{rel}","templated":true}]}}