{"id":34913,"date":"2024-02-13T23:22:55","date_gmt":"2024-02-13T22:22:55","guid":{"rendered":"https:\/\/truusk.store\/product\/gastsang-hopfallbar-sang-med-hjul-stal-skum-vit-svart-200-x-80-x-425-cm\/"},"modified":"2026-03-12T09:11:33","modified_gmt":"2026-03-12T08:11:33","slug":"truusk-gastsang-hopfallbar-med-hjul-stalram-skummadras-vit-svart-200x80x425-cm","status":"publish","type":"product","link":"https:\/\/truusk.store\/sv\/produkt\/truusk-gastsang-hopfallbar-med-hjul-stalram-skummadras-vit-svart-200x80x425-cm\/","title":{"rendered":"TRUUSK G\u00e4sts\u00e4ng Hopf\u00e4llbar Med Hjul &#8211; St\u00e5lram &#8211; Skummadras &#8211; Vit\/Svart &#8211; 200x80x42,5 cm"},"content":{"rendered":"<p>\u00c4r du orolig f\u00f6r att det inte kommer att finnas lediga s\u00e4ngar f\u00f6r ov\u00e4ntade g\u00e4ster? Denna praktiska och bekv\u00e4ma reses\u00e4ng kommer att utrusta dig perfekt f\u00f6r \u00f6vernattningsbes\u00f6k och erbjuda dina g\u00e4ster en mycket bekv\u00e4m plats att sova. S\u00e4ngen kan snabbt f\u00e4llas ut och flyttas utan anstr\u00e4ngning tack vare fyra mjukt l\u00f6pande hjul. N\u00e4r den inte anv\u00e4nds kan du f\u00e4lla ihop den och f\u00f6rvara den f\u00f6r att spara utrymme. Den mjuka skummadrassen ger en bekv\u00e4m k\u00e4nsla och en vilsam s\u00f6mn.<\/p>\n<h3>Beskrivning:<\/h3>\n<ul>\n<li>Perfekt som en flexibel reses\u00e4ng<\/li>\n<li>Vikbar design f\u00f6r utrymmesbesparing och enkel f\u00f6rvaring<\/li>\n<li>Tjock vadderad madrass ger h\u00f6g sovkomfort<\/li>\n<li>Metallram s\u00e4kerst\u00e4ller h\u00e5llbarhet och stabilitet<\/li>\n<li>4 hjul m\u00f6jligg\u00f6r enkel r\u00f6relse, varav 2 \u00e4r utrustade med bromsar<\/li>\n<li>Montering kr\u00e4vs<\/li>\n<\/ul>\n<h3>Teknisk data:<\/h3>\n<ul>\n<li>F\u00e4rg: Vit+svart<\/li>\n<li>Material: st\u00e5l, skum, tyg (100% polyester)<\/li>\n<li>Totala m\u00e5tt: 200W x 80D x 42,5H cm<\/li>\n<li>Vikstorlek: 75W x 30D x 115H cm<\/li>\n<li>Madrasstjocklek: 10 cm<\/li>\n<li>Lastkapacitet: 150 kg<\/li>\n<\/ul>\n<h3>Leveransens omfattning:<\/h3>\n<ul>\n<li>1 x hopf\u00e4llbar s\u00e4ng<\/li>\n<li>1 x Instruktioner<\/li>\n<\/ul>\n","protected":false},"excerpt":{"rendered":"<p>\u00c4r du orolig f\u00f6r att det inte kommer att finnas lediga s\u00e4ngar f\u00f6r ov\u00e4ntade g\u00e4ster? Denna praktiska och bekv\u00e4ma reses\u00e4ng&#8230;<\/p>\n","protected":false},"featured_media":34914,"template":"","meta":[],"product_brand":[],"product_cat":[495,485,494],"product_tag":[],"class_list":{"0":"post-34913","1":"product","2":"type-product","3":"status-publish","4":"has-post-thumbnail","6":"product_cat-gastsangar","7":"product_cat-hus-bo","8":"product_cat-sangar","10":"first","11":"instock","12":"sale","13":"taxable","14":"shipping-taxable","15":"purchasable","16":"product-type-simple"},"yoast_head":"<!-- This site is optimized with the Yoast SEO plugin v25.4 - https:\/\/yoast.com\/wordpress\/plugins\/seo\/ -->\n<title>TRUUSK G\u00e4sts\u00e4ng Hopf\u00e4llbar Med Hjul - St\u00e5lram - Skummadras - Vit\/Svart - 200x80x42,5 cm - TRUUSK - Hem, Tr\u00e4dg\u00e5rd &amp; Fritid<\/title>\n<meta name=\"robots\" content=\"index, follow, max-snippet:-1, max-image-preview:large, max-video-preview:-1\" \/>\n<link rel=\"canonical\" href=\"https:\/\/truusk.store\/sv\/produkt\/truusk-gastsang-hopfallbar-med-hjul-stalram-skummadras-vit-svart-200x80x425-cm\/\" \/>\n<meta property=\"og:locale\" content=\"sv_SE\" \/>\n<meta property=\"og:type\" content=\"article\" \/>\n<meta property=\"og:title\" content=\"TRUUSK G\u00e4sts\u00e4ng Hopf\u00e4llbar Med Hjul - St\u00e5lram - Skummadras - Vit\/Svart - 200x80x42,5 cm - TRUUSK - Hem, Tr\u00e4dg\u00e5rd &amp; Fritid\" \/>\n<meta property=\"og:description\" content=\"\u00c4r du orolig f\u00f6r att det inte kommer att finnas lediga s\u00e4ngar f\u00f6r ov\u00e4ntade g\u00e4ster? Denna praktiska och bekv\u00e4ma reses\u00e4ng...\" \/>\n<meta property=\"og:url\" content=\"https:\/\/truusk.store\/sv\/produkt\/truusk-gastsang-hopfallbar-med-hjul-stalram-skummadras-vit-svart-200x80x425-cm\/\" \/>\n<meta property=\"og:site_name\" content=\"TRUUSK - Hem, Tr\u00e4dg\u00e5rd &amp; Fritid\" \/>\n<meta property=\"article:modified_time\" content=\"2026-03-12T08:11:33+00:00\" \/>\n<meta property=\"og:image\" content=\"https:\/\/i0.wp.com\/truusk.se\/wp-content\/uploads\/2024\/02\/gastsang-hopfallbar-sang-med-hjul-stal-skum-vit-svart-200-x-80-x-425-cm.webp?fit=800%2C800&ssl=1\" \/>\n\t<meta property=\"og:image:width\" content=\"800\" \/>\n\t<meta property=\"og:image:height\" content=\"800\" \/>\n\t<meta property=\"og:image:type\" content=\"image\/webp\" \/>\n<meta name=\"twitter:card\" content=\"summary_large_image\" \/>\n<meta name=\"twitter:label1\" content=\"Ber\u00e4knad l\u00e4stid\" \/>\n\t<meta name=\"twitter:data1\" content=\"1 minut\" \/>\n<!-- \/ Yoast SEO plugin. -->","yoast_head_json":{"title":"TRUUSK G\u00e4sts\u00e4ng Hopf\u00e4llbar Med Hjul - St\u00e5lram - Skummadras - Vit\/Svart - 200x80x42,5 cm - TRUUSK - Hem, Tr\u00e4dg\u00e5rd &amp; Fritid","robots":{"index":"index","follow":"follow","max-snippet":"max-snippet:-1","max-image-preview":"max-image-preview:large","max-video-preview":"max-video-preview:-1"},"canonical":"https:\/\/truusk.store\/sv\/produkt\/truusk-gastsang-hopfallbar-med-hjul-stalram-skummadras-vit-svart-200x80x425-cm\/","og_locale":"sv_SE","og_type":"article","og_title":"TRUUSK G\u00e4sts\u00e4ng Hopf\u00e4llbar Med Hjul - St\u00e5lram - Skummadras - Vit\/Svart - 200x80x42,5 cm - TRUUSK - Hem, Tr\u00e4dg\u00e5rd &amp; Fritid","og_description":"\u00c4r du orolig f\u00f6r att det inte kommer att finnas lediga s\u00e4ngar f\u00f6r ov\u00e4ntade g\u00e4ster? Denna praktiska och bekv\u00e4ma reses\u00e4ng...","og_url":"https:\/\/truusk.store\/sv\/produkt\/truusk-gastsang-hopfallbar-med-hjul-stalram-skummadras-vit-svart-200x80x425-cm\/","og_site_name":"TRUUSK - Hem, Tr\u00e4dg\u00e5rd &amp; Fritid","article_modified_time":"2026-03-12T08:11:33+00:00","og_image":[{"width":800,"height":800,"url":"https:\/\/i0.wp.com\/truusk.se\/wp-content\/uploads\/2024\/02\/gastsang-hopfallbar-sang-med-hjul-stal-skum-vit-svart-200-x-80-x-425-cm.webp?fit=800%2C800&ssl=1","type":"image\/webp"}],"twitter_card":"summary_large_image","twitter_misc":{"Ber\u00e4knad l\u00e4stid":"1 minut"},"schema":{"@context":"https:\/\/schema.org","@graph":[{"@type":"WebPage","@id":"https:\/\/truusk.store\/sv\/produkt\/truusk-gastsang-hopfallbar-med-hjul-stalram-skummadras-vit-svart-200x80x425-cm\/","url":"https:\/\/truusk.store\/sv\/produkt\/truusk-gastsang-hopfallbar-med-hjul-stalram-skummadras-vit-svart-200x80x425-cm\/","name":"TRUUSK G\u00e4sts\u00e4ng Hopf\u00e4llbar Med Hjul - St\u00e5lram - Skummadras - Vit\/Svart - 200x80x42,5 cm - TRUUSK - Hem, Tr\u00e4dg\u00e5rd &amp; Fritid","isPartOf":{"@id":"https:\/\/truusk.store\/sv\/#website"},"primaryImageOfPage":{"@id":"https:\/\/truusk.store\/sv\/produkt\/truusk-gastsang-hopfallbar-med-hjul-stalram-skummadras-vit-svart-200x80x425-cm\/#primaryimage"},"image":{"@id":"https:\/\/truusk.store\/sv\/produkt\/truusk-gastsang-hopfallbar-med-hjul-stalram-skummadras-vit-svart-200x80x425-cm\/#primaryimage"},"thumbnailUrl":"https:\/\/i0.wp.com\/truusk.store\/wp-content\/uploads\/2024\/02\/gastsang-hopfallbar-sang-med-hjul-stal-skum-vit-svart-200-x-80-x-425-cm.webp?fit=800%2C800&ssl=1","datePublished":"2024-02-13T22:22:55+00:00","dateModified":"2026-03-12T08:11:33+00:00","breadcrumb":{"@id":"https:\/\/truusk.store\/sv\/produkt\/truusk-gastsang-hopfallbar-med-hjul-stalram-skummadras-vit-svart-200x80x425-cm\/#breadcrumb"},"inLanguage":"sv-SE","potentialAction":[{"@type":"ReadAction","target":["https:\/\/truusk.store\/sv\/produkt\/truusk-gastsang-hopfallbar-med-hjul-stalram-skummadras-vit-svart-200x80x425-cm\/"]}]},{"@type":"ImageObject","inLanguage":"sv-SE","@id":"https:\/\/truusk.store\/sv\/produkt\/truusk-gastsang-hopfallbar-med-hjul-stalram-skummadras-vit-svart-200x80x425-cm\/#primaryimage","url":"https:\/\/i0.wp.com\/truusk.store\/wp-content\/uploads\/2024\/02\/gastsang-hopfallbar-sang-med-hjul-stal-skum-vit-svart-200-x-80-x-425-cm.webp?fit=800%2C800&ssl=1","contentUrl":"https:\/\/i0.wp.com\/truusk.store\/wp-content\/uploads\/2024\/02\/gastsang-hopfallbar-sang-med-hjul-stal-skum-vit-svart-200-x-80-x-425-cm.webp?fit=800%2C800&ssl=1","width":800,"height":800,"caption":"G\u00e4sts\u00e4ng Hopf\u00e4llbar S\u00e4ng Med Hjul St\u00e5l + Skum Vit + Svart 200 X 80 X 42,5 Cm 1"},{"@type":"BreadcrumbList","@id":"https:\/\/truusk.store\/sv\/produkt\/truusk-gastsang-hopfallbar-med-hjul-stalram-skummadras-vit-svart-200x80x425-cm\/#breadcrumb","itemListElement":[{"@type":"ListItem","position":1,"name":"Home","item":"https:\/\/truusk.store\/sv\/"},{"@type":"ListItem","position":2,"name":"Shop","item":"https:\/\/truusk.store\/shop\/"},{"@type":"ListItem","position":3,"name":"TRUUSK G\u00e4sts\u00e4ng Hopf\u00e4llbar Med Hjul &#8211; St\u00e5lram &#8211; Skummadras &#8211; Vit\/Svart &#8211; 200x80x42,5 cm"}]},{"@type":"WebSite","@id":"https:\/\/truusk.store\/sv\/#website","url":"https:\/\/truusk.store\/sv\/","name":"TRUUSK - Hem, Tr\u00e4dg\u00e5rd & Fritid","description":"","publisher":{"@id":"https:\/\/truusk.store\/sv\/#organization"},"potentialAction":[{"@type":"SearchAction","target":{"@type":"EntryPoint","urlTemplate":"https:\/\/truusk.store\/sv\/?s={search_term_string}"},"query-input":{"@type":"PropertyValueSpecification","valueRequired":true,"valueName":"search_term_string"}}],"inLanguage":"sv-SE"},{"@type":"Organization","@id":"https:\/\/truusk.store\/sv\/#organization","name":"TRUUSK - Hem, Tr\u00e4dg\u00e5rd & Fritid","url":"https:\/\/truusk.store\/sv\/","logo":{"@type":"ImageObject","inLanguage":"sv-SE","@id":"https:\/\/truusk.store\/sv\/#\/schema\/logo\/image\/","url":"https:\/\/i0.wp.com\/truusk.store\/wp-content\/uploads\/2026\/03\/cropped-TRUUSK.png?fit=2032%2C917&ssl=1","contentUrl":"https:\/\/i0.wp.com\/truusk.store\/wp-content\/uploads\/2026\/03\/cropped-TRUUSK.png?fit=2032%2C917&ssl=1","width":2032,"height":917,"caption":"TRUUSK - Hem, Tr\u00e4dg\u00e5rd & Fritid"},"image":{"@id":"https:\/\/truusk.store\/sv\/#\/schema\/logo\/image\/"}}]}},"jetpack_sharing_enabled":true,"_links":{"self":[{"href":"https:\/\/truusk.store\/sv\/wp-json\/wp\/v2\/product\/34913","targetHints":{"allow":["GET"]}}],"collection":[{"href":"https:\/\/truusk.store\/sv\/wp-json\/wp\/v2\/product"}],"about":[{"href":"https:\/\/truusk.store\/sv\/wp-json\/wp\/v2\/types\/product"}],"wp:featuredmedia":[{"embeddable":true,"href":"https:\/\/truusk.store\/sv\/wp-json\/wp\/v2\/media\/34914"}],"wp:attachment":[{"href":"https:\/\/truusk.store\/sv\/wp-json\/wp\/v2\/media?parent=34913"}],"wp:term":[{"taxonomy":"product_brand","embeddable":true,"href":"https:\/\/truusk.store\/sv\/wp-json\/wp\/v2\/product_brand?post=34913"},{"taxonomy":"product_cat","embeddable":true,"href":"https:\/\/truusk.store\/sv\/wp-json\/wp\/v2\/product_cat?post=34913"},{"taxonomy":"product_tag","embeddable":true,"href":"https:\/\/truusk.store\/sv\/wp-json\/wp\/v2\/product_tag?post=34913"}],"curies":[{"name":"wp","href":"https:\/\/api.w.org\/{rel}","templated":true}]}}