{"id":34935,"date":"2024-02-13T23:23:33","date_gmt":"2024-02-13T22:23:33","guid":{"rendered":"https:\/\/truusk.store\/product\/4-i-1-hopfallbar-sang-gastsang-hoj-och-sankbar-madrass-sidfickor-metallram-gra-188-x-75-x-38-cm\/"},"modified":"2026-03-12T09:11:34","modified_gmt":"2026-03-12T08:11:34","slug":"truusk-4-i-1-hopfallbar-sang-gastsang-hoj-och-sankbar-madrass-sidfickor-gra-188-x-75-x-38-cm","status":"publish","type":"product","link":"https:\/\/truusk.store\/sv\/produkt\/truusk-4-i-1-hopfallbar-sang-gastsang-hoj-och-sankbar-madrass-sidfickor-gra-188-x-75-x-38-cm\/","title":{"rendered":"TRUUSK 4-i-1 Hopf\u00e4llbar S\u00e4ng &#8211; G\u00e4sts\u00e4ng &#8211; H\u00f6j- Och S\u00e4nkbar &#8211; Madrass &#8211; Sidfickor &#8211; Gr\u00e5 &#8211; 188 x 75 x 38 cm"},"content":{"rendered":"<p>Har du bara lite utrymme i ditt vardagsrum och beh\u00f6ver en m\u00f6bel som klarar allt? Denna praktiska g\u00e4sts\u00e4ng \u00e4r ett sant mirakel av utrymme och komfort! Utrustad med ett justerbart ryggst\u00f6d och fotst\u00f6d kan den f\u00f6rvandlas till en soffa, s\u00e4ng, pall eller f\u00e5t\u00f6lj p\u00e5 nolltid. Tack vare den utm\u00e4rkta balansen mellan robusthet och komfort kan den fungera som ett s\u00e4rskilt bekv\u00e4mt sovalternativ f\u00f6r \u00f6vernattande g\u00e4ster.<\/p>\n<h3>Beskrivning:<\/h3>\n<ul>\n<li>Fyra m\u00f6bler i ett: enkels\u00e4ng, soffa, f\u00e5t\u00f6lj och ottoman<\/li>\n<li>Praktisk hopf\u00e4llbar design f\u00f6r utrymmesbesparande och enkel f\u00f6rvaring<\/li>\n<li>Gener\u00f6s stoppning ger en bekv\u00e4m sovupplevelse<\/li>\n<li>Fickor p\u00e5 b\u00e5da sidor av s\u00e4ngen f\u00f6r f\u00f6rvaring av fj\u00e4rrkontroller, smartphones och annat<\/li>\n<li>Ryggst\u00f6dets lutning kan justeras till 5 niv\u00e5er<\/li>\n<li>Bekv\u00e4m ryggkudde f\u00f6r att lindra belastningen p\u00e5 ryggen<\/li>\n<li>St\u00e5lram s\u00e4kerst\u00e4ller h\u00e5llbarhet och stabilitet<\/li>\n<li>Montering kr\u00e4vs<\/li>\n<\/ul>\n<h3>Teknisk data:<\/h3>\n<ul>\n<li>F\u00e4rg gr\u00e5<\/li>\n<li>Material: st\u00e5l, skum, polyester (100%)<\/li>\n<li>\u00d6vergripande m\u00e5tt: s\u00e4ng: 188L x 75W x 38H cm, solstol: 75L x 128W x 74H cm, soffa: 75L x 80W x 74H cm<\/li>\n<li>Vikstorlek: 70L x 73W x 38H cm<\/li>\n<li>Ryggst\u00f6dsm\u00e5tt: 75W x 36H cm<\/li>\n<li>M\u00e5tt p\u00e5 ryggkudde: 55L x 35W x 15H cm<\/li>\n<li>Madrasstjocklek: 8 cm<\/li>\n<li>Max belastning: 150 kg<\/li>\n<\/ul>\n<h3>Leveransens omfattning:<\/h3>\n<ul>\n<li>1 x hopf\u00e4llbar s\u00e4ng<\/li>\n<li>1 x Instruktioner<\/li>\n<\/ul>\n","protected":false},"excerpt":{"rendered":"<p>Har du bara lite utrymme i ditt vardagsrum och beh\u00f6ver en m\u00f6bel som klarar allt? Denna praktiska g\u00e4sts\u00e4ng \u00e4r ett&#8230;<\/p>\n","protected":false},"featured_media":34936,"template":"","meta":[],"product_brand":[],"product_cat":[495,485,494],"product_tag":[],"class_list":{"0":"post-34935","1":"product","2":"type-product","3":"status-publish","4":"has-post-thumbnail","6":"product_cat-gastsangar","7":"product_cat-hus-bo","8":"product_cat-sangar","10":"first","11":"instock","12":"sale","13":"taxable","14":"shipping-taxable","15":"purchasable","16":"product-type-simple"},"yoast_head":"<!-- This site is optimized with the Yoast SEO plugin v25.4 - https:\/\/yoast.com\/wordpress\/plugins\/seo\/ -->\n<title>TRUUSK 4-i-1 Hopf\u00e4llbar S\u00e4ng - G\u00e4sts\u00e4ng - H\u00f6j- Och S\u00e4nkbar - Madrass - Sidfickor - Gr\u00e5 - 188 x 75 x 38 cm - TRUUSK - Hem, Tr\u00e4dg\u00e5rd &amp; Fritid<\/title>\n<meta name=\"robots\" content=\"index, follow, max-snippet:-1, max-image-preview:large, max-video-preview:-1\" \/>\n<link rel=\"canonical\" href=\"https:\/\/truusk.store\/sv\/produkt\/truusk-4-i-1-hopfallbar-sang-gastsang-hoj-och-sankbar-madrass-sidfickor-gra-188-x-75-x-38-cm\/\" \/>\n<meta property=\"og:locale\" content=\"sv_SE\" \/>\n<meta property=\"og:type\" content=\"article\" \/>\n<meta property=\"og:title\" content=\"TRUUSK 4-i-1 Hopf\u00e4llbar S\u00e4ng - G\u00e4sts\u00e4ng - H\u00f6j- Och S\u00e4nkbar - Madrass - Sidfickor - Gr\u00e5 - 188 x 75 x 38 cm - TRUUSK - Hem, Tr\u00e4dg\u00e5rd &amp; Fritid\" \/>\n<meta property=\"og:description\" content=\"Har du bara lite utrymme i ditt vardagsrum och beh\u00f6ver en m\u00f6bel som klarar allt? Denna praktiska g\u00e4sts\u00e4ng \u00e4r ett...\" \/>\n<meta property=\"og:url\" content=\"https:\/\/truusk.store\/sv\/produkt\/truusk-4-i-1-hopfallbar-sang-gastsang-hoj-och-sankbar-madrass-sidfickor-gra-188-x-75-x-38-cm\/\" \/>\n<meta property=\"og:site_name\" content=\"TRUUSK - Hem, Tr\u00e4dg\u00e5rd &amp; Fritid\" \/>\n<meta property=\"article:modified_time\" content=\"2026-03-12T08:11:34+00:00\" \/>\n<meta property=\"og:image\" content=\"https:\/\/i0.wp.com\/truusk.se\/wp-content\/uploads\/2024\/02\/4-i-1-hopfallbar-sang-gastsang-hoj-och-sankbar-madrass-sidfickor-metallram-gra-188-x-75-x-38-cm.webp?fit=800%2C800&ssl=1\" \/>\n\t<meta property=\"og:image:width\" content=\"800\" \/>\n\t<meta property=\"og:image:height\" content=\"800\" \/>\n\t<meta property=\"og:image:type\" content=\"image\/webp\" \/>\n<meta name=\"twitter:card\" content=\"summary_large_image\" \/>\n<meta name=\"twitter:label1\" content=\"Ber\u00e4knad l\u00e4stid\" \/>\n\t<meta name=\"twitter:data1\" content=\"1 minut\" \/>\n<!-- \/ Yoast SEO plugin. -->","yoast_head_json":{"title":"TRUUSK 4-i-1 Hopf\u00e4llbar S\u00e4ng - G\u00e4sts\u00e4ng - H\u00f6j- Och S\u00e4nkbar - Madrass - Sidfickor - Gr\u00e5 - 188 x 75 x 38 cm - TRUUSK - Hem, Tr\u00e4dg\u00e5rd &amp; Fritid","robots":{"index":"index","follow":"follow","max-snippet":"max-snippet:-1","max-image-preview":"max-image-preview:large","max-video-preview":"max-video-preview:-1"},"canonical":"https:\/\/truusk.store\/sv\/produkt\/truusk-4-i-1-hopfallbar-sang-gastsang-hoj-och-sankbar-madrass-sidfickor-gra-188-x-75-x-38-cm\/","og_locale":"sv_SE","og_type":"article","og_title":"TRUUSK 4-i-1 Hopf\u00e4llbar S\u00e4ng - G\u00e4sts\u00e4ng - H\u00f6j- Och S\u00e4nkbar - Madrass - Sidfickor - Gr\u00e5 - 188 x 75 x 38 cm - TRUUSK - Hem, Tr\u00e4dg\u00e5rd &amp; Fritid","og_description":"Har du bara lite utrymme i ditt vardagsrum och beh\u00f6ver en m\u00f6bel som klarar allt? Denna praktiska g\u00e4sts\u00e4ng \u00e4r ett...","og_url":"https:\/\/truusk.store\/sv\/produkt\/truusk-4-i-1-hopfallbar-sang-gastsang-hoj-och-sankbar-madrass-sidfickor-gra-188-x-75-x-38-cm\/","og_site_name":"TRUUSK - Hem, Tr\u00e4dg\u00e5rd &amp; Fritid","article_modified_time":"2026-03-12T08:11:34+00:00","og_image":[{"width":800,"height":800,"url":"https:\/\/i0.wp.com\/truusk.se\/wp-content\/uploads\/2024\/02\/4-i-1-hopfallbar-sang-gastsang-hoj-och-sankbar-madrass-sidfickor-metallram-gra-188-x-75-x-38-cm.webp?fit=800%2C800&ssl=1","type":"image\/webp"}],"twitter_card":"summary_large_image","twitter_misc":{"Ber\u00e4knad l\u00e4stid":"1 minut"},"schema":{"@context":"https:\/\/schema.org","@graph":[{"@type":"WebPage","@id":"https:\/\/truusk.store\/sv\/produkt\/truusk-4-i-1-hopfallbar-sang-gastsang-hoj-och-sankbar-madrass-sidfickor-gra-188-x-75-x-38-cm\/","url":"https:\/\/truusk.store\/sv\/produkt\/truusk-4-i-1-hopfallbar-sang-gastsang-hoj-och-sankbar-madrass-sidfickor-gra-188-x-75-x-38-cm\/","name":"TRUUSK 4-i-1 Hopf\u00e4llbar S\u00e4ng - G\u00e4sts\u00e4ng - H\u00f6j- Och S\u00e4nkbar - Madrass - Sidfickor - Gr\u00e5 - 188 x 75 x 38 cm - TRUUSK - Hem, Tr\u00e4dg\u00e5rd &amp; Fritid","isPartOf":{"@id":"https:\/\/truusk.store\/sv\/#website"},"primaryImageOfPage":{"@id":"https:\/\/truusk.store\/sv\/produkt\/truusk-4-i-1-hopfallbar-sang-gastsang-hoj-och-sankbar-madrass-sidfickor-gra-188-x-75-x-38-cm\/#primaryimage"},"image":{"@id":"https:\/\/truusk.store\/sv\/produkt\/truusk-4-i-1-hopfallbar-sang-gastsang-hoj-och-sankbar-madrass-sidfickor-gra-188-x-75-x-38-cm\/#primaryimage"},"thumbnailUrl":"https:\/\/i0.wp.com\/truusk.store\/wp-content\/uploads\/2024\/02\/4-i-1-hopfallbar-sang-gastsang-hoj-och-sankbar-madrass-sidfickor-metallram-gra-188-x-75-x-38-cm.webp?fit=800%2C800&ssl=1","datePublished":"2024-02-13T22:23:33+00:00","dateModified":"2026-03-12T08:11:34+00:00","breadcrumb":{"@id":"https:\/\/truusk.store\/sv\/produkt\/truusk-4-i-1-hopfallbar-sang-gastsang-hoj-och-sankbar-madrass-sidfickor-gra-188-x-75-x-38-cm\/#breadcrumb"},"inLanguage":"sv-SE","potentialAction":[{"@type":"ReadAction","target":["https:\/\/truusk.store\/sv\/produkt\/truusk-4-i-1-hopfallbar-sang-gastsang-hoj-och-sankbar-madrass-sidfickor-gra-188-x-75-x-38-cm\/"]}]},{"@type":"ImageObject","inLanguage":"sv-SE","@id":"https:\/\/truusk.store\/sv\/produkt\/truusk-4-i-1-hopfallbar-sang-gastsang-hoj-och-sankbar-madrass-sidfickor-gra-188-x-75-x-38-cm\/#primaryimage","url":"https:\/\/i0.wp.com\/truusk.store\/wp-content\/uploads\/2024\/02\/4-i-1-hopfallbar-sang-gastsang-hoj-och-sankbar-madrass-sidfickor-metallram-gra-188-x-75-x-38-cm.webp?fit=800%2C800&ssl=1","contentUrl":"https:\/\/i0.wp.com\/truusk.store\/wp-content\/uploads\/2024\/02\/4-i-1-hopfallbar-sang-gastsang-hoj-och-sankbar-madrass-sidfickor-metallram-gra-188-x-75-x-38-cm.webp?fit=800%2C800&ssl=1","width":800,"height":800,"caption":"4-i-1 Hopf\u00e4llbar S\u00e4ng, G\u00e4sts\u00e4ng, H\u00f6j- Och S\u00e4nkbar, Madrass, Sidfickor, Metallram, Gr\u00e5, 188 X 75 X 38 Cm 1"},{"@type":"BreadcrumbList","@id":"https:\/\/truusk.store\/sv\/produkt\/truusk-4-i-1-hopfallbar-sang-gastsang-hoj-och-sankbar-madrass-sidfickor-gra-188-x-75-x-38-cm\/#breadcrumb","itemListElement":[{"@type":"ListItem","position":1,"name":"Home","item":"https:\/\/truusk.store\/sv\/"},{"@type":"ListItem","position":2,"name":"Shop","item":"https:\/\/truusk.store\/shop\/"},{"@type":"ListItem","position":3,"name":"TRUUSK 4-i-1 Hopf\u00e4llbar S\u00e4ng &#8211; G\u00e4sts\u00e4ng &#8211; H\u00f6j- Och S\u00e4nkbar &#8211; Madrass &#8211; Sidfickor &#8211; Gr\u00e5 &#8211; 188 x 75 x 38 cm"}]},{"@type":"WebSite","@id":"https:\/\/truusk.store\/sv\/#website","url":"https:\/\/truusk.store\/sv\/","name":"TRUUSK - Hem, Tr\u00e4dg\u00e5rd & Fritid","description":"","publisher":{"@id":"https:\/\/truusk.store\/sv\/#organization"},"potentialAction":[{"@type":"SearchAction","target":{"@type":"EntryPoint","urlTemplate":"https:\/\/truusk.store\/sv\/?s={search_term_string}"},"query-input":{"@type":"PropertyValueSpecification","valueRequired":true,"valueName":"search_term_string"}}],"inLanguage":"sv-SE"},{"@type":"Organization","@id":"https:\/\/truusk.store\/sv\/#organization","name":"TRUUSK - Hem, Tr\u00e4dg\u00e5rd & Fritid","url":"https:\/\/truusk.store\/sv\/","logo":{"@type":"ImageObject","inLanguage":"sv-SE","@id":"https:\/\/truusk.store\/sv\/#\/schema\/logo\/image\/","url":"https:\/\/i0.wp.com\/truusk.store\/wp-content\/uploads\/2026\/03\/cropped-TRUUSK.png?fit=2032%2C917&ssl=1","contentUrl":"https:\/\/i0.wp.com\/truusk.store\/wp-content\/uploads\/2026\/03\/cropped-TRUUSK.png?fit=2032%2C917&ssl=1","width":2032,"height":917,"caption":"TRUUSK - Hem, Tr\u00e4dg\u00e5rd & Fritid"},"image":{"@id":"https:\/\/truusk.store\/sv\/#\/schema\/logo\/image\/"}}]}},"jetpack_sharing_enabled":true,"_links":{"self":[{"href":"https:\/\/truusk.store\/sv\/wp-json\/wp\/v2\/product\/34935","targetHints":{"allow":["GET"]}}],"collection":[{"href":"https:\/\/truusk.store\/sv\/wp-json\/wp\/v2\/product"}],"about":[{"href":"https:\/\/truusk.store\/sv\/wp-json\/wp\/v2\/types\/product"}],"wp:featuredmedia":[{"embeddable":true,"href":"https:\/\/truusk.store\/sv\/wp-json\/wp\/v2\/media\/34936"}],"wp:attachment":[{"href":"https:\/\/truusk.store\/sv\/wp-json\/wp\/v2\/media?parent=34935"}],"wp:term":[{"taxonomy":"product_brand","embeddable":true,"href":"https:\/\/truusk.store\/sv\/wp-json\/wp\/v2\/product_brand?post=34935"},{"taxonomy":"product_cat","embeddable":true,"href":"https:\/\/truusk.store\/sv\/wp-json\/wp\/v2\/product_cat?post=34935"},{"taxonomy":"product_tag","embeddable":true,"href":"https:\/\/truusk.store\/sv\/wp-json\/wp\/v2\/product_tag?post=34935"}],"curies":[{"name":"wp","href":"https:\/\/api.w.org\/{rel}","templated":true}]}}