{"id":34998,"date":"2024-02-13T23:25:47","date_gmt":"2024-02-13T22:25:47","guid":{"rendered":"https:\/\/truusk.store\/product\/traningscykel-4\/"},"modified":"2026-03-12T09:11:35","modified_gmt":"2026-03-12T08:11:35","slug":"truusk-traningscykel-justerbar-motstandsniva-lcd-skarm-handpulssensorer-sadel-och-styre-justerbara-hallare-for","status":"publish","type":"product","link":"https:\/\/truusk.store\/sv\/produkt\/truusk-traningscykel-justerbar-motstandsniva-lcd-skarm-handpulssensorer-sadel-och-styre-justerbara-hallare-for\/","title":{"rendered":"TRUUSK Tr\u00e4ningscykel &#8211; Justerbar motst\u00e5ndsniv\u00e5 &#8211; LCD-sk\u00e4rm &#8211; Handpulssensorer &#8211; Sadel och styre justerbara &#8211; H\u00e5llare f\u00f6r"},"content":{"rendered":"<p>Med denna motionscykel kan du h\u00e5lla dig i form och frisk. Motionscykeln har en LCD-display som visar tid, hastighet, distans, puls och f\u00f6rbr\u00e4nda kalorier och visar dina framsteg. Den inbyggda telefonh\u00e5llaren l\u00e5ter dig titta p\u00e5 dina favoritprogram medan du tr\u00e4nar. Med denna motionscykel kan du tr\u00e4na var och n\u00e4r du vill.<\/p>\n<h3>Beskrivning:<\/h3>\n<ul>\n<li>Tr\u00e4nar ben, midja och rumpa<\/li>\n<li>Hj\u00e4lper till att f\u00f6rb\u00e4ttra din h\u00e4lsa<\/li>\n<li>Robust st\u00e5lram med sv\u00e4nghjul f\u00f6r en j\u00e4mn och balanserad k\u00f6rning<\/li>\n<li>Har magnetiskt tr\u00e4ningsmotst\u00e5nd i 8 niv\u00e5er<\/li>\n<li>LCD-sk\u00e4rm visar tid, hastighet, distans, f\u00f6rbr\u00e4nda kalorier,<\/li>\n<li>En telefonh\u00e5llare p\u00e5 framsidan<\/li>\n<li>Inkluderar bungee-sn\u00f6ren f\u00f6r att f\u00f6rb\u00e4ttra \u00f6verkroppens styrka<\/li>\n<li>Vadderad sits<\/li>\n<li>Sitsen \u00e4r justerbar i h\u00f6jdled<\/li>\n<li>Levereras med tv\u00e5 hjul f\u00f6r r\u00f6relse<\/li>\n<\/ul>\n<h3>Teknisk data:<\/h3>\n<ul>\n<li>F\u00e4rg: Bl\u00e5+Gr\u00e5<\/li>\n<li>Material: st\u00e5l, ABS<\/li>\n<li>\u00d6vergripande m\u00e5tt: 97L x 51W x 115H cm<\/li>\n<li>Sits: 27L x 23W cm<\/li>\n<li>Vikbar storlek: 50L x 51W x 135H cm<\/li>\n<li>Max lastkapacitet: 120 kg<\/li>\n<li>Batterier som kr\u00e4vs: 2 x AAA, ing\u00e5r ej<\/li>\n<li>Sv\u00e4nghjulsvikt: 2,5 kg<\/li>\n<\/ul>\n<h3>Leveransens omfattning:<\/h3>\n<ul>\n<li>1 x motionscykel<\/li>\n<li>1 x par sp\u00e4nnrep<\/li>\n<li>1 x Instruktioner<\/li>\n<\/ul>\n","protected":false},"excerpt":{"rendered":"<p>Med denna motionscykel kan du h\u00e5lla dig i form och frisk. Motionscykeln har en LCD-display som visar tid, hastighet, distans,&#8230;<\/p>\n","protected":false},"featured_media":34999,"template":"","meta":[],"product_brand":[],"product_cat":[664,661,647],"product_tag":[],"class_list":{"0":"post-34998","1":"product","2":"type-product","3":"status-publish","4":"has-post-thumbnail","6":"product_cat-ergometrar-motionscyklar","7":"product_cat-kondition-styrketraning","8":"product_cat-sport-fritid","10":"first","11":"instock","12":"sale","13":"taxable","14":"shipping-taxable","15":"purchasable","16":"product-type-simple"},"yoast_head":"<!-- This site is optimized with the Yoast SEO plugin v25.4 - https:\/\/yoast.com\/wordpress\/plugins\/seo\/ -->\n<title>TRUUSK Tr\u00e4ningscykel - Justerbar motst\u00e5ndsniv\u00e5 - LCD-sk\u00e4rm - Handpulssensorer - Sadel och styre justerbara - H\u00e5llare f\u00f6r - TRUUSK - Hem, Tr\u00e4dg\u00e5rd &amp; Fritid<\/title>\n<meta name=\"robots\" content=\"index, follow, max-snippet:-1, max-image-preview:large, max-video-preview:-1\" \/>\n<link rel=\"canonical\" href=\"https:\/\/truusk.store\/sv\/produkt\/truusk-traningscykel-justerbar-motstandsniva-lcd-skarm-handpulssensorer-sadel-och-styre-justerbara-hallare-for\/\" \/>\n<meta property=\"og:locale\" content=\"sv_SE\" \/>\n<meta property=\"og:type\" content=\"article\" \/>\n<meta property=\"og:title\" content=\"TRUUSK Tr\u00e4ningscykel - Justerbar motst\u00e5ndsniv\u00e5 - LCD-sk\u00e4rm - Handpulssensorer - Sadel och styre justerbara - H\u00e5llare f\u00f6r - TRUUSK - Hem, Tr\u00e4dg\u00e5rd &amp; Fritid\" \/>\n<meta property=\"og:description\" content=\"Med denna motionscykel kan du h\u00e5lla dig i form och frisk. Motionscykeln har en LCD-display som visar tid, hastighet, distans,...\" \/>\n<meta property=\"og:url\" content=\"https:\/\/truusk.store\/sv\/produkt\/truusk-traningscykel-justerbar-motstandsniva-lcd-skarm-handpulssensorer-sadel-och-styre-justerbara-hallare-for\/\" \/>\n<meta property=\"og:site_name\" content=\"TRUUSK - Hem, Tr\u00e4dg\u00e5rd &amp; Fritid\" \/>\n<meta property=\"article:modified_time\" content=\"2026-03-12T08:11:35+00:00\" \/>\n<meta property=\"og:image\" content=\"https:\/\/i0.wp.com\/truusk.se\/wp-content\/uploads\/2024\/02\/traningscykel-29.webp?fit=800%2C800&ssl=1\" \/>\n\t<meta property=\"og:image:width\" content=\"800\" \/>\n\t<meta property=\"og:image:height\" content=\"800\" \/>\n\t<meta property=\"og:image:type\" content=\"image\/webp\" \/>\n<meta name=\"twitter:card\" content=\"summary_large_image\" \/>\n<meta name=\"twitter:label1\" content=\"Ber\u00e4knad l\u00e4stid\" \/>\n\t<meta name=\"twitter:data1\" content=\"1 minut\" \/>\n<!-- \/ Yoast SEO plugin. -->","yoast_head_json":{"title":"TRUUSK Tr\u00e4ningscykel - Justerbar motst\u00e5ndsniv\u00e5 - LCD-sk\u00e4rm - Handpulssensorer - Sadel och styre justerbara - H\u00e5llare f\u00f6r - TRUUSK - Hem, Tr\u00e4dg\u00e5rd &amp; Fritid","robots":{"index":"index","follow":"follow","max-snippet":"max-snippet:-1","max-image-preview":"max-image-preview:large","max-video-preview":"max-video-preview:-1"},"canonical":"https:\/\/truusk.store\/sv\/produkt\/truusk-traningscykel-justerbar-motstandsniva-lcd-skarm-handpulssensorer-sadel-och-styre-justerbara-hallare-for\/","og_locale":"sv_SE","og_type":"article","og_title":"TRUUSK Tr\u00e4ningscykel - Justerbar motst\u00e5ndsniv\u00e5 - LCD-sk\u00e4rm - Handpulssensorer - Sadel och styre justerbara - H\u00e5llare f\u00f6r - TRUUSK - Hem, Tr\u00e4dg\u00e5rd &amp; Fritid","og_description":"Med denna motionscykel kan du h\u00e5lla dig i form och frisk. Motionscykeln har en LCD-display som visar tid, hastighet, distans,...","og_url":"https:\/\/truusk.store\/sv\/produkt\/truusk-traningscykel-justerbar-motstandsniva-lcd-skarm-handpulssensorer-sadel-och-styre-justerbara-hallare-for\/","og_site_name":"TRUUSK - Hem, Tr\u00e4dg\u00e5rd &amp; Fritid","article_modified_time":"2026-03-12T08:11:35+00:00","og_image":[{"width":800,"height":800,"url":"https:\/\/i0.wp.com\/truusk.se\/wp-content\/uploads\/2024\/02\/traningscykel-29.webp?fit=800%2C800&ssl=1","type":"image\/webp"}],"twitter_card":"summary_large_image","twitter_misc":{"Ber\u00e4knad l\u00e4stid":"1 minut"},"schema":{"@context":"https:\/\/schema.org","@graph":[{"@type":"WebPage","@id":"https:\/\/truusk.store\/sv\/produkt\/truusk-traningscykel-justerbar-motstandsniva-lcd-skarm-handpulssensorer-sadel-och-styre-justerbara-hallare-for\/","url":"https:\/\/truusk.store\/sv\/produkt\/truusk-traningscykel-justerbar-motstandsniva-lcd-skarm-handpulssensorer-sadel-och-styre-justerbara-hallare-for\/","name":"TRUUSK Tr\u00e4ningscykel - Justerbar motst\u00e5ndsniv\u00e5 - LCD-sk\u00e4rm - Handpulssensorer - Sadel och styre justerbara - H\u00e5llare f\u00f6r - TRUUSK - Hem, Tr\u00e4dg\u00e5rd &amp; Fritid","isPartOf":{"@id":"https:\/\/truusk.store\/sv\/#website"},"primaryImageOfPage":{"@id":"https:\/\/truusk.store\/sv\/produkt\/truusk-traningscykel-justerbar-motstandsniva-lcd-skarm-handpulssensorer-sadel-och-styre-justerbara-hallare-for\/#primaryimage"},"image":{"@id":"https:\/\/truusk.store\/sv\/produkt\/truusk-traningscykel-justerbar-motstandsniva-lcd-skarm-handpulssensorer-sadel-och-styre-justerbara-hallare-for\/#primaryimage"},"thumbnailUrl":"https:\/\/i0.wp.com\/truusk.store\/wp-content\/uploads\/2024\/02\/traningscykel-29.webp?fit=800%2C800&ssl=1","datePublished":"2024-02-13T22:25:47+00:00","dateModified":"2026-03-12T08:11:35+00:00","breadcrumb":{"@id":"https:\/\/truusk.store\/sv\/produkt\/truusk-traningscykel-justerbar-motstandsniva-lcd-skarm-handpulssensorer-sadel-och-styre-justerbara-hallare-for\/#breadcrumb"},"inLanguage":"sv-SE","potentialAction":[{"@type":"ReadAction","target":["https:\/\/truusk.store\/sv\/produkt\/truusk-traningscykel-justerbar-motstandsniva-lcd-skarm-handpulssensorer-sadel-och-styre-justerbara-hallare-for\/"]}]},{"@type":"ImageObject","inLanguage":"sv-SE","@id":"https:\/\/truusk.store\/sv\/produkt\/truusk-traningscykel-justerbar-motstandsniva-lcd-skarm-handpulssensorer-sadel-och-styre-justerbara-hallare-for\/#primaryimage","url":"https:\/\/i0.wp.com\/truusk.store\/wp-content\/uploads\/2024\/02\/traningscykel-29.webp?fit=800%2C800&ssl=1","contentUrl":"https:\/\/i0.wp.com\/truusk.store\/wp-content\/uploads\/2024\/02\/traningscykel-29.webp?fit=800%2C800&ssl=1","width":800,"height":800,"caption":"Tr\u00e4ningscykel 1"},{"@type":"BreadcrumbList","@id":"https:\/\/truusk.store\/sv\/produkt\/truusk-traningscykel-justerbar-motstandsniva-lcd-skarm-handpulssensorer-sadel-och-styre-justerbara-hallare-for\/#breadcrumb","itemListElement":[{"@type":"ListItem","position":1,"name":"Home","item":"https:\/\/truusk.store\/sv\/"},{"@type":"ListItem","position":2,"name":"Shop","item":"https:\/\/truusk.store\/shop\/"},{"@type":"ListItem","position":3,"name":"TRUUSK Tr\u00e4ningscykel &#8211; Justerbar motst\u00e5ndsniv\u00e5 &#8211; LCD-sk\u00e4rm &#8211; Handpulssensorer &#8211; Sadel och styre justerbara &#8211; H\u00e5llare f\u00f6r"}]},{"@type":"WebSite","@id":"https:\/\/truusk.store\/sv\/#website","url":"https:\/\/truusk.store\/sv\/","name":"TRUUSK - Hem, Tr\u00e4dg\u00e5rd & Fritid","description":"","publisher":{"@id":"https:\/\/truusk.store\/sv\/#organization"},"potentialAction":[{"@type":"SearchAction","target":{"@type":"EntryPoint","urlTemplate":"https:\/\/truusk.store\/sv\/?s={search_term_string}"},"query-input":{"@type":"PropertyValueSpecification","valueRequired":true,"valueName":"search_term_string"}}],"inLanguage":"sv-SE"},{"@type":"Organization","@id":"https:\/\/truusk.store\/sv\/#organization","name":"TRUUSK - Hem, Tr\u00e4dg\u00e5rd & Fritid","url":"https:\/\/truusk.store\/sv\/","logo":{"@type":"ImageObject","inLanguage":"sv-SE","@id":"https:\/\/truusk.store\/sv\/#\/schema\/logo\/image\/","url":"https:\/\/i0.wp.com\/truusk.store\/wp-content\/uploads\/2026\/03\/cropped-TRUUSK.png?fit=2032%2C917&ssl=1","contentUrl":"https:\/\/i0.wp.com\/truusk.store\/wp-content\/uploads\/2026\/03\/cropped-TRUUSK.png?fit=2032%2C917&ssl=1","width":2032,"height":917,"caption":"TRUUSK - Hem, Tr\u00e4dg\u00e5rd & Fritid"},"image":{"@id":"https:\/\/truusk.store\/sv\/#\/schema\/logo\/image\/"}}]}},"jetpack_sharing_enabled":true,"_links":{"self":[{"href":"https:\/\/truusk.store\/sv\/wp-json\/wp\/v2\/product\/34998","targetHints":{"allow":["GET"]}}],"collection":[{"href":"https:\/\/truusk.store\/sv\/wp-json\/wp\/v2\/product"}],"about":[{"href":"https:\/\/truusk.store\/sv\/wp-json\/wp\/v2\/types\/product"}],"wp:featuredmedia":[{"embeddable":true,"href":"https:\/\/truusk.store\/sv\/wp-json\/wp\/v2\/media\/34999"}],"wp:attachment":[{"href":"https:\/\/truusk.store\/sv\/wp-json\/wp\/v2\/media?parent=34998"}],"wp:term":[{"taxonomy":"product_brand","embeddable":true,"href":"https:\/\/truusk.store\/sv\/wp-json\/wp\/v2\/product_brand?post=34998"},{"taxonomy":"product_cat","embeddable":true,"href":"https:\/\/truusk.store\/sv\/wp-json\/wp\/v2\/product_cat?post=34998"},{"taxonomy":"product_tag","embeddable":true,"href":"https:\/\/truusk.store\/sv\/wp-json\/wp\/v2\/product_tag?post=34998"}],"curies":[{"name":"wp","href":"https:\/\/api.w.org\/{rel}","templated":true}]}}