{"id":35008,"date":"2024-02-13T23:26:07","date_gmt":"2024-02-13T22:26:07","guid":{"rendered":"https:\/\/truusk.store\/product\/katttradskrapstolpe-kattskrapstolpe-lektradskrapstolpe-med-plattform-sisal-plysch-ljusbla-45-x-45-x-91-cm\/"},"modified":"2026-03-12T09:11:35","modified_gmt":"2026-03-12T08:11:35","slug":"truusk-katttradskrapstolpe-lektrad-med-plattform-sisal-och-plysch-ljusbla-45-x-45-x-91-cm","status":"publish","type":"product","link":"https:\/\/truusk.store\/sv\/produkt\/truusk-katttradskrapstolpe-lektrad-med-plattform-sisal-och-plysch-ljusbla-45-x-45-x-91-cm\/","title":{"rendered":"TRUUSK Katttr\u00e4dskrapstolpe &#8211; Lektr\u00e4d med Plattform &#8211; Sisal och Plysch &#8211; Ljusbl\u00e5 &#8211; 45 x 45 x 91 cm"},"content":{"rendered":"<p>Tillfredsst\u00e4ll din katts naturliga instinkter p\u00e5 ett s\u00e4kert s\u00e4tt med detta skrapinl\u00e4gg! Detta multiaktivitetscenter har naturliga sisalt\u00e4ckta skrapstolpar och bekv\u00e4ma plattformar f\u00f6r att sitta, vila och leka. Dina katter kan spendera hela dagen p\u00e5 det. Det h\u00e4r skrapinl\u00e4gget erbjuder din katt mycket n\u00f6je och variation.<\/p>\n<h3>Beskrivning:<\/h3>\n<ul>\n<li>T\u00e4ckt med mjuk plysch och en mjuk kudde, dina katter kommer att \u00e4lska detta skrapstolpe och vila p\u00e5 det i timmar<\/li>\n<li>Den \u00f6vre sittplattformen med upph\u00f6jd kant erbjuder dina katter en bekv\u00e4m plats att koppla av<\/li>\n<li>Stolparna med sisalrep tillfredsst\u00e4ller dina katters \u00f6nskan att repa och skyddar dina m\u00f6bler fr\u00e5n repor<\/li>\n<li>Multiaktivitetsskrapstolpen \u00e4r tillverkad av h\u00f6gkvalitativ sp\u00e5nskiva av klass E1<\/li>\n<li>Eleganta gr\u00e5toner passar bra med den befintliga inredningen i ditt hem<\/li>\n<li>Enkel montering kr\u00e4vs<\/li>\n<\/ul>\n<h3>Teknisk data:<\/h3>\n<ul>\n<li>F\u00e4rg: ljusbl\u00e5<\/li>\n<li>Material: E1 sp\u00e5nskiva, plysch, sisal<\/li>\n<li>Totala m\u00e5tt: 45L x 45W x 91H cm<\/li>\n<li>\u00d6vre plattformsstorlek: 45L x 36W x 8H cm<\/li>\n<li>Nedre plattformsstorlek: 45L x 45W cm<\/li>\n<li>Mellanplattformens storlek: 35,5 cm<\/li>\n<li>M\u00e5tt (kattpelare): 16,5 cm<\/li>\n<li>Lastkapacitet: 30 kg<\/li>\n<\/ul>\n<h3>Leveransens omfattning:<\/h3>\n<ul>\n<li>1 x skrapstolpe<\/li>\n<li>1 x Instruktioner<\/li>\n<\/ul>\n","protected":false},"excerpt":{"rendered":"<p>Tillfredsst\u00e4ll din katts naturliga instinkter p\u00e5 ett s\u00e4kert s\u00e4tt med detta skrapinl\u00e4gg! Detta multiaktivitetscenter har naturliga sisalt\u00e4ckta skrapstolpar och bekv\u00e4ma&#8230;<\/p>\n","protected":false},"featured_media":35009,"template":"","meta":[],"product_brand":[],"product_cat":[573,588,589],"product_tag":[],"class_list":{"0":"post-35008","1":"product","2":"type-product","3":"status-publish","4":"has-post-thumbnail","6":"product_cat-husdjursmaterial","7":"product_cat-katttillbehor","8":"product_cat-skrapande-inlagg","10":"first","11":"instock","12":"sale","13":"taxable","14":"shipping-taxable","15":"purchasable","16":"product-type-simple"},"yoast_head":"<!-- This site is optimized with the Yoast SEO plugin v25.4 - https:\/\/yoast.com\/wordpress\/plugins\/seo\/ -->\n<title>TRUUSK Katttr\u00e4dskrapstolpe - Lektr\u00e4d med Plattform - Sisal och Plysch - Ljusbl\u00e5 - 45 x 45 x 91 cm - TRUUSK - Hem, Tr\u00e4dg\u00e5rd &amp; Fritid<\/title>\n<meta name=\"robots\" content=\"index, follow, max-snippet:-1, max-image-preview:large, max-video-preview:-1\" \/>\n<link rel=\"canonical\" href=\"https:\/\/truusk.store\/sv\/produkt\/truusk-katttradskrapstolpe-lektrad-med-plattform-sisal-och-plysch-ljusbla-45-x-45-x-91-cm\/\" \/>\n<meta property=\"og:locale\" content=\"sv_SE\" \/>\n<meta property=\"og:type\" content=\"article\" \/>\n<meta property=\"og:title\" content=\"TRUUSK Katttr\u00e4dskrapstolpe - Lektr\u00e4d med Plattform - Sisal och Plysch - Ljusbl\u00e5 - 45 x 45 x 91 cm - TRUUSK - Hem, Tr\u00e4dg\u00e5rd &amp; Fritid\" \/>\n<meta property=\"og:description\" content=\"Tillfredsst\u00e4ll din katts naturliga instinkter p\u00e5 ett s\u00e4kert s\u00e4tt med detta skrapinl\u00e4gg! Detta multiaktivitetscenter har naturliga sisalt\u00e4ckta skrapstolpar och bekv\u00e4ma...\" \/>\n<meta property=\"og:url\" content=\"https:\/\/truusk.store\/sv\/produkt\/truusk-katttradskrapstolpe-lektrad-med-plattform-sisal-och-plysch-ljusbla-45-x-45-x-91-cm\/\" \/>\n<meta property=\"og:site_name\" content=\"TRUUSK - Hem, Tr\u00e4dg\u00e5rd &amp; Fritid\" \/>\n<meta property=\"article:modified_time\" content=\"2026-03-12T08:11:35+00:00\" \/>\n<meta property=\"og:image\" content=\"https:\/\/i0.wp.com\/truusk.se\/wp-content\/uploads\/2024\/02\/katttradskrapstolpe-kattskrapstolpe-lektradskrapstolpe-med-plattform-sisal-plysch-ljusbla-45-x-45-x-91-cm-9.webp?fit=800%2C800&ssl=1\" \/>\n\t<meta property=\"og:image:width\" content=\"800\" \/>\n\t<meta property=\"og:image:height\" content=\"800\" \/>\n\t<meta property=\"og:image:type\" content=\"image\/webp\" \/>\n<meta name=\"twitter:card\" content=\"summary_large_image\" \/>\n<meta name=\"twitter:label1\" content=\"Ber\u00e4knad l\u00e4stid\" \/>\n\t<meta name=\"twitter:data1\" content=\"1 minut\" \/>\n<!-- \/ Yoast SEO plugin. -->","yoast_head_json":{"title":"TRUUSK Katttr\u00e4dskrapstolpe - Lektr\u00e4d med Plattform - Sisal och Plysch - Ljusbl\u00e5 - 45 x 45 x 91 cm - TRUUSK - Hem, Tr\u00e4dg\u00e5rd &amp; Fritid","robots":{"index":"index","follow":"follow","max-snippet":"max-snippet:-1","max-image-preview":"max-image-preview:large","max-video-preview":"max-video-preview:-1"},"canonical":"https:\/\/truusk.store\/sv\/produkt\/truusk-katttradskrapstolpe-lektrad-med-plattform-sisal-och-plysch-ljusbla-45-x-45-x-91-cm\/","og_locale":"sv_SE","og_type":"article","og_title":"TRUUSK Katttr\u00e4dskrapstolpe - Lektr\u00e4d med Plattform - Sisal och Plysch - Ljusbl\u00e5 - 45 x 45 x 91 cm - TRUUSK - Hem, Tr\u00e4dg\u00e5rd &amp; Fritid","og_description":"Tillfredsst\u00e4ll din katts naturliga instinkter p\u00e5 ett s\u00e4kert s\u00e4tt med detta skrapinl\u00e4gg! Detta multiaktivitetscenter har naturliga sisalt\u00e4ckta skrapstolpar och bekv\u00e4ma...","og_url":"https:\/\/truusk.store\/sv\/produkt\/truusk-katttradskrapstolpe-lektrad-med-plattform-sisal-och-plysch-ljusbla-45-x-45-x-91-cm\/","og_site_name":"TRUUSK - Hem, Tr\u00e4dg\u00e5rd &amp; Fritid","article_modified_time":"2026-03-12T08:11:35+00:00","og_image":[{"width":800,"height":800,"url":"https:\/\/i0.wp.com\/truusk.se\/wp-content\/uploads\/2024\/02\/katttradskrapstolpe-kattskrapstolpe-lektradskrapstolpe-med-plattform-sisal-plysch-ljusbla-45-x-45-x-91-cm-9.webp?fit=800%2C800&ssl=1","type":"image\/webp"}],"twitter_card":"summary_large_image","twitter_misc":{"Ber\u00e4knad l\u00e4stid":"1 minut"},"schema":{"@context":"https:\/\/schema.org","@graph":[{"@type":"WebPage","@id":"https:\/\/truusk.store\/sv\/produkt\/truusk-katttradskrapstolpe-lektrad-med-plattform-sisal-och-plysch-ljusbla-45-x-45-x-91-cm\/","url":"https:\/\/truusk.store\/sv\/produkt\/truusk-katttradskrapstolpe-lektrad-med-plattform-sisal-och-plysch-ljusbla-45-x-45-x-91-cm\/","name":"TRUUSK Katttr\u00e4dskrapstolpe - Lektr\u00e4d med Plattform - Sisal och Plysch - Ljusbl\u00e5 - 45 x 45 x 91 cm - TRUUSK - Hem, Tr\u00e4dg\u00e5rd &amp; Fritid","isPartOf":{"@id":"https:\/\/truusk.store\/sv\/#website"},"primaryImageOfPage":{"@id":"https:\/\/truusk.store\/sv\/produkt\/truusk-katttradskrapstolpe-lektrad-med-plattform-sisal-och-plysch-ljusbla-45-x-45-x-91-cm\/#primaryimage"},"image":{"@id":"https:\/\/truusk.store\/sv\/produkt\/truusk-katttradskrapstolpe-lektrad-med-plattform-sisal-och-plysch-ljusbla-45-x-45-x-91-cm\/#primaryimage"},"thumbnailUrl":"https:\/\/i0.wp.com\/truusk.store\/wp-content\/uploads\/2024\/02\/katttradskrapstolpe-kattskrapstolpe-lektradskrapstolpe-med-plattform-sisal-plysch-ljusbla-45-x-45-x-91-cm-9.webp?fit=800%2C800&ssl=1","datePublished":"2024-02-13T22:26:07+00:00","dateModified":"2026-03-12T08:11:35+00:00","breadcrumb":{"@id":"https:\/\/truusk.store\/sv\/produkt\/truusk-katttradskrapstolpe-lektrad-med-plattform-sisal-och-plysch-ljusbla-45-x-45-x-91-cm\/#breadcrumb"},"inLanguage":"sv-SE","potentialAction":[{"@type":"ReadAction","target":["https:\/\/truusk.store\/sv\/produkt\/truusk-katttradskrapstolpe-lektrad-med-plattform-sisal-och-plysch-ljusbla-45-x-45-x-91-cm\/"]}]},{"@type":"ImageObject","inLanguage":"sv-SE","@id":"https:\/\/truusk.store\/sv\/produkt\/truusk-katttradskrapstolpe-lektrad-med-plattform-sisal-och-plysch-ljusbla-45-x-45-x-91-cm\/#primaryimage","url":"https:\/\/i0.wp.com\/truusk.store\/wp-content\/uploads\/2024\/02\/katttradskrapstolpe-kattskrapstolpe-lektradskrapstolpe-med-plattform-sisal-plysch-ljusbla-45-x-45-x-91-cm-9.webp?fit=800%2C800&ssl=1","contentUrl":"https:\/\/i0.wp.com\/truusk.store\/wp-content\/uploads\/2024\/02\/katttradskrapstolpe-kattskrapstolpe-lektradskrapstolpe-med-plattform-sisal-plysch-ljusbla-45-x-45-x-91-cm-9.webp?fit=800%2C800&ssl=1","width":800,"height":800,"caption":"Katttr\u00e4dskrapstolpe Kattskrapstolpe Lektr\u00e4dskrapstolpe Med Plattform Sisal Plysch Ljusbl\u00e5 45 X 45 X 91 Cm 1"},{"@type":"BreadcrumbList","@id":"https:\/\/truusk.store\/sv\/produkt\/truusk-katttradskrapstolpe-lektrad-med-plattform-sisal-och-plysch-ljusbla-45-x-45-x-91-cm\/#breadcrumb","itemListElement":[{"@type":"ListItem","position":1,"name":"Home","item":"https:\/\/truusk.store\/sv\/"},{"@type":"ListItem","position":2,"name":"Shop","item":"https:\/\/truusk.store\/shop\/"},{"@type":"ListItem","position":3,"name":"TRUUSK Katttr\u00e4dskrapstolpe &#8211; Lektr\u00e4d med Plattform &#8211; Sisal och Plysch &#8211; Ljusbl\u00e5 &#8211; 45 x 45 x 91 cm"}]},{"@type":"WebSite","@id":"https:\/\/truusk.store\/sv\/#website","url":"https:\/\/truusk.store\/sv\/","name":"TRUUSK - Hem, Tr\u00e4dg\u00e5rd & Fritid","description":"","publisher":{"@id":"https:\/\/truusk.store\/sv\/#organization"},"potentialAction":[{"@type":"SearchAction","target":{"@type":"EntryPoint","urlTemplate":"https:\/\/truusk.store\/sv\/?s={search_term_string}"},"query-input":{"@type":"PropertyValueSpecification","valueRequired":true,"valueName":"search_term_string"}}],"inLanguage":"sv-SE"},{"@type":"Organization","@id":"https:\/\/truusk.store\/sv\/#organization","name":"TRUUSK - Hem, Tr\u00e4dg\u00e5rd & Fritid","url":"https:\/\/truusk.store\/sv\/","logo":{"@type":"ImageObject","inLanguage":"sv-SE","@id":"https:\/\/truusk.store\/sv\/#\/schema\/logo\/image\/","url":"https:\/\/i0.wp.com\/truusk.store\/wp-content\/uploads\/2026\/03\/cropped-TRUUSK.png?fit=2032%2C917&ssl=1","contentUrl":"https:\/\/i0.wp.com\/truusk.store\/wp-content\/uploads\/2026\/03\/cropped-TRUUSK.png?fit=2032%2C917&ssl=1","width":2032,"height":917,"caption":"TRUUSK - Hem, Tr\u00e4dg\u00e5rd & Fritid"},"image":{"@id":"https:\/\/truusk.store\/sv\/#\/schema\/logo\/image\/"}}]}},"jetpack_sharing_enabled":true,"_links":{"self":[{"href":"https:\/\/truusk.store\/sv\/wp-json\/wp\/v2\/product\/35008","targetHints":{"allow":["GET"]}}],"collection":[{"href":"https:\/\/truusk.store\/sv\/wp-json\/wp\/v2\/product"}],"about":[{"href":"https:\/\/truusk.store\/sv\/wp-json\/wp\/v2\/types\/product"}],"wp:featuredmedia":[{"embeddable":true,"href":"https:\/\/truusk.store\/sv\/wp-json\/wp\/v2\/media\/35009"}],"wp:attachment":[{"href":"https:\/\/truusk.store\/sv\/wp-json\/wp\/v2\/media?parent=35008"}],"wp:term":[{"taxonomy":"product_brand","embeddable":true,"href":"https:\/\/truusk.store\/sv\/wp-json\/wp\/v2\/product_brand?post=35008"},{"taxonomy":"product_cat","embeddable":true,"href":"https:\/\/truusk.store\/sv\/wp-json\/wp\/v2\/product_cat?post=35008"},{"taxonomy":"product_tag","embeddable":true,"href":"https:\/\/truusk.store\/sv\/wp-json\/wp\/v2\/product_tag?post=35008"}],"curies":[{"name":"wp","href":"https:\/\/api.w.org\/{rel}","templated":true}]}}