{"id":35028,"date":"2024-02-13T23:26:49","date_gmt":"2024-02-13T22:26:49","guid":{"rendered":"https:\/\/truusk.store\/product\/rottingkattkorg-katt-grotta-kattsang-kattsang-med-kudde-upphojd-design-djursang-kramvit-45-x-57h-cm\/"},"modified":"2026-03-12T09:12:07","modified_gmt":"2026-03-12T08:12:07","slug":"truusk-rotting-kattkorg-katt-grotta-kattsang-med-kudde-upphojd-design-djursang-kramvit-45-x-57h-cm","status":"publish","type":"product","link":"https:\/\/truusk.store\/sv\/produkt\/truusk-rotting-kattkorg-katt-grotta-kattsang-med-kudde-upphojd-design-djursang-kramvit-45-x-57h-cm\/","title":{"rendered":"TRUUSK Rotting Kattkorg &#8211; Katt Grotta &#8211; Katts\u00e4ng med Kudde &#8211; Upph\u00f6jd Design &#8211; Djurs\u00e4ng &#8211; Kr\u00e4mvit &#8211; 45 x 57H cm"},"content":{"rendered":"<p>Ge din katt det ultimata utrymmet att kalla sin egen med denna kattkorg. Dess stora och rundade design ger ditt husdjur gott om utrymme inuti och en stor vadderad kudde i botten, gjord av polyester och en bomullsblandning, s\u00e4kerst\u00e4ller stor komfort. Ramen \u00e4r gjord av v\u00e4vt st\u00e5l och rotting, med genomg\u00e5ende h\u00e5l och den upph\u00f6jda designen som till\u00e5ter luft att passera igenom.<\/p>\n<h3>Beskrivning:<\/h3>\n<ul>\n<li>St\u00e5lram f\u00f6r en robust och motst\u00e5ndskraftig struktur, kl\u00e4dd i vacker PE-rotting<\/li>\n<li>Innerkudde f\u00f6r mer komfort. Maskintv\u00e4ttbar<\/li>\n<li>Upph\u00f6jda ben, ingen direktkontakt mellan golvet och katthuset<\/li>\n<li>L\u00e4mplig f\u00f6r katter som v\u00e4ger mindre \u00e4n 5 kg<\/li>\n<li>Ingen montering kr\u00e4vs<\/li>\n<\/ul>\n<h3>Teknisk data:<\/h3>\n<ul>\n<li>F\u00e4rg: kr\u00e4mvit<\/li>\n<li>Material: PE rotting, st\u00e5l<\/li>\n<li>Totalm\u00e5tt: 45 x 57H cm<\/li>\n<li>D\u00f6rrens m\u00e5tt: 30 cm<\/li>\n<li>M\u00e5tt p\u00e5 kuddarna: 47 x 4T cm<\/li>\n<li>Golv till golv: 10H cm<\/li>\n<\/ul>\n<h3>Leveransens omfattning:<\/h3>\n<ul>\n<li>1 x katthus;<\/li>\n<\/ul>\n","protected":false},"excerpt":{"rendered":"<p>Ge din katt det ultimata utrymmet att kalla sin egen med denna kattkorg. Dess stora och rundade design ger ditt&#8230;<\/p>\n","protected":false},"featured_media":35029,"template":"","meta":[],"product_brand":[],"product_cat":[573,590,588],"product_tag":[],"class_list":{"0":"post-35028","1":"product","2":"type-product","3":"status-publish","4":"has-post-thumbnail","6":"product_cat-husdjursmaterial","7":"product_cat-kattgrottor-kattsangar","8":"product_cat-katttillbehor","10":"first","11":"instock","12":"sale","13":"taxable","14":"shipping-taxable","15":"purchasable","16":"product-type-simple"},"yoast_head":"<!-- This site is optimized with the Yoast SEO plugin v25.4 - https:\/\/yoast.com\/wordpress\/plugins\/seo\/ -->\n<title>TRUUSK Rotting Kattkorg - Katt Grotta - Katts\u00e4ng med Kudde - Upph\u00f6jd Design - Djurs\u00e4ng - Kr\u00e4mvit - 45 x 57H cm - TRUUSK - Hem, Tr\u00e4dg\u00e5rd &amp; Fritid<\/title>\n<meta name=\"robots\" content=\"index, follow, max-snippet:-1, max-image-preview:large, max-video-preview:-1\" \/>\n<link rel=\"canonical\" href=\"https:\/\/truusk.store\/sv\/produkt\/truusk-rotting-kattkorg-katt-grotta-kattsang-med-kudde-upphojd-design-djursang-kramvit-45-x-57h-cm\/\" \/>\n<meta property=\"og:locale\" content=\"sv_SE\" \/>\n<meta property=\"og:type\" content=\"article\" \/>\n<meta property=\"og:title\" content=\"TRUUSK Rotting Kattkorg - Katt Grotta - Katts\u00e4ng med Kudde - Upph\u00f6jd Design - Djurs\u00e4ng - Kr\u00e4mvit - 45 x 57H cm - TRUUSK - Hem, Tr\u00e4dg\u00e5rd &amp; Fritid\" \/>\n<meta property=\"og:description\" content=\"Ge din katt det ultimata utrymmet att kalla sin egen med denna kattkorg. Dess stora och rundade design ger ditt...\" \/>\n<meta property=\"og:url\" content=\"https:\/\/truusk.store\/sv\/produkt\/truusk-rotting-kattkorg-katt-grotta-kattsang-med-kudde-upphojd-design-djursang-kramvit-45-x-57h-cm\/\" \/>\n<meta property=\"og:site_name\" content=\"TRUUSK - Hem, Tr\u00e4dg\u00e5rd &amp; Fritid\" \/>\n<meta property=\"article:modified_time\" content=\"2026-03-12T08:12:07+00:00\" \/>\n<meta property=\"og:image\" content=\"https:\/\/i0.wp.com\/truusk.se\/wp-content\/uploads\/2024\/02\/rottingkattkorg-katt-grotta-kattsang-kattsang-med-kudde-upphojd-design-djursang-kramvit-45-x-57h-cm.webp?fit=800%2C800&ssl=1\" \/>\n\t<meta property=\"og:image:width\" content=\"800\" \/>\n\t<meta property=\"og:image:height\" content=\"800\" \/>\n\t<meta property=\"og:image:type\" content=\"image\/webp\" \/>\n<meta name=\"twitter:card\" content=\"summary_large_image\" \/>\n<meta name=\"twitter:label1\" content=\"Ber\u00e4knad l\u00e4stid\" \/>\n\t<meta name=\"twitter:data1\" content=\"1 minut\" \/>\n<!-- \/ Yoast SEO plugin. -->","yoast_head_json":{"title":"TRUUSK Rotting Kattkorg - Katt Grotta - Katts\u00e4ng med Kudde - Upph\u00f6jd Design - Djurs\u00e4ng - Kr\u00e4mvit - 45 x 57H cm - TRUUSK - Hem, Tr\u00e4dg\u00e5rd &amp; Fritid","robots":{"index":"index","follow":"follow","max-snippet":"max-snippet:-1","max-image-preview":"max-image-preview:large","max-video-preview":"max-video-preview:-1"},"canonical":"https:\/\/truusk.store\/sv\/produkt\/truusk-rotting-kattkorg-katt-grotta-kattsang-med-kudde-upphojd-design-djursang-kramvit-45-x-57h-cm\/","og_locale":"sv_SE","og_type":"article","og_title":"TRUUSK Rotting Kattkorg - Katt Grotta - Katts\u00e4ng med Kudde - Upph\u00f6jd Design - Djurs\u00e4ng - Kr\u00e4mvit - 45 x 57H cm - TRUUSK - Hem, Tr\u00e4dg\u00e5rd &amp; Fritid","og_description":"Ge din katt det ultimata utrymmet att kalla sin egen med denna kattkorg. Dess stora och rundade design ger ditt...","og_url":"https:\/\/truusk.store\/sv\/produkt\/truusk-rotting-kattkorg-katt-grotta-kattsang-med-kudde-upphojd-design-djursang-kramvit-45-x-57h-cm\/","og_site_name":"TRUUSK - Hem, Tr\u00e4dg\u00e5rd &amp; Fritid","article_modified_time":"2026-03-12T08:12:07+00:00","og_image":[{"width":800,"height":800,"url":"https:\/\/i0.wp.com\/truusk.se\/wp-content\/uploads\/2024\/02\/rottingkattkorg-katt-grotta-kattsang-kattsang-med-kudde-upphojd-design-djursang-kramvit-45-x-57h-cm.webp?fit=800%2C800&ssl=1","type":"image\/webp"}],"twitter_card":"summary_large_image","twitter_misc":{"Ber\u00e4knad l\u00e4stid":"1 minut"},"schema":{"@context":"https:\/\/schema.org","@graph":[{"@type":"WebPage","@id":"https:\/\/truusk.store\/sv\/produkt\/truusk-rotting-kattkorg-katt-grotta-kattsang-med-kudde-upphojd-design-djursang-kramvit-45-x-57h-cm\/","url":"https:\/\/truusk.store\/sv\/produkt\/truusk-rotting-kattkorg-katt-grotta-kattsang-med-kudde-upphojd-design-djursang-kramvit-45-x-57h-cm\/","name":"TRUUSK Rotting Kattkorg - Katt Grotta - Katts\u00e4ng med Kudde - Upph\u00f6jd Design - Djurs\u00e4ng - Kr\u00e4mvit - 45 x 57H cm - TRUUSK - Hem, Tr\u00e4dg\u00e5rd &amp; Fritid","isPartOf":{"@id":"https:\/\/truusk.store\/sv\/#website"},"primaryImageOfPage":{"@id":"https:\/\/truusk.store\/sv\/produkt\/truusk-rotting-kattkorg-katt-grotta-kattsang-med-kudde-upphojd-design-djursang-kramvit-45-x-57h-cm\/#primaryimage"},"image":{"@id":"https:\/\/truusk.store\/sv\/produkt\/truusk-rotting-kattkorg-katt-grotta-kattsang-med-kudde-upphojd-design-djursang-kramvit-45-x-57h-cm\/#primaryimage"},"thumbnailUrl":"https:\/\/i0.wp.com\/truusk.store\/wp-content\/uploads\/2024\/02\/rottingkattkorg-katt-grotta-kattsang-kattsang-med-kudde-upphojd-design-djursang-kramvit-45-x-57h-cm.webp?fit=800%2C800&ssl=1","datePublished":"2024-02-13T22:26:49+00:00","dateModified":"2026-03-12T08:12:07+00:00","breadcrumb":{"@id":"https:\/\/truusk.store\/sv\/produkt\/truusk-rotting-kattkorg-katt-grotta-kattsang-med-kudde-upphojd-design-djursang-kramvit-45-x-57h-cm\/#breadcrumb"},"inLanguage":"sv-SE","potentialAction":[{"@type":"ReadAction","target":["https:\/\/truusk.store\/sv\/produkt\/truusk-rotting-kattkorg-katt-grotta-kattsang-med-kudde-upphojd-design-djursang-kramvit-45-x-57h-cm\/"]}]},{"@type":"ImageObject","inLanguage":"sv-SE","@id":"https:\/\/truusk.store\/sv\/produkt\/truusk-rotting-kattkorg-katt-grotta-kattsang-med-kudde-upphojd-design-djursang-kramvit-45-x-57h-cm\/#primaryimage","url":"https:\/\/i0.wp.com\/truusk.store\/wp-content\/uploads\/2024\/02\/rottingkattkorg-katt-grotta-kattsang-kattsang-med-kudde-upphojd-design-djursang-kramvit-45-x-57h-cm.webp?fit=800%2C800&ssl=1","contentUrl":"https:\/\/i0.wp.com\/truusk.store\/wp-content\/uploads\/2024\/02\/rottingkattkorg-katt-grotta-kattsang-kattsang-med-kudde-upphojd-design-djursang-kramvit-45-x-57h-cm.webp?fit=800%2C800&ssl=1","width":800,"height":800,"caption":"Rottingkattkorg Katt Grotta Katts\u00e4ng Katts\u00e4ng Med Kudde Upph\u00f6jd Design Djurs\u00e4ng Kr\u00e4mvit 45 X 57H Cm 1"},{"@type":"BreadcrumbList","@id":"https:\/\/truusk.store\/sv\/produkt\/truusk-rotting-kattkorg-katt-grotta-kattsang-med-kudde-upphojd-design-djursang-kramvit-45-x-57h-cm\/#breadcrumb","itemListElement":[{"@type":"ListItem","position":1,"name":"Home","item":"https:\/\/truusk.store\/sv\/"},{"@type":"ListItem","position":2,"name":"Shop","item":"https:\/\/truusk.store\/shop\/"},{"@type":"ListItem","position":3,"name":"TRUUSK Rotting Kattkorg &#8211; Katt Grotta &#8211; Katts\u00e4ng med Kudde &#8211; Upph\u00f6jd Design &#8211; Djurs\u00e4ng &#8211; Kr\u00e4mvit &#8211; 45 x 57H cm"}]},{"@type":"WebSite","@id":"https:\/\/truusk.store\/sv\/#website","url":"https:\/\/truusk.store\/sv\/","name":"TRUUSK - Hem, Tr\u00e4dg\u00e5rd & Fritid","description":"","publisher":{"@id":"https:\/\/truusk.store\/sv\/#organization"},"potentialAction":[{"@type":"SearchAction","target":{"@type":"EntryPoint","urlTemplate":"https:\/\/truusk.store\/sv\/?s={search_term_string}"},"query-input":{"@type":"PropertyValueSpecification","valueRequired":true,"valueName":"search_term_string"}}],"inLanguage":"sv-SE"},{"@type":"Organization","@id":"https:\/\/truusk.store\/sv\/#organization","name":"TRUUSK - Hem, Tr\u00e4dg\u00e5rd & Fritid","url":"https:\/\/truusk.store\/sv\/","logo":{"@type":"ImageObject","inLanguage":"sv-SE","@id":"https:\/\/truusk.store\/sv\/#\/schema\/logo\/image\/","url":"https:\/\/i0.wp.com\/truusk.store\/wp-content\/uploads\/2026\/03\/cropped-TRUUSK.png?fit=2032%2C917&ssl=1","contentUrl":"https:\/\/i0.wp.com\/truusk.store\/wp-content\/uploads\/2026\/03\/cropped-TRUUSK.png?fit=2032%2C917&ssl=1","width":2032,"height":917,"caption":"TRUUSK - Hem, Tr\u00e4dg\u00e5rd & Fritid"},"image":{"@id":"https:\/\/truusk.store\/sv\/#\/schema\/logo\/image\/"}}]}},"jetpack_sharing_enabled":true,"_links":{"self":[{"href":"https:\/\/truusk.store\/sv\/wp-json\/wp\/v2\/product\/35028","targetHints":{"allow":["GET"]}}],"collection":[{"href":"https:\/\/truusk.store\/sv\/wp-json\/wp\/v2\/product"}],"about":[{"href":"https:\/\/truusk.store\/sv\/wp-json\/wp\/v2\/types\/product"}],"wp:featuredmedia":[{"embeddable":true,"href":"https:\/\/truusk.store\/sv\/wp-json\/wp\/v2\/media\/35029"}],"wp:attachment":[{"href":"https:\/\/truusk.store\/sv\/wp-json\/wp\/v2\/media?parent=35028"}],"wp:term":[{"taxonomy":"product_brand","embeddable":true,"href":"https:\/\/truusk.store\/sv\/wp-json\/wp\/v2\/product_brand?post=35028"},{"taxonomy":"product_cat","embeddable":true,"href":"https:\/\/truusk.store\/sv\/wp-json\/wp\/v2\/product_cat?post=35028"},{"taxonomy":"product_tag","embeddable":true,"href":"https:\/\/truusk.store\/sv\/wp-json\/wp\/v2\/product_tag?post=35028"}],"curies":[{"name":"wp","href":"https:\/\/api.w.org\/{rel}","templated":true}]}}