{"id":35037,"date":"2024-02-13T23:27:08","date_gmt":"2024-02-13T22:27:08","guid":{"rendered":"https:\/\/truusk.store\/product\/golvsoffa-hopfallbar-sovstol-golvstol-5-vanings-justerbar-hopfallbar-stol-baddsoffa-baddsoffa-enkelsoffa-morkbla-61-x-73-x-58-cm\/"},"modified":"2026-03-12T09:12:12","modified_gmt":"2026-03-12T08:12:12","slug":"truusk-hopfallbar-golvsoffa-justerbar-i-5-lagen-morkbla-enkel-att-falla-ihop-perfekt-for-vila-och-avkoppling-matt-61-x","status":"publish","type":"product","link":"https:\/\/truusk.store\/sv\/produkt\/truusk-hopfallbar-golvsoffa-justerbar-i-5-lagen-morkbla-enkel-att-falla-ihop-perfekt-for-vila-och-avkoppling-matt-61-x\/","title":{"rendered":"TRUUSK Hopf\u00e4llbar Golvsoffa &#8211; Justerbar i 5 l\u00e4gen &#8211; M\u00f6rkbl\u00e5 &#8211; Enkel att f\u00e4lla ihop &#8211; Perfekt f\u00f6r vila och avkoppling &#8211; M\u00e5tt 61 x"},"content":{"rendered":"<p>Med denna golvstol blir det extremt bekv\u00e4mt och bekv\u00e4mt att sitta p\u00e5 golvet! F\u00e5t\u00f6ljen \u00e4r utrustad med en robust metallram som s\u00e4kerst\u00e4ller stabilitet och det l\u00e4ttsk\u00f6tta, hudv\u00e4nliga linne\u00f6verdraget med gener\u00f6s stoppning s\u00e4kerst\u00e4ller enast\u00e5ende sitt- och liggkomfort. Ryggst\u00f6det \u00e4r justerbart i 5 olika l\u00e4gen och kan lutas upp till 180 grader, s\u00e5 att du snabbt kan f\u00f6rvandla stolen till en bekv\u00e4m solstol.<\/p>\n<h3>Beskrivning:<\/h3>\n<ul>\n<li>Kan anv\u00e4ndas p\u00e5 3 s\u00e4tt: som golvsoffa, vilstol och b\u00e4ddsoffa<\/li>\n<li>Ryggst\u00f6dets vinkel kan justeras i 5 niv\u00e5er fr\u00e5n 105 till 180<\/li>\n<li>Den tjocka skumstoppningen s\u00e4kerst\u00e4ller en bekv\u00e4m sittupplevelse<\/li>\n<li>Andningsbart tyg med linne\u00f6verdrag s\u00e4kerst\u00e4ller h\u00f6g komfort och l\u00e5ng livsl\u00e4ngd<\/li>\n<li>Robust metallram ger h\u00f6g stabilitet<\/li>\n<li>Praktisk hopf\u00e4llbar design m\u00f6jligg\u00f6r platsbesparande f\u00f6rvaring<\/li>\n<li>Linnetyg med fina s\u00f6mmar ger din atmosf\u00e4r en sofistikerad, estetisk touch<\/li>\n<li>Ingen montering kr\u00e4vs<\/li>\n<\/ul>\n<h3>Teknisk data:<\/h3>\n<ul>\n<li>m\u00f6rkbl\u00e5<\/li>\n<li>Material: Linneliknande polyester, skum<\/li>\n<li>Soffans m\u00e5tt: 61W x 73D x 58H cm<\/li>\n<li>M\u00e5tt s\u00e4ng: 61W x 210D x 11H cm<\/li>\n<li>Soffsitsens m\u00e5tt: 61W x 48D x 22H cm<\/li>\n<li>Soffsitsdjup: 12 cm<\/li>\n<li>Ryggst\u00f6dsm\u00e5tt: 61W x 58H cm<\/li>\n<li>Djup ryggst\u00f6d: 22 cm<\/li>\n<li>Lastkapacitet: 120 kg<\/li>\n<\/ul>\n<h3>Leveransens omfattning:<\/h3>\n<ul>\n<li>1 x Golvstol<\/li>\n<li>1 x Instruktioner<\/li>\n<\/ul>\n","protected":false},"excerpt":{"rendered":"<p>Med denna golvstol blir det extremt bekv\u00e4mt och bekv\u00e4mt att sitta p\u00e5 golvet! F\u00e5t\u00f6ljen \u00e4r utrustad med en robust metallram&#8230;<\/p>\n","protected":false},"featured_media":35038,"template":"","meta":[],"product_brand":[],"product_cat":[557,485,554],"product_tag":[],"class_list":{"0":"post-35037","1":"product","2":"type-product","3":"status-publish","4":"has-post-thumbnail","6":"product_cat-baddsoffor","7":"product_cat-hus-bo","8":"product_cat-soffor-soffor","10":"first","11":"instock","12":"sale","13":"taxable","14":"shipping-taxable","15":"purchasable","16":"product-type-simple"},"yoast_head":"<!-- This site is optimized with the Yoast SEO plugin v25.4 - https:\/\/yoast.com\/wordpress\/plugins\/seo\/ -->\n<title>TRUUSK Hopf\u00e4llbar Golvsoffa - Justerbar i 5 l\u00e4gen - M\u00f6rkbl\u00e5 - Enkel att f\u00e4lla ihop - Perfekt f\u00f6r vila och avkoppling - M\u00e5tt 61 x - TRUUSK - Hem, Tr\u00e4dg\u00e5rd &amp; Fritid<\/title>\n<meta name=\"robots\" content=\"index, follow, max-snippet:-1, max-image-preview:large, max-video-preview:-1\" \/>\n<link rel=\"canonical\" href=\"https:\/\/truusk.store\/sv\/produkt\/truusk-hopfallbar-golvsoffa-justerbar-i-5-lagen-morkbla-enkel-att-falla-ihop-perfekt-for-vila-och-avkoppling-matt-61-x\/\" \/>\n<meta property=\"og:locale\" content=\"sv_SE\" \/>\n<meta property=\"og:type\" content=\"article\" \/>\n<meta property=\"og:title\" content=\"TRUUSK Hopf\u00e4llbar Golvsoffa - Justerbar i 5 l\u00e4gen - M\u00f6rkbl\u00e5 - Enkel att f\u00e4lla ihop - Perfekt f\u00f6r vila och avkoppling - M\u00e5tt 61 x - TRUUSK - Hem, Tr\u00e4dg\u00e5rd &amp; Fritid\" \/>\n<meta property=\"og:description\" content=\"Med denna golvstol blir det extremt bekv\u00e4mt och bekv\u00e4mt att sitta p\u00e5 golvet! F\u00e5t\u00f6ljen \u00e4r utrustad med en robust metallram...\" \/>\n<meta property=\"og:url\" content=\"https:\/\/truusk.store\/sv\/produkt\/truusk-hopfallbar-golvsoffa-justerbar-i-5-lagen-morkbla-enkel-att-falla-ihop-perfekt-for-vila-och-avkoppling-matt-61-x\/\" \/>\n<meta property=\"og:site_name\" content=\"TRUUSK - Hem, Tr\u00e4dg\u00e5rd &amp; Fritid\" \/>\n<meta property=\"article:modified_time\" content=\"2026-03-12T08:12:12+00:00\" \/>\n<meta property=\"og:image\" content=\"https:\/\/i0.wp.com\/truusk.se\/wp-content\/uploads\/2024\/02\/golvsoffa-hopfallbar-sovstol-golvstol-5-vanings-justerbar-hopfallbar-stol-baddsoffa-baddsoffa-enkelsoffa-morkbla-61-x-73-x-58-cm.webp?fit=800%2C800&ssl=1\" \/>\n\t<meta property=\"og:image:width\" content=\"800\" \/>\n\t<meta property=\"og:image:height\" content=\"800\" \/>\n\t<meta property=\"og:image:type\" content=\"image\/webp\" \/>\n<meta name=\"twitter:card\" content=\"summary_large_image\" \/>\n<meta name=\"twitter:label1\" content=\"Ber\u00e4knad l\u00e4stid\" \/>\n\t<meta name=\"twitter:data1\" content=\"1 minut\" \/>\n<!-- \/ Yoast SEO plugin. -->","yoast_head_json":{"title":"TRUUSK Hopf\u00e4llbar Golvsoffa - Justerbar i 5 l\u00e4gen - M\u00f6rkbl\u00e5 - Enkel att f\u00e4lla ihop - Perfekt f\u00f6r vila och avkoppling - M\u00e5tt 61 x - TRUUSK - Hem, Tr\u00e4dg\u00e5rd &amp; Fritid","robots":{"index":"index","follow":"follow","max-snippet":"max-snippet:-1","max-image-preview":"max-image-preview:large","max-video-preview":"max-video-preview:-1"},"canonical":"https:\/\/truusk.store\/sv\/produkt\/truusk-hopfallbar-golvsoffa-justerbar-i-5-lagen-morkbla-enkel-att-falla-ihop-perfekt-for-vila-och-avkoppling-matt-61-x\/","og_locale":"sv_SE","og_type":"article","og_title":"TRUUSK Hopf\u00e4llbar Golvsoffa - Justerbar i 5 l\u00e4gen - M\u00f6rkbl\u00e5 - Enkel att f\u00e4lla ihop - Perfekt f\u00f6r vila och avkoppling - M\u00e5tt 61 x - TRUUSK - Hem, Tr\u00e4dg\u00e5rd &amp; Fritid","og_description":"Med denna golvstol blir det extremt bekv\u00e4mt och bekv\u00e4mt att sitta p\u00e5 golvet! F\u00e5t\u00f6ljen \u00e4r utrustad med en robust metallram...","og_url":"https:\/\/truusk.store\/sv\/produkt\/truusk-hopfallbar-golvsoffa-justerbar-i-5-lagen-morkbla-enkel-att-falla-ihop-perfekt-for-vila-och-avkoppling-matt-61-x\/","og_site_name":"TRUUSK - Hem, Tr\u00e4dg\u00e5rd &amp; Fritid","article_modified_time":"2026-03-12T08:12:12+00:00","og_image":[{"width":800,"height":800,"url":"https:\/\/i0.wp.com\/truusk.se\/wp-content\/uploads\/2024\/02\/golvsoffa-hopfallbar-sovstol-golvstol-5-vanings-justerbar-hopfallbar-stol-baddsoffa-baddsoffa-enkelsoffa-morkbla-61-x-73-x-58-cm.webp?fit=800%2C800&ssl=1","type":"image\/webp"}],"twitter_card":"summary_large_image","twitter_misc":{"Ber\u00e4knad l\u00e4stid":"1 minut"},"schema":{"@context":"https:\/\/schema.org","@graph":[{"@type":"WebPage","@id":"https:\/\/truusk.store\/sv\/produkt\/truusk-hopfallbar-golvsoffa-justerbar-i-5-lagen-morkbla-enkel-att-falla-ihop-perfekt-for-vila-och-avkoppling-matt-61-x\/","url":"https:\/\/truusk.store\/sv\/produkt\/truusk-hopfallbar-golvsoffa-justerbar-i-5-lagen-morkbla-enkel-att-falla-ihop-perfekt-for-vila-och-avkoppling-matt-61-x\/","name":"TRUUSK Hopf\u00e4llbar Golvsoffa - Justerbar i 5 l\u00e4gen - M\u00f6rkbl\u00e5 - Enkel att f\u00e4lla ihop - Perfekt f\u00f6r vila och avkoppling - M\u00e5tt 61 x - TRUUSK - Hem, Tr\u00e4dg\u00e5rd &amp; Fritid","isPartOf":{"@id":"https:\/\/truusk.store\/sv\/#website"},"primaryImageOfPage":{"@id":"https:\/\/truusk.store\/sv\/produkt\/truusk-hopfallbar-golvsoffa-justerbar-i-5-lagen-morkbla-enkel-att-falla-ihop-perfekt-for-vila-och-avkoppling-matt-61-x\/#primaryimage"},"image":{"@id":"https:\/\/truusk.store\/sv\/produkt\/truusk-hopfallbar-golvsoffa-justerbar-i-5-lagen-morkbla-enkel-att-falla-ihop-perfekt-for-vila-och-avkoppling-matt-61-x\/#primaryimage"},"thumbnailUrl":"https:\/\/i0.wp.com\/truusk.store\/wp-content\/uploads\/2024\/02\/golvsoffa-hopfallbar-sovstol-golvstol-5-vanings-justerbar-hopfallbar-stol-baddsoffa-baddsoffa-enkelsoffa-morkbla-61-x-73-x-58-cm.webp?fit=800%2C800&ssl=1","datePublished":"2024-02-13T22:27:08+00:00","dateModified":"2026-03-12T08:12:12+00:00","breadcrumb":{"@id":"https:\/\/truusk.store\/sv\/produkt\/truusk-hopfallbar-golvsoffa-justerbar-i-5-lagen-morkbla-enkel-att-falla-ihop-perfekt-for-vila-och-avkoppling-matt-61-x\/#breadcrumb"},"inLanguage":"sv-SE","potentialAction":[{"@type":"ReadAction","target":["https:\/\/truusk.store\/sv\/produkt\/truusk-hopfallbar-golvsoffa-justerbar-i-5-lagen-morkbla-enkel-att-falla-ihop-perfekt-for-vila-och-avkoppling-matt-61-x\/"]}]},{"@type":"ImageObject","inLanguage":"sv-SE","@id":"https:\/\/truusk.store\/sv\/produkt\/truusk-hopfallbar-golvsoffa-justerbar-i-5-lagen-morkbla-enkel-att-falla-ihop-perfekt-for-vila-och-avkoppling-matt-61-x\/#primaryimage","url":"https:\/\/i0.wp.com\/truusk.store\/wp-content\/uploads\/2024\/02\/golvsoffa-hopfallbar-sovstol-golvstol-5-vanings-justerbar-hopfallbar-stol-baddsoffa-baddsoffa-enkelsoffa-morkbla-61-x-73-x-58-cm.webp?fit=800%2C800&ssl=1","contentUrl":"https:\/\/i0.wp.com\/truusk.store\/wp-content\/uploads\/2024\/02\/golvsoffa-hopfallbar-sovstol-golvstol-5-vanings-justerbar-hopfallbar-stol-baddsoffa-baddsoffa-enkelsoffa-morkbla-61-x-73-x-58-cm.webp?fit=800%2C800&ssl=1","width":800,"height":800,"caption":"Golvsoffa Hopf\u00e4llbar Sovstol Golvstol 5-v\u00e5nings Justerbar Hopf\u00e4llbar Stol B\u00e4ddsoffa B\u00e4ddsoffa Enkelsoffa M\u00f6rkbl\u00e5 61 X 73 X 58 Cm 1"},{"@type":"BreadcrumbList","@id":"https:\/\/truusk.store\/sv\/produkt\/truusk-hopfallbar-golvsoffa-justerbar-i-5-lagen-morkbla-enkel-att-falla-ihop-perfekt-for-vila-och-avkoppling-matt-61-x\/#breadcrumb","itemListElement":[{"@type":"ListItem","position":1,"name":"Home","item":"https:\/\/truusk.store\/sv\/"},{"@type":"ListItem","position":2,"name":"Shop","item":"https:\/\/truusk.store\/shop\/"},{"@type":"ListItem","position":3,"name":"TRUUSK Hopf\u00e4llbar Golvsoffa &#8211; Justerbar i 5 l\u00e4gen &#8211; M\u00f6rkbl\u00e5 &#8211; Enkel att f\u00e4lla ihop &#8211; Perfekt f\u00f6r vila och avkoppling &#8211; M\u00e5tt 61 x"}]},{"@type":"WebSite","@id":"https:\/\/truusk.store\/sv\/#website","url":"https:\/\/truusk.store\/sv\/","name":"TRUUSK - Hem, Tr\u00e4dg\u00e5rd & Fritid","description":"","publisher":{"@id":"https:\/\/truusk.store\/sv\/#organization"},"potentialAction":[{"@type":"SearchAction","target":{"@type":"EntryPoint","urlTemplate":"https:\/\/truusk.store\/sv\/?s={search_term_string}"},"query-input":{"@type":"PropertyValueSpecification","valueRequired":true,"valueName":"search_term_string"}}],"inLanguage":"sv-SE"},{"@type":"Organization","@id":"https:\/\/truusk.store\/sv\/#organization","name":"TRUUSK - Hem, Tr\u00e4dg\u00e5rd & Fritid","url":"https:\/\/truusk.store\/sv\/","logo":{"@type":"ImageObject","inLanguage":"sv-SE","@id":"https:\/\/truusk.store\/sv\/#\/schema\/logo\/image\/","url":"https:\/\/i0.wp.com\/truusk.store\/wp-content\/uploads\/2026\/03\/cropped-TRUUSK.png?fit=2032%2C917&ssl=1","contentUrl":"https:\/\/i0.wp.com\/truusk.store\/wp-content\/uploads\/2026\/03\/cropped-TRUUSK.png?fit=2032%2C917&ssl=1","width":2032,"height":917,"caption":"TRUUSK - Hem, Tr\u00e4dg\u00e5rd & Fritid"},"image":{"@id":"https:\/\/truusk.store\/sv\/#\/schema\/logo\/image\/"}}]}},"jetpack_sharing_enabled":true,"_links":{"self":[{"href":"https:\/\/truusk.store\/sv\/wp-json\/wp\/v2\/product\/35037","targetHints":{"allow":["GET"]}}],"collection":[{"href":"https:\/\/truusk.store\/sv\/wp-json\/wp\/v2\/product"}],"about":[{"href":"https:\/\/truusk.store\/sv\/wp-json\/wp\/v2\/types\/product"}],"wp:featuredmedia":[{"embeddable":true,"href":"https:\/\/truusk.store\/sv\/wp-json\/wp\/v2\/media\/35038"}],"wp:attachment":[{"href":"https:\/\/truusk.store\/sv\/wp-json\/wp\/v2\/media?parent=35037"}],"wp:term":[{"taxonomy":"product_brand","embeddable":true,"href":"https:\/\/truusk.store\/sv\/wp-json\/wp\/v2\/product_brand?post=35037"},{"taxonomy":"product_cat","embeddable":true,"href":"https:\/\/truusk.store\/sv\/wp-json\/wp\/v2\/product_cat?post=35037"},{"taxonomy":"product_tag","embeddable":true,"href":"https:\/\/truusk.store\/sv\/wp-json\/wp\/v2\/product_tag?post=35037"}],"curies":[{"name":"wp","href":"https:\/\/api.w.org\/{rel}","templated":true}]}}