{"id":35114,"date":"2024-02-13T23:29:42","date_gmt":"2024-02-13T22:29:42","guid":{"rendered":"https:\/\/truusk.store\/product\/katthus-katthus-med-asfalttak-kattgrotta-smadjurshus-med-fonster-for-katter-hundar-utomhus-vintertat-gran-tra-gra-svart-87-x-52-x-44-cm\/"},"modified":"2026-03-12T09:12:12","modified_gmt":"2026-03-12T08:12:12","slug":"truusk-kattgrotta-med-asfalttak-vintertat-katt-och-hundhus-fonster-grantra-gra-svart-87-x-52-x-44-cm","status":"publish","type":"product","link":"https:\/\/truusk.store\/sv\/produkt\/truusk-kattgrotta-med-asfalttak-vintertat-katt-och-hundhus-fonster-grantra-gra-svart-87-x-52-x-44-cm\/","title":{"rendered":"TRUUSK Kattgrotta Med Asfalttak &#8211; Vintert\u00e4t Katt- och Hundhus &#8211; F\u00f6nster &#8211; Grantr\u00e4 &#8211; Gr\u00e5\/Svart &#8211; 87 x 52 x 44 cm"},"content":{"rendered":"<p>Katthuset i tr\u00e4 \u00e4r l\u00e4mpligt f\u00f6r katter upp till 5 kg och kan anv\u00e4ndas b\u00e5de inomhus och utomhus. Katthuset har ett asfalttak som skyddar dina katter vid d\u00e5ligt v\u00e4der. En upph\u00f6jd design h\u00e5ller dina katter fr\u00e5n marken. Detta h\u00e5ller din katt varm och torr. Detta sm\u00e5djurshus i tr\u00e4 erbjuder dina katter ett bekv\u00e4mt och s\u00e4kert boende.<\/p>\n<h3>Beskrivning:<\/h3>\n<ul>\n<li>Taket kan \u00f6ppnas f\u00f6r enkel reng\u00f6ring och ventilation f\u00f6r att f\u00f6rhindra lukt<\/li>\n<li>Katthuset \u00e4r f\u00f6rh\u00f6jt f\u00f6r att h\u00e5lla djuren torra och varma<\/li>\n<li>Katthuset \u00e4r l\u00e4mpligt f\u00f6r b\u00e5de inomhus- och utomhusbruk, det kan placeras p\u00e5 terrassen, i tr\u00e4dg\u00e5rden eller i huset<\/li>\n<li>Ramen i massiv gran kan h\u00e5lla katter upp till 5 kg<\/li>\n<li>Huset \u00e4r behandlat med en vattenbaserad ytterf\u00e4rg<\/li>\n<li>Montering kr\u00e4vs<\/li>\n<\/ul>\n<h3>Teknisk data:<\/h3>\n<ul>\n<li>F\u00e4rger: Gr\u00e5+vit+svart<\/li>\n<li>Material: gran<\/li>\n<li>Totala m\u00e5tt: 87L x 52W x 44H cm<\/li>\n<li>Huvudhusets inredning: 80W x 45,5D x 34H cm<\/li>\n<li>Tr storlek: 17W x 15H cm<\/li>\n<li>F\u00f6nsterstorlek: 20W x 20H cm<\/li>\n<li>H\u00f6jd \u00f6ver marken: 3 cm<\/li>\n<\/ul>\n<h3>Leveransens omfattning:<\/h3>\n<ul>\n<li>1 x Katthus<\/li>\n<li>1 x Instruktioner<\/li>\n<\/ul>\n","protected":false},"excerpt":{"rendered":"<p>Katthuset i tr\u00e4 \u00e4r l\u00e4mpligt f\u00f6r katter upp till 5 kg och kan anv\u00e4ndas b\u00e5de inomhus och utomhus. Katthuset har&#8230;<\/p>\n","protected":false},"featured_media":35115,"template":"","meta":[],"product_brand":[],"product_cat":[573,591,588],"product_tag":[],"class_list":{"0":"post-35114","1":"product","2":"type-product","3":"status-publish","4":"has-post-thumbnail","6":"product_cat-husdjursmaterial","7":"product_cat-katthus","8":"product_cat-katttillbehor","10":"first","11":"instock","12":"sale","13":"taxable","14":"shipping-taxable","15":"purchasable","16":"product-type-simple"},"yoast_head":"<!-- This site is optimized with the Yoast SEO plugin v25.4 - https:\/\/yoast.com\/wordpress\/plugins\/seo\/ -->\n<title>TRUUSK Kattgrotta Med Asfalttak - Vintert\u00e4t Katt- och Hundhus - F\u00f6nster - Grantr\u00e4 - Gr\u00e5\/Svart - 87 x 52 x 44 cm - TRUUSK - Hem, Tr\u00e4dg\u00e5rd &amp; Fritid<\/title>\n<meta name=\"robots\" content=\"index, follow, max-snippet:-1, max-image-preview:large, max-video-preview:-1\" \/>\n<link rel=\"canonical\" href=\"https:\/\/truusk.store\/sv\/produkt\/truusk-kattgrotta-med-asfalttak-vintertat-katt-och-hundhus-fonster-grantra-gra-svart-87-x-52-x-44-cm\/\" \/>\n<meta property=\"og:locale\" content=\"sv_SE\" \/>\n<meta property=\"og:type\" content=\"article\" \/>\n<meta property=\"og:title\" content=\"TRUUSK Kattgrotta Med Asfalttak - Vintert\u00e4t Katt- och Hundhus - F\u00f6nster - Grantr\u00e4 - Gr\u00e5\/Svart - 87 x 52 x 44 cm - TRUUSK - Hem, Tr\u00e4dg\u00e5rd &amp; Fritid\" \/>\n<meta property=\"og:description\" content=\"Katthuset i tr\u00e4 \u00e4r l\u00e4mpligt f\u00f6r katter upp till 5 kg och kan anv\u00e4ndas b\u00e5de inomhus och utomhus. Katthuset har...\" \/>\n<meta property=\"og:url\" content=\"https:\/\/truusk.store\/sv\/produkt\/truusk-kattgrotta-med-asfalttak-vintertat-katt-och-hundhus-fonster-grantra-gra-svart-87-x-52-x-44-cm\/\" \/>\n<meta property=\"og:site_name\" content=\"TRUUSK - Hem, Tr\u00e4dg\u00e5rd &amp; Fritid\" \/>\n<meta property=\"article:modified_time\" content=\"2026-03-12T08:12:12+00:00\" \/>\n<meta property=\"og:image\" content=\"https:\/\/i0.wp.com\/truusk.se\/wp-content\/uploads\/2024\/02\/katthus-katthus-med-asfalttak-kattgrotta-smadjurshus-med-fonster-for-katter-hundar-utomhus-vintertat-gran-tra-gra-svart-87-x-52-x-44-cm.webp?fit=800%2C800&ssl=1\" \/>\n\t<meta property=\"og:image:width\" content=\"800\" \/>\n\t<meta property=\"og:image:height\" content=\"800\" \/>\n\t<meta property=\"og:image:type\" content=\"image\/webp\" \/>\n<meta name=\"twitter:card\" content=\"summary_large_image\" \/>\n<meta name=\"twitter:label1\" content=\"Ber\u00e4knad l\u00e4stid\" \/>\n\t<meta name=\"twitter:data1\" content=\"1 minut\" \/>\n<!-- \/ Yoast SEO plugin. -->","yoast_head_json":{"title":"TRUUSK Kattgrotta Med Asfalttak - Vintert\u00e4t Katt- och Hundhus - F\u00f6nster - Grantr\u00e4 - Gr\u00e5\/Svart - 87 x 52 x 44 cm - TRUUSK - Hem, Tr\u00e4dg\u00e5rd &amp; Fritid","robots":{"index":"index","follow":"follow","max-snippet":"max-snippet:-1","max-image-preview":"max-image-preview:large","max-video-preview":"max-video-preview:-1"},"canonical":"https:\/\/truusk.store\/sv\/produkt\/truusk-kattgrotta-med-asfalttak-vintertat-katt-och-hundhus-fonster-grantra-gra-svart-87-x-52-x-44-cm\/","og_locale":"sv_SE","og_type":"article","og_title":"TRUUSK Kattgrotta Med Asfalttak - Vintert\u00e4t Katt- och Hundhus - F\u00f6nster - Grantr\u00e4 - Gr\u00e5\/Svart - 87 x 52 x 44 cm - TRUUSK - Hem, Tr\u00e4dg\u00e5rd &amp; Fritid","og_description":"Katthuset i tr\u00e4 \u00e4r l\u00e4mpligt f\u00f6r katter upp till 5 kg och kan anv\u00e4ndas b\u00e5de inomhus och utomhus. Katthuset har...","og_url":"https:\/\/truusk.store\/sv\/produkt\/truusk-kattgrotta-med-asfalttak-vintertat-katt-och-hundhus-fonster-grantra-gra-svart-87-x-52-x-44-cm\/","og_site_name":"TRUUSK - Hem, Tr\u00e4dg\u00e5rd &amp; Fritid","article_modified_time":"2026-03-12T08:12:12+00:00","og_image":[{"width":800,"height":800,"url":"https:\/\/i0.wp.com\/truusk.se\/wp-content\/uploads\/2024\/02\/katthus-katthus-med-asfalttak-kattgrotta-smadjurshus-med-fonster-for-katter-hundar-utomhus-vintertat-gran-tra-gra-svart-87-x-52-x-44-cm.webp?fit=800%2C800&ssl=1","type":"image\/webp"}],"twitter_card":"summary_large_image","twitter_misc":{"Ber\u00e4knad l\u00e4stid":"1 minut"},"schema":{"@context":"https:\/\/schema.org","@graph":[{"@type":"WebPage","@id":"https:\/\/truusk.store\/sv\/produkt\/truusk-kattgrotta-med-asfalttak-vintertat-katt-och-hundhus-fonster-grantra-gra-svart-87-x-52-x-44-cm\/","url":"https:\/\/truusk.store\/sv\/produkt\/truusk-kattgrotta-med-asfalttak-vintertat-katt-och-hundhus-fonster-grantra-gra-svart-87-x-52-x-44-cm\/","name":"TRUUSK Kattgrotta Med Asfalttak - Vintert\u00e4t Katt- och Hundhus - F\u00f6nster - Grantr\u00e4 - Gr\u00e5\/Svart - 87 x 52 x 44 cm - TRUUSK - Hem, Tr\u00e4dg\u00e5rd &amp; Fritid","isPartOf":{"@id":"https:\/\/truusk.store\/sv\/#website"},"primaryImageOfPage":{"@id":"https:\/\/truusk.store\/sv\/produkt\/truusk-kattgrotta-med-asfalttak-vintertat-katt-och-hundhus-fonster-grantra-gra-svart-87-x-52-x-44-cm\/#primaryimage"},"image":{"@id":"https:\/\/truusk.store\/sv\/produkt\/truusk-kattgrotta-med-asfalttak-vintertat-katt-och-hundhus-fonster-grantra-gra-svart-87-x-52-x-44-cm\/#primaryimage"},"thumbnailUrl":"https:\/\/i0.wp.com\/truusk.store\/wp-content\/uploads\/2024\/02\/katthus-katthus-med-asfalttak-kattgrotta-smadjurshus-med-fonster-for-katter-hundar-utomhus-vintertat-gran-tra-gra-svart-87-x-52-x-44-cm.webp?fit=800%2C800&ssl=1","datePublished":"2024-02-13T22:29:42+00:00","dateModified":"2026-03-12T08:12:12+00:00","breadcrumb":{"@id":"https:\/\/truusk.store\/sv\/produkt\/truusk-kattgrotta-med-asfalttak-vintertat-katt-och-hundhus-fonster-grantra-gra-svart-87-x-52-x-44-cm\/#breadcrumb"},"inLanguage":"sv-SE","potentialAction":[{"@type":"ReadAction","target":["https:\/\/truusk.store\/sv\/produkt\/truusk-kattgrotta-med-asfalttak-vintertat-katt-och-hundhus-fonster-grantra-gra-svart-87-x-52-x-44-cm\/"]}]},{"@type":"ImageObject","inLanguage":"sv-SE","@id":"https:\/\/truusk.store\/sv\/produkt\/truusk-kattgrotta-med-asfalttak-vintertat-katt-och-hundhus-fonster-grantra-gra-svart-87-x-52-x-44-cm\/#primaryimage","url":"https:\/\/i0.wp.com\/truusk.store\/wp-content\/uploads\/2024\/02\/katthus-katthus-med-asfalttak-kattgrotta-smadjurshus-med-fonster-for-katter-hundar-utomhus-vintertat-gran-tra-gra-svart-87-x-52-x-44-cm.webp?fit=800%2C800&ssl=1","contentUrl":"https:\/\/i0.wp.com\/truusk.store\/wp-content\/uploads\/2024\/02\/katthus-katthus-med-asfalttak-kattgrotta-smadjurshus-med-fonster-for-katter-hundar-utomhus-vintertat-gran-tra-gra-svart-87-x-52-x-44-cm.webp?fit=800%2C800&ssl=1","width":800,"height":800,"caption":"Katthus Katthus Med Asfalttak Kattgrotta Sm\u00e5djurshus Med F\u00f6nster F\u00f6r Katter Hundar Utomhus Vintert\u00e4t Gran Tr\u00e4 Gr\u00e5 Svart 87 X 52 X 44 Cm 1"},{"@type":"BreadcrumbList","@id":"https:\/\/truusk.store\/sv\/produkt\/truusk-kattgrotta-med-asfalttak-vintertat-katt-och-hundhus-fonster-grantra-gra-svart-87-x-52-x-44-cm\/#breadcrumb","itemListElement":[{"@type":"ListItem","position":1,"name":"Home","item":"https:\/\/truusk.store\/sv\/"},{"@type":"ListItem","position":2,"name":"Shop","item":"https:\/\/truusk.store\/shop\/"},{"@type":"ListItem","position":3,"name":"TRUUSK Kattgrotta Med Asfalttak &#8211; Vintert\u00e4t Katt- och Hundhus &#8211; F\u00f6nster &#8211; Grantr\u00e4 &#8211; Gr\u00e5\/Svart &#8211; 87 x 52 x 44 cm"}]},{"@type":"WebSite","@id":"https:\/\/truusk.store\/sv\/#website","url":"https:\/\/truusk.store\/sv\/","name":"TRUUSK - Hem, Tr\u00e4dg\u00e5rd & Fritid","description":"","publisher":{"@id":"https:\/\/truusk.store\/sv\/#organization"},"potentialAction":[{"@type":"SearchAction","target":{"@type":"EntryPoint","urlTemplate":"https:\/\/truusk.store\/sv\/?s={search_term_string}"},"query-input":{"@type":"PropertyValueSpecification","valueRequired":true,"valueName":"search_term_string"}}],"inLanguage":"sv-SE"},{"@type":"Organization","@id":"https:\/\/truusk.store\/sv\/#organization","name":"TRUUSK - Hem, Tr\u00e4dg\u00e5rd & Fritid","url":"https:\/\/truusk.store\/sv\/","logo":{"@type":"ImageObject","inLanguage":"sv-SE","@id":"https:\/\/truusk.store\/sv\/#\/schema\/logo\/image\/","url":"https:\/\/i0.wp.com\/truusk.store\/wp-content\/uploads\/2026\/03\/cropped-TRUUSK.png?fit=2032%2C917&ssl=1","contentUrl":"https:\/\/i0.wp.com\/truusk.store\/wp-content\/uploads\/2026\/03\/cropped-TRUUSK.png?fit=2032%2C917&ssl=1","width":2032,"height":917,"caption":"TRUUSK - Hem, Tr\u00e4dg\u00e5rd & Fritid"},"image":{"@id":"https:\/\/truusk.store\/sv\/#\/schema\/logo\/image\/"}}]}},"jetpack_sharing_enabled":true,"_links":{"self":[{"href":"https:\/\/truusk.store\/sv\/wp-json\/wp\/v2\/product\/35114","targetHints":{"allow":["GET"]}}],"collection":[{"href":"https:\/\/truusk.store\/sv\/wp-json\/wp\/v2\/product"}],"about":[{"href":"https:\/\/truusk.store\/sv\/wp-json\/wp\/v2\/types\/product"}],"wp:featuredmedia":[{"embeddable":true,"href":"https:\/\/truusk.store\/sv\/wp-json\/wp\/v2\/media\/35115"}],"wp:attachment":[{"href":"https:\/\/truusk.store\/sv\/wp-json\/wp\/v2\/media?parent=35114"}],"wp:term":[{"taxonomy":"product_brand","embeddable":true,"href":"https:\/\/truusk.store\/sv\/wp-json\/wp\/v2\/product_brand?post=35114"},{"taxonomy":"product_cat","embeddable":true,"href":"https:\/\/truusk.store\/sv\/wp-json\/wp\/v2\/product_cat?post=35114"},{"taxonomy":"product_tag","embeddable":true,"href":"https:\/\/truusk.store\/sv\/wp-json\/wp\/v2\/product_tag?post=35114"}],"curies":[{"name":"wp","href":"https:\/\/api.w.org\/{rel}","templated":true}]}}