{"id":35299,"date":"2024-02-13T23:35:32","date_gmt":"2024-02-13T22:35:32","guid":{"rendered":"https:\/\/truusk.store\/product\/basketkorg-hojdjusterbar-fyllbar-bas-mycket-stabil-svart-131-x-49-x-195-250-cm\/"},"modified":"2026-03-12T09:12:14","modified_gmt":"2026-03-12T08:12:14","slug":"truusk-justerbar-basketkorg-fyllbar-bas-stabil-design-svart-131-x-49-x-195-250-cm","status":"publish","type":"product","link":"https:\/\/truusk.store\/sv\/produkt\/truusk-justerbar-basketkorg-fyllbar-bas-stabil-design-svart-131-x-49-x-195-250-cm\/","title":{"rendered":"TRUUSK Justerbar Basketkorg &#8211; Fyllbar Bas &#8211; Stabil Design &#8211; Svart &#8211; 131 x 49 x 195-250 cm"},"content":{"rendered":"<p>Denna basketkorg f\u00f6r ungdomar \u00e4r det perfekta valet f\u00f6r baskettr\u00e4ning inomhus och utomhus. Tack vare den justerbara h\u00f6jden \u00e4r den idealisk f\u00f6r barn och ton\u00e5ringar i \u00e5ldrarna 8 till 14. \u00c4ven under grov och s\u00e4rskilt aktiv lek kommer stativet att f\u00f6rbli s\u00e4kert eftersom basen kan fyllas med vatten och sand. Denna fantastiska basketkorg kommer att ge dig och dina barn mycket n\u00f6je!<\/p>\n<h3>Beskrivning:<\/h3>\n<ul>\n<li>Justerbar i h\u00f6jdled, perfekt f\u00f6r barn och ton\u00e5ringar<\/li>\n<li>Korgen \u00e4r gjord av ett basketbollsn\u00e4t i nylon och en spricks\u00e4ker br\u00e4da som t\u00e5l h\u00e5rt v\u00e4der och s\u00e4kerst\u00e4ller l\u00e5ngvarig anv\u00e4ndning<\/li>\n<li>Basen kan fyllas med 30 kg vatten eller 35 kg sand f\u00f6r att \u00f6ka stabiliteten<\/li>\n<li>2 hjul f\u00f6r enkel och bekv\u00e4m f\u00f6rflyttning<\/li>\n<li>En bollh\u00e5llare p\u00e5 basen h\u00e5ller basketbollen p\u00e5 plats<\/li>\n<li>Montering kr\u00e4vs<\/li>\n<\/ul>\n<h3>Teknisk data:<\/h3>\n<ul>\n<li>Svart f\u00e4rg<\/li>\n<li>Material: st\u00e5l, PE<\/li>\n<li>\u00d6vergripande m\u00e5tt: 73L x 49W x 195-250H cm<\/li>\n<li>Korgdiameter: 38 cm<\/li>\n<li>Korgh\u00f6jd: 155-210 cm<\/li>\n<li>M\u00e5tt tavla: 73L x 49H cm<\/li>\n<li>M\u00e5tt stativ: 74L x 45W x 13H cm<\/li>\n<li>Kapacitet\/stativ: 30 kg vatten, 35 kg sand<\/li>\n<\/ul>\n<h3>Leveransens omfattning:<\/h3>\n<ul>\n<li>1 x basketst\u00e4ll<\/li>\n<li>1 x Instruktioner<\/li>\n<\/ul>\n","protected":false},"excerpt":{"rendered":"<p>Denna basketkorg f\u00f6r ungdomar \u00e4r det perfekta valet f\u00f6r baskettr\u00e4ning inomhus och utomhus. Tack vare den justerbara h\u00f6jden \u00e4r den&#8230;<\/p>\n","protected":false},"featured_media":35300,"template":"","meta":[],"product_brand":[],"product_cat":[669,647],"product_tag":[],"class_list":{"0":"post-35299","1":"product","2":"type-product","3":"status-publish","4":"has-post-thumbnail","6":"product_cat-bollsporter","7":"product_cat-sport-fritid","9":"first","10":"instock","11":"sale","12":"taxable","13":"shipping-taxable","14":"purchasable","15":"product-type-simple"},"yoast_head":"<!-- This site is optimized with the Yoast SEO plugin v25.4 - https:\/\/yoast.com\/wordpress\/plugins\/seo\/ -->\n<title>TRUUSK Justerbar Basketkorg - Fyllbar Bas - Stabil Design - Svart - 131 x 49 x 195-250 cm - TRUUSK - Hem, Tr\u00e4dg\u00e5rd &amp; Fritid<\/title>\n<meta name=\"robots\" content=\"index, follow, max-snippet:-1, max-image-preview:large, max-video-preview:-1\" \/>\n<link rel=\"canonical\" href=\"https:\/\/truusk.store\/sv\/produkt\/truusk-justerbar-basketkorg-fyllbar-bas-stabil-design-svart-131-x-49-x-195-250-cm\/\" \/>\n<meta property=\"og:locale\" content=\"sv_SE\" \/>\n<meta property=\"og:type\" content=\"article\" \/>\n<meta property=\"og:title\" content=\"TRUUSK Justerbar Basketkorg - Fyllbar Bas - Stabil Design - Svart - 131 x 49 x 195-250 cm - TRUUSK - Hem, Tr\u00e4dg\u00e5rd &amp; Fritid\" \/>\n<meta property=\"og:description\" content=\"Denna basketkorg f\u00f6r ungdomar \u00e4r det perfekta valet f\u00f6r baskettr\u00e4ning inomhus och utomhus. Tack vare den justerbara h\u00f6jden \u00e4r den...\" \/>\n<meta property=\"og:url\" content=\"https:\/\/truusk.store\/sv\/produkt\/truusk-justerbar-basketkorg-fyllbar-bas-stabil-design-svart-131-x-49-x-195-250-cm\/\" \/>\n<meta property=\"og:site_name\" content=\"TRUUSK - Hem, Tr\u00e4dg\u00e5rd &amp; Fritid\" \/>\n<meta property=\"article:modified_time\" content=\"2026-03-12T08:12:14+00:00\" \/>\n<meta property=\"og:image\" content=\"https:\/\/i0.wp.com\/truusk.se\/wp-content\/uploads\/2024\/02\/basketkorg-hojdjusterbar-fyllbar-bas-mycket-stabil-svart-131-x-49-x-195-250-cm.webp?fit=800%2C800&ssl=1\" \/>\n\t<meta property=\"og:image:width\" content=\"800\" \/>\n\t<meta property=\"og:image:height\" content=\"800\" \/>\n\t<meta property=\"og:image:type\" content=\"image\/webp\" \/>\n<meta name=\"twitter:card\" content=\"summary_large_image\" \/>\n<meta name=\"twitter:label1\" content=\"Ber\u00e4knad l\u00e4stid\" \/>\n\t<meta name=\"twitter:data1\" content=\"1 minut\" \/>\n<!-- \/ Yoast SEO plugin. -->","yoast_head_json":{"title":"TRUUSK Justerbar Basketkorg - Fyllbar Bas - Stabil Design - Svart - 131 x 49 x 195-250 cm - TRUUSK - Hem, Tr\u00e4dg\u00e5rd &amp; Fritid","robots":{"index":"index","follow":"follow","max-snippet":"max-snippet:-1","max-image-preview":"max-image-preview:large","max-video-preview":"max-video-preview:-1"},"canonical":"https:\/\/truusk.store\/sv\/produkt\/truusk-justerbar-basketkorg-fyllbar-bas-stabil-design-svart-131-x-49-x-195-250-cm\/","og_locale":"sv_SE","og_type":"article","og_title":"TRUUSK Justerbar Basketkorg - Fyllbar Bas - Stabil Design - Svart - 131 x 49 x 195-250 cm - TRUUSK - Hem, Tr\u00e4dg\u00e5rd &amp; Fritid","og_description":"Denna basketkorg f\u00f6r ungdomar \u00e4r det perfekta valet f\u00f6r baskettr\u00e4ning inomhus och utomhus. Tack vare den justerbara h\u00f6jden \u00e4r den...","og_url":"https:\/\/truusk.store\/sv\/produkt\/truusk-justerbar-basketkorg-fyllbar-bas-stabil-design-svart-131-x-49-x-195-250-cm\/","og_site_name":"TRUUSK - Hem, Tr\u00e4dg\u00e5rd &amp; Fritid","article_modified_time":"2026-03-12T08:12:14+00:00","og_image":[{"width":800,"height":800,"url":"https:\/\/i0.wp.com\/truusk.se\/wp-content\/uploads\/2024\/02\/basketkorg-hojdjusterbar-fyllbar-bas-mycket-stabil-svart-131-x-49-x-195-250-cm.webp?fit=800%2C800&ssl=1","type":"image\/webp"}],"twitter_card":"summary_large_image","twitter_misc":{"Ber\u00e4knad l\u00e4stid":"1 minut"},"schema":{"@context":"https:\/\/schema.org","@graph":[{"@type":"WebPage","@id":"https:\/\/truusk.store\/sv\/produkt\/truusk-justerbar-basketkorg-fyllbar-bas-stabil-design-svart-131-x-49-x-195-250-cm\/","url":"https:\/\/truusk.store\/sv\/produkt\/truusk-justerbar-basketkorg-fyllbar-bas-stabil-design-svart-131-x-49-x-195-250-cm\/","name":"TRUUSK Justerbar Basketkorg - Fyllbar Bas - Stabil Design - Svart - 131 x 49 x 195-250 cm - TRUUSK - Hem, Tr\u00e4dg\u00e5rd &amp; Fritid","isPartOf":{"@id":"https:\/\/truusk.store\/sv\/#website"},"primaryImageOfPage":{"@id":"https:\/\/truusk.store\/sv\/produkt\/truusk-justerbar-basketkorg-fyllbar-bas-stabil-design-svart-131-x-49-x-195-250-cm\/#primaryimage"},"image":{"@id":"https:\/\/truusk.store\/sv\/produkt\/truusk-justerbar-basketkorg-fyllbar-bas-stabil-design-svart-131-x-49-x-195-250-cm\/#primaryimage"},"thumbnailUrl":"https:\/\/i0.wp.com\/truusk.store\/wp-content\/uploads\/2024\/02\/basketkorg-hojdjusterbar-fyllbar-bas-mycket-stabil-svart-131-x-49-x-195-250-cm.webp?fit=800%2C800&ssl=1","datePublished":"2024-02-13T22:35:32+00:00","dateModified":"2026-03-12T08:12:14+00:00","breadcrumb":{"@id":"https:\/\/truusk.store\/sv\/produkt\/truusk-justerbar-basketkorg-fyllbar-bas-stabil-design-svart-131-x-49-x-195-250-cm\/#breadcrumb"},"inLanguage":"sv-SE","potentialAction":[{"@type":"ReadAction","target":["https:\/\/truusk.store\/sv\/produkt\/truusk-justerbar-basketkorg-fyllbar-bas-stabil-design-svart-131-x-49-x-195-250-cm\/"]}]},{"@type":"ImageObject","inLanguage":"sv-SE","@id":"https:\/\/truusk.store\/sv\/produkt\/truusk-justerbar-basketkorg-fyllbar-bas-stabil-design-svart-131-x-49-x-195-250-cm\/#primaryimage","url":"https:\/\/i0.wp.com\/truusk.store\/wp-content\/uploads\/2024\/02\/basketkorg-hojdjusterbar-fyllbar-bas-mycket-stabil-svart-131-x-49-x-195-250-cm.webp?fit=800%2C800&ssl=1","contentUrl":"https:\/\/i0.wp.com\/truusk.store\/wp-content\/uploads\/2024\/02\/basketkorg-hojdjusterbar-fyllbar-bas-mycket-stabil-svart-131-x-49-x-195-250-cm.webp?fit=800%2C800&ssl=1","width":800,"height":800,"caption":"Basketkorg, H\u00f6jdjusterbar, Fyllbar Bas, Mycket Stabil, Svart, 131 X 49 X 195-250 Cm 1"},{"@type":"BreadcrumbList","@id":"https:\/\/truusk.store\/sv\/produkt\/truusk-justerbar-basketkorg-fyllbar-bas-stabil-design-svart-131-x-49-x-195-250-cm\/#breadcrumb","itemListElement":[{"@type":"ListItem","position":1,"name":"Home","item":"https:\/\/truusk.store\/sv\/"},{"@type":"ListItem","position":2,"name":"Shop","item":"https:\/\/truusk.store\/shop\/"},{"@type":"ListItem","position":3,"name":"TRUUSK Justerbar Basketkorg &#8211; Fyllbar Bas &#8211; Stabil Design &#8211; Svart &#8211; 131 x 49 x 195-250 cm"}]},{"@type":"WebSite","@id":"https:\/\/truusk.store\/sv\/#website","url":"https:\/\/truusk.store\/sv\/","name":"TRUUSK - Hem, Tr\u00e4dg\u00e5rd & Fritid","description":"","publisher":{"@id":"https:\/\/truusk.store\/sv\/#organization"},"potentialAction":[{"@type":"SearchAction","target":{"@type":"EntryPoint","urlTemplate":"https:\/\/truusk.store\/sv\/?s={search_term_string}"},"query-input":{"@type":"PropertyValueSpecification","valueRequired":true,"valueName":"search_term_string"}}],"inLanguage":"sv-SE"},{"@type":"Organization","@id":"https:\/\/truusk.store\/sv\/#organization","name":"TRUUSK - Hem, Tr\u00e4dg\u00e5rd & Fritid","url":"https:\/\/truusk.store\/sv\/","logo":{"@type":"ImageObject","inLanguage":"sv-SE","@id":"https:\/\/truusk.store\/sv\/#\/schema\/logo\/image\/","url":"https:\/\/i0.wp.com\/truusk.store\/wp-content\/uploads\/2026\/03\/cropped-TRUUSK.png?fit=2032%2C917&ssl=1","contentUrl":"https:\/\/i0.wp.com\/truusk.store\/wp-content\/uploads\/2026\/03\/cropped-TRUUSK.png?fit=2032%2C917&ssl=1","width":2032,"height":917,"caption":"TRUUSK - Hem, Tr\u00e4dg\u00e5rd & Fritid"},"image":{"@id":"https:\/\/truusk.store\/sv\/#\/schema\/logo\/image\/"}}]}},"jetpack_sharing_enabled":true,"_links":{"self":[{"href":"https:\/\/truusk.store\/sv\/wp-json\/wp\/v2\/product\/35299","targetHints":{"allow":["GET"]}}],"collection":[{"href":"https:\/\/truusk.store\/sv\/wp-json\/wp\/v2\/product"}],"about":[{"href":"https:\/\/truusk.store\/sv\/wp-json\/wp\/v2\/types\/product"}],"wp:featuredmedia":[{"embeddable":true,"href":"https:\/\/truusk.store\/sv\/wp-json\/wp\/v2\/media\/35300"}],"wp:attachment":[{"href":"https:\/\/truusk.store\/sv\/wp-json\/wp\/v2\/media?parent=35299"}],"wp:term":[{"taxonomy":"product_brand","embeddable":true,"href":"https:\/\/truusk.store\/sv\/wp-json\/wp\/v2\/product_brand?post=35299"},{"taxonomy":"product_cat","embeddable":true,"href":"https:\/\/truusk.store\/sv\/wp-json\/wp\/v2\/product_cat?post=35299"},{"taxonomy":"product_tag","embeddable":true,"href":"https:\/\/truusk.store\/sv\/wp-json\/wp\/v2\/product_tag?post=35299"}],"curies":[{"name":"wp","href":"https:\/\/api.w.org\/{rel}","templated":true}]}}