{"id":35343,"date":"2024-02-13T23:36:50","date_gmt":"2024-02-13T22:36:50","guid":{"rendered":"https:\/\/truusk.store\/product\/solstol-3-sits-solstol-med-tak-2-fallbara-bord-fotstod-schaslong-5-vanings-ryggstod-xxl-polyrattan-natur-150-x-79-x-160-cm\/"},"modified":"2026-03-12T09:12:14","modified_gmt":"2026-03-12T08:12:14","slug":"truusk-xxl-solstol-med-tak-3-sits-2-fallbara-bord-fotstod-schaslong-natur-150-x-79-x-160-cm","status":"publish","type":"product","link":"https:\/\/truusk.store\/sv\/produkt\/truusk-xxl-solstol-med-tak-3-sits-2-fallbara-bord-fotstod-schaslong-natur-150-x-79-x-160-cm\/","title":{"rendered":"TRUUSK XXL Solstol Med Tak &#8211; 3-sits &#8211; 2 F\u00e4llbara Bord &#8211; Fotst\u00f6d &#8211; Sch\u00e4slong &#8211; Natur &#8211; 150 x 79 x 160 cm"},"content":{"rendered":"<p>Letar du efter bekv\u00e4ma och v\u00e4derbest\u00e4ndiga sittplatser f\u00f6r din vackra tr\u00e4dg\u00e5rd? D\u00e5 \u00e4r den h\u00e4r solstolen precis grejen: Utrustad med gener\u00f6s stoppning och en robust metallram erbjuder den gott om sittkomfort f\u00f6r 3 personer. Det finns \u00e4ven ett utf\u00e4llbart bord, praktiska sidfickor och ett justerbart rygg- och fotst\u00f6d. Denna fantastiska strandstol kommer att f\u00f6rvandla din tr\u00e4dg\u00e5rd till en plats f\u00f6r lugn och avkoppling!<\/p>\n<h3>Beskrivning:<\/h3>\n<ul>\n<li>Tillverkad av galvaniserad metallram med pulverlackering, t\u00e4ckt med naturligt massivt tr\u00e4<\/li>\n<li>T\u00e4ckt med UV och vattenbest\u00e4ndig plastrotting f\u00f6r l\u00e5ng h\u00e5llbarhet<\/li>\n<li>Ryggst\u00f6det kan justeras i fem niv\u00e5er fr\u00e5n 90 till 150<\/li>\n<li>Ett praktiskt f\u00e4llbord \u00e4r inbyggt i varje armst\u00f6d<\/li>\n<li>Tv\u00e5 bekv\u00e4ma fotst\u00f6d som kan dras ut vid behov<\/li>\n<li>Inv\u00e4ndiga sidofickor med dubbla lager p\u00e5 varje sida f\u00f6r f\u00f6rvaring av b\u00f6cker eller tidningar<\/li>\n<li>Montering kr\u00e4vs<\/li>\n<\/ul>\n<h3>Teknisk data:<\/h3>\n<ul>\n<li>F\u00e4rg: Natur+Gul+Beige<\/li>\n<li>Material: metall, tr\u00e4, PE-rotting, polyester<\/li>\n<li>\u00d6vergripande m\u00e5tt p\u00e5 sittposition: 150W x 79D x 160H cm<\/li>\n<li>Totala m\u00e5tt p\u00e5 liggl\u00e4ge: 150W x 188L x 143H cm<\/li>\n<li>Sitsstorlek: 139L x 45W cm<\/li>\n<li>Sitth\u00f6jd (utan dyna): 46 cm<\/li>\n<li>Lastkapacitet: 360 kg (sitt- och liggdel), 25 kg (fotpall), 4 kg (hylla)<\/li>\n<\/ul>\n<h3>Leveransens omfattning:<\/h3>\n<ul>\n<li>1 x Rotting Fritidsstol<\/li>\n<li>3 x kuddar<\/li>\n<li>3 x handst\u00f6d<\/li>\n<li>1 x Instruktioner<\/li>\n<\/ul>\n","protected":false},"excerpt":{"rendered":"<p>Letar du efter bekv\u00e4ma och v\u00e4derbest\u00e4ndiga sittplatser f\u00f6r din vackra tr\u00e4dg\u00e5rd? D\u00e5 \u00e4r den h\u00e4r solstolen precis grejen: Utrustad med&#8230;<\/p>\n","protected":false},"featured_media":35344,"template":"","meta":[],"product_brand":[],"product_cat":[451,435,450],"product_tag":[],"class_list":{"0":"post-35343","1":"product","2":"type-product","3":"status-publish","4":"has-post-thumbnail","6":"product_cat-solstolar","7":"product_cat-tradgard-och-terrass","8":"product_cat-tradgardsmobler","10":"first","11":"instock","12":"sale","13":"taxable","14":"shipping-taxable","15":"purchasable","16":"product-type-simple"},"yoast_head":"<!-- This site is optimized with the Yoast SEO plugin v25.4 - https:\/\/yoast.com\/wordpress\/plugins\/seo\/ -->\n<title>TRUUSK XXL Solstol Med Tak - 3-sits - 2 F\u00e4llbara Bord - Fotst\u00f6d - Sch\u00e4slong - Natur - 150 x 79 x 160 cm - TRUUSK - Hem, Tr\u00e4dg\u00e5rd &amp; Fritid<\/title>\n<meta name=\"robots\" content=\"index, follow, max-snippet:-1, max-image-preview:large, max-video-preview:-1\" \/>\n<link rel=\"canonical\" href=\"https:\/\/truusk.store\/sv\/produkt\/truusk-xxl-solstol-med-tak-3-sits-2-fallbara-bord-fotstod-schaslong-natur-150-x-79-x-160-cm\/\" \/>\n<meta property=\"og:locale\" content=\"sv_SE\" \/>\n<meta property=\"og:type\" content=\"article\" \/>\n<meta property=\"og:title\" content=\"TRUUSK XXL Solstol Med Tak - 3-sits - 2 F\u00e4llbara Bord - Fotst\u00f6d - Sch\u00e4slong - Natur - 150 x 79 x 160 cm - TRUUSK - Hem, Tr\u00e4dg\u00e5rd &amp; Fritid\" \/>\n<meta property=\"og:description\" content=\"Letar du efter bekv\u00e4ma och v\u00e4derbest\u00e4ndiga sittplatser f\u00f6r din vackra tr\u00e4dg\u00e5rd? D\u00e5 \u00e4r den h\u00e4r solstolen precis grejen: Utrustad med...\" \/>\n<meta property=\"og:url\" content=\"https:\/\/truusk.store\/sv\/produkt\/truusk-xxl-solstol-med-tak-3-sits-2-fallbara-bord-fotstod-schaslong-natur-150-x-79-x-160-cm\/\" \/>\n<meta property=\"og:site_name\" content=\"TRUUSK - Hem, Tr\u00e4dg\u00e5rd &amp; Fritid\" \/>\n<meta property=\"article:modified_time\" content=\"2026-03-12T08:12:14+00:00\" \/>\n<meta property=\"og:image\" content=\"https:\/\/i0.wp.com\/truusk.se\/wp-content\/uploads\/2024\/02\/solstol-3-sits-solstol-med-tak-2-fallbara-bord-fotstod-schaslong-5-vanings-ryggstod-xxl-polyrattan-natur-150-x-79-x-160-cm.webp?fit=800%2C800&ssl=1\" \/>\n\t<meta property=\"og:image:width\" content=\"800\" \/>\n\t<meta property=\"og:image:height\" content=\"800\" \/>\n\t<meta property=\"og:image:type\" content=\"image\/webp\" \/>\n<meta name=\"twitter:card\" content=\"summary_large_image\" \/>\n<meta name=\"twitter:label1\" content=\"Ber\u00e4knad l\u00e4stid\" \/>\n\t<meta name=\"twitter:data1\" content=\"1 minut\" \/>\n<!-- \/ Yoast SEO plugin. -->","yoast_head_json":{"title":"TRUUSK XXL Solstol Med Tak - 3-sits - 2 F\u00e4llbara Bord - Fotst\u00f6d - Sch\u00e4slong - Natur - 150 x 79 x 160 cm - TRUUSK - Hem, Tr\u00e4dg\u00e5rd &amp; Fritid","robots":{"index":"index","follow":"follow","max-snippet":"max-snippet:-1","max-image-preview":"max-image-preview:large","max-video-preview":"max-video-preview:-1"},"canonical":"https:\/\/truusk.store\/sv\/produkt\/truusk-xxl-solstol-med-tak-3-sits-2-fallbara-bord-fotstod-schaslong-natur-150-x-79-x-160-cm\/","og_locale":"sv_SE","og_type":"article","og_title":"TRUUSK XXL Solstol Med Tak - 3-sits - 2 F\u00e4llbara Bord - Fotst\u00f6d - Sch\u00e4slong - Natur - 150 x 79 x 160 cm - TRUUSK - Hem, Tr\u00e4dg\u00e5rd &amp; Fritid","og_description":"Letar du efter bekv\u00e4ma och v\u00e4derbest\u00e4ndiga sittplatser f\u00f6r din vackra tr\u00e4dg\u00e5rd? D\u00e5 \u00e4r den h\u00e4r solstolen precis grejen: Utrustad med...","og_url":"https:\/\/truusk.store\/sv\/produkt\/truusk-xxl-solstol-med-tak-3-sits-2-fallbara-bord-fotstod-schaslong-natur-150-x-79-x-160-cm\/","og_site_name":"TRUUSK - Hem, Tr\u00e4dg\u00e5rd &amp; Fritid","article_modified_time":"2026-03-12T08:12:14+00:00","og_image":[{"width":800,"height":800,"url":"https:\/\/i0.wp.com\/truusk.se\/wp-content\/uploads\/2024\/02\/solstol-3-sits-solstol-med-tak-2-fallbara-bord-fotstod-schaslong-5-vanings-ryggstod-xxl-polyrattan-natur-150-x-79-x-160-cm.webp?fit=800%2C800&ssl=1","type":"image\/webp"}],"twitter_card":"summary_large_image","twitter_misc":{"Ber\u00e4knad l\u00e4stid":"1 minut"},"schema":{"@context":"https:\/\/schema.org","@graph":[{"@type":"WebPage","@id":"https:\/\/truusk.store\/sv\/produkt\/truusk-xxl-solstol-med-tak-3-sits-2-fallbara-bord-fotstod-schaslong-natur-150-x-79-x-160-cm\/","url":"https:\/\/truusk.store\/sv\/produkt\/truusk-xxl-solstol-med-tak-3-sits-2-fallbara-bord-fotstod-schaslong-natur-150-x-79-x-160-cm\/","name":"TRUUSK XXL Solstol Med Tak - 3-sits - 2 F\u00e4llbara Bord - Fotst\u00f6d - Sch\u00e4slong - Natur - 150 x 79 x 160 cm - TRUUSK - Hem, Tr\u00e4dg\u00e5rd &amp; Fritid","isPartOf":{"@id":"https:\/\/truusk.store\/sv\/#website"},"primaryImageOfPage":{"@id":"https:\/\/truusk.store\/sv\/produkt\/truusk-xxl-solstol-med-tak-3-sits-2-fallbara-bord-fotstod-schaslong-natur-150-x-79-x-160-cm\/#primaryimage"},"image":{"@id":"https:\/\/truusk.store\/sv\/produkt\/truusk-xxl-solstol-med-tak-3-sits-2-fallbara-bord-fotstod-schaslong-natur-150-x-79-x-160-cm\/#primaryimage"},"thumbnailUrl":"https:\/\/i0.wp.com\/truusk.store\/wp-content\/uploads\/2024\/02\/solstol-3-sits-solstol-med-tak-2-fallbara-bord-fotstod-schaslong-5-vanings-ryggstod-xxl-polyrattan-natur-150-x-79-x-160-cm.webp?fit=800%2C800&ssl=1","datePublished":"2024-02-13T22:36:50+00:00","dateModified":"2026-03-12T08:12:14+00:00","breadcrumb":{"@id":"https:\/\/truusk.store\/sv\/produkt\/truusk-xxl-solstol-med-tak-3-sits-2-fallbara-bord-fotstod-schaslong-natur-150-x-79-x-160-cm\/#breadcrumb"},"inLanguage":"sv-SE","potentialAction":[{"@type":"ReadAction","target":["https:\/\/truusk.store\/sv\/produkt\/truusk-xxl-solstol-med-tak-3-sits-2-fallbara-bord-fotstod-schaslong-natur-150-x-79-x-160-cm\/"]}]},{"@type":"ImageObject","inLanguage":"sv-SE","@id":"https:\/\/truusk.store\/sv\/produkt\/truusk-xxl-solstol-med-tak-3-sits-2-fallbara-bord-fotstod-schaslong-natur-150-x-79-x-160-cm\/#primaryimage","url":"https:\/\/i0.wp.com\/truusk.store\/wp-content\/uploads\/2024\/02\/solstol-3-sits-solstol-med-tak-2-fallbara-bord-fotstod-schaslong-5-vanings-ryggstod-xxl-polyrattan-natur-150-x-79-x-160-cm.webp?fit=800%2C800&ssl=1","contentUrl":"https:\/\/i0.wp.com\/truusk.store\/wp-content\/uploads\/2024\/02\/solstol-3-sits-solstol-med-tak-2-fallbara-bord-fotstod-schaslong-5-vanings-ryggstod-xxl-polyrattan-natur-150-x-79-x-160-cm.webp?fit=800%2C800&ssl=1","width":800,"height":800,"caption":"Solstol, 3-sits Solstol Med Tak, 2 F\u00e4llbara Bord, Fotst\u00f6d, Sch\u00e4slong, 5-v\u00e5nings Ryggst\u00f6d, XXL Polyrattan, Natur, 150 X 79 X 160 Cm 1"},{"@type":"BreadcrumbList","@id":"https:\/\/truusk.store\/sv\/produkt\/truusk-xxl-solstol-med-tak-3-sits-2-fallbara-bord-fotstod-schaslong-natur-150-x-79-x-160-cm\/#breadcrumb","itemListElement":[{"@type":"ListItem","position":1,"name":"Home","item":"https:\/\/truusk.store\/sv\/"},{"@type":"ListItem","position":2,"name":"Shop","item":"https:\/\/truusk.store\/shop\/"},{"@type":"ListItem","position":3,"name":"TRUUSK XXL Solstol Med Tak &#8211; 3-sits &#8211; 2 F\u00e4llbara Bord &#8211; Fotst\u00f6d &#8211; Sch\u00e4slong &#8211; Natur &#8211; 150 x 79 x 160 cm"}]},{"@type":"WebSite","@id":"https:\/\/truusk.store\/sv\/#website","url":"https:\/\/truusk.store\/sv\/","name":"TRUUSK - Hem, Tr\u00e4dg\u00e5rd & Fritid","description":"","publisher":{"@id":"https:\/\/truusk.store\/sv\/#organization"},"potentialAction":[{"@type":"SearchAction","target":{"@type":"EntryPoint","urlTemplate":"https:\/\/truusk.store\/sv\/?s={search_term_string}"},"query-input":{"@type":"PropertyValueSpecification","valueRequired":true,"valueName":"search_term_string"}}],"inLanguage":"sv-SE"},{"@type":"Organization","@id":"https:\/\/truusk.store\/sv\/#organization","name":"TRUUSK - Hem, Tr\u00e4dg\u00e5rd & Fritid","url":"https:\/\/truusk.store\/sv\/","logo":{"@type":"ImageObject","inLanguage":"sv-SE","@id":"https:\/\/truusk.store\/sv\/#\/schema\/logo\/image\/","url":"https:\/\/i0.wp.com\/truusk.store\/wp-content\/uploads\/2026\/03\/cropped-TRUUSK.png?fit=2032%2C917&ssl=1","contentUrl":"https:\/\/i0.wp.com\/truusk.store\/wp-content\/uploads\/2026\/03\/cropped-TRUUSK.png?fit=2032%2C917&ssl=1","width":2032,"height":917,"caption":"TRUUSK - Hem, Tr\u00e4dg\u00e5rd & Fritid"},"image":{"@id":"https:\/\/truusk.store\/sv\/#\/schema\/logo\/image\/"}}]}},"jetpack_sharing_enabled":true,"_links":{"self":[{"href":"https:\/\/truusk.store\/sv\/wp-json\/wp\/v2\/product\/35343","targetHints":{"allow":["GET"]}}],"collection":[{"href":"https:\/\/truusk.store\/sv\/wp-json\/wp\/v2\/product"}],"about":[{"href":"https:\/\/truusk.store\/sv\/wp-json\/wp\/v2\/types\/product"}],"wp:featuredmedia":[{"embeddable":true,"href":"https:\/\/truusk.store\/sv\/wp-json\/wp\/v2\/media\/35344"}],"wp:attachment":[{"href":"https:\/\/truusk.store\/sv\/wp-json\/wp\/v2\/media?parent=35343"}],"wp:term":[{"taxonomy":"product_brand","embeddable":true,"href":"https:\/\/truusk.store\/sv\/wp-json\/wp\/v2\/product_brand?post=35343"},{"taxonomy":"product_cat","embeddable":true,"href":"https:\/\/truusk.store\/sv\/wp-json\/wp\/v2\/product_cat?post=35343"},{"taxonomy":"product_tag","embeddable":true,"href":"https:\/\/truusk.store\/sv\/wp-json\/wp\/v2\/product_tag?post=35343"}],"curies":[{"name":"wp","href":"https:\/\/api.w.org\/{rel}","templated":true}]}}