{"id":35355,"date":"2024-02-13T23:37:09","date_gmt":"2024-02-13T22:37:09","guid":{"rendered":"https:\/\/truusk.store\/product\/solstol-dubbel-solstol-med-tak-inklusive-1-hopfallbart-bord-bla\/"},"modified":"2026-03-12T09:12:15","modified_gmt":"2026-03-12T08:12:15","slug":"truusk-solstol-dubbel-solstol-med-tak-inklusive-1-hopfallbart-bord-bla","status":"publish","type":"product","link":"https:\/\/truusk.store\/sv\/produkt\/truusk-solstol-dubbel-solstol-med-tak-inklusive-1-hopfallbart-bord-bla\/","title":{"rendered":"TRUUSK Solstol &#8211; Dubbel Solstol Med Tak &#8211; Inklusive 1 Hopf\u00e4llbart Bord &#8211; Bl\u00e5"},"content":{"rendered":"<p>Chic och mysig p\u00e5 samma g\u00e5ng: strandstolen f\u00f6r tv\u00e5 personer \u00e4r ett riktigt blickf\u00e5ng. Den ser lika bra ut p\u00e5 terrassen som i tr\u00e4dg\u00e5rden och erbjuder dig allt du vet fr\u00e5n strandstolar p\u00e5 semestern: tv\u00e5 praktiska hopf\u00e4llbara bord, utdragbara f\u00f6tter, ett soltak som kan f\u00e4llas ner och det st\u00e4llbara ryggst\u00f6det i flera niv\u00e5er. Det betyder att du enkelt kan ta hem den riktiga strand- och semesterk\u00e4nslan.<\/p>\n<h3>Beskrivning:<\/h3>\n<ul>\n<li>UV- och vattenbest\u00e4ndigt plastn\u00e4t med rottinglook<\/li>\n<li>Ryggst\u00f6d justerbart i fem steg fr\u00e5n 90 till 150<\/li>\n<li>Tv\u00e5 f\u00e4llbara bord<\/li>\n<li>Tv\u00e5 fot f\u00f6r utdragning<\/li>\n<li>Inv\u00e4ndiga sidfickor f\u00f6r f\u00f6rvaring av b\u00f6cker eller tidningar<\/li>\n<\/ul>\n<h3>Teknisk data:<\/h3>\n<ul>\n<li>Material: tr\u00e4, PE-rotting, polyester, skum<\/li>\n<li>\u00d6vergripande m\u00e5tt (sittposition): B118 x D79 x H160 cm (handtag ing\u00e5r ej)<\/li>\n<li>\u00d6vergripande m\u00e5tt (liggl\u00e4ge): B118 x D188 x H143 cm (handtag ing\u00e5r ej)<\/li>\n<li>Sittm\u00e5tt: B102 x D45 x H46<\/li>\n<li>M\u00e5tt: B31 x D46 x H35-42 cm<\/li>\n<li>M\u00e5tt f\u00e4llbord: L24 x B13 cm<\/li>\n<li>M\u00e5tt sidficka: L24 x B26 cm<\/li>\n<li>M\u00e5tt prydnadskudde: L35 x B35 cm<\/li>\n<li>Ryggst\u00f6dsvinkel: 90150<\/li>\n<li>Maximal lastkapacitet: 300 kg (sits), 25 kg (fotst\u00f6d), 4 kg (f\u00e4llbart bord)<\/li>\n<li>F\u00e4rg: Bl\u00e5+Vit<\/li>\n<\/ul>\n<h3>Leveransens omfattning:<\/h3>\n<ul>\n<li>1 x solstol<\/li>\n<li>2 x kuddar<\/li>\n<li>2 x prydnadskuddar<\/li>\n<li>1 x Sittdyna<\/li>\n<li>2 x ryggkuddar<\/li>\n<li>2 x fotst\u00f6dskuddar<\/li>\n<li>1 x Monteringsanvisning<\/li>\n<\/ul>\n","protected":false},"excerpt":{"rendered":"<p>Chic och mysig p\u00e5 samma g\u00e5ng: strandstolen f\u00f6r tv\u00e5 personer \u00e4r ett riktigt blickf\u00e5ng. Den ser lika bra ut p\u00e5&#8230;<\/p>\n","protected":false},"featured_media":35356,"template":"","meta":[],"product_brand":[],"product_cat":[451,435,450],"product_tag":[],"class_list":{"0":"post-35355","1":"product","2":"type-product","3":"status-publish","4":"has-post-thumbnail","6":"product_cat-solstolar","7":"product_cat-tradgard-och-terrass","8":"product_cat-tradgardsmobler","10":"first","11":"instock","12":"sale","13":"taxable","14":"shipping-taxable","15":"purchasable","16":"product-type-simple"},"yoast_head":"<!-- This site is optimized with the Yoast SEO plugin v25.4 - https:\/\/yoast.com\/wordpress\/plugins\/seo\/ -->\n<title>TRUUSK Solstol - Dubbel Solstol Med Tak - Inklusive 1 Hopf\u00e4llbart Bord - Bl\u00e5 - TRUUSK - Hem, Tr\u00e4dg\u00e5rd &amp; Fritid<\/title>\n<meta name=\"robots\" content=\"index, follow, max-snippet:-1, max-image-preview:large, max-video-preview:-1\" \/>\n<link rel=\"canonical\" href=\"https:\/\/truusk.store\/sv\/produkt\/truusk-solstol-dubbel-solstol-med-tak-inklusive-1-hopfallbart-bord-bla\/\" \/>\n<meta property=\"og:locale\" content=\"sv_SE\" \/>\n<meta property=\"og:type\" content=\"article\" \/>\n<meta property=\"og:title\" content=\"TRUUSK Solstol - Dubbel Solstol Med Tak - Inklusive 1 Hopf\u00e4llbart Bord - Bl\u00e5 - TRUUSK - Hem, Tr\u00e4dg\u00e5rd &amp; Fritid\" \/>\n<meta property=\"og:description\" content=\"Chic och mysig p\u00e5 samma g\u00e5ng: strandstolen f\u00f6r tv\u00e5 personer \u00e4r ett riktigt blickf\u00e5ng. Den ser lika bra ut p\u00e5...\" \/>\n<meta property=\"og:url\" content=\"https:\/\/truusk.store\/sv\/produkt\/truusk-solstol-dubbel-solstol-med-tak-inklusive-1-hopfallbart-bord-bla\/\" \/>\n<meta property=\"og:site_name\" content=\"TRUUSK - Hem, Tr\u00e4dg\u00e5rd &amp; Fritid\" \/>\n<meta property=\"article:modified_time\" content=\"2026-03-12T08:12:15+00:00\" \/>\n<meta property=\"og:image\" content=\"https:\/\/i0.wp.com\/truusk.se\/wp-content\/uploads\/2024\/02\/solstol-dubbel-solstol-med-tak-inklusive-1-hopfallbart-bord-bla.webp?fit=800%2C800&ssl=1\" \/>\n\t<meta property=\"og:image:width\" content=\"800\" \/>\n\t<meta property=\"og:image:height\" content=\"800\" \/>\n\t<meta property=\"og:image:type\" content=\"image\/webp\" \/>\n<meta name=\"twitter:card\" content=\"summary_large_image\" \/>\n<meta name=\"twitter:label1\" content=\"Ber\u00e4knad l\u00e4stid\" \/>\n\t<meta name=\"twitter:data1\" content=\"1 minut\" \/>\n<!-- \/ Yoast SEO plugin. -->","yoast_head_json":{"title":"TRUUSK Solstol - Dubbel Solstol Med Tak - Inklusive 1 Hopf\u00e4llbart Bord - Bl\u00e5 - TRUUSK - Hem, Tr\u00e4dg\u00e5rd &amp; Fritid","robots":{"index":"index","follow":"follow","max-snippet":"max-snippet:-1","max-image-preview":"max-image-preview:large","max-video-preview":"max-video-preview:-1"},"canonical":"https:\/\/truusk.store\/sv\/produkt\/truusk-solstol-dubbel-solstol-med-tak-inklusive-1-hopfallbart-bord-bla\/","og_locale":"sv_SE","og_type":"article","og_title":"TRUUSK Solstol - Dubbel Solstol Med Tak - Inklusive 1 Hopf\u00e4llbart Bord - Bl\u00e5 - TRUUSK - Hem, Tr\u00e4dg\u00e5rd &amp; Fritid","og_description":"Chic och mysig p\u00e5 samma g\u00e5ng: strandstolen f\u00f6r tv\u00e5 personer \u00e4r ett riktigt blickf\u00e5ng. Den ser lika bra ut p\u00e5...","og_url":"https:\/\/truusk.store\/sv\/produkt\/truusk-solstol-dubbel-solstol-med-tak-inklusive-1-hopfallbart-bord-bla\/","og_site_name":"TRUUSK - Hem, Tr\u00e4dg\u00e5rd &amp; Fritid","article_modified_time":"2026-03-12T08:12:15+00:00","og_image":[{"width":800,"height":800,"url":"https:\/\/i0.wp.com\/truusk.se\/wp-content\/uploads\/2024\/02\/solstol-dubbel-solstol-med-tak-inklusive-1-hopfallbart-bord-bla.webp?fit=800%2C800&ssl=1","type":"image\/webp"}],"twitter_card":"summary_large_image","twitter_misc":{"Ber\u00e4knad l\u00e4stid":"1 minut"},"schema":{"@context":"https:\/\/schema.org","@graph":[{"@type":"WebPage","@id":"https:\/\/truusk.store\/sv\/produkt\/truusk-solstol-dubbel-solstol-med-tak-inklusive-1-hopfallbart-bord-bla\/","url":"https:\/\/truusk.store\/sv\/produkt\/truusk-solstol-dubbel-solstol-med-tak-inklusive-1-hopfallbart-bord-bla\/","name":"TRUUSK Solstol - Dubbel Solstol Med Tak - Inklusive 1 Hopf\u00e4llbart Bord - Bl\u00e5 - TRUUSK - Hem, Tr\u00e4dg\u00e5rd &amp; Fritid","isPartOf":{"@id":"https:\/\/truusk.store\/sv\/#website"},"primaryImageOfPage":{"@id":"https:\/\/truusk.store\/sv\/produkt\/truusk-solstol-dubbel-solstol-med-tak-inklusive-1-hopfallbart-bord-bla\/#primaryimage"},"image":{"@id":"https:\/\/truusk.store\/sv\/produkt\/truusk-solstol-dubbel-solstol-med-tak-inklusive-1-hopfallbart-bord-bla\/#primaryimage"},"thumbnailUrl":"https:\/\/i0.wp.com\/truusk.store\/wp-content\/uploads\/2024\/02\/solstol-dubbel-solstol-med-tak-inklusive-1-hopfallbart-bord-bla.webp?fit=800%2C800&ssl=1","datePublished":"2024-02-13T22:37:09+00:00","dateModified":"2026-03-12T08:12:15+00:00","breadcrumb":{"@id":"https:\/\/truusk.store\/sv\/produkt\/truusk-solstol-dubbel-solstol-med-tak-inklusive-1-hopfallbart-bord-bla\/#breadcrumb"},"inLanguage":"sv-SE","potentialAction":[{"@type":"ReadAction","target":["https:\/\/truusk.store\/sv\/produkt\/truusk-solstol-dubbel-solstol-med-tak-inklusive-1-hopfallbart-bord-bla\/"]}]},{"@type":"ImageObject","inLanguage":"sv-SE","@id":"https:\/\/truusk.store\/sv\/produkt\/truusk-solstol-dubbel-solstol-med-tak-inklusive-1-hopfallbart-bord-bla\/#primaryimage","url":"https:\/\/i0.wp.com\/truusk.store\/wp-content\/uploads\/2024\/02\/solstol-dubbel-solstol-med-tak-inklusive-1-hopfallbart-bord-bla.webp?fit=800%2C800&ssl=1","contentUrl":"https:\/\/i0.wp.com\/truusk.store\/wp-content\/uploads\/2024\/02\/solstol-dubbel-solstol-med-tak-inklusive-1-hopfallbart-bord-bla.webp?fit=800%2C800&ssl=1","width":800,"height":800,"caption":"Solstol, Dubbel Solstol Med Tak, Inklusive 1 Hopf\u00e4llbart Bord, Bl\u00e5 1"},{"@type":"BreadcrumbList","@id":"https:\/\/truusk.store\/sv\/produkt\/truusk-solstol-dubbel-solstol-med-tak-inklusive-1-hopfallbart-bord-bla\/#breadcrumb","itemListElement":[{"@type":"ListItem","position":1,"name":"Home","item":"https:\/\/truusk.store\/sv\/"},{"@type":"ListItem","position":2,"name":"Shop","item":"https:\/\/truusk.store\/shop\/"},{"@type":"ListItem","position":3,"name":"TRUUSK Solstol &#8211; Dubbel Solstol Med Tak &#8211; Inklusive 1 Hopf\u00e4llbart Bord &#8211; Bl\u00e5"}]},{"@type":"WebSite","@id":"https:\/\/truusk.store\/sv\/#website","url":"https:\/\/truusk.store\/sv\/","name":"TRUUSK - Hem, Tr\u00e4dg\u00e5rd & Fritid","description":"","publisher":{"@id":"https:\/\/truusk.store\/sv\/#organization"},"potentialAction":[{"@type":"SearchAction","target":{"@type":"EntryPoint","urlTemplate":"https:\/\/truusk.store\/sv\/?s={search_term_string}"},"query-input":{"@type":"PropertyValueSpecification","valueRequired":true,"valueName":"search_term_string"}}],"inLanguage":"sv-SE"},{"@type":"Organization","@id":"https:\/\/truusk.store\/sv\/#organization","name":"TRUUSK - Hem, Tr\u00e4dg\u00e5rd & Fritid","url":"https:\/\/truusk.store\/sv\/","logo":{"@type":"ImageObject","inLanguage":"sv-SE","@id":"https:\/\/truusk.store\/sv\/#\/schema\/logo\/image\/","url":"https:\/\/i0.wp.com\/truusk.store\/wp-content\/uploads\/2026\/03\/cropped-TRUUSK.png?fit=2032%2C917&ssl=1","contentUrl":"https:\/\/i0.wp.com\/truusk.store\/wp-content\/uploads\/2026\/03\/cropped-TRUUSK.png?fit=2032%2C917&ssl=1","width":2032,"height":917,"caption":"TRUUSK - Hem, Tr\u00e4dg\u00e5rd & Fritid"},"image":{"@id":"https:\/\/truusk.store\/sv\/#\/schema\/logo\/image\/"}}]}},"jetpack_sharing_enabled":true,"_links":{"self":[{"href":"https:\/\/truusk.store\/sv\/wp-json\/wp\/v2\/product\/35355","targetHints":{"allow":["GET"]}}],"collection":[{"href":"https:\/\/truusk.store\/sv\/wp-json\/wp\/v2\/product"}],"about":[{"href":"https:\/\/truusk.store\/sv\/wp-json\/wp\/v2\/types\/product"}],"wp:featuredmedia":[{"embeddable":true,"href":"https:\/\/truusk.store\/sv\/wp-json\/wp\/v2\/media\/35356"}],"wp:attachment":[{"href":"https:\/\/truusk.store\/sv\/wp-json\/wp\/v2\/media?parent=35355"}],"wp:term":[{"taxonomy":"product_brand","embeddable":true,"href":"https:\/\/truusk.store\/sv\/wp-json\/wp\/v2\/product_brand?post=35355"},{"taxonomy":"product_cat","embeddable":true,"href":"https:\/\/truusk.store\/sv\/wp-json\/wp\/v2\/product_cat?post=35355"},{"taxonomy":"product_tag","embeddable":true,"href":"https:\/\/truusk.store\/sv\/wp-json\/wp\/v2\/product_tag?post=35355"}],"curies":[{"name":"wp","href":"https:\/\/api.w.org\/{rel}","templated":true}]}}