{"id":35511,"date":"2024-02-13T23:42:56","date_gmt":"2024-02-13T22:42:56","guid":{"rendered":"https:\/\/truusk.store\/product\/sandlada-sandlada-tra-bottenlos-design-leryta-for-barn-3-7-ar-sandlada-med-tacktak-for-tradgard-uteplats-strand-utomhus-gul-1075-x-1075-x-110-cm\/"},"modified":"2026-03-12T09:12:16","modified_gmt":"2026-03-12T08:12:16","slug":"truusk-sandlada-i-tra-bottenlos-design-for-barn-3-7-ar-med-tacktak-utomhus-gul-1075-x-1075-x-110-cm","status":"publish","type":"product","link":"https:\/\/truusk.store\/sv\/produkt\/truusk-sandlada-i-tra-bottenlos-design-for-barn-3-7-ar-med-tacktak-utomhus-gul-1075-x-1075-x-110-cm\/","title":{"rendered":"TRUUSK Sandl\u00e5da i Tr\u00e4 &#8211; Bottenl\u00f6s Design &#8211; F\u00f6r Barn 3-7 \u00e5r &#8211; Med T\u00e4cktak &#8211; Utomhus &#8211; Gul 107,5 X 107,5 X 110 cm"},"content":{"rendered":"<p>\u00c4lskar dina barn att leka i sanden? D\u00e5 vill du aldrig vara utan denna fantastiska, t\u00e4ckta sandl\u00e5da igen! Solskyddet, som kan justeras i h\u00f6jd och vinkel, skyddar dina barn fr\u00e5n v\u00e4rme och skadliga UV-str\u00e5lar. Sandl\u00e5dan erbjuder tillr\u00e4ckligt med utrymme s\u00e5 att flera barn bekv\u00e4mt kan gr\u00e4va, bygga och springa runt tillsammans. Ge dina sm\u00e5 of\u00f6rgl\u00f6mliga roliga g\u00e5vor och f\u00f6rvandla din tr\u00e4dg\u00e5rd till en riktig sandlekplats!<\/p>\n<h3>Beskrivning:<\/h3>\n<ul>\n<li>Tillverkad av slitstarkt grantr\u00e4 som \u00e4r spricks\u00e4kert och inte bleknar<\/li>\n<li>Med vinkel- och h\u00f6jdjusterbart taktak<\/li>\n<li>Polerad, sl\u00e4t yta p\u00e5 tr\u00e4ramen f\u00f6rhindrar repor p\u00e5 barns hud<\/li>\n<li>Den rymmer upp till 160 kg sand<\/li>\n<li>Med tv\u00e5 plastl\u00e5dor f\u00f6r leksaker och dricksflaskor<\/li>\n<li>Idealisk dr\u00e4nering och luftning av sanden, s\u00e5v\u00e4l som eventuell justering av sanddjupet genom sandl\u00e5dans inre tygfoder<\/li>\n<li>Montering kr\u00e4vs<\/li>\n<\/ul>\n<h3>Teknisk data:<\/h3>\n<ul>\n<li>F\u00e4rg gul<\/li>\n<li>Material: gran, fleecebas, polyester, plast<\/li>\n<li>\u00d6vergripande m\u00e5tt: 107,5L x 107,5W x 110H cm<\/li>\n<li>Innerm\u00e5tt: 73L x 89W x 17,5H cm<\/li>\n<li>Sitsstorlek: 107,5L x 9W cm<\/li>\n<li>Kapellm\u00e5tt: 100L x 107,5W cm. Justerbar h\u00f6jd (fr\u00e5n golv): 18-110 cm<\/li>\n<li>Maedes plastpool: 25L x 17W x 6,5H cm<\/li>\n<li>Lastkapacitet: 50 kg<\/li>\n<li>L\u00e4mplig f\u00f6r barn i \u00e5ldrarna 3 till 7 \u00e5r<\/li>\n<\/ul>\n<h3>Leveransens omfattning:<\/h3>\n<ul>\n<li>1 x sandl\u00e5da<\/li>\n<li>1 x Instruktioner<\/li>\n<\/ul>\n","protected":false},"excerpt":{"rendered":"<p>\u00c4lskar dina barn att leka i sanden? D\u00e5 vill du aldrig vara utan denna fantastiska, t\u00e4ckta sandl\u00e5da igen! Solskyddet, som&#8230;<\/p>\n","protected":false},"featured_media":35512,"template":"","meta":[],"product_brand":[],"product_cat":[609,620,616],"product_tag":[],"class_list":{"0":"post-35511","1":"product","2":"type-product","3":"status-publish","4":"has-post-thumbnail","6":"product_cat-baby-barn","7":"product_cat-sandlador-tillbehor","8":"product_cat-utomhusleksaker","10":"first","11":"instock","12":"sale","13":"taxable","14":"shipping-taxable","15":"purchasable","16":"product-type-simple"},"yoast_head":"<!-- This site is optimized with the Yoast SEO plugin v25.4 - https:\/\/yoast.com\/wordpress\/plugins\/seo\/ -->\n<title>TRUUSK Sandl\u00e5da i Tr\u00e4 - Bottenl\u00f6s Design - F\u00f6r Barn 3-7 \u00e5r - Med T\u00e4cktak - Utomhus - Gul 107,5 X 107,5 X 110 cm - TRUUSK - Hem, Tr\u00e4dg\u00e5rd &amp; Fritid<\/title>\n<meta name=\"robots\" content=\"index, follow, max-snippet:-1, max-image-preview:large, max-video-preview:-1\" \/>\n<link rel=\"canonical\" href=\"https:\/\/truusk.store\/sv\/produkt\/truusk-sandlada-i-tra-bottenlos-design-for-barn-3-7-ar-med-tacktak-utomhus-gul-1075-x-1075-x-110-cm\/\" \/>\n<meta property=\"og:locale\" content=\"sv_SE\" \/>\n<meta property=\"og:type\" content=\"article\" \/>\n<meta property=\"og:title\" content=\"TRUUSK Sandl\u00e5da i Tr\u00e4 - Bottenl\u00f6s Design - F\u00f6r Barn 3-7 \u00e5r - Med T\u00e4cktak - Utomhus - Gul 107,5 X 107,5 X 110 cm - TRUUSK - Hem, Tr\u00e4dg\u00e5rd &amp; Fritid\" \/>\n<meta property=\"og:description\" content=\"\u00c4lskar dina barn att leka i sanden? D\u00e5 vill du aldrig vara utan denna fantastiska, t\u00e4ckta sandl\u00e5da igen! Solskyddet, som...\" \/>\n<meta property=\"og:url\" content=\"https:\/\/truusk.store\/sv\/produkt\/truusk-sandlada-i-tra-bottenlos-design-for-barn-3-7-ar-med-tacktak-utomhus-gul-1075-x-1075-x-110-cm\/\" \/>\n<meta property=\"og:site_name\" content=\"TRUUSK - Hem, Tr\u00e4dg\u00e5rd &amp; Fritid\" \/>\n<meta property=\"article:modified_time\" content=\"2026-03-12T08:12:16+00:00\" \/>\n<meta property=\"og:image\" content=\"https:\/\/i0.wp.com\/truusk.se\/wp-content\/uploads\/2024\/02\/sandlada-sandlada-tra-bottenlos-design-leryta-for-barn-3-7-ar-sandlada-med-tacktak-for-tradgard-uteplats-strand-utomhus-gul-1075-x-1075-x-110-cm.webp?fit=800%2C800&ssl=1\" \/>\n\t<meta property=\"og:image:width\" content=\"800\" \/>\n\t<meta property=\"og:image:height\" content=\"800\" \/>\n\t<meta property=\"og:image:type\" content=\"image\/webp\" \/>\n<meta name=\"twitter:card\" content=\"summary_large_image\" \/>\n<meta name=\"twitter:label1\" content=\"Ber\u00e4knad l\u00e4stid\" \/>\n\t<meta name=\"twitter:data1\" content=\"1 minut\" \/>\n<!-- \/ Yoast SEO plugin. -->","yoast_head_json":{"title":"TRUUSK Sandl\u00e5da i Tr\u00e4 - Bottenl\u00f6s Design - F\u00f6r Barn 3-7 \u00e5r - Med T\u00e4cktak - Utomhus - Gul 107,5 X 107,5 X 110 cm - TRUUSK - Hem, Tr\u00e4dg\u00e5rd &amp; Fritid","robots":{"index":"index","follow":"follow","max-snippet":"max-snippet:-1","max-image-preview":"max-image-preview:large","max-video-preview":"max-video-preview:-1"},"canonical":"https:\/\/truusk.store\/sv\/produkt\/truusk-sandlada-i-tra-bottenlos-design-for-barn-3-7-ar-med-tacktak-utomhus-gul-1075-x-1075-x-110-cm\/","og_locale":"sv_SE","og_type":"article","og_title":"TRUUSK Sandl\u00e5da i Tr\u00e4 - Bottenl\u00f6s Design - F\u00f6r Barn 3-7 \u00e5r - Med T\u00e4cktak - Utomhus - Gul 107,5 X 107,5 X 110 cm - TRUUSK - Hem, Tr\u00e4dg\u00e5rd &amp; Fritid","og_description":"\u00c4lskar dina barn att leka i sanden? D\u00e5 vill du aldrig vara utan denna fantastiska, t\u00e4ckta sandl\u00e5da igen! Solskyddet, som...","og_url":"https:\/\/truusk.store\/sv\/produkt\/truusk-sandlada-i-tra-bottenlos-design-for-barn-3-7-ar-med-tacktak-utomhus-gul-1075-x-1075-x-110-cm\/","og_site_name":"TRUUSK - Hem, Tr\u00e4dg\u00e5rd &amp; Fritid","article_modified_time":"2026-03-12T08:12:16+00:00","og_image":[{"width":800,"height":800,"url":"https:\/\/i0.wp.com\/truusk.se\/wp-content\/uploads\/2024\/02\/sandlada-sandlada-tra-bottenlos-design-leryta-for-barn-3-7-ar-sandlada-med-tacktak-for-tradgard-uteplats-strand-utomhus-gul-1075-x-1075-x-110-cm.webp?fit=800%2C800&ssl=1","type":"image\/webp"}],"twitter_card":"summary_large_image","twitter_misc":{"Ber\u00e4knad l\u00e4stid":"1 minut"},"schema":{"@context":"https:\/\/schema.org","@graph":[{"@type":"WebPage","@id":"https:\/\/truusk.store\/sv\/produkt\/truusk-sandlada-i-tra-bottenlos-design-for-barn-3-7-ar-med-tacktak-utomhus-gul-1075-x-1075-x-110-cm\/","url":"https:\/\/truusk.store\/sv\/produkt\/truusk-sandlada-i-tra-bottenlos-design-for-barn-3-7-ar-med-tacktak-utomhus-gul-1075-x-1075-x-110-cm\/","name":"TRUUSK Sandl\u00e5da i Tr\u00e4 - Bottenl\u00f6s Design - F\u00f6r Barn 3-7 \u00e5r - Med T\u00e4cktak - Utomhus - Gul 107,5 X 107,5 X 110 cm - TRUUSK - Hem, Tr\u00e4dg\u00e5rd &amp; Fritid","isPartOf":{"@id":"https:\/\/truusk.store\/sv\/#website"},"primaryImageOfPage":{"@id":"https:\/\/truusk.store\/sv\/produkt\/truusk-sandlada-i-tra-bottenlos-design-for-barn-3-7-ar-med-tacktak-utomhus-gul-1075-x-1075-x-110-cm\/#primaryimage"},"image":{"@id":"https:\/\/truusk.store\/sv\/produkt\/truusk-sandlada-i-tra-bottenlos-design-for-barn-3-7-ar-med-tacktak-utomhus-gul-1075-x-1075-x-110-cm\/#primaryimage"},"thumbnailUrl":"https:\/\/i0.wp.com\/truusk.store\/wp-content\/uploads\/2024\/02\/sandlada-sandlada-tra-bottenlos-design-leryta-for-barn-3-7-ar-sandlada-med-tacktak-for-tradgard-uteplats-strand-utomhus-gul-1075-x-1075-x-110-cm.webp?fit=800%2C800&ssl=1","datePublished":"2024-02-13T22:42:56+00:00","dateModified":"2026-03-12T08:12:16+00:00","breadcrumb":{"@id":"https:\/\/truusk.store\/sv\/produkt\/truusk-sandlada-i-tra-bottenlos-design-for-barn-3-7-ar-med-tacktak-utomhus-gul-1075-x-1075-x-110-cm\/#breadcrumb"},"inLanguage":"sv-SE","potentialAction":[{"@type":"ReadAction","target":["https:\/\/truusk.store\/sv\/produkt\/truusk-sandlada-i-tra-bottenlos-design-for-barn-3-7-ar-med-tacktak-utomhus-gul-1075-x-1075-x-110-cm\/"]}]},{"@type":"ImageObject","inLanguage":"sv-SE","@id":"https:\/\/truusk.store\/sv\/produkt\/truusk-sandlada-i-tra-bottenlos-design-for-barn-3-7-ar-med-tacktak-utomhus-gul-1075-x-1075-x-110-cm\/#primaryimage","url":"https:\/\/i0.wp.com\/truusk.store\/wp-content\/uploads\/2024\/02\/sandlada-sandlada-tra-bottenlos-design-leryta-for-barn-3-7-ar-sandlada-med-tacktak-for-tradgard-uteplats-strand-utomhus-gul-1075-x-1075-x-110-cm.webp?fit=800%2C800&ssl=1","contentUrl":"https:\/\/i0.wp.com\/truusk.store\/wp-content\/uploads\/2024\/02\/sandlada-sandlada-tra-bottenlos-design-leryta-for-barn-3-7-ar-sandlada-med-tacktak-for-tradgard-uteplats-strand-utomhus-gul-1075-x-1075-x-110-cm.webp?fit=800%2C800&ssl=1","width":800,"height":800,"caption":"Sandl\u00e5da Sandl\u00e5da Tr\u00e4 Bottenl\u00f6s Design Leryta F\u00f6r Barn 3-7 \u00e5r Sandl\u00e5da Med T\u00e4cktak F\u00f6r Tr\u00e4dg\u00e5rd Uteplats Strand Utomhus Gul 107,5 X 107,5 X 110 Cm 1"},{"@type":"BreadcrumbList","@id":"https:\/\/truusk.store\/sv\/produkt\/truusk-sandlada-i-tra-bottenlos-design-for-barn-3-7-ar-med-tacktak-utomhus-gul-1075-x-1075-x-110-cm\/#breadcrumb","itemListElement":[{"@type":"ListItem","position":1,"name":"Home","item":"https:\/\/truusk.store\/sv\/"},{"@type":"ListItem","position":2,"name":"Shop","item":"https:\/\/truusk.store\/shop\/"},{"@type":"ListItem","position":3,"name":"TRUUSK Sandl\u00e5da i Tr\u00e4 &#8211; Bottenl\u00f6s Design &#8211; F\u00f6r Barn 3-7 \u00e5r &#8211; Med T\u00e4cktak &#8211; Utomhus &#8211; Gul 107,5 X 107,5 X 110 cm"}]},{"@type":"WebSite","@id":"https:\/\/truusk.store\/sv\/#website","url":"https:\/\/truusk.store\/sv\/","name":"TRUUSK - Hem, Tr\u00e4dg\u00e5rd & Fritid","description":"","publisher":{"@id":"https:\/\/truusk.store\/sv\/#organization"},"potentialAction":[{"@type":"SearchAction","target":{"@type":"EntryPoint","urlTemplate":"https:\/\/truusk.store\/sv\/?s={search_term_string}"},"query-input":{"@type":"PropertyValueSpecification","valueRequired":true,"valueName":"search_term_string"}}],"inLanguage":"sv-SE"},{"@type":"Organization","@id":"https:\/\/truusk.store\/sv\/#organization","name":"TRUUSK - Hem, Tr\u00e4dg\u00e5rd & Fritid","url":"https:\/\/truusk.store\/sv\/","logo":{"@type":"ImageObject","inLanguage":"sv-SE","@id":"https:\/\/truusk.store\/sv\/#\/schema\/logo\/image\/","url":"https:\/\/i0.wp.com\/truusk.store\/wp-content\/uploads\/2026\/03\/cropped-TRUUSK.png?fit=2032%2C917&ssl=1","contentUrl":"https:\/\/i0.wp.com\/truusk.store\/wp-content\/uploads\/2026\/03\/cropped-TRUUSK.png?fit=2032%2C917&ssl=1","width":2032,"height":917,"caption":"TRUUSK - Hem, Tr\u00e4dg\u00e5rd & Fritid"},"image":{"@id":"https:\/\/truusk.store\/sv\/#\/schema\/logo\/image\/"}}]}},"jetpack_sharing_enabled":true,"_links":{"self":[{"href":"https:\/\/truusk.store\/sv\/wp-json\/wp\/v2\/product\/35511","targetHints":{"allow":["GET"]}}],"collection":[{"href":"https:\/\/truusk.store\/sv\/wp-json\/wp\/v2\/product"}],"about":[{"href":"https:\/\/truusk.store\/sv\/wp-json\/wp\/v2\/types\/product"}],"wp:featuredmedia":[{"embeddable":true,"href":"https:\/\/truusk.store\/sv\/wp-json\/wp\/v2\/media\/35512"}],"wp:attachment":[{"href":"https:\/\/truusk.store\/sv\/wp-json\/wp\/v2\/media?parent=35511"}],"wp:term":[{"taxonomy":"product_brand","embeddable":true,"href":"https:\/\/truusk.store\/sv\/wp-json\/wp\/v2\/product_brand?post=35511"},{"taxonomy":"product_cat","embeddable":true,"href":"https:\/\/truusk.store\/sv\/wp-json\/wp\/v2\/product_cat?post=35511"},{"taxonomy":"product_tag","embeddable":true,"href":"https:\/\/truusk.store\/sv\/wp-json\/wp\/v2\/product_tag?post=35511"}],"curies":[{"name":"wp","href":"https:\/\/api.w.org\/{rel}","templated":true}]}}