{"id":35544,"date":"2024-02-13T23:44:01","date_gmt":"2024-02-13T22:44:01","guid":{"rendered":"https:\/\/truusk.store\/product\/2-i-1-utomhuspizzaugn-med-hjul-grillugn-med-skyddskapa-pizzaskyffel-2-grillnat-grillvagn-med-skorsten-3-vanings-vedeldad-ugn-for-bbq-stal-svart-silver-63-x-54-x-161-centimeter\/"},"modified":"2026-03-12T09:12:16","modified_gmt":"2026-03-12T08:12:16","slug":"truusk-2-i-1-utomhuspizzaugn-med-hjul-grillugn-med-skyddskapa-pizzaskyffel-2-grillnat-stal-svart-silver-63-x-54-x","status":"publish","type":"product","link":"https:\/\/truusk.store\/sv\/produkt\/truusk-2-i-1-utomhuspizzaugn-med-hjul-grillugn-med-skyddskapa-pizzaskyffel-2-grillnat-stal-svart-silver-63-x-54-x\/","title":{"rendered":"TRUUSK 2-i-1 Utomhuspizzaugn Med Hjul &#8211; Grillugn Med Skyddsk\u00e5pa &#8211; Pizzaskyffel &#8211; 2 Grilln\u00e4t &#8211; St\u00e5l &#8211; Svart + Silver &#8211; 63 X 54 X"},"content":{"rendered":"<p>Denna 2-i-1-ugn l\u00e5ter dig g\u00f6ra uts\u00f6kt pizza av restaurangkvalitet p\u00e5 din egen bakg\u00e5rd! Tack vare den medf\u00f6ljande pizzastenen och grillgallret kan ugnen anv\u00e4ndas som pizzaugn eller BBQ-grill. En termometer p\u00e5 toppen visar hela tiden temperaturen inne i ugnen f\u00f6r att f\u00f6rhindra att maten br\u00e4nns. F\u00f6r alla n\u00e4rvarandes s\u00e4kerhet leds v\u00e4rmen och r\u00f6ken upp\u00e5t genom ett h\u00f6gt r\u00f6kr\u00f6r.<\/p>\n<h3>Beskrivning:<\/h3>\n<ul>\n<li>Tre niv\u00e5er: \u00f6vre niv\u00e5 f\u00f6r pizzabakning eller BBQ, mellanniv\u00e5 f\u00f6r tr\u00e4kol, nedre niv\u00e5 f\u00f6r att samla aska<\/li>\n<li>Anv\u00e4nder tr\u00e4kol och pellets som br\u00e4nsle<\/li>\n<li>Kolst\u00e5lh\u00f6ljet \u00e4r starkt, h\u00e5llbart och motst\u00e5ndskraftigt mot rost och repor<\/li>\n<li>V\u00e4rmeskyddade handtag s\u00e4kerst\u00e4ller s\u00e4ker och enkel \u00f6ppning<\/li>\n<li>Termometern p\u00e5 toppen av enheten visar den inre temperaturen f\u00f6r att f\u00f6rhindra att maten br\u00e4nns<\/li>\n<li>Det h\u00f6ga r\u00f6kr\u00f6ret drar bort r\u00f6ken och leder bort den fr\u00e5n alla n\u00e4rvarande<\/li>\n<li>H\u00e4lsogrilln\u00e4t finns tillg\u00e4ngligt<\/li>\n<li>Med lock f\u00f6r att skydda mot regn och damm. Montering kr\u00e4vs<\/li>\n<\/ul>\n<h3>Teknisk data:<\/h3>\n<ul>\n<li>F\u00e4rg: Svart+Silver<\/li>\n<li>Material: kolst\u00e5l<\/li>\n<li>\u00d6vergripande m\u00e5tt: 63L x 54W x 161H cm<\/li>\n<li>Varje grillgallsstorlek: 34,5L x 24,5W x 0,5H cm<\/li>\n<li>Askuppsamlingsbeh\u00e5llarens storlek: 38,5L x 35W x 7,5H cm<\/li>\n<li>Pizzastensstorlek: 30L x 30W cm<\/li>\n<li>Storlek f\u00f6r f\u00f6rvaringsutrymme: 41,5L x 36,5W cm<\/li>\n<li>F\u00f6rvaringsfackets h\u00f6jd mot golvet: 14,5 cm<\/li>\n<li>Hjulstorlek: 15 cm<\/li>\n<li>Lastkapacitet: (grilln\u00e4t) 5 kg, (koln\u00e4t) 3,5 kg<\/li>\n<\/ul>\n<h3>Leveransens omfattning:<\/h3>\n<ul>\n<li>1 x pizzaugn<\/li>\n<li>1 x skyddsfodral<\/li>\n<li>1 x Pizzasten<\/li>\n<li>1 x Pizzaskyffel<\/li>\n<li>2 x Grilln\u00e4t<\/li>\n<li>1 x koln\u00e4t<\/li>\n<li>1 x Instruktioner<\/li>\n<\/ul>\n","protected":false},"excerpt":{"rendered":"<p>Denna 2-i-1-ugn l\u00e5ter dig g\u00f6ra uts\u00f6kt pizza av restaurangkvalitet p\u00e5 din egen bakg\u00e5rd! Tack vare den medf\u00f6ljande pizzastenen och grillgallret&#8230;<\/p>\n","protected":false},"featured_media":35545,"template":"","meta":[],"product_brand":[],"product_cat":[440,439,435],"product_tag":[],"class_list":{"0":"post-35544","1":"product","2":"type-product","3":"status-publish","4":"has-post-thumbnail","6":"product_cat-grillar","7":"product_cat-grillning-uppvarmning","8":"product_cat-tradgard-och-terrass","10":"first","11":"instock","12":"sale","13":"taxable","14":"shipping-taxable","15":"purchasable","16":"product-type-simple"},"yoast_head":"<!-- This site is optimized with the Yoast SEO plugin v25.4 - https:\/\/yoast.com\/wordpress\/plugins\/seo\/ -->\n<title>TRUUSK 2-i-1 Utomhuspizzaugn Med Hjul - Grillugn Med Skyddsk\u00e5pa - Pizzaskyffel - 2 Grilln\u00e4t - St\u00e5l - Svart + Silver - 63 X 54 X - TRUUSK - Hem, Tr\u00e4dg\u00e5rd &amp; Fritid<\/title>\n<meta name=\"robots\" content=\"index, follow, max-snippet:-1, max-image-preview:large, max-video-preview:-1\" \/>\n<link rel=\"canonical\" href=\"https:\/\/truusk.store\/sv\/produkt\/truusk-2-i-1-utomhuspizzaugn-med-hjul-grillugn-med-skyddskapa-pizzaskyffel-2-grillnat-stal-svart-silver-63-x-54-x\/\" \/>\n<meta property=\"og:locale\" content=\"sv_SE\" \/>\n<meta property=\"og:type\" content=\"article\" \/>\n<meta property=\"og:title\" content=\"TRUUSK 2-i-1 Utomhuspizzaugn Med Hjul - Grillugn Med Skyddsk\u00e5pa - Pizzaskyffel - 2 Grilln\u00e4t - St\u00e5l - Svart + Silver - 63 X 54 X - TRUUSK - Hem, Tr\u00e4dg\u00e5rd &amp; Fritid\" \/>\n<meta property=\"og:description\" content=\"Denna 2-i-1-ugn l\u00e5ter dig g\u00f6ra uts\u00f6kt pizza av restaurangkvalitet p\u00e5 din egen bakg\u00e5rd! Tack vare den medf\u00f6ljande pizzastenen och grillgallret...\" \/>\n<meta property=\"og:url\" content=\"https:\/\/truusk.store\/sv\/produkt\/truusk-2-i-1-utomhuspizzaugn-med-hjul-grillugn-med-skyddskapa-pizzaskyffel-2-grillnat-stal-svart-silver-63-x-54-x\/\" \/>\n<meta property=\"og:site_name\" content=\"TRUUSK - Hem, Tr\u00e4dg\u00e5rd &amp; Fritid\" \/>\n<meta property=\"article:modified_time\" content=\"2026-03-12T08:12:16+00:00\" \/>\n<meta property=\"og:image\" content=\"https:\/\/i0.wp.com\/truusk.se\/wp-content\/uploads\/2024\/02\/2-i-1-utomhuspizzaugn-med-hjul-grillugn-med-skyddskapa-pizzaskyffel-2-grillnat-grillvagn-med-skorsten-3-vanings-vedeldad-ugn-for-bbq-stal-svart-silver-63-x-54-x-161-centimeter.webp?fit=800%2C800&ssl=1\" \/>\n\t<meta property=\"og:image:width\" content=\"800\" \/>\n\t<meta property=\"og:image:height\" content=\"800\" \/>\n\t<meta property=\"og:image:type\" content=\"image\/webp\" \/>\n<meta name=\"twitter:card\" content=\"summary_large_image\" \/>\n<meta name=\"twitter:label1\" content=\"Ber\u00e4knad l\u00e4stid\" \/>\n\t<meta name=\"twitter:data1\" content=\"1 minut\" \/>\n<!-- \/ Yoast SEO plugin. -->","yoast_head_json":{"title":"TRUUSK 2-i-1 Utomhuspizzaugn Med Hjul - Grillugn Med Skyddsk\u00e5pa - Pizzaskyffel - 2 Grilln\u00e4t - St\u00e5l - Svart + Silver - 63 X 54 X - TRUUSK - Hem, Tr\u00e4dg\u00e5rd &amp; Fritid","robots":{"index":"index","follow":"follow","max-snippet":"max-snippet:-1","max-image-preview":"max-image-preview:large","max-video-preview":"max-video-preview:-1"},"canonical":"https:\/\/truusk.store\/sv\/produkt\/truusk-2-i-1-utomhuspizzaugn-med-hjul-grillugn-med-skyddskapa-pizzaskyffel-2-grillnat-stal-svart-silver-63-x-54-x\/","og_locale":"sv_SE","og_type":"article","og_title":"TRUUSK 2-i-1 Utomhuspizzaugn Med Hjul - Grillugn Med Skyddsk\u00e5pa - Pizzaskyffel - 2 Grilln\u00e4t - St\u00e5l - Svart + Silver - 63 X 54 X - TRUUSK - Hem, Tr\u00e4dg\u00e5rd &amp; Fritid","og_description":"Denna 2-i-1-ugn l\u00e5ter dig g\u00f6ra uts\u00f6kt pizza av restaurangkvalitet p\u00e5 din egen bakg\u00e5rd! Tack vare den medf\u00f6ljande pizzastenen och grillgallret...","og_url":"https:\/\/truusk.store\/sv\/produkt\/truusk-2-i-1-utomhuspizzaugn-med-hjul-grillugn-med-skyddskapa-pizzaskyffel-2-grillnat-stal-svart-silver-63-x-54-x\/","og_site_name":"TRUUSK - Hem, Tr\u00e4dg\u00e5rd &amp; Fritid","article_modified_time":"2026-03-12T08:12:16+00:00","og_image":[{"width":800,"height":800,"url":"https:\/\/i0.wp.com\/truusk.se\/wp-content\/uploads\/2024\/02\/2-i-1-utomhuspizzaugn-med-hjul-grillugn-med-skyddskapa-pizzaskyffel-2-grillnat-grillvagn-med-skorsten-3-vanings-vedeldad-ugn-for-bbq-stal-svart-silver-63-x-54-x-161-centimeter.webp?fit=800%2C800&ssl=1","type":"image\/webp"}],"twitter_card":"summary_large_image","twitter_misc":{"Ber\u00e4knad l\u00e4stid":"1 minut"},"schema":{"@context":"https:\/\/schema.org","@graph":[{"@type":"WebPage","@id":"https:\/\/truusk.store\/sv\/produkt\/truusk-2-i-1-utomhuspizzaugn-med-hjul-grillugn-med-skyddskapa-pizzaskyffel-2-grillnat-stal-svart-silver-63-x-54-x\/","url":"https:\/\/truusk.store\/sv\/produkt\/truusk-2-i-1-utomhuspizzaugn-med-hjul-grillugn-med-skyddskapa-pizzaskyffel-2-grillnat-stal-svart-silver-63-x-54-x\/","name":"TRUUSK 2-i-1 Utomhuspizzaugn Med Hjul - Grillugn Med Skyddsk\u00e5pa - Pizzaskyffel - 2 Grilln\u00e4t - St\u00e5l - Svart + Silver - 63 X 54 X - TRUUSK - Hem, Tr\u00e4dg\u00e5rd &amp; Fritid","isPartOf":{"@id":"https:\/\/truusk.store\/sv\/#website"},"primaryImageOfPage":{"@id":"https:\/\/truusk.store\/sv\/produkt\/truusk-2-i-1-utomhuspizzaugn-med-hjul-grillugn-med-skyddskapa-pizzaskyffel-2-grillnat-stal-svart-silver-63-x-54-x\/#primaryimage"},"image":{"@id":"https:\/\/truusk.store\/sv\/produkt\/truusk-2-i-1-utomhuspizzaugn-med-hjul-grillugn-med-skyddskapa-pizzaskyffel-2-grillnat-stal-svart-silver-63-x-54-x\/#primaryimage"},"thumbnailUrl":"https:\/\/i0.wp.com\/truusk.store\/wp-content\/uploads\/2024\/02\/2-i-1-utomhuspizzaugn-med-hjul-grillugn-med-skyddskapa-pizzaskyffel-2-grillnat-grillvagn-med-skorsten-3-vanings-vedeldad-ugn-for-bbq-stal-svart-silver-63-x-54-x-161-centimeter.webp?fit=800%2C800&ssl=1","datePublished":"2024-02-13T22:44:01+00:00","dateModified":"2026-03-12T08:12:16+00:00","breadcrumb":{"@id":"https:\/\/truusk.store\/sv\/produkt\/truusk-2-i-1-utomhuspizzaugn-med-hjul-grillugn-med-skyddskapa-pizzaskyffel-2-grillnat-stal-svart-silver-63-x-54-x\/#breadcrumb"},"inLanguage":"sv-SE","potentialAction":[{"@type":"ReadAction","target":["https:\/\/truusk.store\/sv\/produkt\/truusk-2-i-1-utomhuspizzaugn-med-hjul-grillugn-med-skyddskapa-pizzaskyffel-2-grillnat-stal-svart-silver-63-x-54-x\/"]}]},{"@type":"ImageObject","inLanguage":"sv-SE","@id":"https:\/\/truusk.store\/sv\/produkt\/truusk-2-i-1-utomhuspizzaugn-med-hjul-grillugn-med-skyddskapa-pizzaskyffel-2-grillnat-stal-svart-silver-63-x-54-x\/#primaryimage","url":"https:\/\/i0.wp.com\/truusk.store\/wp-content\/uploads\/2024\/02\/2-i-1-utomhuspizzaugn-med-hjul-grillugn-med-skyddskapa-pizzaskyffel-2-grillnat-grillvagn-med-skorsten-3-vanings-vedeldad-ugn-for-bbq-stal-svart-silver-63-x-54-x-161-centimeter.webp?fit=800%2C800&ssl=1","contentUrl":"https:\/\/i0.wp.com\/truusk.store\/wp-content\/uploads\/2024\/02\/2-i-1-utomhuspizzaugn-med-hjul-grillugn-med-skyddskapa-pizzaskyffel-2-grillnat-grillvagn-med-skorsten-3-vanings-vedeldad-ugn-for-bbq-stal-svart-silver-63-x-54-x-161-centimeter.webp?fit=800%2C800&ssl=1","width":800,"height":800,"caption":"2-i-1 Utomhuspizzaugn Med Hjul, Grillugn Med Skyddsk\u00e5pa, Pizzaskyffel, 2 Grilln\u00e4t, Grillvagn Med Skorsten, 3-v\u00e5nings Vedeldad Ugn F\u00f6r BBQ, St\u00e5l, Svart + Silver, 63 X 54 X 161 Centimeter 1"},{"@type":"BreadcrumbList","@id":"https:\/\/truusk.store\/sv\/produkt\/truusk-2-i-1-utomhuspizzaugn-med-hjul-grillugn-med-skyddskapa-pizzaskyffel-2-grillnat-stal-svart-silver-63-x-54-x\/#breadcrumb","itemListElement":[{"@type":"ListItem","position":1,"name":"Home","item":"https:\/\/truusk.store\/sv\/"},{"@type":"ListItem","position":2,"name":"Shop","item":"https:\/\/truusk.store\/shop\/"},{"@type":"ListItem","position":3,"name":"TRUUSK 2-i-1 Utomhuspizzaugn Med Hjul &#8211; Grillugn Med Skyddsk\u00e5pa &#8211; Pizzaskyffel &#8211; 2 Grilln\u00e4t &#8211; St\u00e5l &#8211; Svart + Silver &#8211; 63 X 54 X"}]},{"@type":"WebSite","@id":"https:\/\/truusk.store\/sv\/#website","url":"https:\/\/truusk.store\/sv\/","name":"TRUUSK - Hem, Tr\u00e4dg\u00e5rd & Fritid","description":"","publisher":{"@id":"https:\/\/truusk.store\/sv\/#organization"},"potentialAction":[{"@type":"SearchAction","target":{"@type":"EntryPoint","urlTemplate":"https:\/\/truusk.store\/sv\/?s={search_term_string}"},"query-input":{"@type":"PropertyValueSpecification","valueRequired":true,"valueName":"search_term_string"}}],"inLanguage":"sv-SE"},{"@type":"Organization","@id":"https:\/\/truusk.store\/sv\/#organization","name":"TRUUSK - Hem, Tr\u00e4dg\u00e5rd & Fritid","url":"https:\/\/truusk.store\/sv\/","logo":{"@type":"ImageObject","inLanguage":"sv-SE","@id":"https:\/\/truusk.store\/sv\/#\/schema\/logo\/image\/","url":"https:\/\/i0.wp.com\/truusk.store\/wp-content\/uploads\/2026\/03\/cropped-TRUUSK.png?fit=2032%2C917&ssl=1","contentUrl":"https:\/\/i0.wp.com\/truusk.store\/wp-content\/uploads\/2026\/03\/cropped-TRUUSK.png?fit=2032%2C917&ssl=1","width":2032,"height":917,"caption":"TRUUSK - Hem, Tr\u00e4dg\u00e5rd & Fritid"},"image":{"@id":"https:\/\/truusk.store\/sv\/#\/schema\/logo\/image\/"}}]}},"jetpack_sharing_enabled":true,"_links":{"self":[{"href":"https:\/\/truusk.store\/sv\/wp-json\/wp\/v2\/product\/35544","targetHints":{"allow":["GET"]}}],"collection":[{"href":"https:\/\/truusk.store\/sv\/wp-json\/wp\/v2\/product"}],"about":[{"href":"https:\/\/truusk.store\/sv\/wp-json\/wp\/v2\/types\/product"}],"wp:featuredmedia":[{"embeddable":true,"href":"https:\/\/truusk.store\/sv\/wp-json\/wp\/v2\/media\/35545"}],"wp:attachment":[{"href":"https:\/\/truusk.store\/sv\/wp-json\/wp\/v2\/media?parent=35544"}],"wp:term":[{"taxonomy":"product_brand","embeddable":true,"href":"https:\/\/truusk.store\/sv\/wp-json\/wp\/v2\/product_brand?post=35544"},{"taxonomy":"product_cat","embeddable":true,"href":"https:\/\/truusk.store\/sv\/wp-json\/wp\/v2\/product_cat?post=35544"},{"taxonomy":"product_tag","embeddable":true,"href":"https:\/\/truusk.store\/sv\/wp-json\/wp\/v2\/product_tag?post=35544"}],"curies":[{"name":"wp","href":"https:\/\/api.w.org\/{rel}","templated":true}]}}