{"id":35578,"date":"2024-02-13T23:45:03","date_gmt":"2024-02-13T22:45:03","guid":{"rendered":"https:\/\/truusk.store\/product\/gasolgrill-med-3-huvudbrannare-1-sidobrannare-hylla-rostfritt-stal-svart-110-x-50-x-100-cm\/"},"modified":"2026-03-12T09:12:16","modified_gmt":"2026-03-12T08:12:16","slug":"truusk-gasolgrill-med-3-huvudbrannare-1-sidobrannare-hylla-rostfritt-stal-svart-110-x-50-x-100-cm","status":"publish","type":"product","link":"https:\/\/truusk.store\/sv\/produkt\/truusk-gasolgrill-med-3-huvudbrannare-1-sidobrannare-hylla-rostfritt-stal-svart-110-x-50-x-100-cm\/","title":{"rendered":"TRUUSK Gasolgrill Med 3 Huvudbr\u00e4nnare &#8211; 1 Sidobr\u00e4nnare &#8211; Hylla &#8211; Rostfritt St\u00e5l &#8211; Svart &#8211; 110 X 50 X 100 Cm"},"content":{"rendered":"<p>Uppt\u00e4ck det ultimata grilln\u00f6jet med v\u00e5r enast\u00e5ende grill. Tillverkad av h\u00f6gkvalitativt rostfritt st\u00e5l, garanterar den dig l\u00e5ngsiktig tillf\u00f6rlitlighet och h\u00e5llbarhet. Tack vare m\u00e5nga inbyggda funktioner kommer du att uppleva en makal\u00f6st god och bekv\u00e4m grillupplevelse. Denna grillvagn \u00e4r l\u00e4tt att transportera och \u00e4r den perfekta f\u00f6ljeslagaren f\u00f6r alla utomhusgrillentusiaster!<\/p>\n<h3>Beskrivning:<\/h3>\n<ul>\n<li>Har en kombination av en stor huvudyta, en funktionell sidobr\u00e4nnare och ett v\u00e4rmest\u00e4ll<\/li>\n<li>Inkl termometer och tryckluftsreducerare<\/li>\n<li>T\u00e4nd genom att vrida p\u00e5 vredet,<\/li>\n<li>Avtagbar droppbricka f\u00f6r enkel reng\u00f6ring<\/li>\n<li>Den robusta konstruktionen med slitstark metall, porslinsemaljerad grill och rostfria br\u00e4nnare<\/li>\n<li>Tv\u00e5 hjul f\u00f6r bekv\u00e4m r\u00f6relse<\/li>\n<li>Tv\u00e5 sidohyllor och ett undersk\u00e5p<\/li>\n<li>H\u00e4lsogrilln\u00e4t finns tillg\u00e4ngligt<\/li>\n<\/ul>\n<h3>Teknisk data:<\/h3>\n<ul>\n<li>Svart f\u00e4rg<\/li>\n<li>Material: st\u00e5l<\/li>\n<li>Totala m\u00e5tt: 110L x 50W x 100H cm<\/li>\n<li>M\u00e5tt p\u00e5 grillgallret: 49L x 36W cm<\/li>\n<li>M\u00e5tt p\u00e5 v\u00e4rmest\u00e4llet: 43L x 12,5W cm<\/li>\n<li>M\u00e5tt p\u00e5 sidohyllan: 30L x 37W cm<\/li>\n<li>Sk\u00e5pets innerm\u00e5tt: 50L x 31W x 50H cm<\/li>\n<li>Effekt f\u00f6r 3 huvudbr\u00e4nnare: 2,8KW(9500BTU\/HR)<\/li>\n<li>Effekt 1 sidobr\u00e4nnare: 3,2KW (11000BTU\/HR)<\/li>\n<li>Lastkapacitet f\u00f6r f\u00f6rvaringsutrymmet: 5 kg<\/li>\n<li>K\u00e5pans lastkapacitet: 7,5 kg<\/li>\n<\/ul>\n<h3>Leveransens omfattning:<\/h3>\n<ul>\n<li>1 x grill<\/li>\n<li>1 x Regulator<\/li>\n<li>1 x slangar<\/li>\n<li>1 x Instruktioner<\/li>\n<\/ul>\n","protected":false},"excerpt":{"rendered":"<p>Uppt\u00e4ck det ultimata grilln\u00f6jet med v\u00e5r enast\u00e5ende grill. Tillverkad av h\u00f6gkvalitativt rostfritt st\u00e5l, garanterar den dig l\u00e5ngsiktig tillf\u00f6rlitlighet och h\u00e5llbarhet&#8230;.<\/p>\n","protected":false},"featured_media":35579,"template":"","meta":[],"product_brand":[],"product_cat":[440,439,435],"product_tag":[],"class_list":{"0":"post-35578","1":"product","2":"type-product","3":"status-publish","4":"has-post-thumbnail","6":"product_cat-grillar","7":"product_cat-grillning-uppvarmning","8":"product_cat-tradgard-och-terrass","10":"first","11":"instock","12":"sale","13":"taxable","14":"shipping-taxable","15":"purchasable","16":"product-type-simple"},"yoast_head":"<!-- This site is optimized with the Yoast SEO plugin v25.4 - https:\/\/yoast.com\/wordpress\/plugins\/seo\/ -->\n<title>TRUUSK Gasolgrill Med 3 Huvudbr\u00e4nnare - 1 Sidobr\u00e4nnare - Hylla - Rostfritt St\u00e5l - Svart - 110 X 50 X 100 Cm - TRUUSK - Hem, Tr\u00e4dg\u00e5rd &amp; Fritid<\/title>\n<meta name=\"robots\" content=\"index, follow, max-snippet:-1, max-image-preview:large, max-video-preview:-1\" \/>\n<link rel=\"canonical\" href=\"https:\/\/truusk.store\/sv\/produkt\/truusk-gasolgrill-med-3-huvudbrannare-1-sidobrannare-hylla-rostfritt-stal-svart-110-x-50-x-100-cm\/\" \/>\n<meta property=\"og:locale\" content=\"sv_SE\" \/>\n<meta property=\"og:type\" content=\"article\" \/>\n<meta property=\"og:title\" content=\"TRUUSK Gasolgrill Med 3 Huvudbr\u00e4nnare - 1 Sidobr\u00e4nnare - Hylla - Rostfritt St\u00e5l - Svart - 110 X 50 X 100 Cm - TRUUSK - Hem, Tr\u00e4dg\u00e5rd &amp; Fritid\" \/>\n<meta property=\"og:description\" content=\"Uppt\u00e4ck det ultimata grilln\u00f6jet med v\u00e5r enast\u00e5ende grill. Tillverkad av h\u00f6gkvalitativt rostfritt st\u00e5l, garanterar den dig l\u00e5ngsiktig tillf\u00f6rlitlighet och h\u00e5llbarhet....\" \/>\n<meta property=\"og:url\" content=\"https:\/\/truusk.store\/sv\/produkt\/truusk-gasolgrill-med-3-huvudbrannare-1-sidobrannare-hylla-rostfritt-stal-svart-110-x-50-x-100-cm\/\" \/>\n<meta property=\"og:site_name\" content=\"TRUUSK - Hem, Tr\u00e4dg\u00e5rd &amp; Fritid\" \/>\n<meta property=\"article:modified_time\" content=\"2026-03-12T08:12:16+00:00\" \/>\n<meta property=\"og:image\" content=\"https:\/\/i0.wp.com\/truusk.se\/wp-content\/uploads\/2024\/02\/gasolgrill-med-3-huvudbrannare-1-sidobrannare-hylla-rostfritt-stal-svart-110-x-50-x-100-cm.webp?fit=800%2C800&ssl=1\" \/>\n\t<meta property=\"og:image:width\" content=\"800\" \/>\n\t<meta property=\"og:image:height\" content=\"800\" \/>\n\t<meta property=\"og:image:type\" content=\"image\/webp\" \/>\n<meta name=\"twitter:card\" content=\"summary_large_image\" \/>\n<meta name=\"twitter:label1\" content=\"Ber\u00e4knad l\u00e4stid\" \/>\n\t<meta name=\"twitter:data1\" content=\"1 minut\" \/>\n<!-- \/ Yoast SEO plugin. -->","yoast_head_json":{"title":"TRUUSK Gasolgrill Med 3 Huvudbr\u00e4nnare - 1 Sidobr\u00e4nnare - Hylla - Rostfritt St\u00e5l - Svart - 110 X 50 X 100 Cm - TRUUSK - Hem, Tr\u00e4dg\u00e5rd &amp; Fritid","robots":{"index":"index","follow":"follow","max-snippet":"max-snippet:-1","max-image-preview":"max-image-preview:large","max-video-preview":"max-video-preview:-1"},"canonical":"https:\/\/truusk.store\/sv\/produkt\/truusk-gasolgrill-med-3-huvudbrannare-1-sidobrannare-hylla-rostfritt-stal-svart-110-x-50-x-100-cm\/","og_locale":"sv_SE","og_type":"article","og_title":"TRUUSK Gasolgrill Med 3 Huvudbr\u00e4nnare - 1 Sidobr\u00e4nnare - Hylla - Rostfritt St\u00e5l - Svart - 110 X 50 X 100 Cm - TRUUSK - Hem, Tr\u00e4dg\u00e5rd &amp; Fritid","og_description":"Uppt\u00e4ck det ultimata grilln\u00f6jet med v\u00e5r enast\u00e5ende grill. Tillverkad av h\u00f6gkvalitativt rostfritt st\u00e5l, garanterar den dig l\u00e5ngsiktig tillf\u00f6rlitlighet och h\u00e5llbarhet....","og_url":"https:\/\/truusk.store\/sv\/produkt\/truusk-gasolgrill-med-3-huvudbrannare-1-sidobrannare-hylla-rostfritt-stal-svart-110-x-50-x-100-cm\/","og_site_name":"TRUUSK - Hem, Tr\u00e4dg\u00e5rd &amp; Fritid","article_modified_time":"2026-03-12T08:12:16+00:00","og_image":[{"width":800,"height":800,"url":"https:\/\/i0.wp.com\/truusk.se\/wp-content\/uploads\/2024\/02\/gasolgrill-med-3-huvudbrannare-1-sidobrannare-hylla-rostfritt-stal-svart-110-x-50-x-100-cm.webp?fit=800%2C800&ssl=1","type":"image\/webp"}],"twitter_card":"summary_large_image","twitter_misc":{"Ber\u00e4knad l\u00e4stid":"1 minut"},"schema":{"@context":"https:\/\/schema.org","@graph":[{"@type":"WebPage","@id":"https:\/\/truusk.store\/sv\/produkt\/truusk-gasolgrill-med-3-huvudbrannare-1-sidobrannare-hylla-rostfritt-stal-svart-110-x-50-x-100-cm\/","url":"https:\/\/truusk.store\/sv\/produkt\/truusk-gasolgrill-med-3-huvudbrannare-1-sidobrannare-hylla-rostfritt-stal-svart-110-x-50-x-100-cm\/","name":"TRUUSK Gasolgrill Med 3 Huvudbr\u00e4nnare - 1 Sidobr\u00e4nnare - Hylla - Rostfritt St\u00e5l - Svart - 110 X 50 X 100 Cm - TRUUSK - Hem, Tr\u00e4dg\u00e5rd &amp; Fritid","isPartOf":{"@id":"https:\/\/truusk.store\/sv\/#website"},"primaryImageOfPage":{"@id":"https:\/\/truusk.store\/sv\/produkt\/truusk-gasolgrill-med-3-huvudbrannare-1-sidobrannare-hylla-rostfritt-stal-svart-110-x-50-x-100-cm\/#primaryimage"},"image":{"@id":"https:\/\/truusk.store\/sv\/produkt\/truusk-gasolgrill-med-3-huvudbrannare-1-sidobrannare-hylla-rostfritt-stal-svart-110-x-50-x-100-cm\/#primaryimage"},"thumbnailUrl":"https:\/\/i0.wp.com\/truusk.store\/wp-content\/uploads\/2024\/02\/gasolgrill-med-3-huvudbrannare-1-sidobrannare-hylla-rostfritt-stal-svart-110-x-50-x-100-cm.webp?fit=800%2C800&ssl=1","datePublished":"2024-02-13T22:45:03+00:00","dateModified":"2026-03-12T08:12:16+00:00","breadcrumb":{"@id":"https:\/\/truusk.store\/sv\/produkt\/truusk-gasolgrill-med-3-huvudbrannare-1-sidobrannare-hylla-rostfritt-stal-svart-110-x-50-x-100-cm\/#breadcrumb"},"inLanguage":"sv-SE","potentialAction":[{"@type":"ReadAction","target":["https:\/\/truusk.store\/sv\/produkt\/truusk-gasolgrill-med-3-huvudbrannare-1-sidobrannare-hylla-rostfritt-stal-svart-110-x-50-x-100-cm\/"]}]},{"@type":"ImageObject","inLanguage":"sv-SE","@id":"https:\/\/truusk.store\/sv\/produkt\/truusk-gasolgrill-med-3-huvudbrannare-1-sidobrannare-hylla-rostfritt-stal-svart-110-x-50-x-100-cm\/#primaryimage","url":"https:\/\/i0.wp.com\/truusk.store\/wp-content\/uploads\/2024\/02\/gasolgrill-med-3-huvudbrannare-1-sidobrannare-hylla-rostfritt-stal-svart-110-x-50-x-100-cm.webp?fit=800%2C800&ssl=1","contentUrl":"https:\/\/i0.wp.com\/truusk.store\/wp-content\/uploads\/2024\/02\/gasolgrill-med-3-huvudbrannare-1-sidobrannare-hylla-rostfritt-stal-svart-110-x-50-x-100-cm.webp?fit=800%2C800&ssl=1","width":800,"height":800,"caption":"Gasolgrill Med 3 Huvudbr\u00e4nnare + 1 Sidobr\u00e4nnare, Hylla, Rostfritt St\u00e5l, Svart, 110 X 50 X 100 Cm 1"},{"@type":"BreadcrumbList","@id":"https:\/\/truusk.store\/sv\/produkt\/truusk-gasolgrill-med-3-huvudbrannare-1-sidobrannare-hylla-rostfritt-stal-svart-110-x-50-x-100-cm\/#breadcrumb","itemListElement":[{"@type":"ListItem","position":1,"name":"Home","item":"https:\/\/truusk.store\/sv\/"},{"@type":"ListItem","position":2,"name":"Shop","item":"https:\/\/truusk.store\/shop\/"},{"@type":"ListItem","position":3,"name":"TRUUSK Gasolgrill Med 3 Huvudbr\u00e4nnare &#8211; 1 Sidobr\u00e4nnare &#8211; Hylla &#8211; Rostfritt St\u00e5l &#8211; Svart &#8211; 110 X 50 X 100 Cm"}]},{"@type":"WebSite","@id":"https:\/\/truusk.store\/sv\/#website","url":"https:\/\/truusk.store\/sv\/","name":"TRUUSK - Hem, Tr\u00e4dg\u00e5rd & Fritid","description":"","publisher":{"@id":"https:\/\/truusk.store\/sv\/#organization"},"potentialAction":[{"@type":"SearchAction","target":{"@type":"EntryPoint","urlTemplate":"https:\/\/truusk.store\/sv\/?s={search_term_string}"},"query-input":{"@type":"PropertyValueSpecification","valueRequired":true,"valueName":"search_term_string"}}],"inLanguage":"sv-SE"},{"@type":"Organization","@id":"https:\/\/truusk.store\/sv\/#organization","name":"TRUUSK - Hem, Tr\u00e4dg\u00e5rd & Fritid","url":"https:\/\/truusk.store\/sv\/","logo":{"@type":"ImageObject","inLanguage":"sv-SE","@id":"https:\/\/truusk.store\/sv\/#\/schema\/logo\/image\/","url":"https:\/\/i0.wp.com\/truusk.store\/wp-content\/uploads\/2026\/03\/cropped-TRUUSK.png?fit=2032%2C917&ssl=1","contentUrl":"https:\/\/i0.wp.com\/truusk.store\/wp-content\/uploads\/2026\/03\/cropped-TRUUSK.png?fit=2032%2C917&ssl=1","width":2032,"height":917,"caption":"TRUUSK - Hem, Tr\u00e4dg\u00e5rd & Fritid"},"image":{"@id":"https:\/\/truusk.store\/sv\/#\/schema\/logo\/image\/"}}]}},"jetpack_sharing_enabled":true,"_links":{"self":[{"href":"https:\/\/truusk.store\/sv\/wp-json\/wp\/v2\/product\/35578","targetHints":{"allow":["GET"]}}],"collection":[{"href":"https:\/\/truusk.store\/sv\/wp-json\/wp\/v2\/product"}],"about":[{"href":"https:\/\/truusk.store\/sv\/wp-json\/wp\/v2\/types\/product"}],"wp:featuredmedia":[{"embeddable":true,"href":"https:\/\/truusk.store\/sv\/wp-json\/wp\/v2\/media\/35579"}],"wp:attachment":[{"href":"https:\/\/truusk.store\/sv\/wp-json\/wp\/v2\/media?parent=35578"}],"wp:term":[{"taxonomy":"product_brand","embeddable":true,"href":"https:\/\/truusk.store\/sv\/wp-json\/wp\/v2\/product_brand?post=35578"},{"taxonomy":"product_cat","embeddable":true,"href":"https:\/\/truusk.store\/sv\/wp-json\/wp\/v2\/product_cat?post=35578"},{"taxonomy":"product_tag","embeddable":true,"href":"https:\/\/truusk.store\/sv\/wp-json\/wp\/v2\/product_tag?post=35578"}],"curies":[{"name":"wp","href":"https:\/\/api.w.org\/{rel}","templated":true}]}}