{"id":35610,"date":"2024-02-13T23:46:09","date_gmt":"2024-02-13T22:46:09","guid":{"rendered":"https:\/\/truusk.store\/product\/solstol-hopfallbar-tradgardsstol-hopfallbar-solstol-med-kudde-tradgard-5-stegs-ryggstod-justerbart-stal-oxford-tyg-svart-188-x-57-x-30-cm\/"},"modified":"2026-03-12T09:12:20","modified_gmt":"2026-03-12T08:12:20","slug":"truusk-hopfallbar-tradgardsstol-med-kudde-justerbart-5-stegs-ryggstod-oxford-tyg-svart-188-x-57-x-30-cm","status":"publish","type":"product","link":"https:\/\/truusk.store\/sv\/produkt\/truusk-hopfallbar-tradgardsstol-med-kudde-justerbart-5-stegs-ryggstod-oxford-tyg-svart-188-x-57-x-30-cm\/","title":{"rendered":"TRUUSK Hopf\u00e4llbar Tr\u00e4dg\u00e5rdsstol med Kudde &#8211; Justerbart 5-stegs Ryggst\u00f6d &#8211; Oxford Tyg &#8211; Svart &#8211; 188 x 57 x 30 cm"},"content":{"rendered":"<p>Njut av luften och koppla av utomhus med denna hopf\u00e4llbara f\u00e5t\u00f6lj. Ryggst\u00f6det kan justeras i fem l\u00e4gen f\u00f6r att m\u00f6ta olika behov. Den robusta ramen och den mjuka, bekv\u00e4ma stoppningen s\u00e4kerst\u00e4ller en bekv\u00e4m liggupplevelse, medan en avtagbar kudde st\u00f6der ditt huvud och nacke. Solstolen f\u00e4lls l\u00e4tt ihop till ett kompakt format, vilket g\u00f6r den enkel att transportera och f\u00f6rvara.<\/p>\n<h3>Beskrivning:<\/h3>\n<ul>\n<li>Ryggst\u00f6d justerbart i 5 niv\u00e5er, \u00e4ven helt plant l\u00e4ge m\u00f6jligt<\/li>\n<li>Avtagbart och justerbart vadderat nackst\u00f6d ger maximal komfort<\/li>\n<li>Skumvaddering med ett slitstarkt Oxford-tygskydd ger en fj\u00e4derl\u00e4tt och bekv\u00e4m k\u00e4nsla n\u00e4r du ligger ner<\/li>\n<li>Med sidficka f\u00f6r f\u00f6rvaring av telefoner, tidningar etc.<\/li>\n<li>Med pulverlackerad st\u00e5lram som kan h\u00e5lla upp till 130 kg<\/li>\n<li>Fina s\u00f6mmar och modernt utseende g\u00f6r denna solstol till ett bra komplement till uteplatsen, tr\u00e4dg\u00e5rden, g\u00e5rden, etc.<\/li>\n<li>Kan f\u00e4llas ihop f\u00f6r enkel f\u00f6rvaring och transport<\/li>\n<li>Ingen montering kr\u00e4vs<\/li>\n<\/ul>\n<h3>Teknisk data:<\/h3>\n<ul>\n<li>F\u00e4rg: Silver+svart<\/li>\n<li>Material: St\u00e5l, Oxfordduk, Skum<\/li>\n<li>Totala m\u00e5tt: 188L x 57W x 30H cm (helt tillbakalutad)<\/li>\n<li>Vikstorlek: 75L x 57W x 13H cm<\/li>\n<li>Nackst\u00f6dsm\u00e5tt: 35L x 16W x 5,5D cm<\/li>\n<li>Ryggst\u00f6dsh\u00f6jd: 82 cm72 cm60 cm44 cm33 cm<\/li>\n<li>Vinkel i helt tillbakalutat l\u00e4ge: 180<\/li>\n<li>Lastkapacitet: 120 kg<\/li>\n<\/ul>\n<h3>Leveransens omfattning:<\/h3>\n<ul>\n<li>1 x solstol;<\/li>\n<\/ul>\n","protected":false},"excerpt":{"rendered":"<p>Njut av luften och koppla av utomhus med denna hopf\u00e4llbara f\u00e5t\u00f6lj. Ryggst\u00f6det kan justeras i fem l\u00e4gen f\u00f6r att m\u00f6ta&#8230;<\/p>\n","protected":false},"featured_media":35611,"template":"","meta":[],"product_brand":[],"product_cat":[451,435,450],"product_tag":[],"class_list":{"0":"post-35610","1":"product","2":"type-product","3":"status-publish","4":"has-post-thumbnail","6":"product_cat-solstolar","7":"product_cat-tradgard-och-terrass","8":"product_cat-tradgardsmobler","10":"first","11":"instock","12":"sale","13":"taxable","14":"shipping-taxable","15":"purchasable","16":"product-type-simple"},"yoast_head":"<!-- This site is optimized with the Yoast SEO plugin v25.4 - https:\/\/yoast.com\/wordpress\/plugins\/seo\/ -->\n<title>TRUUSK Hopf\u00e4llbar Tr\u00e4dg\u00e5rdsstol med Kudde - Justerbart 5-stegs Ryggst\u00f6d - Oxford Tyg - Svart - 188 x 57 x 30 cm - TRUUSK - Hem, Tr\u00e4dg\u00e5rd &amp; Fritid<\/title>\n<meta name=\"robots\" content=\"index, follow, max-snippet:-1, max-image-preview:large, max-video-preview:-1\" \/>\n<link rel=\"canonical\" href=\"https:\/\/truusk.store\/sv\/produkt\/truusk-hopfallbar-tradgardsstol-med-kudde-justerbart-5-stegs-ryggstod-oxford-tyg-svart-188-x-57-x-30-cm\/\" \/>\n<meta property=\"og:locale\" content=\"sv_SE\" \/>\n<meta property=\"og:type\" content=\"article\" \/>\n<meta property=\"og:title\" content=\"TRUUSK Hopf\u00e4llbar Tr\u00e4dg\u00e5rdsstol med Kudde - Justerbart 5-stegs Ryggst\u00f6d - Oxford Tyg - Svart - 188 x 57 x 30 cm - TRUUSK - Hem, Tr\u00e4dg\u00e5rd &amp; Fritid\" \/>\n<meta property=\"og:description\" content=\"Njut av luften och koppla av utomhus med denna hopf\u00e4llbara f\u00e5t\u00f6lj. Ryggst\u00f6det kan justeras i fem l\u00e4gen f\u00f6r att m\u00f6ta...\" \/>\n<meta property=\"og:url\" content=\"https:\/\/truusk.store\/sv\/produkt\/truusk-hopfallbar-tradgardsstol-med-kudde-justerbart-5-stegs-ryggstod-oxford-tyg-svart-188-x-57-x-30-cm\/\" \/>\n<meta property=\"og:site_name\" content=\"TRUUSK - Hem, Tr\u00e4dg\u00e5rd &amp; Fritid\" \/>\n<meta property=\"article:modified_time\" content=\"2026-03-12T08:12:20+00:00\" \/>\n<meta property=\"og:image\" content=\"https:\/\/i0.wp.com\/truusk.se\/wp-content\/uploads\/2024\/02\/solstol-hopfallbar-tradgardsstol-hopfallbar-solstol-med-kudde-tradgard-5-stegs-ryggstod-justerbart-stal-oxford-tyg-svart-188-x-57-x-30-cm.webp?fit=800%2C800&ssl=1\" \/>\n\t<meta property=\"og:image:width\" content=\"800\" \/>\n\t<meta property=\"og:image:height\" content=\"800\" \/>\n\t<meta property=\"og:image:type\" content=\"image\/webp\" \/>\n<meta name=\"twitter:card\" content=\"summary_large_image\" \/>\n<meta name=\"twitter:label1\" content=\"Ber\u00e4knad l\u00e4stid\" \/>\n\t<meta name=\"twitter:data1\" content=\"1 minut\" \/>\n<!-- \/ Yoast SEO plugin. -->","yoast_head_json":{"title":"TRUUSK Hopf\u00e4llbar Tr\u00e4dg\u00e5rdsstol med Kudde - Justerbart 5-stegs Ryggst\u00f6d - Oxford Tyg - Svart - 188 x 57 x 30 cm - TRUUSK - Hem, Tr\u00e4dg\u00e5rd &amp; Fritid","robots":{"index":"index","follow":"follow","max-snippet":"max-snippet:-1","max-image-preview":"max-image-preview:large","max-video-preview":"max-video-preview:-1"},"canonical":"https:\/\/truusk.store\/sv\/produkt\/truusk-hopfallbar-tradgardsstol-med-kudde-justerbart-5-stegs-ryggstod-oxford-tyg-svart-188-x-57-x-30-cm\/","og_locale":"sv_SE","og_type":"article","og_title":"TRUUSK Hopf\u00e4llbar Tr\u00e4dg\u00e5rdsstol med Kudde - Justerbart 5-stegs Ryggst\u00f6d - Oxford Tyg - Svart - 188 x 57 x 30 cm - TRUUSK - Hem, Tr\u00e4dg\u00e5rd &amp; Fritid","og_description":"Njut av luften och koppla av utomhus med denna hopf\u00e4llbara f\u00e5t\u00f6lj. Ryggst\u00f6det kan justeras i fem l\u00e4gen f\u00f6r att m\u00f6ta...","og_url":"https:\/\/truusk.store\/sv\/produkt\/truusk-hopfallbar-tradgardsstol-med-kudde-justerbart-5-stegs-ryggstod-oxford-tyg-svart-188-x-57-x-30-cm\/","og_site_name":"TRUUSK - Hem, Tr\u00e4dg\u00e5rd &amp; Fritid","article_modified_time":"2026-03-12T08:12:20+00:00","og_image":[{"width":800,"height":800,"url":"https:\/\/i0.wp.com\/truusk.se\/wp-content\/uploads\/2024\/02\/solstol-hopfallbar-tradgardsstol-hopfallbar-solstol-med-kudde-tradgard-5-stegs-ryggstod-justerbart-stal-oxford-tyg-svart-188-x-57-x-30-cm.webp?fit=800%2C800&ssl=1","type":"image\/webp"}],"twitter_card":"summary_large_image","twitter_misc":{"Ber\u00e4knad l\u00e4stid":"1 minut"},"schema":{"@context":"https:\/\/schema.org","@graph":[{"@type":"WebPage","@id":"https:\/\/truusk.store\/sv\/produkt\/truusk-hopfallbar-tradgardsstol-med-kudde-justerbart-5-stegs-ryggstod-oxford-tyg-svart-188-x-57-x-30-cm\/","url":"https:\/\/truusk.store\/sv\/produkt\/truusk-hopfallbar-tradgardsstol-med-kudde-justerbart-5-stegs-ryggstod-oxford-tyg-svart-188-x-57-x-30-cm\/","name":"TRUUSK Hopf\u00e4llbar Tr\u00e4dg\u00e5rdsstol med Kudde - Justerbart 5-stegs Ryggst\u00f6d - Oxford Tyg - Svart - 188 x 57 x 30 cm - TRUUSK - Hem, Tr\u00e4dg\u00e5rd &amp; Fritid","isPartOf":{"@id":"https:\/\/truusk.store\/sv\/#website"},"primaryImageOfPage":{"@id":"https:\/\/truusk.store\/sv\/produkt\/truusk-hopfallbar-tradgardsstol-med-kudde-justerbart-5-stegs-ryggstod-oxford-tyg-svart-188-x-57-x-30-cm\/#primaryimage"},"image":{"@id":"https:\/\/truusk.store\/sv\/produkt\/truusk-hopfallbar-tradgardsstol-med-kudde-justerbart-5-stegs-ryggstod-oxford-tyg-svart-188-x-57-x-30-cm\/#primaryimage"},"thumbnailUrl":"https:\/\/i0.wp.com\/truusk.store\/wp-content\/uploads\/2024\/02\/solstol-hopfallbar-tradgardsstol-hopfallbar-solstol-med-kudde-tradgard-5-stegs-ryggstod-justerbart-stal-oxford-tyg-svart-188-x-57-x-30-cm.webp?fit=800%2C800&ssl=1","datePublished":"2024-02-13T22:46:09+00:00","dateModified":"2026-03-12T08:12:20+00:00","breadcrumb":{"@id":"https:\/\/truusk.store\/sv\/produkt\/truusk-hopfallbar-tradgardsstol-med-kudde-justerbart-5-stegs-ryggstod-oxford-tyg-svart-188-x-57-x-30-cm\/#breadcrumb"},"inLanguage":"sv-SE","potentialAction":[{"@type":"ReadAction","target":["https:\/\/truusk.store\/sv\/produkt\/truusk-hopfallbar-tradgardsstol-med-kudde-justerbart-5-stegs-ryggstod-oxford-tyg-svart-188-x-57-x-30-cm\/"]}]},{"@type":"ImageObject","inLanguage":"sv-SE","@id":"https:\/\/truusk.store\/sv\/produkt\/truusk-hopfallbar-tradgardsstol-med-kudde-justerbart-5-stegs-ryggstod-oxford-tyg-svart-188-x-57-x-30-cm\/#primaryimage","url":"https:\/\/i0.wp.com\/truusk.store\/wp-content\/uploads\/2024\/02\/solstol-hopfallbar-tradgardsstol-hopfallbar-solstol-med-kudde-tradgard-5-stegs-ryggstod-justerbart-stal-oxford-tyg-svart-188-x-57-x-30-cm.webp?fit=800%2C800&ssl=1","contentUrl":"https:\/\/i0.wp.com\/truusk.store\/wp-content\/uploads\/2024\/02\/solstol-hopfallbar-tradgardsstol-hopfallbar-solstol-med-kudde-tradgard-5-stegs-ryggstod-justerbart-stal-oxford-tyg-svart-188-x-57-x-30-cm.webp?fit=800%2C800&ssl=1","width":800,"height":800,"caption":"Solstol Hopf\u00e4llbar Tr\u00e4dg\u00e5rdsstol Hopf\u00e4llbar Solstol Med Kudde Tr\u00e4dg\u00e5rd 5-stegs Ryggst\u00f6d Justerbart St\u00e5l Oxford Tyg Svart 188 X 57 X 30 Cm 1"},{"@type":"BreadcrumbList","@id":"https:\/\/truusk.store\/sv\/produkt\/truusk-hopfallbar-tradgardsstol-med-kudde-justerbart-5-stegs-ryggstod-oxford-tyg-svart-188-x-57-x-30-cm\/#breadcrumb","itemListElement":[{"@type":"ListItem","position":1,"name":"Home","item":"https:\/\/truusk.store\/sv\/"},{"@type":"ListItem","position":2,"name":"Shop","item":"https:\/\/truusk.store\/shop\/"},{"@type":"ListItem","position":3,"name":"TRUUSK Hopf\u00e4llbar Tr\u00e4dg\u00e5rdsstol med Kudde &#8211; Justerbart 5-stegs Ryggst\u00f6d &#8211; Oxford Tyg &#8211; Svart &#8211; 188 x 57 x 30 cm"}]},{"@type":"WebSite","@id":"https:\/\/truusk.store\/sv\/#website","url":"https:\/\/truusk.store\/sv\/","name":"TRUUSK - Hem, Tr\u00e4dg\u00e5rd & Fritid","description":"","publisher":{"@id":"https:\/\/truusk.store\/sv\/#organization"},"potentialAction":[{"@type":"SearchAction","target":{"@type":"EntryPoint","urlTemplate":"https:\/\/truusk.store\/sv\/?s={search_term_string}"},"query-input":{"@type":"PropertyValueSpecification","valueRequired":true,"valueName":"search_term_string"}}],"inLanguage":"sv-SE"},{"@type":"Organization","@id":"https:\/\/truusk.store\/sv\/#organization","name":"TRUUSK - Hem, Tr\u00e4dg\u00e5rd & Fritid","url":"https:\/\/truusk.store\/sv\/","logo":{"@type":"ImageObject","inLanguage":"sv-SE","@id":"https:\/\/truusk.store\/sv\/#\/schema\/logo\/image\/","url":"https:\/\/i0.wp.com\/truusk.store\/wp-content\/uploads\/2026\/03\/cropped-TRUUSK.png?fit=2032%2C917&ssl=1","contentUrl":"https:\/\/i0.wp.com\/truusk.store\/wp-content\/uploads\/2026\/03\/cropped-TRUUSK.png?fit=2032%2C917&ssl=1","width":2032,"height":917,"caption":"TRUUSK - Hem, Tr\u00e4dg\u00e5rd & Fritid"},"image":{"@id":"https:\/\/truusk.store\/sv\/#\/schema\/logo\/image\/"}}]}},"jetpack_sharing_enabled":true,"_links":{"self":[{"href":"https:\/\/truusk.store\/sv\/wp-json\/wp\/v2\/product\/35610","targetHints":{"allow":["GET"]}}],"collection":[{"href":"https:\/\/truusk.store\/sv\/wp-json\/wp\/v2\/product"}],"about":[{"href":"https:\/\/truusk.store\/sv\/wp-json\/wp\/v2\/types\/product"}],"wp:featuredmedia":[{"embeddable":true,"href":"https:\/\/truusk.store\/sv\/wp-json\/wp\/v2\/media\/35611"}],"wp:attachment":[{"href":"https:\/\/truusk.store\/sv\/wp-json\/wp\/v2\/media?parent=35610"}],"wp:term":[{"taxonomy":"product_brand","embeddable":true,"href":"https:\/\/truusk.store\/sv\/wp-json\/wp\/v2\/product_brand?post=35610"},{"taxonomy":"product_cat","embeddable":true,"href":"https:\/\/truusk.store\/sv\/wp-json\/wp\/v2\/product_cat?post=35610"},{"taxonomy":"product_tag","embeddable":true,"href":"https:\/\/truusk.store\/sv\/wp-json\/wp\/v2\/product_tag?post=35610"}],"curies":[{"name":"wp","href":"https:\/\/api.w.org\/{rel}","templated":true}]}}