{"id":35650,"date":"2024-02-13T23:47:27","date_gmt":"2024-02-13T22:47:27","guid":{"rendered":"https:\/\/truusk.store\/product\/hoppborg-med-rutschkana-hoppyta-pool-uppblasbar-inklusive-elektrisk-pump-for-upp-till-3-barn-380-x-340-x-170-cm\/"},"modified":"2026-03-12T09:12:20","modified_gmt":"2026-03-12T08:12:20","slug":"truusk-hoppborg-med-rutschkana-hoppyta-och-pool-uppblasbar-med-elektrisk-pump-for-upp-till-3-barn-380-x-340-x-170-cm","status":"publish","type":"product","link":"https:\/\/truusk.store\/sv\/produkt\/truusk-hoppborg-med-rutschkana-hoppyta-och-pool-uppblasbar-med-elektrisk-pump-for-upp-till-3-barn-380-x-340-x-170-cm\/","title":{"rendered":"TRUUSK Hoppborg med Rutschkana &#8211; Hoppyta och Pool &#8211; Uppbl\u00e5sbar med Elektrisk Pump &#8211; F\u00f6r Upp Till 3 Barn &#8211; 380 x 340 x 170 cm"},"content":{"rendered":"<p>Detta stora uppbl\u00e5sbara hoppborg kommer att f\u00e4ngsla dina barn fullst\u00e4ndigt och ge dem o\u00f6vertr\u00e4ffat roligt! Tillverkad av robust, s\u00e4kert och v\u00e4derbest\u00e4ndigt material, kan vattenlekplatsen anv\u00e4ndas av upp till tre barn samtidigt. En rutschkana, en pool och ett stort hoppomr\u00e5de garanterar m\u00e5nga glada, h\u00f6gljudda barnrop! Tack vare den medf\u00f6ljande elektriska pumpen kan slottet snabbt monteras och demonteras och f\u00f6rvaras p\u00e5 ett platsbesparande s\u00e4tt.<\/p>\n<h3>Beskrivning:<\/h3>\n<ul>\n<li>Inkluderar elektrisk fl\u00e4kt som pumpar in och sl\u00e4pper ut luft snabbt och enkelt<\/li>\n<li>Stor lekyta och slitstarka skyddsn\u00e4t<\/li>\n<li>Otaliga m\u00f6jligheter att springa runt och leka tack vare rutschkanan, hoppomr\u00e5det och poolomr\u00e5det<\/li>\n<li>Inkluderar pinnar f\u00f6r s\u00e4ker f\u00f6rankring i marken<\/li>\n<li>Inkluderar b\u00e4rv\u00e4ska f\u00f6r transport och f\u00f6rvaring<\/li>\n<li>L\u00e4mplig f\u00f6r inomhus- och utomhusbruk<\/li>\n<li>Stor nog att rymma 3 barn samtidigt<\/li>\n<li>F\u00f6r barn i \u00e5ldrarna 3 till 8 \u00e5r, maximal belastning 90 kg<\/li>\n<li>Anm\u00e4rkning 1: Endast f\u00f6r hemmabruk<\/li>\n<li>Anm\u00e4rkning 2: Rekommenderas inte f\u00f6r anv\u00e4ndning i d\u00e5ligt v\u00e4der<\/li>\n<\/ul>\n<h3>Teknisk data:<\/h3>\n<ul>\n<li>F\u00e4rg: Flerf\u00e4rgad<\/li>\n<li>Material: Oxford tyg (100% polyester)<\/li>\n<li>Totala m\u00e5tt: 380L x 340W x 170H cm<\/li>\n<li>Poolyta: 194L x 182W cm (vattenpool), 144L x 133W cm (havspool)<\/li>\n<li>Sliparea: 180L x 54W x 80H cm<\/li>\n<li>\u00d6ppning: 60 cm<\/li>\n<li>Max belastning: 90 kg<\/li>\n<li>Uppbl\u00e5sare: 450 B, 220-240 V \/ 50 Hz (adapter ing\u00e5r ej)<\/li>\n<\/ul>\n<h3>Leveransens omfattning:<\/h3>\n<ul>\n<li>1 x elektrisk fl\u00e4kt<\/li>\n<li>1 x handv\u00e4ska<\/li>\n<li>1 x Uppbl\u00e5sbart slott<\/li>\n<li>11 x pinnar<\/li>\n<li>1 x reparationssats<\/li>\n<li>1 x manuell<\/li>\n<\/ul>\n","protected":false},"excerpt":{"rendered":"<p>Detta stora uppbl\u00e5sbara hoppborg kommer att f\u00e4ngsla dina barn fullst\u00e4ndigt och ge dem o\u00f6vertr\u00e4ffat roligt! Tillverkad av robust, s\u00e4kert och&#8230;<\/p>\n","protected":false},"featured_media":35651,"template":"","meta":[],"product_brand":[],"product_cat":[609,618,616],"product_tag":[],"class_list":{"0":"post-35650","1":"product","2":"type-product","3":"status-publish","4":"has-post-thumbnail","6":"product_cat-baby-barn","7":"product_cat-hopp-och-vattenslott","8":"product_cat-utomhusleksaker","10":"first","11":"instock","12":"sale","13":"taxable","14":"shipping-taxable","15":"purchasable","16":"product-type-simple"},"yoast_head":"<!-- This site is optimized with the Yoast SEO plugin v25.4 - https:\/\/yoast.com\/wordpress\/plugins\/seo\/ -->\n<title>TRUUSK Hoppborg med Rutschkana - Hoppyta och Pool - Uppbl\u00e5sbar med Elektrisk Pump - F\u00f6r Upp Till 3 Barn - 380 x 340 x 170 cm - TRUUSK - Hem, Tr\u00e4dg\u00e5rd &amp; Fritid<\/title>\n<meta name=\"robots\" content=\"index, follow, max-snippet:-1, max-image-preview:large, max-video-preview:-1\" \/>\n<link rel=\"canonical\" href=\"https:\/\/truusk.store\/sv\/produkt\/truusk-hoppborg-med-rutschkana-hoppyta-och-pool-uppblasbar-med-elektrisk-pump-for-upp-till-3-barn-380-x-340-x-170-cm\/\" \/>\n<meta property=\"og:locale\" content=\"sv_SE\" \/>\n<meta property=\"og:type\" content=\"article\" \/>\n<meta property=\"og:title\" content=\"TRUUSK Hoppborg med Rutschkana - Hoppyta och Pool - Uppbl\u00e5sbar med Elektrisk Pump - F\u00f6r Upp Till 3 Barn - 380 x 340 x 170 cm - TRUUSK - Hem, Tr\u00e4dg\u00e5rd &amp; Fritid\" \/>\n<meta property=\"og:description\" content=\"Detta stora uppbl\u00e5sbara hoppborg kommer att f\u00e4ngsla dina barn fullst\u00e4ndigt och ge dem o\u00f6vertr\u00e4ffat roligt! Tillverkad av robust, s\u00e4kert och...\" \/>\n<meta property=\"og:url\" content=\"https:\/\/truusk.store\/sv\/produkt\/truusk-hoppborg-med-rutschkana-hoppyta-och-pool-uppblasbar-med-elektrisk-pump-for-upp-till-3-barn-380-x-340-x-170-cm\/\" \/>\n<meta property=\"og:site_name\" content=\"TRUUSK - Hem, Tr\u00e4dg\u00e5rd &amp; Fritid\" \/>\n<meta property=\"article:modified_time\" content=\"2026-03-12T08:12:20+00:00\" \/>\n<meta property=\"og:image\" content=\"https:\/\/i0.wp.com\/truusk.se\/wp-content\/uploads\/2024\/02\/hoppborg-med-rutschkana-hoppyta-pool-uppblasbar-inklusive-elektrisk-pump-for-upp-till-3-barn-380-x-340-x-170-cm.webp?fit=800%2C800&ssl=1\" \/>\n\t<meta property=\"og:image:width\" content=\"800\" \/>\n\t<meta property=\"og:image:height\" content=\"800\" \/>\n\t<meta property=\"og:image:type\" content=\"image\/webp\" \/>\n<meta name=\"twitter:card\" content=\"summary_large_image\" \/>\n<meta name=\"twitter:label1\" content=\"Ber\u00e4knad l\u00e4stid\" \/>\n\t<meta name=\"twitter:data1\" content=\"1 minut\" \/>\n<!-- \/ Yoast SEO plugin. -->","yoast_head_json":{"title":"TRUUSK Hoppborg med Rutschkana - Hoppyta och Pool - Uppbl\u00e5sbar med Elektrisk Pump - F\u00f6r Upp Till 3 Barn - 380 x 340 x 170 cm - TRUUSK - Hem, Tr\u00e4dg\u00e5rd &amp; Fritid","robots":{"index":"index","follow":"follow","max-snippet":"max-snippet:-1","max-image-preview":"max-image-preview:large","max-video-preview":"max-video-preview:-1"},"canonical":"https:\/\/truusk.store\/sv\/produkt\/truusk-hoppborg-med-rutschkana-hoppyta-och-pool-uppblasbar-med-elektrisk-pump-for-upp-till-3-barn-380-x-340-x-170-cm\/","og_locale":"sv_SE","og_type":"article","og_title":"TRUUSK Hoppborg med Rutschkana - Hoppyta och Pool - Uppbl\u00e5sbar med Elektrisk Pump - F\u00f6r Upp Till 3 Barn - 380 x 340 x 170 cm - TRUUSK - Hem, Tr\u00e4dg\u00e5rd &amp; Fritid","og_description":"Detta stora uppbl\u00e5sbara hoppborg kommer att f\u00e4ngsla dina barn fullst\u00e4ndigt och ge dem o\u00f6vertr\u00e4ffat roligt! Tillverkad av robust, s\u00e4kert och...","og_url":"https:\/\/truusk.store\/sv\/produkt\/truusk-hoppborg-med-rutschkana-hoppyta-och-pool-uppblasbar-med-elektrisk-pump-for-upp-till-3-barn-380-x-340-x-170-cm\/","og_site_name":"TRUUSK - Hem, Tr\u00e4dg\u00e5rd &amp; Fritid","article_modified_time":"2026-03-12T08:12:20+00:00","og_image":[{"width":800,"height":800,"url":"https:\/\/i0.wp.com\/truusk.se\/wp-content\/uploads\/2024\/02\/hoppborg-med-rutschkana-hoppyta-pool-uppblasbar-inklusive-elektrisk-pump-for-upp-till-3-barn-380-x-340-x-170-cm.webp?fit=800%2C800&ssl=1","type":"image\/webp"}],"twitter_card":"summary_large_image","twitter_misc":{"Ber\u00e4knad l\u00e4stid":"1 minut"},"schema":{"@context":"https:\/\/schema.org","@graph":[{"@type":"WebPage","@id":"https:\/\/truusk.store\/sv\/produkt\/truusk-hoppborg-med-rutschkana-hoppyta-och-pool-uppblasbar-med-elektrisk-pump-for-upp-till-3-barn-380-x-340-x-170-cm\/","url":"https:\/\/truusk.store\/sv\/produkt\/truusk-hoppborg-med-rutschkana-hoppyta-och-pool-uppblasbar-med-elektrisk-pump-for-upp-till-3-barn-380-x-340-x-170-cm\/","name":"TRUUSK Hoppborg med Rutschkana - Hoppyta och Pool - Uppbl\u00e5sbar med Elektrisk Pump - F\u00f6r Upp Till 3 Barn - 380 x 340 x 170 cm - TRUUSK - Hem, Tr\u00e4dg\u00e5rd &amp; Fritid","isPartOf":{"@id":"https:\/\/truusk.store\/sv\/#website"},"primaryImageOfPage":{"@id":"https:\/\/truusk.store\/sv\/produkt\/truusk-hoppborg-med-rutschkana-hoppyta-och-pool-uppblasbar-med-elektrisk-pump-for-upp-till-3-barn-380-x-340-x-170-cm\/#primaryimage"},"image":{"@id":"https:\/\/truusk.store\/sv\/produkt\/truusk-hoppborg-med-rutschkana-hoppyta-och-pool-uppblasbar-med-elektrisk-pump-for-upp-till-3-barn-380-x-340-x-170-cm\/#primaryimage"},"thumbnailUrl":"https:\/\/i0.wp.com\/truusk.store\/wp-content\/uploads\/2024\/02\/hoppborg-med-rutschkana-hoppyta-pool-uppblasbar-inklusive-elektrisk-pump-for-upp-till-3-barn-380-x-340-x-170-cm.webp?fit=800%2C800&ssl=1","datePublished":"2024-02-13T22:47:27+00:00","dateModified":"2026-03-12T08:12:20+00:00","breadcrumb":{"@id":"https:\/\/truusk.store\/sv\/produkt\/truusk-hoppborg-med-rutschkana-hoppyta-och-pool-uppblasbar-med-elektrisk-pump-for-upp-till-3-barn-380-x-340-x-170-cm\/#breadcrumb"},"inLanguage":"sv-SE","potentialAction":[{"@type":"ReadAction","target":["https:\/\/truusk.store\/sv\/produkt\/truusk-hoppborg-med-rutschkana-hoppyta-och-pool-uppblasbar-med-elektrisk-pump-for-upp-till-3-barn-380-x-340-x-170-cm\/"]}]},{"@type":"ImageObject","inLanguage":"sv-SE","@id":"https:\/\/truusk.store\/sv\/produkt\/truusk-hoppborg-med-rutschkana-hoppyta-och-pool-uppblasbar-med-elektrisk-pump-for-upp-till-3-barn-380-x-340-x-170-cm\/#primaryimage","url":"https:\/\/i0.wp.com\/truusk.store\/wp-content\/uploads\/2024\/02\/hoppborg-med-rutschkana-hoppyta-pool-uppblasbar-inklusive-elektrisk-pump-for-upp-till-3-barn-380-x-340-x-170-cm.webp?fit=800%2C800&ssl=1","contentUrl":"https:\/\/i0.wp.com\/truusk.store\/wp-content\/uploads\/2024\/02\/hoppborg-med-rutschkana-hoppyta-pool-uppblasbar-inklusive-elektrisk-pump-for-upp-till-3-barn-380-x-340-x-170-cm.webp?fit=800%2C800&ssl=1","width":800,"height":800,"caption":"Hoppborg, Med Rutschkana, Hoppyta, Pool, Uppbl\u00e5sbar, Inklusive Elektrisk Pump, F\u00f6r Upp Till 3 Barn, 380 X 340 X 170 Cm 1"},{"@type":"BreadcrumbList","@id":"https:\/\/truusk.store\/sv\/produkt\/truusk-hoppborg-med-rutschkana-hoppyta-och-pool-uppblasbar-med-elektrisk-pump-for-upp-till-3-barn-380-x-340-x-170-cm\/#breadcrumb","itemListElement":[{"@type":"ListItem","position":1,"name":"Home","item":"https:\/\/truusk.store\/sv\/"},{"@type":"ListItem","position":2,"name":"Shop","item":"https:\/\/truusk.store\/shop\/"},{"@type":"ListItem","position":3,"name":"TRUUSK Hoppborg med Rutschkana &#8211; Hoppyta och Pool &#8211; Uppbl\u00e5sbar med Elektrisk Pump &#8211; F\u00f6r Upp Till 3 Barn &#8211; 380 x 340 x 170 cm"}]},{"@type":"WebSite","@id":"https:\/\/truusk.store\/sv\/#website","url":"https:\/\/truusk.store\/sv\/","name":"TRUUSK - Hem, Tr\u00e4dg\u00e5rd & Fritid","description":"","publisher":{"@id":"https:\/\/truusk.store\/sv\/#organization"},"potentialAction":[{"@type":"SearchAction","target":{"@type":"EntryPoint","urlTemplate":"https:\/\/truusk.store\/sv\/?s={search_term_string}"},"query-input":{"@type":"PropertyValueSpecification","valueRequired":true,"valueName":"search_term_string"}}],"inLanguage":"sv-SE"},{"@type":"Organization","@id":"https:\/\/truusk.store\/sv\/#organization","name":"TRUUSK - Hem, Tr\u00e4dg\u00e5rd & Fritid","url":"https:\/\/truusk.store\/sv\/","logo":{"@type":"ImageObject","inLanguage":"sv-SE","@id":"https:\/\/truusk.store\/sv\/#\/schema\/logo\/image\/","url":"https:\/\/i0.wp.com\/truusk.store\/wp-content\/uploads\/2026\/03\/cropped-TRUUSK.png?fit=2032%2C917&ssl=1","contentUrl":"https:\/\/i0.wp.com\/truusk.store\/wp-content\/uploads\/2026\/03\/cropped-TRUUSK.png?fit=2032%2C917&ssl=1","width":2032,"height":917,"caption":"TRUUSK - Hem, Tr\u00e4dg\u00e5rd & Fritid"},"image":{"@id":"https:\/\/truusk.store\/sv\/#\/schema\/logo\/image\/"}}]}},"jetpack_sharing_enabled":true,"_links":{"self":[{"href":"https:\/\/truusk.store\/sv\/wp-json\/wp\/v2\/product\/35650","targetHints":{"allow":["GET"]}}],"collection":[{"href":"https:\/\/truusk.store\/sv\/wp-json\/wp\/v2\/product"}],"about":[{"href":"https:\/\/truusk.store\/sv\/wp-json\/wp\/v2\/types\/product"}],"wp:featuredmedia":[{"embeddable":true,"href":"https:\/\/truusk.store\/sv\/wp-json\/wp\/v2\/media\/35651"}],"wp:attachment":[{"href":"https:\/\/truusk.store\/sv\/wp-json\/wp\/v2\/media?parent=35650"}],"wp:term":[{"taxonomy":"product_brand","embeddable":true,"href":"https:\/\/truusk.store\/sv\/wp-json\/wp\/v2\/product_brand?post=35650"},{"taxonomy":"product_cat","embeddable":true,"href":"https:\/\/truusk.store\/sv\/wp-json\/wp\/v2\/product_cat?post=35650"},{"taxonomy":"product_tag","embeddable":true,"href":"https:\/\/truusk.store\/sv\/wp-json\/wp\/v2\/product_tag?post=35650"}],"curies":[{"name":"wp","href":"https:\/\/api.w.org\/{rel}","templated":true}]}}