{"id":35820,"date":"2024-02-13T23:54:04","date_gmt":"2024-02-13T22:54:04","guid":{"rendered":"https:\/\/truusk.store\/product\/parasollstall-40-kg-parasollstall-for-parasoll-paraplystolpar-38-mm-48-mm-kan-fyllas-med-vatten-eller-sand-parasollfot-for-tradgardsterrass-balkong-svart-60-x-36h-cm\/"},"modified":"2026-03-12T09:12:24","modified_gmt":"2026-03-12T08:12:24","slug":"truusk-parasollstall-40-kg-for-parasoll-paraplystolpar-38-mm-48-mm-fyllbar-med-vatten-eller-sand-svart-60-x-36h-cm","status":"publish","type":"product","link":"https:\/\/truusk.store\/sv\/produkt\/truusk-parasollstall-40-kg-for-parasoll-paraplystolpar-38-mm-48-mm-fyllbar-med-vatten-eller-sand-svart-60-x-36h-cm\/","title":{"rendered":"TRUUSK Parasollst\u00e4ll 40 Kg &#8211; F\u00f6r Parasoll Paraplystolpar 38 Mm\/48 Mm &#8211; Fyllbar med Vatten eller Sand &#8211; Svart &#8211; 60 x 36H cm"},"content":{"rendered":"<p>Se till att ditt paraply alltid sitter stadigt p\u00e5 plats med denna paraplybas. Paraplybasen har en \u00f6ppning f\u00f6r enkel fyllning och reng\u00f6ring. Oavsett om du vill anv\u00e4nda den till tr\u00e4dg\u00e5rden, uteplatsen eller poolen \u00e4r detta den r\u00e4tta parasollh\u00e5llaren f\u00f6r dig. Ge ditt paraply ett stadigt grepp om marken med detta paraplyst\u00e4ll och skapa din egen v\u00e4dertrotsande, skuggiga oas.<\/p>\n<h3>Beskrivning:<\/h3>\n<ul>\n<li>Parasollbasens vikt \u00e4r l\u00e4mplig f\u00f6r tr\u00e4dg\u00e5rdsparaplyer med en st\u00e5ngdiameter p\u00e5 38 mm och 48 mm<\/li>\n<li>Tillverkad av slitstark HDPE-plast med en skyddande bel\u00e4ggning f\u00f6r utomhusbruk<\/li>\n<li>V\u00e4ger upp till 28 kg eller 40 kg n\u00e4r den \u00e4r fylld med vatten eller sand<\/li>\n<li>Tack vare \u00f6ppningen p\u00e5 ovansidan \u00e4r basen l\u00e4tt att fylla och reng\u00f6ra<\/li>\n<li>L\u00e5sknappar f\u00f6r att s\u00e4kra paraplyst\u00e4ngerna f\u00f6r mer stabilitet<\/li>\n<li>L\u00e4mplig f\u00f6r anv\u00e4ndning i din tr\u00e4dg\u00e5rd, uteplats, pool eller andra utomhusomr\u00e5den<\/li>\n<li>Montering kr\u00e4vs<\/li>\n<\/ul>\n<h3>Teknisk data:<\/h3>\n<ul>\n<li>Svart f\u00e4rg<\/li>\n<li>Material: HDPE, metall<\/li>\n<li>Totalstorlek: 60 x 36H cm<\/li>\n<li>Sida till sida: 56 x 36H cm<\/li>\n<li>Bottenplattans storlek: 60 x 12,5H cm<\/li>\n<li>Metallstavstorlek: 5,6 x 24H cm<\/li>\n<li>Nettovikt: 2,9 kg<\/li>\n<li>Efter fyllning vikt: 28 kg (vatten), 40 kg (sand)<\/li>\n<li>L\u00e4mplig f\u00f6r paraplypinne: 3,8 cm, 4,8 cm<\/li>\n<\/ul>\n<h3>Leveransens omfattning:<\/h3>\n<ul>\n<li>1 x Parasollst\u00e4ll<\/li>\n<li>1 x Instruktioner<\/li>\n<\/ul>\n","protected":false},"excerpt":{"rendered":"<p>Se till att ditt paraply alltid sitter stadigt p\u00e5 plats med denna paraplybas. Paraplybasen har en \u00f6ppning f\u00f6r enkel fyllning&#8230;<\/p>\n","protected":false},"featured_media":35821,"template":"","meta":[],"product_brand":[],"product_cat":[723,472,471,435],"product_tag":[],"class_list":{"0":"post-35820","1":"product","2":"type-product","3":"status-publish","4":"has-post-thumbnail","6":"product_cat-paraplystall","7":"product_cat-parasoller","8":"product_cat-solskydd-integritetsskydd","9":"product_cat-tradgard-och-terrass","11":"first","12":"instock","13":"sale","14":"taxable","15":"shipping-taxable","16":"purchasable","17":"product-type-simple"},"yoast_head":"<!-- This site is optimized with the Yoast SEO plugin v25.4 - https:\/\/yoast.com\/wordpress\/plugins\/seo\/ -->\n<title>TRUUSK Parasollst\u00e4ll 40 Kg - F\u00f6r Parasoll Paraplystolpar 38 Mm\/48 Mm - Fyllbar med Vatten eller Sand - Svart - 60 x 36H cm - TRUUSK - Hem, Tr\u00e4dg\u00e5rd &amp; Fritid<\/title>\n<meta name=\"robots\" content=\"index, follow, max-snippet:-1, max-image-preview:large, max-video-preview:-1\" \/>\n<link rel=\"canonical\" href=\"https:\/\/truusk.store\/sv\/produkt\/truusk-parasollstall-40-kg-for-parasoll-paraplystolpar-38-mm-48-mm-fyllbar-med-vatten-eller-sand-svart-60-x-36h-cm\/\" \/>\n<meta property=\"og:locale\" content=\"sv_SE\" \/>\n<meta property=\"og:type\" content=\"article\" \/>\n<meta property=\"og:title\" content=\"TRUUSK Parasollst\u00e4ll 40 Kg - F\u00f6r Parasoll Paraplystolpar 38 Mm\/48 Mm - Fyllbar med Vatten eller Sand - Svart - 60 x 36H cm - TRUUSK - Hem, Tr\u00e4dg\u00e5rd &amp; Fritid\" \/>\n<meta property=\"og:description\" content=\"Se till att ditt paraply alltid sitter stadigt p\u00e5 plats med denna paraplybas. Paraplybasen har en \u00f6ppning f\u00f6r enkel fyllning...\" \/>\n<meta property=\"og:url\" content=\"https:\/\/truusk.store\/sv\/produkt\/truusk-parasollstall-40-kg-for-parasoll-paraplystolpar-38-mm-48-mm-fyllbar-med-vatten-eller-sand-svart-60-x-36h-cm\/\" \/>\n<meta property=\"og:site_name\" content=\"TRUUSK - Hem, Tr\u00e4dg\u00e5rd &amp; Fritid\" \/>\n<meta property=\"article:modified_time\" content=\"2026-03-12T08:12:24+00:00\" \/>\n<meta property=\"og:image\" content=\"https:\/\/i0.wp.com\/truusk.se\/wp-content\/uploads\/2024\/02\/parasollstall-40-kg-parasollstall-for-parasoll-paraplystolpar-38-mm-48-mm-kan-fyllas-med-vatten-eller-sand-parasollfot-for-tradgardsterrass-balkong-svart-60-x-36h-cm.webp?fit=800%2C800&ssl=1\" \/>\n\t<meta property=\"og:image:width\" content=\"800\" \/>\n\t<meta property=\"og:image:height\" content=\"800\" \/>\n\t<meta property=\"og:image:type\" content=\"image\/webp\" \/>\n<meta name=\"twitter:card\" content=\"summary_large_image\" \/>\n<meta name=\"twitter:label1\" content=\"Ber\u00e4knad l\u00e4stid\" \/>\n\t<meta name=\"twitter:data1\" content=\"1 minut\" \/>\n<!-- \/ Yoast SEO plugin. -->","yoast_head_json":{"title":"TRUUSK Parasollst\u00e4ll 40 Kg - F\u00f6r Parasoll Paraplystolpar 38 Mm\/48 Mm - Fyllbar med Vatten eller Sand - Svart - 60 x 36H cm - TRUUSK - Hem, Tr\u00e4dg\u00e5rd &amp; Fritid","robots":{"index":"index","follow":"follow","max-snippet":"max-snippet:-1","max-image-preview":"max-image-preview:large","max-video-preview":"max-video-preview:-1"},"canonical":"https:\/\/truusk.store\/sv\/produkt\/truusk-parasollstall-40-kg-for-parasoll-paraplystolpar-38-mm-48-mm-fyllbar-med-vatten-eller-sand-svart-60-x-36h-cm\/","og_locale":"sv_SE","og_type":"article","og_title":"TRUUSK Parasollst\u00e4ll 40 Kg - F\u00f6r Parasoll Paraplystolpar 38 Mm\/48 Mm - Fyllbar med Vatten eller Sand - Svart - 60 x 36H cm - TRUUSK - Hem, Tr\u00e4dg\u00e5rd &amp; Fritid","og_description":"Se till att ditt paraply alltid sitter stadigt p\u00e5 plats med denna paraplybas. Paraplybasen har en \u00f6ppning f\u00f6r enkel fyllning...","og_url":"https:\/\/truusk.store\/sv\/produkt\/truusk-parasollstall-40-kg-for-parasoll-paraplystolpar-38-mm-48-mm-fyllbar-med-vatten-eller-sand-svart-60-x-36h-cm\/","og_site_name":"TRUUSK - Hem, Tr\u00e4dg\u00e5rd &amp; Fritid","article_modified_time":"2026-03-12T08:12:24+00:00","og_image":[{"width":800,"height":800,"url":"https:\/\/i0.wp.com\/truusk.se\/wp-content\/uploads\/2024\/02\/parasollstall-40-kg-parasollstall-for-parasoll-paraplystolpar-38-mm-48-mm-kan-fyllas-med-vatten-eller-sand-parasollfot-for-tradgardsterrass-balkong-svart-60-x-36h-cm.webp?fit=800%2C800&ssl=1","type":"image\/webp"}],"twitter_card":"summary_large_image","twitter_misc":{"Ber\u00e4knad l\u00e4stid":"1 minut"},"schema":{"@context":"https:\/\/schema.org","@graph":[{"@type":"WebPage","@id":"https:\/\/truusk.store\/sv\/produkt\/truusk-parasollstall-40-kg-for-parasoll-paraplystolpar-38-mm-48-mm-fyllbar-med-vatten-eller-sand-svart-60-x-36h-cm\/","url":"https:\/\/truusk.store\/sv\/produkt\/truusk-parasollstall-40-kg-for-parasoll-paraplystolpar-38-mm-48-mm-fyllbar-med-vatten-eller-sand-svart-60-x-36h-cm\/","name":"TRUUSK Parasollst\u00e4ll 40 Kg - F\u00f6r Parasoll Paraplystolpar 38 Mm\/48 Mm - Fyllbar med Vatten eller Sand - Svart - 60 x 36H cm - TRUUSK - Hem, Tr\u00e4dg\u00e5rd &amp; Fritid","isPartOf":{"@id":"https:\/\/truusk.store\/sv\/#website"},"primaryImageOfPage":{"@id":"https:\/\/truusk.store\/sv\/produkt\/truusk-parasollstall-40-kg-for-parasoll-paraplystolpar-38-mm-48-mm-fyllbar-med-vatten-eller-sand-svart-60-x-36h-cm\/#primaryimage"},"image":{"@id":"https:\/\/truusk.store\/sv\/produkt\/truusk-parasollstall-40-kg-for-parasoll-paraplystolpar-38-mm-48-mm-fyllbar-med-vatten-eller-sand-svart-60-x-36h-cm\/#primaryimage"},"thumbnailUrl":"https:\/\/i0.wp.com\/truusk.store\/wp-content\/uploads\/2024\/02\/parasollstall-40-kg-parasollstall-for-parasoll-paraplystolpar-38-mm-48-mm-kan-fyllas-med-vatten-eller-sand-parasollfot-for-tradgardsterrass-balkong-svart-60-x-36h-cm.webp?fit=800%2C800&ssl=1","datePublished":"2024-02-13T22:54:04+00:00","dateModified":"2026-03-12T08:12:24+00:00","breadcrumb":{"@id":"https:\/\/truusk.store\/sv\/produkt\/truusk-parasollstall-40-kg-for-parasoll-paraplystolpar-38-mm-48-mm-fyllbar-med-vatten-eller-sand-svart-60-x-36h-cm\/#breadcrumb"},"inLanguage":"sv-SE","potentialAction":[{"@type":"ReadAction","target":["https:\/\/truusk.store\/sv\/produkt\/truusk-parasollstall-40-kg-for-parasoll-paraplystolpar-38-mm-48-mm-fyllbar-med-vatten-eller-sand-svart-60-x-36h-cm\/"]}]},{"@type":"ImageObject","inLanguage":"sv-SE","@id":"https:\/\/truusk.store\/sv\/produkt\/truusk-parasollstall-40-kg-for-parasoll-paraplystolpar-38-mm-48-mm-fyllbar-med-vatten-eller-sand-svart-60-x-36h-cm\/#primaryimage","url":"https:\/\/i0.wp.com\/truusk.store\/wp-content\/uploads\/2024\/02\/parasollstall-40-kg-parasollstall-for-parasoll-paraplystolpar-38-mm-48-mm-kan-fyllas-med-vatten-eller-sand-parasollfot-for-tradgardsterrass-balkong-svart-60-x-36h-cm.webp?fit=800%2C800&ssl=1","contentUrl":"https:\/\/i0.wp.com\/truusk.store\/wp-content\/uploads\/2024\/02\/parasollstall-40-kg-parasollstall-for-parasoll-paraplystolpar-38-mm-48-mm-kan-fyllas-med-vatten-eller-sand-parasollfot-for-tradgardsterrass-balkong-svart-60-x-36h-cm.webp?fit=800%2C800&ssl=1","width":800,"height":800,"caption":"Parasollst\u00e4ll 40 Kg Parasollst\u00e4ll F\u00f6r Parasoll Paraplystolpar 38 Mm\/48 Mm Kan Fyllas Med Vatten Eller Sand Parasollfot F\u00f6r Tr\u00e4dg\u00e5rdsterrass Balkong Svart 60 X 36H Cm 1"},{"@type":"BreadcrumbList","@id":"https:\/\/truusk.store\/sv\/produkt\/truusk-parasollstall-40-kg-for-parasoll-paraplystolpar-38-mm-48-mm-fyllbar-med-vatten-eller-sand-svart-60-x-36h-cm\/#breadcrumb","itemListElement":[{"@type":"ListItem","position":1,"name":"Home","item":"https:\/\/truusk.store\/sv\/"},{"@type":"ListItem","position":2,"name":"Shop","item":"https:\/\/truusk.store\/shop\/"},{"@type":"ListItem","position":3,"name":"TRUUSK Parasollst\u00e4ll 40 Kg &#8211; F\u00f6r Parasoll Paraplystolpar 38 Mm\/48 Mm &#8211; Fyllbar med Vatten eller Sand &#8211; Svart &#8211; 60 x 36H cm"}]},{"@type":"WebSite","@id":"https:\/\/truusk.store\/sv\/#website","url":"https:\/\/truusk.store\/sv\/","name":"TRUUSK - Hem, Tr\u00e4dg\u00e5rd & Fritid","description":"","publisher":{"@id":"https:\/\/truusk.store\/sv\/#organization"},"potentialAction":[{"@type":"SearchAction","target":{"@type":"EntryPoint","urlTemplate":"https:\/\/truusk.store\/sv\/?s={search_term_string}"},"query-input":{"@type":"PropertyValueSpecification","valueRequired":true,"valueName":"search_term_string"}}],"inLanguage":"sv-SE"},{"@type":"Organization","@id":"https:\/\/truusk.store\/sv\/#organization","name":"TRUUSK - Hem, Tr\u00e4dg\u00e5rd & Fritid","url":"https:\/\/truusk.store\/sv\/","logo":{"@type":"ImageObject","inLanguage":"sv-SE","@id":"https:\/\/truusk.store\/sv\/#\/schema\/logo\/image\/","url":"https:\/\/i0.wp.com\/truusk.store\/wp-content\/uploads\/2026\/03\/cropped-TRUUSK.png?fit=2032%2C917&ssl=1","contentUrl":"https:\/\/i0.wp.com\/truusk.store\/wp-content\/uploads\/2026\/03\/cropped-TRUUSK.png?fit=2032%2C917&ssl=1","width":2032,"height":917,"caption":"TRUUSK - Hem, Tr\u00e4dg\u00e5rd & Fritid"},"image":{"@id":"https:\/\/truusk.store\/sv\/#\/schema\/logo\/image\/"}}]}},"jetpack_sharing_enabled":true,"_links":{"self":[{"href":"https:\/\/truusk.store\/sv\/wp-json\/wp\/v2\/product\/35820","targetHints":{"allow":["GET"]}}],"collection":[{"href":"https:\/\/truusk.store\/sv\/wp-json\/wp\/v2\/product"}],"about":[{"href":"https:\/\/truusk.store\/sv\/wp-json\/wp\/v2\/types\/product"}],"wp:featuredmedia":[{"embeddable":true,"href":"https:\/\/truusk.store\/sv\/wp-json\/wp\/v2\/media\/35821"}],"wp:attachment":[{"href":"https:\/\/truusk.store\/sv\/wp-json\/wp\/v2\/media?parent=35820"}],"wp:term":[{"taxonomy":"product_brand","embeddable":true,"href":"https:\/\/truusk.store\/sv\/wp-json\/wp\/v2\/product_brand?post=35820"},{"taxonomy":"product_cat","embeddable":true,"href":"https:\/\/truusk.store\/sv\/wp-json\/wp\/v2\/product_cat?post=35820"},{"taxonomy":"product_tag","embeddable":true,"href":"https:\/\/truusk.store\/sv\/wp-json\/wp\/v2\/product_tag?post=35820"}],"curies":[{"name":"wp","href":"https:\/\/api.w.org\/{rel}","templated":true}]}}