{"id":35937,"date":"2024-02-13T23:57:38","date_gmt":"2024-02-13T22:57:38","guid":{"rendered":"https:\/\/truusk.store\/product\/hollywood-swing-3-sits-tradgardsgungbank-med-tak-metall-grasilver-170-x-110-x-153-cm\/"},"modified":"2026-03-12T09:12:27","modified_gmt":"2026-03-12T08:12:27","slug":"truusk-hollywood-swing-tradgardsgungbank-med-tak-metall-grasilver-170-x-110-x-153-cm-3-sits","status":"publish","type":"product","link":"https:\/\/truusk.store\/sv\/produkt\/truusk-hollywood-swing-tradgardsgungbank-med-tak-metall-grasilver-170-x-110-x-153-cm-3-sits\/","title":{"rendered":"TRUUSK Hollywood Swing Tr\u00e4dg\u00e5rdsgungb\u00e4nk Med Tak Metall &#8211; Gr\u00e5+silver &#8211; 170 x 110 x 153 cm &#8211; 3-sits"},"content":{"rendered":"<p>Denna verandagunga \u00e4r ett perfekt komplement till alla tr\u00e4dg\u00e5rdar, uteplatser eller uteplatser. Metallgungan med slingtygsits har ett polyestertak som skyddar dig mot regn och UV-str\u00e5lning. Denna verandagunga \u00e4r snygg, praktisk och passar alla utomhusdekorationer.<\/p>\n<h3>Beskrivning:<\/h3>\n<ul>\n<li>Tillverkad av rostfri metall f\u00f6r optimal h\u00e5llbarhet<\/li>\n<li>Staket av UV-skyddad polyester ger dig skydd<\/li>\n<li>L\u00e4mplig f\u00f6r 3 personer med en maximal lastkapacitet p\u00e5 240 kg<\/li>\n<li>Komplettera din uteplats eller tr\u00e4dg\u00e5rd och njut av den lugnande gungande r\u00f6relsen<\/li>\n<li>L\u00e4ttsk\u00f6tt, med avtagbart \u00f6verdrag f\u00f6r tv\u00e4tt<\/li>\n<li>Montering kr\u00e4vs<\/li>\n<\/ul>\n<h3>Teknisk data:<\/h3>\n<ul>\n<li>Material: metall, polyester, \u00f6gletyg<\/li>\n<li>F\u00e4rg: Gr\u00e5+Silver<\/li>\n<li>\u00d6vergripande m\u00e5tt: 170L x 110W x 153H cm<\/li>\n<li>Kapellstorlek: 166L x 111W cm<\/li>\n<li>Sitsstorlek: 131W x 47,5D x 42H cm<\/li>\n<li>Lastkapacitet: 240 kg<\/li>\n<\/ul>\n<h3>Leveransens omfattning:<\/h3>\n<ul>\n<li>1 x verandagunga:<\/li>\n<li>1 x Instruktioner;<\/li>\n<\/ul>\n","protected":false},"excerpt":{"rendered":"<p>Denna verandagunga \u00e4r ett perfekt komplement till alla tr\u00e4dg\u00e5rdar, uteplatser eller uteplatser. Metallgungan med slingtygsits har ett polyestertak som skyddar&#8230;<\/p>\n","protected":false},"featured_media":35938,"template":"","meta":[],"product_brand":[],"product_cat":[453,435,450],"product_tag":[],"class_list":{"0":"post-35937","1":"product","2":"type-product","3":"status-publish","4":"has-post-thumbnail","6":"product_cat-hollywood-gungor","7":"product_cat-tradgard-och-terrass","8":"product_cat-tradgardsmobler","10":"first","11":"instock","12":"sale","13":"taxable","14":"shipping-taxable","15":"purchasable","16":"product-type-simple"},"yoast_head":"<!-- This site is optimized with the Yoast SEO plugin v25.4 - https:\/\/yoast.com\/wordpress\/plugins\/seo\/ -->\n<title>TRUUSK Hollywood Swing Tr\u00e4dg\u00e5rdsgungb\u00e4nk Med Tak Metall - Gr\u00e5+silver - 170 x 110 x 153 cm - 3-sits - TRUUSK - Hem, Tr\u00e4dg\u00e5rd &amp; Fritid<\/title>\n<meta name=\"robots\" content=\"index, follow, max-snippet:-1, max-image-preview:large, max-video-preview:-1\" \/>\n<link rel=\"canonical\" href=\"https:\/\/truusk.store\/sv\/produkt\/truusk-hollywood-swing-tradgardsgungbank-med-tak-metall-grasilver-170-x-110-x-153-cm-3-sits\/\" \/>\n<meta property=\"og:locale\" content=\"sv_SE\" \/>\n<meta property=\"og:type\" content=\"article\" \/>\n<meta property=\"og:title\" content=\"TRUUSK Hollywood Swing Tr\u00e4dg\u00e5rdsgungb\u00e4nk Med Tak Metall - Gr\u00e5+silver - 170 x 110 x 153 cm - 3-sits - TRUUSK - Hem, Tr\u00e4dg\u00e5rd &amp; Fritid\" \/>\n<meta property=\"og:description\" content=\"Denna verandagunga \u00e4r ett perfekt komplement till alla tr\u00e4dg\u00e5rdar, uteplatser eller uteplatser. Metallgungan med slingtygsits har ett polyestertak som skyddar...\" \/>\n<meta property=\"og:url\" content=\"https:\/\/truusk.store\/sv\/produkt\/truusk-hollywood-swing-tradgardsgungbank-med-tak-metall-grasilver-170-x-110-x-153-cm-3-sits\/\" \/>\n<meta property=\"og:site_name\" content=\"TRUUSK - Hem, Tr\u00e4dg\u00e5rd &amp; Fritid\" \/>\n<meta property=\"article:modified_time\" content=\"2026-03-12T08:12:27+00:00\" \/>\n<meta property=\"og:image\" content=\"https:\/\/i0.wp.com\/truusk.se\/wp-content\/uploads\/2024\/02\/hollywood-swing-3-sits-tradgardsgungbank-med-tak-metall-grasilver-170-x-110-x-153-cm.webp?fit=800%2C800&ssl=1\" \/>\n\t<meta property=\"og:image:width\" content=\"800\" \/>\n\t<meta property=\"og:image:height\" content=\"800\" \/>\n\t<meta property=\"og:image:type\" content=\"image\/webp\" \/>\n<meta name=\"twitter:card\" content=\"summary_large_image\" \/>\n<meta name=\"twitter:label1\" content=\"Ber\u00e4knad l\u00e4stid\" \/>\n\t<meta name=\"twitter:data1\" content=\"1 minut\" \/>\n<!-- \/ Yoast SEO plugin. -->","yoast_head_json":{"title":"TRUUSK Hollywood Swing Tr\u00e4dg\u00e5rdsgungb\u00e4nk Med Tak Metall - Gr\u00e5+silver - 170 x 110 x 153 cm - 3-sits - TRUUSK - Hem, Tr\u00e4dg\u00e5rd &amp; Fritid","robots":{"index":"index","follow":"follow","max-snippet":"max-snippet:-1","max-image-preview":"max-image-preview:large","max-video-preview":"max-video-preview:-1"},"canonical":"https:\/\/truusk.store\/sv\/produkt\/truusk-hollywood-swing-tradgardsgungbank-med-tak-metall-grasilver-170-x-110-x-153-cm-3-sits\/","og_locale":"sv_SE","og_type":"article","og_title":"TRUUSK Hollywood Swing Tr\u00e4dg\u00e5rdsgungb\u00e4nk Med Tak Metall - Gr\u00e5+silver - 170 x 110 x 153 cm - 3-sits - TRUUSK - Hem, Tr\u00e4dg\u00e5rd &amp; Fritid","og_description":"Denna verandagunga \u00e4r ett perfekt komplement till alla tr\u00e4dg\u00e5rdar, uteplatser eller uteplatser. Metallgungan med slingtygsits har ett polyestertak som skyddar...","og_url":"https:\/\/truusk.store\/sv\/produkt\/truusk-hollywood-swing-tradgardsgungbank-med-tak-metall-grasilver-170-x-110-x-153-cm-3-sits\/","og_site_name":"TRUUSK - Hem, Tr\u00e4dg\u00e5rd &amp; Fritid","article_modified_time":"2026-03-12T08:12:27+00:00","og_image":[{"width":800,"height":800,"url":"https:\/\/i0.wp.com\/truusk.se\/wp-content\/uploads\/2024\/02\/hollywood-swing-3-sits-tradgardsgungbank-med-tak-metall-grasilver-170-x-110-x-153-cm.webp?fit=800%2C800&ssl=1","type":"image\/webp"}],"twitter_card":"summary_large_image","twitter_misc":{"Ber\u00e4knad l\u00e4stid":"1 minut"},"schema":{"@context":"https:\/\/schema.org","@graph":[{"@type":"WebPage","@id":"https:\/\/truusk.store\/sv\/produkt\/truusk-hollywood-swing-tradgardsgungbank-med-tak-metall-grasilver-170-x-110-x-153-cm-3-sits\/","url":"https:\/\/truusk.store\/sv\/produkt\/truusk-hollywood-swing-tradgardsgungbank-med-tak-metall-grasilver-170-x-110-x-153-cm-3-sits\/","name":"TRUUSK Hollywood Swing Tr\u00e4dg\u00e5rdsgungb\u00e4nk Med Tak Metall - Gr\u00e5+silver - 170 x 110 x 153 cm - 3-sits - TRUUSK - Hem, Tr\u00e4dg\u00e5rd &amp; Fritid","isPartOf":{"@id":"https:\/\/truusk.store\/sv\/#website"},"primaryImageOfPage":{"@id":"https:\/\/truusk.store\/sv\/produkt\/truusk-hollywood-swing-tradgardsgungbank-med-tak-metall-grasilver-170-x-110-x-153-cm-3-sits\/#primaryimage"},"image":{"@id":"https:\/\/truusk.store\/sv\/produkt\/truusk-hollywood-swing-tradgardsgungbank-med-tak-metall-grasilver-170-x-110-x-153-cm-3-sits\/#primaryimage"},"thumbnailUrl":"https:\/\/i0.wp.com\/truusk.store\/wp-content\/uploads\/2024\/02\/hollywood-swing-3-sits-tradgardsgungbank-med-tak-metall-grasilver-170-x-110-x-153-cm.webp?fit=800%2C800&ssl=1","datePublished":"2024-02-13T22:57:38+00:00","dateModified":"2026-03-12T08:12:27+00:00","breadcrumb":{"@id":"https:\/\/truusk.store\/sv\/produkt\/truusk-hollywood-swing-tradgardsgungbank-med-tak-metall-grasilver-170-x-110-x-153-cm-3-sits\/#breadcrumb"},"inLanguage":"sv-SE","potentialAction":[{"@type":"ReadAction","target":["https:\/\/truusk.store\/sv\/produkt\/truusk-hollywood-swing-tradgardsgungbank-med-tak-metall-grasilver-170-x-110-x-153-cm-3-sits\/"]}]},{"@type":"ImageObject","inLanguage":"sv-SE","@id":"https:\/\/truusk.store\/sv\/produkt\/truusk-hollywood-swing-tradgardsgungbank-med-tak-metall-grasilver-170-x-110-x-153-cm-3-sits\/#primaryimage","url":"https:\/\/i0.wp.com\/truusk.store\/wp-content\/uploads\/2024\/02\/hollywood-swing-3-sits-tradgardsgungbank-med-tak-metall-grasilver-170-x-110-x-153-cm.webp?fit=800%2C800&ssl=1","contentUrl":"https:\/\/i0.wp.com\/truusk.store\/wp-content\/uploads\/2024\/02\/hollywood-swing-3-sits-tradgardsgungbank-med-tak-metall-grasilver-170-x-110-x-153-cm.webp?fit=800%2C800&ssl=1","width":800,"height":800,"caption":"Hollywood Swing 3-sits Tr\u00e4dg\u00e5rdsgungb\u00e4nk Med Tak Metall Gr\u00e5+silver 170 X 110 X 153 Cm 1"},{"@type":"BreadcrumbList","@id":"https:\/\/truusk.store\/sv\/produkt\/truusk-hollywood-swing-tradgardsgungbank-med-tak-metall-grasilver-170-x-110-x-153-cm-3-sits\/#breadcrumb","itemListElement":[{"@type":"ListItem","position":1,"name":"Home","item":"https:\/\/truusk.store\/sv\/"},{"@type":"ListItem","position":2,"name":"Shop","item":"https:\/\/truusk.store\/shop\/"},{"@type":"ListItem","position":3,"name":"TRUUSK Hollywood Swing Tr\u00e4dg\u00e5rdsgungb\u00e4nk Med Tak Metall &#8211; Gr\u00e5+silver &#8211; 170 x 110 x 153 cm &#8211; 3-sits"}]},{"@type":"WebSite","@id":"https:\/\/truusk.store\/sv\/#website","url":"https:\/\/truusk.store\/sv\/","name":"TRUUSK - Hem, Tr\u00e4dg\u00e5rd & Fritid","description":"","publisher":{"@id":"https:\/\/truusk.store\/sv\/#organization"},"potentialAction":[{"@type":"SearchAction","target":{"@type":"EntryPoint","urlTemplate":"https:\/\/truusk.store\/sv\/?s={search_term_string}"},"query-input":{"@type":"PropertyValueSpecification","valueRequired":true,"valueName":"search_term_string"}}],"inLanguage":"sv-SE"},{"@type":"Organization","@id":"https:\/\/truusk.store\/sv\/#organization","name":"TRUUSK - Hem, Tr\u00e4dg\u00e5rd & Fritid","url":"https:\/\/truusk.store\/sv\/","logo":{"@type":"ImageObject","inLanguage":"sv-SE","@id":"https:\/\/truusk.store\/sv\/#\/schema\/logo\/image\/","url":"https:\/\/i0.wp.com\/truusk.store\/wp-content\/uploads\/2026\/03\/cropped-TRUUSK.png?fit=2032%2C917&ssl=1","contentUrl":"https:\/\/i0.wp.com\/truusk.store\/wp-content\/uploads\/2026\/03\/cropped-TRUUSK.png?fit=2032%2C917&ssl=1","width":2032,"height":917,"caption":"TRUUSK - Hem, Tr\u00e4dg\u00e5rd & Fritid"},"image":{"@id":"https:\/\/truusk.store\/sv\/#\/schema\/logo\/image\/"}}]}},"jetpack_sharing_enabled":true,"_links":{"self":[{"href":"https:\/\/truusk.store\/sv\/wp-json\/wp\/v2\/product\/35937","targetHints":{"allow":["GET"]}}],"collection":[{"href":"https:\/\/truusk.store\/sv\/wp-json\/wp\/v2\/product"}],"about":[{"href":"https:\/\/truusk.store\/sv\/wp-json\/wp\/v2\/types\/product"}],"wp:featuredmedia":[{"embeddable":true,"href":"https:\/\/truusk.store\/sv\/wp-json\/wp\/v2\/media\/35938"}],"wp:attachment":[{"href":"https:\/\/truusk.store\/sv\/wp-json\/wp\/v2\/media?parent=35937"}],"wp:term":[{"taxonomy":"product_brand","embeddable":true,"href":"https:\/\/truusk.store\/sv\/wp-json\/wp\/v2\/product_brand?post=35937"},{"taxonomy":"product_cat","embeddable":true,"href":"https:\/\/truusk.store\/sv\/wp-json\/wp\/v2\/product_cat?post=35937"},{"taxonomy":"product_tag","embeddable":true,"href":"https:\/\/truusk.store\/sv\/wp-json\/wp\/v2\/product_tag?post=35937"}],"curies":[{"name":"wp","href":"https:\/\/api.w.org\/{rel}","templated":true}]}}