{"id":35949,"date":"2024-02-13T23:57:58","date_gmt":"2024-02-13T22:57:58","guid":{"rendered":"https:\/\/truusk.store\/product\/solstol-tradgardssang-solstol-av-aluminiumtyg-relaxstol-5-vags-justerbar-hopfallbar-ergonomisk-mesh-beige-165-x-60-x-76-cm\/"},"modified":"2026-03-12T09:12:27","modified_gmt":"2026-03-12T08:12:27","slug":"truusk-solstol-tradgardssang-av-aluminiumtyg-5-vags-justerbar-ergonomisk-design-hopfallbar-mesh-beige-165-x-60-x-76-cm","status":"publish","type":"product","link":"https:\/\/truusk.store\/sv\/produkt\/truusk-solstol-tradgardssang-av-aluminiumtyg-5-vags-justerbar-ergonomisk-design-hopfallbar-mesh-beige-165-x-60-x-76-cm\/","title":{"rendered":"TRUUSK Solstol Tr\u00e4dg\u00e5rdss\u00e4ng Av Aluminiumtyg &#8211; 5-v\u00e4gs Justerbar &#8211; Ergonomisk Design &#8211; Hopf\u00e4llbar &#8211; Mesh Beige &#8211; 165 x 60 x 76 cm"},"content":{"rendered":"<p>Denna hopf\u00e4llbara balkongs\u00e4ng \u00e4r det perfekta tillskottet till din tr\u00e4dg\u00e5rd om du bara vill njuta av sommarsolen. Med sitt 4-v\u00e4gs justerbara ryggst\u00f6d kan du fritt anpassa vilstolen efter dina personliga behov och den robusta aluminiumramen med ett andningsskydd ger dig en bekv\u00e4m liggupplevelse. Den \u00e4r idealisk f\u00f6r utomhusbruk. Perfekt som tr\u00e4dg\u00e5rdss\u00e4ng.<\/p>\n<h3>Beskrivning:<\/h3>\n<ul>\n<li>L\u00e4mplig f\u00f6r utomhuspark, tr\u00e4dg\u00e5rd, uteplats, pool, vintertr\u00e4dg\u00e5rd, strand och mer<\/li>\n<li>Avtagbar kudde f\u00f6r anpassningsbart huvudst\u00f6d<\/li>\n<li>Ryggst\u00f6det \u00e4r justerbart och den nedre halvan av stolen kan f\u00e4llas ner<\/li>\n<li>L\u00e4gg bara stolen platt f\u00f6r att f\u00f6rvandla den till en praktisk s\u00e4ng<\/li>\n<li>Vikbar och platsbesparande design f\u00f6r snabb transport och f\u00f6rvaring<\/li>\n<li>Fotskydd skyddar benen och golvet fr\u00e5n slitage<\/li>\n<li>Aluminiumram f\u00f6r robust och l\u00e5ngvarig anv\u00e4ndning<\/li>\n<li>Textlinjetyg f\u00f6r snabb torkning efter regn<\/li>\n<\/ul>\n<h3>Teknisk data:<\/h3>\n<ul>\n<li>F\u00e4rg beige<\/li>\n<li>Material: aluminium, mesh, skum<\/li>\n<li>Totalstorlek: (st\u00e5ende) 165L x 60W x 76H cm, (platt) 189L x 60W x 28H cm<\/li>\n<li>Vikt storlek: 80L x 60W x 19,5H cm<\/li>\n<li>Tygets bredd p\u00e5 liggytan: 52 cm<\/li>\n<li>Kuddstorlek: 35L x 16,5W x 5D cm<\/li>\n<li>Lastkapacitet: 120 kg<\/li>\n<\/ul>\n<h3>Leveransens omfattning:<\/h3>\n<ul>\n<li>1 x tr\u00e4dg\u00e5rdsstol<\/li>\n<li>1 x kudde<\/li>\n<\/ul>\n","protected":false},"excerpt":{"rendered":"<p>Denna hopf\u00e4llbara balkongs\u00e4ng \u00e4r det perfekta tillskottet till din tr\u00e4dg\u00e5rd om du bara vill njuta av sommarsolen. Med sitt 4-v\u00e4gs&#8230;<\/p>\n","protected":false},"featured_media":35950,"template":"","meta":[],"product_brand":[],"product_cat":[451,435,450],"product_tag":[],"class_list":{"0":"post-35949","1":"product","2":"type-product","3":"status-publish","4":"has-post-thumbnail","6":"product_cat-solstolar","7":"product_cat-tradgard-och-terrass","8":"product_cat-tradgardsmobler","10":"first","11":"instock","12":"sale","13":"taxable","14":"shipping-taxable","15":"purchasable","16":"product-type-simple"},"yoast_head":"<!-- This site is optimized with the Yoast SEO plugin v25.4 - https:\/\/yoast.com\/wordpress\/plugins\/seo\/ -->\n<title>TRUUSK Solstol Tr\u00e4dg\u00e5rdss\u00e4ng Av Aluminiumtyg - 5-v\u00e4gs Justerbar - Ergonomisk Design - Hopf\u00e4llbar - Mesh Beige - 165 x 60 x 76 cm - TRUUSK - Hem, Tr\u00e4dg\u00e5rd &amp; Fritid<\/title>\n<meta name=\"robots\" content=\"index, follow, max-snippet:-1, max-image-preview:large, max-video-preview:-1\" \/>\n<link rel=\"canonical\" href=\"https:\/\/truusk.store\/sv\/produkt\/truusk-solstol-tradgardssang-av-aluminiumtyg-5-vags-justerbar-ergonomisk-design-hopfallbar-mesh-beige-165-x-60-x-76-cm\/\" \/>\n<meta property=\"og:locale\" content=\"sv_SE\" \/>\n<meta property=\"og:type\" content=\"article\" \/>\n<meta property=\"og:title\" content=\"TRUUSK Solstol Tr\u00e4dg\u00e5rdss\u00e4ng Av Aluminiumtyg - 5-v\u00e4gs Justerbar - Ergonomisk Design - Hopf\u00e4llbar - Mesh Beige - 165 x 60 x 76 cm - TRUUSK - Hem, Tr\u00e4dg\u00e5rd &amp; Fritid\" \/>\n<meta property=\"og:description\" content=\"Denna hopf\u00e4llbara balkongs\u00e4ng \u00e4r det perfekta tillskottet till din tr\u00e4dg\u00e5rd om du bara vill njuta av sommarsolen. Med sitt 4-v\u00e4gs...\" \/>\n<meta property=\"og:url\" content=\"https:\/\/truusk.store\/sv\/produkt\/truusk-solstol-tradgardssang-av-aluminiumtyg-5-vags-justerbar-ergonomisk-design-hopfallbar-mesh-beige-165-x-60-x-76-cm\/\" \/>\n<meta property=\"og:site_name\" content=\"TRUUSK - Hem, Tr\u00e4dg\u00e5rd &amp; Fritid\" \/>\n<meta property=\"article:modified_time\" content=\"2026-03-12T08:12:27+00:00\" \/>\n<meta property=\"og:image\" content=\"https:\/\/i0.wp.com\/truusk.se\/wp-content\/uploads\/2024\/02\/solstol-tradgardssang-solstol-av-aluminiumtyg-relaxstol-5-vags-justerbar-hopfallbar-ergonomisk-mesh-beige-165-x-60-x-76-cm.webp?fit=800%2C800&ssl=1\" \/>\n\t<meta property=\"og:image:width\" content=\"800\" \/>\n\t<meta property=\"og:image:height\" content=\"800\" \/>\n\t<meta property=\"og:image:type\" content=\"image\/webp\" \/>\n<meta name=\"twitter:card\" content=\"summary_large_image\" \/>\n<meta name=\"twitter:label1\" content=\"Ber\u00e4knad l\u00e4stid\" \/>\n\t<meta name=\"twitter:data1\" content=\"1 minut\" \/>\n<!-- \/ Yoast SEO plugin. -->","yoast_head_json":{"title":"TRUUSK Solstol Tr\u00e4dg\u00e5rdss\u00e4ng Av Aluminiumtyg - 5-v\u00e4gs Justerbar - Ergonomisk Design - Hopf\u00e4llbar - Mesh Beige - 165 x 60 x 76 cm - TRUUSK - Hem, Tr\u00e4dg\u00e5rd &amp; Fritid","robots":{"index":"index","follow":"follow","max-snippet":"max-snippet:-1","max-image-preview":"max-image-preview:large","max-video-preview":"max-video-preview:-1"},"canonical":"https:\/\/truusk.store\/sv\/produkt\/truusk-solstol-tradgardssang-av-aluminiumtyg-5-vags-justerbar-ergonomisk-design-hopfallbar-mesh-beige-165-x-60-x-76-cm\/","og_locale":"sv_SE","og_type":"article","og_title":"TRUUSK Solstol Tr\u00e4dg\u00e5rdss\u00e4ng Av Aluminiumtyg - 5-v\u00e4gs Justerbar - Ergonomisk Design - Hopf\u00e4llbar - Mesh Beige - 165 x 60 x 76 cm - TRUUSK - Hem, Tr\u00e4dg\u00e5rd &amp; Fritid","og_description":"Denna hopf\u00e4llbara balkongs\u00e4ng \u00e4r det perfekta tillskottet till din tr\u00e4dg\u00e5rd om du bara vill njuta av sommarsolen. Med sitt 4-v\u00e4gs...","og_url":"https:\/\/truusk.store\/sv\/produkt\/truusk-solstol-tradgardssang-av-aluminiumtyg-5-vags-justerbar-ergonomisk-design-hopfallbar-mesh-beige-165-x-60-x-76-cm\/","og_site_name":"TRUUSK - Hem, Tr\u00e4dg\u00e5rd &amp; Fritid","article_modified_time":"2026-03-12T08:12:27+00:00","og_image":[{"width":800,"height":800,"url":"https:\/\/i0.wp.com\/truusk.se\/wp-content\/uploads\/2024\/02\/solstol-tradgardssang-solstol-av-aluminiumtyg-relaxstol-5-vags-justerbar-hopfallbar-ergonomisk-mesh-beige-165-x-60-x-76-cm.webp?fit=800%2C800&ssl=1","type":"image\/webp"}],"twitter_card":"summary_large_image","twitter_misc":{"Ber\u00e4knad l\u00e4stid":"1 minut"},"schema":{"@context":"https:\/\/schema.org","@graph":[{"@type":"WebPage","@id":"https:\/\/truusk.store\/sv\/produkt\/truusk-solstol-tradgardssang-av-aluminiumtyg-5-vags-justerbar-ergonomisk-design-hopfallbar-mesh-beige-165-x-60-x-76-cm\/","url":"https:\/\/truusk.store\/sv\/produkt\/truusk-solstol-tradgardssang-av-aluminiumtyg-5-vags-justerbar-ergonomisk-design-hopfallbar-mesh-beige-165-x-60-x-76-cm\/","name":"TRUUSK Solstol Tr\u00e4dg\u00e5rdss\u00e4ng Av Aluminiumtyg - 5-v\u00e4gs Justerbar - Ergonomisk Design - Hopf\u00e4llbar - Mesh Beige - 165 x 60 x 76 cm - TRUUSK - Hem, Tr\u00e4dg\u00e5rd &amp; Fritid","isPartOf":{"@id":"https:\/\/truusk.store\/sv\/#website"},"primaryImageOfPage":{"@id":"https:\/\/truusk.store\/sv\/produkt\/truusk-solstol-tradgardssang-av-aluminiumtyg-5-vags-justerbar-ergonomisk-design-hopfallbar-mesh-beige-165-x-60-x-76-cm\/#primaryimage"},"image":{"@id":"https:\/\/truusk.store\/sv\/produkt\/truusk-solstol-tradgardssang-av-aluminiumtyg-5-vags-justerbar-ergonomisk-design-hopfallbar-mesh-beige-165-x-60-x-76-cm\/#primaryimage"},"thumbnailUrl":"https:\/\/i0.wp.com\/truusk.store\/wp-content\/uploads\/2024\/02\/solstol-tradgardssang-solstol-av-aluminiumtyg-relaxstol-5-vags-justerbar-hopfallbar-ergonomisk-mesh-beige-165-x-60-x-76-cm.webp?fit=800%2C800&ssl=1","datePublished":"2024-02-13T22:57:58+00:00","dateModified":"2026-03-12T08:12:27+00:00","breadcrumb":{"@id":"https:\/\/truusk.store\/sv\/produkt\/truusk-solstol-tradgardssang-av-aluminiumtyg-5-vags-justerbar-ergonomisk-design-hopfallbar-mesh-beige-165-x-60-x-76-cm\/#breadcrumb"},"inLanguage":"sv-SE","potentialAction":[{"@type":"ReadAction","target":["https:\/\/truusk.store\/sv\/produkt\/truusk-solstol-tradgardssang-av-aluminiumtyg-5-vags-justerbar-ergonomisk-design-hopfallbar-mesh-beige-165-x-60-x-76-cm\/"]}]},{"@type":"ImageObject","inLanguage":"sv-SE","@id":"https:\/\/truusk.store\/sv\/produkt\/truusk-solstol-tradgardssang-av-aluminiumtyg-5-vags-justerbar-ergonomisk-design-hopfallbar-mesh-beige-165-x-60-x-76-cm\/#primaryimage","url":"https:\/\/i0.wp.com\/truusk.store\/wp-content\/uploads\/2024\/02\/solstol-tradgardssang-solstol-av-aluminiumtyg-relaxstol-5-vags-justerbar-hopfallbar-ergonomisk-mesh-beige-165-x-60-x-76-cm.webp?fit=800%2C800&ssl=1","contentUrl":"https:\/\/i0.wp.com\/truusk.store\/wp-content\/uploads\/2024\/02\/solstol-tradgardssang-solstol-av-aluminiumtyg-relaxstol-5-vags-justerbar-hopfallbar-ergonomisk-mesh-beige-165-x-60-x-76-cm.webp?fit=800%2C800&ssl=1","width":800,"height":800,"caption":"Solstol Tr\u00e4dg\u00e5rdss\u00e4ng Solstol Av Aluminiumtyg Relaxstol 5-v\u00e4gs Justerbar Hopf\u00e4llbar Ergonomisk Mesh Beige 165 X 60 X 76 Cm 1"},{"@type":"BreadcrumbList","@id":"https:\/\/truusk.store\/sv\/produkt\/truusk-solstol-tradgardssang-av-aluminiumtyg-5-vags-justerbar-ergonomisk-design-hopfallbar-mesh-beige-165-x-60-x-76-cm\/#breadcrumb","itemListElement":[{"@type":"ListItem","position":1,"name":"Home","item":"https:\/\/truusk.store\/sv\/"},{"@type":"ListItem","position":2,"name":"Shop","item":"https:\/\/truusk.store\/shop\/"},{"@type":"ListItem","position":3,"name":"TRUUSK Solstol Tr\u00e4dg\u00e5rdss\u00e4ng Av Aluminiumtyg &#8211; 5-v\u00e4gs Justerbar &#8211; Ergonomisk Design &#8211; Hopf\u00e4llbar &#8211; Mesh Beige &#8211; 165 x 60 x 76 cm"}]},{"@type":"WebSite","@id":"https:\/\/truusk.store\/sv\/#website","url":"https:\/\/truusk.store\/sv\/","name":"TRUUSK - Hem, Tr\u00e4dg\u00e5rd & Fritid","description":"","publisher":{"@id":"https:\/\/truusk.store\/sv\/#organization"},"potentialAction":[{"@type":"SearchAction","target":{"@type":"EntryPoint","urlTemplate":"https:\/\/truusk.store\/sv\/?s={search_term_string}"},"query-input":{"@type":"PropertyValueSpecification","valueRequired":true,"valueName":"search_term_string"}}],"inLanguage":"sv-SE"},{"@type":"Organization","@id":"https:\/\/truusk.store\/sv\/#organization","name":"TRUUSK - Hem, Tr\u00e4dg\u00e5rd & Fritid","url":"https:\/\/truusk.store\/sv\/","logo":{"@type":"ImageObject","inLanguage":"sv-SE","@id":"https:\/\/truusk.store\/sv\/#\/schema\/logo\/image\/","url":"https:\/\/i0.wp.com\/truusk.store\/wp-content\/uploads\/2026\/03\/cropped-TRUUSK.png?fit=2032%2C917&ssl=1","contentUrl":"https:\/\/i0.wp.com\/truusk.store\/wp-content\/uploads\/2026\/03\/cropped-TRUUSK.png?fit=2032%2C917&ssl=1","width":2032,"height":917,"caption":"TRUUSK - Hem, Tr\u00e4dg\u00e5rd & Fritid"},"image":{"@id":"https:\/\/truusk.store\/sv\/#\/schema\/logo\/image\/"}}]}},"jetpack_sharing_enabled":true,"_links":{"self":[{"href":"https:\/\/truusk.store\/sv\/wp-json\/wp\/v2\/product\/35949","targetHints":{"allow":["GET"]}}],"collection":[{"href":"https:\/\/truusk.store\/sv\/wp-json\/wp\/v2\/product"}],"about":[{"href":"https:\/\/truusk.store\/sv\/wp-json\/wp\/v2\/types\/product"}],"wp:featuredmedia":[{"embeddable":true,"href":"https:\/\/truusk.store\/sv\/wp-json\/wp\/v2\/media\/35950"}],"wp:attachment":[{"href":"https:\/\/truusk.store\/sv\/wp-json\/wp\/v2\/media?parent=35949"}],"wp:term":[{"taxonomy":"product_brand","embeddable":true,"href":"https:\/\/truusk.store\/sv\/wp-json\/wp\/v2\/product_brand?post=35949"},{"taxonomy":"product_cat","embeddable":true,"href":"https:\/\/truusk.store\/sv\/wp-json\/wp\/v2\/product_cat?post=35949"},{"taxonomy":"product_tag","embeddable":true,"href":"https:\/\/truusk.store\/sv\/wp-json\/wp\/v2\/product_tag?post=35949"}],"curies":[{"name":"wp","href":"https:\/\/api.w.org\/{rel}","templated":true}]}}