{"id":35959,"date":"2024-02-13T23:58:21","date_gmt":"2024-02-13T22:58:21","guid":{"rendered":"https:\/\/truusk.store\/product\/hollywood-swing-garden-swing-gungbank-med-liggfunktion-3-sits-metall-polyester-gra-209-x-114-x-170-cm\/"},"modified":"2026-03-12T09:12:28","modified_gmt":"2026-03-12T08:12:28","slug":"truusk-hollywood-gungbank-med-liggfunktion-3-sits-metall-polyester-gra-209-x-114-x-170-cm","status":"publish","type":"product","link":"https:\/\/truusk.store\/sv\/produkt\/truusk-hollywood-gungbank-med-liggfunktion-3-sits-metall-polyester-gra-209-x-114-x-170-cm\/","title":{"rendered":"TRUUSK Hollywood Gungb\u00e4nk med Liggfunktion &#8211; 3-sits &#8211; Metall + Polyester &#8211; Gr\u00e5 &#8211; 209 x 114 x 170 cm"},"content":{"rendered":"<p>Luta dig tillbaka och njut av soliga timmar i din tr\u00e4dg\u00e5rd p\u00e5 v\u00e5r verandagunga med liggfunktion. Gungb\u00e4nken erbjuder plats f\u00f6r upp till 3 personer och f\u00f6rstklassig sittkomfort tack vare den tjockt vadderade sitsen och ryggst\u00f6det. Ramen \u00e4r tillverkad av robust metall och \u00f6verdraget till sittdynorna \u00e4r tillverkat av slitstark polyester. Ryggst\u00f6det \u00e4r justerbart s\u00e5 att b\u00e4nken enkelt kan g\u00f6ras om till en gunglig solstol.<\/p>\n<h3>Beskrivning:<\/h3>\n<ul>\n<li>Hollywood-gunga i smakfull design f\u00f6r upp till 3 personer<\/li>\n<li>L\u00e4mplig f\u00f6r utomhusomr\u00e5den som tr\u00e4dg\u00e5rdar, terrasser eller balkonger<\/li>\n<li>Stabil konstruktion av pulverlackerad metall<\/li>\n<li>Tack vare det justerbara ryggst\u00f6det kan gungan enkelt g\u00f6ras om till en gunglig solstol<\/li>\n<li>Lutningsbart tak av vattenavvisande 180g\/m polyester ger tillr\u00e4ckligt solskydd<\/li>\n<li>Inkluderar 2 mjuka, bekv\u00e4ma kuddar<\/li>\n<li>Fe med halkfri gummibel\u00e4ggning<\/li>\n<li>Kan h\u00e5lla upp till max 240 kg<\/li>\n<li>Snabb och enkel montering<\/li>\n<\/ul>\n<h3>Teknisk data:<\/h3>\n<ul>\n<li>Material: metall, 180g\/m polyester<\/li>\n<li>F\u00e4rg: Gr\u00e5+svart<\/li>\n<li>M\u00e5tt: 209W x 114D x 170H cm<\/li>\n<li>Sittyta: 157W x 55D cm<\/li>\n<li>Liggyta: 157W x 110D cm<\/li>\n<li>Sitth\u00f6jd (utan sittdyna): 45 cm<\/li>\n<li>M\u00e5tt p\u00e5 taket: 200L x 112W cm<\/li>\n<li>Stopptjocklek: 7 cm<\/li>\n<li>Max lastkapacitet: 240 kg<\/li>\n<\/ul>\n<h3>Leveransens omfattning:<\/h3>\n<ul>\n<li>1 x verandagunga<\/li>\n<li>2 x kuddar<\/li>\n<li>VIKTIGT: Vi levererar varan till trottoarkanten utan kostnad. Se till att du anger r\u00e4tt adress och telefonnummer.<\/li>\n<\/ul>\n","protected":false},"excerpt":{"rendered":"<p>Luta dig tillbaka och njut av soliga timmar i din tr\u00e4dg\u00e5rd p\u00e5 v\u00e5r verandagunga med liggfunktion. Gungb\u00e4nken erbjuder plats f\u00f6r&#8230;<\/p>\n","protected":false},"featured_media":35960,"template":"","meta":[],"product_brand":[],"product_cat":[453,435,450],"product_tag":[],"class_list":{"0":"post-35959","1":"product","2":"type-product","3":"status-publish","4":"has-post-thumbnail","6":"product_cat-hollywood-gungor","7":"product_cat-tradgard-och-terrass","8":"product_cat-tradgardsmobler","10":"first","11":"instock","12":"sale","13":"taxable","14":"shipping-taxable","15":"purchasable","16":"product-type-simple"},"yoast_head":"<!-- This site is optimized with the Yoast SEO plugin v25.4 - https:\/\/yoast.com\/wordpress\/plugins\/seo\/ -->\n<title>TRUUSK Hollywood Gungb\u00e4nk med Liggfunktion - 3-sits - Metall + Polyester - Gr\u00e5 - 209 x 114 x 170 cm - TRUUSK - Hem, Tr\u00e4dg\u00e5rd &amp; Fritid<\/title>\n<meta name=\"robots\" content=\"index, follow, max-snippet:-1, max-image-preview:large, max-video-preview:-1\" \/>\n<link rel=\"canonical\" href=\"https:\/\/truusk.store\/sv\/produkt\/truusk-hollywood-gungbank-med-liggfunktion-3-sits-metall-polyester-gra-209-x-114-x-170-cm\/\" \/>\n<meta property=\"og:locale\" content=\"sv_SE\" \/>\n<meta property=\"og:type\" content=\"article\" \/>\n<meta property=\"og:title\" content=\"TRUUSK Hollywood Gungb\u00e4nk med Liggfunktion - 3-sits - Metall + Polyester - Gr\u00e5 - 209 x 114 x 170 cm - TRUUSK - Hem, Tr\u00e4dg\u00e5rd &amp; Fritid\" \/>\n<meta property=\"og:description\" content=\"Luta dig tillbaka och njut av soliga timmar i din tr\u00e4dg\u00e5rd p\u00e5 v\u00e5r verandagunga med liggfunktion. Gungb\u00e4nken erbjuder plats f\u00f6r...\" \/>\n<meta property=\"og:url\" content=\"https:\/\/truusk.store\/sv\/produkt\/truusk-hollywood-gungbank-med-liggfunktion-3-sits-metall-polyester-gra-209-x-114-x-170-cm\/\" \/>\n<meta property=\"og:site_name\" content=\"TRUUSK - Hem, Tr\u00e4dg\u00e5rd &amp; Fritid\" \/>\n<meta property=\"article:modified_time\" content=\"2026-03-12T08:12:28+00:00\" \/>\n<meta property=\"og:image\" content=\"https:\/\/i0.wp.com\/truusk.se\/wp-content\/uploads\/2024\/02\/hollywood-swing-garden-swing-gungbank-med-liggfunktion-3-sits-metall-polyester-gra-209-x-114-x-170-cm.webp?fit=800%2C800&ssl=1\" \/>\n\t<meta property=\"og:image:width\" content=\"800\" \/>\n\t<meta property=\"og:image:height\" content=\"800\" \/>\n\t<meta property=\"og:image:type\" content=\"image\/webp\" \/>\n<meta name=\"twitter:card\" content=\"summary_large_image\" \/>\n<meta name=\"twitter:label1\" content=\"Ber\u00e4knad l\u00e4stid\" \/>\n\t<meta name=\"twitter:data1\" content=\"1 minut\" \/>\n<!-- \/ Yoast SEO plugin. -->","yoast_head_json":{"title":"TRUUSK Hollywood Gungb\u00e4nk med Liggfunktion - 3-sits - Metall + Polyester - Gr\u00e5 - 209 x 114 x 170 cm - TRUUSK - Hem, Tr\u00e4dg\u00e5rd &amp; Fritid","robots":{"index":"index","follow":"follow","max-snippet":"max-snippet:-1","max-image-preview":"max-image-preview:large","max-video-preview":"max-video-preview:-1"},"canonical":"https:\/\/truusk.store\/sv\/produkt\/truusk-hollywood-gungbank-med-liggfunktion-3-sits-metall-polyester-gra-209-x-114-x-170-cm\/","og_locale":"sv_SE","og_type":"article","og_title":"TRUUSK Hollywood Gungb\u00e4nk med Liggfunktion - 3-sits - Metall + Polyester - Gr\u00e5 - 209 x 114 x 170 cm - TRUUSK - Hem, Tr\u00e4dg\u00e5rd &amp; Fritid","og_description":"Luta dig tillbaka och njut av soliga timmar i din tr\u00e4dg\u00e5rd p\u00e5 v\u00e5r verandagunga med liggfunktion. Gungb\u00e4nken erbjuder plats f\u00f6r...","og_url":"https:\/\/truusk.store\/sv\/produkt\/truusk-hollywood-gungbank-med-liggfunktion-3-sits-metall-polyester-gra-209-x-114-x-170-cm\/","og_site_name":"TRUUSK - Hem, Tr\u00e4dg\u00e5rd &amp; Fritid","article_modified_time":"2026-03-12T08:12:28+00:00","og_image":[{"width":800,"height":800,"url":"https:\/\/i0.wp.com\/truusk.se\/wp-content\/uploads\/2024\/02\/hollywood-swing-garden-swing-gungbank-med-liggfunktion-3-sits-metall-polyester-gra-209-x-114-x-170-cm.webp?fit=800%2C800&ssl=1","type":"image\/webp"}],"twitter_card":"summary_large_image","twitter_misc":{"Ber\u00e4knad l\u00e4stid":"1 minut"},"schema":{"@context":"https:\/\/schema.org","@graph":[{"@type":"WebPage","@id":"https:\/\/truusk.store\/sv\/produkt\/truusk-hollywood-gungbank-med-liggfunktion-3-sits-metall-polyester-gra-209-x-114-x-170-cm\/","url":"https:\/\/truusk.store\/sv\/produkt\/truusk-hollywood-gungbank-med-liggfunktion-3-sits-metall-polyester-gra-209-x-114-x-170-cm\/","name":"TRUUSK Hollywood Gungb\u00e4nk med Liggfunktion - 3-sits - Metall + Polyester - Gr\u00e5 - 209 x 114 x 170 cm - TRUUSK - Hem, Tr\u00e4dg\u00e5rd &amp; Fritid","isPartOf":{"@id":"https:\/\/truusk.store\/sv\/#website"},"primaryImageOfPage":{"@id":"https:\/\/truusk.store\/sv\/produkt\/truusk-hollywood-gungbank-med-liggfunktion-3-sits-metall-polyester-gra-209-x-114-x-170-cm\/#primaryimage"},"image":{"@id":"https:\/\/truusk.store\/sv\/produkt\/truusk-hollywood-gungbank-med-liggfunktion-3-sits-metall-polyester-gra-209-x-114-x-170-cm\/#primaryimage"},"thumbnailUrl":"https:\/\/i0.wp.com\/truusk.store\/wp-content\/uploads\/2024\/02\/hollywood-swing-garden-swing-gungbank-med-liggfunktion-3-sits-metall-polyester-gra-209-x-114-x-170-cm.webp?fit=800%2C800&ssl=1","datePublished":"2024-02-13T22:58:21+00:00","dateModified":"2026-03-12T08:12:28+00:00","breadcrumb":{"@id":"https:\/\/truusk.store\/sv\/produkt\/truusk-hollywood-gungbank-med-liggfunktion-3-sits-metall-polyester-gra-209-x-114-x-170-cm\/#breadcrumb"},"inLanguage":"sv-SE","potentialAction":[{"@type":"ReadAction","target":["https:\/\/truusk.store\/sv\/produkt\/truusk-hollywood-gungbank-med-liggfunktion-3-sits-metall-polyester-gra-209-x-114-x-170-cm\/"]}]},{"@type":"ImageObject","inLanguage":"sv-SE","@id":"https:\/\/truusk.store\/sv\/produkt\/truusk-hollywood-gungbank-med-liggfunktion-3-sits-metall-polyester-gra-209-x-114-x-170-cm\/#primaryimage","url":"https:\/\/i0.wp.com\/truusk.store\/wp-content\/uploads\/2024\/02\/hollywood-swing-garden-swing-gungbank-med-liggfunktion-3-sits-metall-polyester-gra-209-x-114-x-170-cm.webp?fit=800%2C800&ssl=1","contentUrl":"https:\/\/i0.wp.com\/truusk.store\/wp-content\/uploads\/2024\/02\/hollywood-swing-garden-swing-gungbank-med-liggfunktion-3-sits-metall-polyester-gra-209-x-114-x-170-cm.webp?fit=800%2C800&ssl=1","width":800,"height":800,"caption":"Hollywood Swing Garden Swing Gungb\u00e4nk Med Liggfunktion, 3-sits, Metall + Polyester, Gr\u00e5, 209 X 114 X 170 Cm 1"},{"@type":"BreadcrumbList","@id":"https:\/\/truusk.store\/sv\/produkt\/truusk-hollywood-gungbank-med-liggfunktion-3-sits-metall-polyester-gra-209-x-114-x-170-cm\/#breadcrumb","itemListElement":[{"@type":"ListItem","position":1,"name":"Home","item":"https:\/\/truusk.store\/sv\/"},{"@type":"ListItem","position":2,"name":"Shop","item":"https:\/\/truusk.store\/shop\/"},{"@type":"ListItem","position":3,"name":"TRUUSK Hollywood Gungb\u00e4nk med Liggfunktion &#8211; 3-sits &#8211; Metall + Polyester &#8211; Gr\u00e5 &#8211; 209 x 114 x 170 cm"}]},{"@type":"WebSite","@id":"https:\/\/truusk.store\/sv\/#website","url":"https:\/\/truusk.store\/sv\/","name":"TRUUSK - Hem, Tr\u00e4dg\u00e5rd & Fritid","description":"","publisher":{"@id":"https:\/\/truusk.store\/sv\/#organization"},"potentialAction":[{"@type":"SearchAction","target":{"@type":"EntryPoint","urlTemplate":"https:\/\/truusk.store\/sv\/?s={search_term_string}"},"query-input":{"@type":"PropertyValueSpecification","valueRequired":true,"valueName":"search_term_string"}}],"inLanguage":"sv-SE"},{"@type":"Organization","@id":"https:\/\/truusk.store\/sv\/#organization","name":"TRUUSK - Hem, Tr\u00e4dg\u00e5rd & Fritid","url":"https:\/\/truusk.store\/sv\/","logo":{"@type":"ImageObject","inLanguage":"sv-SE","@id":"https:\/\/truusk.store\/sv\/#\/schema\/logo\/image\/","url":"https:\/\/i0.wp.com\/truusk.store\/wp-content\/uploads\/2026\/03\/cropped-TRUUSK.png?fit=2032%2C917&ssl=1","contentUrl":"https:\/\/i0.wp.com\/truusk.store\/wp-content\/uploads\/2026\/03\/cropped-TRUUSK.png?fit=2032%2C917&ssl=1","width":2032,"height":917,"caption":"TRUUSK - Hem, Tr\u00e4dg\u00e5rd & Fritid"},"image":{"@id":"https:\/\/truusk.store\/sv\/#\/schema\/logo\/image\/"}}]}},"jetpack_sharing_enabled":true,"_links":{"self":[{"href":"https:\/\/truusk.store\/sv\/wp-json\/wp\/v2\/product\/35959","targetHints":{"allow":["GET"]}}],"collection":[{"href":"https:\/\/truusk.store\/sv\/wp-json\/wp\/v2\/product"}],"about":[{"href":"https:\/\/truusk.store\/sv\/wp-json\/wp\/v2\/types\/product"}],"wp:featuredmedia":[{"embeddable":true,"href":"https:\/\/truusk.store\/sv\/wp-json\/wp\/v2\/media\/35960"}],"wp:attachment":[{"href":"https:\/\/truusk.store\/sv\/wp-json\/wp\/v2\/media?parent=35959"}],"wp:term":[{"taxonomy":"product_brand","embeddable":true,"href":"https:\/\/truusk.store\/sv\/wp-json\/wp\/v2\/product_brand?post=35959"},{"taxonomy":"product_cat","embeddable":true,"href":"https:\/\/truusk.store\/sv\/wp-json\/wp\/v2\/product_cat?post=35959"},{"taxonomy":"product_tag","embeddable":true,"href":"https:\/\/truusk.store\/sv\/wp-json\/wp\/v2\/product_tag?post=35959"}],"curies":[{"name":"wp","href":"https:\/\/api.w.org\/{rel}","templated":true}]}}