{"id":36005,"date":"2024-02-13T23:59:44","date_gmt":"2024-02-13T22:59:44","guid":{"rendered":"https:\/\/truusk.store\/product\/hollywoodgunga-med-liggfunktion-brun-215-x-120-x-165cm\/"},"modified":"2026-03-12T09:12:29","modified_gmt":"2026-03-12T08:12:29","slug":"truusk-hollywoodgunga-med-ligglage-storlek-215-x-120-x-165-cm-brun","status":"publish","type":"product","link":"https:\/\/truusk.store\/sv\/produkt\/truusk-hollywoodgunga-med-ligglage-storlek-215-x-120-x-165-cm-brun\/","title":{"rendered":"TRUUSK Hollywoodgunga med liggl\u00e4ge &#8211; Storlek 215 x 120 x 165 cm &#8211; Brun"},"content":{"rendered":"<p>Sommaren kan komma med denna tr\u00e4dg\u00e5rdsgunga f\u00f6r vuxna. Denna 2-i-1 gunga kan enkelt g\u00f6ras om till en stor solstol. Den gener\u00f6sa stoppningen och extra kuddar garanterar mycket sittkomfort. Robusta fj\u00e4drar och en robust metallram m\u00f6jligg\u00f6r mjuk gungning och ger h\u00f6g stabilitet. Det integrerade taket skyddar dig ocks\u00e5 fr\u00e5n het sol och skadliga UV-str\u00e5lar. Njut av sommaren till fullo med denna 3-sitsiga verandagunga.<\/p>\n<h3>Beskrivning:<\/h3>\n<ul>\n<li>3-sits Hollywood-gunga f\u00f6rvandlas till en bekv\u00e4m s\u00e4ng p\u00e5 n\u00e5gra sekunder<\/li>\n<li>Ryggst\u00f6det \u00e4r justerbart<\/li>\n<li>St\u00e5lramen s\u00e4kerst\u00e4ller mycket stabilitet,<\/li>\n<li>Polyestertaket erbjuder gott om solskydd<\/li>\n<li>Stakets vinkel \u00e4r justerbar<\/li>\n<li>1 stor kudde och 2 sm\u00e5 kuddar ger mer komfort n\u00e4r du sitter och ligger<\/li>\n<\/ul>\n<h3>Teknisk data:<\/h3>\n<ul>\n<li>F\u00e4rg: Brun+svart<\/li>\n<li>Material: st\u00e5l, polyester, fyllning<\/li>\n<li>\u00d6vergripande m\u00e5tt: 215L x 120W x 165H cm<\/li>\n<li>M\u00e5tt tak: 211L x 119W cm<\/li>\n<li>Sitsm\u00e5tt: 175W x 50D cm<\/li>\n<li>Sitth\u00f6jd: 45 cm (utan dyna)<\/li>\n<li>M\u00e5tt p\u00e5 solstol: 175L x 100W cm<\/li>\n<li>Ryggst\u00f6dets h\u00f6jd: 86 cm<\/li>\n<li>Lastkapacitet: 270 kg<\/li>\n<li>Sittdynas m\u00e5tt: 175L x 100W cm<\/li>\n<li>M\u00e5tt p\u00e5 varje liten kudde: 36L x 36W x 5D cm<\/li>\n<\/ul>\n<h3>Leveransens omfattning:<\/h3>\n<ul>\n<li>1 x verandagunga<\/li>\n<li>1 x Sittdyna<\/li>\n<li>4 x kuddar<\/li>\n<li>1 x Instruktioner<\/li>\n<\/ul>\n","protected":false},"excerpt":{"rendered":"<p>Sommaren kan komma med denna tr\u00e4dg\u00e5rdsgunga f\u00f6r vuxna. Denna 2-i-1 gunga kan enkelt g\u00f6ras om till en stor solstol. Den&#8230;<\/p>\n","protected":false},"featured_media":36006,"template":"","meta":[],"product_brand":[],"product_cat":[453,435,450],"product_tag":[],"class_list":{"0":"post-36005","1":"product","2":"type-product","3":"status-publish","4":"has-post-thumbnail","6":"product_cat-hollywood-gungor","7":"product_cat-tradgard-och-terrass","8":"product_cat-tradgardsmobler","10":"first","11":"instock","12":"sale","13":"taxable","14":"shipping-taxable","15":"purchasable","16":"product-type-simple"},"yoast_head":"<!-- This site is optimized with the Yoast SEO plugin v25.4 - https:\/\/yoast.com\/wordpress\/plugins\/seo\/ -->\n<title>TRUUSK Hollywoodgunga med liggl\u00e4ge - Storlek 215 x 120 x 165 cm - Brun - TRUUSK - Hem, Tr\u00e4dg\u00e5rd &amp; Fritid<\/title>\n<meta name=\"robots\" content=\"index, follow, max-snippet:-1, max-image-preview:large, max-video-preview:-1\" \/>\n<link rel=\"canonical\" href=\"https:\/\/truusk.store\/sv\/produkt\/truusk-hollywoodgunga-med-ligglage-storlek-215-x-120-x-165-cm-brun\/\" \/>\n<meta property=\"og:locale\" content=\"sv_SE\" \/>\n<meta property=\"og:type\" content=\"article\" \/>\n<meta property=\"og:title\" content=\"TRUUSK Hollywoodgunga med liggl\u00e4ge - Storlek 215 x 120 x 165 cm - Brun - TRUUSK - Hem, Tr\u00e4dg\u00e5rd &amp; Fritid\" \/>\n<meta property=\"og:description\" content=\"Sommaren kan komma med denna tr\u00e4dg\u00e5rdsgunga f\u00f6r vuxna. Denna 2-i-1 gunga kan enkelt g\u00f6ras om till en stor solstol. Den...\" \/>\n<meta property=\"og:url\" content=\"https:\/\/truusk.store\/sv\/produkt\/truusk-hollywoodgunga-med-ligglage-storlek-215-x-120-x-165-cm-brun\/\" \/>\n<meta property=\"og:site_name\" content=\"TRUUSK - Hem, Tr\u00e4dg\u00e5rd &amp; Fritid\" \/>\n<meta property=\"article:modified_time\" content=\"2026-03-12T08:12:29+00:00\" \/>\n<meta property=\"og:image\" content=\"https:\/\/i0.wp.com\/truusk.se\/wp-content\/uploads\/2024\/02\/hollywoodgunga-med-liggfunktion-brun-215-x-120-x-165cm.webp?fit=800%2C800&ssl=1\" \/>\n\t<meta property=\"og:image:width\" content=\"800\" \/>\n\t<meta property=\"og:image:height\" content=\"800\" \/>\n\t<meta property=\"og:image:type\" content=\"image\/webp\" \/>\n<meta name=\"twitter:card\" content=\"summary_large_image\" \/>\n<meta name=\"twitter:label1\" content=\"Ber\u00e4knad l\u00e4stid\" \/>\n\t<meta name=\"twitter:data1\" content=\"1 minut\" \/>\n<!-- \/ Yoast SEO plugin. -->","yoast_head_json":{"title":"TRUUSK Hollywoodgunga med liggl\u00e4ge - Storlek 215 x 120 x 165 cm - Brun - TRUUSK - Hem, Tr\u00e4dg\u00e5rd &amp; Fritid","robots":{"index":"index","follow":"follow","max-snippet":"max-snippet:-1","max-image-preview":"max-image-preview:large","max-video-preview":"max-video-preview:-1"},"canonical":"https:\/\/truusk.store\/sv\/produkt\/truusk-hollywoodgunga-med-ligglage-storlek-215-x-120-x-165-cm-brun\/","og_locale":"sv_SE","og_type":"article","og_title":"TRUUSK Hollywoodgunga med liggl\u00e4ge - Storlek 215 x 120 x 165 cm - Brun - TRUUSK - Hem, Tr\u00e4dg\u00e5rd &amp; Fritid","og_description":"Sommaren kan komma med denna tr\u00e4dg\u00e5rdsgunga f\u00f6r vuxna. Denna 2-i-1 gunga kan enkelt g\u00f6ras om till en stor solstol. Den...","og_url":"https:\/\/truusk.store\/sv\/produkt\/truusk-hollywoodgunga-med-ligglage-storlek-215-x-120-x-165-cm-brun\/","og_site_name":"TRUUSK - Hem, Tr\u00e4dg\u00e5rd &amp; Fritid","article_modified_time":"2026-03-12T08:12:29+00:00","og_image":[{"width":800,"height":800,"url":"https:\/\/i0.wp.com\/truusk.se\/wp-content\/uploads\/2024\/02\/hollywoodgunga-med-liggfunktion-brun-215-x-120-x-165cm.webp?fit=800%2C800&ssl=1","type":"image\/webp"}],"twitter_card":"summary_large_image","twitter_misc":{"Ber\u00e4knad l\u00e4stid":"1 minut"},"schema":{"@context":"https:\/\/schema.org","@graph":[{"@type":"WebPage","@id":"https:\/\/truusk.store\/sv\/produkt\/truusk-hollywoodgunga-med-ligglage-storlek-215-x-120-x-165-cm-brun\/","url":"https:\/\/truusk.store\/sv\/produkt\/truusk-hollywoodgunga-med-ligglage-storlek-215-x-120-x-165-cm-brun\/","name":"TRUUSK Hollywoodgunga med liggl\u00e4ge - Storlek 215 x 120 x 165 cm - Brun - TRUUSK - Hem, Tr\u00e4dg\u00e5rd &amp; Fritid","isPartOf":{"@id":"https:\/\/truusk.store\/sv\/#website"},"primaryImageOfPage":{"@id":"https:\/\/truusk.store\/sv\/produkt\/truusk-hollywoodgunga-med-ligglage-storlek-215-x-120-x-165-cm-brun\/#primaryimage"},"image":{"@id":"https:\/\/truusk.store\/sv\/produkt\/truusk-hollywoodgunga-med-ligglage-storlek-215-x-120-x-165-cm-brun\/#primaryimage"},"thumbnailUrl":"https:\/\/i0.wp.com\/truusk.store\/wp-content\/uploads\/2024\/02\/hollywoodgunga-med-liggfunktion-brun-215-x-120-x-165cm.webp?fit=800%2C800&ssl=1","datePublished":"2024-02-13T22:59:44+00:00","dateModified":"2026-03-12T08:12:29+00:00","breadcrumb":{"@id":"https:\/\/truusk.store\/sv\/produkt\/truusk-hollywoodgunga-med-ligglage-storlek-215-x-120-x-165-cm-brun\/#breadcrumb"},"inLanguage":"sv-SE","potentialAction":[{"@type":"ReadAction","target":["https:\/\/truusk.store\/sv\/produkt\/truusk-hollywoodgunga-med-ligglage-storlek-215-x-120-x-165-cm-brun\/"]}]},{"@type":"ImageObject","inLanguage":"sv-SE","@id":"https:\/\/truusk.store\/sv\/produkt\/truusk-hollywoodgunga-med-ligglage-storlek-215-x-120-x-165-cm-brun\/#primaryimage","url":"https:\/\/i0.wp.com\/truusk.store\/wp-content\/uploads\/2024\/02\/hollywoodgunga-med-liggfunktion-brun-215-x-120-x-165cm.webp?fit=800%2C800&ssl=1","contentUrl":"https:\/\/i0.wp.com\/truusk.store\/wp-content\/uploads\/2024\/02\/hollywoodgunga-med-liggfunktion-brun-215-x-120-x-165cm.webp?fit=800%2C800&ssl=1","width":800,"height":800,"caption":"Hollywoodgunga Med Liggfunktion Brun 215 X 120 X 165cm 1"},{"@type":"BreadcrumbList","@id":"https:\/\/truusk.store\/sv\/produkt\/truusk-hollywoodgunga-med-ligglage-storlek-215-x-120-x-165-cm-brun\/#breadcrumb","itemListElement":[{"@type":"ListItem","position":1,"name":"Home","item":"https:\/\/truusk.store\/sv\/"},{"@type":"ListItem","position":2,"name":"Shop","item":"https:\/\/truusk.store\/shop\/"},{"@type":"ListItem","position":3,"name":"TRUUSK Hollywoodgunga med liggl\u00e4ge &#8211; Storlek 215 x 120 x 165 cm &#8211; Brun"}]},{"@type":"WebSite","@id":"https:\/\/truusk.store\/sv\/#website","url":"https:\/\/truusk.store\/sv\/","name":"TRUUSK - Hem, Tr\u00e4dg\u00e5rd & Fritid","description":"","publisher":{"@id":"https:\/\/truusk.store\/sv\/#organization"},"potentialAction":[{"@type":"SearchAction","target":{"@type":"EntryPoint","urlTemplate":"https:\/\/truusk.store\/sv\/?s={search_term_string}"},"query-input":{"@type":"PropertyValueSpecification","valueRequired":true,"valueName":"search_term_string"}}],"inLanguage":"sv-SE"},{"@type":"Organization","@id":"https:\/\/truusk.store\/sv\/#organization","name":"TRUUSK - Hem, Tr\u00e4dg\u00e5rd & Fritid","url":"https:\/\/truusk.store\/sv\/","logo":{"@type":"ImageObject","inLanguage":"sv-SE","@id":"https:\/\/truusk.store\/sv\/#\/schema\/logo\/image\/","url":"https:\/\/i0.wp.com\/truusk.store\/wp-content\/uploads\/2026\/03\/cropped-TRUUSK.png?fit=2032%2C917&ssl=1","contentUrl":"https:\/\/i0.wp.com\/truusk.store\/wp-content\/uploads\/2026\/03\/cropped-TRUUSK.png?fit=2032%2C917&ssl=1","width":2032,"height":917,"caption":"TRUUSK - Hem, Tr\u00e4dg\u00e5rd & Fritid"},"image":{"@id":"https:\/\/truusk.store\/sv\/#\/schema\/logo\/image\/"}}]}},"jetpack_sharing_enabled":true,"_links":{"self":[{"href":"https:\/\/truusk.store\/sv\/wp-json\/wp\/v2\/product\/36005","targetHints":{"allow":["GET"]}}],"collection":[{"href":"https:\/\/truusk.store\/sv\/wp-json\/wp\/v2\/product"}],"about":[{"href":"https:\/\/truusk.store\/sv\/wp-json\/wp\/v2\/types\/product"}],"wp:featuredmedia":[{"embeddable":true,"href":"https:\/\/truusk.store\/sv\/wp-json\/wp\/v2\/media\/36006"}],"wp:attachment":[{"href":"https:\/\/truusk.store\/sv\/wp-json\/wp\/v2\/media?parent=36005"}],"wp:term":[{"taxonomy":"product_brand","embeddable":true,"href":"https:\/\/truusk.store\/sv\/wp-json\/wp\/v2\/product_brand?post=36005"},{"taxonomy":"product_cat","embeddable":true,"href":"https:\/\/truusk.store\/sv\/wp-json\/wp\/v2\/product_cat?post=36005"},{"taxonomy":"product_tag","embeddable":true,"href":"https:\/\/truusk.store\/sv\/wp-json\/wp\/v2\/product_tag?post=36005"}],"curies":[{"name":"wp","href":"https:\/\/api.w.org\/{rel}","templated":true}]}}