{"id":36121,"date":"2024-02-14T00:04:13","date_gmt":"2024-02-13T23:04:13","guid":{"rendered":"https:\/\/truusk.store\/product\/solstol-kudde-solstol-kudde-solstol-kudde-tradgard-solstol-kuddfodral-polyester-morkgra-196-x-55-x-8-cm\/"},"modified":"2026-03-12T09:12:34","modified_gmt":"2026-03-12T08:12:34","slug":"truusk-solstol-kudde-for-tradgarden-morkgra-polyester-matt-196-x-55-x-8-cm","status":"publish","type":"product","link":"https:\/\/truusk.store\/sv\/produkt\/truusk-solstol-kudde-for-tradgarden-morkgra-polyester-matt-196-x-55-x-8-cm\/","title":{"rendered":"TRUUSK Solstol Kudde f\u00f6r Tr\u00e4dg\u00e5rden &#8211; M\u00f6rkgr\u00e5 Polyester &#8211; M\u00e5tt: 196 x 55 x 8 cm"},"content":{"rendered":"<p>F\u00f6rvandla dina utomhusf\u00e5t\u00f6ljer med denna sittdyna. V\u00e5r praktiska kudde \u00e4r gjord av ett polyester\u00f6verdrag som andas och fyllning med h\u00f6g densitet f\u00f6r att st\u00f6dja dig. Den passar de flesta solstolar och har knytband p\u00e5 sidorna f\u00f6r att f\u00e4sta den i stolen utan att lossna. Detta g\u00f6r solbadet \u00e4nnu bekv\u00e4mare f\u00f6r dig.<\/p>\n<h3>Beskrivning:<\/h3>\n<ul>\n<li>Passar de flesta solstolar<\/li>\n<li>Andningsbart polyestertyg, l\u00e4mpligt f\u00f6r b\u00e5de inomhus- och utomhusbruk<\/li>\n<li>Tjock fyllning f\u00f6r att h\u00e5lla dig bekv\u00e4m<\/li>\n<li>Slipsar h\u00e5ller stolsdynan stadigt p\u00e5 plats<\/li>\n<li>Kudden kan torkas av med en fuktig trasa om den blir smutsig<\/li>\n<\/ul>\n<h3>Teknisk data:<\/h3>\n<ul>\n<li>F\u00e4rg: M\u00f6rkgr\u00e5<\/li>\n<li>Material: polyester, PP-fyllning<\/li>\n<li>Totala m\u00e5tt: 196L x 55W x 8D cm<\/li>\n<li>Sk\u00f6tselr\u00e5d: Ej avtagbar och tv\u00e4ttbar<\/li>\n<li>Obs: \u00d6rngott kan inte tas bort och tv\u00e4ttas<\/li>\n<\/ul>\n<h3>Leveransens omfattning:<\/h3>\n<ul>\n<li>1 x kudde;<\/li>\n<\/ul>\n","protected":false},"excerpt":{"rendered":"<p>F\u00f6rvandla dina utomhusf\u00e5t\u00f6ljer med denna sittdyna. V\u00e5r praktiska kudde \u00e4r gjord av ett polyester\u00f6verdrag som andas och fyllning med h\u00f6g&#8230;<\/p>\n","protected":false},"featured_media":36122,"template":"","meta":[],"product_brand":[],"product_cat":[435,463,450],"product_tag":[],"class_list":{"0":"post-36121","1":"product","2":"type-product","3":"status-publish","4":"has-post-thumbnail","6":"product_cat-tradgard-och-terrass","7":"product_cat-tradgards-sittdynor","8":"product_cat-tradgardsmobler","10":"first","11":"instock","12":"sale","13":"taxable","14":"shipping-taxable","15":"purchasable","16":"product-type-simple"},"yoast_head":"<!-- This site is optimized with the Yoast SEO plugin v25.4 - https:\/\/yoast.com\/wordpress\/plugins\/seo\/ -->\n<title>TRUUSK Solstol Kudde f\u00f6r Tr\u00e4dg\u00e5rden - M\u00f6rkgr\u00e5 Polyester - M\u00e5tt: 196 x 55 x 8 cm - TRUUSK - Hem, Tr\u00e4dg\u00e5rd &amp; Fritid<\/title>\n<meta name=\"robots\" content=\"index, follow, max-snippet:-1, max-image-preview:large, max-video-preview:-1\" \/>\n<link rel=\"canonical\" href=\"https:\/\/truusk.store\/sv\/produkt\/truusk-solstol-kudde-for-tradgarden-morkgra-polyester-matt-196-x-55-x-8-cm\/\" \/>\n<meta property=\"og:locale\" content=\"sv_SE\" \/>\n<meta property=\"og:type\" content=\"article\" \/>\n<meta property=\"og:title\" content=\"TRUUSK Solstol Kudde f\u00f6r Tr\u00e4dg\u00e5rden - M\u00f6rkgr\u00e5 Polyester - M\u00e5tt: 196 x 55 x 8 cm - TRUUSK - Hem, Tr\u00e4dg\u00e5rd &amp; Fritid\" \/>\n<meta property=\"og:description\" content=\"F\u00f6rvandla dina utomhusf\u00e5t\u00f6ljer med denna sittdyna. V\u00e5r praktiska kudde \u00e4r gjord av ett polyester\u00f6verdrag som andas och fyllning med h\u00f6g...\" \/>\n<meta property=\"og:url\" content=\"https:\/\/truusk.store\/sv\/produkt\/truusk-solstol-kudde-for-tradgarden-morkgra-polyester-matt-196-x-55-x-8-cm\/\" \/>\n<meta property=\"og:site_name\" content=\"TRUUSK - Hem, Tr\u00e4dg\u00e5rd &amp; Fritid\" \/>\n<meta property=\"article:modified_time\" content=\"2026-03-12T08:12:34+00:00\" \/>\n<meta property=\"og:image\" content=\"https:\/\/i0.wp.com\/truusk.se\/wp-content\/uploads\/2024\/02\/solstol-kudde-solstol-kudde-solstol-kudde-tradgard-solstol-kuddfodral-polyester-morkgra-196-x-55-x-8-cm.webp?fit=800%2C800&ssl=1\" \/>\n\t<meta property=\"og:image:width\" content=\"800\" \/>\n\t<meta property=\"og:image:height\" content=\"800\" \/>\n\t<meta property=\"og:image:type\" content=\"image\/webp\" \/>\n<meta name=\"twitter:card\" content=\"summary_large_image\" \/>\n<meta name=\"twitter:label1\" content=\"Ber\u00e4knad l\u00e4stid\" \/>\n\t<meta name=\"twitter:data1\" content=\"1 minut\" \/>\n<!-- \/ Yoast SEO plugin. -->","yoast_head_json":{"title":"TRUUSK Solstol Kudde f\u00f6r Tr\u00e4dg\u00e5rden - M\u00f6rkgr\u00e5 Polyester - M\u00e5tt: 196 x 55 x 8 cm - TRUUSK - Hem, Tr\u00e4dg\u00e5rd &amp; Fritid","robots":{"index":"index","follow":"follow","max-snippet":"max-snippet:-1","max-image-preview":"max-image-preview:large","max-video-preview":"max-video-preview:-1"},"canonical":"https:\/\/truusk.store\/sv\/produkt\/truusk-solstol-kudde-for-tradgarden-morkgra-polyester-matt-196-x-55-x-8-cm\/","og_locale":"sv_SE","og_type":"article","og_title":"TRUUSK Solstol Kudde f\u00f6r Tr\u00e4dg\u00e5rden - M\u00f6rkgr\u00e5 Polyester - M\u00e5tt: 196 x 55 x 8 cm - TRUUSK - Hem, Tr\u00e4dg\u00e5rd &amp; Fritid","og_description":"F\u00f6rvandla dina utomhusf\u00e5t\u00f6ljer med denna sittdyna. V\u00e5r praktiska kudde \u00e4r gjord av ett polyester\u00f6verdrag som andas och fyllning med h\u00f6g...","og_url":"https:\/\/truusk.store\/sv\/produkt\/truusk-solstol-kudde-for-tradgarden-morkgra-polyester-matt-196-x-55-x-8-cm\/","og_site_name":"TRUUSK - Hem, Tr\u00e4dg\u00e5rd &amp; Fritid","article_modified_time":"2026-03-12T08:12:34+00:00","og_image":[{"width":800,"height":800,"url":"https:\/\/i0.wp.com\/truusk.se\/wp-content\/uploads\/2024\/02\/solstol-kudde-solstol-kudde-solstol-kudde-tradgard-solstol-kuddfodral-polyester-morkgra-196-x-55-x-8-cm.webp?fit=800%2C800&ssl=1","type":"image\/webp"}],"twitter_card":"summary_large_image","twitter_misc":{"Ber\u00e4knad l\u00e4stid":"1 minut"},"schema":{"@context":"https:\/\/schema.org","@graph":[{"@type":"WebPage","@id":"https:\/\/truusk.store\/sv\/produkt\/truusk-solstol-kudde-for-tradgarden-morkgra-polyester-matt-196-x-55-x-8-cm\/","url":"https:\/\/truusk.store\/sv\/produkt\/truusk-solstol-kudde-for-tradgarden-morkgra-polyester-matt-196-x-55-x-8-cm\/","name":"TRUUSK Solstol Kudde f\u00f6r Tr\u00e4dg\u00e5rden - M\u00f6rkgr\u00e5 Polyester - M\u00e5tt: 196 x 55 x 8 cm - TRUUSK - Hem, Tr\u00e4dg\u00e5rd &amp; Fritid","isPartOf":{"@id":"https:\/\/truusk.store\/sv\/#website"},"primaryImageOfPage":{"@id":"https:\/\/truusk.store\/sv\/produkt\/truusk-solstol-kudde-for-tradgarden-morkgra-polyester-matt-196-x-55-x-8-cm\/#primaryimage"},"image":{"@id":"https:\/\/truusk.store\/sv\/produkt\/truusk-solstol-kudde-for-tradgarden-morkgra-polyester-matt-196-x-55-x-8-cm\/#primaryimage"},"thumbnailUrl":"https:\/\/i0.wp.com\/truusk.store\/wp-content\/uploads\/2024\/02\/solstol-kudde-solstol-kudde-solstol-kudde-tradgard-solstol-kuddfodral-polyester-morkgra-196-x-55-x-8-cm.webp?fit=800%2C800&ssl=1","datePublished":"2024-02-13T23:04:13+00:00","dateModified":"2026-03-12T08:12:34+00:00","breadcrumb":{"@id":"https:\/\/truusk.store\/sv\/produkt\/truusk-solstol-kudde-for-tradgarden-morkgra-polyester-matt-196-x-55-x-8-cm\/#breadcrumb"},"inLanguage":"sv-SE","potentialAction":[{"@type":"ReadAction","target":["https:\/\/truusk.store\/sv\/produkt\/truusk-solstol-kudde-for-tradgarden-morkgra-polyester-matt-196-x-55-x-8-cm\/"]}]},{"@type":"ImageObject","inLanguage":"sv-SE","@id":"https:\/\/truusk.store\/sv\/produkt\/truusk-solstol-kudde-for-tradgarden-morkgra-polyester-matt-196-x-55-x-8-cm\/#primaryimage","url":"https:\/\/i0.wp.com\/truusk.store\/wp-content\/uploads\/2024\/02\/solstol-kudde-solstol-kudde-solstol-kudde-tradgard-solstol-kuddfodral-polyester-morkgra-196-x-55-x-8-cm.webp?fit=800%2C800&ssl=1","contentUrl":"https:\/\/i0.wp.com\/truusk.store\/wp-content\/uploads\/2024\/02\/solstol-kudde-solstol-kudde-solstol-kudde-tradgard-solstol-kuddfodral-polyester-morkgra-196-x-55-x-8-cm.webp?fit=800%2C800&ssl=1","width":800,"height":800,"caption":"Solstol Kudde Solstol Kudde Solstol Kudde Tr\u00e4dg\u00e5rd Solstol Kuddfodral Polyester M\u00f6rkgr\u00e5 196 X 55 X 8 Cm 1"},{"@type":"BreadcrumbList","@id":"https:\/\/truusk.store\/sv\/produkt\/truusk-solstol-kudde-for-tradgarden-morkgra-polyester-matt-196-x-55-x-8-cm\/#breadcrumb","itemListElement":[{"@type":"ListItem","position":1,"name":"Home","item":"https:\/\/truusk.store\/sv\/"},{"@type":"ListItem","position":2,"name":"Shop","item":"https:\/\/truusk.store\/shop\/"},{"@type":"ListItem","position":3,"name":"TRUUSK Solstol Kudde f\u00f6r Tr\u00e4dg\u00e5rden &#8211; M\u00f6rkgr\u00e5 Polyester &#8211; M\u00e5tt: 196 x 55 x 8 cm"}]},{"@type":"WebSite","@id":"https:\/\/truusk.store\/sv\/#website","url":"https:\/\/truusk.store\/sv\/","name":"TRUUSK - Hem, Tr\u00e4dg\u00e5rd & Fritid","description":"","publisher":{"@id":"https:\/\/truusk.store\/sv\/#organization"},"potentialAction":[{"@type":"SearchAction","target":{"@type":"EntryPoint","urlTemplate":"https:\/\/truusk.store\/sv\/?s={search_term_string}"},"query-input":{"@type":"PropertyValueSpecification","valueRequired":true,"valueName":"search_term_string"}}],"inLanguage":"sv-SE"},{"@type":"Organization","@id":"https:\/\/truusk.store\/sv\/#organization","name":"TRUUSK - Hem, Tr\u00e4dg\u00e5rd & Fritid","url":"https:\/\/truusk.store\/sv\/","logo":{"@type":"ImageObject","inLanguage":"sv-SE","@id":"https:\/\/truusk.store\/sv\/#\/schema\/logo\/image\/","url":"https:\/\/i0.wp.com\/truusk.store\/wp-content\/uploads\/2026\/03\/cropped-TRUUSK.png?fit=2032%2C917&ssl=1","contentUrl":"https:\/\/i0.wp.com\/truusk.store\/wp-content\/uploads\/2026\/03\/cropped-TRUUSK.png?fit=2032%2C917&ssl=1","width":2032,"height":917,"caption":"TRUUSK - Hem, Tr\u00e4dg\u00e5rd & Fritid"},"image":{"@id":"https:\/\/truusk.store\/sv\/#\/schema\/logo\/image\/"}}]}},"jetpack_sharing_enabled":true,"_links":{"self":[{"href":"https:\/\/truusk.store\/sv\/wp-json\/wp\/v2\/product\/36121","targetHints":{"allow":["GET"]}}],"collection":[{"href":"https:\/\/truusk.store\/sv\/wp-json\/wp\/v2\/product"}],"about":[{"href":"https:\/\/truusk.store\/sv\/wp-json\/wp\/v2\/types\/product"}],"wp:featuredmedia":[{"embeddable":true,"href":"https:\/\/truusk.store\/sv\/wp-json\/wp\/v2\/media\/36122"}],"wp:attachment":[{"href":"https:\/\/truusk.store\/sv\/wp-json\/wp\/v2\/media?parent=36121"}],"wp:term":[{"taxonomy":"product_brand","embeddable":true,"href":"https:\/\/truusk.store\/sv\/wp-json\/wp\/v2\/product_brand?post=36121"},{"taxonomy":"product_cat","embeddable":true,"href":"https:\/\/truusk.store\/sv\/wp-json\/wp\/v2\/product_cat?post=36121"},{"taxonomy":"product_tag","embeddable":true,"href":"https:\/\/truusk.store\/sv\/wp-json\/wp\/v2\/product_tag?post=36121"}],"curies":[{"name":"wp","href":"https:\/\/api.w.org\/{rel}","templated":true}]}}