{"id":36354,"date":"2024-02-14T00:11:42","date_gmt":"2024-02-13T23:11:42","guid":{"rendered":"https:\/\/truusk.store\/product\/hopfallbar-sittgrupp-for-6-personer-1-bord-6-stolar-tradgardsmobler-svart-aluminiumnat\/"},"modified":"2026-03-12T09:12:39","modified_gmt":"2026-03-12T08:12:39","slug":"truusk-hopfallbar-sittgrupp-for-6-personer-1-bord-6-stolar-tradgardsmobler-svart-aluminiumnat","status":"publish","type":"product","link":"https:\/\/truusk.store\/sv\/produkt\/truusk-hopfallbar-sittgrupp-for-6-personer-1-bord-6-stolar-tradgardsmobler-svart-aluminiumnat\/","title":{"rendered":"TRUUSK Hopf\u00e4llbar Sittgrupp f\u00f6r 6 Personer &#8211; 1 Bord + 6 Stolar &#8211; Tr\u00e4dg\u00e5rdsm\u00f6bler &#8211; Svart Aluminiumn\u00e4t"},"content":{"rendered":"<p>Skapa en inbjudande matplats p\u00e5 vilken uteplats som helst med detta charmiga matbordsset! Stolarnas ryggst\u00f6d \u00e4r justerbara i 7 niv\u00e5er, s\u00e5 att du och dina g\u00e4ster alltid snabbt kan hitta den perfekta sittst\u00e4llningen. Den robusta aluminiumramen s\u00e4kerst\u00e4ller en s\u00e4rskilt l\u00e5ng anv\u00e4ndningstid och n\u00e4r de inte anv\u00e4nds kan stolarna enkelt f\u00e4llas ihop och f\u00f6rvaras f\u00f6r att spara utrymme. Det stora l\u00e4ttsk\u00f6tta bordet rymmer bekv\u00e4mt upp till 6 personer.<\/p>\n<h3>Beskrivning:<\/h3>\n<ul>\n<li>Stort matbord f\u00f6r 6 personer<\/li>\n<li>Stolarna \u00e4r hopf\u00e4llbara och kan f\u00f6rvaras f\u00f6r att spara utrymme<\/li>\n<li>Stolsryggarna \u00e4r justerbara 7 g\u00e5nger<\/li>\n<li>Sitsen och ryggst\u00f6det \u00e4r gjorda av Textline-tyg f\u00f6r att h\u00e5lla sig svala \u00e4ven p\u00e5 sommaren<\/li>\n<li>Bordsskivan har en tr\u00e4look f\u00f6r en rustik k\u00e4nsla<\/li>\n<li>Aluminiumramen \u00e4r l\u00e4tt men \u00e4nd\u00e5 stark och h\u00e5llbar, perfekt f\u00f6r utomhusbruk<\/li>\n<li>L\u00e4tt att reng\u00f6ra med en fuktig trasa<\/li>\n<li>Montering kr\u00e4vs<\/li>\n<\/ul>\n<h3>Teknisk data:<\/h3>\n<ul>\n<li>Svart f\u00e4rg<\/li>\n<li>Material: aluminium, plast, textlinje<\/li>\n<li>Bordsstorlek: 140L x 90W x 74H cm<\/li>\n<li>Stolstorlek: 55,5W x 68D x 109H cm<\/li>\n<li>M\u00e5tt p\u00e5 stolen hopf\u00e4lld: 87L x 55,5W x 17H cm<\/li>\n<li>Sitsstorlek: 44W x 45D cm<\/li>\n<li>Sitth\u00f6jd: 44 cm<\/li>\n<li>Ryggst\u00f6dsm\u00e5tt: 71,5L x 44W cm<\/li>\n<li>H\u00f6jd p\u00e5 ryggst\u00f6d till golv: 68cm-109cm<\/li>\n<li>Lastkapacitet: (bord) 50 kg, (stol) 130 kg<\/li>\n<\/ul>\n<h3>Leveransens omfattning:<\/h3>\n<ul>\n<li>1 x bord<\/li>\n<li>6 x stol<\/li>\n<li>1 x Instruktioner<\/li>\n<\/ul>\n","protected":false},"excerpt":{"rendered":"<p>Skapa en inbjudande matplats p\u00e5 vilken uteplats som helst med detta charmiga matbordsset! Stolarnas ryggst\u00f6d \u00e4r justerbara i 7 niv\u00e5er,&#8230;<\/p>\n","protected":false},"featured_media":36355,"template":"","meta":[],"product_brand":[],"product_cat":[435,450,456],"product_tag":[],"class_list":{"0":"post-36354","1":"product","2":"type-product","3":"status-publish","4":"has-post-thumbnail","6":"product_cat-tradgard-och-terrass","7":"product_cat-tradgardsmobler","8":"product_cat-tradgardsmobler-set","10":"first","11":"instock","12":"sale","13":"taxable","14":"shipping-taxable","15":"purchasable","16":"product-type-simple"},"yoast_head":"<!-- This site is optimized with the Yoast SEO plugin v25.4 - https:\/\/yoast.com\/wordpress\/plugins\/seo\/ -->\n<title>TRUUSK Hopf\u00e4llbar Sittgrupp f\u00f6r 6 Personer - 1 Bord + 6 Stolar - Tr\u00e4dg\u00e5rdsm\u00f6bler - Svart Aluminiumn\u00e4t - TRUUSK - Hem, Tr\u00e4dg\u00e5rd &amp; Fritid<\/title>\n<meta name=\"robots\" content=\"index, follow, max-snippet:-1, max-image-preview:large, max-video-preview:-1\" \/>\n<link rel=\"canonical\" href=\"https:\/\/truusk.store\/sv\/produkt\/truusk-hopfallbar-sittgrupp-for-6-personer-1-bord-6-stolar-tradgardsmobler-svart-aluminiumnat\/\" \/>\n<meta property=\"og:locale\" content=\"sv_SE\" \/>\n<meta property=\"og:type\" content=\"article\" \/>\n<meta property=\"og:title\" content=\"TRUUSK Hopf\u00e4llbar Sittgrupp f\u00f6r 6 Personer - 1 Bord + 6 Stolar - Tr\u00e4dg\u00e5rdsm\u00f6bler - Svart Aluminiumn\u00e4t - TRUUSK - Hem, Tr\u00e4dg\u00e5rd &amp; Fritid\" \/>\n<meta property=\"og:description\" content=\"Skapa en inbjudande matplats p\u00e5 vilken uteplats som helst med detta charmiga matbordsset! Stolarnas ryggst\u00f6d \u00e4r justerbara i 7 niv\u00e5er,...\" \/>\n<meta property=\"og:url\" content=\"https:\/\/truusk.store\/sv\/produkt\/truusk-hopfallbar-sittgrupp-for-6-personer-1-bord-6-stolar-tradgardsmobler-svart-aluminiumnat\/\" \/>\n<meta property=\"og:site_name\" content=\"TRUUSK - Hem, Tr\u00e4dg\u00e5rd &amp; Fritid\" \/>\n<meta property=\"article:modified_time\" content=\"2026-03-12T08:12:39+00:00\" \/>\n<meta property=\"og:image\" content=\"https:\/\/i0.wp.com\/truusk.se\/wp-content\/uploads\/2024\/02\/hopfallbar-sittgrupp-for-6-personer-1-bord-6-stolar-tradgardsmobler-svart-aluminiumnat.webp?fit=800%2C800&ssl=1\" \/>\n\t<meta property=\"og:image:width\" content=\"800\" \/>\n\t<meta property=\"og:image:height\" content=\"800\" \/>\n\t<meta property=\"og:image:type\" content=\"image\/webp\" \/>\n<meta name=\"twitter:card\" content=\"summary_large_image\" \/>\n<meta name=\"twitter:label1\" content=\"Ber\u00e4knad l\u00e4stid\" \/>\n\t<meta name=\"twitter:data1\" content=\"1 minut\" \/>\n<!-- \/ Yoast SEO plugin. -->","yoast_head_json":{"title":"TRUUSK Hopf\u00e4llbar Sittgrupp f\u00f6r 6 Personer - 1 Bord + 6 Stolar - Tr\u00e4dg\u00e5rdsm\u00f6bler - Svart Aluminiumn\u00e4t - TRUUSK - Hem, Tr\u00e4dg\u00e5rd &amp; Fritid","robots":{"index":"index","follow":"follow","max-snippet":"max-snippet:-1","max-image-preview":"max-image-preview:large","max-video-preview":"max-video-preview:-1"},"canonical":"https:\/\/truusk.store\/sv\/produkt\/truusk-hopfallbar-sittgrupp-for-6-personer-1-bord-6-stolar-tradgardsmobler-svart-aluminiumnat\/","og_locale":"sv_SE","og_type":"article","og_title":"TRUUSK Hopf\u00e4llbar Sittgrupp f\u00f6r 6 Personer - 1 Bord + 6 Stolar - Tr\u00e4dg\u00e5rdsm\u00f6bler - Svart Aluminiumn\u00e4t - TRUUSK - Hem, Tr\u00e4dg\u00e5rd &amp; Fritid","og_description":"Skapa en inbjudande matplats p\u00e5 vilken uteplats som helst med detta charmiga matbordsset! Stolarnas ryggst\u00f6d \u00e4r justerbara i 7 niv\u00e5er,...","og_url":"https:\/\/truusk.store\/sv\/produkt\/truusk-hopfallbar-sittgrupp-for-6-personer-1-bord-6-stolar-tradgardsmobler-svart-aluminiumnat\/","og_site_name":"TRUUSK - Hem, Tr\u00e4dg\u00e5rd &amp; Fritid","article_modified_time":"2026-03-12T08:12:39+00:00","og_image":[{"width":800,"height":800,"url":"https:\/\/i0.wp.com\/truusk.se\/wp-content\/uploads\/2024\/02\/hopfallbar-sittgrupp-for-6-personer-1-bord-6-stolar-tradgardsmobler-svart-aluminiumnat.webp?fit=800%2C800&ssl=1","type":"image\/webp"}],"twitter_card":"summary_large_image","twitter_misc":{"Ber\u00e4knad l\u00e4stid":"1 minut"},"schema":{"@context":"https:\/\/schema.org","@graph":[{"@type":"WebPage","@id":"https:\/\/truusk.store\/sv\/produkt\/truusk-hopfallbar-sittgrupp-for-6-personer-1-bord-6-stolar-tradgardsmobler-svart-aluminiumnat\/","url":"https:\/\/truusk.store\/sv\/produkt\/truusk-hopfallbar-sittgrupp-for-6-personer-1-bord-6-stolar-tradgardsmobler-svart-aluminiumnat\/","name":"TRUUSK Hopf\u00e4llbar Sittgrupp f\u00f6r 6 Personer - 1 Bord + 6 Stolar - Tr\u00e4dg\u00e5rdsm\u00f6bler - Svart Aluminiumn\u00e4t - TRUUSK - Hem, Tr\u00e4dg\u00e5rd &amp; Fritid","isPartOf":{"@id":"https:\/\/truusk.store\/sv\/#website"},"primaryImageOfPage":{"@id":"https:\/\/truusk.store\/sv\/produkt\/truusk-hopfallbar-sittgrupp-for-6-personer-1-bord-6-stolar-tradgardsmobler-svart-aluminiumnat\/#primaryimage"},"image":{"@id":"https:\/\/truusk.store\/sv\/produkt\/truusk-hopfallbar-sittgrupp-for-6-personer-1-bord-6-stolar-tradgardsmobler-svart-aluminiumnat\/#primaryimage"},"thumbnailUrl":"https:\/\/i0.wp.com\/truusk.store\/wp-content\/uploads\/2024\/02\/hopfallbar-sittgrupp-for-6-personer-1-bord-6-stolar-tradgardsmobler-svart-aluminiumnat.webp?fit=800%2C800&ssl=1","datePublished":"2024-02-13T23:11:42+00:00","dateModified":"2026-03-12T08:12:39+00:00","breadcrumb":{"@id":"https:\/\/truusk.store\/sv\/produkt\/truusk-hopfallbar-sittgrupp-for-6-personer-1-bord-6-stolar-tradgardsmobler-svart-aluminiumnat\/#breadcrumb"},"inLanguage":"sv-SE","potentialAction":[{"@type":"ReadAction","target":["https:\/\/truusk.store\/sv\/produkt\/truusk-hopfallbar-sittgrupp-for-6-personer-1-bord-6-stolar-tradgardsmobler-svart-aluminiumnat\/"]}]},{"@type":"ImageObject","inLanguage":"sv-SE","@id":"https:\/\/truusk.store\/sv\/produkt\/truusk-hopfallbar-sittgrupp-for-6-personer-1-bord-6-stolar-tradgardsmobler-svart-aluminiumnat\/#primaryimage","url":"https:\/\/i0.wp.com\/truusk.store\/wp-content\/uploads\/2024\/02\/hopfallbar-sittgrupp-for-6-personer-1-bord-6-stolar-tradgardsmobler-svart-aluminiumnat.webp?fit=800%2C800&ssl=1","contentUrl":"https:\/\/i0.wp.com\/truusk.store\/wp-content\/uploads\/2024\/02\/hopfallbar-sittgrupp-for-6-personer-1-bord-6-stolar-tradgardsmobler-svart-aluminiumnat.webp?fit=800%2C800&ssl=1","width":800,"height":800,"caption":"Hopf\u00e4llbar Sittgrupp F\u00f6r 6 Personer, 1 Bord + 6 Stolar, Tr\u00e4dg\u00e5rdsm\u00f6bler, Svart Aluminiumn\u00e4t 1"},{"@type":"BreadcrumbList","@id":"https:\/\/truusk.store\/sv\/produkt\/truusk-hopfallbar-sittgrupp-for-6-personer-1-bord-6-stolar-tradgardsmobler-svart-aluminiumnat\/#breadcrumb","itemListElement":[{"@type":"ListItem","position":1,"name":"Home","item":"https:\/\/truusk.store\/sv\/"},{"@type":"ListItem","position":2,"name":"Shop","item":"https:\/\/truusk.store\/shop\/"},{"@type":"ListItem","position":3,"name":"TRUUSK Hopf\u00e4llbar Sittgrupp f\u00f6r 6 Personer &#8211; 1 Bord + 6 Stolar &#8211; Tr\u00e4dg\u00e5rdsm\u00f6bler &#8211; Svart Aluminiumn\u00e4t"}]},{"@type":"WebSite","@id":"https:\/\/truusk.store\/sv\/#website","url":"https:\/\/truusk.store\/sv\/","name":"TRUUSK - Hem, Tr\u00e4dg\u00e5rd & Fritid","description":"","publisher":{"@id":"https:\/\/truusk.store\/sv\/#organization"},"potentialAction":[{"@type":"SearchAction","target":{"@type":"EntryPoint","urlTemplate":"https:\/\/truusk.store\/sv\/?s={search_term_string}"},"query-input":{"@type":"PropertyValueSpecification","valueRequired":true,"valueName":"search_term_string"}}],"inLanguage":"sv-SE"},{"@type":"Organization","@id":"https:\/\/truusk.store\/sv\/#organization","name":"TRUUSK - Hem, Tr\u00e4dg\u00e5rd & Fritid","url":"https:\/\/truusk.store\/sv\/","logo":{"@type":"ImageObject","inLanguage":"sv-SE","@id":"https:\/\/truusk.store\/sv\/#\/schema\/logo\/image\/","url":"https:\/\/i0.wp.com\/truusk.store\/wp-content\/uploads\/2026\/03\/cropped-TRUUSK.png?fit=2032%2C917&ssl=1","contentUrl":"https:\/\/i0.wp.com\/truusk.store\/wp-content\/uploads\/2026\/03\/cropped-TRUUSK.png?fit=2032%2C917&ssl=1","width":2032,"height":917,"caption":"TRUUSK - Hem, Tr\u00e4dg\u00e5rd & Fritid"},"image":{"@id":"https:\/\/truusk.store\/sv\/#\/schema\/logo\/image\/"}}]}},"jetpack_sharing_enabled":true,"_links":{"self":[{"href":"https:\/\/truusk.store\/sv\/wp-json\/wp\/v2\/product\/36354","targetHints":{"allow":["GET"]}}],"collection":[{"href":"https:\/\/truusk.store\/sv\/wp-json\/wp\/v2\/product"}],"about":[{"href":"https:\/\/truusk.store\/sv\/wp-json\/wp\/v2\/types\/product"}],"wp:featuredmedia":[{"embeddable":true,"href":"https:\/\/truusk.store\/sv\/wp-json\/wp\/v2\/media\/36355"}],"wp:attachment":[{"href":"https:\/\/truusk.store\/sv\/wp-json\/wp\/v2\/media?parent=36354"}],"wp:term":[{"taxonomy":"product_brand","embeddable":true,"href":"https:\/\/truusk.store\/sv\/wp-json\/wp\/v2\/product_brand?post=36354"},{"taxonomy":"product_cat","embeddable":true,"href":"https:\/\/truusk.store\/sv\/wp-json\/wp\/v2\/product_cat?post=36354"},{"taxonomy":"product_tag","embeddable":true,"href":"https:\/\/truusk.store\/sv\/wp-json\/wp\/v2\/product_tag?post=36354"}],"curies":[{"name":"wp","href":"https:\/\/api.w.org\/{rel}","templated":true}]}}