{"id":36376,"date":"2024-02-14T00:12:19","date_gmt":"2024-02-13T23:12:19","guid":{"rendered":"https:\/\/truusk.store\/product\/tradgardsbord-for-4-personer-matbord-aluminiumbord-tradgardsmobler-loungemobel-lattskott-plast-svart-78-x-78-x-74-cm\/"},"modified":"2026-03-12T09:12:39","modified_gmt":"2026-03-12T08:12:39","slug":"truusk-tradgardsbord-for-4-personer-matbord-aluminium-lattvardad-plast-svart-78-x-78-x-74-cm","status":"publish","type":"product","link":"https:\/\/truusk.store\/sv\/produkt\/truusk-tradgardsbord-for-4-personer-matbord-aluminium-lattvardad-plast-svart-78-x-78-x-74-cm\/","title":{"rendered":"TRUUSK Tr\u00e4dg\u00e5rdsbord F\u00f6r 4 Personer &#8211; Matbord Aluminium &#8211; L\u00e4ttv\u00e5rdad Plast &#8211; Svart &#8211; 78 x 78 x 74 cm"},"content":{"rendered":"<p>Skapa en enkel men inbjudande matplats p\u00e5 vilken uteplats eller balkong som helst med detta charmiga balkongbord. Den robusta aluminiumramen med halkfria golvmattor \u00e4r stabil och designad f\u00f6r l\u00e5ng livsl\u00e4ngd. Bordsskivan av tr\u00e4liknande lameller ger en naturlig k\u00e4nsla till din terrass. L\u00e4gg till best\u00e5ende sk\u00f6nhet, stil och elegans till din omgivning med denna viktiga del av alla utomhuslivsutrymmen.<\/p>\n<h3>Beskrivning:<\/h3>\n<ul>\n<li>Stort matbord f\u00f6r 4 personer<\/li>\n<li>Tr\u00e4liknande bordsskiva f\u00f6r en rustik k\u00e4nsla<\/li>\n<li>Aluminiumramen \u00e4r l\u00e4tt men \u00e4nd\u00e5 robust och h\u00e5llbar f\u00f6r utomhusbruk<\/li>\n<li>Halkfria fotkuddar f\u00f6r en stabil position p\u00e5 bordet<\/li>\n<li>L\u00e4tt att reng\u00f6ra med en fuktig trasa<\/li>\n<li>Montering kr\u00e4vs<\/li>\n<\/ul>\n<h3>Teknisk data:<\/h3>\n<ul>\n<li>Svart f\u00e4rg<\/li>\n<li>Material: aluminium, plast<\/li>\n<li>Totalstorlek: 78L x 78W x 74H cm<\/li>\n<li>Tjocklek p\u00e5 varje spj\u00e4l: 1,2 cm<\/li>\n<li>Lastkapacitet: 50 kg<\/li>\n<\/ul>\n<h3>Leveransens omfattning:<\/h3>\n<ul>\n<li>1 x Utematsbord<\/li>\n<li>1 x Instruktioner<\/li>\n<\/ul>\n","protected":false},"excerpt":{"rendered":"<p>Skapa en enkel men inbjudande matplats p\u00e5 vilken uteplats eller balkong som helst med detta charmiga balkongbord. Den robusta aluminiumramen&#8230;<\/p>\n","protected":false},"featured_media":36377,"template":"","meta":[],"product_brand":[],"product_cat":[435,457,450],"product_tag":[],"class_list":{"0":"post-36376","1":"product","2":"type-product","3":"status-publish","4":"has-post-thumbnail","6":"product_cat-tradgard-och-terrass","7":"product_cat-tradgardsbord","8":"product_cat-tradgardsmobler","10":"first","11":"instock","12":"sale","13":"taxable","14":"shipping-taxable","15":"purchasable","16":"product-type-simple"},"yoast_head":"<!-- This site is optimized with the Yoast SEO plugin v25.4 - https:\/\/yoast.com\/wordpress\/plugins\/seo\/ -->\n<title>TRUUSK Tr\u00e4dg\u00e5rdsbord F\u00f6r 4 Personer - Matbord Aluminium - L\u00e4ttv\u00e5rdad Plast - Svart - 78 x 78 x 74 cm - TRUUSK - Hem, Tr\u00e4dg\u00e5rd &amp; Fritid<\/title>\n<meta name=\"robots\" content=\"index, follow, max-snippet:-1, max-image-preview:large, max-video-preview:-1\" \/>\n<link rel=\"canonical\" href=\"https:\/\/truusk.store\/sv\/produkt\/truusk-tradgardsbord-for-4-personer-matbord-aluminium-lattvardad-plast-svart-78-x-78-x-74-cm\/\" \/>\n<meta property=\"og:locale\" content=\"sv_SE\" \/>\n<meta property=\"og:type\" content=\"article\" \/>\n<meta property=\"og:title\" content=\"TRUUSK Tr\u00e4dg\u00e5rdsbord F\u00f6r 4 Personer - Matbord Aluminium - L\u00e4ttv\u00e5rdad Plast - Svart - 78 x 78 x 74 cm - TRUUSK - Hem, Tr\u00e4dg\u00e5rd &amp; Fritid\" \/>\n<meta property=\"og:description\" content=\"Skapa en enkel men inbjudande matplats p\u00e5 vilken uteplats eller balkong som helst med detta charmiga balkongbord. Den robusta aluminiumramen...\" \/>\n<meta property=\"og:url\" content=\"https:\/\/truusk.store\/sv\/produkt\/truusk-tradgardsbord-for-4-personer-matbord-aluminium-lattvardad-plast-svart-78-x-78-x-74-cm\/\" \/>\n<meta property=\"og:site_name\" content=\"TRUUSK - Hem, Tr\u00e4dg\u00e5rd &amp; Fritid\" \/>\n<meta property=\"article:modified_time\" content=\"2026-03-12T08:12:39+00:00\" \/>\n<meta property=\"og:image\" content=\"https:\/\/i0.wp.com\/truusk.se\/wp-content\/uploads\/2024\/02\/tradgardsbord-for-4-personer-matbord-aluminiumbord-tradgardsmobler-loungemobel-lattskott-plast-svart-78-x-78-x-74-cm.webp?fit=800%2C800&ssl=1\" \/>\n\t<meta property=\"og:image:width\" content=\"800\" \/>\n\t<meta property=\"og:image:height\" content=\"800\" \/>\n\t<meta property=\"og:image:type\" content=\"image\/webp\" \/>\n<meta name=\"twitter:card\" content=\"summary_large_image\" \/>\n<meta name=\"twitter:label1\" content=\"Ber\u00e4knad l\u00e4stid\" \/>\n\t<meta name=\"twitter:data1\" content=\"1 minut\" \/>\n<!-- \/ Yoast SEO plugin. -->","yoast_head_json":{"title":"TRUUSK Tr\u00e4dg\u00e5rdsbord F\u00f6r 4 Personer - Matbord Aluminium - L\u00e4ttv\u00e5rdad Plast - Svart - 78 x 78 x 74 cm - TRUUSK - Hem, Tr\u00e4dg\u00e5rd &amp; Fritid","robots":{"index":"index","follow":"follow","max-snippet":"max-snippet:-1","max-image-preview":"max-image-preview:large","max-video-preview":"max-video-preview:-1"},"canonical":"https:\/\/truusk.store\/sv\/produkt\/truusk-tradgardsbord-for-4-personer-matbord-aluminium-lattvardad-plast-svart-78-x-78-x-74-cm\/","og_locale":"sv_SE","og_type":"article","og_title":"TRUUSK Tr\u00e4dg\u00e5rdsbord F\u00f6r 4 Personer - Matbord Aluminium - L\u00e4ttv\u00e5rdad Plast - Svart - 78 x 78 x 74 cm - TRUUSK - Hem, Tr\u00e4dg\u00e5rd &amp; Fritid","og_description":"Skapa en enkel men inbjudande matplats p\u00e5 vilken uteplats eller balkong som helst med detta charmiga balkongbord. Den robusta aluminiumramen...","og_url":"https:\/\/truusk.store\/sv\/produkt\/truusk-tradgardsbord-for-4-personer-matbord-aluminium-lattvardad-plast-svart-78-x-78-x-74-cm\/","og_site_name":"TRUUSK - Hem, Tr\u00e4dg\u00e5rd &amp; Fritid","article_modified_time":"2026-03-12T08:12:39+00:00","og_image":[{"width":800,"height":800,"url":"https:\/\/i0.wp.com\/truusk.se\/wp-content\/uploads\/2024\/02\/tradgardsbord-for-4-personer-matbord-aluminiumbord-tradgardsmobler-loungemobel-lattskott-plast-svart-78-x-78-x-74-cm.webp?fit=800%2C800&ssl=1","type":"image\/webp"}],"twitter_card":"summary_large_image","twitter_misc":{"Ber\u00e4knad l\u00e4stid":"1 minut"},"schema":{"@context":"https:\/\/schema.org","@graph":[{"@type":"WebPage","@id":"https:\/\/truusk.store\/sv\/produkt\/truusk-tradgardsbord-for-4-personer-matbord-aluminium-lattvardad-plast-svart-78-x-78-x-74-cm\/","url":"https:\/\/truusk.store\/sv\/produkt\/truusk-tradgardsbord-for-4-personer-matbord-aluminium-lattvardad-plast-svart-78-x-78-x-74-cm\/","name":"TRUUSK Tr\u00e4dg\u00e5rdsbord F\u00f6r 4 Personer - Matbord Aluminium - L\u00e4ttv\u00e5rdad Plast - Svart - 78 x 78 x 74 cm - TRUUSK - Hem, Tr\u00e4dg\u00e5rd &amp; Fritid","isPartOf":{"@id":"https:\/\/truusk.store\/sv\/#website"},"primaryImageOfPage":{"@id":"https:\/\/truusk.store\/sv\/produkt\/truusk-tradgardsbord-for-4-personer-matbord-aluminium-lattvardad-plast-svart-78-x-78-x-74-cm\/#primaryimage"},"image":{"@id":"https:\/\/truusk.store\/sv\/produkt\/truusk-tradgardsbord-for-4-personer-matbord-aluminium-lattvardad-plast-svart-78-x-78-x-74-cm\/#primaryimage"},"thumbnailUrl":"https:\/\/i0.wp.com\/truusk.store\/wp-content\/uploads\/2024\/02\/tradgardsbord-for-4-personer-matbord-aluminiumbord-tradgardsmobler-loungemobel-lattskott-plast-svart-78-x-78-x-74-cm.webp?fit=800%2C800&ssl=1","datePublished":"2024-02-13T23:12:19+00:00","dateModified":"2026-03-12T08:12:39+00:00","breadcrumb":{"@id":"https:\/\/truusk.store\/sv\/produkt\/truusk-tradgardsbord-for-4-personer-matbord-aluminium-lattvardad-plast-svart-78-x-78-x-74-cm\/#breadcrumb"},"inLanguage":"sv-SE","potentialAction":[{"@type":"ReadAction","target":["https:\/\/truusk.store\/sv\/produkt\/truusk-tradgardsbord-for-4-personer-matbord-aluminium-lattvardad-plast-svart-78-x-78-x-74-cm\/"]}]},{"@type":"ImageObject","inLanguage":"sv-SE","@id":"https:\/\/truusk.store\/sv\/produkt\/truusk-tradgardsbord-for-4-personer-matbord-aluminium-lattvardad-plast-svart-78-x-78-x-74-cm\/#primaryimage","url":"https:\/\/i0.wp.com\/truusk.store\/wp-content\/uploads\/2024\/02\/tradgardsbord-for-4-personer-matbord-aluminiumbord-tradgardsmobler-loungemobel-lattskott-plast-svart-78-x-78-x-74-cm.webp?fit=800%2C800&ssl=1","contentUrl":"https:\/\/i0.wp.com\/truusk.store\/wp-content\/uploads\/2024\/02\/tradgardsbord-for-4-personer-matbord-aluminiumbord-tradgardsmobler-loungemobel-lattskott-plast-svart-78-x-78-x-74-cm.webp?fit=800%2C800&ssl=1","width":800,"height":800,"caption":"Tr\u00e4dg\u00e5rdsbord F\u00f6r 4 Personer, Matbord, Aluminiumbord, Tr\u00e4dg\u00e5rdsm\u00f6bler, Loungem\u00f6bel, L\u00e4ttsk\u00f6tt Plast, Svart, 78 X 78 X 74 Cm 1"},{"@type":"BreadcrumbList","@id":"https:\/\/truusk.store\/sv\/produkt\/truusk-tradgardsbord-for-4-personer-matbord-aluminium-lattvardad-plast-svart-78-x-78-x-74-cm\/#breadcrumb","itemListElement":[{"@type":"ListItem","position":1,"name":"Home","item":"https:\/\/truusk.store\/sv\/"},{"@type":"ListItem","position":2,"name":"Shop","item":"https:\/\/truusk.store\/shop\/"},{"@type":"ListItem","position":3,"name":"TRUUSK Tr\u00e4dg\u00e5rdsbord F\u00f6r 4 Personer &#8211; Matbord Aluminium &#8211; L\u00e4ttv\u00e5rdad Plast &#8211; Svart &#8211; 78 x 78 x 74 cm"}]},{"@type":"WebSite","@id":"https:\/\/truusk.store\/sv\/#website","url":"https:\/\/truusk.store\/sv\/","name":"TRUUSK - Hem, Tr\u00e4dg\u00e5rd & Fritid","description":"","publisher":{"@id":"https:\/\/truusk.store\/sv\/#organization"},"potentialAction":[{"@type":"SearchAction","target":{"@type":"EntryPoint","urlTemplate":"https:\/\/truusk.store\/sv\/?s={search_term_string}"},"query-input":{"@type":"PropertyValueSpecification","valueRequired":true,"valueName":"search_term_string"}}],"inLanguage":"sv-SE"},{"@type":"Organization","@id":"https:\/\/truusk.store\/sv\/#organization","name":"TRUUSK - Hem, Tr\u00e4dg\u00e5rd & Fritid","url":"https:\/\/truusk.store\/sv\/","logo":{"@type":"ImageObject","inLanguage":"sv-SE","@id":"https:\/\/truusk.store\/sv\/#\/schema\/logo\/image\/","url":"https:\/\/i0.wp.com\/truusk.store\/wp-content\/uploads\/2026\/03\/cropped-TRUUSK.png?fit=2032%2C917&ssl=1","contentUrl":"https:\/\/i0.wp.com\/truusk.store\/wp-content\/uploads\/2026\/03\/cropped-TRUUSK.png?fit=2032%2C917&ssl=1","width":2032,"height":917,"caption":"TRUUSK - Hem, Tr\u00e4dg\u00e5rd & Fritid"},"image":{"@id":"https:\/\/truusk.store\/sv\/#\/schema\/logo\/image\/"}}]}},"jetpack_sharing_enabled":true,"_links":{"self":[{"href":"https:\/\/truusk.store\/sv\/wp-json\/wp\/v2\/product\/36376","targetHints":{"allow":["GET"]}}],"collection":[{"href":"https:\/\/truusk.store\/sv\/wp-json\/wp\/v2\/product"}],"about":[{"href":"https:\/\/truusk.store\/sv\/wp-json\/wp\/v2\/types\/product"}],"wp:featuredmedia":[{"embeddable":true,"href":"https:\/\/truusk.store\/sv\/wp-json\/wp\/v2\/media\/36377"}],"wp:attachment":[{"href":"https:\/\/truusk.store\/sv\/wp-json\/wp\/v2\/media?parent=36376"}],"wp:term":[{"taxonomy":"product_brand","embeddable":true,"href":"https:\/\/truusk.store\/sv\/wp-json\/wp\/v2\/product_brand?post=36376"},{"taxonomy":"product_cat","embeddable":true,"href":"https:\/\/truusk.store\/sv\/wp-json\/wp\/v2\/product_cat?post=36376"},{"taxonomy":"product_tag","embeddable":true,"href":"https:\/\/truusk.store\/sv\/wp-json\/wp\/v2\/product_tag?post=36376"}],"curies":[{"name":"wp","href":"https:\/\/api.w.org\/{rel}","templated":true}]}}