{"id":36462,"date":"2024-02-14T00:15:08","date_gmt":"2024-02-13T23:15:08","guid":{"rendered":"https:\/\/truusk.store\/product\/industriell-design-garderob-1-anteckningstavla-1-skobank-8-kladkrokar-1-forvaringsvaska-svart-brun\/"},"modified":"2026-03-12T09:12:40","modified_gmt":"2026-03-12T08:12:40","slug":"truusk-industriell-design-garderob-anteckningstavla-och-skobank-8-kladkrokar-forvaringsvaska-svart-och-brun","status":"publish","type":"product","link":"https:\/\/truusk.store\/sv\/produkt\/truusk-industriell-design-garderob-anteckningstavla-och-skobank-8-kladkrokar-forvaringsvaska-svart-och-brun\/","title":{"rendered":"TRUUSK Industriell Design Garderob &#8211; Anteckningstavla och Skob\u00e4nk &#8211; 8 Kl\u00e4dkrokar &#8211; F\u00f6rvaringsv\u00e4ska &#8211; Svart och Brun"},"content":{"rendered":"<p>Det \u00e4r s\u00e5 trevligt att m\u00f6tas efter en l\u00e5ng dag p\u00e5 jobbet av en entr\u00e9 d\u00e4r allt har sin plats. H\u00e5ll dina kappor, v\u00e4skor, skor och sm\u00e5saker v\u00e4l organiserade med denna garderob. Med en skohylla, kl\u00e4dkrokar, anteckningstavla och f\u00f6rvaringsv\u00e4ska, \u00e4r denna kl\u00e4dh\u00e4ngare den ultimata allt-i-ett-entr\u00e9l\u00f6sningen. Du kan byta skor medan du sitter och f\u00f6rvara dem i de nedre facken. Designen i tr\u00e4look passar bra med m\u00e5nga inredningsstilar. Du kommer att \u00e4lska att ha det som en del av inredningen.<\/p>\n<h3>Beskrivning:<\/h3>\n<ul>\n<li>Anv\u00e4nd kl\u00e4mmor (ing\u00e5r ej) f\u00f6r att visa foton, anteckningar, solglas\u00f6gon eller vykort p\u00e5 rutn\u00e4tstavlan<\/li>\n<li>En Oxford tygf\u00f6rvaringsv\u00e4ska inneh\u00e5ller 6 sm\u00e5 fickor och 1 stor ficka<\/li>\n<li>2 n\u00e4thyllor f\u00f6r skor och f\u00f6rvaringsbeh\u00e5llare, 9 fasta krokar f\u00f6r att h\u00e4nga upp hattar, v\u00e4skor och halsdukar<\/li>\n<li>En skob\u00e4nk f\u00f6r att byta skor<\/li>\n<li>Tillverkat av tr\u00e4material och pulverlackerad metall \u00e4r detta halltr\u00e4d h\u00e5llbart och stabilt<\/li>\n<li>Anti-tip design p\u00e5 baksidan f\u00f6r s\u00e4ker anv\u00e4ndning<\/li>\n<li>Justerbara f\u00f6tter s\u00e4kerst\u00e4ller stabilitet<\/li>\n<li>Montering kr\u00e4vs<\/li>\n<\/ul>\n<h3>Teknisk data:<\/h3>\n<ul>\n<li>F\u00e4rg: Rustik brun+svart<\/li>\n<li>Material: sp\u00e5nskiva, st\u00e5l<\/li>\n<li>\u00d6vergripande m\u00e5tt: 100L x 40W x 185H cm<\/li>\n<li>Rutbordsstorlek: 61W x 33H cm<\/li>\n<li>Storlek p\u00e5 tygp\u00e5sen: 50W x 36H cm<\/li>\n<li>Sitsstorlek: 100W x 38D x 53H cm<\/li>\n<li>Mesh-hyllstorlek: 95L x 38,5B x 16,5H cm (\u00f6verst), 95L x 38,5W x 17,5H cm (botten)<\/li>\n<li>Benh\u00f6jd: 14 cm<\/li>\n<li>Lastkapacitet: 80 kg (totalt), 10 kg (hylla), 5 kg (galler), 1,5 kg (krok)<\/li>\n<\/ul>\n<h3>Leveransens omfattning:<\/h3>\n<ul>\n<li>1 x kl\u00e4dh\u00e4ngare<\/li>\n<li>1 x Instruktioner<\/li>\n<\/ul>\n","protected":false},"excerpt":{"rendered":"<p>Det \u00e4r s\u00e5 trevligt att m\u00f6tas efter en l\u00e5ng dag p\u00e5 jobbet av en entr\u00e9 d\u00e4r allt har sin plats&#8230;.<\/p>\n","protected":false},"featured_media":36463,"template":"","meta":[],"product_brand":[],"product_cat":[558,559,485],"product_tag":[],"class_list":{"0":"post-36462","1":"product","2":"type-product","3":"status-publish","4":"has-post-thumbnail","6":"product_cat-garderober","7":"product_cat-garderobsset","8":"product_cat-hus-bo","10":"first","11":"instock","12":"sale","13":"taxable","14":"shipping-taxable","15":"purchasable","16":"product-type-simple"},"yoast_head":"<!-- This site is optimized with the Yoast SEO plugin v25.4 - https:\/\/yoast.com\/wordpress\/plugins\/seo\/ -->\n<title>TRUUSK Industriell Design Garderob - Anteckningstavla och Skob\u00e4nk - 8 Kl\u00e4dkrokar - F\u00f6rvaringsv\u00e4ska - Svart och Brun - TRUUSK - Hem, Tr\u00e4dg\u00e5rd &amp; Fritid<\/title>\n<meta name=\"robots\" content=\"index, follow, max-snippet:-1, max-image-preview:large, max-video-preview:-1\" \/>\n<link rel=\"canonical\" href=\"https:\/\/truusk.store\/sv\/produkt\/truusk-industriell-design-garderob-anteckningstavla-och-skobank-8-kladkrokar-forvaringsvaska-svart-och-brun\/\" \/>\n<meta property=\"og:locale\" content=\"sv_SE\" \/>\n<meta property=\"og:type\" content=\"article\" \/>\n<meta property=\"og:title\" content=\"TRUUSK Industriell Design Garderob - Anteckningstavla och Skob\u00e4nk - 8 Kl\u00e4dkrokar - F\u00f6rvaringsv\u00e4ska - Svart och Brun - TRUUSK - Hem, Tr\u00e4dg\u00e5rd &amp; Fritid\" \/>\n<meta property=\"og:description\" content=\"Det \u00e4r s\u00e5 trevligt att m\u00f6tas efter en l\u00e5ng dag p\u00e5 jobbet av en entr\u00e9 d\u00e4r allt har sin plats....\" \/>\n<meta property=\"og:url\" content=\"https:\/\/truusk.store\/sv\/produkt\/truusk-industriell-design-garderob-anteckningstavla-och-skobank-8-kladkrokar-forvaringsvaska-svart-och-brun\/\" \/>\n<meta property=\"og:site_name\" content=\"TRUUSK - Hem, Tr\u00e4dg\u00e5rd &amp; Fritid\" \/>\n<meta property=\"article:modified_time\" content=\"2026-03-12T08:12:40+00:00\" \/>\n<meta property=\"og:image\" content=\"https:\/\/i0.wp.com\/truusk.se\/wp-content\/uploads\/2024\/02\/industriell-design-garderob-1-anteckningstavla-1-skobank-8-kladkrokar-1-forvaringsvaska-svart-brun.webp?fit=800%2C800&ssl=1\" \/>\n\t<meta property=\"og:image:width\" content=\"800\" \/>\n\t<meta property=\"og:image:height\" content=\"800\" \/>\n\t<meta property=\"og:image:type\" content=\"image\/webp\" \/>\n<meta name=\"twitter:card\" content=\"summary_large_image\" \/>\n<meta name=\"twitter:label1\" content=\"Ber\u00e4knad l\u00e4stid\" \/>\n\t<meta name=\"twitter:data1\" content=\"1 minut\" \/>\n<!-- \/ Yoast SEO plugin. -->","yoast_head_json":{"title":"TRUUSK Industriell Design Garderob - Anteckningstavla och Skob\u00e4nk - 8 Kl\u00e4dkrokar - F\u00f6rvaringsv\u00e4ska - Svart och Brun - TRUUSK - Hem, Tr\u00e4dg\u00e5rd &amp; Fritid","robots":{"index":"index","follow":"follow","max-snippet":"max-snippet:-1","max-image-preview":"max-image-preview:large","max-video-preview":"max-video-preview:-1"},"canonical":"https:\/\/truusk.store\/sv\/produkt\/truusk-industriell-design-garderob-anteckningstavla-och-skobank-8-kladkrokar-forvaringsvaska-svart-och-brun\/","og_locale":"sv_SE","og_type":"article","og_title":"TRUUSK Industriell Design Garderob - Anteckningstavla och Skob\u00e4nk - 8 Kl\u00e4dkrokar - F\u00f6rvaringsv\u00e4ska - Svart och Brun - TRUUSK - Hem, Tr\u00e4dg\u00e5rd &amp; Fritid","og_description":"Det \u00e4r s\u00e5 trevligt att m\u00f6tas efter en l\u00e5ng dag p\u00e5 jobbet av en entr\u00e9 d\u00e4r allt har sin plats....","og_url":"https:\/\/truusk.store\/sv\/produkt\/truusk-industriell-design-garderob-anteckningstavla-och-skobank-8-kladkrokar-forvaringsvaska-svart-och-brun\/","og_site_name":"TRUUSK - Hem, Tr\u00e4dg\u00e5rd &amp; Fritid","article_modified_time":"2026-03-12T08:12:40+00:00","og_image":[{"width":800,"height":800,"url":"https:\/\/i0.wp.com\/truusk.se\/wp-content\/uploads\/2024\/02\/industriell-design-garderob-1-anteckningstavla-1-skobank-8-kladkrokar-1-forvaringsvaska-svart-brun.webp?fit=800%2C800&ssl=1","type":"image\/webp"}],"twitter_card":"summary_large_image","twitter_misc":{"Ber\u00e4knad l\u00e4stid":"1 minut"},"schema":{"@context":"https:\/\/schema.org","@graph":[{"@type":"WebPage","@id":"https:\/\/truusk.store\/sv\/produkt\/truusk-industriell-design-garderob-anteckningstavla-och-skobank-8-kladkrokar-forvaringsvaska-svart-och-brun\/","url":"https:\/\/truusk.store\/sv\/produkt\/truusk-industriell-design-garderob-anteckningstavla-och-skobank-8-kladkrokar-forvaringsvaska-svart-och-brun\/","name":"TRUUSK Industriell Design Garderob - Anteckningstavla och Skob\u00e4nk - 8 Kl\u00e4dkrokar - F\u00f6rvaringsv\u00e4ska - Svart och Brun - TRUUSK - Hem, Tr\u00e4dg\u00e5rd &amp; Fritid","isPartOf":{"@id":"https:\/\/truusk.store\/sv\/#website"},"primaryImageOfPage":{"@id":"https:\/\/truusk.store\/sv\/produkt\/truusk-industriell-design-garderob-anteckningstavla-och-skobank-8-kladkrokar-forvaringsvaska-svart-och-brun\/#primaryimage"},"image":{"@id":"https:\/\/truusk.store\/sv\/produkt\/truusk-industriell-design-garderob-anteckningstavla-och-skobank-8-kladkrokar-forvaringsvaska-svart-och-brun\/#primaryimage"},"thumbnailUrl":"https:\/\/i0.wp.com\/truusk.store\/wp-content\/uploads\/2024\/02\/industriell-design-garderob-1-anteckningstavla-1-skobank-8-kladkrokar-1-forvaringsvaska-svart-brun.webp?fit=800%2C800&ssl=1","datePublished":"2024-02-13T23:15:08+00:00","dateModified":"2026-03-12T08:12:40+00:00","breadcrumb":{"@id":"https:\/\/truusk.store\/sv\/produkt\/truusk-industriell-design-garderob-anteckningstavla-och-skobank-8-kladkrokar-forvaringsvaska-svart-och-brun\/#breadcrumb"},"inLanguage":"sv-SE","potentialAction":[{"@type":"ReadAction","target":["https:\/\/truusk.store\/sv\/produkt\/truusk-industriell-design-garderob-anteckningstavla-och-skobank-8-kladkrokar-forvaringsvaska-svart-och-brun\/"]}]},{"@type":"ImageObject","inLanguage":"sv-SE","@id":"https:\/\/truusk.store\/sv\/produkt\/truusk-industriell-design-garderob-anteckningstavla-och-skobank-8-kladkrokar-forvaringsvaska-svart-och-brun\/#primaryimage","url":"https:\/\/i0.wp.com\/truusk.store\/wp-content\/uploads\/2024\/02\/industriell-design-garderob-1-anteckningstavla-1-skobank-8-kladkrokar-1-forvaringsvaska-svart-brun.webp?fit=800%2C800&ssl=1","contentUrl":"https:\/\/i0.wp.com\/truusk.store\/wp-content\/uploads\/2024\/02\/industriell-design-garderob-1-anteckningstavla-1-skobank-8-kladkrokar-1-forvaringsvaska-svart-brun.webp?fit=800%2C800&ssl=1","width":800,"height":800,"caption":"Industriell Design Garderob, 1 Anteckningstavla, 1 Skob\u00e4nk, 8 Kl\u00e4dkrokar, 1 F\u00f6rvaringsv\u00e4ska, Svart + Brun 1"},{"@type":"BreadcrumbList","@id":"https:\/\/truusk.store\/sv\/produkt\/truusk-industriell-design-garderob-anteckningstavla-och-skobank-8-kladkrokar-forvaringsvaska-svart-och-brun\/#breadcrumb","itemListElement":[{"@type":"ListItem","position":1,"name":"Home","item":"https:\/\/truusk.store\/sv\/"},{"@type":"ListItem","position":2,"name":"Shop","item":"https:\/\/truusk.store\/shop\/"},{"@type":"ListItem","position":3,"name":"TRUUSK Industriell Design Garderob &#8211; Anteckningstavla och Skob\u00e4nk &#8211; 8 Kl\u00e4dkrokar &#8211; F\u00f6rvaringsv\u00e4ska &#8211; Svart och Brun"}]},{"@type":"WebSite","@id":"https:\/\/truusk.store\/sv\/#website","url":"https:\/\/truusk.store\/sv\/","name":"TRUUSK - Hem, Tr\u00e4dg\u00e5rd & Fritid","description":"","publisher":{"@id":"https:\/\/truusk.store\/sv\/#organization"},"potentialAction":[{"@type":"SearchAction","target":{"@type":"EntryPoint","urlTemplate":"https:\/\/truusk.store\/sv\/?s={search_term_string}"},"query-input":{"@type":"PropertyValueSpecification","valueRequired":true,"valueName":"search_term_string"}}],"inLanguage":"sv-SE"},{"@type":"Organization","@id":"https:\/\/truusk.store\/sv\/#organization","name":"TRUUSK - Hem, Tr\u00e4dg\u00e5rd & Fritid","url":"https:\/\/truusk.store\/sv\/","logo":{"@type":"ImageObject","inLanguage":"sv-SE","@id":"https:\/\/truusk.store\/sv\/#\/schema\/logo\/image\/","url":"https:\/\/i0.wp.com\/truusk.store\/wp-content\/uploads\/2026\/03\/cropped-TRUUSK.png?fit=2032%2C917&ssl=1","contentUrl":"https:\/\/i0.wp.com\/truusk.store\/wp-content\/uploads\/2026\/03\/cropped-TRUUSK.png?fit=2032%2C917&ssl=1","width":2032,"height":917,"caption":"TRUUSK - Hem, Tr\u00e4dg\u00e5rd & Fritid"},"image":{"@id":"https:\/\/truusk.store\/sv\/#\/schema\/logo\/image\/"}}]}},"jetpack_sharing_enabled":true,"_links":{"self":[{"href":"https:\/\/truusk.store\/sv\/wp-json\/wp\/v2\/product\/36462","targetHints":{"allow":["GET"]}}],"collection":[{"href":"https:\/\/truusk.store\/sv\/wp-json\/wp\/v2\/product"}],"about":[{"href":"https:\/\/truusk.store\/sv\/wp-json\/wp\/v2\/types\/product"}],"wp:featuredmedia":[{"embeddable":true,"href":"https:\/\/truusk.store\/sv\/wp-json\/wp\/v2\/media\/36463"}],"wp:attachment":[{"href":"https:\/\/truusk.store\/sv\/wp-json\/wp\/v2\/media?parent=36462"}],"wp:term":[{"taxonomy":"product_brand","embeddable":true,"href":"https:\/\/truusk.store\/sv\/wp-json\/wp\/v2\/product_brand?post=36462"},{"taxonomy":"product_cat","embeddable":true,"href":"https:\/\/truusk.store\/sv\/wp-json\/wp\/v2\/product_cat?post=36462"},{"taxonomy":"product_tag","embeddable":true,"href":"https:\/\/truusk.store\/sv\/wp-json\/wp\/v2\/product_tag?post=36462"}],"curies":[{"name":"wp","href":"https:\/\/api.w.org\/{rel}","templated":true}]}}