{"id":36533,"date":"2024-02-14T00:17:36","date_gmt":"2024-02-13T23:17:36","guid":{"rendered":"https:\/\/truusk.store\/product\/koksvagn-med-4-hyllor-4-flexibla-krokar-4-hjul-40-cm-x-19-cm-x-90-cm-nischvagn-vit\/"},"modified":"2026-03-12T09:12:41","modified_gmt":"2026-03-12T08:12:41","slug":"truusk-koksvagn-med-4-hyllor-flexibla-krokar-4-hjul-40x19x90-cm-vit-nischvagn","status":"publish","type":"product","link":"https:\/\/truusk.store\/sv\/produkt\/truusk-koksvagn-med-4-hyllor-flexibla-krokar-4-hjul-40x19x90-cm-vit-nischvagn\/","title":{"rendered":"TRUUSK K\u00f6ksvagn Med 4 Hyllor &#8211; Flexibla Krokar &#8211; 4 Hjul &#8211; 40x19x90 cm &#8211; Vit &#8211; Nischvagn"},"content":{"rendered":"<p>Denna vagn \u00e4r kompakt och idealisk f\u00f6r sm\u00e5 utrymmen som beh\u00f6ver mer f\u00f6rvaringsutrymme. De fyra hyllorna och fyra avtagbara krokarna ger gott om plats f\u00f6r k\u00f6kstillbeh\u00f6r och mat. Tack vare de mjukt l\u00f6pande hjulen kan du flytta den dit det beh\u00f6vs som mest. Den passar som k\u00f6ksbord, som serveringsvagn och mycket mer.<\/p>\n<h3>Beskrivning:<\/h3>\n<ul>\n<li>Fyra hyllplan ger gott om plats f\u00f6r material och tillbeh\u00f6r<\/li>\n<li>Fyra avtagbara krokar kan h\u00e4ngas p\u00e5 vilken niv\u00e5 som helst<\/li>\n<li>L\u00e4mplig f\u00f6r k\u00f6k, matsal, sovrum, vardagsrum, tv\u00e4ttstuga, garage och badrum<\/li>\n<li>4 mjukt l\u00f6pande hjul s\u00e4kerst\u00e4ller r\u00f6rlighet, varav tv\u00e5 \u00e4r l\u00e5sbara<\/li>\n<li>Tillverkad av st\u00e5lram och ABS f\u00f6r h\u00e5llbarhet<\/li>\n<li>Montering kr\u00e4vs<\/li>\n<\/ul>\n<h3>Teknisk data:<\/h3>\n<ul>\n<li>F\u00e4rg vit<\/li>\n<li>Material: st\u00e5l, ABS<\/li>\n<li>\u00d6vergripande m\u00e5tt: 40L x 19W x 90H cm<\/li>\n<li>Korgstorlek: 40L x 18W x 7H cm<\/li>\n<li>H\u00f6jd p\u00e5 varje v\u00e5ning: 19 cm<\/li>\n<li>Viktkapacitet: 12,3 kg (full), 3 kg (korg), 0,1 kg (krok)<\/li>\n<\/ul>\n<h3>Leveransens omfattning:<\/h3>\n<ul>\n<li>1 x vagn<\/li>\n<li>1 x manuell<\/li>\n<\/ul>\n","protected":false},"excerpt":{"rendered":"<p>Denna vagn \u00e4r kompakt och idealisk f\u00f6r sm\u00e5 utrymmen som beh\u00f6ver mer f\u00f6rvaringsutrymme. De fyra hyllorna och fyra avtagbara krokarna&#8230;<\/p>\n","protected":false},"featured_media":36534,"template":"","meta":[],"product_brand":[],"product_cat":[485,503,501],"product_tag":[],"class_list":{"0":"post-36533","1":"product","2":"type-product","3":"status-publish","4":"has-post-thumbnail","6":"product_cat-hus-bo","7":"product_cat-serveringsvagn","8":"product_cat-tabeller","10":"first","11":"instock","12":"sale","13":"taxable","14":"shipping-taxable","15":"purchasable","16":"product-type-simple"},"yoast_head":"<!-- This site is optimized with the Yoast SEO plugin v25.4 - https:\/\/yoast.com\/wordpress\/plugins\/seo\/ -->\n<title>TRUUSK K\u00f6ksvagn Med 4 Hyllor - Flexibla Krokar - 4 Hjul - 40x19x90 cm - Vit - Nischvagn - TRUUSK - Hem, Tr\u00e4dg\u00e5rd &amp; Fritid<\/title>\n<meta name=\"robots\" content=\"index, follow, max-snippet:-1, max-image-preview:large, max-video-preview:-1\" \/>\n<link rel=\"canonical\" href=\"https:\/\/truusk.store\/sv\/produkt\/truusk-koksvagn-med-4-hyllor-flexibla-krokar-4-hjul-40x19x90-cm-vit-nischvagn\/\" \/>\n<meta property=\"og:locale\" content=\"sv_SE\" \/>\n<meta property=\"og:type\" content=\"article\" \/>\n<meta property=\"og:title\" content=\"TRUUSK K\u00f6ksvagn Med 4 Hyllor - Flexibla Krokar - 4 Hjul - 40x19x90 cm - Vit - Nischvagn - TRUUSK - Hem, Tr\u00e4dg\u00e5rd &amp; Fritid\" \/>\n<meta property=\"og:description\" content=\"Denna vagn \u00e4r kompakt och idealisk f\u00f6r sm\u00e5 utrymmen som beh\u00f6ver mer f\u00f6rvaringsutrymme. De fyra hyllorna och fyra avtagbara krokarna...\" \/>\n<meta property=\"og:url\" content=\"https:\/\/truusk.store\/sv\/produkt\/truusk-koksvagn-med-4-hyllor-flexibla-krokar-4-hjul-40x19x90-cm-vit-nischvagn\/\" \/>\n<meta property=\"og:site_name\" content=\"TRUUSK - Hem, Tr\u00e4dg\u00e5rd &amp; Fritid\" \/>\n<meta property=\"article:modified_time\" content=\"2026-03-12T08:12:41+00:00\" \/>\n<meta property=\"og:image\" content=\"https:\/\/i0.wp.com\/truusk.se\/wp-content\/uploads\/2024\/02\/koksvagn-med-4-hyllor-4-flexibla-krokar-4-hjul-40-cm-x-19-cm-x-90-cm-nischvagn-vit.webp?fit=800%2C800&ssl=1\" \/>\n\t<meta property=\"og:image:width\" content=\"800\" \/>\n\t<meta property=\"og:image:height\" content=\"800\" \/>\n\t<meta property=\"og:image:type\" content=\"image\/webp\" \/>\n<meta name=\"twitter:card\" content=\"summary_large_image\" \/>\n<meta name=\"twitter:label1\" content=\"Ber\u00e4knad l\u00e4stid\" \/>\n\t<meta name=\"twitter:data1\" content=\"1 minut\" \/>\n<!-- \/ Yoast SEO plugin. -->","yoast_head_json":{"title":"TRUUSK K\u00f6ksvagn Med 4 Hyllor - Flexibla Krokar - 4 Hjul - 40x19x90 cm - Vit - Nischvagn - TRUUSK - Hem, Tr\u00e4dg\u00e5rd &amp; Fritid","robots":{"index":"index","follow":"follow","max-snippet":"max-snippet:-1","max-image-preview":"max-image-preview:large","max-video-preview":"max-video-preview:-1"},"canonical":"https:\/\/truusk.store\/sv\/produkt\/truusk-koksvagn-med-4-hyllor-flexibla-krokar-4-hjul-40x19x90-cm-vit-nischvagn\/","og_locale":"sv_SE","og_type":"article","og_title":"TRUUSK K\u00f6ksvagn Med 4 Hyllor - Flexibla Krokar - 4 Hjul - 40x19x90 cm - Vit - Nischvagn - TRUUSK - Hem, Tr\u00e4dg\u00e5rd &amp; Fritid","og_description":"Denna vagn \u00e4r kompakt och idealisk f\u00f6r sm\u00e5 utrymmen som beh\u00f6ver mer f\u00f6rvaringsutrymme. De fyra hyllorna och fyra avtagbara krokarna...","og_url":"https:\/\/truusk.store\/sv\/produkt\/truusk-koksvagn-med-4-hyllor-flexibla-krokar-4-hjul-40x19x90-cm-vit-nischvagn\/","og_site_name":"TRUUSK - Hem, Tr\u00e4dg\u00e5rd &amp; Fritid","article_modified_time":"2026-03-12T08:12:41+00:00","og_image":[{"width":800,"height":800,"url":"https:\/\/i0.wp.com\/truusk.se\/wp-content\/uploads\/2024\/02\/koksvagn-med-4-hyllor-4-flexibla-krokar-4-hjul-40-cm-x-19-cm-x-90-cm-nischvagn-vit.webp?fit=800%2C800&ssl=1","type":"image\/webp"}],"twitter_card":"summary_large_image","twitter_misc":{"Ber\u00e4knad l\u00e4stid":"1 minut"},"schema":{"@context":"https:\/\/schema.org","@graph":[{"@type":"WebPage","@id":"https:\/\/truusk.store\/sv\/produkt\/truusk-koksvagn-med-4-hyllor-flexibla-krokar-4-hjul-40x19x90-cm-vit-nischvagn\/","url":"https:\/\/truusk.store\/sv\/produkt\/truusk-koksvagn-med-4-hyllor-flexibla-krokar-4-hjul-40x19x90-cm-vit-nischvagn\/","name":"TRUUSK K\u00f6ksvagn Med 4 Hyllor - Flexibla Krokar - 4 Hjul - 40x19x90 cm - Vit - Nischvagn - TRUUSK - Hem, Tr\u00e4dg\u00e5rd &amp; Fritid","isPartOf":{"@id":"https:\/\/truusk.store\/sv\/#website"},"primaryImageOfPage":{"@id":"https:\/\/truusk.store\/sv\/produkt\/truusk-koksvagn-med-4-hyllor-flexibla-krokar-4-hjul-40x19x90-cm-vit-nischvagn\/#primaryimage"},"image":{"@id":"https:\/\/truusk.store\/sv\/produkt\/truusk-koksvagn-med-4-hyllor-flexibla-krokar-4-hjul-40x19x90-cm-vit-nischvagn\/#primaryimage"},"thumbnailUrl":"https:\/\/i0.wp.com\/truusk.store\/wp-content\/uploads\/2024\/02\/koksvagn-med-4-hyllor-4-flexibla-krokar-4-hjul-40-cm-x-19-cm-x-90-cm-nischvagn-vit.webp?fit=800%2C800&ssl=1","datePublished":"2024-02-13T23:17:36+00:00","dateModified":"2026-03-12T08:12:41+00:00","breadcrumb":{"@id":"https:\/\/truusk.store\/sv\/produkt\/truusk-koksvagn-med-4-hyllor-flexibla-krokar-4-hjul-40x19x90-cm-vit-nischvagn\/#breadcrumb"},"inLanguage":"sv-SE","potentialAction":[{"@type":"ReadAction","target":["https:\/\/truusk.store\/sv\/produkt\/truusk-koksvagn-med-4-hyllor-flexibla-krokar-4-hjul-40x19x90-cm-vit-nischvagn\/"]}]},{"@type":"ImageObject","inLanguage":"sv-SE","@id":"https:\/\/truusk.store\/sv\/produkt\/truusk-koksvagn-med-4-hyllor-flexibla-krokar-4-hjul-40x19x90-cm-vit-nischvagn\/#primaryimage","url":"https:\/\/i0.wp.com\/truusk.store\/wp-content\/uploads\/2024\/02\/koksvagn-med-4-hyllor-4-flexibla-krokar-4-hjul-40-cm-x-19-cm-x-90-cm-nischvagn-vit.webp?fit=800%2C800&ssl=1","contentUrl":"https:\/\/i0.wp.com\/truusk.store\/wp-content\/uploads\/2024\/02\/koksvagn-med-4-hyllor-4-flexibla-krokar-4-hjul-40-cm-x-19-cm-x-90-cm-nischvagn-vit.webp?fit=800%2C800&ssl=1","width":800,"height":800,"caption":"K\u00f6ksvagn Med 4 Hyllor, 4 Flexibla Krokar, 4 Hjul, 40 Cm X 19 Cm X 90 Cm, Nischvagn, Vit 1"},{"@type":"BreadcrumbList","@id":"https:\/\/truusk.store\/sv\/produkt\/truusk-koksvagn-med-4-hyllor-flexibla-krokar-4-hjul-40x19x90-cm-vit-nischvagn\/#breadcrumb","itemListElement":[{"@type":"ListItem","position":1,"name":"Home","item":"https:\/\/truusk.store\/sv\/"},{"@type":"ListItem","position":2,"name":"Shop","item":"https:\/\/truusk.store\/shop\/"},{"@type":"ListItem","position":3,"name":"TRUUSK K\u00f6ksvagn Med 4 Hyllor &#8211; Flexibla Krokar &#8211; 4 Hjul &#8211; 40x19x90 cm &#8211; Vit &#8211; Nischvagn"}]},{"@type":"WebSite","@id":"https:\/\/truusk.store\/sv\/#website","url":"https:\/\/truusk.store\/sv\/","name":"TRUUSK - Hem, Tr\u00e4dg\u00e5rd & Fritid","description":"","publisher":{"@id":"https:\/\/truusk.store\/sv\/#organization"},"potentialAction":[{"@type":"SearchAction","target":{"@type":"EntryPoint","urlTemplate":"https:\/\/truusk.store\/sv\/?s={search_term_string}"},"query-input":{"@type":"PropertyValueSpecification","valueRequired":true,"valueName":"search_term_string"}}],"inLanguage":"sv-SE"},{"@type":"Organization","@id":"https:\/\/truusk.store\/sv\/#organization","name":"TRUUSK - Hem, Tr\u00e4dg\u00e5rd & Fritid","url":"https:\/\/truusk.store\/sv\/","logo":{"@type":"ImageObject","inLanguage":"sv-SE","@id":"https:\/\/truusk.store\/sv\/#\/schema\/logo\/image\/","url":"https:\/\/i0.wp.com\/truusk.store\/wp-content\/uploads\/2026\/03\/cropped-TRUUSK.png?fit=2032%2C917&ssl=1","contentUrl":"https:\/\/i0.wp.com\/truusk.store\/wp-content\/uploads\/2026\/03\/cropped-TRUUSK.png?fit=2032%2C917&ssl=1","width":2032,"height":917,"caption":"TRUUSK - Hem, Tr\u00e4dg\u00e5rd & Fritid"},"image":{"@id":"https:\/\/truusk.store\/sv\/#\/schema\/logo\/image\/"}}]}},"jetpack_sharing_enabled":true,"_links":{"self":[{"href":"https:\/\/truusk.store\/sv\/wp-json\/wp\/v2\/product\/36533","targetHints":{"allow":["GET"]}}],"collection":[{"href":"https:\/\/truusk.store\/sv\/wp-json\/wp\/v2\/product"}],"about":[{"href":"https:\/\/truusk.store\/sv\/wp-json\/wp\/v2\/types\/product"}],"wp:featuredmedia":[{"embeddable":true,"href":"https:\/\/truusk.store\/sv\/wp-json\/wp\/v2\/media\/36534"}],"wp:attachment":[{"href":"https:\/\/truusk.store\/sv\/wp-json\/wp\/v2\/media?parent=36533"}],"wp:term":[{"taxonomy":"product_brand","embeddable":true,"href":"https:\/\/truusk.store\/sv\/wp-json\/wp\/v2\/product_brand?post=36533"},{"taxonomy":"product_cat","embeddable":true,"href":"https:\/\/truusk.store\/sv\/wp-json\/wp\/v2\/product_cat?post=36533"},{"taxonomy":"product_tag","embeddable":true,"href":"https:\/\/truusk.store\/sv\/wp-json\/wp\/v2\/product_tag?post=36533"}],"curies":[{"name":"wp","href":"https:\/\/api.w.org\/{rel}","templated":true}]}}