{"id":36545,"date":"2024-02-14T00:17:56","date_gmt":"2024-02-13T23:17:56","guid":{"rendered":"https:\/\/truusk.store\/product\/parasollstall-med-rulle-kan-fyllas-upp-till-20-kg-paraplystall-for-parasollstolpar-38-48-mm-parasollfot-for-tradgardsterrass-balkong-svart-45-x-45\/"},"modified":"2026-03-12T09:12:41","modified_gmt":"2026-03-12T08:12:41","slug":"truusk-parasollstall-med-rulle-fyllbar-upp-till-20-kg-for-parasollstolpar-38-48-mm-svart-45-x-45","status":"publish","type":"product","link":"https:\/\/truusk.store\/sv\/produkt\/truusk-parasollstall-med-rulle-fyllbar-upp-till-20-kg-for-parasollstolpar-38-48-mm-svart-45-x-45\/","title":{"rendered":"TRUUSK Parasollst\u00e4ll med Rulle &#8211; Fyllbar upp till 20 kg &#8211; F\u00f6r parasollstolpar 38\/48 mm &#8211; Svart &#8211; 45 x 45"},"content":{"rendered":"<p>Se till att ditt paraply alltid sitter stadigt p\u00e5 plats med denna paraplybas. Den \u00e4r tillverkad av slitstark, robust plast och m\u00e5ste fyllas med vatten eller sand f\u00f6r att \u00f6ka vikten och s\u00e4kerst\u00e4lla tillr\u00e4cklig stabilitet utomhus. 4 mjukt l\u00f6pande hjul ger den h\u00f6g r\u00f6rlighet vid behov. Oavsett om du vill anv\u00e4nda den i tr\u00e4dg\u00e5rden, p\u00e5 altanen eller vid poolen \u00e4r detta den r\u00e4tta paraplybasen f\u00f6r dig.<\/p>\n<h3>Beskrivning:<\/h3>\n<ul>\n<li>L\u00e4mplig paraplyram f\u00f6r uteplatsparaplyer<\/li>\n<li>Tillverkad av slitstark HDPE-plast med en skyddande bel\u00e4ggning f\u00f6r utomhusbruk<\/li>\n<li>V\u00e4ger upp till 16kg\/18kg\/20kg n\u00e4r den \u00e4r fylld med vatten\/sand\/sand och vatten<\/li>\n<li>Tack vare \u00f6ppningen \u00e4r basen l\u00e4tt att fylla och reng\u00f6ra<\/li>\n<li>Fyra hjul, varav tv\u00e5 har bromsar, s\u00e4kerst\u00e4ller enkel r\u00f6relse<\/li>\n<li>L\u00e4mplig f\u00f6r anv\u00e4ndning i tr\u00e4dg\u00e5rden, uteplatsen, poolen eller andra utomhusomr\u00e5den<\/li>\n<li>Montering kr\u00e4vs<\/li>\n<li>Obs: V\u00e4nligen m\u00e4t diametern p\u00e5 din parasollst\u00e5ng i f\u00f6rv\u00e4g f\u00f6r att s\u00e4kerst\u00e4lla att parasollstativet har r\u00e4tt storlek f\u00f6r ditt paraply.<\/li>\n<\/ul>\n<h3>Teknisk data:<\/h3>\n<ul>\n<li>Svart f\u00e4rg<\/li>\n<li>Material: HDPE<\/li>\n<li>Totalstorlek: 45L x 45W x 39H cm<\/li>\n<li>Vikt efter fyllning: 16 kg (vatten), 18 kg (sand), 20 kg (sand och vatten)<\/li>\n<li>L\u00e4mplig f\u00f6r paraplyst\u00e4nger: 22 mm till 38 mm<\/li>\n<\/ul>\n<h3>Leveransens omfattning:<\/h3>\n<ul>\n<li>1 x Parasollst\u00e4ll<\/li>\n<li>1 x Instruktioner<\/li>\n<\/ul>\n","protected":false},"excerpt":{"rendered":"<p>Se till att ditt paraply alltid sitter stadigt p\u00e5 plats med denna paraplybas. Den \u00e4r tillverkad av slitstark, robust plast&#8230;<\/p>\n","protected":false},"featured_media":36546,"template":"","meta":[],"product_brand":[],"product_cat":[723,472,471,435],"product_tag":[],"class_list":{"0":"post-36545","1":"product","2":"type-product","3":"status-publish","4":"has-post-thumbnail","6":"product_cat-paraplystall","7":"product_cat-parasoller","8":"product_cat-solskydd-integritetsskydd","9":"product_cat-tradgard-och-terrass","11":"first","12":"instock","13":"sale","14":"taxable","15":"shipping-taxable","16":"purchasable","17":"product-type-simple"},"yoast_head":"<!-- This site is optimized with the Yoast SEO plugin v25.4 - https:\/\/yoast.com\/wordpress\/plugins\/seo\/ -->\n<title>TRUUSK Parasollst\u00e4ll med Rulle - Fyllbar upp till 20 kg - F\u00f6r parasollstolpar 38\/48 mm - Svart - 45 x 45 - TRUUSK - Hem, Tr\u00e4dg\u00e5rd &amp; Fritid<\/title>\n<meta name=\"robots\" content=\"index, follow, max-snippet:-1, max-image-preview:large, max-video-preview:-1\" \/>\n<link rel=\"canonical\" href=\"https:\/\/truusk.store\/sv\/produkt\/truusk-parasollstall-med-rulle-fyllbar-upp-till-20-kg-for-parasollstolpar-38-48-mm-svart-45-x-45\/\" \/>\n<meta property=\"og:locale\" content=\"sv_SE\" \/>\n<meta property=\"og:type\" content=\"article\" \/>\n<meta property=\"og:title\" content=\"TRUUSK Parasollst\u00e4ll med Rulle - Fyllbar upp till 20 kg - F\u00f6r parasollstolpar 38\/48 mm - Svart - 45 x 45 - TRUUSK - Hem, Tr\u00e4dg\u00e5rd &amp; Fritid\" \/>\n<meta property=\"og:description\" content=\"Se till att ditt paraply alltid sitter stadigt p\u00e5 plats med denna paraplybas. Den \u00e4r tillverkad av slitstark, robust plast...\" \/>\n<meta property=\"og:url\" content=\"https:\/\/truusk.store\/sv\/produkt\/truusk-parasollstall-med-rulle-fyllbar-upp-till-20-kg-for-parasollstolpar-38-48-mm-svart-45-x-45\/\" \/>\n<meta property=\"og:site_name\" content=\"TRUUSK - Hem, Tr\u00e4dg\u00e5rd &amp; Fritid\" \/>\n<meta property=\"article:modified_time\" content=\"2026-03-12T08:12:41+00:00\" \/>\n<meta property=\"og:image\" content=\"https:\/\/i0.wp.com\/truusk.se\/wp-content\/uploads\/2024\/02\/parasollstall-med-rulle-kan-fyllas-upp-till-20-kg-paraplystall-for-parasollstolpar-38-48-mm-parasollfot-for-tradgardsterrass-balkong-svart-45-x-45.webp?fit=800%2C800&ssl=1\" \/>\n\t<meta property=\"og:image:width\" content=\"800\" \/>\n\t<meta property=\"og:image:height\" content=\"800\" \/>\n\t<meta property=\"og:image:type\" content=\"image\/webp\" \/>\n<meta name=\"twitter:card\" content=\"summary_large_image\" \/>\n<meta name=\"twitter:label1\" content=\"Ber\u00e4knad l\u00e4stid\" \/>\n\t<meta name=\"twitter:data1\" content=\"1 minut\" \/>\n<!-- \/ Yoast SEO plugin. -->","yoast_head_json":{"title":"TRUUSK Parasollst\u00e4ll med Rulle - Fyllbar upp till 20 kg - F\u00f6r parasollstolpar 38\/48 mm - Svart - 45 x 45 - TRUUSK - Hem, Tr\u00e4dg\u00e5rd &amp; Fritid","robots":{"index":"index","follow":"follow","max-snippet":"max-snippet:-1","max-image-preview":"max-image-preview:large","max-video-preview":"max-video-preview:-1"},"canonical":"https:\/\/truusk.store\/sv\/produkt\/truusk-parasollstall-med-rulle-fyllbar-upp-till-20-kg-for-parasollstolpar-38-48-mm-svart-45-x-45\/","og_locale":"sv_SE","og_type":"article","og_title":"TRUUSK Parasollst\u00e4ll med Rulle - Fyllbar upp till 20 kg - F\u00f6r parasollstolpar 38\/48 mm - Svart - 45 x 45 - TRUUSK - Hem, Tr\u00e4dg\u00e5rd &amp; Fritid","og_description":"Se till att ditt paraply alltid sitter stadigt p\u00e5 plats med denna paraplybas. Den \u00e4r tillverkad av slitstark, robust plast...","og_url":"https:\/\/truusk.store\/sv\/produkt\/truusk-parasollstall-med-rulle-fyllbar-upp-till-20-kg-for-parasollstolpar-38-48-mm-svart-45-x-45\/","og_site_name":"TRUUSK - Hem, Tr\u00e4dg\u00e5rd &amp; Fritid","article_modified_time":"2026-03-12T08:12:41+00:00","og_image":[{"width":800,"height":800,"url":"https:\/\/i0.wp.com\/truusk.se\/wp-content\/uploads\/2024\/02\/parasollstall-med-rulle-kan-fyllas-upp-till-20-kg-paraplystall-for-parasollstolpar-38-48-mm-parasollfot-for-tradgardsterrass-balkong-svart-45-x-45.webp?fit=800%2C800&ssl=1","type":"image\/webp"}],"twitter_card":"summary_large_image","twitter_misc":{"Ber\u00e4knad l\u00e4stid":"1 minut"},"schema":{"@context":"https:\/\/schema.org","@graph":[{"@type":"WebPage","@id":"https:\/\/truusk.store\/sv\/produkt\/truusk-parasollstall-med-rulle-fyllbar-upp-till-20-kg-for-parasollstolpar-38-48-mm-svart-45-x-45\/","url":"https:\/\/truusk.store\/sv\/produkt\/truusk-parasollstall-med-rulle-fyllbar-upp-till-20-kg-for-parasollstolpar-38-48-mm-svart-45-x-45\/","name":"TRUUSK Parasollst\u00e4ll med Rulle - Fyllbar upp till 20 kg - F\u00f6r parasollstolpar 38\/48 mm - Svart - 45 x 45 - TRUUSK - Hem, Tr\u00e4dg\u00e5rd &amp; Fritid","isPartOf":{"@id":"https:\/\/truusk.store\/sv\/#website"},"primaryImageOfPage":{"@id":"https:\/\/truusk.store\/sv\/produkt\/truusk-parasollstall-med-rulle-fyllbar-upp-till-20-kg-for-parasollstolpar-38-48-mm-svart-45-x-45\/#primaryimage"},"image":{"@id":"https:\/\/truusk.store\/sv\/produkt\/truusk-parasollstall-med-rulle-fyllbar-upp-till-20-kg-for-parasollstolpar-38-48-mm-svart-45-x-45\/#primaryimage"},"thumbnailUrl":"https:\/\/i0.wp.com\/truusk.store\/wp-content\/uploads\/2024\/02\/parasollstall-med-rulle-kan-fyllas-upp-till-20-kg-paraplystall-for-parasollstolpar-38-48-mm-parasollfot-for-tradgardsterrass-balkong-svart-45-x-45.webp?fit=800%2C800&ssl=1","datePublished":"2024-02-13T23:17:56+00:00","dateModified":"2026-03-12T08:12:41+00:00","breadcrumb":{"@id":"https:\/\/truusk.store\/sv\/produkt\/truusk-parasollstall-med-rulle-fyllbar-upp-till-20-kg-for-parasollstolpar-38-48-mm-svart-45-x-45\/#breadcrumb"},"inLanguage":"sv-SE","potentialAction":[{"@type":"ReadAction","target":["https:\/\/truusk.store\/sv\/produkt\/truusk-parasollstall-med-rulle-fyllbar-upp-till-20-kg-for-parasollstolpar-38-48-mm-svart-45-x-45\/"]}]},{"@type":"ImageObject","inLanguage":"sv-SE","@id":"https:\/\/truusk.store\/sv\/produkt\/truusk-parasollstall-med-rulle-fyllbar-upp-till-20-kg-for-parasollstolpar-38-48-mm-svart-45-x-45\/#primaryimage","url":"https:\/\/i0.wp.com\/truusk.store\/wp-content\/uploads\/2024\/02\/parasollstall-med-rulle-kan-fyllas-upp-till-20-kg-paraplystall-for-parasollstolpar-38-48-mm-parasollfot-for-tradgardsterrass-balkong-svart-45-x-45.webp?fit=800%2C800&ssl=1","contentUrl":"https:\/\/i0.wp.com\/truusk.store\/wp-content\/uploads\/2024\/02\/parasollstall-med-rulle-kan-fyllas-upp-till-20-kg-paraplystall-for-parasollstolpar-38-48-mm-parasollfot-for-tradgardsterrass-balkong-svart-45-x-45.webp?fit=800%2C800&ssl=1","width":800,"height":800,"caption":"Parasollst\u00e4ll Med Rulle Kan Fyllas Upp Till 20 Kg Paraplyst\u00e4ll F\u00f6r Parasollstolpar 38\/48 Mm Parasollfot F\u00f6r Tr\u00e4dg\u00e5rdsterrass Balkong Svart 45 X 45 1"},{"@type":"BreadcrumbList","@id":"https:\/\/truusk.store\/sv\/produkt\/truusk-parasollstall-med-rulle-fyllbar-upp-till-20-kg-for-parasollstolpar-38-48-mm-svart-45-x-45\/#breadcrumb","itemListElement":[{"@type":"ListItem","position":1,"name":"Home","item":"https:\/\/truusk.store\/sv\/"},{"@type":"ListItem","position":2,"name":"Shop","item":"https:\/\/truusk.store\/shop\/"},{"@type":"ListItem","position":3,"name":"TRUUSK Parasollst\u00e4ll med Rulle &#8211; Fyllbar upp till 20 kg &#8211; F\u00f6r parasollstolpar 38\/48 mm &#8211; Svart &#8211; 45 x 45"}]},{"@type":"WebSite","@id":"https:\/\/truusk.store\/sv\/#website","url":"https:\/\/truusk.store\/sv\/","name":"TRUUSK - Hem, Tr\u00e4dg\u00e5rd & Fritid","description":"","publisher":{"@id":"https:\/\/truusk.store\/sv\/#organization"},"potentialAction":[{"@type":"SearchAction","target":{"@type":"EntryPoint","urlTemplate":"https:\/\/truusk.store\/sv\/?s={search_term_string}"},"query-input":{"@type":"PropertyValueSpecification","valueRequired":true,"valueName":"search_term_string"}}],"inLanguage":"sv-SE"},{"@type":"Organization","@id":"https:\/\/truusk.store\/sv\/#organization","name":"TRUUSK - Hem, Tr\u00e4dg\u00e5rd & Fritid","url":"https:\/\/truusk.store\/sv\/","logo":{"@type":"ImageObject","inLanguage":"sv-SE","@id":"https:\/\/truusk.store\/sv\/#\/schema\/logo\/image\/","url":"https:\/\/i0.wp.com\/truusk.store\/wp-content\/uploads\/2026\/03\/cropped-TRUUSK.png?fit=2032%2C917&ssl=1","contentUrl":"https:\/\/i0.wp.com\/truusk.store\/wp-content\/uploads\/2026\/03\/cropped-TRUUSK.png?fit=2032%2C917&ssl=1","width":2032,"height":917,"caption":"TRUUSK - Hem, Tr\u00e4dg\u00e5rd & Fritid"},"image":{"@id":"https:\/\/truusk.store\/sv\/#\/schema\/logo\/image\/"}}]}},"jetpack_sharing_enabled":true,"_links":{"self":[{"href":"https:\/\/truusk.store\/sv\/wp-json\/wp\/v2\/product\/36545","targetHints":{"allow":["GET"]}}],"collection":[{"href":"https:\/\/truusk.store\/sv\/wp-json\/wp\/v2\/product"}],"about":[{"href":"https:\/\/truusk.store\/sv\/wp-json\/wp\/v2\/types\/product"}],"wp:featuredmedia":[{"embeddable":true,"href":"https:\/\/truusk.store\/sv\/wp-json\/wp\/v2\/media\/36546"}],"wp:attachment":[{"href":"https:\/\/truusk.store\/sv\/wp-json\/wp\/v2\/media?parent=36545"}],"wp:term":[{"taxonomy":"product_brand","embeddable":true,"href":"https:\/\/truusk.store\/sv\/wp-json\/wp\/v2\/product_brand?post=36545"},{"taxonomy":"product_cat","embeddable":true,"href":"https:\/\/truusk.store\/sv\/wp-json\/wp\/v2\/product_cat?post=36545"},{"taxonomy":"product_tag","embeddable":true,"href":"https:\/\/truusk.store\/sv\/wp-json\/wp\/v2\/product_tag?post=36545"}],"curies":[{"name":"wp","href":"https:\/\/api.w.org\/{rel}","templated":true}]}}