{"id":36555,"date":"2024-02-14T00:18:14","date_gmt":"2024-02-13T23:18:14","guid":{"rendered":"https:\/\/truusk.store\/product\/hangstolsoverdrag-vattentat-115-cm-x-115-cm-x-190-cm\/"},"modified":"2026-03-12T09:12:42","modified_gmt":"2026-03-12T08:12:42","slug":"truusk-vattentat-hangstolsoverdrag-uv-skydd-115-cm-x-115-cm-x-190-cm","status":"publish","type":"product","link":"https:\/\/truusk.store\/sv\/produkt\/truusk-vattentat-hangstolsoverdrag-uv-skydd-115-cm-x-115-cm-x-190-cm\/","title":{"rendered":"TRUUSK Vattent\u00e4t H\u00e4ngstols\u00f6verdrag &#8211; UV-skydd &#8211; 115 cm x 115 cm x 190 cm"},"content":{"rendered":"<p>Skydda din tr\u00e4dg\u00e5rdsh\u00e4ngande stol utomhus med detta \u00f6verdrag. Den \u00e4r gjord av Oxford-tyg med h\u00f6g densitet och har en silverbel\u00e4ggning som skyddar mot sol, regn, vind och f\u00e5gelspillning. Det l\u00e4tta skydds\u00f6verdraget kan enkelt tas p\u00e5 och av, s\u00e5 det \u00e4r inga problem. Skydda din h\u00e4nggunga fr\u00e5n skador, \u00f6verdraget till h\u00e4ngande stolar hj\u00e4lper dig att njuta av din h\u00e4ngstol l\u00e4ngre.<\/p>\n<h3>Beskrivning:<\/h3>\n<ul>\n<li>\u00d6verdrag av 210D Oxford-tyg<\/li>\n<li>Utrustad med silverbel\u00e4ggning f\u00f6r att skydda mot vatten och damm<\/li>\n<li>Elastisk sn\u00f6re med v\u00e4xel f\u00f6r att s\u00e4kra locket<\/li>\n<li>Perfekt f\u00f6r att skydda m\u00f6bler fr\u00e5n sol, regn, vind och f\u00e5gelspillning<\/li>\n<li>L\u00e4tt att ta av och p\u00e5 tack vare en smidig dragkedja<\/li>\n<li>Den vikbara designen m\u00f6jligg\u00f6r enkel f\u00f6rvaring<\/li>\n<li>L\u00e4tt att reng\u00f6ra med en fuktig trasa<\/li>\n<li>Ingen montering kr\u00e4vs<\/li>\n<\/ul>\n<h3>Teknisk data:<\/h3>\n<ul>\n<li>Svart f\u00e4rg<\/li>\n<li>Material: Oxford tyg<\/li>\n<li>\u00d6vergripande m\u00e5tt: 115 x 190H cm<\/li>\n<li>Dragkedjans l\u00e4ngd: 145 cm<\/li>\n<\/ul>\n<h3>Leveransens omfattning:<\/h3>\n<ul>\n<li>1 x M\u00f6bel\u00f6verdrag<\/li>\n<li>1 x f\u00f6rvaringsv\u00e4ska<\/li>\n<li>1 x Instruktioner<\/li>\n<\/ul>\n","protected":false},"excerpt":{"rendered":"<p>Skydda din tr\u00e4dg\u00e5rdsh\u00e4ngande stol utomhus med detta \u00f6verdrag. Den \u00e4r gjord av Oxford-tyg med h\u00f6g densitet och har en silverbel\u00e4ggning&#8230;<\/p>\n","protected":false},"featured_media":36556,"template":"","meta":[],"product_brand":[],"product_cat":[460,435,450],"product_tag":[],"class_list":{"0":"post-36555","1":"product","2":"type-product","3":"status-publish","4":"has-post-thumbnail","6":"product_cat-hangmattor-hangstolar","7":"product_cat-tradgard-och-terrass","8":"product_cat-tradgardsmobler","10":"first","11":"instock","12":"sale","13":"taxable","14":"shipping-taxable","15":"purchasable","16":"product-type-simple"},"yoast_head":"<!-- This site is optimized with the Yoast SEO plugin v25.4 - https:\/\/yoast.com\/wordpress\/plugins\/seo\/ -->\n<title>TRUUSK Vattent\u00e4t H\u00e4ngstols\u00f6verdrag - UV-skydd - 115 cm x 115 cm x 190 cm - TRUUSK - Hem, Tr\u00e4dg\u00e5rd &amp; Fritid<\/title>\n<meta name=\"robots\" content=\"index, follow, max-snippet:-1, max-image-preview:large, max-video-preview:-1\" \/>\n<link rel=\"canonical\" href=\"https:\/\/truusk.store\/sv\/produkt\/truusk-vattentat-hangstolsoverdrag-uv-skydd-115-cm-x-115-cm-x-190-cm\/\" \/>\n<meta property=\"og:locale\" content=\"sv_SE\" \/>\n<meta property=\"og:type\" content=\"article\" \/>\n<meta property=\"og:title\" content=\"TRUUSK Vattent\u00e4t H\u00e4ngstols\u00f6verdrag - UV-skydd - 115 cm x 115 cm x 190 cm - TRUUSK - Hem, Tr\u00e4dg\u00e5rd &amp; Fritid\" \/>\n<meta property=\"og:description\" content=\"Skydda din tr\u00e4dg\u00e5rdsh\u00e4ngande stol utomhus med detta \u00f6verdrag. Den \u00e4r gjord av Oxford-tyg med h\u00f6g densitet och har en silverbel\u00e4ggning...\" \/>\n<meta property=\"og:url\" content=\"https:\/\/truusk.store\/sv\/produkt\/truusk-vattentat-hangstolsoverdrag-uv-skydd-115-cm-x-115-cm-x-190-cm\/\" \/>\n<meta property=\"og:site_name\" content=\"TRUUSK - Hem, Tr\u00e4dg\u00e5rd &amp; Fritid\" \/>\n<meta property=\"article:modified_time\" content=\"2026-03-12T08:12:42+00:00\" \/>\n<meta property=\"og:image\" content=\"https:\/\/i0.wp.com\/truusk.se\/wp-content\/uploads\/2024\/02\/hangstolsoverdrag-vattentat-115-cm-x-115-cm-x-190-cm.webp?fit=800%2C800&ssl=1\" \/>\n\t<meta property=\"og:image:width\" content=\"800\" \/>\n\t<meta property=\"og:image:height\" content=\"800\" \/>\n\t<meta property=\"og:image:type\" content=\"image\/webp\" \/>\n<meta name=\"twitter:card\" content=\"summary_large_image\" \/>\n<meta name=\"twitter:label1\" content=\"Ber\u00e4knad l\u00e4stid\" \/>\n\t<meta name=\"twitter:data1\" content=\"1 minut\" \/>\n<!-- \/ Yoast SEO plugin. -->","yoast_head_json":{"title":"TRUUSK Vattent\u00e4t H\u00e4ngstols\u00f6verdrag - UV-skydd - 115 cm x 115 cm x 190 cm - TRUUSK - Hem, Tr\u00e4dg\u00e5rd &amp; Fritid","robots":{"index":"index","follow":"follow","max-snippet":"max-snippet:-1","max-image-preview":"max-image-preview:large","max-video-preview":"max-video-preview:-1"},"canonical":"https:\/\/truusk.store\/sv\/produkt\/truusk-vattentat-hangstolsoverdrag-uv-skydd-115-cm-x-115-cm-x-190-cm\/","og_locale":"sv_SE","og_type":"article","og_title":"TRUUSK Vattent\u00e4t H\u00e4ngstols\u00f6verdrag - UV-skydd - 115 cm x 115 cm x 190 cm - TRUUSK - Hem, Tr\u00e4dg\u00e5rd &amp; Fritid","og_description":"Skydda din tr\u00e4dg\u00e5rdsh\u00e4ngande stol utomhus med detta \u00f6verdrag. Den \u00e4r gjord av Oxford-tyg med h\u00f6g densitet och har en silverbel\u00e4ggning...","og_url":"https:\/\/truusk.store\/sv\/produkt\/truusk-vattentat-hangstolsoverdrag-uv-skydd-115-cm-x-115-cm-x-190-cm\/","og_site_name":"TRUUSK - Hem, Tr\u00e4dg\u00e5rd &amp; Fritid","article_modified_time":"2026-03-12T08:12:42+00:00","og_image":[{"width":800,"height":800,"url":"https:\/\/i0.wp.com\/truusk.se\/wp-content\/uploads\/2024\/02\/hangstolsoverdrag-vattentat-115-cm-x-115-cm-x-190-cm.webp?fit=800%2C800&ssl=1","type":"image\/webp"}],"twitter_card":"summary_large_image","twitter_misc":{"Ber\u00e4knad l\u00e4stid":"1 minut"},"schema":{"@context":"https:\/\/schema.org","@graph":[{"@type":"WebPage","@id":"https:\/\/truusk.store\/sv\/produkt\/truusk-vattentat-hangstolsoverdrag-uv-skydd-115-cm-x-115-cm-x-190-cm\/","url":"https:\/\/truusk.store\/sv\/produkt\/truusk-vattentat-hangstolsoverdrag-uv-skydd-115-cm-x-115-cm-x-190-cm\/","name":"TRUUSK Vattent\u00e4t H\u00e4ngstols\u00f6verdrag - UV-skydd - 115 cm x 115 cm x 190 cm - TRUUSK - Hem, Tr\u00e4dg\u00e5rd &amp; Fritid","isPartOf":{"@id":"https:\/\/truusk.store\/sv\/#website"},"primaryImageOfPage":{"@id":"https:\/\/truusk.store\/sv\/produkt\/truusk-vattentat-hangstolsoverdrag-uv-skydd-115-cm-x-115-cm-x-190-cm\/#primaryimage"},"image":{"@id":"https:\/\/truusk.store\/sv\/produkt\/truusk-vattentat-hangstolsoverdrag-uv-skydd-115-cm-x-115-cm-x-190-cm\/#primaryimage"},"thumbnailUrl":"https:\/\/i0.wp.com\/truusk.store\/wp-content\/uploads\/2024\/02\/hangstolsoverdrag-vattentat-115-cm-x-115-cm-x-190-cm.webp?fit=800%2C800&ssl=1","datePublished":"2024-02-13T23:18:14+00:00","dateModified":"2026-03-12T08:12:42+00:00","breadcrumb":{"@id":"https:\/\/truusk.store\/sv\/produkt\/truusk-vattentat-hangstolsoverdrag-uv-skydd-115-cm-x-115-cm-x-190-cm\/#breadcrumb"},"inLanguage":"sv-SE","potentialAction":[{"@type":"ReadAction","target":["https:\/\/truusk.store\/sv\/produkt\/truusk-vattentat-hangstolsoverdrag-uv-skydd-115-cm-x-115-cm-x-190-cm\/"]}]},{"@type":"ImageObject","inLanguage":"sv-SE","@id":"https:\/\/truusk.store\/sv\/produkt\/truusk-vattentat-hangstolsoverdrag-uv-skydd-115-cm-x-115-cm-x-190-cm\/#primaryimage","url":"https:\/\/i0.wp.com\/truusk.store\/wp-content\/uploads\/2024\/02\/hangstolsoverdrag-vattentat-115-cm-x-115-cm-x-190-cm.webp?fit=800%2C800&ssl=1","contentUrl":"https:\/\/i0.wp.com\/truusk.store\/wp-content\/uploads\/2024\/02\/hangstolsoverdrag-vattentat-115-cm-x-115-cm-x-190-cm.webp?fit=800%2C800&ssl=1","width":800,"height":800,"caption":"H\u00e4ngstols\u00f6verdrag Vattent\u00e4t 115 Cm X 115 Cm X 190 Cm 1"},{"@type":"BreadcrumbList","@id":"https:\/\/truusk.store\/sv\/produkt\/truusk-vattentat-hangstolsoverdrag-uv-skydd-115-cm-x-115-cm-x-190-cm\/#breadcrumb","itemListElement":[{"@type":"ListItem","position":1,"name":"Home","item":"https:\/\/truusk.store\/sv\/"},{"@type":"ListItem","position":2,"name":"Shop","item":"https:\/\/truusk.store\/shop\/"},{"@type":"ListItem","position":3,"name":"TRUUSK Vattent\u00e4t H\u00e4ngstols\u00f6verdrag &#8211; UV-skydd &#8211; 115 cm x 115 cm x 190 cm"}]},{"@type":"WebSite","@id":"https:\/\/truusk.store\/sv\/#website","url":"https:\/\/truusk.store\/sv\/","name":"TRUUSK - Hem, Tr\u00e4dg\u00e5rd & Fritid","description":"","publisher":{"@id":"https:\/\/truusk.store\/sv\/#organization"},"potentialAction":[{"@type":"SearchAction","target":{"@type":"EntryPoint","urlTemplate":"https:\/\/truusk.store\/sv\/?s={search_term_string}"},"query-input":{"@type":"PropertyValueSpecification","valueRequired":true,"valueName":"search_term_string"}}],"inLanguage":"sv-SE"},{"@type":"Organization","@id":"https:\/\/truusk.store\/sv\/#organization","name":"TRUUSK - Hem, Tr\u00e4dg\u00e5rd & Fritid","url":"https:\/\/truusk.store\/sv\/","logo":{"@type":"ImageObject","inLanguage":"sv-SE","@id":"https:\/\/truusk.store\/sv\/#\/schema\/logo\/image\/","url":"https:\/\/i0.wp.com\/truusk.store\/wp-content\/uploads\/2026\/03\/cropped-TRUUSK.png?fit=2032%2C917&ssl=1","contentUrl":"https:\/\/i0.wp.com\/truusk.store\/wp-content\/uploads\/2026\/03\/cropped-TRUUSK.png?fit=2032%2C917&ssl=1","width":2032,"height":917,"caption":"TRUUSK - Hem, Tr\u00e4dg\u00e5rd & Fritid"},"image":{"@id":"https:\/\/truusk.store\/sv\/#\/schema\/logo\/image\/"}}]}},"jetpack_sharing_enabled":true,"_links":{"self":[{"href":"https:\/\/truusk.store\/sv\/wp-json\/wp\/v2\/product\/36555","targetHints":{"allow":["GET"]}}],"collection":[{"href":"https:\/\/truusk.store\/sv\/wp-json\/wp\/v2\/product"}],"about":[{"href":"https:\/\/truusk.store\/sv\/wp-json\/wp\/v2\/types\/product"}],"wp:featuredmedia":[{"embeddable":true,"href":"https:\/\/truusk.store\/sv\/wp-json\/wp\/v2\/media\/36556"}],"wp:attachment":[{"href":"https:\/\/truusk.store\/sv\/wp-json\/wp\/v2\/media?parent=36555"}],"wp:term":[{"taxonomy":"product_brand","embeddable":true,"href":"https:\/\/truusk.store\/sv\/wp-json\/wp\/v2\/product_brand?post=36555"},{"taxonomy":"product_cat","embeddable":true,"href":"https:\/\/truusk.store\/sv\/wp-json\/wp\/v2\/product_cat?post=36555"},{"taxonomy":"product_tag","embeddable":true,"href":"https:\/\/truusk.store\/sv\/wp-json\/wp\/v2\/product_tag?post=36555"}],"curies":[{"name":"wp","href":"https:\/\/api.w.org\/{rel}","templated":true}]}}