{"id":36567,"date":"2024-02-14T00:18:34","date_gmt":"2024-02-13T23:18:34","guid":{"rendered":"https:\/\/truusk.store\/product\/hopfallbar-stolset-om-2-hopfallbar-solstol-vaderbestandig-5-vags-justerbart-ryggstod-metallram-svart\/"},"modified":"2026-03-12T09:12:42","modified_gmt":"2026-03-12T08:12:42","slug":"truusk-hopfallbar-solstolset-vaderbestandig-5-vags-justerbart-ryggstod-metallram-svart","status":"publish","type":"product","link":"https:\/\/truusk.store\/sv\/produkt\/truusk-hopfallbar-solstolset-vaderbestandig-5-vags-justerbart-ryggstod-metallram-svart\/","title":{"rendered":"TRUUSK Hopf\u00e4llbar Solstolset &#8211; V\u00e4derbest\u00e4ndig &#8211; 5-v\u00e4gs Justerbart Ryggst\u00f6d &#8211; Metallram &#8211; Svart"},"content":{"rendered":"<p>Koppla av n\u00e4r som helst, var som helst med detta set med tv\u00e5 solstolar! Perfekt f\u00f6r att njuta av naturen i s\u00e4llskap. Ryggst\u00f6den \u00e4r justerbara i fem l\u00e4gen, s\u00e5 att du kan slappna av som du vill. De v\u00e4derbest\u00e4ndiga tygs\u00e4tena andas och har ett vadderat nackst\u00f6d f\u00f6r extra komfort och st\u00f6d. Tack vare den hopf\u00e4llbara designen kan du enkelt ta med dig dessa tr\u00e4dg\u00e5rdsstolar \u00f6verallt.<\/p>\n<h3>Beskrivning:<\/h3>\n<ul>\n<li>Justerbart ryggst\u00f6d med fem olika l\u00e4gen f\u00f6r individuell komfort<\/li>\n<li>Vikbar design f\u00f6r enkel transport och platsbesparande f\u00f6rvaring<\/li>\n<li>Pulverlackerad st\u00e5lram f\u00f6r h\u00f6g stabilitet<\/li>\n<li>V\u00e4derbest\u00e4ndigt tyg\u00f6verdrag p\u00e5 s\u00e4tet med vadderat nackst\u00f6d f\u00f6r extra komfort<\/li>\n<li>Ingen montering kr\u00e4vs<\/li>\n<\/ul>\n<h3>Teknisk data:<\/h3>\n<ul>\n<li>Svart f\u00e4rg<\/li>\n<li>Material: Oxford, Mesh, St\u00e5l<\/li>\n<li>\u00d6vergripande m\u00e5tt (st\u00e5ende): 62W x 70D x 109H cm<\/li>\n<li>Vikta m\u00e5tt: 99L x 62W x 10H cm<\/li>\n<li>Sittm\u00e5tt: 47W x 41D x 43H cm<\/li>\n<li>Ryggst\u00f6dsm\u00e5tt: 72L x 47H cm<\/li>\n<li>Lastkapacitet: 120 kg<\/li>\n<\/ul>\n<h3>Leveransens omfattning:<\/h3>\n<ul>\n<li>2 x hopf\u00e4llbara stolar<\/li>\n<li>1 x Instruktioner<\/li>\n<\/ul>\n","protected":false},"excerpt":{"rendered":"<p>Koppla av n\u00e4r som helst, var som helst med detta set med tv\u00e5 solstolar! Perfekt f\u00f6r att njuta av naturen&#8230;<\/p>\n","protected":false},"featured_media":36568,"template":"","meta":[],"product_brand":[],"product_cat":[435,450,452],"product_tag":[],"class_list":{"0":"post-36567","1":"product","2":"type-product","3":"status-publish","4":"has-post-thumbnail","6":"product_cat-tradgard-och-terrass","7":"product_cat-tradgardsmobler","8":"product_cat-tradgardsstolar","10":"first","11":"instock","12":"sale","13":"taxable","14":"shipping-taxable","15":"purchasable","16":"product-type-simple"},"yoast_head":"<!-- This site is optimized with the Yoast SEO plugin v25.4 - https:\/\/yoast.com\/wordpress\/plugins\/seo\/ -->\n<title>TRUUSK Hopf\u00e4llbar Solstolset - V\u00e4derbest\u00e4ndig - 5-v\u00e4gs Justerbart Ryggst\u00f6d - Metallram - Svart - TRUUSK - Hem, Tr\u00e4dg\u00e5rd &amp; Fritid<\/title>\n<meta name=\"robots\" content=\"index, follow, max-snippet:-1, max-image-preview:large, max-video-preview:-1\" \/>\n<link rel=\"canonical\" href=\"https:\/\/truusk.store\/sv\/produkt\/truusk-hopfallbar-solstolset-vaderbestandig-5-vags-justerbart-ryggstod-metallram-svart\/\" \/>\n<meta property=\"og:locale\" content=\"sv_SE\" \/>\n<meta property=\"og:type\" content=\"article\" \/>\n<meta property=\"og:title\" content=\"TRUUSK Hopf\u00e4llbar Solstolset - V\u00e4derbest\u00e4ndig - 5-v\u00e4gs Justerbart Ryggst\u00f6d - Metallram - Svart - TRUUSK - Hem, Tr\u00e4dg\u00e5rd &amp; Fritid\" \/>\n<meta property=\"og:description\" content=\"Koppla av n\u00e4r som helst, var som helst med detta set med tv\u00e5 solstolar! Perfekt f\u00f6r att njuta av naturen...\" \/>\n<meta property=\"og:url\" content=\"https:\/\/truusk.store\/sv\/produkt\/truusk-hopfallbar-solstolset-vaderbestandig-5-vags-justerbart-ryggstod-metallram-svart\/\" \/>\n<meta property=\"og:site_name\" content=\"TRUUSK - Hem, Tr\u00e4dg\u00e5rd &amp; Fritid\" \/>\n<meta property=\"article:modified_time\" content=\"2026-03-12T08:12:42+00:00\" \/>\n<meta property=\"og:image\" content=\"https:\/\/i0.wp.com\/truusk.se\/wp-content\/uploads\/2024\/02\/hopfallbar-stolset-om-2-hopfallbar-solstol-vaderbestandig-5-vags-justerbart-ryggstod-metallram-svart.webp?fit=800%2C800&ssl=1\" \/>\n\t<meta property=\"og:image:width\" content=\"800\" \/>\n\t<meta property=\"og:image:height\" content=\"800\" \/>\n\t<meta property=\"og:image:type\" content=\"image\/webp\" \/>\n<meta name=\"twitter:card\" content=\"summary_large_image\" \/>\n<meta name=\"twitter:label1\" content=\"Ber\u00e4knad l\u00e4stid\" \/>\n\t<meta name=\"twitter:data1\" content=\"1 minut\" \/>\n<!-- \/ Yoast SEO plugin. -->","yoast_head_json":{"title":"TRUUSK Hopf\u00e4llbar Solstolset - V\u00e4derbest\u00e4ndig - 5-v\u00e4gs Justerbart Ryggst\u00f6d - Metallram - Svart - TRUUSK - Hem, Tr\u00e4dg\u00e5rd &amp; Fritid","robots":{"index":"index","follow":"follow","max-snippet":"max-snippet:-1","max-image-preview":"max-image-preview:large","max-video-preview":"max-video-preview:-1"},"canonical":"https:\/\/truusk.store\/sv\/produkt\/truusk-hopfallbar-solstolset-vaderbestandig-5-vags-justerbart-ryggstod-metallram-svart\/","og_locale":"sv_SE","og_type":"article","og_title":"TRUUSK Hopf\u00e4llbar Solstolset - V\u00e4derbest\u00e4ndig - 5-v\u00e4gs Justerbart Ryggst\u00f6d - Metallram - Svart - TRUUSK - Hem, Tr\u00e4dg\u00e5rd &amp; Fritid","og_description":"Koppla av n\u00e4r som helst, var som helst med detta set med tv\u00e5 solstolar! Perfekt f\u00f6r att njuta av naturen...","og_url":"https:\/\/truusk.store\/sv\/produkt\/truusk-hopfallbar-solstolset-vaderbestandig-5-vags-justerbart-ryggstod-metallram-svart\/","og_site_name":"TRUUSK - Hem, Tr\u00e4dg\u00e5rd &amp; Fritid","article_modified_time":"2026-03-12T08:12:42+00:00","og_image":[{"width":800,"height":800,"url":"https:\/\/i0.wp.com\/truusk.se\/wp-content\/uploads\/2024\/02\/hopfallbar-stolset-om-2-hopfallbar-solstol-vaderbestandig-5-vags-justerbart-ryggstod-metallram-svart.webp?fit=800%2C800&ssl=1","type":"image\/webp"}],"twitter_card":"summary_large_image","twitter_misc":{"Ber\u00e4knad l\u00e4stid":"1 minut"},"schema":{"@context":"https:\/\/schema.org","@graph":[{"@type":"WebPage","@id":"https:\/\/truusk.store\/sv\/produkt\/truusk-hopfallbar-solstolset-vaderbestandig-5-vags-justerbart-ryggstod-metallram-svart\/","url":"https:\/\/truusk.store\/sv\/produkt\/truusk-hopfallbar-solstolset-vaderbestandig-5-vags-justerbart-ryggstod-metallram-svart\/","name":"TRUUSK Hopf\u00e4llbar Solstolset - V\u00e4derbest\u00e4ndig - 5-v\u00e4gs Justerbart Ryggst\u00f6d - Metallram - Svart - TRUUSK - Hem, Tr\u00e4dg\u00e5rd &amp; Fritid","isPartOf":{"@id":"https:\/\/truusk.store\/sv\/#website"},"primaryImageOfPage":{"@id":"https:\/\/truusk.store\/sv\/produkt\/truusk-hopfallbar-solstolset-vaderbestandig-5-vags-justerbart-ryggstod-metallram-svart\/#primaryimage"},"image":{"@id":"https:\/\/truusk.store\/sv\/produkt\/truusk-hopfallbar-solstolset-vaderbestandig-5-vags-justerbart-ryggstod-metallram-svart\/#primaryimage"},"thumbnailUrl":"https:\/\/i0.wp.com\/truusk.store\/wp-content\/uploads\/2024\/02\/hopfallbar-stolset-om-2-hopfallbar-solstol-vaderbestandig-5-vags-justerbart-ryggstod-metallram-svart.webp?fit=800%2C800&ssl=1","datePublished":"2024-02-13T23:18:34+00:00","dateModified":"2026-03-12T08:12:42+00:00","breadcrumb":{"@id":"https:\/\/truusk.store\/sv\/produkt\/truusk-hopfallbar-solstolset-vaderbestandig-5-vags-justerbart-ryggstod-metallram-svart\/#breadcrumb"},"inLanguage":"sv-SE","potentialAction":[{"@type":"ReadAction","target":["https:\/\/truusk.store\/sv\/produkt\/truusk-hopfallbar-solstolset-vaderbestandig-5-vags-justerbart-ryggstod-metallram-svart\/"]}]},{"@type":"ImageObject","inLanguage":"sv-SE","@id":"https:\/\/truusk.store\/sv\/produkt\/truusk-hopfallbar-solstolset-vaderbestandig-5-vags-justerbart-ryggstod-metallram-svart\/#primaryimage","url":"https:\/\/i0.wp.com\/truusk.store\/wp-content\/uploads\/2024\/02\/hopfallbar-stolset-om-2-hopfallbar-solstol-vaderbestandig-5-vags-justerbart-ryggstod-metallram-svart.webp?fit=800%2C800&ssl=1","contentUrl":"https:\/\/i0.wp.com\/truusk.store\/wp-content\/uploads\/2024\/02\/hopfallbar-stolset-om-2-hopfallbar-solstol-vaderbestandig-5-vags-justerbart-ryggstod-metallram-svart.webp?fit=800%2C800&ssl=1","width":800,"height":800,"caption":"Hopf\u00e4llbar Stolset Om 2, Hopf\u00e4llbar Solstol, V\u00e4derbest\u00e4ndig, 5-v\u00e4gs Justerbart Ryggst\u00f6d, Metallram, Svart 1"},{"@type":"BreadcrumbList","@id":"https:\/\/truusk.store\/sv\/produkt\/truusk-hopfallbar-solstolset-vaderbestandig-5-vags-justerbart-ryggstod-metallram-svart\/#breadcrumb","itemListElement":[{"@type":"ListItem","position":1,"name":"Home","item":"https:\/\/truusk.store\/sv\/"},{"@type":"ListItem","position":2,"name":"Shop","item":"https:\/\/truusk.store\/shop\/"},{"@type":"ListItem","position":3,"name":"TRUUSK Hopf\u00e4llbar Solstolset &#8211; V\u00e4derbest\u00e4ndig &#8211; 5-v\u00e4gs Justerbart Ryggst\u00f6d &#8211; Metallram &#8211; Svart"}]},{"@type":"WebSite","@id":"https:\/\/truusk.store\/sv\/#website","url":"https:\/\/truusk.store\/sv\/","name":"TRUUSK - Hem, Tr\u00e4dg\u00e5rd & Fritid","description":"","publisher":{"@id":"https:\/\/truusk.store\/sv\/#organization"},"potentialAction":[{"@type":"SearchAction","target":{"@type":"EntryPoint","urlTemplate":"https:\/\/truusk.store\/sv\/?s={search_term_string}"},"query-input":{"@type":"PropertyValueSpecification","valueRequired":true,"valueName":"search_term_string"}}],"inLanguage":"sv-SE"},{"@type":"Organization","@id":"https:\/\/truusk.store\/sv\/#organization","name":"TRUUSK - Hem, Tr\u00e4dg\u00e5rd & Fritid","url":"https:\/\/truusk.store\/sv\/","logo":{"@type":"ImageObject","inLanguage":"sv-SE","@id":"https:\/\/truusk.store\/sv\/#\/schema\/logo\/image\/","url":"https:\/\/i0.wp.com\/truusk.store\/wp-content\/uploads\/2026\/03\/cropped-TRUUSK.png?fit=2032%2C917&ssl=1","contentUrl":"https:\/\/i0.wp.com\/truusk.store\/wp-content\/uploads\/2026\/03\/cropped-TRUUSK.png?fit=2032%2C917&ssl=1","width":2032,"height":917,"caption":"TRUUSK - Hem, Tr\u00e4dg\u00e5rd & Fritid"},"image":{"@id":"https:\/\/truusk.store\/sv\/#\/schema\/logo\/image\/"}}]}},"jetpack_sharing_enabled":true,"_links":{"self":[{"href":"https:\/\/truusk.store\/sv\/wp-json\/wp\/v2\/product\/36567","targetHints":{"allow":["GET"]}}],"collection":[{"href":"https:\/\/truusk.store\/sv\/wp-json\/wp\/v2\/product"}],"about":[{"href":"https:\/\/truusk.store\/sv\/wp-json\/wp\/v2\/types\/product"}],"wp:featuredmedia":[{"embeddable":true,"href":"https:\/\/truusk.store\/sv\/wp-json\/wp\/v2\/media\/36568"}],"wp:attachment":[{"href":"https:\/\/truusk.store\/sv\/wp-json\/wp\/v2\/media?parent=36567"}],"wp:term":[{"taxonomy":"product_brand","embeddable":true,"href":"https:\/\/truusk.store\/sv\/wp-json\/wp\/v2\/product_brand?post=36567"},{"taxonomy":"product_cat","embeddable":true,"href":"https:\/\/truusk.store\/sv\/wp-json\/wp\/v2\/product_cat?post=36567"},{"taxonomy":"product_tag","embeddable":true,"href":"https:\/\/truusk.store\/sv\/wp-json\/wp\/v2\/product_tag?post=36567"}],"curies":[{"name":"wp","href":"https:\/\/api.w.org\/{rel}","templated":true}]}}