{"id":36624,"date":"2024-02-14T00:20:24","date_gmt":"2024-02-13T23:20:24","guid":{"rendered":"https:\/\/truusk.store\/product\/2-sits-hollywood-gunga-tradgardsgunga-med-soltakkudde-bricka-metall-polyester-beige-162-x-118-x-173-cm\/"},"modified":"2026-03-12T09:12:43","modified_gmt":"2026-03-12T08:12:43","slug":"truusk-hollywood-gunga-for-tradgard-tva-sittplatser-soltak-kudde-bricka-metallram-polyesterkladsel-beige","status":"publish","type":"product","link":"https:\/\/truusk.store\/sv\/produkt\/truusk-hollywood-gunga-for-tradgard-tva-sittplatser-soltak-kudde-bricka-metallram-polyesterkladsel-beige\/","title":{"rendered":"TRUUSK Hollywood Gunga f\u00f6r Tr\u00e4dg\u00e5rd &#8211; Tv\u00e5 Sittplatser &#8211; Soltak &#8211; Kudde &#8211; Bricka &#8211; Metallram &#8211; Polyesterkl\u00e4dsel &#8211; Beige &#8211;"},"content":{"rendered":"<p>\u00c4t frukost p\u00e5 terrassen, njut av solen, sitt i friska luften med v\u00e4nner och familj: med v\u00e5r verandagunga kan du sitta bekv\u00e4mt i alla situationer. Denna m\u00f6bel i en elegant f\u00e4rgkombination rymmer upp till tre personer. Den 8 cm tjocka stoppningen s\u00e4kerst\u00e4ller en speciell sittkomfort och det finns en kompakt hylla p\u00e5 b\u00e5da sidor av tr\u00e4dg\u00e5rdsgungan som s\u00e4kert rymmer snacks, kalla drycker och en god bok.<\/p>\n<h3>Beskrivning:<\/h3>\n<ul>\n<li>Hollywood-gunga i smakfull design f\u00f6r upp till 3 personer<\/li>\n<li>L\u00e4mplig f\u00f6r utomhusomr\u00e5den som tr\u00e4dg\u00e5rdar, terrasser eller balkonger<\/li>\n<li>Stabil och stabil konstruktion av pulverlackerad metall<\/li>\n<li>UV-best\u00e4ndigt tak av slitstark polyester<\/li>\n<li>Sits och ryggst\u00f6d \u00e4r mjuka och tjockt vadderade f\u00f6r b\u00e4sta sittkomfort<\/li>\n<li>Med 2 sidohyllor, t.ex. B. f\u00f6r drinkar eller solglas\u00f6gon<\/li>\n<li>Snabb och enkel montering<\/li>\n<\/ul>\n<h3>Teknisk data:<\/h3>\n<ul>\n<li>Material: metall, polyester<\/li>\n<li>F\u00e4rg beige<\/li>\n<li>\u00d6vergripande m\u00e5tt: 162L x 118W x 173H cm<\/li>\n<li>Sittyta: 110W x 55H cm<\/li>\n<li>Stopptjocklek: 8 cm<\/li>\n<li>Max lastkapacitet: 220 kg<\/li>\n<\/ul>\n<h3>Leveransens omfattning:<\/h3>\n<ul>\n<li>1 x verandagunga<\/li>\n<li>1 x Monteringsanvisning<\/li>\n<li>VIKTIGT: Vi levererar varan till trottoarkanten utan kostnad. Se till att du anger r\u00e4tt adress och telefonnummer.<\/li>\n<\/ul>\n","protected":false},"excerpt":{"rendered":"<p>\u00c4t frukost p\u00e5 terrassen, njut av solen, sitt i friska luften med v\u00e4nner och familj: med v\u00e5r verandagunga kan du&#8230;<\/p>\n","protected":false},"featured_media":36625,"template":"","meta":[],"product_brand":[],"product_cat":[453,435,450],"product_tag":[],"class_list":{"0":"post-36624","1":"product","2":"type-product","3":"status-publish","4":"has-post-thumbnail","6":"product_cat-hollywood-gungor","7":"product_cat-tradgard-och-terrass","8":"product_cat-tradgardsmobler","10":"first","11":"instock","12":"sale","13":"taxable","14":"shipping-taxable","15":"purchasable","16":"product-type-simple"},"yoast_head":"<!-- This site is optimized with the Yoast SEO plugin v25.4 - https:\/\/yoast.com\/wordpress\/plugins\/seo\/ -->\n<title>TRUUSK Hollywood Gunga f\u00f6r Tr\u00e4dg\u00e5rd - Tv\u00e5 Sittplatser - Soltak - Kudde - Bricka - Metallram - Polyesterkl\u00e4dsel - Beige - TRUUSK - Hem, Tr\u00e4dg\u00e5rd &amp; Fritid<\/title>\n<meta name=\"robots\" content=\"index, follow, max-snippet:-1, max-image-preview:large, max-video-preview:-1\" \/>\n<link rel=\"canonical\" href=\"https:\/\/truusk.store\/sv\/produkt\/truusk-hollywood-gunga-for-tradgard-tva-sittplatser-soltak-kudde-bricka-metallram-polyesterkladsel-beige\/\" \/>\n<meta property=\"og:locale\" content=\"sv_SE\" \/>\n<meta property=\"og:type\" content=\"article\" \/>\n<meta property=\"og:title\" content=\"TRUUSK Hollywood Gunga f\u00f6r Tr\u00e4dg\u00e5rd - Tv\u00e5 Sittplatser - Soltak - Kudde - Bricka - Metallram - Polyesterkl\u00e4dsel - Beige - TRUUSK - Hem, Tr\u00e4dg\u00e5rd &amp; Fritid\" \/>\n<meta property=\"og:description\" content=\"\u00c4t frukost p\u00e5 terrassen, njut av solen, sitt i friska luften med v\u00e4nner och familj: med v\u00e5r verandagunga kan du...\" \/>\n<meta property=\"og:url\" content=\"https:\/\/truusk.store\/sv\/produkt\/truusk-hollywood-gunga-for-tradgard-tva-sittplatser-soltak-kudde-bricka-metallram-polyesterkladsel-beige\/\" \/>\n<meta property=\"og:site_name\" content=\"TRUUSK - Hem, Tr\u00e4dg\u00e5rd &amp; Fritid\" \/>\n<meta property=\"article:modified_time\" content=\"2026-03-12T08:12:43+00:00\" \/>\n<meta property=\"og:image\" content=\"https:\/\/i0.wp.com\/truusk.se\/wp-content\/uploads\/2024\/02\/2-sits-hollywood-gunga-tradgardsgunga-med-soltakkudde-bricka-metall-polyester-beige-162-x-118-x-173-cm.webp?fit=800%2C800&ssl=1\" \/>\n\t<meta property=\"og:image:width\" content=\"800\" \/>\n\t<meta property=\"og:image:height\" content=\"800\" \/>\n\t<meta property=\"og:image:type\" content=\"image\/webp\" \/>\n<meta name=\"twitter:card\" content=\"summary_large_image\" \/>\n<meta name=\"twitter:label1\" content=\"Ber\u00e4knad l\u00e4stid\" \/>\n\t<meta name=\"twitter:data1\" content=\"1 minut\" \/>\n<!-- \/ Yoast SEO plugin. -->","yoast_head_json":{"title":"TRUUSK Hollywood Gunga f\u00f6r Tr\u00e4dg\u00e5rd - Tv\u00e5 Sittplatser - Soltak - Kudde - Bricka - Metallram - Polyesterkl\u00e4dsel - Beige - TRUUSK - Hem, Tr\u00e4dg\u00e5rd &amp; Fritid","robots":{"index":"index","follow":"follow","max-snippet":"max-snippet:-1","max-image-preview":"max-image-preview:large","max-video-preview":"max-video-preview:-1"},"canonical":"https:\/\/truusk.store\/sv\/produkt\/truusk-hollywood-gunga-for-tradgard-tva-sittplatser-soltak-kudde-bricka-metallram-polyesterkladsel-beige\/","og_locale":"sv_SE","og_type":"article","og_title":"TRUUSK Hollywood Gunga f\u00f6r Tr\u00e4dg\u00e5rd - Tv\u00e5 Sittplatser - Soltak - Kudde - Bricka - Metallram - Polyesterkl\u00e4dsel - Beige - TRUUSK - Hem, Tr\u00e4dg\u00e5rd &amp; Fritid","og_description":"\u00c4t frukost p\u00e5 terrassen, njut av solen, sitt i friska luften med v\u00e4nner och familj: med v\u00e5r verandagunga kan du...","og_url":"https:\/\/truusk.store\/sv\/produkt\/truusk-hollywood-gunga-for-tradgard-tva-sittplatser-soltak-kudde-bricka-metallram-polyesterkladsel-beige\/","og_site_name":"TRUUSK - Hem, Tr\u00e4dg\u00e5rd &amp; Fritid","article_modified_time":"2026-03-12T08:12:43+00:00","og_image":[{"width":800,"height":800,"url":"https:\/\/i0.wp.com\/truusk.se\/wp-content\/uploads\/2024\/02\/2-sits-hollywood-gunga-tradgardsgunga-med-soltakkudde-bricka-metall-polyester-beige-162-x-118-x-173-cm.webp?fit=800%2C800&ssl=1","type":"image\/webp"}],"twitter_card":"summary_large_image","twitter_misc":{"Ber\u00e4knad l\u00e4stid":"1 minut"},"schema":{"@context":"https:\/\/schema.org","@graph":[{"@type":"WebPage","@id":"https:\/\/truusk.store\/sv\/produkt\/truusk-hollywood-gunga-for-tradgard-tva-sittplatser-soltak-kudde-bricka-metallram-polyesterkladsel-beige\/","url":"https:\/\/truusk.store\/sv\/produkt\/truusk-hollywood-gunga-for-tradgard-tva-sittplatser-soltak-kudde-bricka-metallram-polyesterkladsel-beige\/","name":"TRUUSK Hollywood Gunga f\u00f6r Tr\u00e4dg\u00e5rd - Tv\u00e5 Sittplatser - Soltak - Kudde - Bricka - Metallram - Polyesterkl\u00e4dsel - Beige - TRUUSK - Hem, Tr\u00e4dg\u00e5rd &amp; Fritid","isPartOf":{"@id":"https:\/\/truusk.store\/sv\/#website"},"primaryImageOfPage":{"@id":"https:\/\/truusk.store\/sv\/produkt\/truusk-hollywood-gunga-for-tradgard-tva-sittplatser-soltak-kudde-bricka-metallram-polyesterkladsel-beige\/#primaryimage"},"image":{"@id":"https:\/\/truusk.store\/sv\/produkt\/truusk-hollywood-gunga-for-tradgard-tva-sittplatser-soltak-kudde-bricka-metallram-polyesterkladsel-beige\/#primaryimage"},"thumbnailUrl":"https:\/\/i0.wp.com\/truusk.store\/wp-content\/uploads\/2024\/02\/2-sits-hollywood-gunga-tradgardsgunga-med-soltakkudde-bricka-metall-polyester-beige-162-x-118-x-173-cm.webp?fit=800%2C800&ssl=1","datePublished":"2024-02-13T23:20:24+00:00","dateModified":"2026-03-12T08:12:43+00:00","breadcrumb":{"@id":"https:\/\/truusk.store\/sv\/produkt\/truusk-hollywood-gunga-for-tradgard-tva-sittplatser-soltak-kudde-bricka-metallram-polyesterkladsel-beige\/#breadcrumb"},"inLanguage":"sv-SE","potentialAction":[{"@type":"ReadAction","target":["https:\/\/truusk.store\/sv\/produkt\/truusk-hollywood-gunga-for-tradgard-tva-sittplatser-soltak-kudde-bricka-metallram-polyesterkladsel-beige\/"]}]},{"@type":"ImageObject","inLanguage":"sv-SE","@id":"https:\/\/truusk.store\/sv\/produkt\/truusk-hollywood-gunga-for-tradgard-tva-sittplatser-soltak-kudde-bricka-metallram-polyesterkladsel-beige\/#primaryimage","url":"https:\/\/i0.wp.com\/truusk.store\/wp-content\/uploads\/2024\/02\/2-sits-hollywood-gunga-tradgardsgunga-med-soltakkudde-bricka-metall-polyester-beige-162-x-118-x-173-cm.webp?fit=800%2C800&ssl=1","contentUrl":"https:\/\/i0.wp.com\/truusk.store\/wp-content\/uploads\/2024\/02\/2-sits-hollywood-gunga-tradgardsgunga-med-soltakkudde-bricka-metall-polyester-beige-162-x-118-x-173-cm.webp?fit=800%2C800&ssl=1","width":800,"height":800,"caption":"2-sits Hollywood Gunga Tr\u00e4dg\u00e5rdsgunga Med Soltakkudde Bricka Metall Polyester Beige 162 X 118 X 173 Cm 1"},{"@type":"BreadcrumbList","@id":"https:\/\/truusk.store\/sv\/produkt\/truusk-hollywood-gunga-for-tradgard-tva-sittplatser-soltak-kudde-bricka-metallram-polyesterkladsel-beige\/#breadcrumb","itemListElement":[{"@type":"ListItem","position":1,"name":"Home","item":"https:\/\/truusk.store\/sv\/"},{"@type":"ListItem","position":2,"name":"Shop","item":"https:\/\/truusk.store\/shop\/"},{"@type":"ListItem","position":3,"name":"TRUUSK Hollywood Gunga f\u00f6r Tr\u00e4dg\u00e5rd &#8211; Tv\u00e5 Sittplatser &#8211; Soltak &#8211; Kudde &#8211; Bricka &#8211; Metallram &#8211; Polyesterkl\u00e4dsel &#8211; Beige &#8211;"}]},{"@type":"WebSite","@id":"https:\/\/truusk.store\/sv\/#website","url":"https:\/\/truusk.store\/sv\/","name":"TRUUSK - Hem, Tr\u00e4dg\u00e5rd & Fritid","description":"","publisher":{"@id":"https:\/\/truusk.store\/sv\/#organization"},"potentialAction":[{"@type":"SearchAction","target":{"@type":"EntryPoint","urlTemplate":"https:\/\/truusk.store\/sv\/?s={search_term_string}"},"query-input":{"@type":"PropertyValueSpecification","valueRequired":true,"valueName":"search_term_string"}}],"inLanguage":"sv-SE"},{"@type":"Organization","@id":"https:\/\/truusk.store\/sv\/#organization","name":"TRUUSK - Hem, Tr\u00e4dg\u00e5rd & Fritid","url":"https:\/\/truusk.store\/sv\/","logo":{"@type":"ImageObject","inLanguage":"sv-SE","@id":"https:\/\/truusk.store\/sv\/#\/schema\/logo\/image\/","url":"https:\/\/i0.wp.com\/truusk.store\/wp-content\/uploads\/2026\/03\/cropped-TRUUSK.png?fit=2032%2C917&ssl=1","contentUrl":"https:\/\/i0.wp.com\/truusk.store\/wp-content\/uploads\/2026\/03\/cropped-TRUUSK.png?fit=2032%2C917&ssl=1","width":2032,"height":917,"caption":"TRUUSK - Hem, Tr\u00e4dg\u00e5rd & Fritid"},"image":{"@id":"https:\/\/truusk.store\/sv\/#\/schema\/logo\/image\/"}}]}},"jetpack_sharing_enabled":true,"_links":{"self":[{"href":"https:\/\/truusk.store\/sv\/wp-json\/wp\/v2\/product\/36624","targetHints":{"allow":["GET"]}}],"collection":[{"href":"https:\/\/truusk.store\/sv\/wp-json\/wp\/v2\/product"}],"about":[{"href":"https:\/\/truusk.store\/sv\/wp-json\/wp\/v2\/types\/product"}],"wp:featuredmedia":[{"embeddable":true,"href":"https:\/\/truusk.store\/sv\/wp-json\/wp\/v2\/media\/36625"}],"wp:attachment":[{"href":"https:\/\/truusk.store\/sv\/wp-json\/wp\/v2\/media?parent=36624"}],"wp:term":[{"taxonomy":"product_brand","embeddable":true,"href":"https:\/\/truusk.store\/sv\/wp-json\/wp\/v2\/product_brand?post=36624"},{"taxonomy":"product_cat","embeddable":true,"href":"https:\/\/truusk.store\/sv\/wp-json\/wp\/v2\/product_cat?post=36624"},{"taxonomy":"product_tag","embeddable":true,"href":"https:\/\/truusk.store\/sv\/wp-json\/wp\/v2\/product_tag?post=36624"}],"curies":[{"name":"wp","href":"https:\/\/api.w.org\/{rel}","templated":true}]}}