{"id":36695,"date":"2024-02-14T00:22:37","date_gmt":"2024-02-13T23:22:37","guid":{"rendered":"https:\/\/truusk.store\/product\/fotbollsrebounder-vikbar-kickback-goal-bounce-wall-net-for-baseball-basket-volleyboll-justerbar-i-5-nivaer-stal-svart-128-x-118-x-108-120-cm\/"},"modified":"2026-03-12T09:12:43","modified_gmt":"2026-03-12T08:12:43","slug":"truusk-fotbollsrebounder-vikbar-kickback-goal-bounce-wall-net-justerbar-i-5-nivaer-stal-svart-128-x-118-x-108-120-cm","status":"publish","type":"product","link":"https:\/\/truusk.store\/sv\/produkt\/truusk-fotbollsrebounder-vikbar-kickback-goal-bounce-wall-net-justerbar-i-5-nivaer-stal-svart-128-x-118-x-108-120-cm\/","title":{"rendered":"TRUUSK Fotbollsrebounder &#8211; Vikbar Kickback Goal &#8211; Bounce Wall Net &#8211; Justerbar I 5 Niv\u00e5er &#8211; St\u00e5l &#8211; Svart &#8211; 128 x 118 x 108-120 cm"},"content":{"rendered":"<p>\u00d6vning ger f\u00e4rdighet: Om du vill f\u00f6rb\u00e4ttra dina bollkunskaper b\u00f6r du skaffa detta m\u00e5ngsidiga bolln\u00e4t! Ramen \u00e4r gjord av robusta pulverlackerade st\u00e5lr\u00f6r, som s\u00e4kerst\u00e4ller h\u00f6g stabilitet under tr\u00e4ning. Under anv\u00e4ndning studsar bollarna av i olika vinklar s\u00e5 att du kan tr\u00e4na dina reaktionsf\u00f6rm\u00e5ga p\u00e5 ett m\u00e5linriktat s\u00e4tt. Dess vikbara design g\u00f6r n\u00e4tet l\u00e4tt att transportera och f\u00f6rvara.<\/p>\n<h3>Beskrivning:<\/h3>\n<ul>\n<li>PE-n\u00e4t f\u00f6r alla v\u00e4der<\/li>\n<li>Stabil st\u00e5lram t\u00e5l starka stj\u00e4lkar utan anstr\u00e4ngning<\/li>\n<li>Justerbar vinkel f\u00f6r att b\u00e4ttre passa dina tr\u00e4ningsm\u00e5l<\/li>\n<li>L\u00e4tt att transportera och f\u00f6rvara tack vare den vikbara designen<\/li>\n<li>Idealisk f\u00f6r fotboll, baseboll, basket och volleybolltr\u00e4ning<\/li>\n<li>Inkluderar pinnar f\u00f6r att f\u00f6rhindra att den v\u00e4lter under anv\u00e4ndning<\/li>\n<li>Montering kr\u00e4vs<\/li>\n<\/ul>\n<h3>Teknisk data:<\/h3>\n<ul>\n<li>Svart f\u00e4rg<\/li>\n<li>Material: st\u00e5l, PE-plast, Oxford<\/li>\n<li>\u00d6vergripande m\u00e5tt: 128L x 118W x 108-120H cm<\/li>\n<li>Vikstorlek: 128L x 128W x 6,4H cm<\/li>\n<li>M\u00e5tt netto: 105L x 105W cm<\/li>\n<li>Maskstorlek: 4,5L x 4,5W cm<\/li>\n<\/ul>\n<h3>Leveransens omfattning:<\/h3>\n<ul>\n<li>1 x bolln\u00e4t<\/li>\n<li>Sill<\/li>\n<li>1 x Instruktioner<\/li>\n<\/ul>\n","protected":false},"excerpt":{"rendered":"<p>\u00d6vning ger f\u00e4rdighet: Om du vill f\u00f6rb\u00e4ttra dina bollkunskaper b\u00f6r du skaffa detta m\u00e5ngsidiga bolln\u00e4t! Ramen \u00e4r gjord av robusta&#8230;<\/p>\n","protected":false},"featured_media":36696,"template":"","meta":[],"product_brand":[],"product_cat":[669,647],"product_tag":[],"class_list":{"0":"post-36695","1":"product","2":"type-product","3":"status-publish","4":"has-post-thumbnail","6":"product_cat-bollsporter","7":"product_cat-sport-fritid","9":"first","10":"instock","11":"sale","12":"taxable","13":"shipping-taxable","14":"purchasable","15":"product-type-simple"},"yoast_head":"<!-- This site is optimized with the Yoast SEO plugin v25.4 - https:\/\/yoast.com\/wordpress\/plugins\/seo\/ -->\n<title>TRUUSK Fotbollsrebounder - Vikbar Kickback Goal - Bounce Wall Net - Justerbar I 5 Niv\u00e5er - St\u00e5l - Svart - 128 x 118 x 108-120 cm - TRUUSK - Hem, Tr\u00e4dg\u00e5rd &amp; Fritid<\/title>\n<meta name=\"robots\" content=\"index, follow, max-snippet:-1, max-image-preview:large, max-video-preview:-1\" \/>\n<link rel=\"canonical\" href=\"https:\/\/truusk.store\/sv\/produkt\/truusk-fotbollsrebounder-vikbar-kickback-goal-bounce-wall-net-justerbar-i-5-nivaer-stal-svart-128-x-118-x-108-120-cm\/\" \/>\n<meta property=\"og:locale\" content=\"sv_SE\" \/>\n<meta property=\"og:type\" content=\"article\" \/>\n<meta property=\"og:title\" content=\"TRUUSK Fotbollsrebounder - Vikbar Kickback Goal - Bounce Wall Net - Justerbar I 5 Niv\u00e5er - St\u00e5l - Svart - 128 x 118 x 108-120 cm - TRUUSK - Hem, Tr\u00e4dg\u00e5rd &amp; Fritid\" \/>\n<meta property=\"og:description\" content=\"\u00d6vning ger f\u00e4rdighet: Om du vill f\u00f6rb\u00e4ttra dina bollkunskaper b\u00f6r du skaffa detta m\u00e5ngsidiga bolln\u00e4t! Ramen \u00e4r gjord av robusta...\" \/>\n<meta property=\"og:url\" content=\"https:\/\/truusk.store\/sv\/produkt\/truusk-fotbollsrebounder-vikbar-kickback-goal-bounce-wall-net-justerbar-i-5-nivaer-stal-svart-128-x-118-x-108-120-cm\/\" \/>\n<meta property=\"og:site_name\" content=\"TRUUSK - Hem, Tr\u00e4dg\u00e5rd &amp; Fritid\" \/>\n<meta property=\"article:modified_time\" content=\"2026-03-12T08:12:43+00:00\" \/>\n<meta property=\"og:image\" content=\"https:\/\/i0.wp.com\/truusk.se\/wp-content\/uploads\/2024\/02\/fotbollsrebounder-vikbar-kickback-goal-bounce-wall-net-for-baseball-basket-volleyboll-justerbar-i-5-nivaer-stal-svart-128-x-118-x-108-120-cm.webp?fit=800%2C800&ssl=1\" \/>\n\t<meta property=\"og:image:width\" content=\"800\" \/>\n\t<meta property=\"og:image:height\" content=\"800\" \/>\n\t<meta property=\"og:image:type\" content=\"image\/webp\" \/>\n<meta name=\"twitter:card\" content=\"summary_large_image\" \/>\n<meta name=\"twitter:label1\" content=\"Ber\u00e4knad l\u00e4stid\" \/>\n\t<meta name=\"twitter:data1\" content=\"1 minut\" \/>\n<!-- \/ Yoast SEO plugin. -->","yoast_head_json":{"title":"TRUUSK Fotbollsrebounder - Vikbar Kickback Goal - Bounce Wall Net - Justerbar I 5 Niv\u00e5er - St\u00e5l - Svart - 128 x 118 x 108-120 cm - TRUUSK - Hem, Tr\u00e4dg\u00e5rd &amp; Fritid","robots":{"index":"index","follow":"follow","max-snippet":"max-snippet:-1","max-image-preview":"max-image-preview:large","max-video-preview":"max-video-preview:-1"},"canonical":"https:\/\/truusk.store\/sv\/produkt\/truusk-fotbollsrebounder-vikbar-kickback-goal-bounce-wall-net-justerbar-i-5-nivaer-stal-svart-128-x-118-x-108-120-cm\/","og_locale":"sv_SE","og_type":"article","og_title":"TRUUSK Fotbollsrebounder - Vikbar Kickback Goal - Bounce Wall Net - Justerbar I 5 Niv\u00e5er - St\u00e5l - Svart - 128 x 118 x 108-120 cm - TRUUSK - Hem, Tr\u00e4dg\u00e5rd &amp; Fritid","og_description":"\u00d6vning ger f\u00e4rdighet: Om du vill f\u00f6rb\u00e4ttra dina bollkunskaper b\u00f6r du skaffa detta m\u00e5ngsidiga bolln\u00e4t! Ramen \u00e4r gjord av robusta...","og_url":"https:\/\/truusk.store\/sv\/produkt\/truusk-fotbollsrebounder-vikbar-kickback-goal-bounce-wall-net-justerbar-i-5-nivaer-stal-svart-128-x-118-x-108-120-cm\/","og_site_name":"TRUUSK - Hem, Tr\u00e4dg\u00e5rd &amp; Fritid","article_modified_time":"2026-03-12T08:12:43+00:00","og_image":[{"width":800,"height":800,"url":"https:\/\/i0.wp.com\/truusk.se\/wp-content\/uploads\/2024\/02\/fotbollsrebounder-vikbar-kickback-goal-bounce-wall-net-for-baseball-basket-volleyboll-justerbar-i-5-nivaer-stal-svart-128-x-118-x-108-120-cm.webp?fit=800%2C800&ssl=1","type":"image\/webp"}],"twitter_card":"summary_large_image","twitter_misc":{"Ber\u00e4knad l\u00e4stid":"1 minut"},"schema":{"@context":"https:\/\/schema.org","@graph":[{"@type":"WebPage","@id":"https:\/\/truusk.store\/sv\/produkt\/truusk-fotbollsrebounder-vikbar-kickback-goal-bounce-wall-net-justerbar-i-5-nivaer-stal-svart-128-x-118-x-108-120-cm\/","url":"https:\/\/truusk.store\/sv\/produkt\/truusk-fotbollsrebounder-vikbar-kickback-goal-bounce-wall-net-justerbar-i-5-nivaer-stal-svart-128-x-118-x-108-120-cm\/","name":"TRUUSK Fotbollsrebounder - Vikbar Kickback Goal - Bounce Wall Net - Justerbar I 5 Niv\u00e5er - St\u00e5l - Svart - 128 x 118 x 108-120 cm - TRUUSK - Hem, Tr\u00e4dg\u00e5rd &amp; Fritid","isPartOf":{"@id":"https:\/\/truusk.store\/sv\/#website"},"primaryImageOfPage":{"@id":"https:\/\/truusk.store\/sv\/produkt\/truusk-fotbollsrebounder-vikbar-kickback-goal-bounce-wall-net-justerbar-i-5-nivaer-stal-svart-128-x-118-x-108-120-cm\/#primaryimage"},"image":{"@id":"https:\/\/truusk.store\/sv\/produkt\/truusk-fotbollsrebounder-vikbar-kickback-goal-bounce-wall-net-justerbar-i-5-nivaer-stal-svart-128-x-118-x-108-120-cm\/#primaryimage"},"thumbnailUrl":"https:\/\/i0.wp.com\/truusk.store\/wp-content\/uploads\/2024\/02\/fotbollsrebounder-vikbar-kickback-goal-bounce-wall-net-for-baseball-basket-volleyboll-justerbar-i-5-nivaer-stal-svart-128-x-118-x-108-120-cm.webp?fit=800%2C800&ssl=1","datePublished":"2024-02-13T23:22:37+00:00","dateModified":"2026-03-12T08:12:43+00:00","breadcrumb":{"@id":"https:\/\/truusk.store\/sv\/produkt\/truusk-fotbollsrebounder-vikbar-kickback-goal-bounce-wall-net-justerbar-i-5-nivaer-stal-svart-128-x-118-x-108-120-cm\/#breadcrumb"},"inLanguage":"sv-SE","potentialAction":[{"@type":"ReadAction","target":["https:\/\/truusk.store\/sv\/produkt\/truusk-fotbollsrebounder-vikbar-kickback-goal-bounce-wall-net-justerbar-i-5-nivaer-stal-svart-128-x-118-x-108-120-cm\/"]}]},{"@type":"ImageObject","inLanguage":"sv-SE","@id":"https:\/\/truusk.store\/sv\/produkt\/truusk-fotbollsrebounder-vikbar-kickback-goal-bounce-wall-net-justerbar-i-5-nivaer-stal-svart-128-x-118-x-108-120-cm\/#primaryimage","url":"https:\/\/i0.wp.com\/truusk.store\/wp-content\/uploads\/2024\/02\/fotbollsrebounder-vikbar-kickback-goal-bounce-wall-net-for-baseball-basket-volleyboll-justerbar-i-5-nivaer-stal-svart-128-x-118-x-108-120-cm.webp?fit=800%2C800&ssl=1","contentUrl":"https:\/\/i0.wp.com\/truusk.store\/wp-content\/uploads\/2024\/02\/fotbollsrebounder-vikbar-kickback-goal-bounce-wall-net-for-baseball-basket-volleyboll-justerbar-i-5-nivaer-stal-svart-128-x-118-x-108-120-cm.webp?fit=800%2C800&ssl=1","width":800,"height":800,"caption":"Fotbollsrebounder Vikbar Kickback Goal Bounce Wall Net F\u00f6r Baseball Basket Volleyboll Justerbar I 5 Niv\u00e5er St\u00e5l Svart 128 X 118 X 108-120 Cm 1"},{"@type":"BreadcrumbList","@id":"https:\/\/truusk.store\/sv\/produkt\/truusk-fotbollsrebounder-vikbar-kickback-goal-bounce-wall-net-justerbar-i-5-nivaer-stal-svart-128-x-118-x-108-120-cm\/#breadcrumb","itemListElement":[{"@type":"ListItem","position":1,"name":"Home","item":"https:\/\/truusk.store\/sv\/"},{"@type":"ListItem","position":2,"name":"Shop","item":"https:\/\/truusk.store\/shop\/"},{"@type":"ListItem","position":3,"name":"TRUUSK Fotbollsrebounder &#8211; Vikbar Kickback Goal &#8211; Bounce Wall Net &#8211; Justerbar I 5 Niv\u00e5er &#8211; St\u00e5l &#8211; Svart &#8211; 128 x 118 x 108-120 cm"}]},{"@type":"WebSite","@id":"https:\/\/truusk.store\/sv\/#website","url":"https:\/\/truusk.store\/sv\/","name":"TRUUSK - Hem, Tr\u00e4dg\u00e5rd & Fritid","description":"","publisher":{"@id":"https:\/\/truusk.store\/sv\/#organization"},"potentialAction":[{"@type":"SearchAction","target":{"@type":"EntryPoint","urlTemplate":"https:\/\/truusk.store\/sv\/?s={search_term_string}"},"query-input":{"@type":"PropertyValueSpecification","valueRequired":true,"valueName":"search_term_string"}}],"inLanguage":"sv-SE"},{"@type":"Organization","@id":"https:\/\/truusk.store\/sv\/#organization","name":"TRUUSK - Hem, Tr\u00e4dg\u00e5rd & Fritid","url":"https:\/\/truusk.store\/sv\/","logo":{"@type":"ImageObject","inLanguage":"sv-SE","@id":"https:\/\/truusk.store\/sv\/#\/schema\/logo\/image\/","url":"https:\/\/i0.wp.com\/truusk.store\/wp-content\/uploads\/2026\/03\/cropped-TRUUSK.png?fit=2032%2C917&ssl=1","contentUrl":"https:\/\/i0.wp.com\/truusk.store\/wp-content\/uploads\/2026\/03\/cropped-TRUUSK.png?fit=2032%2C917&ssl=1","width":2032,"height":917,"caption":"TRUUSK - Hem, Tr\u00e4dg\u00e5rd & Fritid"},"image":{"@id":"https:\/\/truusk.store\/sv\/#\/schema\/logo\/image\/"}}]}},"jetpack_sharing_enabled":true,"_links":{"self":[{"href":"https:\/\/truusk.store\/sv\/wp-json\/wp\/v2\/product\/36695","targetHints":{"allow":["GET"]}}],"collection":[{"href":"https:\/\/truusk.store\/sv\/wp-json\/wp\/v2\/product"}],"about":[{"href":"https:\/\/truusk.store\/sv\/wp-json\/wp\/v2\/types\/product"}],"wp:featuredmedia":[{"embeddable":true,"href":"https:\/\/truusk.store\/sv\/wp-json\/wp\/v2\/media\/36696"}],"wp:attachment":[{"href":"https:\/\/truusk.store\/sv\/wp-json\/wp\/v2\/media?parent=36695"}],"wp:term":[{"taxonomy":"product_brand","embeddable":true,"href":"https:\/\/truusk.store\/sv\/wp-json\/wp\/v2\/product_brand?post=36695"},{"taxonomy":"product_cat","embeddable":true,"href":"https:\/\/truusk.store\/sv\/wp-json\/wp\/v2\/product_cat?post=36695"},{"taxonomy":"product_tag","embeddable":true,"href":"https:\/\/truusk.store\/sv\/wp-json\/wp\/v2\/product_tag?post=36695"}],"curies":[{"name":"wp","href":"https:\/\/api.w.org\/{rel}","templated":true}]}}